{"id":74,"date":"2014-05-02T06:36:45","date_gmt":"2014-05-02T05:36:45","guid":{"rendered":"https:\/\/www.welovecycling.com\/?page_id=74"},"modified":"2026-04-28T08:53:13","modified_gmt":"2026-04-28T08:53:13","slug":"homepage","status":"publish","type":"page","link":"https:\/\/www.welovecycling.com\/wide\/","title":{"rendered":"Homepage"},"content":{"rendered":"<p><a href=\"https:\/\/www.welovecycling.com\/wide\/letape-26\/\"><img loading=\"lazy\" decoding=\"async\" class=\"alignnone size-full wp-image-205231\" src=\"https:\/\/d2p6e6u75xmxt8.cloudfront.net\/2\/2026\/04\/LEtape26_Contest_Banner_1800x430_FR.webp\" alt=\"L'\u00c9tape\" width=\"1800\" height=\"430\" srcset=\"https:\/\/d2p6e6u75xmxt8.cloudfront.net\/2\/2026\/04\/LEtape26_Contest_Banner_1800x430_FR.webp 1800w, https:\/\/d2p6e6u75xmxt8.cloudfront.net\/2\/2026\/04\/LEtape26_Contest_Banner_1800x430_FR-300x72.webp 300w, https:\/\/d2p6e6u75xmxt8.cloudfront.net\/2\/2026\/04\/LEtape26_Contest_Banner_1800x430_FR-1024x245.webp 1024w, https:\/\/d2p6e6u75xmxt8.cloudfront.net\/2\/2026\/04\/LEtape26_Contest_Banner_1800x430_FR-768x183.webp 768w, https:\/\/d2p6e6u75xmxt8.cloudfront.net\/2\/2026\/04\/LEtape26_Contest_Banner_1800x430_FR-1536x367.webp 1536w, https:\/\/d2p6e6u75xmxt8.cloudfront.net\/2\/2026\/04\/LEtape26_Contest_Banner_1800x430_FR-400x96.webp 400w\" sizes=\"auto, (max-width: 1800px) 100vw, 1800px\" \/><\/a><\/p>\n","protected":false},"excerpt":{"rendered":"","protected":false},"author":1,"featured_media":0,"parent":0,"menu_order":-10,"comment_status":"closed","ping_status":"closed","template":"","meta":{"footnotes":""},"tags":[],"class_list":["post-74","page","type-page","status-publish","hentry"],"yoast_head":"<!-- This site is optimized with the Yoast SEO Premium plugin v25.3 (Yoast SEO v25.9) - https:\/\/yoast.com\/wordpress\/plugins\/seo\/ -->\n<title>\u0160koda We Love Cycling<\/title>\n<meta name=\"description\" content=\"WeLoveCycling.com brings you original stories, fresh videos and special reports from the wide world of cycling. \u0160koda We Love Cycling, brought to you by \u0160koda Auto.\" \/>\n<meta name=\"robots\" content=\"index, follow, max-snippet:-1, max-image-preview:large, max-video-preview:-1\" \/>\n<link rel=\"canonical\" href=\"https:\/\/www.welovecycling.com\/wide\/\" \/>\n<meta property=\"og:locale\" content=\"en_US\" \/>\n<meta property=\"og:type\" content=\"article\" \/>\n<meta property=\"og:title\" content=\"Homepage\" \/>\n<meta property=\"og:description\" content=\"WeLoveCycling.com brings you original stories, fresh videos and special reports from the wide world of cycling. \u0160koda We Love Cycling, brought to you by \u0160koda Auto.\" \/>\n<meta property=\"og:url\" content=\"https:\/\/www.welovecycling.com\/wide\/\" \/>\n<meta property=\"og:site_name\" content=\"\u0160koda We Love Cycling\" \/>\n<meta property=\"article:modified_time\" content=\"2026-04-28T08:53:13+00:00\" \/>\n<meta property=\"og:image\" content=\"https:\/\/d2p6e6u75xmxt8.cloudfront.net\/2\/2026\/04\/LEtape26_Contest_Banner_1800x430_FR.webp\" \/>\n\t<meta property=\"og:image:width\" content=\"1800\" \/>\n\t<meta property=\"og:image:height\" content=\"430\" \/>\n\t<meta property=\"og:image:type\" content=\"image\/webp\" \/>\n<meta name=\"twitter:card\" content=\"summary_large_image\" \/>\n<script type=\"application\/ld+json\" class=\"yoast-schema-graph\">{\"@context\":\"https:\/\/schema.org\",\"@graph\":[{\"@type\":\"WebPage\",\"@id\":\"https:\/\/www.welovecycling.com\/wide\/\",\"url\":\"https:\/\/www.welovecycling.com\/wide\/\",\"name\":\"\u0160koda We Love Cycling\",\"isPartOf\":{\"@id\":\"https:\/\/www.welovecycling.com\/wide\/#website\"},\"primaryImageOfPage\":{\"@id\":\"https:\/\/www.welovecycling.com\/wide\/#primaryimage\"},\"image\":{\"@id\":\"https:\/\/www.welovecycling.com\/wide\/#primaryimage\"},\"thumbnailUrl\":\"https:\/\/d2p6e6u75xmxt8.cloudfront.net\/2\/2026\/04\/LEtape26_Contest_Banner_1800x430_FR.webp\",\"datePublished\":\"2014-05-02T05:36:45+00:00\",\"dateModified\":\"2026-04-28T08:53:13+00:00\",\"description\":\"WeLoveCycling.com brings you original stories, fresh videos and special reports from the wide world of cycling. \u0160koda We Love Cycling, brought to you by \u0160koda Auto.\",\"breadcrumb\":{\"@id\":\"https:\/\/www.welovecycling.com\/wide\/#breadcrumb\"},\"inLanguage\":\"en-US\",\"potentialAction\":[{\"@type\":\"ReadAction\",\"target\":[\"https:\/\/www.welovecycling.com\/wide\/\"]}]},{\"@type\":\"ImageObject\",\"inLanguage\":\"en-US\",\"@id\":\"https:\/\/www.welovecycling.com\/wide\/#primaryimage\",\"url\":\"https:\/\/d2p6e6u75xmxt8.cloudfront.net\/2\/2026\/04\/LEtape26_Contest_Banner_1800x430_FR.webp\",\"contentUrl\":\"https:\/\/d2p6e6u75xmxt8.cloudfront.net\/2\/2026\/04\/LEtape26_Contest_Banner_1800x430_FR.webp\"},{\"@type\":\"BreadcrumbList\",\"@id\":\"https:\/\/www.welovecycling.com\/wide\/#breadcrumb\",\"itemListElement\":[{\"@type\":\"ListItem\",\"position\":1,\"name\":\"Home\",\"item\":\"https:\/\/www.welovecycling.com\/wide\/\"},{\"@type\":\"ListItem\",\"position\":2,\"name\":\"Homepage\"}]},{\"@type\":\"WebSite\",\"@id\":\"https:\/\/www.welovecycling.com\/wide\/#website\",\"url\":\"https:\/\/www.welovecycling.com\/wide\/\",\"name\":\"\u0160koda We Love Cycling\",\"description\":\"\u0160koda We Love Cycling magazine\",\"alternateName\":\"\u0160koda WLC\",\"potentialAction\":[{\"@type\":\"SearchAction\",\"target\":{\"@type\":\"EntryPoint\",\"urlTemplate\":\"https:\/\/www.welovecycling.com\/wide\/?s={search_term_string}\"},\"query-input\":{\"@type\":\"PropertyValueSpecification\",\"valueRequired\":true,\"valueName\":\"search_term_string\"}}],\"inLanguage\":\"en-US\"}]}<\/script>\n<!-- \/ Yoast SEO Premium plugin. -->","yoast_head_json":{"title":"\u0160koda We Love Cycling","description":"WeLoveCycling.com brings you original stories, fresh videos and special reports from the wide world of cycling. \u0160koda We Love Cycling, brought to you by \u0160koda Auto.","robots":{"index":"index","follow":"follow","max-snippet":"max-snippet:-1","max-image-preview":"max-image-preview:large","max-video-preview":"max-video-preview:-1"},"canonical":"https:\/\/www.welovecycling.com\/wide\/","og_locale":"en_US","og_type":"article","og_title":"Homepage","og_description":"WeLoveCycling.com brings you original stories, fresh videos and special reports from the wide world of cycling. \u0160koda We Love Cycling, brought to you by \u0160koda Auto.","og_url":"https:\/\/www.welovecycling.com\/wide\/","og_site_name":"\u0160koda We Love Cycling","article_modified_time":"2026-04-28T08:53:13+00:00","og_image":[{"width":1800,"height":430,"url":"https:\/\/d2p6e6u75xmxt8.cloudfront.net\/2\/2026\/04\/LEtape26_Contest_Banner_1800x430_FR.webp","type":"image\/webp"}],"twitter_card":"summary_large_image","schema":{"@context":"https:\/\/schema.org","@graph":[{"@type":"WebPage","@id":"https:\/\/www.welovecycling.com\/wide\/","url":"https:\/\/www.welovecycling.com\/wide\/","name":"\u0160koda We Love Cycling","isPartOf":{"@id":"https:\/\/www.welovecycling.com\/wide\/#website"},"primaryImageOfPage":{"@id":"https:\/\/www.welovecycling.com\/wide\/#primaryimage"},"image":{"@id":"https:\/\/www.welovecycling.com\/wide\/#primaryimage"},"thumbnailUrl":"https:\/\/d2p6e6u75xmxt8.cloudfront.net\/2\/2026\/04\/LEtape26_Contest_Banner_1800x430_FR.webp","datePublished":"2014-05-02T05:36:45+00:00","dateModified":"2026-04-28T08:53:13+00:00","description":"WeLoveCycling.com brings you original stories, fresh videos and special reports from the wide world of cycling. \u0160koda We Love Cycling, brought to you by \u0160koda Auto.","breadcrumb":{"@id":"https:\/\/www.welovecycling.com\/wide\/#breadcrumb"},"inLanguage":"en-US","potentialAction":[{"@type":"ReadAction","target":["https:\/\/www.welovecycling.com\/wide\/"]}]},{"@type":"ImageObject","inLanguage":"en-US","@id":"https:\/\/www.welovecycling.com\/wide\/#primaryimage","url":"https:\/\/d2p6e6u75xmxt8.cloudfront.net\/2\/2026\/04\/LEtape26_Contest_Banner_1800x430_FR.webp","contentUrl":"https:\/\/d2p6e6u75xmxt8.cloudfront.net\/2\/2026\/04\/LEtape26_Contest_Banner_1800x430_FR.webp"},{"@type":"BreadcrumbList","@id":"https:\/\/www.welovecycling.com\/wide\/#breadcrumb","itemListElement":[{"@type":"ListItem","position":1,"name":"Home","item":"https:\/\/www.welovecycling.com\/wide\/"},{"@type":"ListItem","position":2,"name":"Homepage"}]},{"@type":"WebSite","@id":"https:\/\/www.welovecycling.com\/wide\/#website","url":"https:\/\/www.welovecycling.com\/wide\/","name":"\u0160koda We Love Cycling","description":"\u0160koda We Love Cycling magazine","alternateName":"\u0160koda WLC","potentialAction":[{"@type":"SearchAction","target":{"@type":"EntryPoint","urlTemplate":"https:\/\/www.welovecycling.com\/wide\/?s={search_term_string}"},"query-input":{"@type":"PropertyValueSpecification","valueRequired":true,"valueName":"search_term_string"}}],"inLanguage":"en-US"}]}},"_links":{"self":[{"href":"https:\/\/www.welovecycling.com\/wide\/wp-json\/wp\/v2\/pages\/74","targetHints":{"allow":["GET"]}}],"collection":[{"href":"https:\/\/www.welovecycling.com\/wide\/wp-json\/wp\/v2\/pages"}],"about":[{"href":"https:\/\/www.welovecycling.com\/wide\/wp-json\/wp\/v2\/types\/page"}],"author":[{"embeddable":true,"href":"https:\/\/www.welovecycling.com\/wide\/wp-json\/wp\/v2\/users\/1"}],"replies":[{"embeddable":true,"href":"https:\/\/www.welovecycling.com\/wide\/wp-json\/wp\/v2\/comments?post=74"}],"version-history":[{"count":33,"href":"https:\/\/www.welovecycling.com\/wide\/wp-json\/wp\/v2\/pages\/74\/revisions"}],"predecessor-version":[{"id":205232,"href":"https:\/\/www.welovecycling.com\/wide\/wp-json\/wp\/v2\/pages\/74\/revisions\/205232"}],"wp:attachment":[{"href":"https:\/\/www.welovecycling.com\/wide\/wp-json\/wp\/v2\/media?parent=74"}],"wp:term":[{"taxonomy":"post_tag","embeddable":true,"href":"https:\/\/www.welovecycling.com\/wide\/wp-json\/wp\/v2\/tags?post=74"}],"curies":[{"name":"wp","href":"https:\/\/api.w.org\/{rel}","templated":true}]}}