{"id":26726,"date":"2015-05-13T16:17:58","date_gmt":"2015-05-13T14:17:58","guid":{"rendered":"https:\/\/www.welovecycling.com\/?page_id=26726"},"modified":"2017-06-28T04:25:20","modified_gmt":"2017-06-28T04:25:20","slug":"newsletter-terms-and-conditions","status":"publish","type":"page","link":"https:\/\/www.welovecycling.com\/wide\/newsletter-terms-and-conditions\/","title":{"rendered":"Newsletter Terms and Conditions"},"content":{"rendered":"<p>Welcome to the WELOVECYCLING website, located at <a href=\"https:\/\/www.welovecycling.com\">https:\/\/www.welovecycling.com<\/a> (the &#8220;Site&#8221;) and operated by MUSTARD s.r.o., ID: 285 31 418, with its head office at Praha 1 &#8211; Nov\u00e9 M\u011bsto, Masarykovo n\u00e1b\u0159. 246, Post Code 110 00, Czech Republic, supplier of \u0160koda AUTO a.s., ID: 00177041, with its head office at Mlad\u00e1 Boleslav, T\u0159. V\u00e1clava Klementa 869, Post Code 293 60, Czech Republic (WELOVECYCLING)<\/p>\n<p>By subscribing to WELOVECYCLING newsletter and event invitations (Newsletters) you indicate that you have read and understood these Terms and Conditions (including \u0160koda AUTO, a.s. Privacy Policy), that you agree to these Terms and Conditions and that you agree with receiving the Newsletters. WELOVECYCLING may amend these Terms and Conditions from time to time. Your continued subscription and receipt of the Newsletters is considered acceptance of the amended Terms and Conditions. You may view these Terms and Conditions at any time.<\/p>\n<h2>Managing your subscription<\/h2>\n<p>If you wish to unsubscribe from WELOVECYCLING Newsletters, please follow this unsubscribe process:<\/p>\n<ul>\n<li>Click Unsubscribe link on any of the Newsletter subscription pages (WELOVECYCLING Newsletter) or directly on the electronic communication (i.e. the newsletter or event invitation).<\/li>\n<li>Complete the unsubscribe form including confirming your e-mail address.<\/li>\n<li>Click &#8220;Unsubscribe&#8221;.<\/li>\n<\/ul>\n<h2>Privacy<\/h2>\n<p>Personal information about you may be collected for the primary purpose(s) of keeping you informed about the WELOVECYCLING new content release, event invitation, or product information via our newsletters. If you do not provide the information requested, we may not be able to email you the newsletter. <a href=\"\/\/www.welovecycling.com\/wide\/newsletter-terms-and-conditions\/countries\/\">Your email address will be disclosed to a marketing service provider based in the European Union who is responsible for sending all our newsletter communications.<\/a> This supplier is contracted to comply with the European Privacy Act and take all reasonable steps to ensure that your personal information is handled and protected appropriately. The WELOVECYCLING Privacy Policy contains information about how you can make a complaint about a breach of the European Privacy Principles and how we will deal with such complaint, how you can request access to personal information held about you and correct such information. You can contact WELOVECYCLING by emailing to info@welovecycling.com.<\/p>\n<h2>Copyright<\/h2>\n<p>The content of WELOVECYCLING\u2019s Newsletters and any and all ideas, designs, graphics, photographs, text, audio and audio-visual material, documents and any other material contained in the Newsletters are subject to copyright laws in European Union and are owned or controlled by WELOVECYCLING or WELOVECYCLING \u2019s licensors. In relation to the Newsletters (including parts of them), you agree that you may use the Newsletters for only your personal use and you may not use the Newsletters for any commercial use. You may not otherwise use, copy, reproduce, modify or transmit the content without our prior written consent. Unauthorised use is prohibited and protected by law.<\/p>\n<h2>Disclaimer and general<\/h2>\n<p>Newsletters and their content are provided only for information purposes, and are not comprehensive or advisory in nature. While WELOVECYCLING uses reasonable endeavours to ensure that the information included in the Newsletters is accurate and up-to-date, WELOVECYCLING does not guarantee the accuracy, currency or completeness of the information provided. WELOVECYCLING makes no representations about the content and suitability of the information provided in the Newsletters (including but not limited to information in any links to websites). To the maximum extent permitted by law, WELOVECYCLING does not warrant, guarantee or make any representations about the accuracy, reliability, currency or any other aspect of the information contained in the Newsletters.<\/p>\n<p>The Newsletters may contain links or references to third party sites. WELOVECYCLING is not responsible or liable for the content of those sites and your access to and use of those sites is at your own risk. Any links are provided for convenience only, and do not indicate any endorsement or recommendation by us. WELOVECYCLING does not guarantee that materials accessible on or through the Newsletters will be free from errors, viruses, worms or other harmful codes. To the extent permitted by law, all liability is excluded for any loss, damages or injury resulting from your access to, or inability to access, or your receipt of any codes, or your reliance on any information from or through the Newsletters.<\/p>\n<p>Newsletters may include trademarks which are protected by law. You must not use WELOVECYCLING\u2019s trademarks internationally without our prior written consent, except to legitimately identify WELOVECYCLING\u2019s products or services.<\/p>\n<p>You agree that you are responsible for providing correct and accurate details in subscribing to WELOVECYCLING Newsletters and that any errors made in typing or providing your details could result in failed delivery of your Newsletter.<\/p>\n<p>WELOVECYCLING has the right to suspend or cancel your subscription at any time at its discretion.<\/p>\n<h2>These Terms and Conditions<\/h2>\n<p>are governed by the laws of Czech Republic and you unconditionally submit to the jurisdiction of the courts of Czech Republic. Although Czech Newsletters may be distributed or otherwise accessed outside Czech Republic, WELOVECYCLING makes no representation that the content complies with the laws of any other country. If you receive the Newsletters at a location outside Czech Republic, you are solely responsible for ensuring compliance with your local laws and for any reliance on Newsletter content.<\/p>\n<h2>Data storage<\/h2>\n<p>All personal data including e-mail addresses are stored and backed up on our infrastructure running on Amazon AWS located in european data centers. We protect data on our servers using a combination of administrative, physical and logical security safeguards. Our servers are protected by firewalls, intrusion detection and malware scanners. Access to servers and infrastructure is secured and granted only to administrators.<\/p>\n<p>We use industry standard encryption to protect your data in transit. This is commonly referred to as transport layer security (\u201cTLS\u201d) or secure socket layer (\u201cSSL\u201d) technology. However, Internet data transmissions, cannot be guaranteed to be 100% secure, and as a result, we cannot ensure the security of information during its transmission between you and us; accordingly, you acknowledge that you do so at your own risk.<\/p>\n<h2>Data access<\/h2>\n<p>You have the right to:<\/p>\n<ul>\n<li><strong>1.<\/strong> check whether \u0160koda AUTO a.s. (hereinafter reffered to as \u201c\u0160koda AUTO\u201d) holds any personal data relating to you, and the right of access to such data;<\/li>\n<li><strong>2.<\/strong> require \u0160koda AUTO to correct any data relating to you which is inaccurate; and<\/li>\n<li><strong>3.<\/strong> ascertain \u0160koda AUTO policies and practices in relation to personal data.<\/li>\n<\/ul>\n<p>Request for access and correction of data and the kinds of data held should be addressed in writing to: WELOVECYCLING Office by e-mail to <a href=\"mailto:info@welovecycling.com\">info@welovecycling.com<\/a><\/p>\n<p>You may also request \u0160koda AUTO or any named partner, to delete the data from any active mailing or distribution list. To exercise any of your rights, contact us at the address or email \u0160koda AUTO marking your communication \u201cConfidential\u201d. \u0160koda AUTO may take reasonable steps to verify your identity before granting access or permitting corrections to your information. In accordance with the terms of the Ordinance, \u0160koda AUTO has the right to charge a reasonable fee for the processing of any data access request.<\/p>\n<p>The only subjects with right to access the data are:<\/p>\n<h3>Newsletter owner<\/h3>\n<p>\u0160koda AUTO a.s.<br \/>\n\u200bT\u0159. V\u00e1clava Klementa 869<br \/>\n293 60 Mlad\u00e1 Boleslav<br \/>\nCzech Republic<br \/>\nRegistered in the commercial register held by M\u011bstsk\u00fd soud v Praze (Metropolitan Court in Prague) under file no. B 332.<br \/>\nMember of the Volkswagen Group<br \/>\nID No: 00 17 70 41<\/p>\n<h3>WELOVECYCLING provider<\/h3>\n<p>MUSTARD s.r.o.<br \/>\nVinohradsk\u00e1 22<br \/>\n120 00 Praha 2<br \/>\nCzech Republic<br \/>\nRegistered in the commercial register held by M\u011bstsk\u00fd soud v Praze (Metropolitan Court in Prague) under file no. C 148383.<br \/>\nID No: 28531418<\/p>\n<h3><\/h3>\n<h3>Technical provider to MUSTARD<\/h3>\n<p>YOUR SYSTEM, spol.s r.o.<br \/>\nT\u00fcrkova 2319\/5b<br \/>\n14900 Praha 4<br \/>\nCzech Republic<br \/>\nRegistered in the commercial register held by M\u011bstsk\u00fd soud v Praze (Metropolitan Court in Prague) under file no. C 72.<br \/>\nID No: 00174939<\/p>\n<h2>Further information<\/h2>\n<p>Please contact the WELOVECYCLING Office by e-mail to <a href=\"mailto:info@welovecycling.com\">info@welovecycling.com<\/a>.<\/p>\n","protected":false},"excerpt":{"rendered":"<p>Welcome to the WELOVECYCLING website, located at https:\/\/www.welovecycling.com (the &#8220;Site&#8221;) and operated by MUSTARD s.r.o., ID: 285 31 418, with [&hellip;]<\/p>\n","protected":false},"author":13,"featured_media":0,"parent":0,"menu_order":0,"comment_status":"open","ping_status":"open","template":"","meta":{"footnotes":""},"tags":[],"class_list":["post-26726","page","type-page","status-publish","hentry"],"yoast_head":"<!-- This site is optimized with the Yoast SEO Premium plugin v25.3 (Yoast SEO v25.9) - https:\/\/yoast.com\/wordpress\/plugins\/seo\/ -->\n<title>Newsletter Terms and Conditions - \u0160koda We Love Cycling<\/title>\n<meta name=\"robots\" content=\"index, follow, max-snippet:-1, max-image-preview:large, max-video-preview:-1\" \/>\n<link rel=\"canonical\" href=\"https:\/\/www.welovecycling.com\/wide\/newsletter-terms-and-conditions\/\" \/>\n<meta property=\"og:locale\" content=\"en_US\" \/>\n<meta property=\"og:type\" content=\"article\" \/>\n<meta property=\"og:title\" content=\"Newsletter Terms and Conditions\" \/>\n<meta property=\"og:url\" content=\"https:\/\/www.welovecycling.com\/wide\/newsletter-terms-and-conditions\/\" \/>\n<meta property=\"og:site_name\" content=\"\u0160koda We Love Cycling\" \/>\n<meta property=\"article:modified_time\" content=\"2017-06-28T04:25:20+00:00\" \/>\n<meta name=\"twitter:card\" content=\"summary_large_image\" \/>\n<meta name=\"twitter:label1\" content=\"Est. reading time\" \/>\n\t<meta name=\"twitter:data1\" content=\"6 minutes\" \/>\n<script type=\"application\/ld+json\" class=\"yoast-schema-graph\">{\"@context\":\"https:\/\/schema.org\",\"@graph\":[{\"@type\":\"WebPage\",\"@id\":\"https:\/\/www.welovecycling.com\/wide\/newsletter-terms-and-conditions\/\",\"url\":\"https:\/\/www.welovecycling.com\/wide\/newsletter-terms-and-conditions\/\",\"name\":\"Newsletter Terms and Conditions - \u0160koda We Love Cycling\",\"isPartOf\":{\"@id\":\"https:\/\/www.welovecycling.com\/wide\/#website\"},\"datePublished\":\"2015-05-13T14:17:58+00:00\",\"dateModified\":\"2017-06-28T04:25:20+00:00\",\"breadcrumb\":{\"@id\":\"https:\/\/www.welovecycling.com\/wide\/newsletter-terms-and-conditions\/#breadcrumb\"},\"inLanguage\":\"en-US\",\"potentialAction\":[{\"@type\":\"ReadAction\",\"target\":[\"https:\/\/www.welovecycling.com\/wide\/newsletter-terms-and-conditions\/\"]}]},{\"@type\":\"BreadcrumbList\",\"@id\":\"https:\/\/www.welovecycling.com\/wide\/newsletter-terms-and-conditions\/#breadcrumb\",\"itemListElement\":[{\"@type\":\"ListItem\",\"position\":1,\"name\":\"Home\",\"item\":\"https:\/\/www.welovecycling.com\/wide\/\"},{\"@type\":\"ListItem\",\"position\":2,\"name\":\"Newsletter Terms and Conditions\"}]},{\"@type\":\"WebSite\",\"@id\":\"https:\/\/www.welovecycling.com\/wide\/#website\",\"url\":\"https:\/\/www.welovecycling.com\/wide\/\",\"name\":\"\u0160koda We Love Cycling\",\"description\":\"\u0160koda We Love Cycling magazine\",\"alternateName\":\"\u0160koda WLC\",\"potentialAction\":[{\"@type\":\"SearchAction\",\"target\":{\"@type\":\"EntryPoint\",\"urlTemplate\":\"https:\/\/www.welovecycling.com\/wide\/?s={search_term_string}\"},\"query-input\":{\"@type\":\"PropertyValueSpecification\",\"valueRequired\":true,\"valueName\":\"search_term_string\"}}],\"inLanguage\":\"en-US\"}]}<\/script>\n<!-- \/ Yoast SEO Premium plugin. -->","yoast_head_json":{"title":"Newsletter Terms and Conditions - \u0160koda We Love Cycling","robots":{"index":"index","follow":"follow","max-snippet":"max-snippet:-1","max-image-preview":"max-image-preview:large","max-video-preview":"max-video-preview:-1"},"canonical":"https:\/\/www.welovecycling.com\/wide\/newsletter-terms-and-conditions\/","og_locale":"en_US","og_type":"article","og_title":"Newsletter Terms and Conditions","og_url":"https:\/\/www.welovecycling.com\/wide\/newsletter-terms-and-conditions\/","og_site_name":"\u0160koda We Love Cycling","article_modified_time":"2017-06-28T04:25:20+00:00","twitter_card":"summary_large_image","twitter_misc":{"Est. reading time":"6 minutes"},"schema":{"@context":"https:\/\/schema.org","@graph":[{"@type":"WebPage","@id":"https:\/\/www.welovecycling.com\/wide\/newsletter-terms-and-conditions\/","url":"https:\/\/www.welovecycling.com\/wide\/newsletter-terms-and-conditions\/","name":"Newsletter Terms and Conditions - \u0160koda We Love Cycling","isPartOf":{"@id":"https:\/\/www.welovecycling.com\/wide\/#website"},"datePublished":"2015-05-13T14:17:58+00:00","dateModified":"2017-06-28T04:25:20+00:00","breadcrumb":{"@id":"https:\/\/www.welovecycling.com\/wide\/newsletter-terms-and-conditions\/#breadcrumb"},"inLanguage":"en-US","potentialAction":[{"@type":"ReadAction","target":["https:\/\/www.welovecycling.com\/wide\/newsletter-terms-and-conditions\/"]}]},{"@type":"BreadcrumbList","@id":"https:\/\/www.welovecycling.com\/wide\/newsletter-terms-and-conditions\/#breadcrumb","itemListElement":[{"@type":"ListItem","position":1,"name":"Home","item":"https:\/\/www.welovecycling.com\/wide\/"},{"@type":"ListItem","position":2,"name":"Newsletter Terms and Conditions"}]},{"@type":"WebSite","@id":"https:\/\/www.welovecycling.com\/wide\/#website","url":"https:\/\/www.welovecycling.com\/wide\/","name":"\u0160koda We Love Cycling","description":"\u0160koda We Love Cycling magazine","alternateName":"\u0160koda WLC","potentialAction":[{"@type":"SearchAction","target":{"@type":"EntryPoint","urlTemplate":"https:\/\/www.welovecycling.com\/wide\/?s={search_term_string}"},"query-input":{"@type":"PropertyValueSpecification","valueRequired":true,"valueName":"search_term_string"}}],"inLanguage":"en-US"}]}},"_links":{"self":[{"href":"https:\/\/www.welovecycling.com\/wide\/wp-json\/wp\/v2\/pages\/26726","targetHints":{"allow":["GET"]}}],"collection":[{"href":"https:\/\/www.welovecycling.com\/wide\/wp-json\/wp\/v2\/pages"}],"about":[{"href":"https:\/\/www.welovecycling.com\/wide\/wp-json\/wp\/v2\/types\/page"}],"author":[{"embeddable":true,"href":"https:\/\/www.welovecycling.com\/wide\/wp-json\/wp\/v2\/users\/13"}],"replies":[{"embeddable":true,"href":"https:\/\/www.welovecycling.com\/wide\/wp-json\/wp\/v2\/comments?post=26726"}],"version-history":[{"count":2,"href":"https:\/\/www.welovecycling.com\/wide\/wp-json\/wp\/v2\/pages\/26726\/revisions"}],"predecessor-version":[{"id":152477,"href":"https:\/\/www.welovecycling.com\/wide\/wp-json\/wp\/v2\/pages\/26726\/revisions\/152477"}],"wp:attachment":[{"href":"https:\/\/www.welovecycling.com\/wide\/wp-json\/wp\/v2\/media?parent=26726"}],"wp:term":[{"taxonomy":"post_tag","embeddable":true,"href":"https:\/\/www.welovecycling.com\/wide\/wp-json\/wp\/v2\/tags?post=26726"}],"curies":[{"name":"wp","href":"https:\/\/api.w.org\/{rel}","templated":true}]}}