{"id":25212,"date":"2014-11-05T12:05:21","date_gmt":"2014-11-05T11:05:21","guid":{"rendered":"https:\/\/www.welovecycling.com\/?page_id=25212"},"modified":"2025-11-10T09:13:45","modified_gmt":"2025-11-10T09:13:45","slug":"about-us","status":"publish","type":"page","link":"https:\/\/www.welovecycling.com\/wide\/about-us\/","title":{"rendered":"About us"},"content":{"rendered":"<p class=\"p1\"><span class=\"s1\">WeLoveCycling.com is an online magazine that brings you original stories, fresh videos and special reports from the wide world of cycling. \u0160koda We Love Cycling &#8211; brought to you by <a href=\"http:\/\/www.skoda-auto.com\/en\">\u0160koda Auto<\/a>.<\/span><\/p>\n<lite-youtube videoid=8sk6CUw0tKg params=\"enablejsapi=1\" style=\"background-image: url('https:\/\/i.ytimg.com\/vi_webp\/8sk6CUw0tKg\/maxresdefault.webp');\"><\/lite-youtube>\n<h2 class=\"p1\"><strong>Contact us<\/strong><\/h2>\n<div class=\"contact-us-info\">\n<div class=\"contact-us-info-item contact-us-info-email\">\n<h3>Email: <a href=\"mailto:info@welovecycling.com\">info@welovecycling.com<\/a><\/h3>\n<\/div>\n<\/div>\n","protected":false},"excerpt":{"rendered":"<p>WeLoveCycling.com is an online magazine that brings you original stories, fresh videos and special reports from the wide world of [&hellip;]<\/p>\n","protected":false},"author":1,"featured_media":0,"parent":0,"menu_order":0,"comment_status":"open","ping_status":"open","template":"templates\/template-about.php","meta":{"footnotes":""},"tags":[],"class_list":["post-25212","page","type-page","status-publish","hentry"],"yoast_head":"<!-- This site is optimized with the Yoast SEO Premium plugin v25.3 (Yoast SEO v25.9) - https:\/\/yoast.com\/wordpress\/plugins\/seo\/ -->\n<title>About us - \u0160koda We Love Cycling<\/title>\n<meta name=\"robots\" content=\"index, follow, max-snippet:-1, max-image-preview:large, max-video-preview:-1\" \/>\n<link rel=\"canonical\" href=\"https:\/\/www.welovecycling.com\/wide\/about-us\/\" \/>\n<meta property=\"og:locale\" content=\"en_US\" \/>\n<meta property=\"og:type\" content=\"article\" \/>\n<meta property=\"og:title\" content=\"About us\" \/>\n<meta property=\"og:url\" content=\"https:\/\/www.welovecycling.com\/wide\/about-us\/\" \/>\n<meta property=\"og:site_name\" content=\"\u0160koda We Love Cycling\" \/>\n<meta property=\"article:modified_time\" content=\"2025-11-10T09:13:45+00:00\" \/>\n<meta name=\"twitter:card\" content=\"summary_large_image\" \/>\n<script type=\"application\/ld+json\" class=\"yoast-schema-graph\">{\"@context\":\"https:\/\/schema.org\",\"@graph\":[{\"@type\":\"WebPage\",\"@id\":\"https:\/\/www.welovecycling.com\/wide\/about-us\/\",\"url\":\"https:\/\/www.welovecycling.com\/wide\/about-us\/\",\"name\":\"About us - \u0160koda We Love Cycling\",\"isPartOf\":{\"@id\":\"https:\/\/www.welovecycling.com\/wide\/#website\"},\"datePublished\":\"2014-11-05T11:05:21+00:00\",\"dateModified\":\"2025-11-10T09:13:45+00:00\",\"breadcrumb\":{\"@id\":\"https:\/\/www.welovecycling.com\/wide\/about-us\/#breadcrumb\"},\"inLanguage\":\"en-US\",\"potentialAction\":[{\"@type\":\"ReadAction\",\"target\":[\"https:\/\/www.welovecycling.com\/wide\/about-us\/\"]}]},{\"@type\":\"BreadcrumbList\",\"@id\":\"https:\/\/www.welovecycling.com\/wide\/about-us\/#breadcrumb\",\"itemListElement\":[{\"@type\":\"ListItem\",\"position\":1,\"name\":\"Home\",\"item\":\"https:\/\/www.welovecycling.com\/wide\/\"},{\"@type\":\"ListItem\",\"position\":2,\"name\":\"About us\"}]},{\"@type\":\"WebSite\",\"@id\":\"https:\/\/www.welovecycling.com\/wide\/#website\",\"url\":\"https:\/\/www.welovecycling.com\/wide\/\",\"name\":\"\u0160koda We Love Cycling\",\"description\":\"\u0160koda We Love Cycling magazine\",\"alternateName\":\"\u0160koda WLC\",\"potentialAction\":[{\"@type\":\"SearchAction\",\"target\":{\"@type\":\"EntryPoint\",\"urlTemplate\":\"https:\/\/www.welovecycling.com\/wide\/?s={search_term_string}\"},\"query-input\":{\"@type\":\"PropertyValueSpecification\",\"valueRequired\":true,\"valueName\":\"search_term_string\"}}],\"inLanguage\":\"en-US\"}]}<\/script>\n<!-- \/ Yoast SEO Premium plugin. -->","yoast_head_json":{"title":"About us - \u0160koda We Love Cycling","robots":{"index":"index","follow":"follow","max-snippet":"max-snippet:-1","max-image-preview":"max-image-preview:large","max-video-preview":"max-video-preview:-1"},"canonical":"https:\/\/www.welovecycling.com\/wide\/about-us\/","og_locale":"en_US","og_type":"article","og_title":"About us","og_url":"https:\/\/www.welovecycling.com\/wide\/about-us\/","og_site_name":"\u0160koda We Love Cycling","article_modified_time":"2025-11-10T09:13:45+00:00","twitter_card":"summary_large_image","schema":{"@context":"https:\/\/schema.org","@graph":[{"@type":"WebPage","@id":"https:\/\/www.welovecycling.com\/wide\/about-us\/","url":"https:\/\/www.welovecycling.com\/wide\/about-us\/","name":"About us - \u0160koda We Love Cycling","isPartOf":{"@id":"https:\/\/www.welovecycling.com\/wide\/#website"},"datePublished":"2014-11-05T11:05:21+00:00","dateModified":"2025-11-10T09:13:45+00:00","breadcrumb":{"@id":"https:\/\/www.welovecycling.com\/wide\/about-us\/#breadcrumb"},"inLanguage":"en-US","potentialAction":[{"@type":"ReadAction","target":["https:\/\/www.welovecycling.com\/wide\/about-us\/"]}]},{"@type":"BreadcrumbList","@id":"https:\/\/www.welovecycling.com\/wide\/about-us\/#breadcrumb","itemListElement":[{"@type":"ListItem","position":1,"name":"Home","item":"https:\/\/www.welovecycling.com\/wide\/"},{"@type":"ListItem","position":2,"name":"About us"}]},{"@type":"WebSite","@id":"https:\/\/www.welovecycling.com\/wide\/#website","url":"https:\/\/www.welovecycling.com\/wide\/","name":"\u0160koda We Love Cycling","description":"\u0160koda We Love Cycling magazine","alternateName":"\u0160koda WLC","potentialAction":[{"@type":"SearchAction","target":{"@type":"EntryPoint","urlTemplate":"https:\/\/www.welovecycling.com\/wide\/?s={search_term_string}"},"query-input":{"@type":"PropertyValueSpecification","valueRequired":true,"valueName":"search_term_string"}}],"inLanguage":"en-US"}]}},"_links":{"self":[{"href":"https:\/\/www.welovecycling.com\/wide\/wp-json\/wp\/v2\/pages\/25212","targetHints":{"allow":["GET"]}}],"collection":[{"href":"https:\/\/www.welovecycling.com\/wide\/wp-json\/wp\/v2\/pages"}],"about":[{"href":"https:\/\/www.welovecycling.com\/wide\/wp-json\/wp\/v2\/types\/page"}],"author":[{"embeddable":true,"href":"https:\/\/www.welovecycling.com\/wide\/wp-json\/wp\/v2\/users\/1"}],"replies":[{"embeddable":true,"href":"https:\/\/www.welovecycling.com\/wide\/wp-json\/wp\/v2\/comments?post=25212"}],"version-history":[{"count":7,"href":"https:\/\/www.welovecycling.com\/wide\/wp-json\/wp\/v2\/pages\/25212\/revisions"}],"predecessor-version":[{"id":204138,"href":"https:\/\/www.welovecycling.com\/wide\/wp-json\/wp\/v2\/pages\/25212\/revisions\/204138"}],"wp:attachment":[{"href":"https:\/\/www.welovecycling.com\/wide\/wp-json\/wp\/v2\/media?parent=25212"}],"wp:term":[{"taxonomy":"post_tag","embeddable":true,"href":"https:\/\/www.welovecycling.com\/wide\/wp-json\/wp\/v2\/tags?post=25212"}],"curies":[{"name":"wp","href":"https:\/\/api.w.org\/{rel}","templated":true}]}}