{"id":205145,"date":"2026-04-16T09:34:27","date_gmt":"2026-04-16T09:34:27","guid":{"rendered":"https:\/\/www.welovecycling.com\/wide\/?page_id=205145"},"modified":"2026-04-16T09:34:27","modified_gmt":"2026-04-16T09:34:27","slug":"consent-to-personal-data-processing","status":"publish","type":"page","link":"https:\/\/www.welovecycling.com\/wide\/letape-26-ita\/consent-to-personal-data-processing\/","title":{"rendered":"CONSENT TO PERSONAL DATA PROCESSING"},"content":{"rendered":"<p>CONSENT TO PERSONAL DATA PROCESSING<\/p>\n<p><strong>I. Preamble<\/strong><\/p>\n<p>In accordance with Regulation (EU) 2016\/679 of the European Parliament and of the Council of<br \/>\n27 April 2016 on the protection of natural persons with regard to the processing of personal data and<br \/>\non the free movement of such data, and repealing Directive 95\/46\/EC (General Data Protection<br \/>\nRegulation), hereinafter \u201cGDPR\u201d, the BIKE FUN International s.r.o. hereby provides the following<br \/>\ninformation on personal data processing and protection.<\/p>\n<p><strong>II. Data Controller<\/strong><\/p>\n<p>We process your personal data as the data controller, which means that we determine how, for what<br \/>\npurposes and for how long your personal data is processed. We also select any data processors who<br \/>\nassist us in processing your data.<\/p>\n<p>Contact details of the data controller:<br \/>\nBIKE FUN International s.r.o.<br \/>\nAre\u00e1l Tatry 1445\/2<br \/>\nKop\u0159ivnice, 742 21<br \/>\nCompany ID: 26462346<br \/>\nVAT ID: CZ26462346<\/p>\n<p>BIKE FUN International s.r.o. is registered in the Commercial Register maintained by the Regional<br \/>\nCourt in Ostrava, Section C, Insert 12241.<\/p>\n<p>(hereinafter referred to as the &#8220;data controller&#8221;)<\/p>\n<p>In accordance with Article 12 of the GDPR, we hereby inform data subjects about the processing of<br \/>\ntheir personal data and their rights. You can contact us using the details above to exercise your rights<br \/>\nregarding the processing of personal data.<\/p>\n<p><strong>III. Scope of personal data processing<\/strong><\/p>\n<p>Personal data is processed to the extent that it has been provided by the data subject to the data<br \/>\ncontroller in connection with the establishment of a contractual or other legal relationship, or<br \/>\notherwise collected and processed by the data controller in accordance with applicable law or to<br \/>\nfulfil its legal obligations.<\/p>\n<p><strong>IV. Which Personal Data Do We Collect<\/strong><\/p>\n<p>Our company processes the following types of personal data:<br \/>\n\u2022 Identification and contact data: e.g., your name and surname, address, phone number, email, and other similar information.<br \/>\n\u2022 Technical data on visiting our website: e.g. your IP address, operating system, browser type (for visits to our website), device information (e.g., serial number, identification number, MAC address), and technical and usage data (e.g., Internet, Bluetooth connection, connectivity data, visit duration).<br \/>\n\u2022 Information necessary to create a user account: e.g. your username, email, password.<br \/>\n\u2022 Data required for warranty extension or crash replacement: e.g., frame number, name, surname, email, purchase date.<br \/>\n\u2022 Data required to process your requests and inquiries.<br \/>\n\u2022 If you are our customer, we require your personal data (billing information) to comply with our legal obligations to issue and record tax documents.<br \/>\n\u2022 All other data you provide: e.g., photos, opinions, your location, and any other information provided by you.<\/p>\n<p><strong>V. Purposes for which we process personal data<\/strong><\/p>\n<p>Your personal data shall only be processed for the purposes you are notified of at the time of their collection. Below are the main purposes for which we process your personal data:<\/p>\n<p>Category &#8211; Purpose<br \/>\nRegistered users &#8211; B2B, DataStore, Extended warranty, Crash replacement<br \/>\nNewsletter subscribers &#8211; Sending email information<br \/>\nJob applicants &#8211; Recruitment process<br \/>\nCustomers, website visitors &#8211; Processing of inquiries and requests, addressing<br \/>\nwebsite issues, reporting errors\/bugs<br \/>\nCookies &#8211; Website browsing<\/p>\n<p><strong>Web Browsing \u2013 Cookies<\/strong><\/p>\n<p>When you browse our website, we record your IP address, the time you have spent on the website, and which site you have come from. We consider the use of cookies to measure website traffic and to personalise the display of the website to be a legitimate interest of ours, as a Controller, as we believe that this will enable us to offer you even better services.<\/p>\n<p>Cookies for targeted advertisements shall only be processed based on your consent.<\/p>\n<p>Our website may also be browsed in a mode not enabling to collect personal data. You can disable the use of cookies on your computer in your Internet browser.<\/p>\n<p>This website also contains links to other websites of BFI or websites of BFI\u2019s partners, authorised retailers and BFI service points, social network sites or other companies cooperating with BFI. By clicking any such link, you acknowledge that such sites are subject to their own privacy and cookie policy. If you intend to use such sites, please read also their terms and conditions.<\/p>\n<p><strong>V. Categories of Personal Data Recipients<\/strong><\/p>\n<p>Only authorised employees and\/or our subcontractors shall have access to your personal data. Such persons are obliged to maintain confidentiality of personal data with which they come into contact and which they are authorised to handle in the course of their work activities.<\/p>\n<p>Your personal data may be disclosed to the following entities:<br \/>\n&#8211; Companies or other organisations we have hired to promote our services, e.g. web hosting<br \/>\ncompanies, information technology providers;<br \/>\n&#8211; Our dealer network and other partners if necessary to provide you with a product or service;<br \/>\n&#8211; Relevant state administration bodies.<\/p>\n<p>Your personal data shall not be transferred to third countries.<\/p>\n<p>To ensure some specific processing operations that we are not able to provide ourselves, we use services and applications of processors specialised in the respective processing that comply with the GDPR.<\/p>\n<p>This involves providers of the following platforms and services:<br \/>\nMailChimp, Ecomail \u2013 sending newsletters<br \/>\nFacebook \u2013 FB pixel<br \/>\nGoogle \u2013 Google Analytics<br \/>\nGoogle+, Pinterest, YouTube<\/p>\n<p>We may also decide to use other applications or processors in the future to facilitate and improve the quality of the processing.<\/p>\n<p><strong>V. Data Retention Period<\/strong><\/p>\n<p>Your personal data shall always be processed by our company for as long as is strictly necessary considering the purpose of the processing, or for statutory or archiving periods, and, further, for as long as is necessary to assert any claims of our company against you, or to defend our company against claims asserted by you.<\/p>\n<p><strong>VI. Your Rights to Protect Your Personal Data<\/strong><\/p>\n<p>You have the right: to access your personal data; to request rectification of your personal data in accordance with the Personal Data Protection Act; and to withdraw your consent at any time by a written notice delivered to the Controller.<\/p>\n<p>If you believe that we process personal data in violation of the protection of your private and personal life or in violation of the Personal Data Protection Act, in particular, if the personal data is inaccurate with respect to the purpose of processing, you are entitled to: require explanation from the Controller and\/or lodge a complaint with the Office for Personal Data Protection (with its registered office at Pplk. Sochora 27, 170 00 Prague 7, email: posta@uoou.cz, tel.: 00420 234 665 125).<\/p>\n","protected":false},"excerpt":{"rendered":"<p>CONSENT TO PERSONAL DATA PROCESSING I. Preamble In accordance with Regulation (EU) 2016\/679 of the European Parliament and of the [&hellip;]<\/p>\n","protected":false},"author":199,"featured_media":0,"parent":204903,"menu_order":0,"comment_status":"closed","ping_status":"closed","template":"templates\/template-empty-page-headline.php","meta":{"footnotes":""},"tags":[],"class_list":["post-205145","page","type-page","status-publish","hentry"],"yoast_head":"<!-- This site is optimized with the Yoast SEO Premium plugin v25.3 (Yoast SEO v25.9) - https:\/\/yoast.com\/wordpress\/plugins\/seo\/ -->\n<title>CONSENT TO PERSONAL DATA PROCESSING - \u0160koda We Love Cycling<\/title>\n<meta name=\"robots\" content=\"index, follow, max-snippet:-1, max-image-preview:large, max-video-preview:-1\" \/>\n<link rel=\"canonical\" href=\"https:\/\/www.welovecycling.com\/wide\/letape-26-ita\/consent-to-personal-data-processing\/\" \/>\n<meta property=\"og:locale\" content=\"en_US\" \/>\n<meta property=\"og:type\" content=\"article\" \/>\n<meta property=\"og:title\" content=\"CONSENT TO PERSONAL DATA PROCESSING\" \/>\n<meta property=\"og:url\" content=\"https:\/\/www.welovecycling.com\/wide\/letape-26-ita\/consent-to-personal-data-processing\/\" \/>\n<meta property=\"og:site_name\" content=\"\u0160koda We Love Cycling\" \/>\n<meta name=\"twitter:card\" content=\"summary_large_image\" \/>\n<meta name=\"twitter:label1\" content=\"Est. reading time\" \/>\n\t<meta name=\"twitter:data1\" content=\"5 minutes\" \/>\n<script type=\"application\/ld+json\" class=\"yoast-schema-graph\">{\"@context\":\"https:\/\/schema.org\",\"@graph\":[{\"@type\":\"WebPage\",\"@id\":\"https:\/\/www.welovecycling.com\/wide\/letape-26-ita\/consent-to-personal-data-processing\/\",\"url\":\"https:\/\/www.welovecycling.com\/wide\/letape-26-ita\/consent-to-personal-data-processing\/\",\"name\":\"CONSENT TO PERSONAL DATA PROCESSING - \u0160koda We Love Cycling\",\"isPartOf\":{\"@id\":\"https:\/\/www.welovecycling.com\/wide\/#website\"},\"datePublished\":\"2026-04-16T09:34:27+00:00\",\"breadcrumb\":{\"@id\":\"https:\/\/www.welovecycling.com\/wide\/letape-26-ita\/consent-to-personal-data-processing\/#breadcrumb\"},\"inLanguage\":\"en-US\",\"potentialAction\":[{\"@type\":\"ReadAction\",\"target\":[\"https:\/\/www.welovecycling.com\/wide\/letape-26-ita\/consent-to-personal-data-processing\/\"]}]},{\"@type\":\"BreadcrumbList\",\"@id\":\"https:\/\/www.welovecycling.com\/wide\/letape-26-ita\/consent-to-personal-data-processing\/#breadcrumb\",\"itemListElement\":[{\"@type\":\"ListItem\",\"position\":1,\"name\":\"Home\",\"item\":\"https:\/\/www.welovecycling.com\/wide\/\"},{\"@type\":\"ListItem\",\"position\":2,\"name\":\"L\u2019\u00c9tape 26\",\"item\":\"https:\/\/www.welovecycling.com\/wide\/letape-26-ita\/\"},{\"@type\":\"ListItem\",\"position\":3,\"name\":\"CONSENT TO PERSONAL DATA PROCESSING\"}]},{\"@type\":\"WebSite\",\"@id\":\"https:\/\/www.welovecycling.com\/wide\/#website\",\"url\":\"https:\/\/www.welovecycling.com\/wide\/\",\"name\":\"\u0160koda We Love Cycling\",\"description\":\"\u0160koda We Love Cycling magazine\",\"alternateName\":\"\u0160koda WLC\",\"potentialAction\":[{\"@type\":\"SearchAction\",\"target\":{\"@type\":\"EntryPoint\",\"urlTemplate\":\"https:\/\/www.welovecycling.com\/wide\/?s={search_term_string}\"},\"query-input\":{\"@type\":\"PropertyValueSpecification\",\"valueRequired\":true,\"valueName\":\"search_term_string\"}}],\"inLanguage\":\"en-US\"}]}<\/script>\n<!-- \/ Yoast SEO Premium plugin. -->","yoast_head_json":{"title":"CONSENT TO PERSONAL DATA PROCESSING - \u0160koda We Love Cycling","robots":{"index":"index","follow":"follow","max-snippet":"max-snippet:-1","max-image-preview":"max-image-preview:large","max-video-preview":"max-video-preview:-1"},"canonical":"https:\/\/www.welovecycling.com\/wide\/letape-26-ita\/consent-to-personal-data-processing\/","og_locale":"en_US","og_type":"article","og_title":"CONSENT TO PERSONAL DATA PROCESSING","og_url":"https:\/\/www.welovecycling.com\/wide\/letape-26-ita\/consent-to-personal-data-processing\/","og_site_name":"\u0160koda We Love Cycling","twitter_card":"summary_large_image","twitter_misc":{"Est. reading time":"5 minutes"},"schema":{"@context":"https:\/\/schema.org","@graph":[{"@type":"WebPage","@id":"https:\/\/www.welovecycling.com\/wide\/letape-26-ita\/consent-to-personal-data-processing\/","url":"https:\/\/www.welovecycling.com\/wide\/letape-26-ita\/consent-to-personal-data-processing\/","name":"CONSENT TO PERSONAL DATA PROCESSING - \u0160koda We Love Cycling","isPartOf":{"@id":"https:\/\/www.welovecycling.com\/wide\/#website"},"datePublished":"2026-04-16T09:34:27+00:00","breadcrumb":{"@id":"https:\/\/www.welovecycling.com\/wide\/letape-26-ita\/consent-to-personal-data-processing\/#breadcrumb"},"inLanguage":"en-US","potentialAction":[{"@type":"ReadAction","target":["https:\/\/www.welovecycling.com\/wide\/letape-26-ita\/consent-to-personal-data-processing\/"]}]},{"@type":"BreadcrumbList","@id":"https:\/\/www.welovecycling.com\/wide\/letape-26-ita\/consent-to-personal-data-processing\/#breadcrumb","itemListElement":[{"@type":"ListItem","position":1,"name":"Home","item":"https:\/\/www.welovecycling.com\/wide\/"},{"@type":"ListItem","position":2,"name":"L\u2019\u00c9tape 26","item":"https:\/\/www.welovecycling.com\/wide\/letape-26-ita\/"},{"@type":"ListItem","position":3,"name":"CONSENT TO PERSONAL DATA PROCESSING"}]},{"@type":"WebSite","@id":"https:\/\/www.welovecycling.com\/wide\/#website","url":"https:\/\/www.welovecycling.com\/wide\/","name":"\u0160koda We Love Cycling","description":"\u0160koda We Love Cycling magazine","alternateName":"\u0160koda WLC","potentialAction":[{"@type":"SearchAction","target":{"@type":"EntryPoint","urlTemplate":"https:\/\/www.welovecycling.com\/wide\/?s={search_term_string}"},"query-input":{"@type":"PropertyValueSpecification","valueRequired":true,"valueName":"search_term_string"}}],"inLanguage":"en-US"}]}},"_links":{"self":[{"href":"https:\/\/www.welovecycling.com\/wide\/wp-json\/wp\/v2\/pages\/205145","targetHints":{"allow":["GET"]}}],"collection":[{"href":"https:\/\/www.welovecycling.com\/wide\/wp-json\/wp\/v2\/pages"}],"about":[{"href":"https:\/\/www.welovecycling.com\/wide\/wp-json\/wp\/v2\/types\/page"}],"author":[{"embeddable":true,"href":"https:\/\/www.welovecycling.com\/wide\/wp-json\/wp\/v2\/users\/199"}],"replies":[{"embeddable":true,"href":"https:\/\/www.welovecycling.com\/wide\/wp-json\/wp\/v2\/comments?post=205145"}],"version-history":[{"count":1,"href":"https:\/\/www.welovecycling.com\/wide\/wp-json\/wp\/v2\/pages\/205145\/revisions"}],"predecessor-version":[{"id":205149,"href":"https:\/\/www.welovecycling.com\/wide\/wp-json\/wp\/v2\/pages\/205145\/revisions\/205149"}],"up":[{"embeddable":true,"href":"https:\/\/www.welovecycling.com\/wide\/wp-json\/wp\/v2\/pages\/204903"}],"wp:attachment":[{"href":"https:\/\/www.welovecycling.com\/wide\/wp-json\/wp\/v2\/media?parent=205145"}],"wp:term":[{"taxonomy":"post_tag","embeddable":true,"href":"https:\/\/www.welovecycling.com\/wide\/wp-json\/wp\/v2\/tags?post=205145"}],"curies":[{"name":"wp","href":"https:\/\/api.w.org\/{rel}","templated":true}]}}