{"id":205053,"date":"2026-04-09T07:19:05","date_gmt":"2026-04-09T07:19:05","guid":{"rendered":"https:\/\/www.welovecycling.com\/wide\/?page_id=205053"},"modified":"2026-04-14T06:47:46","modified_gmt":"2026-04-14T06:47:46","slug":"duobell","status":"publish","type":"page","link":"https:\/\/www.welovecycling.com\/wide\/duobell\/","title":{"rendered":"DuoBell &#8211; The world\u2019s first bike bell designed to penetrate noise-cancelling headphones"},"content":{"rendered":"","protected":false},"excerpt":{"rendered":"","protected":false},"author":199,"featured_media":205054,"parent":0,"menu_order":0,"comment_status":"closed","ping_status":"closed","template":"\/var\/www\/html\/web\/app\/plugins\/avenga-bikebell\/templates\/template-bikebell.php","meta":{"footnotes":""},"tags":[],"class_list":["post-205053","page","type-page","status-publish","has-post-thumbnail","hentry"],"yoast_head":"<!-- This site is optimized with the Yoast SEO Premium plugin v25.3 (Yoast SEO v25.9) - https:\/\/yoast.com\/wordpress\/plugins\/seo\/ -->\n<title>DuoBell - The world\u2019s first bike bell designed to penetrate noise-cancelling headphones - \u0160koda We Love Cycling<\/title>\n<meta name=\"description\" content=\"\u0160koda DuoBell is a world\u2011first bicycle bell engineered to be heard through noise\u2011cancelling headphones. An elegant analogue solution, to a digital problem.\" \/>\n<meta name=\"robots\" content=\"index, follow, max-snippet:-1, max-image-preview:large, max-video-preview:-1\" \/>\n<link rel=\"canonical\" href=\"https:\/\/www.welovecycling.com\/wide\/duobell\/\" \/>\n<meta property=\"og:locale\" content=\"en_US\" \/>\n<meta property=\"og:type\" content=\"article\" \/>\n<meta property=\"og:title\" content=\"DuoBell - The world\u2019s first bike bell designed to penetrate noise-cancelling headphones\" \/>\n<meta property=\"og:description\" content=\"\u0160koda DuoBell is a world\u2011first bicycle bell engineered to be heard through noise\u2011cancelling headphones. An elegant analogue solution, to a digital problem.\" \/>\n<meta property=\"og:url\" content=\"https:\/\/www.welovecycling.com\/wide\/duobell\/\" \/>\n<meta property=\"og:site_name\" content=\"\u0160koda We Love Cycling\" \/>\n<meta property=\"article:modified_time\" content=\"2026-04-14T06:47:46+00:00\" \/>\n<meta property=\"og:image\" content=\"https:\/\/d2p6e6u75xmxt8.cloudfront.net\/2\/2026\/04\/duobell.webp\" \/>\n\t<meta property=\"og:image:width\" content=\"1800\" \/>\n\t<meta property=\"og:image:height\" content=\"1013\" \/>\n\t<meta property=\"og:image:type\" content=\"image\/webp\" \/>\n<meta name=\"twitter:card\" content=\"summary_large_image\" \/>\n<script type=\"application\/ld+json\" class=\"yoast-schema-graph\">{\"@context\":\"https:\/\/schema.org\",\"@graph\":[{\"@type\":\"WebPage\",\"@id\":\"https:\/\/www.welovecycling.com\/wide\/duobell\/\",\"url\":\"https:\/\/www.welovecycling.com\/wide\/duobell\/\",\"name\":\"DuoBell - The world\u2019s first bike bell designed to penetrate noise-cancelling headphones - \u0160koda We Love Cycling\",\"isPartOf\":{\"@id\":\"https:\/\/www.welovecycling.com\/wide\/#website\"},\"primaryImageOfPage\":{\"@id\":\"https:\/\/www.welovecycling.com\/wide\/duobell\/#primaryimage\"},\"image\":{\"@id\":\"https:\/\/www.welovecycling.com\/wide\/duobell\/#primaryimage\"},\"thumbnailUrl\":\"https:\/\/d2p6e6u75xmxt8.cloudfront.net\/2\/2026\/04\/duobell.webp\",\"datePublished\":\"2026-04-09T07:19:05+00:00\",\"dateModified\":\"2026-04-14T06:47:46+00:00\",\"description\":\"\u0160koda DuoBell is a world\u2011first bicycle bell engineered to be heard through noise\u2011cancelling headphones. An elegant analogue solution, to a digital problem.\",\"breadcrumb\":{\"@id\":\"https:\/\/www.welovecycling.com\/wide\/duobell\/#breadcrumb\"},\"inLanguage\":\"en-US\",\"potentialAction\":[{\"@type\":\"ReadAction\",\"target\":[\"https:\/\/www.welovecycling.com\/wide\/duobell\/\"]}]},{\"@type\":\"ImageObject\",\"inLanguage\":\"en-US\",\"@id\":\"https:\/\/www.welovecycling.com\/wide\/duobell\/#primaryimage\",\"url\":\"https:\/\/d2p6e6u75xmxt8.cloudfront.net\/2\/2026\/04\/duobell.webp\",\"contentUrl\":\"https:\/\/d2p6e6u75xmxt8.cloudfront.net\/2\/2026\/04\/duobell.webp\",\"width\":1800,\"height\":1013},{\"@type\":\"BreadcrumbList\",\"@id\":\"https:\/\/www.welovecycling.com\/wide\/duobell\/#breadcrumb\",\"itemListElement\":[{\"@type\":\"ListItem\",\"position\":1,\"name\":\"Home\",\"item\":\"https:\/\/www.welovecycling.com\/wide\/\"},{\"@type\":\"ListItem\",\"position\":2,\"name\":\"DuoBell &#8211; The world\u2019s first bike bell designed to penetrate noise-cancelling headphones\"}]},{\"@type\":\"WebSite\",\"@id\":\"https:\/\/www.welovecycling.com\/wide\/#website\",\"url\":\"https:\/\/www.welovecycling.com\/wide\/\",\"name\":\"\u0160koda We Love Cycling\",\"description\":\"\u0160koda We Love Cycling magazine\",\"alternateName\":\"\u0160koda WLC\",\"potentialAction\":[{\"@type\":\"SearchAction\",\"target\":{\"@type\":\"EntryPoint\",\"urlTemplate\":\"https:\/\/www.welovecycling.com\/wide\/?s={search_term_string}\"},\"query-input\":{\"@type\":\"PropertyValueSpecification\",\"valueRequired\":true,\"valueName\":\"search_term_string\"}}],\"inLanguage\":\"en-US\"}]}<\/script>\n<!-- \/ Yoast SEO Premium plugin. -->","yoast_head_json":{"title":"DuoBell - The world\u2019s first bike bell designed to penetrate noise-cancelling headphones - \u0160koda We Love Cycling","description":"\u0160koda DuoBell is a world\u2011first bicycle bell engineered to be heard through noise\u2011cancelling headphones. An elegant analogue solution, to a digital problem.","robots":{"index":"index","follow":"follow","max-snippet":"max-snippet:-1","max-image-preview":"max-image-preview:large","max-video-preview":"max-video-preview:-1"},"canonical":"https:\/\/www.welovecycling.com\/wide\/duobell\/","og_locale":"en_US","og_type":"article","og_title":"DuoBell - The world\u2019s first bike bell designed to penetrate noise-cancelling headphones","og_description":"\u0160koda DuoBell is a world\u2011first bicycle bell engineered to be heard through noise\u2011cancelling headphones. An elegant analogue solution, to a digital problem.","og_url":"https:\/\/www.welovecycling.com\/wide\/duobell\/","og_site_name":"\u0160koda We Love Cycling","article_modified_time":"2026-04-14T06:47:46+00:00","og_image":[{"width":1800,"height":1013,"url":"https:\/\/d2p6e6u75xmxt8.cloudfront.net\/2\/2026\/04\/duobell.webp","type":"image\/webp"}],"twitter_card":"summary_large_image","schema":{"@context":"https:\/\/schema.org","@graph":[{"@type":"WebPage","@id":"https:\/\/www.welovecycling.com\/wide\/duobell\/","url":"https:\/\/www.welovecycling.com\/wide\/duobell\/","name":"DuoBell - The world\u2019s first bike bell designed to penetrate noise-cancelling headphones - \u0160koda We Love Cycling","isPartOf":{"@id":"https:\/\/www.welovecycling.com\/wide\/#website"},"primaryImageOfPage":{"@id":"https:\/\/www.welovecycling.com\/wide\/duobell\/#primaryimage"},"image":{"@id":"https:\/\/www.welovecycling.com\/wide\/duobell\/#primaryimage"},"thumbnailUrl":"https:\/\/d2p6e6u75xmxt8.cloudfront.net\/2\/2026\/04\/duobell.webp","datePublished":"2026-04-09T07:19:05+00:00","dateModified":"2026-04-14T06:47:46+00:00","description":"\u0160koda DuoBell is a world\u2011first bicycle bell engineered to be heard through noise\u2011cancelling headphones. An elegant analogue solution, to a digital problem.","breadcrumb":{"@id":"https:\/\/www.welovecycling.com\/wide\/duobell\/#breadcrumb"},"inLanguage":"en-US","potentialAction":[{"@type":"ReadAction","target":["https:\/\/www.welovecycling.com\/wide\/duobell\/"]}]},{"@type":"ImageObject","inLanguage":"en-US","@id":"https:\/\/www.welovecycling.com\/wide\/duobell\/#primaryimage","url":"https:\/\/d2p6e6u75xmxt8.cloudfront.net\/2\/2026\/04\/duobell.webp","contentUrl":"https:\/\/d2p6e6u75xmxt8.cloudfront.net\/2\/2026\/04\/duobell.webp","width":1800,"height":1013},{"@type":"BreadcrumbList","@id":"https:\/\/www.welovecycling.com\/wide\/duobell\/#breadcrumb","itemListElement":[{"@type":"ListItem","position":1,"name":"Home","item":"https:\/\/www.welovecycling.com\/wide\/"},{"@type":"ListItem","position":2,"name":"DuoBell &#8211; The world\u2019s first bike bell designed to penetrate noise-cancelling headphones"}]},{"@type":"WebSite","@id":"https:\/\/www.welovecycling.com\/wide\/#website","url":"https:\/\/www.welovecycling.com\/wide\/","name":"\u0160koda We Love Cycling","description":"\u0160koda We Love Cycling magazine","alternateName":"\u0160koda WLC","potentialAction":[{"@type":"SearchAction","target":{"@type":"EntryPoint","urlTemplate":"https:\/\/www.welovecycling.com\/wide\/?s={search_term_string}"},"query-input":{"@type":"PropertyValueSpecification","valueRequired":true,"valueName":"search_term_string"}}],"inLanguage":"en-US"}]}},"_links":{"self":[{"href":"https:\/\/www.welovecycling.com\/wide\/wp-json\/wp\/v2\/pages\/205053","targetHints":{"allow":["GET"]}}],"collection":[{"href":"https:\/\/www.welovecycling.com\/wide\/wp-json\/wp\/v2\/pages"}],"about":[{"href":"https:\/\/www.welovecycling.com\/wide\/wp-json\/wp\/v2\/types\/page"}],"author":[{"embeddable":true,"href":"https:\/\/www.welovecycling.com\/wide\/wp-json\/wp\/v2\/users\/199"}],"replies":[{"embeddable":true,"href":"https:\/\/www.welovecycling.com\/wide\/wp-json\/wp\/v2\/comments?post=205053"}],"version-history":[{"count":1,"href":"https:\/\/www.welovecycling.com\/wide\/wp-json\/wp\/v2\/pages\/205053\/revisions"}],"predecessor-version":[{"id":205055,"href":"https:\/\/www.welovecycling.com\/wide\/wp-json\/wp\/v2\/pages\/205053\/revisions\/205055"}],"wp:featuredmedia":[{"embeddable":true,"href":"https:\/\/www.welovecycling.com\/wide\/wp-json\/wp\/v2\/media\/205054"}],"wp:attachment":[{"href":"https:\/\/www.welovecycling.com\/wide\/wp-json\/wp\/v2\/media?parent=205053"}],"wp:term":[{"taxonomy":"post_tag","embeddable":true,"href":"https:\/\/www.welovecycling.com\/wide\/wp-json\/wp\/v2\/tags?post=205053"}],"curies":[{"name":"wp","href":"https:\/\/api.w.org\/{rel}","templated":true}]}}