{"id":204901,"date":"2026-03-20T08:09:24","date_gmt":"2026-03-20T08:09:24","guid":{"rendered":"https:\/\/www.welovecycling.com\/wide\/?page_id=204901"},"modified":"2026-04-09T14:19:37","modified_gmt":"2026-04-09T14:19:37","slug":"letape-26","status":"publish","type":"page","link":"https:\/\/www.welovecycling.com\/wide\/letape-26\/","title":{"rendered":"L\u2019\u00c9tape 26"},"content":{"rendered":"","protected":false},"excerpt":{"rendered":"","protected":false},"author":199,"featured_media":204995,"parent":0,"menu_order":0,"comment_status":"closed","ping_status":"closed","template":"\/var\/www\/html\/web\/app\/plugins\/avenga-letape26\/templates\/template-letape.php","meta":{"footnotes":""},"tags":[],"class_list":["post-204901","page","type-page","status-publish","has-post-thumbnail","hentry"],"yoast_head":"<!-- This site is optimized with the Yoast SEO Premium plugin v25.3 (Yoast SEO v25.9) - https:\/\/yoast.com\/wordpress\/plugins\/seo\/ -->\n<title>L\u2019\u00c9tape 26 - \u0160koda We Love Cycling<\/title>\n<meta name=\"description\" content=\"The Unseen Stage takes you on a realistic training journey of Four Challengers \u2013 amateur riders prepping to ride L&#039;\u00c9tape.\" \/>\n<meta name=\"robots\" content=\"index, follow, max-snippet:-1, max-image-preview:large, max-video-preview:-1\" \/>\n<link rel=\"canonical\" href=\"https:\/\/www.welovecycling.com\/wide\/letape-26\/\" \/>\n<meta property=\"og:locale\" content=\"en_US\" \/>\n<meta property=\"og:type\" content=\"article\" \/>\n<meta property=\"og:title\" content=\"L\u2019\u00c9tape 26\" \/>\n<meta property=\"og:description\" content=\"The Unseen Stage takes you on a realistic training journey of Four Challengers \u2013 amateur riders prepping to ride L&#039;\u00c9tape.\" \/>\n<meta property=\"og:url\" content=\"https:\/\/www.welovecycling.com\/wide\/letape-26\/\" \/>\n<meta property=\"og:site_name\" content=\"\u0160koda We Love Cycling\" \/>\n<meta property=\"article:modified_time\" content=\"2026-04-09T14:19:37+00:00\" \/>\n<meta property=\"og:image\" content=\"https:\/\/d2p6e6u75xmxt8.cloudfront.net\/2\/2026\/04\/hero-letape26.webp\" \/>\n\t<meta property=\"og:image:width\" content=\"1920\" \/>\n\t<meta property=\"og:image:height\" content=\"800\" \/>\n\t<meta property=\"og:image:type\" content=\"image\/webp\" \/>\n<meta name=\"twitter:card\" content=\"summary_large_image\" \/>\n<script type=\"application\/ld+json\" class=\"yoast-schema-graph\">{\"@context\":\"https:\/\/schema.org\",\"@graph\":[{\"@type\":\"WebPage\",\"@id\":\"https:\/\/www.welovecycling.com\/wide\/letape-26\/\",\"url\":\"https:\/\/www.welovecycling.com\/wide\/letape-26\/\",\"name\":\"L\u2019\u00c9tape 26 - \u0160koda We Love Cycling\",\"isPartOf\":{\"@id\":\"https:\/\/www.welovecycling.com\/wide\/#website\"},\"primaryImageOfPage\":{\"@id\":\"https:\/\/www.welovecycling.com\/wide\/letape-26\/#primaryimage\"},\"image\":{\"@id\":\"https:\/\/www.welovecycling.com\/wide\/letape-26\/#primaryimage\"},\"thumbnailUrl\":\"https:\/\/d2p6e6u75xmxt8.cloudfront.net\/2\/2026\/04\/hero-letape26.webp\",\"datePublished\":\"2026-03-20T08:09:24+00:00\",\"dateModified\":\"2026-04-09T14:19:37+00:00\",\"description\":\"The Unseen Stage takes you on a realistic training journey of Four Challengers \u2013 amateur riders prepping to ride L'\u00c9tape.\",\"breadcrumb\":{\"@id\":\"https:\/\/www.welovecycling.com\/wide\/letape-26\/#breadcrumb\"},\"inLanguage\":\"en-US\",\"potentialAction\":[{\"@type\":\"ReadAction\",\"target\":[\"https:\/\/www.welovecycling.com\/wide\/letape-26\/\"]}]},{\"@type\":\"ImageObject\",\"inLanguage\":\"en-US\",\"@id\":\"https:\/\/www.welovecycling.com\/wide\/letape-26\/#primaryimage\",\"url\":\"https:\/\/d2p6e6u75xmxt8.cloudfront.net\/2\/2026\/04\/hero-letape26.webp\",\"contentUrl\":\"https:\/\/d2p6e6u75xmxt8.cloudfront.net\/2\/2026\/04\/hero-letape26.webp\",\"width\":1920,\"height\":800},{\"@type\":\"BreadcrumbList\",\"@id\":\"https:\/\/www.welovecycling.com\/wide\/letape-26\/#breadcrumb\",\"itemListElement\":[{\"@type\":\"ListItem\",\"position\":1,\"name\":\"Home\",\"item\":\"https:\/\/www.welovecycling.com\/wide\/\"},{\"@type\":\"ListItem\",\"position\":2,\"name\":\"L\u2019\u00c9tape 26\"}]},{\"@type\":\"WebSite\",\"@id\":\"https:\/\/www.welovecycling.com\/wide\/#website\",\"url\":\"https:\/\/www.welovecycling.com\/wide\/\",\"name\":\"\u0160koda We Love Cycling\",\"description\":\"\u0160koda We Love Cycling magazine\",\"alternateName\":\"\u0160koda WLC\",\"potentialAction\":[{\"@type\":\"SearchAction\",\"target\":{\"@type\":\"EntryPoint\",\"urlTemplate\":\"https:\/\/www.welovecycling.com\/wide\/?s={search_term_string}\"},\"query-input\":{\"@type\":\"PropertyValueSpecification\",\"valueRequired\":true,\"valueName\":\"search_term_string\"}}],\"inLanguage\":\"en-US\"}]}<\/script>\n<!-- \/ Yoast SEO Premium plugin. -->","yoast_head_json":{"title":"L\u2019\u00c9tape 26 - \u0160koda We Love Cycling","description":"The Unseen Stage takes you on a realistic training journey of Four Challengers \u2013 amateur riders prepping to ride L'\u00c9tape.","robots":{"index":"index","follow":"follow","max-snippet":"max-snippet:-1","max-image-preview":"max-image-preview:large","max-video-preview":"max-video-preview:-1"},"canonical":"https:\/\/www.welovecycling.com\/wide\/letape-26\/","og_locale":"en_US","og_type":"article","og_title":"L\u2019\u00c9tape 26","og_description":"The Unseen Stage takes you on a realistic training journey of Four Challengers \u2013 amateur riders prepping to ride L'\u00c9tape.","og_url":"https:\/\/www.welovecycling.com\/wide\/letape-26\/","og_site_name":"\u0160koda We Love Cycling","article_modified_time":"2026-04-09T14:19:37+00:00","og_image":[{"width":1920,"height":800,"url":"https:\/\/d2p6e6u75xmxt8.cloudfront.net\/2\/2026\/04\/hero-letape26.webp","type":"image\/webp"}],"twitter_card":"summary_large_image","schema":{"@context":"https:\/\/schema.org","@graph":[{"@type":"WebPage","@id":"https:\/\/www.welovecycling.com\/wide\/letape-26\/","url":"https:\/\/www.welovecycling.com\/wide\/letape-26\/","name":"L\u2019\u00c9tape 26 - \u0160koda We Love Cycling","isPartOf":{"@id":"https:\/\/www.welovecycling.com\/wide\/#website"},"primaryImageOfPage":{"@id":"https:\/\/www.welovecycling.com\/wide\/letape-26\/#primaryimage"},"image":{"@id":"https:\/\/www.welovecycling.com\/wide\/letape-26\/#primaryimage"},"thumbnailUrl":"https:\/\/d2p6e6u75xmxt8.cloudfront.net\/2\/2026\/04\/hero-letape26.webp","datePublished":"2026-03-20T08:09:24+00:00","dateModified":"2026-04-09T14:19:37+00:00","description":"The Unseen Stage takes you on a realistic training journey of Four Challengers \u2013 amateur riders prepping to ride L'\u00c9tape.","breadcrumb":{"@id":"https:\/\/www.welovecycling.com\/wide\/letape-26\/#breadcrumb"},"inLanguage":"en-US","potentialAction":[{"@type":"ReadAction","target":["https:\/\/www.welovecycling.com\/wide\/letape-26\/"]}]},{"@type":"ImageObject","inLanguage":"en-US","@id":"https:\/\/www.welovecycling.com\/wide\/letape-26\/#primaryimage","url":"https:\/\/d2p6e6u75xmxt8.cloudfront.net\/2\/2026\/04\/hero-letape26.webp","contentUrl":"https:\/\/d2p6e6u75xmxt8.cloudfront.net\/2\/2026\/04\/hero-letape26.webp","width":1920,"height":800},{"@type":"BreadcrumbList","@id":"https:\/\/www.welovecycling.com\/wide\/letape-26\/#breadcrumb","itemListElement":[{"@type":"ListItem","position":1,"name":"Home","item":"https:\/\/www.welovecycling.com\/wide\/"},{"@type":"ListItem","position":2,"name":"L\u2019\u00c9tape 26"}]},{"@type":"WebSite","@id":"https:\/\/www.welovecycling.com\/wide\/#website","url":"https:\/\/www.welovecycling.com\/wide\/","name":"\u0160koda We Love Cycling","description":"\u0160koda We Love Cycling magazine","alternateName":"\u0160koda WLC","potentialAction":[{"@type":"SearchAction","target":{"@type":"EntryPoint","urlTemplate":"https:\/\/www.welovecycling.com\/wide\/?s={search_term_string}"},"query-input":{"@type":"PropertyValueSpecification","valueRequired":true,"valueName":"search_term_string"}}],"inLanguage":"en-US"}]}},"_links":{"self":[{"href":"https:\/\/www.welovecycling.com\/wide\/wp-json\/wp\/v2\/pages\/204901","targetHints":{"allow":["GET"]}}],"collection":[{"href":"https:\/\/www.welovecycling.com\/wide\/wp-json\/wp\/v2\/pages"}],"about":[{"href":"https:\/\/www.welovecycling.com\/wide\/wp-json\/wp\/v2\/types\/page"}],"author":[{"embeddable":true,"href":"https:\/\/www.welovecycling.com\/wide\/wp-json\/wp\/v2\/users\/199"}],"replies":[{"embeddable":true,"href":"https:\/\/www.welovecycling.com\/wide\/wp-json\/wp\/v2\/comments?post=204901"}],"version-history":[{"count":4,"href":"https:\/\/www.welovecycling.com\/wide\/wp-json\/wp\/v2\/pages\/204901\/revisions"}],"predecessor-version":[{"id":205073,"href":"https:\/\/www.welovecycling.com\/wide\/wp-json\/wp\/v2\/pages\/204901\/revisions\/205073"}],"wp:featuredmedia":[{"embeddable":true,"href":"https:\/\/www.welovecycling.com\/wide\/wp-json\/wp\/v2\/media\/204995"}],"wp:attachment":[{"href":"https:\/\/www.welovecycling.com\/wide\/wp-json\/wp\/v2\/media?parent=204901"}],"wp:term":[{"taxonomy":"post_tag","embeddable":true,"href":"https:\/\/www.welovecycling.com\/wide\/wp-json\/wp\/v2\/tags?post=204901"}],"curies":[{"name":"wp","href":"https:\/\/api.w.org\/{rel}","templated":true}]}}