{"id":201750,"date":"2025-09-05T11:28:47","date_gmt":"2025-09-05T11:28:47","guid":{"rendered":"https:\/\/www.welovecycling.com\/wide\/?page_id=201750"},"modified":"2025-09-05T11:44:59","modified_gmt":"2025-09-05T11:44:59","slug":"at","status":"publish","type":"page","link":"https:\/\/www.welovecycling.com\/wide\/2025-uci-world-championships\/at\/","title":{"rendered":"Find Your Adventure 2025: Trage den Schlamm wie ein Ehrenabzeichen!"},"content":{"rendered":"","protected":false},"excerpt":{"rendered":"","protected":false},"author":199,"featured_media":201753,"parent":199295,"menu_order":0,"comment_status":"closed","ping_status":"closed","template":"\/var\/www\/html\/web\/app\/plugins\/avenga-find-your-adventure\/templates\/template-find-your-adventure.php","meta":{"footnotes":""},"tags":[],"class_list":["post-201750","page","type-page","status-publish","has-post-thumbnail","hentry"],"yoast_head":"<!-- This site is optimized with the Yoast SEO Premium plugin v25.3 (Yoast SEO v25.9) - https:\/\/yoast.com\/wordpress\/plugins\/seo\/ -->\n<title>Find Your Adventure 2025: Trage den Schlamm wie ein Ehrenabzeichen! - \u0160koda We Love Cycling<\/title>\n<meta name=\"robots\" content=\"index, follow, max-snippet:-1, max-image-preview:large, max-video-preview:-1\" \/>\n<link rel=\"canonical\" href=\"https:\/\/www.welovecycling.com\/wide\/2025-uci-world-championships\/at\/\" \/>\n<meta property=\"og:locale\" content=\"en_US\" \/>\n<meta property=\"og:type\" content=\"article\" \/>\n<meta property=\"og:title\" content=\"Find Your Adventure 2025: Trage den Schlamm wie ein Ehrenabzeichen!\" \/>\n<meta property=\"og:url\" content=\"https:\/\/www.welovecycling.com\/wide\/2025-uci-world-championships\/at\/\" \/>\n<meta property=\"og:site_name\" content=\"\u0160koda We Love Cycling\" \/>\n<meta property=\"article:modified_time\" content=\"2025-09-05T11:44:59+00:00\" \/>\n<meta property=\"og:image\" content=\"https:\/\/d2p6e6u75xmxt8.cloudfront.net\/2\/2025\/09\/hero-update-1.webp\" \/>\n\t<meta property=\"og:image:width\" content=\"2560\" \/>\n\t<meta property=\"og:image:height\" content=\"1117\" \/>\n\t<meta property=\"og:image:type\" content=\"image\/webp\" \/>\n<meta name=\"twitter:card\" content=\"summary_large_image\" \/>\n<script type=\"application\/ld+json\" class=\"yoast-schema-graph\">{\"@context\":\"https:\/\/schema.org\",\"@graph\":[{\"@type\":\"WebPage\",\"@id\":\"https:\/\/www.welovecycling.com\/wide\/2025-uci-world-championships\/at\/\",\"url\":\"https:\/\/www.welovecycling.com\/wide\/2025-uci-world-championships\/at\/\",\"name\":\"Find Your Adventure 2025: Trage den Schlamm wie ein Ehrenabzeichen! - \u0160koda We Love Cycling\",\"isPartOf\":{\"@id\":\"https:\/\/www.welovecycling.com\/wide\/#website\"},\"primaryImageOfPage\":{\"@id\":\"https:\/\/www.welovecycling.com\/wide\/2025-uci-world-championships\/at\/#primaryimage\"},\"image\":{\"@id\":\"https:\/\/www.welovecycling.com\/wide\/2025-uci-world-championships\/at\/#primaryimage\"},\"thumbnailUrl\":\"https:\/\/d2p6e6u75xmxt8.cloudfront.net\/2\/2025\/09\/hero-update-1.webp\",\"datePublished\":\"2025-09-05T11:28:47+00:00\",\"dateModified\":\"2025-09-05T11:44:59+00:00\",\"breadcrumb\":{\"@id\":\"https:\/\/www.welovecycling.com\/wide\/2025-uci-world-championships\/at\/#breadcrumb\"},\"inLanguage\":\"en-US\",\"potentialAction\":[{\"@type\":\"ReadAction\",\"target\":[\"https:\/\/www.welovecycling.com\/wide\/2025-uci-world-championships\/at\/\"]}]},{\"@type\":\"ImageObject\",\"inLanguage\":\"en-US\",\"@id\":\"https:\/\/www.welovecycling.com\/wide\/2025-uci-world-championships\/at\/#primaryimage\",\"url\":\"https:\/\/d2p6e6u75xmxt8.cloudfront.net\/2\/2025\/09\/hero-update-1.webp\",\"contentUrl\":\"https:\/\/d2p6e6u75xmxt8.cloudfront.net\/2\/2025\/09\/hero-update-1.webp\",\"width\":2560,\"height\":1117},{\"@type\":\"BreadcrumbList\",\"@id\":\"https:\/\/www.welovecycling.com\/wide\/2025-uci-world-championships\/at\/#breadcrumb\",\"itemListElement\":[{\"@type\":\"ListItem\",\"position\":1,\"name\":\"Home\",\"item\":\"https:\/\/www.welovecycling.com\/wide\/\"},{\"@type\":\"ListItem\",\"position\":2,\"name\":\"Find Your Adventure 2025: Wear mud like a badge of honour!\",\"item\":\"https:\/\/www.welovecycling.com\/wide\/2025-uci-world-championships\/\"},{\"@type\":\"ListItem\",\"position\":3,\"name\":\"Find Your Adventure 2025: Trage den Schlamm wie ein Ehrenabzeichen!\"}]},{\"@type\":\"WebSite\",\"@id\":\"https:\/\/www.welovecycling.com\/wide\/#website\",\"url\":\"https:\/\/www.welovecycling.com\/wide\/\",\"name\":\"\u0160koda We Love Cycling\",\"description\":\"\u0160koda We Love Cycling magazine\",\"alternateName\":\"\u0160koda WLC\",\"potentialAction\":[{\"@type\":\"SearchAction\",\"target\":{\"@type\":\"EntryPoint\",\"urlTemplate\":\"https:\/\/www.welovecycling.com\/wide\/?s={search_term_string}\"},\"query-input\":{\"@type\":\"PropertyValueSpecification\",\"valueRequired\":true,\"valueName\":\"search_term_string\"}}],\"inLanguage\":\"en-US\"}]}<\/script>\n<!-- \/ Yoast SEO Premium plugin. -->","yoast_head_json":{"title":"Find Your Adventure 2025: Trage den Schlamm wie ein Ehrenabzeichen! - \u0160koda We Love Cycling","robots":{"index":"index","follow":"follow","max-snippet":"max-snippet:-1","max-image-preview":"max-image-preview:large","max-video-preview":"max-video-preview:-1"},"canonical":"https:\/\/www.welovecycling.com\/wide\/2025-uci-world-championships\/at\/","og_locale":"en_US","og_type":"article","og_title":"Find Your Adventure 2025: Trage den Schlamm wie ein Ehrenabzeichen!","og_url":"https:\/\/www.welovecycling.com\/wide\/2025-uci-world-championships\/at\/","og_site_name":"\u0160koda We Love Cycling","article_modified_time":"2025-09-05T11:44:59+00:00","og_image":[{"width":2560,"height":1117,"url":"https:\/\/d2p6e6u75xmxt8.cloudfront.net\/2\/2025\/09\/hero-update-1.webp","type":"image\/webp"}],"twitter_card":"summary_large_image","schema":{"@context":"https:\/\/schema.org","@graph":[{"@type":"WebPage","@id":"https:\/\/www.welovecycling.com\/wide\/2025-uci-world-championships\/at\/","url":"https:\/\/www.welovecycling.com\/wide\/2025-uci-world-championships\/at\/","name":"Find Your Adventure 2025: Trage den Schlamm wie ein Ehrenabzeichen! - \u0160koda We Love Cycling","isPartOf":{"@id":"https:\/\/www.welovecycling.com\/wide\/#website"},"primaryImageOfPage":{"@id":"https:\/\/www.welovecycling.com\/wide\/2025-uci-world-championships\/at\/#primaryimage"},"image":{"@id":"https:\/\/www.welovecycling.com\/wide\/2025-uci-world-championships\/at\/#primaryimage"},"thumbnailUrl":"https:\/\/d2p6e6u75xmxt8.cloudfront.net\/2\/2025\/09\/hero-update-1.webp","datePublished":"2025-09-05T11:28:47+00:00","dateModified":"2025-09-05T11:44:59+00:00","breadcrumb":{"@id":"https:\/\/www.welovecycling.com\/wide\/2025-uci-world-championships\/at\/#breadcrumb"},"inLanguage":"en-US","potentialAction":[{"@type":"ReadAction","target":["https:\/\/www.welovecycling.com\/wide\/2025-uci-world-championships\/at\/"]}]},{"@type":"ImageObject","inLanguage":"en-US","@id":"https:\/\/www.welovecycling.com\/wide\/2025-uci-world-championships\/at\/#primaryimage","url":"https:\/\/d2p6e6u75xmxt8.cloudfront.net\/2\/2025\/09\/hero-update-1.webp","contentUrl":"https:\/\/d2p6e6u75xmxt8.cloudfront.net\/2\/2025\/09\/hero-update-1.webp","width":2560,"height":1117},{"@type":"BreadcrumbList","@id":"https:\/\/www.welovecycling.com\/wide\/2025-uci-world-championships\/at\/#breadcrumb","itemListElement":[{"@type":"ListItem","position":1,"name":"Home","item":"https:\/\/www.welovecycling.com\/wide\/"},{"@type":"ListItem","position":2,"name":"Find Your Adventure 2025: Wear mud like a badge of honour!","item":"https:\/\/www.welovecycling.com\/wide\/2025-uci-world-championships\/"},{"@type":"ListItem","position":3,"name":"Find Your Adventure 2025: Trage den Schlamm wie ein Ehrenabzeichen!"}]},{"@type":"WebSite","@id":"https:\/\/www.welovecycling.com\/wide\/#website","url":"https:\/\/www.welovecycling.com\/wide\/","name":"\u0160koda We Love Cycling","description":"\u0160koda We Love Cycling magazine","alternateName":"\u0160koda WLC","potentialAction":[{"@type":"SearchAction","target":{"@type":"EntryPoint","urlTemplate":"https:\/\/www.welovecycling.com\/wide\/?s={search_term_string}"},"query-input":{"@type":"PropertyValueSpecification","valueRequired":true,"valueName":"search_term_string"}}],"inLanguage":"en-US"}]}},"_links":{"self":[{"href":"https:\/\/www.welovecycling.com\/wide\/wp-json\/wp\/v2\/pages\/201750","targetHints":{"allow":["GET"]}}],"collection":[{"href":"https:\/\/www.welovecycling.com\/wide\/wp-json\/wp\/v2\/pages"}],"about":[{"href":"https:\/\/www.welovecycling.com\/wide\/wp-json\/wp\/v2\/types\/page"}],"author":[{"embeddable":true,"href":"https:\/\/www.welovecycling.com\/wide\/wp-json\/wp\/v2\/users\/199"}],"replies":[{"embeddable":true,"href":"https:\/\/www.welovecycling.com\/wide\/wp-json\/wp\/v2\/comments?post=201750"}],"version-history":[{"count":1,"href":"https:\/\/www.welovecycling.com\/wide\/wp-json\/wp\/v2\/pages\/201750\/revisions"}],"predecessor-version":[{"id":201751,"href":"https:\/\/www.welovecycling.com\/wide\/wp-json\/wp\/v2\/pages\/201750\/revisions\/201751"}],"up":[{"embeddable":true,"href":"https:\/\/www.welovecycling.com\/wide\/wp-json\/wp\/v2\/pages\/199295"}],"wp:featuredmedia":[{"embeddable":true,"href":"https:\/\/www.welovecycling.com\/wide\/wp-json\/wp\/v2\/media\/201753"}],"wp:attachment":[{"href":"https:\/\/www.welovecycling.com\/wide\/wp-json\/wp\/v2\/media?parent=201750"}],"wp:term":[{"taxonomy":"post_tag","embeddable":true,"href":"https:\/\/www.welovecycling.com\/wide\/wp-json\/wp\/v2\/tags?post=201750"}],"curies":[{"name":"wp","href":"https:\/\/api.w.org\/{rel}","templated":true}]}}