{"id":201320,"date":"2025-09-03T06:48:02","date_gmt":"2025-09-03T06:48:02","guid":{"rendered":"https:\/\/www.welovecycling.com\/wide\/?page_id=201320"},"modified":"2026-01-07T09:58:52","modified_gmt":"2026-01-07T09:58:52","slug":"be-nl","status":"publish","type":"page","link":"https:\/\/www.welovecycling.com\/wide\/130-anniversary\/be-nl\/","title":{"rendered":"\u0160koda en fietsen"},"content":{"rendered":"","protected":false},"excerpt":{"rendered":"","protected":false},"author":199,"featured_media":201629,"parent":201042,"menu_order":0,"comment_status":"closed","ping_status":"closed","template":"\/var\/www\/html\/web\/app\/plugins\/avenga-130-years\/templates\/template-hijack.php","meta":{"footnotes":""},"tags":[],"class_list":["post-201320","page","type-page","status-publish","has-post-thumbnail","hentry"],"yoast_head":"<!-- This site is optimized with the Yoast SEO Premium plugin v25.3 (Yoast SEO v25.9) - https:\/\/yoast.com\/wordpress\/plugins\/seo\/ -->\n<title>\u0160koda en fietsen - \u0160koda We Love Cycling<\/title>\n<meta name=\"description\" content=\"\u0160koda fietsgeschiedenis uitgelegd: ontdek hoe fietsen het merk vormgaven, van de iconische Slavia-fiets tot een blijvende toewijding aan de wielersport.\" \/>\n<meta name=\"robots\" content=\"index, follow, max-snippet:-1, max-image-preview:large, max-video-preview:-1\" \/>\n<link rel=\"canonical\" href=\"https:\/\/www.welovecycling.com\/wide\/130-anniversary\/be-nl\/\" \/>\n<meta property=\"og:locale\" content=\"en_US\" \/>\n<meta property=\"og:type\" content=\"article\" \/>\n<meta property=\"og:title\" content=\"\u0160koda en fietsen\" \/>\n<meta property=\"og:description\" content=\"\u0160koda fietsgeschiedenis uitgelegd: ontdek hoe fietsen het merk vormgaven, van de iconische Slavia-fiets tot een blijvende toewijding aan de wielersport.\" \/>\n<meta property=\"og:url\" content=\"https:\/\/www.welovecycling.com\/wide\/130-anniversary\/be-nl\/\" \/>\n<meta property=\"og:site_name\" content=\"\u0160koda We Love Cycling\" \/>\n<meta property=\"article:modified_time\" content=\"2026-01-07T09:58:52+00:00\" \/>\n<meta property=\"og:image\" content=\"https:\/\/d2p6e6u75xmxt8.cloudfront.net\/2\/2025\/09\/social-130.webp\" \/>\n\t<meta property=\"og:image:width\" content=\"1390\" \/>\n\t<meta property=\"og:image:height\" content=\"744\" \/>\n\t<meta property=\"og:image:type\" content=\"image\/webp\" \/>\n<meta name=\"twitter:card\" content=\"summary_large_image\" \/>\n<script type=\"application\/ld+json\" class=\"yoast-schema-graph\">{\"@context\":\"https:\/\/schema.org\",\"@graph\":[{\"@type\":\"WebPage\",\"@id\":\"https:\/\/www.welovecycling.com\/wide\/130-anniversary\/be-nl\/\",\"url\":\"https:\/\/www.welovecycling.com\/wide\/130-anniversary\/be-nl\/\",\"name\":\"\u0160koda en fietsen - \u0160koda We Love Cycling\",\"isPartOf\":{\"@id\":\"https:\/\/www.welovecycling.com\/wide\/#website\"},\"primaryImageOfPage\":{\"@id\":\"https:\/\/www.welovecycling.com\/wide\/130-anniversary\/be-nl\/#primaryimage\"},\"image\":{\"@id\":\"https:\/\/www.welovecycling.com\/wide\/130-anniversary\/be-nl\/#primaryimage\"},\"thumbnailUrl\":\"https:\/\/d2p6e6u75xmxt8.cloudfront.net\/2\/2025\/09\/social-130.webp\",\"datePublished\":\"2025-09-03T06:48:02+00:00\",\"dateModified\":\"2026-01-07T09:58:52+00:00\",\"description\":\"\u0160koda fietsgeschiedenis uitgelegd: ontdek hoe fietsen het merk vormgaven, van de iconische Slavia-fiets tot een blijvende toewijding aan de wielersport.\",\"breadcrumb\":{\"@id\":\"https:\/\/www.welovecycling.com\/wide\/130-anniversary\/be-nl\/#breadcrumb\"},\"inLanguage\":\"en-US\",\"potentialAction\":[{\"@type\":\"ReadAction\",\"target\":[\"https:\/\/www.welovecycling.com\/wide\/130-anniversary\/be-nl\/\"]}]},{\"@type\":\"ImageObject\",\"inLanguage\":\"en-US\",\"@id\":\"https:\/\/www.welovecycling.com\/wide\/130-anniversary\/be-nl\/#primaryimage\",\"url\":\"https:\/\/d2p6e6u75xmxt8.cloudfront.net\/2\/2025\/09\/social-130.webp\",\"contentUrl\":\"https:\/\/d2p6e6u75xmxt8.cloudfront.net\/2\/2025\/09\/social-130.webp\",\"width\":1390,\"height\":744},{\"@type\":\"BreadcrumbList\",\"@id\":\"https:\/\/www.welovecycling.com\/wide\/130-anniversary\/be-nl\/#breadcrumb\",\"itemListElement\":[{\"@type\":\"ListItem\",\"position\":1,\"name\":\"Home\",\"item\":\"https:\/\/www.welovecycling.com\/wide\/\"},{\"@type\":\"ListItem\",\"position\":2,\"name\":\"\u0160koda and Cycling\",\"item\":\"https:\/\/www.welovecycling.com\/wide\/130-anniversary\/\"},{\"@type\":\"ListItem\",\"position\":3,\"name\":\"\u0160koda en fietsen\"}]},{\"@type\":\"WebSite\",\"@id\":\"https:\/\/www.welovecycling.com\/wide\/#website\",\"url\":\"https:\/\/www.welovecycling.com\/wide\/\",\"name\":\"\u0160koda We Love Cycling\",\"description\":\"\u0160koda We Love Cycling magazine\",\"alternateName\":\"\u0160koda WLC\",\"potentialAction\":[{\"@type\":\"SearchAction\",\"target\":{\"@type\":\"EntryPoint\",\"urlTemplate\":\"https:\/\/www.welovecycling.com\/wide\/?s={search_term_string}\"},\"query-input\":{\"@type\":\"PropertyValueSpecification\",\"valueRequired\":true,\"valueName\":\"search_term_string\"}}],\"inLanguage\":\"en-US\"}]}<\/script>\n<!-- \/ Yoast SEO Premium plugin. -->","yoast_head_json":{"title":"\u0160koda en fietsen - \u0160koda We Love Cycling","description":"\u0160koda fietsgeschiedenis uitgelegd: ontdek hoe fietsen het merk vormgaven, van de iconische Slavia-fiets tot een blijvende toewijding aan de wielersport.","robots":{"index":"index","follow":"follow","max-snippet":"max-snippet:-1","max-image-preview":"max-image-preview:large","max-video-preview":"max-video-preview:-1"},"canonical":"https:\/\/www.welovecycling.com\/wide\/130-anniversary\/be-nl\/","og_locale":"en_US","og_type":"article","og_title":"\u0160koda en fietsen","og_description":"\u0160koda fietsgeschiedenis uitgelegd: ontdek hoe fietsen het merk vormgaven, van de iconische Slavia-fiets tot een blijvende toewijding aan de wielersport.","og_url":"https:\/\/www.welovecycling.com\/wide\/130-anniversary\/be-nl\/","og_site_name":"\u0160koda We Love Cycling","article_modified_time":"2026-01-07T09:58:52+00:00","og_image":[{"width":1390,"height":744,"url":"https:\/\/d2p6e6u75xmxt8.cloudfront.net\/2\/2025\/09\/social-130.webp","type":"image\/webp"}],"twitter_card":"summary_large_image","schema":{"@context":"https:\/\/schema.org","@graph":[{"@type":"WebPage","@id":"https:\/\/www.welovecycling.com\/wide\/130-anniversary\/be-nl\/","url":"https:\/\/www.welovecycling.com\/wide\/130-anniversary\/be-nl\/","name":"\u0160koda en fietsen - \u0160koda We Love Cycling","isPartOf":{"@id":"https:\/\/www.welovecycling.com\/wide\/#website"},"primaryImageOfPage":{"@id":"https:\/\/www.welovecycling.com\/wide\/130-anniversary\/be-nl\/#primaryimage"},"image":{"@id":"https:\/\/www.welovecycling.com\/wide\/130-anniversary\/be-nl\/#primaryimage"},"thumbnailUrl":"https:\/\/d2p6e6u75xmxt8.cloudfront.net\/2\/2025\/09\/social-130.webp","datePublished":"2025-09-03T06:48:02+00:00","dateModified":"2026-01-07T09:58:52+00:00","description":"\u0160koda fietsgeschiedenis uitgelegd: ontdek hoe fietsen het merk vormgaven, van de iconische Slavia-fiets tot een blijvende toewijding aan de wielersport.","breadcrumb":{"@id":"https:\/\/www.welovecycling.com\/wide\/130-anniversary\/be-nl\/#breadcrumb"},"inLanguage":"en-US","potentialAction":[{"@type":"ReadAction","target":["https:\/\/www.welovecycling.com\/wide\/130-anniversary\/be-nl\/"]}]},{"@type":"ImageObject","inLanguage":"en-US","@id":"https:\/\/www.welovecycling.com\/wide\/130-anniversary\/be-nl\/#primaryimage","url":"https:\/\/d2p6e6u75xmxt8.cloudfront.net\/2\/2025\/09\/social-130.webp","contentUrl":"https:\/\/d2p6e6u75xmxt8.cloudfront.net\/2\/2025\/09\/social-130.webp","width":1390,"height":744},{"@type":"BreadcrumbList","@id":"https:\/\/www.welovecycling.com\/wide\/130-anniversary\/be-nl\/#breadcrumb","itemListElement":[{"@type":"ListItem","position":1,"name":"Home","item":"https:\/\/www.welovecycling.com\/wide\/"},{"@type":"ListItem","position":2,"name":"\u0160koda and Cycling","item":"https:\/\/www.welovecycling.com\/wide\/130-anniversary\/"},{"@type":"ListItem","position":3,"name":"\u0160koda en fietsen"}]},{"@type":"WebSite","@id":"https:\/\/www.welovecycling.com\/wide\/#website","url":"https:\/\/www.welovecycling.com\/wide\/","name":"\u0160koda We Love Cycling","description":"\u0160koda We Love Cycling magazine","alternateName":"\u0160koda WLC","potentialAction":[{"@type":"SearchAction","target":{"@type":"EntryPoint","urlTemplate":"https:\/\/www.welovecycling.com\/wide\/?s={search_term_string}"},"query-input":{"@type":"PropertyValueSpecification","valueRequired":true,"valueName":"search_term_string"}}],"inLanguage":"en-US"}]}},"_links":{"self":[{"href":"https:\/\/www.welovecycling.com\/wide\/wp-json\/wp\/v2\/pages\/201320","targetHints":{"allow":["GET"]}}],"collection":[{"href":"https:\/\/www.welovecycling.com\/wide\/wp-json\/wp\/v2\/pages"}],"about":[{"href":"https:\/\/www.welovecycling.com\/wide\/wp-json\/wp\/v2\/types\/page"}],"author":[{"embeddable":true,"href":"https:\/\/www.welovecycling.com\/wide\/wp-json\/wp\/v2\/users\/199"}],"replies":[{"embeddable":true,"href":"https:\/\/www.welovecycling.com\/wide\/wp-json\/wp\/v2\/comments?post=201320"}],"version-history":[{"count":2,"href":"https:\/\/www.welovecycling.com\/wide\/wp-json\/wp\/v2\/pages\/201320\/revisions"}],"predecessor-version":[{"id":204488,"href":"https:\/\/www.welovecycling.com\/wide\/wp-json\/wp\/v2\/pages\/201320\/revisions\/204488"}],"up":[{"embeddable":true,"href":"https:\/\/www.welovecycling.com\/wide\/wp-json\/wp\/v2\/pages\/201042"}],"wp:featuredmedia":[{"embeddable":true,"href":"https:\/\/www.welovecycling.com\/wide\/wp-json\/wp\/v2\/media\/201629"}],"wp:attachment":[{"href":"https:\/\/www.welovecycling.com\/wide\/wp-json\/wp\/v2\/media?parent=201320"}],"wp:term":[{"taxonomy":"post_tag","embeddable":true,"href":"https:\/\/www.welovecycling.com\/wide\/wp-json\/wp\/v2\/tags?post=201320"}],"curies":[{"name":"wp","href":"https:\/\/api.w.org\/{rel}","templated":true}]}}