{"id":199544,"date":"2025-08-12T12:47:45","date_gmt":"2025-08-12T12:47:45","guid":{"rendered":"https:\/\/www.welovecycling.com\/wide\/?page_id=199544"},"modified":"2025-08-15T14:20:32","modified_gmt":"2025-08-15T14:20:32","slug":"terms","status":"publish","type":"page","link":"https:\/\/www.welovecycling.com\/wide\/la-vuelta-2025\/be-nl\/terms\/","title":{"rendered":"Regels"},"content":{"rendered":"<p><strong>Regels van de \u201c2025 La Vuelta Wedstrijd\u201d<\/strong><br \/>\nDeze regels regelen de voorwaarden van de \u201c2025 La Vuelta Wedstrijd\u201d (hierna de \u201cWedstrijd\u201d genoemd) en vormen het enige document dat volledig en bindend de regels van deze wedstrijd regelt.<\/p>\n<p><strong>Gastheer en organisator van de Wedstrijd<\/strong><br \/>\nDe gastheer van de Wedstrijd is \u0160koda Auto a.s., een naamloze vennootschap met statutaire zetel te t\u0159. V\u00e1clava Klementa 869, 293 01 Mlad\u00e1 Boleslav, Tsjechi\u00eb, KvK-nummer 00177041, geregistreerd in het handelsregister bijgehouden door de rechtbank van Praag, sectie B, dossiernummer 332 (hierna de \u201cGastheer\u201d genoemd).<br \/>\nDe organisator van de Wedstrijd, verantwoordelijk voor de praktische uitvoering, is MUSTARD s.r.o., gevestigd te Praag 1 \u2013 Nov\u00e9 M\u011bsto, Masarykovo n\u00e1b\u0159. 246, 110 00, Tsjechi\u00eb, KvK-nummer 28531418, geregistreerd in het handelsregister bijgehouden door de rechtbank van Praag, sectie C, dossiernummer 148383.<br \/>\n(hierna de \u201cOrganisator\u201d genoemd)<\/p>\n<p><strong>Voorwaarden en locatie van de Wedstrijd, Wedstrijdperiodes<\/strong><br \/>\n\u25cf Wedstrijdperiode \u2013 00:01 (CET) op 23.08.2025 tot 23:59 (CET) op 14.09.2025<\/p>\n<p>De Wedstrijd vindt plaats op de website <a href=\"http:\/\/www.welovecycling.com\">www.welovecycling.com<\/a> (hierna de \u201cWedstrijdwebsite\u201d genoemd), waar ook de communicatie met deelnemers plaatsvindt.<\/p>\n<p><strong>Deelnemers aan de Wedstrijd<\/strong><br \/>\nIedere natuurlijke persoon van 18 jaar of ouder die woonachtig is in een van de landen waar de Wedstrijd plaatsvindt, kan deelnemen. De Wedstrijd wordt gehouden in de volgende landen: ANDORRA, AUSTRALI\u00cb, OOSTENRIJK, BELGI\u00cb, BOSNI\u00cb, BULGARIJE, KROATI\u00cb, TSJECHISCHE REPUBLIEK, DENEMARKEN, ESTLAND, FINLAND, FRANKRIJK, DUITSLAND, VERENIGD KONINKRIJK, GRIEKENLAND, HONGARIJE, IJSLAND, IERLAND, ITALI\u00cb, LETLAND, LIECHTENSTEIN, LITOUWEN, LUXEMBURG, MONTENEGRO, NEDERLAND, NOORWEGEN, POLEN, PORTUGAL, ROEMENI\u00cb, SERVI\u00cb, SLOWAKIJE, SLOVENI\u00cb, SPANJE, ZWEDEN, ZWITSERLAND, OEKRA\u00cfNE.<\/p>\n<p>Om deel te nemen is registratie op de Wedstrijdwebsite vereist tijdens de Wedstrijdperiode, waarbij onvoorwaardelijke aanvaarding van dit reglement verplicht is. Bij registratie (via het deelnameformulier) wordt gevraagd naar persoonlijke gegevens \u2013 een e-mailadres \u2013 die uitsluitend voor deze Wedstrijd zullen worden gebruikt.<\/p>\n<p>Elke deelnemer mag zich slechts \u00e9\u00e9n keer registreren met zijn of haar eigen e-mailadres. De Gastheer behoudt zich het recht voor om naleving van deze regel technisch en organisatorisch te controleren.<\/p>\n<p>Personen die bij de organisatie van de Wedstrijd betrokken zijn, met name medewerkers of opdrachtnemers van de Gastheer of Organisator, zijn uitgesloten van deelname, evenals medewerkers van deelnemende \u0160koda-partners of agentschappen die belast zijn met de uitvoering van de Wedstrijd, en hun familieleden of naasten.<\/p>\n<p><strong>Werking van de Wedstrijd, bepaling van winnaars<\/strong><br \/>\nDeelnemers dienen drie vragen correct te beantwoorden. Alle deelnemers die deze correct beantwoorden en zich registreren op de We Love Cycling-website maken kans op een prijs.<\/p>\n<p>Prijzen worden toegekend aan deelnemers die alle vragen correct beantwoorden en zich op posities 1\/17, 2\/17, 3\/17, 4\/17, 5\/17, 6\/17, 7\/17, 8\/17, 9\/17, 10\/17, 11\/17, 12\/17 en 13\/17 bevinden op de deelnemerslijst. Indien het aantal deelnemers niet deelbaar is door 17, wordt naar beneden afgerond op het dichtstbijzijnde gehele getal dat deelbaar is door 17.<\/p>\n<p>De deelnemerslijst wordt chronologisch gerangschikt op basis van het moment van inzending. De deelnemers op bovenstaande posities zijn de winnaars.<\/p>\n<p>De Gastheer informeert de winnaars binnen vijf dagen na het einde van de Wedstrijdperiode via het opgegeven e-mailadres. De winnaars moeten contactgegevens verstrekken voor verzending of overdracht van de prijs. Indien zij niet reageren binnen 24 uur na de e-mail (ook bij herhaald verzenden), vervalt de prijs zonder compensatie.<\/p>\n<p><strong>Prijzen<\/strong><br \/>\n\u25cf 1x Hoogwaardig \u0160koda gravel-fiets<br \/>\n\u25cf 2x Avontuurlijke bikepacking-set<br \/>\n\u25cf 10x \u0160koda La Vuelta Groene Trui<\/p>\n<p>Vanwege mogelijke leveringsvertragingen bij onderdelen kan de aflevering van de fietsen tot 8 maanden duren. Deze vertraging is buiten onze controle en heeft te maken met onderdelenvoorziening.<\/p>\n<p><strong>Informatie over verwerking van persoonsgegevens<\/strong><br \/>\nDe Gastheer, als verwerkingsverantwoordelijke volgens de Algemene Verordening Gegevensbescherming (Verordening (EU) 2016\/679), verstrekt hierbij informatie over gegevensverwerking en uw rechten:<\/p>\n<p>Activiteit:<br \/>\n\u2013 Organisatie van wedstrijden en eerlijke stemprocedures<\/p>\n<p>Wettelijke basis:<br \/>\n\u2013 Uitvoering van een contract (dit reglement)<\/p>\n<p>Categorie\u00ebn persoonsgegevens:<br \/>\n\u2013 Identificatiegegevens, contactgegevens, communicatiegegevens<\/p>\n<p>Verwerkingsduur:<br \/>\n\u2013 E\u00e9n jaar na afloop van de Wedstrijd<\/p>\n<p>Ontvangers\/verwerkers:<br \/>\n\u2013 Verwerker: MUSTARD s.r.o.<br \/>\n\u2013 Op verzoek: rechtbanken, politie, andere autoriteiten<\/p>\n<p>Bron van gegevens:<br \/>\n\u2013 Rechtstreeks van u<\/p>\n<p>Doorgifte aan derde landen:<br \/>\n\u2013 Niet van toepassing<\/p>\n<p>Geautomatiseerde besluitvorming:<br \/>\n\u2013 Niet van toepassing<\/p>\n<p>Overige verwerking:<br \/>\n\u2013 Mogelijk gebruik voor archivering, wetenschappelijk of historisch onderzoek, juridische doeleinden<\/p>\n<p>Uw rechten:<br \/>\n\u2013 Inzage, rectificatie, verwijdering, beperking, overdraagbaarheid, bezwaar tegen geautomatiseerde besluiten<\/p>\n<p>Rechten uitoefenen via:<br \/>\n\u2013 Online: <a href=\"https:\/\/www.skoda-auto.com\/data-privacy\">https:\/\/www.skoda-auto.com\/data-privacy<\/a><br \/>\n\u2013 Per post: \u0160koda Auto a.s., Data Protection Office, t\u0159. V\u00e1clava Klementa 869, 293 01 Mlad\u00e1 Boleslav, Tsjechi\u00eb<\/p>\n<p>Functionaris voor gegevensbescherming:<br \/>\n\u2013 dpo@skoda-auto.cz<\/p>\n<p>Toezichthoudende autoriteit:<br \/>\n\u2013 Tsjechisch Bureau voor gegevensbescherming, Pplk. Sochora 27, 170 00 Praag 7, +420 234 665 111, <a href=\"https:\/\/www.uoou.cz\">https:\/\/www.uoou.cz<\/a><\/p>\n<p><strong>Overige bepalingen<\/strong><br \/>\nDe Gastheer bepaalt de exacte specificaties van de prijzen. Afbeeldingen in promotiemateriaal zijn slechts illustratief. De Gastheer is niet aansprakelijk voor schade als gevolg van het gebruik van de prijs.<\/p>\n<p>De prijs is niet inwisselbaar voor geld of andere vervanging. De Gastheer is niet verplicht tot meer dan hetgeen in dit reglement is bepaald.<\/p>\n<p>De Gastheer is niet verantwoordelijk voor directe of indirecte schade door deelname. De deelnemer aanvaardt het risico verbonden aan het winnen. De uitslag van de Wedstrijd is bindend.<\/p>\n<p>Bij fraude of schending van de regels kan de deelnemer worden uitgesloten.<\/p>\n<p>De Gastheer is niet aansprakelijk voor technische fouten of communicatieproblemen. De Gastheer beslist definitief over klachten. De Gastheer behoudt zich het recht voor om de Wedstrijd in te korten, uit te stellen of te annuleren, of deze regels te wijzigen zonder compensatie, via melding op de Wedstrijdwebsite.<\/p>\n<p>Deze Wedstrijd valt onder het recht van de Tsjechische Republiek.<\/p>\n<p>&nbsp;<\/p>\n","protected":false},"excerpt":{"rendered":"<p>Regels van de \u201c2025 La Vuelta Wedstrijd\u201d Deze regels regelen de voorwaarden van de \u201c2025 La Vuelta Wedstrijd\u201d (hierna de [&hellip;]<\/p>\n","protected":false},"author":199,"featured_media":0,"parent":199511,"menu_order":0,"comment_status":"closed","ping_status":"closed","template":"templates\/template-empty-page-headline.php","meta":{"footnotes":""},"tags":[8642],"class_list":["post-199544","page","type-page","status-publish","hentry","tag-2025-la-vuelta"],"yoast_head":"<!-- This site is optimized with the Yoast SEO Premium plugin v25.3 (Yoast SEO v25.9) - https:\/\/yoast.com\/wordpress\/plugins\/seo\/ -->\n<title>Regels - \u0160koda We Love Cycling<\/title>\n<meta name=\"robots\" content=\"index, follow, max-snippet:-1, max-image-preview:large, max-video-preview:-1\" \/>\n<link rel=\"canonical\" href=\"https:\/\/www.welovecycling.com\/wide\/la-vuelta-2025\/be-nl\/terms\/\" \/>\n<meta property=\"og:locale\" content=\"en_US\" \/>\n<meta property=\"og:type\" content=\"article\" \/>\n<meta property=\"og:title\" content=\"Regels\" \/>\n<meta property=\"og:url\" content=\"https:\/\/www.welovecycling.com\/wide\/la-vuelta-2025\/be-nl\/terms\/\" \/>\n<meta property=\"og:site_name\" content=\"\u0160koda We Love Cycling\" \/>\n<meta property=\"article:modified_time\" content=\"2025-08-15T14:20:32+00:00\" \/>\n<meta name=\"twitter:card\" content=\"summary_large_image\" \/>\n<meta name=\"twitter:label1\" content=\"Est. reading time\" \/>\n\t<meta name=\"twitter:data1\" content=\"4 minutes\" \/>\n<script type=\"application\/ld+json\" class=\"yoast-schema-graph\">{\"@context\":\"https:\/\/schema.org\",\"@graph\":[{\"@type\":\"WebPage\",\"@id\":\"https:\/\/www.welovecycling.com\/wide\/la-vuelta-2025\/be-nl\/terms\/\",\"url\":\"https:\/\/www.welovecycling.com\/wide\/la-vuelta-2025\/be-nl\/terms\/\",\"name\":\"Regels - \u0160koda We Love Cycling\",\"isPartOf\":{\"@id\":\"https:\/\/www.welovecycling.com\/wide\/#website\"},\"datePublished\":\"2025-08-12T12:47:45+00:00\",\"dateModified\":\"2025-08-15T14:20:32+00:00\",\"breadcrumb\":{\"@id\":\"https:\/\/www.welovecycling.com\/wide\/la-vuelta-2025\/be-nl\/terms\/#breadcrumb\"},\"inLanguage\":\"en-US\",\"potentialAction\":[{\"@type\":\"ReadAction\",\"target\":[\"https:\/\/www.welovecycling.com\/wide\/la-vuelta-2025\/be-nl\/terms\/\"]}]},{\"@type\":\"BreadcrumbList\",\"@id\":\"https:\/\/www.welovecycling.com\/wide\/la-vuelta-2025\/be-nl\/terms\/#breadcrumb\",\"itemListElement\":[{\"@type\":\"ListItem\",\"position\":1,\"name\":\"Home\",\"item\":\"https:\/\/www.welovecycling.com\/wide\/\"},{\"@type\":\"ListItem\",\"position\":2,\"name\":\"La Vuelta 2025\",\"item\":\"https:\/\/www.welovecycling.com\/wide\/la-vuelta-2025\/\"},{\"@type\":\"ListItem\",\"position\":3,\"name\":\"La Vuelta 2025 BE-NL\",\"item\":\"https:\/\/www.welovecycling.com\/wide\/la-vuelta-2025\/be-nl\/\"},{\"@type\":\"ListItem\",\"position\":4,\"name\":\"Regels\"}]},{\"@type\":\"WebSite\",\"@id\":\"https:\/\/www.welovecycling.com\/wide\/#website\",\"url\":\"https:\/\/www.welovecycling.com\/wide\/\",\"name\":\"\u0160koda We Love Cycling\",\"description\":\"\u0160koda We Love Cycling magazine\",\"alternateName\":\"\u0160koda WLC\",\"potentialAction\":[{\"@type\":\"SearchAction\",\"target\":{\"@type\":\"EntryPoint\",\"urlTemplate\":\"https:\/\/www.welovecycling.com\/wide\/?s={search_term_string}\"},\"query-input\":{\"@type\":\"PropertyValueSpecification\",\"valueRequired\":true,\"valueName\":\"search_term_string\"}}],\"inLanguage\":\"en-US\"}]}<\/script>\n<!-- \/ Yoast SEO Premium plugin. -->","yoast_head_json":{"title":"Regels - \u0160koda We Love Cycling","robots":{"index":"index","follow":"follow","max-snippet":"max-snippet:-1","max-image-preview":"max-image-preview:large","max-video-preview":"max-video-preview:-1"},"canonical":"https:\/\/www.welovecycling.com\/wide\/la-vuelta-2025\/be-nl\/terms\/","og_locale":"en_US","og_type":"article","og_title":"Regels","og_url":"https:\/\/www.welovecycling.com\/wide\/la-vuelta-2025\/be-nl\/terms\/","og_site_name":"\u0160koda We Love Cycling","article_modified_time":"2025-08-15T14:20:32+00:00","twitter_card":"summary_large_image","twitter_misc":{"Est. reading time":"4 minutes"},"schema":{"@context":"https:\/\/schema.org","@graph":[{"@type":"WebPage","@id":"https:\/\/www.welovecycling.com\/wide\/la-vuelta-2025\/be-nl\/terms\/","url":"https:\/\/www.welovecycling.com\/wide\/la-vuelta-2025\/be-nl\/terms\/","name":"Regels - \u0160koda We Love Cycling","isPartOf":{"@id":"https:\/\/www.welovecycling.com\/wide\/#website"},"datePublished":"2025-08-12T12:47:45+00:00","dateModified":"2025-08-15T14:20:32+00:00","breadcrumb":{"@id":"https:\/\/www.welovecycling.com\/wide\/la-vuelta-2025\/be-nl\/terms\/#breadcrumb"},"inLanguage":"en-US","potentialAction":[{"@type":"ReadAction","target":["https:\/\/www.welovecycling.com\/wide\/la-vuelta-2025\/be-nl\/terms\/"]}]},{"@type":"BreadcrumbList","@id":"https:\/\/www.welovecycling.com\/wide\/la-vuelta-2025\/be-nl\/terms\/#breadcrumb","itemListElement":[{"@type":"ListItem","position":1,"name":"Home","item":"https:\/\/www.welovecycling.com\/wide\/"},{"@type":"ListItem","position":2,"name":"La Vuelta 2025","item":"https:\/\/www.welovecycling.com\/wide\/la-vuelta-2025\/"},{"@type":"ListItem","position":3,"name":"La Vuelta 2025 BE-NL","item":"https:\/\/www.welovecycling.com\/wide\/la-vuelta-2025\/be-nl\/"},{"@type":"ListItem","position":4,"name":"Regels"}]},{"@type":"WebSite","@id":"https:\/\/www.welovecycling.com\/wide\/#website","url":"https:\/\/www.welovecycling.com\/wide\/","name":"\u0160koda We Love Cycling","description":"\u0160koda We Love Cycling magazine","alternateName":"\u0160koda WLC","potentialAction":[{"@type":"SearchAction","target":{"@type":"EntryPoint","urlTemplate":"https:\/\/www.welovecycling.com\/wide\/?s={search_term_string}"},"query-input":{"@type":"PropertyValueSpecification","valueRequired":true,"valueName":"search_term_string"}}],"inLanguage":"en-US"}]}},"_links":{"self":[{"href":"https:\/\/www.welovecycling.com\/wide\/wp-json\/wp\/v2\/pages\/199544","targetHints":{"allow":["GET"]}}],"collection":[{"href":"https:\/\/www.welovecycling.com\/wide\/wp-json\/wp\/v2\/pages"}],"about":[{"href":"https:\/\/www.welovecycling.com\/wide\/wp-json\/wp\/v2\/types\/page"}],"author":[{"embeddable":true,"href":"https:\/\/www.welovecycling.com\/wide\/wp-json\/wp\/v2\/users\/199"}],"replies":[{"embeddable":true,"href":"https:\/\/www.welovecycling.com\/wide\/wp-json\/wp\/v2\/comments?post=199544"}],"version-history":[{"count":3,"href":"https:\/\/www.welovecycling.com\/wide\/wp-json\/wp\/v2\/pages\/199544\/revisions"}],"predecessor-version":[{"id":199557,"href":"https:\/\/www.welovecycling.com\/wide\/wp-json\/wp\/v2\/pages\/199544\/revisions\/199557"}],"up":[{"embeddable":true,"href":"https:\/\/www.welovecycling.com\/wide\/wp-json\/wp\/v2\/pages\/199511"}],"wp:attachment":[{"href":"https:\/\/www.welovecycling.com\/wide\/wp-json\/wp\/v2\/media?parent=199544"}],"wp:term":[{"taxonomy":"post_tag","embeddable":true,"href":"https:\/\/www.welovecycling.com\/wide\/wp-json\/wp\/v2\/tags?post=199544"}],"curies":[{"name":"wp","href":"https:\/\/api.w.org\/{rel}","templated":true}]}}