{"id":199415,"date":"2025-08-11T13:57:07","date_gmt":"2025-08-11T13:57:07","guid":{"rendered":"https:\/\/www.welovecycling.com\/wide\/?page_id=199415"},"modified":"2025-08-18T08:37:12","modified_gmt":"2025-08-18T08:37:12","slug":"2025-uci-world-championships-terms-and-conditions","status":"publish","type":"page","link":"https:\/\/www.welovecycling.com\/wide\/2025-uci-world-championships\/ch-de\/2025-uci-world-championships-terms-and-conditions\/","title":{"rendered":"Teilnahmebedingungen"},"content":{"rendered":"<p><strong>Regeln f\u00fcr den \u201e2025 FYA Contest\u201c<\/strong><\/p>\n<p>Diese Regeln regeln die Bedingungen des \u201e2025 FYA Contest\u201c (im Folgenden als \u201eWettbewerb\u201c bezeichnet) und sind das einzige Dokument, das die Regeln dieses Wettbewerbs vollst\u00e4ndig und verbindlich regelt.<\/p>\n<p><strong>Wettbewerbsveranstalter und Organisator<\/strong> Der Veranstalter des Wettbewerbs ist \u0160koda Auto a.s., eine Aktiengesellschaft mit Sitz in t\u0159. V\u00e1clava Klementa 869, 293 01 Mlad\u00e1 Boleslav, Tschechische Republik, Unternehmens-ID-Nummer 00177041, eingetragen im Handelsregister, gef\u00fchrt vom Stadtgericht in Prag, Abteilung B, Aktenzeichen 332 (im Folgenden als \u201eVeranstalter\u201c bezeichnet).<\/p>\n<p>Der Organisator des Wettbewerbs, der die praktischen Schritte bei der Durchf\u00fchrung \u00fcbernimmt, ist MUSTARD s.r.o., mit Sitz in Praha 1 \u2013 Nov\u00e9 M\u011bsto, Masarykovo n\u00e1b\u0159. 246, 110 00, Tschechische Republik, ID-Nr. 28531418, eingetragen im Handelsregister beim Stadtgericht in Prag in Abteilung C, Eintrag 148383 (im Folgenden als \u201eOrganisator\u201c bezeichnet).<\/p>\n<p>Der Wettbewerb wird auf der Website www.welovecycling.com (im Folgenden als \u201eWettbewerbswebsite\u201c bezeichnet) veranstaltet, auf der die Kommunikation mit den Teilnehmern in erster Linie stattfindet.<\/p>\n<p><strong>Teilnehmer des Wettbewerbs<\/strong> Am Wettbewerb kann jede nat\u00fcrliche Person teilnehmen, die das 18. Lebensjahr vollendet hat und in einem der L\u00e4nder wohnt, in denen der Wettbewerb durchgef\u00fchrt wird.<\/p>\n<p>Der Wettbewerb wird in den folgenden L\u00e4ndern durchgef\u00fchrt: ANDORRA, AUSTRALIEN, \u00d6STERREICH, BELGIEN, BOSNIEN, BULGARIEN, KROATIEN, TSCHECHISCHE REPUBLIK, D\u00c4NEMARK, ESTLAND, FINNLAND, FRANKREICH, DEUTSCHLAND, GROSSBRITANNIEN, GRIECHENLAND, UNGARN, ISLAND, IRLAND, ITALIEN, LETTLAND, LIECHTENSTEIN, LITAUEN, LUXEMBURG, MONTENEGRO, NIEDERLANDE, NORWEGEN, POLEN, PORTUGAL, RUM\u00c4NIEN, SERBIEN, SLOWAKEI, SLOWENIEN, SPANIEN, SCHWEDEN, SCHWEIZ, UKRAINE.<\/p>\n<p>Zur Teilnahme am Wettbewerb ist es erforderlich, sich w\u00e4hrend eines beliebigen Wettbewerbszeitraums auf der Wettbewerbswebsite zu registrieren und die vorbehaltlose Annahme dieser Regeln zu best\u00e4tigen. Ein Teil der Registrierung (Anmeldeformular) ist die Angabe personenbezogener Daten \u2013 einer E-Mail-Adresse, die ausschlie\u00dflich f\u00fcr die Zwecke dieses Wettbewerbs verwendet wird.<\/p>\n<p>Jeder Teilnehmer darf sich nur einmal und nur mit seiner eigenen E-Mail-Adresse registrieren, wobei sich der Veranstalter das Recht vorbeh\u00e4lt, diese Regel sowohl mit technischen als auch mit organisatorischen Mitteln zu \u00fcberpr\u00fcfen.<\/p>\n<p>Alle Personen, die an der Vorbereitung dieses Wettbewerbs beteiligt waren, insbesondere Personen, die beim Veranstalter oder beim Organisator angestellt sind oder in einem \u00e4hnlichen Verh\u00e4ltnis stehen, sowie Personen, die in einem \u00e4hnlichen Verh\u00e4ltnis zu einem teilnehmenden autorisierten \u0160koda-Partner oder zu Agenturen stehen, die mit der Durchf\u00fchrung dieses Wettbewerbs beauftragt wurden, einschlie\u00dflich deren Familienangeh\u00f6riger und nahestehender Personen, sind von der Teilnahme am Wettbewerb ausgeschlossen.<\/p>\n<p><strong>Wettbewerbsmechanismus, Bewertung der Gewinner<\/strong> Um am Wettbewerb teilzunehmen, m\u00fcssen die Teilnehmer ein Foto von sich hochladen und ihre E-Mail-Adresse \u00fcber die offizielle Website von We Love Cycling einreichen. Die Gewinner werden auf der Grundlage der Anzahl an &#8220;Likes&#8221; ihres eingereichten Fotos ermittelt.<\/p>\n<p><strong>Preise f\u00fcr Runde 1 (23. August \u2013 30. August 2025):<\/strong><br \/>\n\u2022 1. bis 3. Platz: \u0160koda Hospitality Experience<br \/>\n\u2022 4. bis 5. Platz: Kala\u0161 Radsport-Kit<br \/>\n\u2022 6. bis 9. Platz: Maxxis Minion DHR II Reifen-Set<\/p>\n<p><strong>Preise f\u00fcr Runde 2 (31. August \u2013 14. September 2025):<\/strong><br \/>\n\u2022 1. bis 3. Platz: Garmin Ger\u00e4t<br \/>\n\u2022 4. bis 5. Platz: Kala\u0161 Radsport-Kit<br \/>\n\u2022 6. bis 8. Platz: Maxxis Ikon Reifen-Set<\/p>\n<p><strong>Preise f\u00fcr Runde 3 (15. September \u2013 28. September 2025):<\/strong><br \/>\n\u2022 1. bis 3. Platz: Garmin Ger\u00e4t<br \/>\n\u2022 4. bis 5. Platz: Kala\u0161 Radsport-Kit<br \/>\n\u2022 6. bis 8. Platz: Maxxis Ikon Reifen-Set<\/p>\n<p><strong>Preise f\u00fcr Runde 4 (29. September \u2013 12. Oktober 2025):<\/strong><br \/>\n\u2022 1. Platz: \u0160koda Gravel Bike<br \/>\n\u2022 2. bis 4. Platz: \u0160koda Hospitality Experience<br \/>\n\u2022 5. bis 6. Platz: Kala\u0161 Radsport-Kit<\/p>\n<p>Der Veranstalter informiert die Gewinner per E-Mail an die bei der Registrierung angegebene Adresse innerhalb von f\u00fcnf Tagen nach Ende des jeweiligen Wettbewerbszeitraums und fordert die zur \u00dcbergabe oder zum Versand des Preises oder zur weiteren Kommunikation erforderlichen Daten an.<br \/>\nReagiert der Gewinner nicht, auch nicht auf eine wiederholte E-Mail des Veranstalters, oder stellt er innerhalb von 24 Stunden nach Versand der E-Mail keine Kontaktdaten zur Verf\u00fcgung, verf\u00e4llt sein Preis ersatzlos.<\/p>\n<p>Aufgrund m\u00f6glicher Verz\u00f6gerungen bei der Verf\u00fcgbarkeit von Teilen kann die Lieferung der Fahrr\u00e4der als Preise bis zu 8 Monate dauern. Diese Verz\u00f6gerung ist auf Faktoren zur\u00fcckzuf\u00fchren, die au\u00dferhalb unseres unmittelbaren Einflusses liegen, z. B. die Beschaffung der f\u00fcr die Montage erforderlichen Komponenten.<\/p>\n<h3><strong>Informationen zur Verarbeitung personenbezogener Daten<\/strong><\/h3>\n<p>Der Veranstalter, als Verantwortlicher f\u00fcr personenbezogene Daten gem\u00e4\u00df der Datenschutz-Grundverordnung (Verordnung (EU) 2016\/679), informiert Sie hiermit \u00fcber die Verarbeitung Ihrer personenbezogenen Daten und \u00fcber Ihre diesbez\u00fcglichen Rechte.<\/p>\n<p>Die Verarbeitung erfolgt im Rahmen der folgenden T\u00e4tigkeit:<br \/>\n\u2013 Organisation von Gewinnspielen und Gew\u00e4hrleistung einer fairen Abstimmung in einem Abstimmungswettbewerb.<\/p>\n<p><strong>Rechtsgrundlage der Verarbeitung:<\/strong><br \/>\nWir sind berechtigt, Ihre personenbezogenen Daten auf Grundlage des Vertragsabschlusses (dieser Wettbewerbsregeln) zu verarbeiten.<\/p>\n<p><strong>Kategorien der verarbeiteten personenbezogenen Daten:<\/strong><br \/>\nIdentifikationsdaten, Kontaktdaten, Informationen \u00fcber wechselseitige Kommunikation und Interaktion.<\/p>\n<p><strong>Dauer der Verarbeitung:<\/strong><br \/>\nWir verarbeiten Ihre personenbezogenen Daten ein Jahr nach Beendigung des Wettbewerbs.<\/p>\n<p><strong>Kategorien von Auftragsverarbeitern oder Empf\u00e4ngern, denen personenbezogene Daten bereitgestellt werden k\u00f6nnen:<\/strong><br \/>\nDer Auftragsverarbeiter personenbezogener Daten ist MUSTARD s.r.o., Sitz: Praha 1 \u2013 Nov\u00e9 M\u011bsto, Masarykovo n\u00e1b\u0159. 246, 110 00, Tschechische Republik, ID-Nr. 28531418, eingetragen im Handelsregister beim Stadtgericht in Prag, Abteilung C, Eintrag 148383 (Organisator). Auf Anfrage k\u00f6nnen Ihre personenbezogenen Daten auch an staatliche Stellen \u00fcbermittelt werden, insbesondere an Gerichte, die Polizei der Tschechischen Republik und andere Strafverfolgungsbeh\u00f6rden \u2013 im erforderlichen Umfang und im Rahmen der gesetzlichen Vorschriften.<\/p>\n<p><strong>Quelle der personenbezogenen Daten:<\/strong><br \/>\nWir erhalten die personenbezogenen Daten direkt von Ihnen.<\/p>\n<p><strong>\u00dcbermittlung personenbezogener Daten in Drittl\u00e4nder oder an multinationale Unternehmen:<\/strong><br \/>\nIm Rahmen dieser Verarbeitung werden Ihre personenbezogenen Daten nicht in Drittl\u00e4nder oder an multinationale Unternehmen \u00fcbermittelt.<\/p>\n<p><strong>Automatisierte Entscheidungsfindung auf Basis personenbezogener Daten:<\/strong><br \/>\nBei dieser Verarbeitung personenbezogener Daten erfolgt keine automatisierte Entscheidungsfindung.<\/p>\n<p><strong>Weitere Informationen:<\/strong><br \/>\nPersonenbezogene Daten k\u00f6nnen im \u00f6ffentlichen Interesse archiviert und f\u00fcr wissenschaftliche, historische oder statistische Forschungszwecke verwendet werden. In begr\u00fcndeten F\u00e4llen k\u00f6nnen personenbezogene Daten auch zur Kl\u00e4rung rechtlicher Angelegenheiten verarbeitet werden, einschlie\u00dflich der Erf\u00fcllung von Verpflichtungen gegen\u00fcber Beh\u00f6rden sowie zur \u00dcberwachung und laufenden Bewertung rechtlicher Risiken.<\/p>\n<h3><strong>Im Rahmen der Verarbeitung personenbezogener Daten haben Sie folgende Rechte:<\/strong><\/h3>\n<ul>\n<li>Auskunft \u00fcber die verarbeiteten personenbezogenen Daten,<\/li>\n<li>Berichtigung unrichtiger oder unvollst\u00e4ndiger Daten,<\/li>\n<li>L\u00f6schung personenbezogener Daten bei Zweckwegfall oder unrechtm\u00e4\u00dfiger Verarbeitung,<\/li>\n<li>Einschr\u00e4nkung oder Sperrung der Verarbeitung,<\/li>\n<li>\u00dcbertragung der Daten in strukturierter und maschinenlesbarer Form \u2013 f\u00fcr sich selbst oder f\u00fcr einen anderen Verantwortlichen,<\/li>\n<li>Widerspruch gegen automatisierte Entscheidungsfindung.<\/li>\n<\/ul>\n<p><strong>Zur Aus\u00fcbung Ihrer Rechte nutzen Sie folgende Kommunikationskan\u00e4le:<\/strong><br \/>\n\u2013 Elektronisch unter: <a href=\"https:\/\/www.skoda-auto.com\/data-privacy\">https:\/\/www.skoda-auto.com\/data-privacy<br \/>\n<\/a>\u2013 Per Post: \u0160koda Auto a.s., Data Protection Office, t\u0159. V\u00e1clava Klementa 869, Mlad\u00e1 Boleslav II, CZ 293 01 Mlad\u00e1 Boleslav, Tschechische Republik (in Englisch oder Tschechisch).<\/p>\n<p>Im Zusammenhang mit der Aus\u00fcbung Ihrer Rechte kann \u0160koda Auto bei offensichtlich unbegr\u00fcndeten oder \u00fcberm\u00e4\u00dfigen Anfragen eine angemessene Geb\u00fchr unter Ber\u00fccksichtigung der Verwaltungskosten erheben.<\/p>\n<p><strong>Bei Fragen zum Datenschutz k\u00f6nnen Sie sich an den Datenschutzbeauftragten von \u0160koda Auto wenden:<\/strong><br \/>\n\u2013 E-Mail: dpo@skoda-auto.cz<\/p>\n<p>Wenn Sie mit der Verarbeitung Ihrer personenbezogenen Daten nicht einverstanden sind, k\u00f6nnen Sie eine Beschwerde beim Datenschutzbeauftragten von \u0160koda Auto einreichen oder sich an die zust\u00e4ndige Aufsichtsbeh\u00f6rde wenden: Amt f\u00fcr den Schutz personenbezogener Daten, Pplk. Sochora 27, 170 00 Prag 7, +420 234 665 111, https:\/\/www.uoou.cz\/en<\/p>\n<p><strong>Weitere wichtige Bedingungen<\/strong> Der Veranstalter bestimmt ausschlie\u00dflich die genauen Spezifikationen der Preise. Die Darstellung der Preise in Werbematerialien ist lediglich illustrativ. Der Veranstalter haftet nicht f\u00fcr Sch\u00e4den, die dem Teilnehmer durch die Nutzung des Preises entstehen.<\/p>\n<p>Die Teilnehmer sind nicht berechtigt, eine Barauszahlung oder einen anderen Ersatz f\u00fcr den Preis zu verlangen. Der Veranstalter ist nicht verpflichtet, eine andere Leistung als die in diesen Regeln ausdr\u00fccklich genannte zu erbringen.<\/p>\n<p>Der Veranstalter \u00fcbernimmt keine Haftung f\u00fcr direkte oder indirekte Sch\u00e4den im Zusammenhang mit der Teilnahme am Wettbewerb. Der Teilnehmer erkennt an, dass der Veranstalter keine Verantwortung f\u00fcr Risiken und Verpflichtungen im Zusammenhang mit dem Preis \u00fcbernimmt. Die Ergebnisse des Wettbewerbs sind endg\u00fcltig und k\u00f6nnen von den Teilnehmern oder Gewinnern weder in Bezug auf den Ablauf noch das Ergebnis angefochten werden.<\/p>\n<p>Ein Teilnehmer kann vom Wettbewerb ausgeschlossen werden, wenn der Veranstalter feststellt oder begr\u00fcndeten Verdacht hat, dass der Teilnehmer oder ihm nahestehende Personen betr\u00fcgerische Mittel zur Erlangung von Preisen eingesetzt oder sich unlauter oder regelwidrig verhalten haben.<\/p>\n<p>Der Veranstalter haftet nicht f\u00fcr die Nichtzustellung von Nachrichten oder Preisen. Der Veranstalter haftet nicht f\u00fcr Fehler, die aufgrund technischer oder kommunikativer Probleme entstehen. \u00dcber Beschwerden und Einw\u00e4nde entscheidet der Veranstalter abschlie\u00dfend. Der Veranstalter beh\u00e4lt sich das Recht vor, ohne Entsch\u00e4digung den Wettbewerb und die Preise zu verk\u00fcrzen, zu verschieben, auszusetzen oder abzusagen oder diese Regeln einseitig w\u00e4hrend der Laufzeit des Wettbewerbs zu \u00e4ndern oder zu erg\u00e4nzen. Solche \u00c4nderungen werden auf der oben genannten Website ver\u00f6ffentlicht, wo auch die g\u00fcltige und vollst\u00e4ndige Version der Regeln zu finden ist.<\/p>\n<p><strong>Anwendbares Recht<\/strong> Dieser Wettbewerb unterliegt dem Recht der Tschechischen Republik.<\/p>\n<p>Dieser Wettbewerb unterliegt dem Recht der Tschechischen Republik.<\/p>\n<p>&nbsp;<\/p>\n","protected":false},"excerpt":{"rendered":"<p>Regeln f\u00fcr den \u201e2025 FYA Contest\u201c Diese Regeln regeln die Bedingungen des \u201e2025 FYA Contest\u201c (im Folgenden als \u201eWettbewerb\u201c bezeichnet) [&hellip;]<\/p>\n","protected":false},"author":199,"featured_media":0,"parent":199413,"menu_order":0,"comment_status":"closed","ping_status":"closed","template":"templates\/template-empty-page-headline.php","meta":{"footnotes":""},"tags":[8641],"class_list":["post-199415","page","type-page","status-publish","hentry","tag-find-your-adventure-2025"],"yoast_head":"<!-- This site is optimized with the Yoast SEO Premium plugin v25.3 (Yoast SEO v25.9) - https:\/\/yoast.com\/wordpress\/plugins\/seo\/ -->\n<title>Teilnahmebedingungen - \u0160koda We Love Cycling<\/title>\n<meta name=\"robots\" content=\"index, follow, max-snippet:-1, max-image-preview:large, max-video-preview:-1\" \/>\n<link rel=\"canonical\" href=\"https:\/\/www.welovecycling.com\/wide\/2025-uci-world-championships\/ch-de\/2025-uci-world-championships-terms-and-conditions\/\" \/>\n<meta property=\"og:locale\" content=\"en_US\" \/>\n<meta property=\"og:type\" content=\"article\" \/>\n<meta property=\"og:title\" content=\"Teilnahmebedingungen\" \/>\n<meta property=\"og:url\" content=\"https:\/\/www.welovecycling.com\/wide\/2025-uci-world-championships\/ch-de\/2025-uci-world-championships-terms-and-conditions\/\" \/>\n<meta property=\"og:site_name\" content=\"\u0160koda We Love Cycling\" \/>\n<meta property=\"article:modified_time\" content=\"2025-08-18T08:37:12+00:00\" \/>\n<meta name=\"twitter:card\" content=\"summary_large_image\" \/>\n<meta name=\"twitter:label1\" content=\"Est. reading time\" \/>\n\t<meta name=\"twitter:data1\" content=\"7 minutes\" \/>\n<script type=\"application\/ld+json\" class=\"yoast-schema-graph\">{\"@context\":\"https:\/\/schema.org\",\"@graph\":[{\"@type\":\"WebPage\",\"@id\":\"https:\/\/www.welovecycling.com\/wide\/2025-uci-world-championships\/ch-de\/2025-uci-world-championships-terms-and-conditions\/\",\"url\":\"https:\/\/www.welovecycling.com\/wide\/2025-uci-world-championships\/ch-de\/2025-uci-world-championships-terms-and-conditions\/\",\"name\":\"Teilnahmebedingungen - \u0160koda We Love Cycling\",\"isPartOf\":{\"@id\":\"https:\/\/www.welovecycling.com\/wide\/#website\"},\"datePublished\":\"2025-08-11T13:57:07+00:00\",\"dateModified\":\"2025-08-18T08:37:12+00:00\",\"breadcrumb\":{\"@id\":\"https:\/\/www.welovecycling.com\/wide\/2025-uci-world-championships\/ch-de\/2025-uci-world-championships-terms-and-conditions\/#breadcrumb\"},\"inLanguage\":\"en-US\",\"potentialAction\":[{\"@type\":\"ReadAction\",\"target\":[\"https:\/\/www.welovecycling.com\/wide\/2025-uci-world-championships\/ch-de\/2025-uci-world-championships-terms-and-conditions\/\"]}]},{\"@type\":\"BreadcrumbList\",\"@id\":\"https:\/\/www.welovecycling.com\/wide\/2025-uci-world-championships\/ch-de\/2025-uci-world-championships-terms-and-conditions\/#breadcrumb\",\"itemListElement\":[{\"@type\":\"ListItem\",\"position\":1,\"name\":\"Home\",\"item\":\"https:\/\/www.welovecycling.com\/wide\/\"},{\"@type\":\"ListItem\",\"position\":2,\"name\":\"Find Your Adventure 2025: Wear mud like a badge of honour!\",\"item\":\"https:\/\/www.welovecycling.com\/wide\/2025-uci-world-championships\/\"},{\"@type\":\"ListItem\",\"position\":3,\"name\":\"Find Your Adventure 2025: Trage den Schlamm wie ein Ehrenabzeichen!\",\"item\":\"https:\/\/www.welovecycling.com\/wide\/2025-uci-world-championships\/ch-de\/\"},{\"@type\":\"ListItem\",\"position\":4,\"name\":\"Teilnahmebedingungen\"}]},{\"@type\":\"WebSite\",\"@id\":\"https:\/\/www.welovecycling.com\/wide\/#website\",\"url\":\"https:\/\/www.welovecycling.com\/wide\/\",\"name\":\"\u0160koda We Love Cycling\",\"description\":\"\u0160koda We Love Cycling magazine\",\"alternateName\":\"\u0160koda WLC\",\"potentialAction\":[{\"@type\":\"SearchAction\",\"target\":{\"@type\":\"EntryPoint\",\"urlTemplate\":\"https:\/\/www.welovecycling.com\/wide\/?s={search_term_string}\"},\"query-input\":{\"@type\":\"PropertyValueSpecification\",\"valueRequired\":true,\"valueName\":\"search_term_string\"}}],\"inLanguage\":\"en-US\"}]}<\/script>\n<!-- \/ Yoast SEO Premium plugin. -->","yoast_head_json":{"title":"Teilnahmebedingungen - \u0160koda We Love Cycling","robots":{"index":"index","follow":"follow","max-snippet":"max-snippet:-1","max-image-preview":"max-image-preview:large","max-video-preview":"max-video-preview:-1"},"canonical":"https:\/\/www.welovecycling.com\/wide\/2025-uci-world-championships\/ch-de\/2025-uci-world-championships-terms-and-conditions\/","og_locale":"en_US","og_type":"article","og_title":"Teilnahmebedingungen","og_url":"https:\/\/www.welovecycling.com\/wide\/2025-uci-world-championships\/ch-de\/2025-uci-world-championships-terms-and-conditions\/","og_site_name":"\u0160koda We Love Cycling","article_modified_time":"2025-08-18T08:37:12+00:00","twitter_card":"summary_large_image","twitter_misc":{"Est. reading time":"7 minutes"},"schema":{"@context":"https:\/\/schema.org","@graph":[{"@type":"WebPage","@id":"https:\/\/www.welovecycling.com\/wide\/2025-uci-world-championships\/ch-de\/2025-uci-world-championships-terms-and-conditions\/","url":"https:\/\/www.welovecycling.com\/wide\/2025-uci-world-championships\/ch-de\/2025-uci-world-championships-terms-and-conditions\/","name":"Teilnahmebedingungen - \u0160koda We Love Cycling","isPartOf":{"@id":"https:\/\/www.welovecycling.com\/wide\/#website"},"datePublished":"2025-08-11T13:57:07+00:00","dateModified":"2025-08-18T08:37:12+00:00","breadcrumb":{"@id":"https:\/\/www.welovecycling.com\/wide\/2025-uci-world-championships\/ch-de\/2025-uci-world-championships-terms-and-conditions\/#breadcrumb"},"inLanguage":"en-US","potentialAction":[{"@type":"ReadAction","target":["https:\/\/www.welovecycling.com\/wide\/2025-uci-world-championships\/ch-de\/2025-uci-world-championships-terms-and-conditions\/"]}]},{"@type":"BreadcrumbList","@id":"https:\/\/www.welovecycling.com\/wide\/2025-uci-world-championships\/ch-de\/2025-uci-world-championships-terms-and-conditions\/#breadcrumb","itemListElement":[{"@type":"ListItem","position":1,"name":"Home","item":"https:\/\/www.welovecycling.com\/wide\/"},{"@type":"ListItem","position":2,"name":"Find Your Adventure 2025: Wear mud like a badge of honour!","item":"https:\/\/www.welovecycling.com\/wide\/2025-uci-world-championships\/"},{"@type":"ListItem","position":3,"name":"Find Your Adventure 2025: Trage den Schlamm wie ein Ehrenabzeichen!","item":"https:\/\/www.welovecycling.com\/wide\/2025-uci-world-championships\/ch-de\/"},{"@type":"ListItem","position":4,"name":"Teilnahmebedingungen"}]},{"@type":"WebSite","@id":"https:\/\/www.welovecycling.com\/wide\/#website","url":"https:\/\/www.welovecycling.com\/wide\/","name":"\u0160koda We Love Cycling","description":"\u0160koda We Love Cycling magazine","alternateName":"\u0160koda WLC","potentialAction":[{"@type":"SearchAction","target":{"@type":"EntryPoint","urlTemplate":"https:\/\/www.welovecycling.com\/wide\/?s={search_term_string}"},"query-input":{"@type":"PropertyValueSpecification","valueRequired":true,"valueName":"search_term_string"}}],"inLanguage":"en-US"}]}},"_links":{"self":[{"href":"https:\/\/www.welovecycling.com\/wide\/wp-json\/wp\/v2\/pages\/199415","targetHints":{"allow":["GET"]}}],"collection":[{"href":"https:\/\/www.welovecycling.com\/wide\/wp-json\/wp\/v2\/pages"}],"about":[{"href":"https:\/\/www.welovecycling.com\/wide\/wp-json\/wp\/v2\/types\/page"}],"author":[{"embeddable":true,"href":"https:\/\/www.welovecycling.com\/wide\/wp-json\/wp\/v2\/users\/199"}],"replies":[{"embeddable":true,"href":"https:\/\/www.welovecycling.com\/wide\/wp-json\/wp\/v2\/comments?post=199415"}],"version-history":[{"count":3,"href":"https:\/\/www.welovecycling.com\/wide\/wp-json\/wp\/v2\/pages\/199415\/revisions"}],"predecessor-version":[{"id":199440,"href":"https:\/\/www.welovecycling.com\/wide\/wp-json\/wp\/v2\/pages\/199415\/revisions\/199440"}],"up":[{"embeddable":true,"href":"https:\/\/www.welovecycling.com\/wide\/wp-json\/wp\/v2\/pages\/199413"}],"wp:attachment":[{"href":"https:\/\/www.welovecycling.com\/wide\/wp-json\/wp\/v2\/media?parent=199415"}],"wp:term":[{"taxonomy":"post_tag","embeddable":true,"href":"https:\/\/www.welovecycling.com\/wide\/wp-json\/wp\/v2\/tags?post=199415"}],"curies":[{"name":"wp","href":"https:\/\/api.w.org\/{rel}","templated":true}]}}