{"id":199396,"date":"2025-08-11T12:15:17","date_gmt":"2025-08-11T12:15:17","guid":{"rendered":"https:\/\/www.welovecycling.com\/wide\/?page_id=199396"},"modified":"2025-08-18T08:36:49","modified_gmt":"2025-08-18T08:36:49","slug":"foutes-les-participations-be-fr","status":"publish","type":"page","link":"https:\/\/www.welovecycling.com\/wide\/2025-uci-world-championships\/be-fr\/foutes-les-participations-be-fr\/","title":{"rendered":"Toutes les participations BE FR"},"content":{"rendered":"","protected":false},"excerpt":{"rendered":"","protected":false},"author":199,"featured_media":0,"parent":199394,"menu_order":0,"comment_status":"closed","ping_status":"closed","template":"\/var\/www\/html\/web\/app\/plugins\/avenga-find-your-adventure\/templates\/template-find-your-adventure-gallery.php","meta":{"footnotes":""},"tags":[8641],"class_list":["post-199396","page","type-page","status-publish","hentry","tag-find-your-adventure-2025"],"yoast_head":"<!-- This site is optimized with the Yoast SEO Premium plugin v25.3 (Yoast SEO v25.9) - https:\/\/yoast.com\/wordpress\/plugins\/seo\/ -->\n<title>Toutes les participations BE FR - \u0160koda We Love Cycling<\/title>\n<meta name=\"robots\" content=\"index, follow, max-snippet:-1, max-image-preview:large, max-video-preview:-1\" \/>\n<link rel=\"canonical\" href=\"https:\/\/www.welovecycling.com\/wide\/2025-uci-world-championships\/be-fr\/foutes-les-participations-be-fr\/\" \/>\n<meta property=\"og:locale\" content=\"en_US\" \/>\n<meta property=\"og:type\" content=\"article\" \/>\n<meta property=\"og:title\" content=\"Toutes les participations BE FR\" \/>\n<meta property=\"og:url\" content=\"https:\/\/www.welovecycling.com\/wide\/2025-uci-world-championships\/be-fr\/foutes-les-participations-be-fr\/\" \/>\n<meta property=\"og:site_name\" content=\"\u0160koda We Love Cycling\" \/>\n<meta property=\"article:modified_time\" content=\"2025-08-18T08:36:49+00:00\" \/>\n<meta name=\"twitter:card\" content=\"summary_large_image\" \/>\n<script type=\"application\/ld+json\" class=\"yoast-schema-graph\">{\"@context\":\"https:\/\/schema.org\",\"@graph\":[{\"@type\":\"WebPage\",\"@id\":\"https:\/\/www.welovecycling.com\/wide\/2025-uci-world-championships\/be-fr\/foutes-les-participations-be-fr\/\",\"url\":\"https:\/\/www.welovecycling.com\/wide\/2025-uci-world-championships\/be-fr\/foutes-les-participations-be-fr\/\",\"name\":\"Toutes les participations BE FR - \u0160koda We Love Cycling\",\"isPartOf\":{\"@id\":\"https:\/\/www.welovecycling.com\/wide\/#website\"},\"datePublished\":\"2025-08-11T12:15:17+00:00\",\"dateModified\":\"2025-08-18T08:36:49+00:00\",\"breadcrumb\":{\"@id\":\"https:\/\/www.welovecycling.com\/wide\/2025-uci-world-championships\/be-fr\/foutes-les-participations-be-fr\/#breadcrumb\"},\"inLanguage\":\"en-US\",\"potentialAction\":[{\"@type\":\"ReadAction\",\"target\":[\"https:\/\/www.welovecycling.com\/wide\/2025-uci-world-championships\/be-fr\/foutes-les-participations-be-fr\/\"]}]},{\"@type\":\"BreadcrumbList\",\"@id\":\"https:\/\/www.welovecycling.com\/wide\/2025-uci-world-championships\/be-fr\/foutes-les-participations-be-fr\/#breadcrumb\",\"itemListElement\":[{\"@type\":\"ListItem\",\"position\":1,\"name\":\"Home\",\"item\":\"https:\/\/www.welovecycling.com\/wide\/\"},{\"@type\":\"ListItem\",\"position\":2,\"name\":\"Find Your Adventure 2025: Wear mud like a badge of honour!\",\"item\":\"https:\/\/www.welovecycling.com\/wide\/2025-uci-world-championships\/\"},{\"@type\":\"ListItem\",\"position\":3,\"name\":\"Find Your Adventure 2025: Pas de boue, pas de fun\",\"item\":\"https:\/\/www.welovecycling.com\/wide\/2025-uci-world-championships\/be-fr\/\"},{\"@type\":\"ListItem\",\"position\":4,\"name\":\"Toutes les participations BE FR\"}]},{\"@type\":\"WebSite\",\"@id\":\"https:\/\/www.welovecycling.com\/wide\/#website\",\"url\":\"https:\/\/www.welovecycling.com\/wide\/\",\"name\":\"\u0160koda We Love Cycling\",\"description\":\"\u0160koda We Love Cycling magazine\",\"alternateName\":\"\u0160koda WLC\",\"potentialAction\":[{\"@type\":\"SearchAction\",\"target\":{\"@type\":\"EntryPoint\",\"urlTemplate\":\"https:\/\/www.welovecycling.com\/wide\/?s={search_term_string}\"},\"query-input\":{\"@type\":\"PropertyValueSpecification\",\"valueRequired\":true,\"valueName\":\"search_term_string\"}}],\"inLanguage\":\"en-US\"}]}<\/script>\n<!-- \/ Yoast SEO Premium plugin. -->","yoast_head_json":{"title":"Toutes les participations BE FR - \u0160koda We Love Cycling","robots":{"index":"index","follow":"follow","max-snippet":"max-snippet:-1","max-image-preview":"max-image-preview:large","max-video-preview":"max-video-preview:-1"},"canonical":"https:\/\/www.welovecycling.com\/wide\/2025-uci-world-championships\/be-fr\/foutes-les-participations-be-fr\/","og_locale":"en_US","og_type":"article","og_title":"Toutes les participations BE FR","og_url":"https:\/\/www.welovecycling.com\/wide\/2025-uci-world-championships\/be-fr\/foutes-les-participations-be-fr\/","og_site_name":"\u0160koda We Love Cycling","article_modified_time":"2025-08-18T08:36:49+00:00","twitter_card":"summary_large_image","schema":{"@context":"https:\/\/schema.org","@graph":[{"@type":"WebPage","@id":"https:\/\/www.welovecycling.com\/wide\/2025-uci-world-championships\/be-fr\/foutes-les-participations-be-fr\/","url":"https:\/\/www.welovecycling.com\/wide\/2025-uci-world-championships\/be-fr\/foutes-les-participations-be-fr\/","name":"Toutes les participations BE FR - \u0160koda We Love Cycling","isPartOf":{"@id":"https:\/\/www.welovecycling.com\/wide\/#website"},"datePublished":"2025-08-11T12:15:17+00:00","dateModified":"2025-08-18T08:36:49+00:00","breadcrumb":{"@id":"https:\/\/www.welovecycling.com\/wide\/2025-uci-world-championships\/be-fr\/foutes-les-participations-be-fr\/#breadcrumb"},"inLanguage":"en-US","potentialAction":[{"@type":"ReadAction","target":["https:\/\/www.welovecycling.com\/wide\/2025-uci-world-championships\/be-fr\/foutes-les-participations-be-fr\/"]}]},{"@type":"BreadcrumbList","@id":"https:\/\/www.welovecycling.com\/wide\/2025-uci-world-championships\/be-fr\/foutes-les-participations-be-fr\/#breadcrumb","itemListElement":[{"@type":"ListItem","position":1,"name":"Home","item":"https:\/\/www.welovecycling.com\/wide\/"},{"@type":"ListItem","position":2,"name":"Find Your Adventure 2025: Wear mud like a badge of honour!","item":"https:\/\/www.welovecycling.com\/wide\/2025-uci-world-championships\/"},{"@type":"ListItem","position":3,"name":"Find Your Adventure 2025: Pas de boue, pas de fun","item":"https:\/\/www.welovecycling.com\/wide\/2025-uci-world-championships\/be-fr\/"},{"@type":"ListItem","position":4,"name":"Toutes les participations BE FR"}]},{"@type":"WebSite","@id":"https:\/\/www.welovecycling.com\/wide\/#website","url":"https:\/\/www.welovecycling.com\/wide\/","name":"\u0160koda We Love Cycling","description":"\u0160koda We Love Cycling magazine","alternateName":"\u0160koda WLC","potentialAction":[{"@type":"SearchAction","target":{"@type":"EntryPoint","urlTemplate":"https:\/\/www.welovecycling.com\/wide\/?s={search_term_string}"},"query-input":{"@type":"PropertyValueSpecification","valueRequired":true,"valueName":"search_term_string"}}],"inLanguage":"en-US"}]}},"_links":{"self":[{"href":"https:\/\/www.welovecycling.com\/wide\/wp-json\/wp\/v2\/pages\/199396","targetHints":{"allow":["GET"]}}],"collection":[{"href":"https:\/\/www.welovecycling.com\/wide\/wp-json\/wp\/v2\/pages"}],"about":[{"href":"https:\/\/www.welovecycling.com\/wide\/wp-json\/wp\/v2\/types\/page"}],"author":[{"embeddable":true,"href":"https:\/\/www.welovecycling.com\/wide\/wp-json\/wp\/v2\/users\/199"}],"replies":[{"embeddable":true,"href":"https:\/\/www.welovecycling.com\/wide\/wp-json\/wp\/v2\/comments?post=199396"}],"version-history":[{"count":2,"href":"https:\/\/www.welovecycling.com\/wide\/wp-json\/wp\/v2\/pages\/199396\/revisions"}],"predecessor-version":[{"id":199399,"href":"https:\/\/www.welovecycling.com\/wide\/wp-json\/wp\/v2\/pages\/199396\/revisions\/199399"}],"up":[{"embeddable":true,"href":"https:\/\/www.welovecycling.com\/wide\/wp-json\/wp\/v2\/pages\/199394"}],"wp:attachment":[{"href":"https:\/\/www.welovecycling.com\/wide\/wp-json\/wp\/v2\/media?parent=199396"}],"wp:term":[{"taxonomy":"post_tag","embeddable":true,"href":"https:\/\/www.welovecycling.com\/wide\/wp-json\/wp\/v2\/tags?post=199396"}],"curies":[{"name":"wp","href":"https:\/\/api.w.org\/{rel}","templated":true}]}}