{"id":199369,"date":"2025-08-11T11:45:39","date_gmt":"2025-08-11T11:45:39","guid":{"rendered":"https:\/\/www.welovecycling.com\/wide\/?page_id=199369"},"modified":"2025-09-30T10:07:46","modified_gmt":"2025-09-30T10:07:46","slug":"la-vuelta-2025","status":"publish","type":"page","link":"https:\/\/www.welovecycling.com\/wide\/la-vuelta-2025\/","title":{"rendered":"La Vuelta 2025"},"content":{"rendered":"","protected":false},"excerpt":{"rendered":"","protected":false},"author":199,"featured_media":199526,"parent":0,"menu_order":0,"comment_status":"closed","ping_status":"closed","template":"\/var\/www\/html\/web\/app\/plugins\/skoda-la-vuelta-2025\/templates\/index.php","meta":{"footnotes":""},"tags":[8642,479],"class_list":["post-199369","page","type-page","status-publish","has-post-thumbnail","hentry","tag-2025-la-vuelta","tag-la-vuelta"],"yoast_head":"<!-- This site is optimized with the Yoast SEO Premium plugin v25.3 (Yoast SEO v25.9) - https:\/\/yoast.com\/wordpress\/plugins\/seo\/ -->\n<title>La Vuelta 2025 - \u0160koda We Love Cycling<\/title>\n<meta name=\"robots\" content=\"index, follow, max-snippet:-1, max-image-preview:large, max-video-preview:-1\" \/>\n<link rel=\"canonical\" href=\"https:\/\/www.welovecycling.com\/wide\/la-vuelta-2025\/\" \/>\n<meta property=\"og:locale\" content=\"en_US\" \/>\n<meta property=\"og:type\" content=\"article\" \/>\n<meta property=\"og:title\" content=\"La Vuelta 2025\" \/>\n<meta property=\"og:url\" content=\"https:\/\/www.welovecycling.com\/wide\/la-vuelta-2025\/\" \/>\n<meta property=\"og:site_name\" content=\"\u0160koda We Love Cycling\" \/>\n<meta property=\"article:modified_time\" content=\"2025-09-30T10:07:46+00:00\" \/>\n<meta property=\"og:image\" content=\"https:\/\/d2p6e6u75xmxt8.cloudfront.net\/2\/2025\/08\/LaV25_LP_Hero_GBR_D.webp\" \/>\n\t<meta property=\"og:image:width\" content=\"1920\" \/>\n\t<meta property=\"og:image:height\" content=\"600\" \/>\n\t<meta property=\"og:image:type\" content=\"image\/webp\" \/>\n<meta name=\"twitter:card\" content=\"summary_large_image\" \/>\n<script type=\"application\/ld+json\" class=\"yoast-schema-graph\">{\"@context\":\"https:\/\/schema.org\",\"@graph\":[{\"@type\":\"WebPage\",\"@id\":\"https:\/\/www.welovecycling.com\/wide\/la-vuelta-2025\/\",\"url\":\"https:\/\/www.welovecycling.com\/wide\/la-vuelta-2025\/\",\"name\":\"La Vuelta 2025 - \u0160koda We Love Cycling\",\"isPartOf\":{\"@id\":\"https:\/\/www.welovecycling.com\/wide\/#website\"},\"primaryImageOfPage\":{\"@id\":\"https:\/\/www.welovecycling.com\/wide\/la-vuelta-2025\/#primaryimage\"},\"image\":{\"@id\":\"https:\/\/www.welovecycling.com\/wide\/la-vuelta-2025\/#primaryimage\"},\"thumbnailUrl\":\"https:\/\/d2p6e6u75xmxt8.cloudfront.net\/2\/2025\/08\/LaV25_LP_Hero_GBR_D.webp\",\"datePublished\":\"2025-08-11T11:45:39+00:00\",\"dateModified\":\"2025-09-30T10:07:46+00:00\",\"breadcrumb\":{\"@id\":\"https:\/\/www.welovecycling.com\/wide\/la-vuelta-2025\/#breadcrumb\"},\"inLanguage\":\"en-US\",\"potentialAction\":[{\"@type\":\"ReadAction\",\"target\":[\"https:\/\/www.welovecycling.com\/wide\/la-vuelta-2025\/\"]}]},{\"@type\":\"ImageObject\",\"inLanguage\":\"en-US\",\"@id\":\"https:\/\/www.welovecycling.com\/wide\/la-vuelta-2025\/#primaryimage\",\"url\":\"https:\/\/d2p6e6u75xmxt8.cloudfront.net\/2\/2025\/08\/LaV25_LP_Hero_GBR_D.webp\",\"contentUrl\":\"https:\/\/d2p6e6u75xmxt8.cloudfront.net\/2\/2025\/08\/LaV25_LP_Hero_GBR_D.webp\",\"width\":1920,\"height\":600,\"caption\":\"Hero logo\"},{\"@type\":\"BreadcrumbList\",\"@id\":\"https:\/\/www.welovecycling.com\/wide\/la-vuelta-2025\/#breadcrumb\",\"itemListElement\":[{\"@type\":\"ListItem\",\"position\":1,\"name\":\"Home\",\"item\":\"https:\/\/www.welovecycling.com\/wide\/\"},{\"@type\":\"ListItem\",\"position\":2,\"name\":\"La Vuelta 2025\"}]},{\"@type\":\"WebSite\",\"@id\":\"https:\/\/www.welovecycling.com\/wide\/#website\",\"url\":\"https:\/\/www.welovecycling.com\/wide\/\",\"name\":\"\u0160koda We Love Cycling\",\"description\":\"\u0160koda We Love Cycling magazine\",\"alternateName\":\"\u0160koda WLC\",\"potentialAction\":[{\"@type\":\"SearchAction\",\"target\":{\"@type\":\"EntryPoint\",\"urlTemplate\":\"https:\/\/www.welovecycling.com\/wide\/?s={search_term_string}\"},\"query-input\":{\"@type\":\"PropertyValueSpecification\",\"valueRequired\":true,\"valueName\":\"search_term_string\"}}],\"inLanguage\":\"en-US\"}]}<\/script>\n<!-- \/ Yoast SEO Premium plugin. -->","yoast_head_json":{"title":"La Vuelta 2025 - \u0160koda We Love Cycling","robots":{"index":"index","follow":"follow","max-snippet":"max-snippet:-1","max-image-preview":"max-image-preview:large","max-video-preview":"max-video-preview:-1"},"canonical":"https:\/\/www.welovecycling.com\/wide\/la-vuelta-2025\/","og_locale":"en_US","og_type":"article","og_title":"La Vuelta 2025","og_url":"https:\/\/www.welovecycling.com\/wide\/la-vuelta-2025\/","og_site_name":"\u0160koda We Love Cycling","article_modified_time":"2025-09-30T10:07:46+00:00","og_image":[{"width":1920,"height":600,"url":"https:\/\/d2p6e6u75xmxt8.cloudfront.net\/2\/2025\/08\/LaV25_LP_Hero_GBR_D.webp","type":"image\/webp"}],"twitter_card":"summary_large_image","schema":{"@context":"https:\/\/schema.org","@graph":[{"@type":"WebPage","@id":"https:\/\/www.welovecycling.com\/wide\/la-vuelta-2025\/","url":"https:\/\/www.welovecycling.com\/wide\/la-vuelta-2025\/","name":"La Vuelta 2025 - \u0160koda We Love Cycling","isPartOf":{"@id":"https:\/\/www.welovecycling.com\/wide\/#website"},"primaryImageOfPage":{"@id":"https:\/\/www.welovecycling.com\/wide\/la-vuelta-2025\/#primaryimage"},"image":{"@id":"https:\/\/www.welovecycling.com\/wide\/la-vuelta-2025\/#primaryimage"},"thumbnailUrl":"https:\/\/d2p6e6u75xmxt8.cloudfront.net\/2\/2025\/08\/LaV25_LP_Hero_GBR_D.webp","datePublished":"2025-08-11T11:45:39+00:00","dateModified":"2025-09-30T10:07:46+00:00","breadcrumb":{"@id":"https:\/\/www.welovecycling.com\/wide\/la-vuelta-2025\/#breadcrumb"},"inLanguage":"en-US","potentialAction":[{"@type":"ReadAction","target":["https:\/\/www.welovecycling.com\/wide\/la-vuelta-2025\/"]}]},{"@type":"ImageObject","inLanguage":"en-US","@id":"https:\/\/www.welovecycling.com\/wide\/la-vuelta-2025\/#primaryimage","url":"https:\/\/d2p6e6u75xmxt8.cloudfront.net\/2\/2025\/08\/LaV25_LP_Hero_GBR_D.webp","contentUrl":"https:\/\/d2p6e6u75xmxt8.cloudfront.net\/2\/2025\/08\/LaV25_LP_Hero_GBR_D.webp","width":1920,"height":600,"caption":"Hero logo"},{"@type":"BreadcrumbList","@id":"https:\/\/www.welovecycling.com\/wide\/la-vuelta-2025\/#breadcrumb","itemListElement":[{"@type":"ListItem","position":1,"name":"Home","item":"https:\/\/www.welovecycling.com\/wide\/"},{"@type":"ListItem","position":2,"name":"La Vuelta 2025"}]},{"@type":"WebSite","@id":"https:\/\/www.welovecycling.com\/wide\/#website","url":"https:\/\/www.welovecycling.com\/wide\/","name":"\u0160koda We Love Cycling","description":"\u0160koda We Love Cycling magazine","alternateName":"\u0160koda WLC","potentialAction":[{"@type":"SearchAction","target":{"@type":"EntryPoint","urlTemplate":"https:\/\/www.welovecycling.com\/wide\/?s={search_term_string}"},"query-input":{"@type":"PropertyValueSpecification","valueRequired":true,"valueName":"search_term_string"}}],"inLanguage":"en-US"}]}},"_links":{"self":[{"href":"https:\/\/www.welovecycling.com\/wide\/wp-json\/wp\/v2\/pages\/199369","targetHints":{"allow":["GET"]}}],"collection":[{"href":"https:\/\/www.welovecycling.com\/wide\/wp-json\/wp\/v2\/pages"}],"about":[{"href":"https:\/\/www.welovecycling.com\/wide\/wp-json\/wp\/v2\/types\/page"}],"author":[{"embeddable":true,"href":"https:\/\/www.welovecycling.com\/wide\/wp-json\/wp\/v2\/users\/199"}],"replies":[{"embeddable":true,"href":"https:\/\/www.welovecycling.com\/wide\/wp-json\/wp\/v2\/comments?post=199369"}],"version-history":[{"count":1,"href":"https:\/\/www.welovecycling.com\/wide\/wp-json\/wp\/v2\/pages\/199369\/revisions"}],"predecessor-version":[{"id":199370,"href":"https:\/\/www.welovecycling.com\/wide\/wp-json\/wp\/v2\/pages\/199369\/revisions\/199370"}],"wp:featuredmedia":[{"embeddable":true,"href":"https:\/\/www.welovecycling.com\/wide\/wp-json\/wp\/v2\/media\/199526"}],"wp:attachment":[{"href":"https:\/\/www.welovecycling.com\/wide\/wp-json\/wp\/v2\/media?parent=199369"}],"wp:term":[{"taxonomy":"post_tag","embeddable":true,"href":"https:\/\/www.welovecycling.com\/wide\/wp-json\/wp\/v2\/tags?post=199369"}],"curies":[{"name":"wp","href":"https:\/\/api.w.org\/{rel}","templated":true}]}}