{"id":199001,"date":"2025-07-02T07:37:36","date_gmt":"2025-07-02T07:37:36","guid":{"rendered":"https:\/\/www.welovecycling.com\/wide\/?page_id=199001"},"modified":"2025-07-02T07:37:36","modified_gmt":"2025-07-02T07:37:36","slug":"terms-and-conditions-persona-share","status":"publish","type":"page","link":"https:\/\/www.welovecycling.com\/wide\/tour-de-france-2025\/si\/terms-and-conditions-persona-share\/","title":{"rendered":"Terms And Conditions \u2013 Persona Share"},"content":{"rendered":"<p><b>Ta pravila urejajo pogoje nagradne igre \u00bb2025 TDF Contest\u00ab (v nadaljevanju: \u00bbNagradna igra\u00ab) in so edini dokument, ki v celoti in zavezujo\u010de dolo\u010da pravila te nagradne igre.<\/b><\/p>\n<p>&nbsp;<\/p>\n<h4><span style=\"font-weight: 400;\">Organizator in izvajalec nagradne igre<\/span><\/h4>\n<p><span style=\"font-weight: 400;\">Gostitelj nagradne igre je <\/span><b>\u0160koda Auto a.s.<\/b><span style=\"font-weight: 400;\">, delni\u0161ka dru\u017eba s sede\u017eem na naslovu t\u0159. V\u00e1clava Klementa 869, 293 01 Mlad\u00e1 Boleslav, \u010ce\u0161ka republika, ID podjetja: 00177041, vpisana v poslovni register, ki ga vodi Mestno sodi\u0161\u010de v Pragi, oddelek B, vlo\u017eek 332 (v nadaljevanju: \u00bbGostitelj\u00ab).<\/span><\/p>\n<p><span style=\"font-weight: 400;\">Izvajalec nagradne igre, ki skrbi za prakti\u010dno organizacijo, je <\/span><b>MUSTARD s.r.o.<\/b><span style=\"font-weight: 400;\">, s sede\u017eem na naslovu Praha 1 \u2013 Nov\u00e9 M\u011bsto, Masarykovo n\u00e1b\u0159. 246, 110 00, \u010ce\u0161ka republika, ID \u0161t.: 28531418, vpisana v poslovni register, ki ga vodi Mestno sodi\u0161\u010de v Pragi, oddelek C, vpis 148383 (v nadaljevanju: \u00bbIzvajalec\u00ab).<\/span><\/p>\n<p>&nbsp;<\/p>\n<h4><span style=\"font-weight: 400;\">Trajanje in kraj nagradne igre<\/span><\/h4>\n<p><b>Trajanje nagradne igre<\/b><span style=\"font-weight: 400;\">: od 00:01 (CET) 28.06.2025 do 23:59 (CET) 20.07.2025.<\/span><\/p>\n<p><span style=\"font-weight: 400;\">Nagradna igra bo potekala na spletni strani <\/span><a href=\"http:\/\/www.welovecycling.com\"><b>www.welovecycling.com<\/b><\/a><span style=\"font-weight: 400;\"> (v nadaljevanju: \u00bbspletna stran nagradne igre\u00ab), kjer bo potekala tudi komunikacija z udele\u017eenci.<\/span><\/p>\n<p>&nbsp;<\/p>\n<h4><span style=\"font-weight: 400;\">Udele\u017eenci nagradne igre<\/span><\/h4>\n<p><span style=\"font-weight: 400;\">Nagradno igro lahko prijavi katera koli fizi\u010dna oseba, ki je dopolnila najmanj 18 let in prebiva v eni izmed dr\u017eav, kjer poteka nagradna igra. Nagradna igra poteka v naslednjih dr\u017eavah: ANDORA, AVSTRALIJA, AVSTRIJA, BELGIJA, BOSNA, BOLGARIJA, HRVA\u0160KA, \u010cE\u0160KA, DANSKA, ESTONIJA, FINSKA, FRANCIJA, NEM\u010cIJA, VELIKA BRITANIJA, GR\u010cIJA, MAD\u017dARSKA, ISLANDIJA, IRSKA, ITALIJA, LATVIJA, LICHTEN\u0160TAJN, LITVA, LUKSEMBURG, \u010cRNA GORA, NIZOZEMSKA, NORVE\u0160KA, POLJSKA, PORTUGALSKA, ROMUNIJA, SRBIJA, SLOVA\u0160KA, SLOVENIJA, \u0160PANIJA, \u0160VEDSKA, \u0160VICA, UKRAJINA.<\/span><\/p>\n<p><span style=\"font-weight: 400;\">Za sodelovanje v nagradni igri je potrebna registracija na spletni strani nagradne igre med katero koli fazo igre in brezpogojno sprejetje teh pravil. Registracija vklju\u010duje posredovanje osebnih podatkov \u2013 e-po\u0161tnega naslova, ki bo uporabljen izklju\u010dno za potrebe te nagradne igre.<\/span><\/p>\n<p><span style=\"font-weight: 400;\">Vsak udele\u017eenec se lahko registrira samo enkrat in le z lastnim e-po\u0161tnim naslovom. Gostitelj si pridr\u017euje pravico, da s tehni\u010dnimi in organizacijskimi sredstvi preveri spo\u0161tovanje te zahteve.<\/span><\/p>\n<p><span style=\"font-weight: 400;\">V nagradni igri ne smejo sodelovati osebe, ki so sodelovale pri pripravi nagradne igre, vklju\u010dno z zaposlenimi ali pogodbenimi sodelavci Gostitelja ali Izvajalca, pa tudi zaposleni pri partnerskih podjetjih \u0160kode in agencijah, vklju\u010denih v izvedbo nagradne igre, njihovi dru\u017einski \u010dlani in bli\u017enje osebe.<\/span><\/p>\n<p>&nbsp;<\/p>\n<h4><span style=\"font-weight: 400;\">Mehanizem nagradne igre in izbor zmagovalcev<\/span><\/h4>\n<p><span style=\"font-weight: 400;\">Za sodelovanje morajo udele\u017eenci deliti sliko, ki so jo ustvarili z umetno inteligenco na spletni strani <\/span><b>welovecycling.com<\/b><span style=\"font-weight: 400;\">, na Instagramu ali Facebooku, vklju\u010dno z oznako <\/span><b>#FindYourTour<\/b><span style=\"font-weight: 400;\"> v opisu med trajanjem nagradne igre.<\/span><\/p>\n<p><span style=\"font-weight: 400;\">Med trajanjem nagradne igre bodo nagrade prejeli tisti udele\u017eenci, ki bodo izpolnili pogoje in se na seznamu vseh sodelujo\u010dih uvrstili na 1\/11, 2\/11, 3\/11, 4\/11, 5\/11, 6\/11 in 7\/11 mesto. \u010ce \u0161tevilo udele\u017eencev ni deljivo z 11, se \u0161tevilo zaokro\u017ei navzdol na najbli\u017eje celo \u0161tevilo, deljivo z 11.<\/span><\/p>\n<p><span style=\"font-weight: 400;\">Gostitelj bo zmagovalce obvestil prek zasebnega sporo\u010dila (DM) na Instagramu ali Facebooku v roku petih dni po zaklju\u010dku posameznega kroga nagradne igre. \u010ce se zmagovalec ne odzove \u2013 tudi po ve\u010d opominih \u2013 in ne posreduje kontaktnih podatkov v 12 urah od poslanega sporo\u010dila, nagrada zapade brez nadomestila.<\/span><\/p>\n<p>&nbsp;<\/p>\n<h4><span style=\"font-weight: 400;\">Opis nagrad<\/span><\/h4>\n<p><span style=\"font-weight: 400;\">7\u00d7 <\/span><b>\u00bbInsider Tour de France Programme\u00ab<\/b><span style=\"font-weight: 400;\"> za dve osebi v Parizu, s kritimi stro\u0161ki namestitve in potovanja.<\/span><\/p>\n<p>&nbsp;<\/p>\n<h4><span style=\"font-weight: 400;\">Informacije o obdelavi osebnih podatkov<\/span><\/h4>\n<p><span style=\"font-weight: 400;\">Gostitelj je upravljavec osebnih podatkov v skladu z <\/span><b>Splo\u0161no uredbo EU o varstvu podatkov (GDPR)<\/b><span style=\"font-weight: 400;\">.<\/span><\/p>\n<ul>\n<li style=\"font-weight: 400;\" aria-level=\"1\"><b>Namen obdelave<\/b><span style=\"font-weight: 400;\">: organizacija nagradne igre in zagotavljanje po\u0161tenega glasovanja<\/span><\/li>\n<li style=\"font-weight: 400;\" aria-level=\"1\"><b>Pravna podlaga<\/b><span style=\"font-weight: 400;\">: izvedba pogodbe (ta pravila)<\/span><\/li>\n<li style=\"font-weight: 400;\" aria-level=\"1\"><b>Obseg podatkov<\/b><span style=\"font-weight: 400;\">: identifikacijski podatki, kontaktni podatki, komunikacija<\/span><\/li>\n<li style=\"font-weight: 400;\" aria-level=\"1\"><b>Obdobje hrambe<\/b><span style=\"font-weight: 400;\">: 1 leto po koncu nagradne igre<\/span><\/li>\n<li style=\"font-weight: 400;\" aria-level=\"1\"><b>Prejemniki<\/b><span style=\"font-weight: 400;\">: MUSTARD s.r.o., dr\u017eavni organi po potrebi<\/span><\/li>\n<li style=\"font-weight: 400;\" aria-level=\"1\"><b>Prenos v tretje dr\u017eave<\/b><span style=\"font-weight: 400;\">: ne izvaja se<\/span><\/li>\n<li style=\"font-weight: 400;\" aria-level=\"1\"><b>Avtomatizirano odlo\u010danje<\/b><span style=\"font-weight: 400;\">: ne izvaja se<\/span><\/li>\n<\/ul>\n<p><b>Pravice posameznika<\/b><span style=\"font-weight: 400;\">:<\/span><span style=\"font-weight: 400;\"><br \/>\n<\/span><span style=\"font-weight: 400;\">\u2013 pravica do dostopa<\/span><span style=\"font-weight: 400;\"><br \/>\n<\/span><span style=\"font-weight: 400;\">\u2013 popravek neto\u010dnih podatkov<\/span><span style=\"font-weight: 400;\"><br \/>\n<\/span><span style=\"font-weight: 400;\">\u2013 izbris podatkov<\/span><span style=\"font-weight: 400;\"><br \/>\n<\/span><span style=\"font-weight: 400;\">\u2013 omejitev obdelave<\/span><span style=\"font-weight: 400;\"><br \/>\n<\/span><span style=\"font-weight: 400;\">\u2013 prenosljivost podatkov<\/span><span style=\"font-weight: 400;\"><br \/>\n<\/span><span style=\"font-weight: 400;\">\u2013 ugovor zoper avtomatizirano odlo\u010danje<\/span><\/p>\n<p><b>Kontakt<\/b><span style=\"font-weight: 400;\">:<\/span><\/p>\n<ul>\n<li style=\"font-weight: 400;\" aria-level=\"1\"><span style=\"font-weight: 400;\">dpo@skoda-auto.cz<\/span><\/li>\n<li style=\"font-weight: 400;\" aria-level=\"1\"><a href=\"https:\/\/www.skoda-auto.com\/data-privacy\"><span style=\"font-weight: 400;\">https:\/\/www.skoda-auto.com\/data-privacy<\/span><\/a><\/li>\n<\/ul>\n<p><span style=\"font-weight: 400;\">\u010ce menite, da so va\u0161e pravice kr\u0161ene, lahko vlo\u017eite prito\u017ebo pri <\/span><b>Informacijskem poobla\u0161\u010dencu<\/b><span style=\"font-weight: 400;\">:<\/span><span style=\"font-weight: 400;\"><br \/>\n<\/span><span style=\"font-weight: 400;\">Pplk. Sochora 27, 170 00 Praga 7, +420 234 665 111, <\/span><a href=\"https:\/\/www.uoou.cz\"><span style=\"font-weight: 400;\">https:\/\/www.uoou.cz<\/span><\/a><\/p>\n<p>&nbsp;<\/p>\n<h4><span style=\"font-weight: 400;\">Druge pomembne dolo\u010dbe<\/span><\/h4>\n<p><span style=\"font-weight: 400;\">Gostitelj dolo\u010da specifikacije nagrad. Predstavitve nagrad v promocijskem gradivu so zgolj ilustrativne. Gostitelj ne odgovarja za \u0161kodo, ki bi nastala pri kori\u0161\u010denju nagrade.<\/span><\/p>\n<p><span style=\"font-weight: 400;\">Udele\u017eenci niso upravi\u010deni do izpla\u010dila denarne protivrednosti ali druge nadomestne izpolnitve. Gostitelj nima dodatnih obveznosti do udele\u017eencev razen tistih, ki so izrecno navedene v teh pravilih.<\/span><\/p>\n<p><span style=\"font-weight: 400;\">Gostitelj ne prevzema odgovornosti za neposredno ali posredno \u0161kodo, povezano s sodelovanjem. Rezultati so dokon\u010dni in niso predmet prito\u017ebe.<\/span><\/p>\n<p><span style=\"font-weight: 400;\">Udele\u017eenec je lahko izklju\u010den v primeru suma goljufije ali nepo\u0161tenega ravnanja.<\/span><\/p>\n<p><span style=\"font-weight: 400;\">Gostitelj ne odgovarja za tehni\u010dne napake ali nedostavljena sporo\u010dila. Pridr\u017euje si pravico do skraj\u0161anja, prelo\u017eitve, spremembe ali odpovedi nagradne igre brez od\u0161kodnine. Spremembe bodo objavljene na spletni strani nagradne igre.<\/span><\/p>\n<p><span style=\"font-weight: 400;\">Ta nagradna igra ni sponzorirana, upravljana ali povezana s podjetjem Meta. Vsa vpra\u0161anja naslovite na Gostitelja ali Izvajalca, ne na Meta.<\/span><\/p>\n<p><span style=\"font-weight: 400;\">Za to nagradno igro velja <\/span><b>pravo \u010ce\u0161ke republike<\/b><span style=\"font-weight: 400;\">.<\/span><\/p>\n<p>&nbsp;<\/p>\n","protected":false},"excerpt":{"rendered":"<p>Ta pravila urejajo pogoje nagradne igre \u00bb2025 TDF Contest\u00ab (v nadaljevanju: \u00bbNagradna igra\u00ab) in so edini dokument, ki v celoti [&hellip;]<\/p>\n","protected":false},"author":144,"featured_media":0,"parent":198989,"menu_order":0,"comment_status":"closed","ping_status":"closed","template":"templates\/template-empty-page.php","meta":{"footnotes":""},"tags":[],"class_list":["post-199001","page","type-page","status-publish","hentry"],"yoast_head":"<!-- This site is optimized with the Yoast SEO Premium plugin v25.3 (Yoast SEO v25.9) - https:\/\/yoast.com\/wordpress\/plugins\/seo\/ -->\n<title>Terms And Conditions \u2013 Persona Share - \u0160koda We Love Cycling<\/title>\n<meta name=\"robots\" content=\"index, follow, max-snippet:-1, max-image-preview:large, max-video-preview:-1\" \/>\n<link rel=\"canonical\" href=\"https:\/\/www.welovecycling.com\/wide\/tour-de-france-2025\/si\/terms-and-conditions-persona-share\/\" \/>\n<meta property=\"og:locale\" content=\"en_US\" \/>\n<meta property=\"og:type\" content=\"article\" \/>\n<meta property=\"og:title\" content=\"Terms And Conditions \u2013 Persona Share\" \/>\n<meta property=\"og:url\" content=\"https:\/\/www.welovecycling.com\/wide\/tour-de-france-2025\/si\/terms-and-conditions-persona-share\/\" \/>\n<meta property=\"og:site_name\" content=\"\u0160koda We Love Cycling\" \/>\n<meta name=\"twitter:card\" content=\"summary_large_image\" \/>\n<meta name=\"twitter:label1\" content=\"Est. reading time\" \/>\n\t<meta name=\"twitter:data1\" content=\"4 minutes\" \/>\n<script type=\"application\/ld+json\" class=\"yoast-schema-graph\">{\"@context\":\"https:\/\/schema.org\",\"@graph\":[{\"@type\":\"WebPage\",\"@id\":\"https:\/\/www.welovecycling.com\/wide\/tour-de-france-2025\/si\/terms-and-conditions-persona-share\/\",\"url\":\"https:\/\/www.welovecycling.com\/wide\/tour-de-france-2025\/si\/terms-and-conditions-persona-share\/\",\"name\":\"Terms And Conditions \u2013 Persona Share - \u0160koda We Love Cycling\",\"isPartOf\":{\"@id\":\"https:\/\/www.welovecycling.com\/wide\/#website\"},\"datePublished\":\"2025-07-02T07:37:36+00:00\",\"breadcrumb\":{\"@id\":\"https:\/\/www.welovecycling.com\/wide\/tour-de-france-2025\/si\/terms-and-conditions-persona-share\/#breadcrumb\"},\"inLanguage\":\"en-US\",\"potentialAction\":[{\"@type\":\"ReadAction\",\"target\":[\"https:\/\/www.welovecycling.com\/wide\/tour-de-france-2025\/si\/terms-and-conditions-persona-share\/\"]}]},{\"@type\":\"BreadcrumbList\",\"@id\":\"https:\/\/www.welovecycling.com\/wide\/tour-de-france-2025\/si\/terms-and-conditions-persona-share\/#breadcrumb\",\"itemListElement\":[{\"@type\":\"ListItem\",\"position\":1,\"name\":\"Home\",\"item\":\"https:\/\/www.welovecycling.com\/wide\/\"},{\"@type\":\"ListItem\",\"position\":2,\"name\":\"Tour de France 2025\",\"item\":\"https:\/\/www.welovecycling.com\/wide\/tour-de-france-2025\/\"},{\"@type\":\"ListItem\",\"position\":3,\"name\":\"Tour de France 2025 \u2013 SI\",\"item\":\"https:\/\/www.welovecycling.com\/wide\/tour-de-france-2025\/si\/\"},{\"@type\":\"ListItem\",\"position\":4,\"name\":\"Terms And Conditions \u2013 Persona Share\"}]},{\"@type\":\"WebSite\",\"@id\":\"https:\/\/www.welovecycling.com\/wide\/#website\",\"url\":\"https:\/\/www.welovecycling.com\/wide\/\",\"name\":\"\u0160koda We Love Cycling\",\"description\":\"\u0160koda We Love Cycling magazine\",\"alternateName\":\"\u0160koda WLC\",\"potentialAction\":[{\"@type\":\"SearchAction\",\"target\":{\"@type\":\"EntryPoint\",\"urlTemplate\":\"https:\/\/www.welovecycling.com\/wide\/?s={search_term_string}\"},\"query-input\":{\"@type\":\"PropertyValueSpecification\",\"valueRequired\":true,\"valueName\":\"search_term_string\"}}],\"inLanguage\":\"en-US\"}]}<\/script>\n<!-- \/ Yoast SEO Premium plugin. -->","yoast_head_json":{"title":"Terms And Conditions \u2013 Persona Share - \u0160koda We Love Cycling","robots":{"index":"index","follow":"follow","max-snippet":"max-snippet:-1","max-image-preview":"max-image-preview:large","max-video-preview":"max-video-preview:-1"},"canonical":"https:\/\/www.welovecycling.com\/wide\/tour-de-france-2025\/si\/terms-and-conditions-persona-share\/","og_locale":"en_US","og_type":"article","og_title":"Terms And Conditions \u2013 Persona Share","og_url":"https:\/\/www.welovecycling.com\/wide\/tour-de-france-2025\/si\/terms-and-conditions-persona-share\/","og_site_name":"\u0160koda We Love Cycling","twitter_card":"summary_large_image","twitter_misc":{"Est. reading time":"4 minutes"},"schema":{"@context":"https:\/\/schema.org","@graph":[{"@type":"WebPage","@id":"https:\/\/www.welovecycling.com\/wide\/tour-de-france-2025\/si\/terms-and-conditions-persona-share\/","url":"https:\/\/www.welovecycling.com\/wide\/tour-de-france-2025\/si\/terms-and-conditions-persona-share\/","name":"Terms And Conditions \u2013 Persona Share - \u0160koda We Love Cycling","isPartOf":{"@id":"https:\/\/www.welovecycling.com\/wide\/#website"},"datePublished":"2025-07-02T07:37:36+00:00","breadcrumb":{"@id":"https:\/\/www.welovecycling.com\/wide\/tour-de-france-2025\/si\/terms-and-conditions-persona-share\/#breadcrumb"},"inLanguage":"en-US","potentialAction":[{"@type":"ReadAction","target":["https:\/\/www.welovecycling.com\/wide\/tour-de-france-2025\/si\/terms-and-conditions-persona-share\/"]}]},{"@type":"BreadcrumbList","@id":"https:\/\/www.welovecycling.com\/wide\/tour-de-france-2025\/si\/terms-and-conditions-persona-share\/#breadcrumb","itemListElement":[{"@type":"ListItem","position":1,"name":"Home","item":"https:\/\/www.welovecycling.com\/wide\/"},{"@type":"ListItem","position":2,"name":"Tour de France 2025","item":"https:\/\/www.welovecycling.com\/wide\/tour-de-france-2025\/"},{"@type":"ListItem","position":3,"name":"Tour de France 2025 \u2013 SI","item":"https:\/\/www.welovecycling.com\/wide\/tour-de-france-2025\/si\/"},{"@type":"ListItem","position":4,"name":"Terms And Conditions \u2013 Persona Share"}]},{"@type":"WebSite","@id":"https:\/\/www.welovecycling.com\/wide\/#website","url":"https:\/\/www.welovecycling.com\/wide\/","name":"\u0160koda We Love Cycling","description":"\u0160koda We Love Cycling magazine","alternateName":"\u0160koda WLC","potentialAction":[{"@type":"SearchAction","target":{"@type":"EntryPoint","urlTemplate":"https:\/\/www.welovecycling.com\/wide\/?s={search_term_string}"},"query-input":{"@type":"PropertyValueSpecification","valueRequired":true,"valueName":"search_term_string"}}],"inLanguage":"en-US"}]}},"_links":{"self":[{"href":"https:\/\/www.welovecycling.com\/wide\/wp-json\/wp\/v2\/pages\/199001","targetHints":{"allow":["GET"]}}],"collection":[{"href":"https:\/\/www.welovecycling.com\/wide\/wp-json\/wp\/v2\/pages"}],"about":[{"href":"https:\/\/www.welovecycling.com\/wide\/wp-json\/wp\/v2\/types\/page"}],"author":[{"embeddable":true,"href":"https:\/\/www.welovecycling.com\/wide\/wp-json\/wp\/v2\/users\/144"}],"replies":[{"embeddable":true,"href":"https:\/\/www.welovecycling.com\/wide\/wp-json\/wp\/v2\/comments?post=199001"}],"version-history":[{"count":1,"href":"https:\/\/www.welovecycling.com\/wide\/wp-json\/wp\/v2\/pages\/199001\/revisions"}],"predecessor-version":[{"id":199002,"href":"https:\/\/www.welovecycling.com\/wide\/wp-json\/wp\/v2\/pages\/199001\/revisions\/199002"}],"up":[{"embeddable":true,"href":"https:\/\/www.welovecycling.com\/wide\/wp-json\/wp\/v2\/pages\/198989"}],"wp:attachment":[{"href":"https:\/\/www.welovecycling.com\/wide\/wp-json\/wp\/v2\/media?parent=199001"}],"wp:term":[{"taxonomy":"post_tag","embeddable":true,"href":"https:\/\/www.welovecycling.com\/wide\/wp-json\/wp\/v2\/tags?post=199001"}],"curies":[{"name":"wp","href":"https:\/\/api.w.org\/{rel}","templated":true}]}}