{"id":198850,"date":"2025-06-20T07:45:05","date_gmt":"2025-06-20T07:45:05","guid":{"rendered":"https:\/\/www.welovecycling.com\/wide\/?page_id=198850"},"modified":"2025-07-04T08:02:00","modified_gmt":"2025-07-04T08:02:00","slug":"be-fr","status":"publish","type":"page","link":"https:\/\/www.welovecycling.com\/wide\/tour-de-france-2025\/be-fr\/","title":{"rendered":"Tour de France 2025 \u2013 BE-FR"},"content":{"rendered":"","protected":false},"excerpt":{"rendered":"","protected":false},"author":144,"featured_media":0,"parent":198571,"menu_order":0,"comment_status":"closed","ping_status":"closed","template":"\/var\/www\/html\/web\/app\/plugins\/skoda-tour-de-france-2025\/templates\/index.php","meta":{"footnotes":""},"tags":[8576],"class_list":["post-198850","page","type-page","status-publish","hentry","tag-tour-de-france-2025"],"yoast_head":"<!-- This site is optimized with the Yoast SEO Premium plugin v25.3 (Yoast SEO v25.9) - https:\/\/yoast.com\/wordpress\/plugins\/seo\/ -->\n<title>Tour de France 2025 \u2013 BE-FR - \u0160koda We Love Cycling<\/title>\n<meta name=\"description\" content=\"D\u00e9couvre quel type de fan du Tour de France tu es et tente de gagner de super prix.\" \/>\n<meta name=\"robots\" content=\"index, follow, max-snippet:-1, max-image-preview:large, max-video-preview:-1\" \/>\n<link rel=\"canonical\" href=\"https:\/\/www.welovecycling.com\/wide\/tour-de-france-2025\/be-fr\/\" \/>\n<meta property=\"og:locale\" content=\"en_US\" \/>\n<meta property=\"og:type\" content=\"article\" \/>\n<meta property=\"og:title\" content=\"Tour de France 2025 \u2013 BE-FR\" \/>\n<meta property=\"og:description\" content=\"D\u00e9couvre quel type de fan du Tour de France tu es et tente de gagner de super prix.\" \/>\n<meta property=\"og:url\" content=\"https:\/\/www.welovecycling.com\/wide\/tour-de-france-2025\/be-fr\/\" \/>\n<meta property=\"og:site_name\" content=\"\u0160koda We Love Cycling\" \/>\n<meta property=\"article:modified_time\" content=\"2025-07-04T08:02:00+00:00\" \/>\n<meta name=\"twitter:card\" content=\"summary_large_image\" \/>\n<script type=\"application\/ld+json\" class=\"yoast-schema-graph\">{\"@context\":\"https:\/\/schema.org\",\"@graph\":[{\"@type\":\"WebPage\",\"@id\":\"https:\/\/www.welovecycling.com\/wide\/tour-de-france-2025\/be-fr\/\",\"url\":\"https:\/\/www.welovecycling.com\/wide\/tour-de-france-2025\/be-fr\/\",\"name\":\"Tour de France 2025 \u2013 BE-FR - \u0160koda We Love Cycling\",\"isPartOf\":{\"@id\":\"https:\/\/www.welovecycling.com\/wide\/#website\"},\"datePublished\":\"2025-06-20T07:45:05+00:00\",\"dateModified\":\"2025-07-04T08:02:00+00:00\",\"description\":\"D\u00e9couvre quel type de fan du Tour de France tu es et tente de gagner de super prix.\",\"breadcrumb\":{\"@id\":\"https:\/\/www.welovecycling.com\/wide\/tour-de-france-2025\/be-fr\/#breadcrumb\"},\"inLanguage\":\"en-US\",\"potentialAction\":[{\"@type\":\"ReadAction\",\"target\":[\"https:\/\/www.welovecycling.com\/wide\/tour-de-france-2025\/be-fr\/\"]}]},{\"@type\":\"BreadcrumbList\",\"@id\":\"https:\/\/www.welovecycling.com\/wide\/tour-de-france-2025\/be-fr\/#breadcrumb\",\"itemListElement\":[{\"@type\":\"ListItem\",\"position\":1,\"name\":\"Home\",\"item\":\"https:\/\/www.welovecycling.com\/wide\/\"},{\"@type\":\"ListItem\",\"position\":2,\"name\":\"Tour de France 2025\",\"item\":\"https:\/\/www.welovecycling.com\/wide\/tour-de-france-2025\/\"},{\"@type\":\"ListItem\",\"position\":3,\"name\":\"Tour de France 2025 \u2013 BE-FR\"}]},{\"@type\":\"WebSite\",\"@id\":\"https:\/\/www.welovecycling.com\/wide\/#website\",\"url\":\"https:\/\/www.welovecycling.com\/wide\/\",\"name\":\"\u0160koda We Love Cycling\",\"description\":\"\u0160koda We Love Cycling magazine\",\"alternateName\":\"\u0160koda WLC\",\"potentialAction\":[{\"@type\":\"SearchAction\",\"target\":{\"@type\":\"EntryPoint\",\"urlTemplate\":\"https:\/\/www.welovecycling.com\/wide\/?s={search_term_string}\"},\"query-input\":{\"@type\":\"PropertyValueSpecification\",\"valueRequired\":true,\"valueName\":\"search_term_string\"}}],\"inLanguage\":\"en-US\"}]}<\/script>\n<!-- \/ Yoast SEO Premium plugin. -->","yoast_head_json":{"title":"Tour de France 2025 \u2013 BE-FR - \u0160koda We Love Cycling","description":"D\u00e9couvre quel type de fan du Tour de France tu es et tente de gagner de super prix.","robots":{"index":"index","follow":"follow","max-snippet":"max-snippet:-1","max-image-preview":"max-image-preview:large","max-video-preview":"max-video-preview:-1"},"canonical":"https:\/\/www.welovecycling.com\/wide\/tour-de-france-2025\/be-fr\/","og_locale":"en_US","og_type":"article","og_title":"Tour de France 2025 \u2013 BE-FR","og_description":"D\u00e9couvre quel type de fan du Tour de France tu es et tente de gagner de super prix.","og_url":"https:\/\/www.welovecycling.com\/wide\/tour-de-france-2025\/be-fr\/","og_site_name":"\u0160koda We Love Cycling","article_modified_time":"2025-07-04T08:02:00+00:00","twitter_card":"summary_large_image","schema":{"@context":"https:\/\/schema.org","@graph":[{"@type":"WebPage","@id":"https:\/\/www.welovecycling.com\/wide\/tour-de-france-2025\/be-fr\/","url":"https:\/\/www.welovecycling.com\/wide\/tour-de-france-2025\/be-fr\/","name":"Tour de France 2025 \u2013 BE-FR - \u0160koda We Love Cycling","isPartOf":{"@id":"https:\/\/www.welovecycling.com\/wide\/#website"},"datePublished":"2025-06-20T07:45:05+00:00","dateModified":"2025-07-04T08:02:00+00:00","description":"D\u00e9couvre quel type de fan du Tour de France tu es et tente de gagner de super prix.","breadcrumb":{"@id":"https:\/\/www.welovecycling.com\/wide\/tour-de-france-2025\/be-fr\/#breadcrumb"},"inLanguage":"en-US","potentialAction":[{"@type":"ReadAction","target":["https:\/\/www.welovecycling.com\/wide\/tour-de-france-2025\/be-fr\/"]}]},{"@type":"BreadcrumbList","@id":"https:\/\/www.welovecycling.com\/wide\/tour-de-france-2025\/be-fr\/#breadcrumb","itemListElement":[{"@type":"ListItem","position":1,"name":"Home","item":"https:\/\/www.welovecycling.com\/wide\/"},{"@type":"ListItem","position":2,"name":"Tour de France 2025","item":"https:\/\/www.welovecycling.com\/wide\/tour-de-france-2025\/"},{"@type":"ListItem","position":3,"name":"Tour de France 2025 \u2013 BE-FR"}]},{"@type":"WebSite","@id":"https:\/\/www.welovecycling.com\/wide\/#website","url":"https:\/\/www.welovecycling.com\/wide\/","name":"\u0160koda We Love Cycling","description":"\u0160koda We Love Cycling magazine","alternateName":"\u0160koda WLC","potentialAction":[{"@type":"SearchAction","target":{"@type":"EntryPoint","urlTemplate":"https:\/\/www.welovecycling.com\/wide\/?s={search_term_string}"},"query-input":{"@type":"PropertyValueSpecification","valueRequired":true,"valueName":"search_term_string"}}],"inLanguage":"en-US"}]}},"_links":{"self":[{"href":"https:\/\/www.welovecycling.com\/wide\/wp-json\/wp\/v2\/pages\/198850","targetHints":{"allow":["GET"]}}],"collection":[{"href":"https:\/\/www.welovecycling.com\/wide\/wp-json\/wp\/v2\/pages"}],"about":[{"href":"https:\/\/www.welovecycling.com\/wide\/wp-json\/wp\/v2\/types\/page"}],"author":[{"embeddable":true,"href":"https:\/\/www.welovecycling.com\/wide\/wp-json\/wp\/v2\/users\/144"}],"replies":[{"embeddable":true,"href":"https:\/\/www.welovecycling.com\/wide\/wp-json\/wp\/v2\/comments?post=198850"}],"version-history":[{"count":2,"href":"https:\/\/www.welovecycling.com\/wide\/wp-json\/wp\/v2\/pages\/198850\/revisions"}],"predecessor-version":[{"id":199043,"href":"https:\/\/www.welovecycling.com\/wide\/wp-json\/wp\/v2\/pages\/198850\/revisions\/199043"}],"up":[{"embeddable":true,"href":"https:\/\/www.welovecycling.com\/wide\/wp-json\/wp\/v2\/pages\/198571"}],"wp:attachment":[{"href":"https:\/\/www.welovecycling.com\/wide\/wp-json\/wp\/v2\/media?parent=198850"}],"wp:term":[{"taxonomy":"post_tag","embeddable":true,"href":"https:\/\/www.welovecycling.com\/wide\/wp-json\/wp\/v2\/tags?post=198850"}],"curies":[{"name":"wp","href":"https:\/\/api.w.org\/{rel}","templated":true}]}}