{"id":195425,"date":"2024-04-11T17:40:27","date_gmt":"2024-04-11T17:40:27","guid":{"rendered":"https:\/\/www.welovecycling.com\/wide\/?page_id=195425"},"modified":"2024-05-03T13:43:14","modified_gmt":"2024-05-03T13:43:14","slug":"2024-skoda-titan-desert","status":"publish","type":"page","link":"https:\/\/www.welovecycling.com\/wide\/2024-skoda-titan-desert\/","title":{"rendered":"2024 \u0160koda Titan Desert"},"content":{"rendered":"","protected":false},"excerpt":{"rendered":"","protected":false},"author":27,"featured_media":0,"parent":0,"menu_order":0,"comment_status":"closed","ping_status":"closed","template":"\/var\/www\/html\/web\/app\/plugins\/skoda-titan-desert-2024\/templates\/index.php","meta":{"footnotes":""},"tags":[6130],"class_list":["post-195425","page","type-page","status-publish","hentry","tag-skoda-titan-desert"],"yoast_head":"<!-- This site is optimized with the Yoast SEO Premium plugin v25.3 (Yoast SEO v25.9) - https:\/\/yoast.com\/wordpress\/plugins\/seo\/ -->\n<title>2024 \u0160koda Titan Desert - \u0160koda We Love Cycling<\/title>\n<meta name=\"robots\" content=\"index, follow, max-snippet:-1, max-image-preview:large, max-video-preview:-1\" \/>\n<link rel=\"canonical\" href=\"https:\/\/www.welovecycling.com\/wide\/2024-skoda-titan-desert\/\" \/>\n<meta property=\"og:locale\" content=\"en_US\" \/>\n<meta property=\"og:type\" content=\"article\" \/>\n<meta property=\"og:title\" content=\"2024 \u0160koda Titan Desert\" \/>\n<meta property=\"og:url\" content=\"https:\/\/www.welovecycling.com\/wide\/2024-skoda-titan-desert\/\" \/>\n<meta property=\"og:site_name\" content=\"\u0160koda We Love Cycling\" \/>\n<meta property=\"article:modified_time\" content=\"2024-05-03T13:43:14+00:00\" \/>\n<meta name=\"twitter:card\" content=\"summary_large_image\" \/>\n<script type=\"application\/ld+json\" class=\"yoast-schema-graph\">{\"@context\":\"https:\/\/schema.org\",\"@graph\":[{\"@type\":\"WebPage\",\"@id\":\"https:\/\/www.welovecycling.com\/wide\/2024-skoda-titan-desert\/\",\"url\":\"https:\/\/www.welovecycling.com\/wide\/2024-skoda-titan-desert\/\",\"name\":\"2024 \u0160koda Titan Desert - \u0160koda We Love Cycling\",\"isPartOf\":{\"@id\":\"https:\/\/www.welovecycling.com\/wide\/#website\"},\"datePublished\":\"2024-04-11T17:40:27+00:00\",\"dateModified\":\"2024-05-03T13:43:14+00:00\",\"breadcrumb\":{\"@id\":\"https:\/\/www.welovecycling.com\/wide\/2024-skoda-titan-desert\/#breadcrumb\"},\"inLanguage\":\"en-US\",\"potentialAction\":[{\"@type\":\"ReadAction\",\"target\":[\"https:\/\/www.welovecycling.com\/wide\/2024-skoda-titan-desert\/\"]}]},{\"@type\":\"BreadcrumbList\",\"@id\":\"https:\/\/www.welovecycling.com\/wide\/2024-skoda-titan-desert\/#breadcrumb\",\"itemListElement\":[{\"@type\":\"ListItem\",\"position\":1,\"name\":\"Home\",\"item\":\"https:\/\/www.welovecycling.com\/wide\/\"},{\"@type\":\"ListItem\",\"position\":2,\"name\":\"2024 \u0160koda Titan Desert\"}]},{\"@type\":\"WebSite\",\"@id\":\"https:\/\/www.welovecycling.com\/wide\/#website\",\"url\":\"https:\/\/www.welovecycling.com\/wide\/\",\"name\":\"\u0160koda We Love Cycling\",\"description\":\"\u0160koda We Love Cycling magazine\",\"alternateName\":\"\u0160koda WLC\",\"potentialAction\":[{\"@type\":\"SearchAction\",\"target\":{\"@type\":\"EntryPoint\",\"urlTemplate\":\"https:\/\/www.welovecycling.com\/wide\/?s={search_term_string}\"},\"query-input\":{\"@type\":\"PropertyValueSpecification\",\"valueRequired\":true,\"valueName\":\"search_term_string\"}}],\"inLanguage\":\"en-US\"}]}<\/script>\n<!-- \/ Yoast SEO Premium plugin. -->","yoast_head_json":{"title":"2024 \u0160koda Titan Desert - \u0160koda We Love Cycling","robots":{"index":"index","follow":"follow","max-snippet":"max-snippet:-1","max-image-preview":"max-image-preview:large","max-video-preview":"max-video-preview:-1"},"canonical":"https:\/\/www.welovecycling.com\/wide\/2024-skoda-titan-desert\/","og_locale":"en_US","og_type":"article","og_title":"2024 \u0160koda Titan Desert","og_url":"https:\/\/www.welovecycling.com\/wide\/2024-skoda-titan-desert\/","og_site_name":"\u0160koda We Love Cycling","article_modified_time":"2024-05-03T13:43:14+00:00","twitter_card":"summary_large_image","schema":{"@context":"https:\/\/schema.org","@graph":[{"@type":"WebPage","@id":"https:\/\/www.welovecycling.com\/wide\/2024-skoda-titan-desert\/","url":"https:\/\/www.welovecycling.com\/wide\/2024-skoda-titan-desert\/","name":"2024 \u0160koda Titan Desert - \u0160koda We Love Cycling","isPartOf":{"@id":"https:\/\/www.welovecycling.com\/wide\/#website"},"datePublished":"2024-04-11T17:40:27+00:00","dateModified":"2024-05-03T13:43:14+00:00","breadcrumb":{"@id":"https:\/\/www.welovecycling.com\/wide\/2024-skoda-titan-desert\/#breadcrumb"},"inLanguage":"en-US","potentialAction":[{"@type":"ReadAction","target":["https:\/\/www.welovecycling.com\/wide\/2024-skoda-titan-desert\/"]}]},{"@type":"BreadcrumbList","@id":"https:\/\/www.welovecycling.com\/wide\/2024-skoda-titan-desert\/#breadcrumb","itemListElement":[{"@type":"ListItem","position":1,"name":"Home","item":"https:\/\/www.welovecycling.com\/wide\/"},{"@type":"ListItem","position":2,"name":"2024 \u0160koda Titan Desert"}]},{"@type":"WebSite","@id":"https:\/\/www.welovecycling.com\/wide\/#website","url":"https:\/\/www.welovecycling.com\/wide\/","name":"\u0160koda We Love Cycling","description":"\u0160koda We Love Cycling magazine","alternateName":"\u0160koda WLC","potentialAction":[{"@type":"SearchAction","target":{"@type":"EntryPoint","urlTemplate":"https:\/\/www.welovecycling.com\/wide\/?s={search_term_string}"},"query-input":{"@type":"PropertyValueSpecification","valueRequired":true,"valueName":"search_term_string"}}],"inLanguage":"en-US"}]}},"_links":{"self":[{"href":"https:\/\/www.welovecycling.com\/wide\/wp-json\/wp\/v2\/pages\/195425","targetHints":{"allow":["GET"]}}],"collection":[{"href":"https:\/\/www.welovecycling.com\/wide\/wp-json\/wp\/v2\/pages"}],"about":[{"href":"https:\/\/www.welovecycling.com\/wide\/wp-json\/wp\/v2\/types\/page"}],"author":[{"embeddable":true,"href":"https:\/\/www.welovecycling.com\/wide\/wp-json\/wp\/v2\/users\/27"}],"replies":[{"embeddable":true,"href":"https:\/\/www.welovecycling.com\/wide\/wp-json\/wp\/v2\/comments?post=195425"}],"version-history":[{"count":3,"href":"https:\/\/www.welovecycling.com\/wide\/wp-json\/wp\/v2\/pages\/195425\/revisions"}],"predecessor-version":[{"id":195613,"href":"https:\/\/www.welovecycling.com\/wide\/wp-json\/wp\/v2\/pages\/195425\/revisions\/195613"}],"wp:attachment":[{"href":"https:\/\/www.welovecycling.com\/wide\/wp-json\/wp\/v2\/media?parent=195425"}],"wp:term":[{"taxonomy":"post_tag","embeddable":true,"href":"https:\/\/www.welovecycling.com\/wide\/wp-json\/wp\/v2\/tags?post=195425"}],"curies":[{"name":"wp","href":"https:\/\/api.w.org\/{rel}","templated":true}]}}