{"id":193424,"date":"2023-07-18T06:34:49","date_gmt":"2023-07-18T06:34:49","guid":{"rendered":"https:\/\/www.welovecycling.com\/wide\/?page_id=193424"},"modified":"2023-07-18T07:01:17","modified_gmt":"2023-07-18T07:01:17","slug":"terms-and-conditions","status":"publish","type":"page","link":"https:\/\/www.welovecycling.com\/wide\/celebrate-big-2023\/terms-and-conditions\/","title":{"rendered":"Let&#8217;s Celebrate Big by We Love Cycling 2023 Contest Terms And Conditions"},"content":{"rendered":"<p><span style=\"font-size: 12pt;\">These rules regulate the terms of the \u201c2023 Strava UCI Worlds Challenge Contest\u201d (hereinafter referred to as \u201cContest\u201d) and are the only document which completely and obligatorily regulates the rules of this contest.<\/span><\/p>\n<ol>\n<li><span style=\"font-size: 18pt;\"><strong> Contest host and organiser<\/strong><\/span><\/li>\n<\/ol>\n<p><span style=\"font-size: 12pt;\">The host of the Contest is \u0160koda Auto a.s., a joint-stock company with its registered office at t\u0159. V\u00e1clava Klementa 869, 293 01 Mlad\u00e1 Boleslav, Czech Republic, Company ID number 00177041, registered in the Commercial Register administered by the Municipal\u00a0 Court in Prague, section B, file number 332 (hereinafter referred to as the \u201cHost\u201d).<\/span><\/p>\n<p><span style=\"font-size: 12pt;\">The organiser of the Contest, which provides practical steps in its organisation, is MUSTARD s.r.o., registered office Praha 1 \u2013 Nov\u00e9 M\u011bsto, Masarykovo n\u00e1b\u0159. 246, 110 00, Czech Republic, ID No. 28531418, registered in the Commercial Register administered by the Municipal Court in Prague in Section C, Entry 148383 (hereinafter also referred to as the \u201cOrganiser\u201d).<\/span><\/p>\n<ol start=\"2\">\n<li><span style=\"font-size: 18pt;\"><strong> Contest terms and place, Contest periods<\/strong><\/span><\/li>\n<\/ol>\n<p><span style=\"font-size: 12pt;\">The Contest will be held from <strong>00:01 (CET) 03.08. 2023 to 23:59 (CET) 27.08.2023<\/strong>. The Contest will be held on the www.welovecycling.com website (hereinafter referred to as the \u201cContest website\u201d) where the communication with participants is primarily conducted.<\/span><\/p>\n<ol start=\"3\">\n<li><span style=\"font-size: 18pt;\"><strong> Contest participants<\/strong><\/span><\/li>\n<\/ol>\n<p><span style=\"font-size: 12pt;\">The Contest may be entered by any individual who has reached at least the age of 18, and who resides in one of the countries where the Contest is being held. The Contest is being held in the following countries: ANDORRA, AUSTRIA, BELGIUM, BOSNIA, BULGARIA, CROATIA, CZECH REPUBLIC, DENMARK, ESTONIA, FINLAND, FRANCE, GERMANY, GREAT BRITAIN, GREECE, HUNGARY, ICELAND, IRELAND, ITALY, LATVIA, LIECHTENSTEIN, LITHUANIA, LUXEMBOURG, MONTENEGRO, THE NETHERLANDS, NORWAY, POLAND, PORTUGAL, ROMANIA, SERBIA, SLOVAKIA, SLOVENIA, SPAIN, SWEDEN, SWITZERLAND.<\/span><\/p>\n<p><span style=\"font-size: 12pt;\">To enter the Contest it is necessary to make a registration on the Contest website anytime during any Contest period, and confirm unconditional acceptance of these rules.<\/span><\/p>\n<p><span style=\"font-size: 12pt;\">Each participant can register himself\/herself only once and only under his\/her own email address whereas the Contest Host reserves the right to check this rule via technical as well as organisational means.<\/span><\/p>\n<p><span style=\"font-size: 12pt;\">All persons who have participated in the preparation of this Contest, mainly persons employed by or in a similar relationship with the Host or the Organiser, are ineligible to participate in the Contest, as are any persons in a similar relationship with the participating authorised \u0160koda partner or with agencies entrusted with ensuring this Contest, their family members and persons close to them.<\/span><\/p>\n<ol start=\"4\">\n<li><span style=\"font-size: 18pt;\"><strong> Contest mechanism, evaluation of winners<\/strong><\/span><\/li>\n<\/ol>\n<p><span style=\"font-size: 12pt;\">The task of a participant is to successfully complete the \u2018Strava UCI Worlds Challenge\u2019 AND register on the Contest website during the Contest period. All participants, who have successfully completed the \u2018Strava Green Jersey Challenge\u2019, and registered themselves to the Contest have the chance to win a prize.<\/span><\/p>\n<p><span style=\"font-size: 12pt;\"><strong>Main prize<\/strong>: In the contest period, the prize is won by the participant who delivered all correct answers positioned at 1\/2 on the list of all participants. If the number of participants isn\u2019t divisible by 2, the resultant number will be rounded down to the nearest whole number divisible by 2.<\/span><\/p>\n<p><span style=\"font-size: 12pt;\"><strong>Secondary prize<\/strong>: In the contest period, the prizes are won by those participants who delivered all correct answers positioned at 1\/11, 2\/11, 3\/11, 4\/11, 5\/11, and 6\/11 on the list of all participants. If the number of participants isn\u2019t divisible by 11, the resultant number will be rounded down to the nearest whole number divisible by 11.<\/span><\/p>\n<p><span style=\"font-size: 12pt;\"><strong>Tertiary prize<\/strong>: In the contest period, the prizes are won by those participants who delivered all correct answers positioned at 1\/13, 2\/13, 3\/13, 4\/13, 5\/13, 6\/13, 7\/,13, 8\/13, 9\/13 and 10\/13 on the list of all participants. If the number of participants isn\u2019t divisible by 13, the resultant number will be rounded down to the nearest whole number divisible by 13.<\/span><\/p>\n<p><span style=\"font-size: 12pt;\">All lists of the participants above will always be sorted chronologically according to the time of submitting the contest questions.<\/span><\/p>\n<p><span style=\"font-size: 12pt;\">In the event that two Participants entered the list of all Participants at exactly the same time without the possibility of determining which Participant entered first, and in the event that such fact is determinative of entry into the draw, both Participants will be allowed into such draw.<\/span><\/p>\n<p><span style=\"font-size: 12pt;\">The Contest Host will inform the winners via e-mail given during the registration within five days after the appropriate Contest period ends and the winners will be asked to provide data necessary for handover or sending of the prize or for further communication. If the winner fails to respond or provide all requested information within 48 hours, their prize will be forfeited without refund.<\/span><\/p>\n<ol start=\"5\">\n<li><span style=\"font-size: 18pt;\"><strong> Description of prizes<\/strong><\/span><\/li>\n<\/ol>\n<ul>\n<li><span style=\"font-size: 12pt;\"><strong>Main prize<\/strong>: An all-inclusive weekend trip to a training camp with Alberto Contador\u2019s UCI team Eolo\u2013Kometa<\/span><\/li>\n<li><span style=\"font-size: 12pt;\"><strong>Secondary prize:<\/strong> 6x Wahoo ELEMNT RIVAL SMART SPORTS WATCH WITH GPS<\/span><\/li>\n<li><span style=\"font-size: 12pt;\"><strong>Tertiary prize:<\/strong> 10x combo package: a unique tube holder made of tyres from the bikes of the Canyon\u2013SRAM pro team + a bike-shaped pizza cutter<\/span><\/li>\n<\/ul>\n<p>&nbsp;<\/p>\n<p><span style=\"font-size: 12pt;\">The Organiser shall, at its sole discretion, arrange for the dispatch of the prize to the designated recipient via a delivery service, and shall bear all associated costs incurred in delivering the prize.<\/span><\/p>\n<p>&nbsp;<\/p>\n<ol start=\"6\">\n<li><span style=\"font-size: 18pt;\"><strong> Acquisition and use of recordings<\/strong><\/span><\/li>\n<\/ol>\n<p><span style=\"font-size: 12pt;\">If a participant becomes a winner, he\/she grants a consent to the Host to obtain and use participant\u2019s portraits, written statements, photos and audio and visual recordings related to the participant and\/or expressions of a personal nature obtained by the Host in connection with the hosting of the Contest and the delivery or drawing of winnings for commercial purposes in all communication media, regardless of their character and specifications, using all typical means, with their subsequent modification and with potential combination with other works and inclusion into a collective work. The participant grants the Host this consent free of charge without material, time, quantity or territorial limitations and can revoke it at any time. This consent shall also apply to third parties to whom the Host may provide such recordings at the Host&#8217;s own discretion.<\/span><\/p>\n<p>&nbsp;<\/p>\n<ol start=\"7\">\n<li><span style=\"font-size: 18pt;\"><strong> Information on Personal Data Processing<\/strong><\/span><\/li>\n<\/ol>\n<p><span style=\"font-size: 12pt;\">The Host, as a personal data controller according to General Data Protection Regulation (Regulation (EU) 2016\/679), hereby provides you with information about the processing of personal data and your rights related to the processing.<\/span><\/p>\n<p><span style=\"font-size: 12pt;\">The processing takes place within the framework of the following activity:<\/span><\/p>\n<p><span style=\"font-size: 12pt;\">&#8211; Organisation of competitions and assurance of fair voting in a voting competition<\/span><\/p>\n<p><span style=\"font-size: 12pt;\">Legal basis of the processing: We are entitled to process your personal data on the basis of the conclusion of a contract (these Contest Rules).<\/span><\/p>\n<p><span style=\"font-size: 12pt;\">Categories of the personal data we process: Identification data, Contact information, Information on mutual communication and interaction.<\/span><\/p>\n<p><span style=\"font-size: 12pt;\">Processing time: If you are a winner, we process your personal data for one year after the end of the competition. If you are a non-winning participant, your data will be processed until the contest is evaluated and for a maximum of 10 more weeks.<\/span><\/p>\n<p><span style=\"font-size: 12pt;\">Categories of processors or recipients to whom we may provide personal data: The personal data processor is MUSTARD s.r.o., registered office Praha 1 \u2013 Nov\u00e9 M\u011bsto, Masarykovo n\u00e1b\u0159. 246, 110 00, Czech Republic, ID No. 28531418, registered in the Commercial Register administered by the Municipal Court in Prague in Section C, Entry 148383 (Organiser) and \u0160koda Auto a.s., a joint-stock company with its registered office at t\u0159. V\u00e1clava Klementa 869, 293 01 Mlad\u00e1 Boleslav, Czech Republic, Company ID number 00177041, registered in the Commercial Register administered by the Municipal\u00a0 Court in Prague, section B, file number 332. Upon request, your personal data may be provided to public authorities, in particular courts, the Police of the Czech Republic and other law enforcement authorities to the extent necessary and within the limits of the law.<\/span><\/p>\n<p><span style=\"font-size: 12pt;\">Source of personal data: We receive the personal data directly from you.<\/span><\/p>\n<p><span style=\"font-size: 12pt;\">Transfer of personal data to third countries or multinational companies: As part of this processing, your personal data will not be transferred to third countries or multinational companies.<\/span><\/p>\n<p><span style=\"font-size: 12pt;\">Automated decision-making based on personal data: During this personal data processing, automated decision-making based on the personal data does not occur.<\/span><\/p>\n<p><span style=\"font-size: 12pt;\">Other information: Personal data may be archived in the public interest and used for scientific, historical or statistical research purposes. In well-founded cases, personal data can also be the subject of processing for the purposes of legal matters resolution, including the performance of obligations towards public administration bodies and monitoring and ongoing evaluation of legal risks.<\/span><\/p>\n<p><span style=\"font-size: 12pt;\">As part of the processing of personal data, you have the following rights: Access to the processed personal data, Correction of inaccurate or incorrect data or completion of incomplete data, Deletion of personal data in the event of termination of purpose or unauthorised processing, Restriction or blocking of personal data processing, Listing of personal data in a structured and machine-readable format for yourself or for another administrator, Not to be subject to automated decision-making.<\/span><\/p>\n<p><span style=\"font-size: 12pt;\">To exercise your rights, use the following communication channels:<\/span><\/p>\n<p><span style=\"font-size: 12pt;\">&#8211; Electronically at: https:\/\/www.skoda-auto.com\/data-privacy<\/span><\/p>\n<p><span style=\"font-size: 12pt;\">&#8211; By mail: \u0160koda Auto a.s., Data Protection Office, t\u0159. V\u00e1clava Klementa 869, Mlad\u00e1 Boleslav II, CZ 293 60 Mlad\u00e1 Boleslav, Czech Republic (in English or Czech).<\/span><\/p>\n<p><span style=\"font-size: 12pt;\">In connection with the exercise of your rights, \u0160koda Auto may charge a reasonable fee taking into account the administrative costs for the processing when requests from a data subject are apparently unfounded or excessive.<\/span><\/p>\n<p><span style=\"font-size: 12pt;\">If you have any questions regarding personal data protection, you can contact \u0160koda Auto&#8217;s Data Protection Officer:<\/span><\/p>\n<p><span style=\"font-size: 12pt;\">&#8211; dpo@skoda-auto.cz<\/span><\/p>\n<p><span style=\"font-size: 12pt;\">If you do not agree with the way we process your personal data, you can file a complaint with \u0160koda Auto&#8217;s Data Protection Officer or file a complaint with the supervisory authority to protect your rights. Office for Personal Data Protection, Pplk. Sochora 27, 170 00 Praha 7, +420 234 665 111, https:\/\/www.uoou.cz\/en<\/span><\/p>\n<ol start=\"8\">\n<li><span style=\"font-size: 18pt;\"><strong> Other important conditions<\/strong><\/span><\/li>\n<\/ol>\n<p><span style=\"font-size: 12pt;\">The Host shall exclusively determine the exact specifications of the winnings. The displaying of winnings in promotional materials is illustrative. The Host shall not be liable for any damages caused to the participant as a result of using the prize.<\/span><\/p>\n<p><span style=\"font-size: 12pt;\">The participants are not entitled to demand money or other types of fulfilment as a substitution for the prize. The Host is not otherwise hereby bound to provide fulfilment to the Contest participants, and the participants shall not be entitled to any fulfilment from the Host other than that expressly specified herein.<\/span><\/p>\n<p><span style=\"font-size: 12pt;\">The Host isn\u2019t responsible for the quality of prizes delivered by third parties. It is necessary to exercise responsibility for possible defects directly at these suppliers. The Host reserves the right to change prizes at their own discretion.<\/span><\/p>\n<p><span style=\"font-size: 12pt;\">A participant may be excluded from the Contest if the Host discovers or has reasonable suspicion that the participant or other persons aiding the participant have engaged in fraud in order to receive prizes or engaged in unfair conduct or conduct not based on the participant\u2019s knowledge in accordance with the rules.<\/span><\/p>\n<p><span style=\"font-size: 12pt;\">The Host shall not be liable for any failure to deliver messages or winnings. The Host shall not be liable for any mistake occurring as a result of technical or communication problems. The Host shall decide with final validity regarding any complaints or presented objections. The Host reserves the right without being required to provide compensation to shorten, postpone, suspend or cancel the event and the prizes or to change or add anything to these rules unilaterally during the event&#8217;s existence by notifying of such changes on the website specified above, where the valid and complete wording of the rules can also be found.<\/span><\/p>\n<p><span style=\"font-size: 12pt;\">This Contest is not in any way operated, sponsored by or associated with Meta, and Meta is not responsible for it. The information provided during the event will not be provided to Meta. All questions, comments or complaints regarding the application must be directed to the Host, not to Meta.<\/span><\/p>\n<p><span style=\"font-size: 12pt;\">This Contest is governed by the laws of the Czech Republic, except to the extent excluded by the applicable legislation of the participants\u2019 countries.<\/span><\/p>\n<p>&nbsp;<\/p>\n<p>&nbsp;<\/p>\n<p>&nbsp;<\/p>\n<p>&nbsp;<\/p>\n<p>&nbsp;<\/p>\n<p>&nbsp;<\/p>\n<p>&nbsp;<\/p>\n","protected":false},"excerpt":{"rendered":"<p>These rules regulate the terms of the \u201c2023 Strava UCI Worlds Challenge Contest\u201d (hereinafter referred to as \u201cContest\u201d) and are [&hellip;]<\/p>\n","protected":false},"author":11,"featured_media":0,"parent":193422,"menu_order":0,"comment_status":"closed","ping_status":"closed","template":"","meta":{"footnotes":""},"tags":[],"class_list":["post-193424","page","type-page","status-publish","hentry"],"yoast_head":"<!-- This site is optimized with the Yoast SEO Premium plugin v25.3 (Yoast SEO v25.9) - https:\/\/yoast.com\/wordpress\/plugins\/seo\/ -->\n<title>Let&#039;s Celebrate Big by We Love Cycling 2023 Contest Terms And Conditions - \u0160koda We Love Cycling<\/title>\n<meta name=\"robots\" content=\"index, follow, max-snippet:-1, max-image-preview:large, max-video-preview:-1\" \/>\n<link rel=\"canonical\" href=\"https:\/\/www.welovecycling.com\/wide\/celebrate-big-2023\/terms-and-conditions\/\" \/>\n<meta property=\"og:locale\" content=\"en_US\" \/>\n<meta property=\"og:type\" content=\"article\" \/>\n<meta property=\"og:title\" content=\"Let&#039;s Celebrate Big by We Love Cycling 2023 Contest Terms And Conditions\" \/>\n<meta property=\"og:url\" content=\"https:\/\/www.welovecycling.com\/wide\/celebrate-big-2023\/terms-and-conditions\/\" \/>\n<meta property=\"og:site_name\" content=\"\u0160koda We Love Cycling\" \/>\n<meta property=\"article:modified_time\" content=\"2023-07-18T07:01:17+00:00\" \/>\n<meta name=\"twitter:card\" content=\"summary_large_image\" \/>\n<meta name=\"twitter:label1\" content=\"Est. reading time\" \/>\n\t<meta name=\"twitter:data1\" content=\"10 minutes\" \/>\n<script type=\"application\/ld+json\" class=\"yoast-schema-graph\">{\"@context\":\"https:\/\/schema.org\",\"@graph\":[{\"@type\":\"WebPage\",\"@id\":\"https:\/\/www.welovecycling.com\/wide\/celebrate-big-2023\/terms-and-conditions\/\",\"url\":\"https:\/\/www.welovecycling.com\/wide\/celebrate-big-2023\/terms-and-conditions\/\",\"name\":\"Let's Celebrate Big by We Love Cycling 2023 Contest Terms And Conditions - \u0160koda We Love Cycling\",\"isPartOf\":{\"@id\":\"https:\/\/www.welovecycling.com\/wide\/#website\"},\"datePublished\":\"2023-07-18T06:34:49+00:00\",\"dateModified\":\"2023-07-18T07:01:17+00:00\",\"breadcrumb\":{\"@id\":\"https:\/\/www.welovecycling.com\/wide\/celebrate-big-2023\/terms-and-conditions\/#breadcrumb\"},\"inLanguage\":\"en-US\",\"potentialAction\":[{\"@type\":\"ReadAction\",\"target\":[\"https:\/\/www.welovecycling.com\/wide\/celebrate-big-2023\/terms-and-conditions\/\"]}]},{\"@type\":\"BreadcrumbList\",\"@id\":\"https:\/\/www.welovecycling.com\/wide\/celebrate-big-2023\/terms-and-conditions\/#breadcrumb\",\"itemListElement\":[{\"@type\":\"ListItem\",\"position\":1,\"name\":\"Home\",\"item\":\"https:\/\/www.welovecycling.com\/wide\/\"},{\"@type\":\"ListItem\",\"position\":2,\"name\":\"Let&#8217;s Celebrate Big by We Love Cycling 2023\",\"item\":\"https:\/\/www.welovecycling.com\/wide\/celebrate-big-2023\/\"},{\"@type\":\"ListItem\",\"position\":3,\"name\":\"Let&#8217;s Celebrate Big by We Love Cycling 2023 Contest Terms And Conditions\"}]},{\"@type\":\"WebSite\",\"@id\":\"https:\/\/www.welovecycling.com\/wide\/#website\",\"url\":\"https:\/\/www.welovecycling.com\/wide\/\",\"name\":\"\u0160koda We Love Cycling\",\"description\":\"\u0160koda We Love Cycling magazine\",\"alternateName\":\"\u0160koda WLC\",\"potentialAction\":[{\"@type\":\"SearchAction\",\"target\":{\"@type\":\"EntryPoint\",\"urlTemplate\":\"https:\/\/www.welovecycling.com\/wide\/?s={search_term_string}\"},\"query-input\":{\"@type\":\"PropertyValueSpecification\",\"valueRequired\":true,\"valueName\":\"search_term_string\"}}],\"inLanguage\":\"en-US\"}]}<\/script>\n<!-- \/ Yoast SEO Premium plugin. -->","yoast_head_json":{"title":"Let's Celebrate Big by We Love Cycling 2023 Contest Terms And Conditions - \u0160koda We Love Cycling","robots":{"index":"index","follow":"follow","max-snippet":"max-snippet:-1","max-image-preview":"max-image-preview:large","max-video-preview":"max-video-preview:-1"},"canonical":"https:\/\/www.welovecycling.com\/wide\/celebrate-big-2023\/terms-and-conditions\/","og_locale":"en_US","og_type":"article","og_title":"Let's Celebrate Big by We Love Cycling 2023 Contest Terms And Conditions","og_url":"https:\/\/www.welovecycling.com\/wide\/celebrate-big-2023\/terms-and-conditions\/","og_site_name":"\u0160koda We Love Cycling","article_modified_time":"2023-07-18T07:01:17+00:00","twitter_card":"summary_large_image","twitter_misc":{"Est. reading time":"10 minutes"},"schema":{"@context":"https:\/\/schema.org","@graph":[{"@type":"WebPage","@id":"https:\/\/www.welovecycling.com\/wide\/celebrate-big-2023\/terms-and-conditions\/","url":"https:\/\/www.welovecycling.com\/wide\/celebrate-big-2023\/terms-and-conditions\/","name":"Let's Celebrate Big by We Love Cycling 2023 Contest Terms And Conditions - \u0160koda We Love Cycling","isPartOf":{"@id":"https:\/\/www.welovecycling.com\/wide\/#website"},"datePublished":"2023-07-18T06:34:49+00:00","dateModified":"2023-07-18T07:01:17+00:00","breadcrumb":{"@id":"https:\/\/www.welovecycling.com\/wide\/celebrate-big-2023\/terms-and-conditions\/#breadcrumb"},"inLanguage":"en-US","potentialAction":[{"@type":"ReadAction","target":["https:\/\/www.welovecycling.com\/wide\/celebrate-big-2023\/terms-and-conditions\/"]}]},{"@type":"BreadcrumbList","@id":"https:\/\/www.welovecycling.com\/wide\/celebrate-big-2023\/terms-and-conditions\/#breadcrumb","itemListElement":[{"@type":"ListItem","position":1,"name":"Home","item":"https:\/\/www.welovecycling.com\/wide\/"},{"@type":"ListItem","position":2,"name":"Let&#8217;s Celebrate Big by We Love Cycling 2023","item":"https:\/\/www.welovecycling.com\/wide\/celebrate-big-2023\/"},{"@type":"ListItem","position":3,"name":"Let&#8217;s Celebrate Big by We Love Cycling 2023 Contest Terms And Conditions"}]},{"@type":"WebSite","@id":"https:\/\/www.welovecycling.com\/wide\/#website","url":"https:\/\/www.welovecycling.com\/wide\/","name":"\u0160koda We Love Cycling","description":"\u0160koda We Love Cycling magazine","alternateName":"\u0160koda WLC","potentialAction":[{"@type":"SearchAction","target":{"@type":"EntryPoint","urlTemplate":"https:\/\/www.welovecycling.com\/wide\/?s={search_term_string}"},"query-input":{"@type":"PropertyValueSpecification","valueRequired":true,"valueName":"search_term_string"}}],"inLanguage":"en-US"}]}},"_links":{"self":[{"href":"https:\/\/www.welovecycling.com\/wide\/wp-json\/wp\/v2\/pages\/193424","targetHints":{"allow":["GET"]}}],"collection":[{"href":"https:\/\/www.welovecycling.com\/wide\/wp-json\/wp\/v2\/pages"}],"about":[{"href":"https:\/\/www.welovecycling.com\/wide\/wp-json\/wp\/v2\/types\/page"}],"author":[{"embeddable":true,"href":"https:\/\/www.welovecycling.com\/wide\/wp-json\/wp\/v2\/users\/11"}],"replies":[{"embeddable":true,"href":"https:\/\/www.welovecycling.com\/wide\/wp-json\/wp\/v2\/comments?post=193424"}],"version-history":[{"count":4,"href":"https:\/\/www.welovecycling.com\/wide\/wp-json\/wp\/v2\/pages\/193424\/revisions"}],"predecessor-version":[{"id":193426,"href":"https:\/\/www.welovecycling.com\/wide\/wp-json\/wp\/v2\/pages\/193424\/revisions\/193426"}],"up":[{"embeddable":true,"href":"https:\/\/www.welovecycling.com\/wide\/wp-json\/wp\/v2\/pages\/193422"}],"wp:attachment":[{"href":"https:\/\/www.welovecycling.com\/wide\/wp-json\/wp\/v2\/media?parent=193424"}],"wp:term":[{"taxonomy":"post_tag","embeddable":true,"href":"https:\/\/www.welovecycling.com\/wide\/wp-json\/wp\/v2\/tags?post=193424"}],"curies":[{"name":"wp","href":"https:\/\/api.w.org\/{rel}","templated":true}]}}