{"id":174173,"date":"2019-06-10T16:13:34","date_gmt":"2019-06-10T16:13:34","guid":{"rendered":"https:\/\/www.welovecycling.com\/wide\/?page_id=174173"},"modified":"2019-06-10T16:14:58","modified_gmt":"2019-06-10T16:14:58","slug":"ch","status":"publish","type":"page","link":"https:\/\/www.welovecycling.com\/wide\/docs\/contest-memorandum\/ch\/","title":{"rendered":"CHINA Information on Personal Data Processing (Competitions)"},"content":{"rendered":"<div id=\"pl-174173\"  class=\"panel-layout\" ><div id=\"pg-174173-0\"  class=\"panel-grid panel-no-style\" ><div id=\"pgc-174173-0-0\"  class=\"panel-grid-cell\" ><div id=\"panel-174173-0-0-0\" class=\"so-panel widget widget_sow-editor panel-first-child\" data-index=\"0\" ><div\n\t\t\t\n\t\t\tclass=\"so-widget-sow-editor so-widget-sow-editor-base\"\n\t\t\t\n\t\t>\n<div class=\"siteorigin-widget-tinymce textwidget\">\n\t<p>By means of this document, we, as the controller of personal data \u2013 the company \u0160koda AUTO a.s., t\u0159. V\u00e1clava Klementa 869, Mlad\u00e1 Boleslav II, 293 10, Mlad\u00e1 Boleslav, Identification No.: 00177041, registered in the Commercial Register kept by the Municipal Court in Prague under Section B, File No. 332 (hereinafter referred to as \u201c\u0160koda AUTO\u201c) \u2013 provide information on the personal data processing and your rights related thereto.<\/p>\n<p>The processing of personal data is carried out as part of the following activity:<\/p>\n<p><strong>Competition Organisation and Voting Therein<\/strong><\/p>\n<\/div>\n<\/div><\/div><div id=\"panel-174173-0-0-1\" class=\"so-panel widget widget_sow-editor panel-last-child\" data-index=\"1\" ><div\n\t\t\t\n\t\t\tclass=\"so-widget-sow-editor so-widget-sow-editor-base\"\n\t\t\t\n\t\t>\n<div class=\"siteorigin-widget-tinymce textwidget\">\n\t<h3><strong>Purpose of the processing:<\/strong><\/h3>\n<p>Organisation of competitions and assurance of fair voting in a voting competition<\/p>\n<h3><strong>Description of the purpose of processing:<\/strong><\/h3>\n<p>Should you decide to take part in any competition that we organise as part of our activities, we will use your personal data, if you are a participant in the competition, ie, your data, and data of your child if you are a legal guardian of a participant in the competition, in order for us to be able to include you among participants, evaluate the competition and send or deliver a prize. These activities can be carried out by ourselves or via third persons \u2013 agencies. With the help of these data we will also be able to ensure that situations where one person votes multiple times is minimised.<\/p>\n<h3><strong>Legal basis of the processing:<\/strong><\/h3>\n<p>We must carry out the processing as it is necessary for us to be able to meet our obligations from the competition announced. The provision of your personal data is a contractual requirement and if you fail to provide them, you may not be included in the competition as a result.<\/p>\n<h3><strong>Categories of the personal data we process:<\/strong><\/h3>\n<p>Identification data, contact data<\/p>\n<h3><strong>Processing and archiving period:<\/strong><\/h3>\n<p>1 year after termination of the competition<\/p>\n<h3><strong>Categories of data processors or recipients to whom we may provide the personal data:<\/strong><\/h3>\n<p>Agencies running the competition.<\/p>\n<p>Upon request, your personal data can be provided to public authorities, in particular to courts, the Police of the Czech Republic and other law enforcement agencies to the necessary extent and within the boundaries of law.<\/p>\n<h3><strong>Source of the personal data:<\/strong><\/h3>\n<p>We receive the personal data directly from you.<\/p>\n<h3><strong>Transfers of personal data to third countries or supranational organisations:<\/strong><\/h3>\n<p>As part of this processing, your personal data may be transferred to recipients in third countries, i.e. the United States of America. In such case, this transfer may take place either on the basis of an adequacy decision of the European Commission, i.e. to organizations participating in the Privacy Shield programme, or on the basis of standard contractual clauses, i.e. the model contract issued by the European Commission, without any change made in its text, as foreseen by current legal regulation on personal data protection. You can find the latest information at <a href=\"http:\/\/www.skoda-auto.com\/other\/privacy-statement\" target=\"_blank\" rel=\"noopener\">http:\/\/www.skoda-auto.com\/other\/privacy-statement<\/a>.<\/p>\n<h3><strong>Automated decision-making based on the personal data:<\/strong><\/h3>\n<p>During this personal data processing, automated decision-making based on the personal data does not occur.<\/p>\n<h3><strong>Other information<\/strong><\/h3>\n<p>Personal data may be archived in the public interest and used for scientific, historical or statistical research purposes. In well-founded cases, personal data can also be the subject of processing for the purposes of legal matters resolution, including the performance of obligations towards public administration bodies and monitoring and ongoing evaluation of legal risks.<\/p>\n<\/div>\n<\/div><\/div><\/div><\/div><div id=\"pg-174173-1\"  class=\"panel-grid panel-no-style\" ><div id=\"pgc-174173-1-0\"  class=\"panel-grid-cell\" ><div id=\"panel-174173-1-0-0\" class=\"so-panel widget widget_sow-editor panel-first-child panel-last-child\" data-index=\"2\" ><div\n\t\t\t\n\t\t\tclass=\"so-widget-sow-editor so-widget-sow-editor-base\"\n\t\t\t\n\t\t>\n<div class=\"siteorigin-widget-tinymce textwidget\">\n\t<p><a href=\"https:\/\/www.welovecycling.com\/wide\/docs\/rights\/ch\">What are your rights?<\/a><\/p>\n<\/div>\n<\/div><\/div><\/div><\/div><\/div>","protected":false},"excerpt":{"rendered":"<p>By means of this document, we, as the controller of personal data \u2013 the company \u0160koda AUTO a.s., t\u0159. V\u00e1clava [&hellip;]<\/p>\n","protected":false},"author":27,"featured_media":0,"parent":165023,"menu_order":0,"comment_status":"closed","ping_status":"closed","template":"","meta":{"footnotes":""},"tags":[],"class_list":["post-174173","page","type-page","status-publish","hentry"],"yoast_head":"<!-- This site is optimized with the Yoast SEO Premium plugin v25.3 (Yoast SEO v25.9) - https:\/\/yoast.com\/wordpress\/plugins\/seo\/ -->\n<title>CHINA Information on Personal Data Processing (Competitions) - \u0160koda We Love Cycling<\/title>\n<meta name=\"robots\" content=\"index, follow, max-snippet:-1, max-image-preview:large, max-video-preview:-1\" \/>\n<link rel=\"canonical\" href=\"https:\/\/www.welovecycling.com\/wide\/docs\/contest-memorandum\/ch\/\" \/>\n<meta property=\"og:locale\" content=\"en_US\" \/>\n<meta property=\"og:type\" content=\"article\" \/>\n<meta property=\"og:title\" content=\"CHINA Information on Personal Data Processing (Competitions)\" \/>\n<meta property=\"og:url\" content=\"https:\/\/www.welovecycling.com\/wide\/docs\/contest-memorandum\/ch\/\" \/>\n<meta property=\"og:site_name\" content=\"\u0160koda We Love Cycling\" \/>\n<meta property=\"article:modified_time\" content=\"2019-06-10T16:14:58+00:00\" \/>\n<meta name=\"twitter:card\" content=\"summary_large_image\" \/>\n<meta name=\"twitter:label1\" content=\"Est. reading time\" \/>\n\t<meta name=\"twitter:data1\" content=\"3 minutes\" \/>\n<script type=\"application\/ld+json\" class=\"yoast-schema-graph\">{\"@context\":\"https:\/\/schema.org\",\"@graph\":[{\"@type\":\"WebPage\",\"@id\":\"https:\/\/www.welovecycling.com\/wide\/docs\/contest-memorandum\/ch\/\",\"url\":\"https:\/\/www.welovecycling.com\/wide\/docs\/contest-memorandum\/ch\/\",\"name\":\"CHINA Information on Personal Data Processing (Competitions) - \u0160koda We Love Cycling\",\"isPartOf\":{\"@id\":\"https:\/\/www.welovecycling.com\/wide\/#website\"},\"datePublished\":\"2019-06-10T16:13:34+00:00\",\"dateModified\":\"2019-06-10T16:14:58+00:00\",\"breadcrumb\":{\"@id\":\"https:\/\/www.welovecycling.com\/wide\/docs\/contest-memorandum\/ch\/#breadcrumb\"},\"inLanguage\":\"en-US\",\"potentialAction\":[{\"@type\":\"ReadAction\",\"target\":[\"https:\/\/www.welovecycling.com\/wide\/docs\/contest-memorandum\/ch\/\"]}]},{\"@type\":\"BreadcrumbList\",\"@id\":\"https:\/\/www.welovecycling.com\/wide\/docs\/contest-memorandum\/ch\/#breadcrumb\",\"itemListElement\":[{\"@type\":\"ListItem\",\"position\":1,\"name\":\"Home\",\"item\":\"https:\/\/www.welovecycling.com\/wide\/\"},{\"@type\":\"ListItem\",\"position\":2,\"name\":\"Documents\",\"item\":\"https:\/\/www.welovecycling.com\/wide\/docs\/\"},{\"@type\":\"ListItem\",\"position\":3,\"name\":\"Information on Personal Data Processing (Competitions)\",\"item\":\"https:\/\/www.welovecycling.com\/wide\/docs\/contest-memorandum\/\"},{\"@type\":\"ListItem\",\"position\":4,\"name\":\"CHINA Information on Personal Data Processing (Competitions)\"}]},{\"@type\":\"WebSite\",\"@id\":\"https:\/\/www.welovecycling.com\/wide\/#website\",\"url\":\"https:\/\/www.welovecycling.com\/wide\/\",\"name\":\"\u0160koda We Love Cycling\",\"description\":\"\u0160koda We Love Cycling magazine\",\"alternateName\":\"\u0160koda WLC\",\"potentialAction\":[{\"@type\":\"SearchAction\",\"target\":{\"@type\":\"EntryPoint\",\"urlTemplate\":\"https:\/\/www.welovecycling.com\/wide\/?s={search_term_string}\"},\"query-input\":{\"@type\":\"PropertyValueSpecification\",\"valueRequired\":true,\"valueName\":\"search_term_string\"}}],\"inLanguage\":\"en-US\"}]}<\/script>\n<!-- \/ Yoast SEO Premium plugin. -->","yoast_head_json":{"title":"CHINA Information on Personal Data Processing (Competitions) - \u0160koda We Love Cycling","robots":{"index":"index","follow":"follow","max-snippet":"max-snippet:-1","max-image-preview":"max-image-preview:large","max-video-preview":"max-video-preview:-1"},"canonical":"https:\/\/www.welovecycling.com\/wide\/docs\/contest-memorandum\/ch\/","og_locale":"en_US","og_type":"article","og_title":"CHINA Information on Personal Data Processing (Competitions)","og_url":"https:\/\/www.welovecycling.com\/wide\/docs\/contest-memorandum\/ch\/","og_site_name":"\u0160koda We Love Cycling","article_modified_time":"2019-06-10T16:14:58+00:00","twitter_card":"summary_large_image","twitter_misc":{"Est. reading time":"3 minutes"},"schema":{"@context":"https:\/\/schema.org","@graph":[{"@type":"WebPage","@id":"https:\/\/www.welovecycling.com\/wide\/docs\/contest-memorandum\/ch\/","url":"https:\/\/www.welovecycling.com\/wide\/docs\/contest-memorandum\/ch\/","name":"CHINA Information on Personal Data Processing (Competitions) - \u0160koda We Love Cycling","isPartOf":{"@id":"https:\/\/www.welovecycling.com\/wide\/#website"},"datePublished":"2019-06-10T16:13:34+00:00","dateModified":"2019-06-10T16:14:58+00:00","breadcrumb":{"@id":"https:\/\/www.welovecycling.com\/wide\/docs\/contest-memorandum\/ch\/#breadcrumb"},"inLanguage":"en-US","potentialAction":[{"@type":"ReadAction","target":["https:\/\/www.welovecycling.com\/wide\/docs\/contest-memorandum\/ch\/"]}]},{"@type":"BreadcrumbList","@id":"https:\/\/www.welovecycling.com\/wide\/docs\/contest-memorandum\/ch\/#breadcrumb","itemListElement":[{"@type":"ListItem","position":1,"name":"Home","item":"https:\/\/www.welovecycling.com\/wide\/"},{"@type":"ListItem","position":2,"name":"Documents","item":"https:\/\/www.welovecycling.com\/wide\/docs\/"},{"@type":"ListItem","position":3,"name":"Information on Personal Data Processing (Competitions)","item":"https:\/\/www.welovecycling.com\/wide\/docs\/contest-memorandum\/"},{"@type":"ListItem","position":4,"name":"CHINA Information on Personal Data Processing (Competitions)"}]},{"@type":"WebSite","@id":"https:\/\/www.welovecycling.com\/wide\/#website","url":"https:\/\/www.welovecycling.com\/wide\/","name":"\u0160koda We Love Cycling","description":"\u0160koda We Love Cycling magazine","alternateName":"\u0160koda WLC","potentialAction":[{"@type":"SearchAction","target":{"@type":"EntryPoint","urlTemplate":"https:\/\/www.welovecycling.com\/wide\/?s={search_term_string}"},"query-input":{"@type":"PropertyValueSpecification","valueRequired":true,"valueName":"search_term_string"}}],"inLanguage":"en-US"}]}},"_links":{"self":[{"href":"https:\/\/www.welovecycling.com\/wide\/wp-json\/wp\/v2\/pages\/174173","targetHints":{"allow":["GET"]}}],"collection":[{"href":"https:\/\/www.welovecycling.com\/wide\/wp-json\/wp\/v2\/pages"}],"about":[{"href":"https:\/\/www.welovecycling.com\/wide\/wp-json\/wp\/v2\/types\/page"}],"author":[{"embeddable":true,"href":"https:\/\/www.welovecycling.com\/wide\/wp-json\/wp\/v2\/users\/27"}],"replies":[{"embeddable":true,"href":"https:\/\/www.welovecycling.com\/wide\/wp-json\/wp\/v2\/comments?post=174173"}],"version-history":[{"count":2,"href":"https:\/\/www.welovecycling.com\/wide\/wp-json\/wp\/v2\/pages\/174173\/revisions"}],"predecessor-version":[{"id":174176,"href":"https:\/\/www.welovecycling.com\/wide\/wp-json\/wp\/v2\/pages\/174173\/revisions\/174176"}],"up":[{"embeddable":true,"href":"https:\/\/www.welovecycling.com\/wide\/wp-json\/wp\/v2\/pages\/165023"}],"wp:attachment":[{"href":"https:\/\/www.welovecycling.com\/wide\/wp-json\/wp\/v2\/media?parent=174173"}],"wp:term":[{"taxonomy":"post_tag","embeddable":true,"href":"https:\/\/www.welovecycling.com\/wide\/wp-json\/wp\/v2\/tags?post=174173"}],"curies":[{"name":"wp","href":"https:\/\/api.w.org\/{rel}","templated":true}]}}