{"id":164742,"date":"2018-05-15T06:10:12","date_gmt":"2018-05-15T06:10:12","guid":{"rendered":"https:\/\/www.welovecycling.com\/wide\/?page_id=164742"},"modified":"2018-05-18T07:36:28","modified_gmt":"2018-05-18T07:36:28","slug":"thank-you-for-subscribing","status":"publish","type":"page","link":"https:\/\/www.welovecycling.com\/wide\/thank-you-for-subscribing\/","title":{"rendered":"Thank you for subscribing to our newsletter!"},"content":{"rendered":"<p>And that\u2019s it! We\u2019re fetching our best bike messenger to deliver We Love Cycling to your inbox.<\/p>\n<lite-youtube videoid=o_ajdmsiOGI params=\"enablejsapi=1\" style=\"background-image: url('https:\/\/i.ytimg.com\/vi_webp\/o_ajdmsiOGI\/maxresdefault.webp');\"><\/lite-youtube>\n<div class=\"shortcode-ys-post-pinup\"><article class=\"loop-simple post-164380 post type-post status-publish format-standard has-post-thumbnail hentry category-family tag-skoda-karoq tag-why-we-ride tag-women-cycling\" data-postid=\"164380\" role=\"article\" data-post-id=\"164380\" data-word-count=\"312\" data-headline-length=\"36\" data-category=\"Family\" data-author=\"WeLoveCycling\" data-published=\"2018-04-24T07:43:57+00:00\" data-published-day=\"Tuesday\">\n    <div class=\"entry-thumbnail article-thumbnail\" content=\"https:\/\/d2p6e6u75xmxt8.cloudfront.net\/2\/2018\/04\/wwrcover-150x150.webp\"><a href=\"https:\/\/www.welovecycling.com\/wide\/2018\/04\/24\/have-you-even-wondered-why-we-ride\/\" class=\"image-holder\" target=\"_self\"><img decoding=\"async\" loading=\"lazy\" class=\"\" src=\"https:\/\/d2p6e6u75xmxt8.cloudfront.net\/2\/2018\/04\/wwrcover.webp\" srcset=\"https:\/\/d2p6e6u75xmxt8.cloudfront.net\/2\/2018\/04\/wwrcover.webp 900w, https:\/\/d2p6e6u75xmxt8.cloudfront.net\/2\/2018\/04\/wwrcover-300x200.webp 300w, https:\/\/d2p6e6u75xmxt8.cloudfront.net\/2\/2018\/04\/wwrcover-768x512.webp 768w, https:\/\/d2p6e6u75xmxt8.cloudfront.net\/2\/2018\/04\/wwrcover-272x182.webp 272w\" width=\"900\" height=\"600\" sizes=\"auto, (min-width: 1200px) 300px, (min-width: 768px) 25vw, 100vw\" alt=\"have-you-even-wondered-why-we-ride\"\/><\/a><\/div>    <div class=\"entry-meta\">\n        <a class=\"label label-secondary post-category\" href=\"https:\/\/www.welovecycling.com\/wide\/category\/family\/\" title=\"Family\">Family<\/a>\n    <\/div>\n    <div class=\"entry-details\">\n        <a href=\"https:\/\/www.welovecycling.com\/wide\/2018\/04\/24\/have-you-even-wondered-why-we-ride\/\" class='entry-title-wrapper'>\n            <h3 class=\"entry-title\"><span>Have You Even Wondered: Why We Ride?<\/span><\/h3>\n        <\/a>\n    <\/div>\n    <\/article>\n<\/div>\n","protected":false},"excerpt":{"rendered":"<p>And that\u2019s it! We\u2019re fetching our best bike messenger to deliver We Love Cycling to your inbox.<\/p>\n","protected":false},"author":27,"featured_media":0,"parent":0,"menu_order":0,"comment_status":"closed","ping_status":"closed","template":"templates\/template-empty-page.php","meta":{"footnotes":""},"tags":[],"class_list":["post-164742","page","type-page","status-publish","hentry"],"yoast_head":"<!-- This site is optimized with the Yoast SEO Premium plugin v25.3 (Yoast SEO v25.9) - https:\/\/yoast.com\/wordpress\/plugins\/seo\/ -->\n<title>Thank you for subscribing to our newsletter! - \u0160koda We Love Cycling<\/title>\n<meta name=\"robots\" content=\"index, follow, max-snippet:-1, max-image-preview:large, max-video-preview:-1\" \/>\n<link rel=\"canonical\" href=\"https:\/\/www.welovecycling.com\/wide\/thank-you-for-subscribing\/\" \/>\n<meta property=\"og:locale\" content=\"en_US\" \/>\n<meta property=\"og:type\" content=\"article\" \/>\n<meta property=\"og:title\" content=\"Thank you for subscribing to our newsletter!\" \/>\n<meta property=\"og:url\" content=\"https:\/\/www.welovecycling.com\/wide\/thank-you-for-subscribing\/\" \/>\n<meta property=\"og:site_name\" content=\"\u0160koda We Love Cycling\" \/>\n<meta property=\"article:modified_time\" content=\"2018-05-18T07:36:28+00:00\" \/>\n<meta name=\"twitter:card\" content=\"summary_large_image\" \/>\n<meta name=\"twitter:label1\" content=\"Written by\" \/>\n\t<meta name=\"twitter:data1\" content=\"WeLoveCycling\" \/>\n<script type=\"application\/ld+json\" class=\"yoast-schema-graph\">{\"@context\":\"https:\/\/schema.org\",\"@graph\":[{\"@type\":\"WebPage\",\"@id\":\"https:\/\/www.welovecycling.com\/wide\/thank-you-for-subscribing\/\",\"url\":\"https:\/\/www.welovecycling.com\/wide\/thank-you-for-subscribing\/\",\"name\":\"Thank you for subscribing to our newsletter! - \u0160koda We Love Cycling\",\"isPartOf\":{\"@id\":\"https:\/\/www.welovecycling.com\/wide\/#website\"},\"datePublished\":\"2018-05-15T06:10:12+00:00\",\"dateModified\":\"2018-05-18T07:36:28+00:00\",\"breadcrumb\":{\"@id\":\"https:\/\/www.welovecycling.com\/wide\/thank-you-for-subscribing\/#breadcrumb\"},\"inLanguage\":\"en-US\",\"potentialAction\":[{\"@type\":\"ReadAction\",\"target\":[\"https:\/\/www.welovecycling.com\/wide\/thank-you-for-subscribing\/\"]}]},{\"@type\":\"BreadcrumbList\",\"@id\":\"https:\/\/www.welovecycling.com\/wide\/thank-you-for-subscribing\/#breadcrumb\",\"itemListElement\":[{\"@type\":\"ListItem\",\"position\":1,\"name\":\"Home\",\"item\":\"https:\/\/www.welovecycling.com\/wide\/\"},{\"@type\":\"ListItem\",\"position\":2,\"name\":\"Thank you for subscribing to our newsletter!\"}]},{\"@type\":\"WebSite\",\"@id\":\"https:\/\/www.welovecycling.com\/wide\/#website\",\"url\":\"https:\/\/www.welovecycling.com\/wide\/\",\"name\":\"\u0160koda We Love Cycling\",\"description\":\"\u0160koda We Love Cycling magazine\",\"alternateName\":\"\u0160koda WLC\",\"potentialAction\":[{\"@type\":\"SearchAction\",\"target\":{\"@type\":\"EntryPoint\",\"urlTemplate\":\"https:\/\/www.welovecycling.com\/wide\/?s={search_term_string}\"},\"query-input\":{\"@type\":\"PropertyValueSpecification\",\"valueRequired\":true,\"valueName\":\"search_term_string\"}}],\"inLanguage\":\"en-US\"}]}<\/script>\n<!-- \/ Yoast SEO Premium plugin. -->","yoast_head_json":{"title":"Thank you for subscribing to our newsletter! - \u0160koda We Love Cycling","robots":{"index":"index","follow":"follow","max-snippet":"max-snippet:-1","max-image-preview":"max-image-preview:large","max-video-preview":"max-video-preview:-1"},"canonical":"https:\/\/www.welovecycling.com\/wide\/thank-you-for-subscribing\/","og_locale":"en_US","og_type":"article","og_title":"Thank you for subscribing to our newsletter!","og_url":"https:\/\/www.welovecycling.com\/wide\/thank-you-for-subscribing\/","og_site_name":"\u0160koda We Love Cycling","article_modified_time":"2018-05-18T07:36:28+00:00","twitter_card":"summary_large_image","twitter_misc":{"Written by":"WeLoveCycling"},"schema":{"@context":"https:\/\/schema.org","@graph":[{"@type":"WebPage","@id":"https:\/\/www.welovecycling.com\/wide\/thank-you-for-subscribing\/","url":"https:\/\/www.welovecycling.com\/wide\/thank-you-for-subscribing\/","name":"Thank you for subscribing to our newsletter! - \u0160koda We Love Cycling","isPartOf":{"@id":"https:\/\/www.welovecycling.com\/wide\/#website"},"datePublished":"2018-05-15T06:10:12+00:00","dateModified":"2018-05-18T07:36:28+00:00","breadcrumb":{"@id":"https:\/\/www.welovecycling.com\/wide\/thank-you-for-subscribing\/#breadcrumb"},"inLanguage":"en-US","potentialAction":[{"@type":"ReadAction","target":["https:\/\/www.welovecycling.com\/wide\/thank-you-for-subscribing\/"]}]},{"@type":"BreadcrumbList","@id":"https:\/\/www.welovecycling.com\/wide\/thank-you-for-subscribing\/#breadcrumb","itemListElement":[{"@type":"ListItem","position":1,"name":"Home","item":"https:\/\/www.welovecycling.com\/wide\/"},{"@type":"ListItem","position":2,"name":"Thank you for subscribing to our newsletter!"}]},{"@type":"WebSite","@id":"https:\/\/www.welovecycling.com\/wide\/#website","url":"https:\/\/www.welovecycling.com\/wide\/","name":"\u0160koda We Love Cycling","description":"\u0160koda We Love Cycling magazine","alternateName":"\u0160koda WLC","potentialAction":[{"@type":"SearchAction","target":{"@type":"EntryPoint","urlTemplate":"https:\/\/www.welovecycling.com\/wide\/?s={search_term_string}"},"query-input":{"@type":"PropertyValueSpecification","valueRequired":true,"valueName":"search_term_string"}}],"inLanguage":"en-US"}]}},"_links":{"self":[{"href":"https:\/\/www.welovecycling.com\/wide\/wp-json\/wp\/v2\/pages\/164742","targetHints":{"allow":["GET"]}}],"collection":[{"href":"https:\/\/www.welovecycling.com\/wide\/wp-json\/wp\/v2\/pages"}],"about":[{"href":"https:\/\/www.welovecycling.com\/wide\/wp-json\/wp\/v2\/types\/page"}],"author":[{"embeddable":true,"href":"https:\/\/www.welovecycling.com\/wide\/wp-json\/wp\/v2\/users\/27"}],"replies":[{"embeddable":true,"href":"https:\/\/www.welovecycling.com\/wide\/wp-json\/wp\/v2\/comments?post=164742"}],"version-history":[{"count":2,"href":"https:\/\/www.welovecycling.com\/wide\/wp-json\/wp\/v2\/pages\/164742\/revisions"}],"predecessor-version":[{"id":164863,"href":"https:\/\/www.welovecycling.com\/wide\/wp-json\/wp\/v2\/pages\/164742\/revisions\/164863"}],"wp:attachment":[{"href":"https:\/\/www.welovecycling.com\/wide\/wp-json\/wp\/v2\/media?parent=164742"}],"wp:term":[{"taxonomy":"post_tag","embeddable":true,"href":"https:\/\/www.welovecycling.com\/wide\/wp-json\/wp\/v2\/tags?post=164742"}],"curies":[{"name":"wp","href":"https:\/\/api.w.org\/{rel}","templated":true}]}}