{"id":8540,"date":"2025-09-03T09:03:55","date_gmt":"2025-09-03T07:03:55","guid":{"rendered":"https:\/\/www.welovecycling.com\/uk\/?page_id=8540"},"modified":"2026-01-07T10:54:14","modified_gmt":"2026-01-07T09:54:14","slug":"130-anniversary","status":"publish","type":"page","link":"https:\/\/www.welovecycling.com\/uk\/130-anniversary\/","title":{"rendered":"\u0160koda and Cycling"},"content":{"rendered":"","protected":false},"excerpt":{"rendered":"","protected":false},"author":199,"featured_media":8550,"parent":0,"menu_order":0,"comment_status":"closed","ping_status":"closed","template":"\/var\/www\/html\/web\/app\/plugins\/avenga-130-years\/templates\/template-hijack.php","meta":{"footnotes":""},"tags":[],"class_list":["post-8540","page","type-page","status-publish","has-post-thumbnail","hentry"],"yoast_head":"<!-- This site is optimized with the Yoast SEO Premium plugin v25.3 (Yoast SEO v25.9) - https:\/\/yoast.com\/wordpress\/plugins\/seo\/ -->\n<title>\u0160koda and Cycling - \u0160koda We Love Cycling - United Kingdom<\/title>\n<meta name=\"description\" content=\"\u0160koda cycling history explained: discover how bicycles shaped the brand, from the iconic Slavia bike to a lasting commitment to cycling.\" \/>\n<meta name=\"robots\" content=\"index, follow, max-snippet:-1, max-image-preview:large, max-video-preview:-1\" \/>\n<link rel=\"canonical\" href=\"https:\/\/www.welovecycling.com\/uk\/130-anniversary\/\" \/>\n<meta property=\"og:locale\" content=\"en_GB\" \/>\n<meta property=\"og:type\" content=\"article\" \/>\n<meta property=\"og:title\" content=\"\u0160koda and Cycling\" \/>\n<meta property=\"og:description\" content=\"\u0160koda cycling history explained: discover how bicycles shaped the brand, from the iconic Slavia bike to a lasting commitment to cycling.\" \/>\n<meta property=\"og:url\" content=\"https:\/\/www.welovecycling.com\/uk\/130-anniversary\/\" \/>\n<meta property=\"og:site_name\" content=\"\u0160koda We Love Cycling - United Kingdom\" \/>\n<meta property=\"article:modified_time\" content=\"2026-01-07T09:54:14+00:00\" \/>\n<meta property=\"og:image\" content=\"https:\/\/d2p6e6u75xmxt8.cloudfront.net\/18\/2025\/09\/social-130.webp\" \/>\n\t<meta property=\"og:image:width\" content=\"1390\" \/>\n\t<meta property=\"og:image:height\" content=\"744\" \/>\n\t<meta property=\"og:image:type\" content=\"image\/webp\" \/>\n<meta name=\"twitter:card\" content=\"summary_large_image\" \/>\n<script type=\"application\/ld+json\" class=\"yoast-schema-graph\">{\"@context\":\"https:\/\/schema.org\",\"@graph\":[{\"@type\":\"WebPage\",\"@id\":\"https:\/\/www.welovecycling.com\/uk\/130-anniversary\/\",\"url\":\"https:\/\/www.welovecycling.com\/uk\/130-anniversary\/\",\"name\":\"\u0160koda and Cycling - \u0160koda We Love Cycling - United Kingdom\",\"isPartOf\":{\"@id\":\"https:\/\/www.welovecycling.com\/uk\/#website\"},\"primaryImageOfPage\":{\"@id\":\"https:\/\/www.welovecycling.com\/uk\/130-anniversary\/#primaryimage\"},\"image\":{\"@id\":\"https:\/\/www.welovecycling.com\/uk\/130-anniversary\/#primaryimage\"},\"thumbnailUrl\":\"https:\/\/d2p6e6u75xmxt8.cloudfront.net\/18\/2025\/09\/social-130.webp\",\"datePublished\":\"2025-09-03T07:03:55+00:00\",\"dateModified\":\"2026-01-07T09:54:14+00:00\",\"description\":\"\u0160koda cycling history explained: discover how bicycles shaped the brand, from the iconic Slavia bike to a lasting commitment to cycling.\",\"inLanguage\":\"en-GB\",\"potentialAction\":[{\"@type\":\"ReadAction\",\"target\":[\"https:\/\/www.welovecycling.com\/uk\/130-anniversary\/\"]}]},{\"@type\":\"ImageObject\",\"inLanguage\":\"en-GB\",\"@id\":\"https:\/\/www.welovecycling.com\/uk\/130-anniversary\/#primaryimage\",\"url\":\"https:\/\/d2p6e6u75xmxt8.cloudfront.net\/18\/2025\/09\/social-130.webp\",\"contentUrl\":\"https:\/\/d2p6e6u75xmxt8.cloudfront.net\/18\/2025\/09\/social-130.webp\",\"width\":1390,\"height\":744},{\"@type\":\"WebSite\",\"@id\":\"https:\/\/www.welovecycling.com\/uk\/#website\",\"url\":\"https:\/\/www.welovecycling.com\/uk\/\",\"name\":\"\u0160koda We Love Cycling - United Kingdom\",\"description\":\"\u0160koda WeLoveCycling - United Kingdom\",\"potentialAction\":[{\"@type\":\"SearchAction\",\"target\":{\"@type\":\"EntryPoint\",\"urlTemplate\":\"https:\/\/www.welovecycling.com\/uk\/?s={search_term_string}\"},\"query-input\":{\"@type\":\"PropertyValueSpecification\",\"valueRequired\":true,\"valueName\":\"search_term_string\"}}],\"inLanguage\":\"en-GB\"}]}<\/script>\n<!-- \/ Yoast SEO Premium plugin. -->","yoast_head_json":{"title":"\u0160koda and Cycling - \u0160koda We Love Cycling - United Kingdom","description":"\u0160koda cycling history explained: discover how bicycles shaped the brand, from the iconic Slavia bike to a lasting commitment to cycling.","robots":{"index":"index","follow":"follow","max-snippet":"max-snippet:-1","max-image-preview":"max-image-preview:large","max-video-preview":"max-video-preview:-1"},"canonical":"https:\/\/www.welovecycling.com\/uk\/130-anniversary\/","og_locale":"en_GB","og_type":"article","og_title":"\u0160koda and Cycling","og_description":"\u0160koda cycling history explained: discover how bicycles shaped the brand, from the iconic Slavia bike to a lasting commitment to cycling.","og_url":"https:\/\/www.welovecycling.com\/uk\/130-anniversary\/","og_site_name":"\u0160koda We Love Cycling - United Kingdom","article_modified_time":"2026-01-07T09:54:14+00:00","og_image":[{"width":1390,"height":744,"url":"https:\/\/d2p6e6u75xmxt8.cloudfront.net\/18\/2025\/09\/social-130.webp","type":"image\/webp"}],"twitter_card":"summary_large_image","schema":{"@context":"https:\/\/schema.org","@graph":[{"@type":"WebPage","@id":"https:\/\/www.welovecycling.com\/uk\/130-anniversary\/","url":"https:\/\/www.welovecycling.com\/uk\/130-anniversary\/","name":"\u0160koda and Cycling - \u0160koda We Love Cycling - United Kingdom","isPartOf":{"@id":"https:\/\/www.welovecycling.com\/uk\/#website"},"primaryImageOfPage":{"@id":"https:\/\/www.welovecycling.com\/uk\/130-anniversary\/#primaryimage"},"image":{"@id":"https:\/\/www.welovecycling.com\/uk\/130-anniversary\/#primaryimage"},"thumbnailUrl":"https:\/\/d2p6e6u75xmxt8.cloudfront.net\/18\/2025\/09\/social-130.webp","datePublished":"2025-09-03T07:03:55+00:00","dateModified":"2026-01-07T09:54:14+00:00","description":"\u0160koda cycling history explained: discover how bicycles shaped the brand, from the iconic Slavia bike to a lasting commitment to cycling.","inLanguage":"en-GB","potentialAction":[{"@type":"ReadAction","target":["https:\/\/www.welovecycling.com\/uk\/130-anniversary\/"]}]},{"@type":"ImageObject","inLanguage":"en-GB","@id":"https:\/\/www.welovecycling.com\/uk\/130-anniversary\/#primaryimage","url":"https:\/\/d2p6e6u75xmxt8.cloudfront.net\/18\/2025\/09\/social-130.webp","contentUrl":"https:\/\/d2p6e6u75xmxt8.cloudfront.net\/18\/2025\/09\/social-130.webp","width":1390,"height":744},{"@type":"WebSite","@id":"https:\/\/www.welovecycling.com\/uk\/#website","url":"https:\/\/www.welovecycling.com\/uk\/","name":"\u0160koda We Love Cycling - United Kingdom","description":"\u0160koda WeLoveCycling - United Kingdom","potentialAction":[{"@type":"SearchAction","target":{"@type":"EntryPoint","urlTemplate":"https:\/\/www.welovecycling.com\/uk\/?s={search_term_string}"},"query-input":{"@type":"PropertyValueSpecification","valueRequired":true,"valueName":"search_term_string"}}],"inLanguage":"en-GB"}]}},"_links":{"self":[{"href":"https:\/\/www.welovecycling.com\/uk\/wp-json\/wp\/v2\/pages\/8540","targetHints":{"allow":["GET"]}}],"collection":[{"href":"https:\/\/www.welovecycling.com\/uk\/wp-json\/wp\/v2\/pages"}],"about":[{"href":"https:\/\/www.welovecycling.com\/uk\/wp-json\/wp\/v2\/types\/page"}],"author":[{"embeddable":true,"href":"https:\/\/www.welovecycling.com\/uk\/wp-json\/wp\/v2\/users\/199"}],"replies":[{"embeddable":true,"href":"https:\/\/www.welovecycling.com\/uk\/wp-json\/wp\/v2\/comments?post=8540"}],"version-history":[{"count":2,"href":"https:\/\/www.welovecycling.com\/uk\/wp-json\/wp\/v2\/pages\/8540\/revisions"}],"predecessor-version":[{"id":9009,"href":"https:\/\/www.welovecycling.com\/uk\/wp-json\/wp\/v2\/pages\/8540\/revisions\/9009"}],"wp:featuredmedia":[{"embeddable":true,"href":"https:\/\/www.welovecycling.com\/uk\/wp-json\/wp\/v2\/media\/8550"}],"wp:attachment":[{"href":"https:\/\/www.welovecycling.com\/uk\/wp-json\/wp\/v2\/media?parent=8540"}],"wp:term":[{"taxonomy":"post_tag","embeddable":true,"href":"https:\/\/www.welovecycling.com\/uk\/wp-json\/wp\/v2\/tags?post=8540"}],"curies":[{"name":"wp","href":"https:\/\/api.w.org\/{rel}","templated":true}]}}