{"id":535,"date":"2017-05-15T08:44:46","date_gmt":"2017-05-15T06:44:46","guid":{"rendered":"https:\/\/www.welovecycling.com\/sk\/?page_id=535"},"modified":"2017-06-28T06:24:20","modified_gmt":"2017-06-28T04:24:20","slug":"podmienky-odberu-noviniek","status":"publish","type":"page","link":"https:\/\/www.welovecycling.com\/sk\/podmienky-odberu-noviniek\/","title":{"rendered":"Podmienky odberu noviniek"},"content":{"rendered":"<p>Vitajte na internetovej str\u00e1nke WELOVECYCLING, ktor\u00e1 sa nach\u00e1dza na adrese https:\/\/www.welovecycling.com (\u010falej len \u201cStr\u00e1nka\u201d) a ktor\u00fa prev\u00e1dzkuje spolo\u010dnos\u0165 MUSTARD s.r.o., I\u010cO: 285 31 418, so s\u00eddlom v Prahe 1 \u2013 Nov\u00e9 M\u011bsto, Masarykovo n\u00e1b\u0159. 246, PS\u010c 110 00, \u010cesk\u00e1 republika a ktor\u00e1 p\u00f4sob\u00ed ako dod\u00e1vate\u013e spolo\u010dnosti \u0160koda AUTO a.s., I\u010cO: 00177041 so s\u00eddlom v Mladej Boleslavi, T\u0159. V\u00e1clava Klementa 869, PS4 293 60, \u010cesk\u00e1 republika (str\u00e1nka WELOVECYCLING).<br \/>\nPrihl\u00e1sen\u00edm sa na odber spr\u00e1v elektronickej komunik\u00e1cie obsahuj\u00facej novinky zo str\u00e1nky WELOVECYCLING a pozv\u00e1nky na podujatia (\u010falej iba \u201enovinky\u201c) d\u00e1vate najavo, \u017ee ste si tieto podmienky (vr\u00e1tane Z\u00e1sad ochrany s\u00fakromia spolo\u010dnos\u0165ou \u0160koda AUTO a.s.) pre\u010d\u00edtali, porozumeli im, s\u00fahlas\u00edte s nimi a \u017ee s doru\u010dovan\u00edm noviniek s\u00fahlas\u00edte. Str\u00e1nka WELOVECYCLING m\u00f4\u017ee tieto podmienky priebe\u017ene meni\u0165 a dop\u013a\u0148a\u0165. Va\u0161e trval\u00e9 prihl\u00e1senie sa na odoberanie a prij\u00edmanie noviniek sa pova\u017euje za prijatie zmenen\u00fdch a doplnen\u00fdch podmienok. Do t\u00fdchto podmienok m\u00e1te mo\u017enos\u0165 kedyko\u013evek nahliada\u0165.<\/p>\n<h2>Spravovanie va\u0161ej prihl\u00e1\u0161ky na odoberanie<\/h2>\n<p>Pri odhlasovan\u00ed sa z odberu noviniek str\u00e1nky WELOVECYCLING postupujete takto:<br \/>\nKliknite na odkaz \u2018Unsubscribe\u2019 alebo \u2018Odhl\u00e1si\u0165\u2019, ktor\u00fd sa nach\u00e1dza na ka\u017edej str\u00e1nke pre prihl\u00e1senie sa na odber noviniek (novinky WELOVECYCLING), alebo priamo v prijatej elektronickej komunik\u00e1cii (t.j. v odbere noviniek alebo pozv\u00e1nkou na podujatie).<br \/>\nVypl\u0148te odhlasovac\u00ed formul\u00e1r, vr\u00e1tane potvrdenia svojej e-mailovej adresy.<br \/>\nKliknite na odkaz \u201cUnsubscribe\u201d alebo \u201cOdhl\u00e1si\u0165\u201d.<\/p>\n<h2>Ochrana s\u00fakromia<\/h2>\n<p>Va\u0161e osobn\u00e9 \u00fadaje sa m\u00f4\u017eu zhroma\u017e\u010fova\u0165 predov\u0161etk\u00fdm za \u00fa\u010delom oznamova\u0165 v\u00e1m priebe\u017ene zverejnenie nov\u00e9ho obsahu na str\u00e1nke WELOVECYCLING, oboznamova\u0165 v\u00e1s s nov\u00fdmi pozv\u00e1nkami na podujatia, alebo s inform\u00e1ciami o produktoch prostredn\u00edctvom na\u0161ich noviniek. Ak n\u00e1m po\u017eadovan\u00e9 inform\u00e1cie neposkytnete, m\u00f4\u017ee sa sta\u0165, \u017ee v\u00e1m na\u0161e novinky odosiela\u0165 nedok\u00e1\u017eeme. <a href=\"\/\/www.welovecycling.com\/wide\/newsletter-terms-and-conditions\/countries\/\">Va\u0161u e-mailov\u00fa adresu spr\u00edstupn\u00edme poskytovate\u013eom marketingov\u00fdch slu\u017eieb WELOVECYCLING so s\u00eddlom v Eur\u00f3pskej \u00fanii, ktor\u00ed s\u00fa zodpovedn\u00ed za zasielanie v\u0161etk\u00fdch na\u0161ich spr\u00e1v a noviniek.<\/a> Tento dod\u00e1vate\u013e slu\u017eieb je zmluvne zaviazan\u00fd na dodr\u017eiavanie pr\u00e1vnej \u00fapravy Eur\u00f3pskej \u00fanie na ochranu s\u00fakromia (European Privacy Act) a vykon\u00e1va v\u0161etky primeran\u00e9 opatrenia ur\u010den\u00e9 na zabezpe\u010denie primeran\u00e9ho zaobch\u00e1dzania s va\u0161imi osobn\u00fdmi \u00fadajmi a ich spracov\u00e1van\u00edm. Strat\u00e9gia iniciat\u00edvy WELOVECYCLING pre oblas\u0165 ochrany s\u00fakromia obsahuje aj inform\u00e1cie o postupe ako poda\u0165 s\u0165a\u017enos\u0165 za poru\u0161enie princ\u00edpov Eur\u00f3pskej \u00fanie upravuj\u00facich ochranu s\u00fakromia a o sp\u00f4sobe, ako tak\u00e9to s\u0165a\u017enosti rie\u0161ime, \u010falej inform\u00e1cie o sp\u00f4sobe ako po\u017eiada\u0165 o pr\u00edstup k va\u0161im uchov\u00e1van\u00fdm osobn\u00fdm \u00fadajom a ako \u017eiada\u0165 o ich opravu. Na str\u00e1nku WELOVECYCLING sa mo\u017eno obraca\u0165 prostredn\u00edctvom e-mailu odoslan\u00e9ho na adresu info@welovecycling.com.<\/p>\n<h2>Autorsk\u00e9 pr\u00e1va<\/h2>\n<p>Obsah noviniek str\u00e1nky WELOVECYCLING, ako aj v\u0161etky a ak\u00e9ko\u013evek my\u0161lienky, vzory, grafick\u00e9 \u00fapravy, fotografie, texty, audiovizu\u00e1lne materi\u00e1ly a \u010fal\u0161ie materi\u00e1ly, ktor\u00e9 tvoria obsah noviniek, podliehaj\u00fa pr\u00e1vam na ochranu du\u0161evn\u00e9ho vlastn\u00edctva Eur\u00f3pskej \u00fanie a ich vlastn\u00edkmi a kontroluj\u00facimi subjektmi s\u00fa str\u00e1nka WELOVECYCLING, alebo ude\u013eovatelia jej licenci\u00ed. V s\u00favislosti s novinkami (vr\u00e1tane ich \u010dast\u00ed) s\u00fahlas\u00edte, \u017ee ich smiete pou\u017e\u00edva\u0165 iba na svoje osobn\u00e9 \u00fa\u010dely a \u017ee novinky nesmiete pou\u017e\u00edva\u0165 na \u017eiadne komer\u010dn\u00e9 \u00fa\u010dely. Pou\u017e\u00edvanie obsahu ak\u00fdmiko\u013evek in\u00fdmi sp\u00f4sobmi, kop\u00edrovanie, reprodukovanie, menenie alebo pren\u00e1\u0161anie obsahu si vy\u017eaduje udelenie n\u00e1\u0161ho prech\u00e1dzaj\u00faceho p\u00edsomn\u00e9ho s\u00fahlasu. Nepovolen\u00e9 pou\u017e\u00edvanie je zak\u00e1zan\u00e9 a chr\u00e1nen\u00e9 z\u00e1konom.<\/p>\n<h2>Vyl\u00fa\u010denie zodpovednosti a v\u0161eobecn\u00e9 ustanovenia<\/h2>\n<p>Novinky a ich obsah sa poskytuj\u00fa v\u00fdlu\u010dne na informa\u010dn\u00e9 \u00fa\u010dely a nemaj\u00fa sa pova\u017eova\u0165 za komplexn\u00e9 inform\u00e1cie alebo poradenstvo. Hoci str\u00e1nka WELOVECYCLING uplat\u0148uje primeran\u00e9 \u00fasilie zameran\u00e9 na zabezpe\u010denie presnosti a aktu\u00e1lnosti inform\u00e1ci\u00ed obsiahnut\u00fdch v novink\u00e1ch, za ich presnos\u0165, aktu\u00e1lnos\u0165 alebo \u00faplnos\u0165 sa nezaru\u010duje. Str\u00e1nka WELOVECYCLING neposkytuje \u017eiadne vyhl\u00e1senia v s\u00favislosti s obsahom a vhodnos\u0165ou inform\u00e1ci\u00ed poskytovan\u00fdch v novink\u00e1ch (najm\u00e4 v s\u00favislosti s inform\u00e1ciami nach\u00e1dzaj\u00facimi sa v odkazoch na ak\u00e9ko\u013evek internetov\u00e9 str\u00e1nky). V najvy\u0161\u0161om rozsahu, ktor\u00fd prip\u00fa\u0161\u0165aj\u00fa pr\u00e1vne predpisy sa str\u00e1nka WELOVECYCLING nezaru\u010duje a ani neru\u010d\u00ed za presnos\u0165, spo\u013eahlivos\u0165, aktu\u00e1lnos\u0165 alebo ak\u00fdko\u013evek in\u00fd aspekt inform\u00e1ci\u00ed tvoriacich obsah noviniek a ani neposkytuje v tomto oh\u013eade \u017eiadne vyhl\u00e1senie.<br \/>\nNovinky m\u00f4\u017eu obsahova\u0165 odkazy na internetov\u00e9 str\u00e1nky tret\u00edch str\u00e1n. Str\u00e1nka WELOVECYCLING \u017eiadnym sp\u00f4sobom nezodpoved\u00e1 a ani sa nezaru\u010duje za obsah tak\u00fdchto str\u00e1nok a na tieto str\u00e1nky pristupujete a pou\u017e\u00edvate ich na svoje vlastn\u00e9 riziko. Ak\u00e9ko\u013evek odkazy sa poskytuj\u00fa len kv\u00f4li \u013eah\u0161ej orient\u00e1cii a nevypl\u00fdva z nich ni\u010d, \u010do by nazna\u010dovalo, \u017ee ich pou\u017e\u00edvanie schva\u013eujeme, alebo odpor\u00fa\u010dame. Str\u00e1nka WELOVECYCLING sa nezaru\u010duje, \u017ee materi\u00e1ly, ktor\u00e9 sa spr\u00edstup\u0148uj\u00fa v novink\u00e1ch, alebo prostredn\u00edctvom noviniek nebud\u00fa obsahova\u0165 chyby, v\u00edrusy, po\u010d\u00edta\u010dov\u00e9 \u010dervy alebo in\u00e9 \u0161kodliv\u00e9 k\u00f3dy. V rozsahu, ktor\u00fd prip\u00fa\u0161\u0165aj\u00fa pr\u00e1vne predpisy sa vylu\u010duje ak\u00e1ko\u013evek zodpovednos\u0165 za ak\u00fako\u013evek stratu, \u0161kodu alebo za ak\u00fdko\u013evek \u00faraz, ktor\u00e9 by vznikli na z\u00e1klade v\u00e1\u0161ho pr\u00edstupu, alebo va\u0161ej nemo\u017enosti pr\u00edstupu k ak\u00e9muko\u013evek k\u00f3du, alebo na z\u00e1klade skuto\u010dnosti, \u017ee ste prijali ak\u00e9ko\u013evek k\u00f3dy, alebo \u017ee ste sa opierali o ak\u00e9ko\u013evek inform\u00e1cie, ktor\u00e9 tvoria obsah noviniek, alebo ktor\u00e9 sa prostredn\u00edctvom noviniek spr\u00edstupnili.<br \/>\nS\u00fa\u010das\u0165ou obsahu noviniek m\u00f4\u017eu by\u0165 aj ochrann\u00e9 zn\u00e1mky chr\u00e1nen\u00e9 z\u00e1konom. Na medzin\u00e1rodnej \u00farovni smiete pou\u017e\u00edva\u0165 ochrann\u00e9 zn\u00e1mky str\u00e1nky WELOVECYCLING iba na z\u00e1klade n\u00e1\u0161ho predch\u00e1dzaj\u00faceho p\u00edsomn\u00e9ho s\u00fahlasu, iba\u017ee by i\u0161lo o legit\u00edmne ozna\u010dovanie produktov alebo slu\u017eieb str\u00e1nky WELOVECYCLING.<br \/>\nS\u00fahlas\u00edte, \u017ee pri poskytovan\u00ed \u00fadajov v r\u00e1mci prihlasovania sa na odber noviniek str\u00e1nky WELOVECYCLING zodpoved\u00e1te za spr\u00e1vnos\u0165 a presnos\u0165 poskytovan\u00fdch \u00fadajov a \u017ee ak\u00e9ko\u013evek omyly pri vpisovan\u00ed, alebo poskytovan\u00ed va\u0161ich \u00fadajov m\u00f4\u017ee ma\u0165 za n\u00e1sledok nedoru\u010denie noviniek.<br \/>\nStr\u00e1nka WELOVECYCLING m\u00e1 kedyko\u013evek a pod\u013ea svojho vlastn\u00e9ho uv\u00e1\u017eenia pr\u00e1vo na pozastavenie, alebo zru\u0161enie v\u00e1\u0161ho odberu.<\/p>\n<h2>Tieto podmienky<\/h2>\n<p>Tieto podmienky sa riadia pod\u013ea pr\u00e1vnych predpisov \u010ceskej republiky a bezpodmiene\u010dne sa podria\u010fujete s\u00fadnej pr\u00e1vomoci s\u00fadov v \u010ceskej republike. Hoci \u010desk\u00e9 novinky mo\u017eno distribuova\u0165, alebo k nim mo\u017eno inak pristupova\u0165 aj mimo \u00fazemia \u010ceskej republiky, str\u00e1nka WELOVECYCLING neposkytuje \u017eiadne vyhl\u00e1senie v takom zmysle, \u017ee obsah je v s\u00falade s pr\u00e1vnymi predpismi akejko\u013evek inej krajiny. Ak odober\u00e1te novinky na mieste mimo \u00fazemia \u010ceskej republiky, potom za dodr\u017eiavanie s\u00faladu s miestnymi pr\u00e1vnymi predpismi a za d\u00f4sledky opierania sa o ich obsah zodpoved\u00e1te v\u00fdlu\u010dne vy sami.<\/p>\n<h2>Uchov\u00e1vanie \u00fadajov<\/h2>\n<p>V\u0161etky osobn\u00e9 \u00fadaje, vr\u00e1tane e-mailov\u00fdch adries, sa uchov\u00e1vaj\u00fa a z\u00e1lohuj\u00fa na na\u0161ej infra\u0161trukt\u00fare be\u017eiacej na slu\u017ebe na Amazon Web Services (AWS) umiestnenej v eur\u00f3pskom d\u00e1tovom centre. Pri ochrane \u00fadajov na svojich serveroch uplat\u0148ujeme kombin\u00e1ciu administrat\u00edvnych, fyzick\u00fdch a logick\u00fdch bezpe\u010dnostn\u00fdch opatren\u00ed. Na\u0161e servery s\u00fa chr\u00e1nen\u00e9 firewallmi a \u0161pecializovan\u00fdm softv\u00e9rom na detekciu neopr\u00e1vnen\u00fdch pr\u00edstupov a \u0161kodliv\u00e9ho softv\u00e9ru. Pr\u00edstup na servery a k infra\u0161trukt\u00fare je zabezpe\u010den\u00fd a ude\u013euje sa len spr\u00e1vcom (administr\u00e1torom).<br \/>\nOchranu \u00fadajov v procese ich prenosu zabezpe\u010dujeme pomocou \u0161tandardne pou\u017e\u00edvan\u00fdch kryptografick\u00fdch postupov. Zvy\u010dajne sa ozna\u010duj\u00fa ako protokol \u2018transport layer security (\u201cTLS\u201d)\u2019 alebo protokol \u2018secure socket layer (\u201cSSL\u201d)\u2019. Pri prenose \u00fadajov prostredn\u00edctvom internetu v\u0161ak nemo\u017eno zaru\u010di\u0165 100% bezpe\u010dnos\u0165 a preto sa za bezpe\u010dnos\u0165 inform\u00e1ci\u00ed v procese ich prenosu od v\u00e1s k n\u00e1m nedok\u00e1\u017eeme celkom zaru\u010di\u0165; v takomto zmysle preto potvrdzujete, \u017ee tak rob\u00edte na svoje vlastn\u00e9 riziko.<\/p>\n<h2>Pr\u00edstup k \u00fadajom<\/h2>\n<p>M\u00e1te pr\u00e1vo:<br \/>\n1. overova\u0165 si, \u010di spolo\u010dnos\u0165 \u0160koda AUTO a.s. (\u010falej len \u201c\u0160koda AUTO\u201d) uchov\u00e1va ak\u00e9ko\u013evek osobn\u00e9 \u00fadaje t\u00fdkaj\u00face sa va\u0161ej osoby a m\u00e1te tie\u017e pr\u00e1vo k t\u00fdmto \u00fadajom pristupova\u0165;<br \/>\n2. po\u017eiada\u0165 spolo\u010dnos\u0165 \u0160koda AUTO o opravu ak\u00fdchko\u013evek nespr\u00e1vnych \u00fadajov t\u00fdkaj\u00facich sa va\u0161ej osoby a<br \/>\n3. oboznamova\u0165 sa s intern\u00fdmi predpismi a postupmi spolo\u010dnosti \u0160koda AUTO s\u00favisiacimi s osobn\u00fdmi \u00fadajmi.<br \/>\nSo \u017eiados\u0165ami o pr\u00edstup k \u00fadajom a o ich opravu a pri overovan\u00ed typov uchov\u00e1van\u00fdch \u00fadajov sa obracajte p\u00edsomne na adresu:info@welovecycling.com<br \/>\nSmiete tie\u017e spolo\u010dnos\u0165 \u0160koda AUTO, alebo ktor\u00e9hoko\u013evek z jej ur\u010den\u00fdch partnerov po\u017eiada\u0165 o vymazanie \u00fadajov z ak\u00e9hoko\u013evek akt\u00edvneho adres\u00e1ra na odosielanie elektronickej po\u0161ty, alebo adres\u00e1ra pre rozosielanie inform\u00e1ci\u00ed. Pri uplat\u0148ovan\u00ed si ktor\u00e9hoko\u013evek zo svojich pr\u00e1v sa na n\u00e1s obracajte prostredn\u00edctvom vy\u0161\u0161ie uvedenej adresy, alebo odo\u0161lite e-mail spolo\u010dnosti \u0160koda AUTO, svoju spr\u00e1vu ozna\u010dte ako \u201cd\u00f4vern\u00fa\u201d. E\u0161te pred udelen\u00edm pr\u00edstupu k va\u0161im \u00fadajom, alebo pred povolen\u00edm opravenia va\u0161ich osobn\u00fdch \u00fadajov smie spolo\u010dnos\u0165 \u0160koda AUTO vykona\u0165 kroky namieren\u00e9 na overenie va\u0161ej toto\u017enosti. V s\u00falade s podmienkami Vyhl\u00e1\u0161ky m\u00e1 spolo\u010dnos\u0165 \u0160koda AUTO pr\u00e1vo \u00fa\u010dtova\u0165 si za spracovanie akejko\u013evek \u017eiadosti o pr\u00edstup k \u00fadajom primeran\u00fd poplatok.<br \/>\nPr\u00e1vo pristupova\u0165 k \u00fadajom maj\u00fa len nasleduj\u00face subjekty:<\/p>\n<h2>Vlastn\u00edk<\/h2>\n<p>\u0160koda AUTO a.s.<br \/>\n\u200bT\u0159. V\u00e1clava Klementa 869<br \/>\n293 60 Mlad\u00e1 Boleslav<br \/>\n\u010cesk\u00e1 republika<br \/>\nspolo\u010dnos\u0165 zap\u00edsan\u00e1 v obchodnom registri, ktor\u00fd vedie M\u011bstsk\u00fd soud v Prahe, vlo\u017eka \u010d. B 332.<br \/>\n\u010clen skupiny Volkswagen Group<br \/>\nI\u010cO: 00 17 70 41<\/p>\n<h2>Prev\u00e1dzkovate\u013e str\u00e1nky WELOVECYCLING<\/h2>\n<p>MUSTARD s.r.o.<br \/>\nVinohradsk\u00e1 22<br \/>\n120 00 Praha 2<br \/>\n\u010cesk\u00e1 republika<br \/>\nspolo\u010dnos\u0165 zap\u00edsan\u00e1 v obchodnom registri, ktor\u00fd vedie M\u011bstsk\u00fd soud v Prahe, vlo\u017eka \u010d. C 148383.<br \/>\nI\u010cO: 28531418<\/p>\n<h2>Prev\u00e1dzkovate\u013e technick\u00e9ho zabezpe\u010denia pre spolo\u010dnos\u0165 MUSTARD<\/h2>\n<p>YOUR SYSTEM, spol.s r.o.<br \/>\nT\u00fcrkova 2319\/5b<br \/>\n14900 Praha 4<br \/>\n\u010cesk\u00e1 republika<br \/>\nspolo\u010dnos\u0165 zap\u00edsan\u00e1 v obchodnom registri, ktor\u00fd vedie M\u011bstsk\u00fd soud v Prahe, vlo\u017eka \u010d. C 72.<br \/>\nI\u010cO: 00174939<\/p>\n<h2>\u010eal\u0161ie inform\u00e1cie<\/h2>\n<p>\u017diadosti o \u010fal\u0161ie inform\u00e1cie m\u00f4\u017eete zasla\u0165 e-mailom na s\u00eddlo str\u00e1nky WELOVECYCLING na adrese info@welovecycling.com.<\/p>\n","protected":false},"excerpt":{"rendered":"<p>Vitajte na internetovej str\u00e1nke WELOVECYCLING, ktor\u00e1 sa nach\u00e1dza na adrese https:\/\/www.welovecycling.com (\u010falej len \u201cStr\u00e1nka\u201d) a ktor\u00fa prev\u00e1dzkuje spolo\u010dnos\u0165 MUSTARD s.r.o., [&hellip;]<\/p>\n","protected":false},"author":1,"featured_media":0,"parent":0,"menu_order":0,"comment_status":"closed","ping_status":"closed","template":"templates\/template-empty-page-headline.php","meta":{"footnotes":""},"tags":[],"class_list":["post-535","page","type-page","status-publish","hentry"],"yoast_head":"<!-- This site is optimized with the Yoast SEO Premium plugin v25.3 (Yoast SEO v25.9) - https:\/\/yoast.com\/wordpress\/plugins\/seo\/ -->\n<title>Podmienky odberu noviniek - \u0160koda We Love Cycling Slovensko<\/title>\n<meta name=\"robots\" content=\"index, follow, max-snippet:-1, max-image-preview:large, max-video-preview:-1\" \/>\n<link rel=\"canonical\" href=\"https:\/\/www.welovecycling.com\/sk\/podmienky-odberu-noviniek\/\" \/>\n<meta property=\"og:locale\" content=\"sk_SK\" \/>\n<meta property=\"og:type\" content=\"article\" \/>\n<meta property=\"og:title\" content=\"Podmienky odberu noviniek\" \/>\n<meta property=\"og:description\" content=\"Vitajte na internetovej str\u00e1nke WELOVECYCLING, ktor\u00e1 sa nach\u00e1dza na adrese https:\/\/www.welovecycling.com (\u010falej len \u201cStr\u00e1nka\u201d) a ktor\u00fa prev\u00e1dzkuje spolo\u010dnos\u0165 MUSTARD s.r.o., [&hellip;]\" \/>\n<meta property=\"og:url\" content=\"https:\/\/www.welovecycling.com\/sk\/podmienky-odberu-noviniek\/\" \/>\n<meta property=\"og:site_name\" content=\"\u0160koda We Love Cycling Slovensko\" \/>\n<meta property=\"article:modified_time\" content=\"2017-06-28T04:24:20+00:00\" \/>\n<meta name=\"twitter:card\" content=\"summary_large_image\" \/>\n<meta name=\"twitter:label1\" content=\"Est. reading time\" \/>\n\t<meta name=\"twitter:data1\" content=\"9 minutes\" \/>\n<script type=\"application\/ld+json\" class=\"yoast-schema-graph\">{\"@context\":\"https:\/\/schema.org\",\"@graph\":[{\"@type\":\"WebPage\",\"@id\":\"https:\/\/www.welovecycling.com\/sk\/podmienky-odberu-noviniek\/\",\"url\":\"https:\/\/www.welovecycling.com\/sk\/podmienky-odberu-noviniek\/\",\"name\":\"Podmienky odberu noviniek - \u0160koda We Love Cycling Slovensko\",\"isPartOf\":{\"@id\":\"https:\/\/www.welovecycling.com\/sk\/#website\"},\"datePublished\":\"2017-05-15T06:44:46+00:00\",\"dateModified\":\"2017-06-28T04:24:20+00:00\",\"breadcrumb\":{\"@id\":\"https:\/\/www.welovecycling.com\/sk\/podmienky-odberu-noviniek\/#breadcrumb\"},\"inLanguage\":\"sk-SK\",\"potentialAction\":[{\"@type\":\"ReadAction\",\"target\":[\"https:\/\/www.welovecycling.com\/sk\/podmienky-odberu-noviniek\/\"]}]},{\"@type\":\"BreadcrumbList\",\"@id\":\"https:\/\/www.welovecycling.com\/sk\/podmienky-odberu-noviniek\/#breadcrumb\",\"itemListElement\":[{\"@type\":\"ListItem\",\"position\":1,\"name\":\"Home\",\"item\":\"https:\/\/www.welovecycling.com\/sk\/\"},{\"@type\":\"ListItem\",\"position\":2,\"name\":\"Podmienky odberu noviniek\"}]},{\"@type\":\"WebSite\",\"@id\":\"https:\/\/www.welovecycling.com\/sk\/#website\",\"url\":\"https:\/\/www.welovecycling.com\/sk\/\",\"name\":\"\u0160koda We Love Cycling Slovensko\",\"description\":\"\u0160koda We Love Cycling Slovensko je v\u00e1\u0161 ka\u017edodenn\u00fd zdroj noviniek a in\u0161pir\u00e1cie z sveta cyklistiky\",\"potentialAction\":[{\"@type\":\"SearchAction\",\"target\":{\"@type\":\"EntryPoint\",\"urlTemplate\":\"https:\/\/www.welovecycling.com\/sk\/?s={search_term_string}\"},\"query-input\":{\"@type\":\"PropertyValueSpecification\",\"valueRequired\":true,\"valueName\":\"search_term_string\"}}],\"inLanguage\":\"sk-SK\"}]}<\/script>\n<!-- \/ Yoast SEO Premium plugin. -->","yoast_head_json":{"title":"Podmienky odberu noviniek - \u0160koda We Love Cycling Slovensko","robots":{"index":"index","follow":"follow","max-snippet":"max-snippet:-1","max-image-preview":"max-image-preview:large","max-video-preview":"max-video-preview:-1"},"canonical":"https:\/\/www.welovecycling.com\/sk\/podmienky-odberu-noviniek\/","og_locale":"sk_SK","og_type":"article","og_title":"Podmienky odberu noviniek","og_description":"Vitajte na internetovej str\u00e1nke WELOVECYCLING, ktor\u00e1 sa nach\u00e1dza na adrese https:\/\/www.welovecycling.com (\u010falej len \u201cStr\u00e1nka\u201d) a ktor\u00fa prev\u00e1dzkuje spolo\u010dnos\u0165 MUSTARD s.r.o., [&hellip;]","og_url":"https:\/\/www.welovecycling.com\/sk\/podmienky-odberu-noviniek\/","og_site_name":"\u0160koda We Love Cycling Slovensko","article_modified_time":"2017-06-28T04:24:20+00:00","twitter_card":"summary_large_image","twitter_misc":{"Est. reading time":"9 minutes"},"schema":{"@context":"https:\/\/schema.org","@graph":[{"@type":"WebPage","@id":"https:\/\/www.welovecycling.com\/sk\/podmienky-odberu-noviniek\/","url":"https:\/\/www.welovecycling.com\/sk\/podmienky-odberu-noviniek\/","name":"Podmienky odberu noviniek - \u0160koda We Love Cycling Slovensko","isPartOf":{"@id":"https:\/\/www.welovecycling.com\/sk\/#website"},"datePublished":"2017-05-15T06:44:46+00:00","dateModified":"2017-06-28T04:24:20+00:00","breadcrumb":{"@id":"https:\/\/www.welovecycling.com\/sk\/podmienky-odberu-noviniek\/#breadcrumb"},"inLanguage":"sk-SK","potentialAction":[{"@type":"ReadAction","target":["https:\/\/www.welovecycling.com\/sk\/podmienky-odberu-noviniek\/"]}]},{"@type":"BreadcrumbList","@id":"https:\/\/www.welovecycling.com\/sk\/podmienky-odberu-noviniek\/#breadcrumb","itemListElement":[{"@type":"ListItem","position":1,"name":"Home","item":"https:\/\/www.welovecycling.com\/sk\/"},{"@type":"ListItem","position":2,"name":"Podmienky odberu noviniek"}]},{"@type":"WebSite","@id":"https:\/\/www.welovecycling.com\/sk\/#website","url":"https:\/\/www.welovecycling.com\/sk\/","name":"\u0160koda We Love Cycling Slovensko","description":"\u0160koda We Love Cycling Slovensko je v\u00e1\u0161 ka\u017edodenn\u00fd zdroj noviniek a in\u0161pir\u00e1cie z sveta cyklistiky","potentialAction":[{"@type":"SearchAction","target":{"@type":"EntryPoint","urlTemplate":"https:\/\/www.welovecycling.com\/sk\/?s={search_term_string}"},"query-input":{"@type":"PropertyValueSpecification","valueRequired":true,"valueName":"search_term_string"}}],"inLanguage":"sk-SK"}]}},"_links":{"self":[{"href":"https:\/\/www.welovecycling.com\/sk\/wp-json\/wp\/v2\/pages\/535","targetHints":{"allow":["GET"]}}],"collection":[{"href":"https:\/\/www.welovecycling.com\/sk\/wp-json\/wp\/v2\/pages"}],"about":[{"href":"https:\/\/www.welovecycling.com\/sk\/wp-json\/wp\/v2\/types\/page"}],"author":[{"embeddable":true,"href":"https:\/\/www.welovecycling.com\/sk\/wp-json\/wp\/v2\/users\/1"}],"replies":[{"embeddable":true,"href":"https:\/\/www.welovecycling.com\/sk\/wp-json\/wp\/v2\/comments?post=535"}],"version-history":[{"count":2,"href":"https:\/\/www.welovecycling.com\/sk\/wp-json\/wp\/v2\/pages\/535\/revisions"}],"predecessor-version":[{"id":1219,"href":"https:\/\/www.welovecycling.com\/sk\/wp-json\/wp\/v2\/pages\/535\/revisions\/1219"}],"wp:attachment":[{"href":"https:\/\/www.welovecycling.com\/sk\/wp-json\/wp\/v2\/media?parent=535"}],"wp:term":[{"taxonomy":"post_tag","embeddable":true,"href":"https:\/\/www.welovecycling.com\/sk\/wp-json\/wp\/v2\/tags?post=535"}],"curies":[{"name":"wp","href":"https:\/\/api.w.org\/{rel}","templated":true}]}}