{"id":523,"date":"2017-05-09T12:50:46","date_gmt":"2017-05-09T10:50:46","guid":{"rendered":"https:\/\/www.welovecycling.com\/sk\/?page_id=523"},"modified":"2017-05-09T12:50:46","modified_gmt":"2017-05-09T10:50:46","slug":"pravidla-sutaze","status":"publish","type":"page","link":"https:\/\/www.welovecycling.com\/sk\/letape-du-tour-2017\/pravidla-sutaze\/","title":{"rendered":"Pravidl\u00e1 s\u00fa\u0165a\u017ee"},"content":{"rendered":"<p>Tieto pravidl\u00e1 upravuj\u00fa podmienky s\u00fa\u0165a\u017ee s n\u00e1zvom \u201eL\u2019Etape du Tour 2017\u201c (\u010falej len \u201es\u00fa\u0165a\u017e\u201d). Toto je jedin\u00fd dokument, ktor\u00fd \u00faplne a z\u00e1v\u00e4zne ur\u010duje pravidl\u00e1 tejto s\u00fa\u0165a\u017ee.<\/p>\n<h2>1. USPORIADATE\u013d A ORGANIZ\u00c1TOR S\u00da\u0164A\u017dE<\/h2>\n<p>Usporiadate\u013eom tejto s\u00fa\u0165a\u017ee je spolo\u010dnos\u0165 \u0160koda AUTO a.s. so s\u00eddlom t\u0159. V\u00e1clava Klementa 869, 293 01 Mlad\u00e1 Boleslav, \u010cesk\u00e1 republika, I\u010cO: 00177041, zap\u00edsan\u00e1 v Obchodnom registri vedenom Mestsk\u00fdm s\u00fadom v Prahe, odd. B, vlo\u017eka \u010d. 332 (\u010falej len \u201eusporiadate\u013e\u201c).<\/p>\n<p>Organiz\u00e1torom s\u00fa\u0165a\u017ee, ktor\u00fd zabezpe\u010duje praktick\u00e9 kroky pri jej organiz\u00e1cii, je spolo\u010dnos\u0165 MUSTARD s.r.o., so s\u00eddlom Praha 1 \u2013 Nov\u00e9 M\u011bsto, Masarykovo n\u00e1b\u0159. 246, 110 00, \u010cesk\u00e1 republika, I\u010cO: 28531418, zap\u00edsan\u00e1 v Obchodnom registri vedenom Mestsk\u00fdm s\u00fadom v Prahe, odd. C, vlo\u017eka \u010d. 148383.<\/p>\n<h2> 2. \u010cAS A MIESTO S\u00da\u0164A\u017dE<\/h2>\n<p>S\u00fa\u0165a\u017e prebieha od 15. m\u00e1ja 2017 do 31. m\u00e1ja 2017. S\u00fa\u0165a\u017e prebieha na webovej str\u00e1nke www.welovecycling.com\/letape-du-tour-2017\/sk\/ , kde sa prim\u00e1rne realizuje aj komunik\u00e1cia so s\u00fa\u0165a\u017eiacimi.<\/p>\n<h2> 3. S\u00da\u0164A\u017dIACI<\/h2>\n<p>S\u00fa\u0165a\u017ee, organizovanej na \u00fazem\u00ed \u010ceskej republiky, sa m\u00f4\u017ee z\u00fa\u010dastni\u0165 ka\u017ed\u00e1 fyzick\u00e1 osoba vo veku minim\u00e1lne 18 rokov s pobytom v niektorej z nasleduj\u00facich kraj\u00edn:  Alb\u00e1nsko, Andorra, Arm\u00e9nsko, Rak\u00fasko, Bielorusko, Belgicko, Bosna a Hercegovina, Bulharsko, Kan\u00e1rske ostrovy, Chorv\u00e1tsko, Cyprus, \u010cesk\u00e1 republika, D\u00e1nsko, Est\u00f3nsko, F\u00ednsko, Franc\u00fazsko, Gruz\u00ednsko, Nemecko, Gr\u00e9cko, Ma\u010farsko, Island, \u00cdrsko, Taliansko, Loty\u0161sko, Lichten\u0161tajnsko, Litva, Luxembursko, Maced\u00f3nsko, Malta, Moldavsko, \u010cierna Hora, Holandsko, N\u00f3rsko, Po\u013esko, Portugalsko, Rumunsko, Rusk\u00e1 feder\u00e1cia, Srbsko, Slovensko, Slovinsko, \u0160panielsko, \u0160v\u00e9dsko, \u0160vaj\u010diarsko, Ve\u013ek\u00e1 Brit\u00e1nia, Turecko, Ukrajina.<br \/>\nNa \u00fa\u010das\u0165 v s\u00fa\u0165a\u017ei sa treba kedyko\u013evek po\u010das jej trvania zaregistrova\u0165 na webovej str\u00e1nke s\u00fa\u0165a\u017ee, potvrdi\u0165 bezv\u00fdhradn\u00fd s\u00fahlas s t\u00fdmito pravidlami a t\u00fdm da\u0165 usporiadate\u013eovi s\u00fa\u0165a\u017ee s\u00fahlas so sprac\u00favan\u00edm osobn\u00fdch \u00fadajov v rozsahu uvedenom ni\u017e\u0161ie. S\u00fa\u010das\u0165ou registr\u00e1cie (prihl\u00e1\u0161ky) je poskytnutie osobn\u00fdch \u00fadajov (cel\u00e9 meno, e-mail, telef\u00f3n, mesto, \u0161t\u00e1t) a na\u010d\u00edtanie (prostredn\u00edctvom registra\u010dn\u00e9ho formul\u00e1ra) obr\u00e1zku z cyklistickej aplik\u00e1cie, ktor\u00fa s\u00fa\u0165a\u017eiaci pou\u017e\u00edva.<br \/>\nTechnick\u00e9 podmienky obr\u00e1zkov:<br \/>\nPo\u017eadovan\u00fd form\u00e1t obr\u00e1zkov: JPEG, PNG<br \/>\nMinim\u00e1lna ve\u013ekos\u0165 obr\u00e1zku: 1280\u2006\u00d7\u2006956 px<br \/>\nMaxim\u00e1lna ve\u013ekos\u0165 s\u00faboru: 5 MB<br \/>\nPo na\u010d\u00edtan\u00ed obr\u00e1zku s\u00fa\u0165a\u017eiaci s\u00e1m nem\u00f4\u017ee v\u00fdsledn\u00fd profil (pr\u00edspevok) upravova\u0165, ak v\u0161ak po\u017eiada o vymazanie svojho s\u00fa\u0165a\u017en\u00e9ho profilu, usporiadate\u013e tak urob\u00ed \u010do najr\u00fdchlej\u0161ie.<\/p>\n<p>Ka\u017ed\u00fd s\u00fa\u0165a\u017eiaci sa m\u00f4\u017ee zaregistrova\u0165 len raz a len pod vlastn\u00fdm menom a identitou, pri\u010dom usporiadate\u013e si vyhradzuje pr\u00e1vo skontrolova\u0165 splnenie tohto pravidla pomocou technick\u00fdch a organiza\u010dn\u00fdch prostriedkov.<\/p>\n<p>Z \u00fa\u010dasti v tejto s\u00fa\u0165a\u017ei s\u00fa vyl\u00fa\u010den\u00e9 v\u0161etky osoby podie\u013eaj\u00face sa na jej pr\u00edprave, najm\u00e4 osoby v zamestnaneckom alebo podobnom vz\u0165ahu s usporiadate\u013eom, organiz\u00e1torom, z\u00fa\u010dastnen\u00fdm autorizovan\u00fdm partnerom \u0160koda alebo agent\u00farami poveren\u00fdmi zabezpe\u010den\u00edm tejto s\u00fa\u0165a\u017ee, ich \u010dlenovia rodiny a bl\u00edzke osoby.<\/p>\n<h2>4. VYHODNOTENIE V\u00cd\u0164AZOV<\/h2>\n<p>Porota vymenovan\u00e1 usporiadate\u013eom vyberie zo v\u0161etk\u00fdch pr\u00edspevkov, ktor\u00e9 bud\u00fa nahran\u00e9 riadne a v\u010das, sedem v\u00ed\u0165azov; t\u00edto v\u00ed\u0165azi dostan\u00fa pr\u00edle\u017eitos\u0165 z\u00fa\u010dastni\u0165 sa na L\u2019Etape du Tour 2017 (\u010falej len \u201epodujatie\u201c). Pri v\u00fdbere v\u00ed\u0165azov zo strany poroty je rozhoduj\u00faci po\u010det najazden\u00fdch kilometrov z obr\u00e1zka z cyklistickej aplik\u00e1cie, ktor\u00fa pou\u017e\u00edva s\u00fa\u0165a\u017eiaci a pri svojom rozhodovan\u00ed je porota \u00faplne nez\u00e1visl\u00e1. Pri v\u00fdbere v\u00ed\u0165azov vezme porota do \u00favahy aj po\u010det kilometrov najazden\u00fdch s\u00fa\u0165a\u017eiacimi za rok, ich aktivitu na soci\u00e1lnych sie\u0165ach a ich schopnosti. Rozhodnutie poroty o v\u00ed\u0165azoch je kone\u010dn\u00e9 a nemo\u017eno sa vo\u010di nemu odvola\u0165.<\/p>\n<p>Usporiadate\u013e sa kontaktuje s v\u00ed\u0165azmi prostredn\u00edctvom e-mailu alebo telef\u00f3nneho \u010d\u00edsla uveden\u00e9ho pri registr\u00e1cii do siedmich dn\u00ed od skon\u010denia pretekov. Po\u017eiada ich o poskytnutie \u00fadajov potrebn\u00fdch na \u00fa\u010das\u0165 na podujat\u00ed a \u010fal\u0161iu mo\u017en\u00fa komunik\u00e1ciu. Ak v\u00ed\u0165az neodpovie na opakovane odoslan\u00fd e-mail usporiadate\u013ea, alebo neposkytne svoje kontaktn\u00e9 \u00fadaje do troch dn\u00ed od jeho odoslania, cena prepad\u00e1 bez n\u00e1hrady.<\/p>\n<h2> 5. PRAVIDL\u00c1 PRE FOTKY A IN\u00c9 PR\u00cdSPEVKY<\/h2>\n<p>Pr\u00edspevky, ktor\u00e9 s\u00fa neleg\u00e1lne, neslu\u0161n\u00e9, obsc\u00e9nne, alebo pod\u013ea v\u00fdlu\u010dn\u00e9ho uv\u00e1\u017eenia usporiadate\u013ea vykazuj\u00fa neleg\u00e1lne, riskantn\u00e9, neslu\u0161n\u00e9 alebo ak\u00e9ko\u013evek nezodpovedn\u00e9 spr\u00e1vanie, s\u00fa zo s\u00fa\u0165a\u017ee z princ\u00edpu vyl\u00fa\u010den\u00e9. Usporiadate\u013e vyz\u00fdva s\u00fa\u0165a\u017eiaceho, aby pri uverej\u0148ovan\u00ed pr\u00edspevkov neporu\u0161oval z\u00e1kony, neriskoval a spr\u00e1val sa zodpovedne, \u010destne a slu\u0161ne. Usporiadate\u013e je opr\u00e1vnen\u00fd kedyko\u013evek skontrolova\u0165 a n\u00e1sledne odmietnu\u0165 alebo vyl\u00fa\u010di\u0165 s\u00fa\u0165a\u017eiaceho s pr\u00edspevkom, ktor\u00fd je nevhodn\u00fd z d\u00f4vodov uveden\u00fdch vy\u0161\u0161ie alebo pod\u013ea jeho vlastn\u00e9ho uv\u00e1\u017eenia, bez n\u00e1hrady a akejko\u013evek povinnosti uvies\u0165 d\u00f4vody tohto rozhodnutia. Rovnak\u00e9 pravidlo plat\u00ed aj pre pr\u00edspevky technicky nepou\u017eite\u013en\u00e9 pre s\u00fa\u0165a\u017e.<\/p>\n<p>S\u00fa\u0165a\u017eiaci sa zaru\u010duje, \u017ee je jedin\u00fdm autorom nahran\u00e9ho pr\u00edspevku a pou\u017eitie tohto pr\u00edspevku nasleduj\u00facim sp\u00f4sobom neporu\u0161uje \u017eiadne pr\u00e1va tret\u00edch os\u00f4b (uveden\u00e9 osoby, spoluautori alebo autori diel zaznamenan\u00fdch na fotke) ani in\u00e9 z\u00e1konn\u00e9 podmienky. Pred uverejnen\u00edm pr\u00edspevku si s\u00fa\u0165a\u017eiaci mus\u00ed overi\u0165, \u017ee tieto tretie osoby s\u00fa obozn\u00e1men\u00e9 s pravidlami tejto s\u00fa\u0165a\u017ee a vedome s\u00fahlasili s jeho pou\u017eit\u00edm v s\u00fa\u0165a\u017ei a na \u017eiados\u0165 usporiadate\u013ea mus\u00ed by\u0165 pripraven\u00fd preuk\u00e1za\u0165 tento s\u00fahlas.<br \/>\nS\u00fa\u0165a\u017eiaci s\u00fahlas\u00ed so zverejnen\u00edm svojho pr\u00edspevku a ude\u013euje usporiadate\u013eovi bezplatn\u00fa licenciu na zverejnenie svojho pr\u00edspevku vr\u00e1tane mena a portr\u00e9tu autora alebo portr\u00e9tov in\u00fdch os\u00f4b na internete a in\u00fdch komunika\u010dn\u00fdch prostriedkoch v s\u00favislosti s touto s\u00fa\u0165a\u017eou po\u010das primeranej lehoty, av\u0161ak najmenej po\u010das dvoch rokov od jej skon\u010denia. Pr\u00edspevky mo\u017eno uverej\u0148ova\u0165 a \u0161\u00edri\u0165 ako celok alebo ich \u010das\u0165 vr\u00e1tane statick\u00e9ho obr\u00e1zka aj po \u00faprave, editovan\u00ed alebo doplnen\u00ed. S\u00fa\u0165a\u017eiaci potvrdzuje, \u017ee fotky sa po uverejnen\u00ed m\u00f4\u017eu \u0161\u00edri\u0165 po internete bez z\u00e1meru usporiadate\u013ea. Usporiadate\u013e nezodpoved\u00e1 za toto \u0161\u00edrenie.<\/p>\n<h2>6. S\u00da\u0164A\u017d L\u2019ETAPE DU TOUR<\/h2>\n<p>Cenou je pr\u00e1vo z\u00fa\u010dastni\u0165 sa na podujat\u00ed od 15. j\u00fala 2017 do 17. j\u00fala 2017 (vr\u00e1tane d\u0148a pr\u00edchodu a odchodu). L\u2019Etape du Tour 2017 je fyzicky n\u00e1ro\u010dn\u00e9 podujatie, v r\u00e1mci ktorej s\u00fa pre v\u00ed\u0165aza pripraven\u00e9 cyklistick\u00e9 preteky. \u00da\u010das\u0165 je na vlastn\u00e9 riziko. V\u00ed\u0165az (\u010falej len \u201e\u00fa\u010dastn\u00edk\u201c) s\u00fahlas\u00ed, \u017ee si v de\u0148 pretekov oble\u010die dres s nadpisom \u201e\u0160koda AUTO\u201d, a \u017ee preteky absolvuje v tomto drese. \u00da\u010dastn\u00edci bud\u00fa ma\u0165 zabezpe\u010den\u00fa dopravu z ur\u010den\u00e9ho letiska na miesto konania pretekov a sp\u00e4\u0165, ako aj ubytovanie. Prepravu na ur\u010den\u00e9 letisko by si mal \u00fa\u010dastn\u00edk zabezpe\u010di\u0165 s\u00e1m. Po\u010das podujatia bud\u00fa ma\u0165 \u00fa\u010dastn\u00edci zabezpe\u010den\u00e9 zdravotn\u00e9 poistenie. \u00da\u010dastn\u00edka mo\u017eno po\u017eiada\u0165 o predlo\u017eenie povinn\u00e9ho zdravotn\u00e9ho potvrdenia o jeho sp\u00f4sobilosti z\u00fa\u010dastni\u0165 sa na podujat\u00ed. \u00da\u010dastn\u00edci s\u00fahlasia, \u017ee si na preteky vezm\u00fa vlastn\u00fd bicykel a vybavenie v dobrom stave. V pr\u00edpade poruchy vlastn\u00e9ho bicykla organiz\u00e1tor nezabezpe\u010duje n\u00e1hradn\u00fd bicykel.<\/p>\n<h2>7. S\u00daHLAS SO SPRAC\u00daVAN\u00cdM OSOBN\u00ddCH \u00daDAJOV<\/h2>\n<p>Zaregistrovan\u00edm sa v tejto s\u00fa\u0165a\u017ei ka\u017ed\u00fd s\u00fa\u0165a\u017eiaci potvrdzuje, \u017ee pravidl\u00e1 s\u00fa\u0165a\u017ee pozn\u00e1 a s\u00fahlas\u00ed s nimi a vyjadruje svoj s\u00fahlas, v s\u00falade so smernicou Eur\u00f3pskeho parlamentu a Rady 95\/46\/ES o ochrane fyzick\u00fdch os\u00f4b pri spracovan\u00ed osobn\u00fdch \u00fadajov a vo\u013enom pohybe t\u00fdchto \u00fadajov, so spracovan\u00edm jeho osobn\u00fdch \u00fadajov zo strany usporiadate\u013ea ako spr\u00e1vcu osobn\u00fdch \u00fadajov alebo str\u00e1n zmluvne poveren\u00fdch t\u00fdmto spr\u00e1vcom spracovan\u00edm osobn\u00fdch \u00fadajov v rozsahu \u00fadajov poskytnut\u00fdch na \u00fa\u010dely organiz\u00e1cie tejto s\u00fa\u0165a\u017ee, s pon\u00fakan\u00edm v\u00fdrobkov a slu\u017eieb zna\u010dky \u0160koda, zis\u0165ovan\u00edm spokojnosti z\u00e1kazn\u00edkov a na \u00fa\u010dely prieskumu trhu a \u0161\u00edrenia obchodnej komunik\u00e1cie pomocou elektronick\u00fdch prostriedkov v s\u00falade so smernicou Eur\u00f3pskeho parlamentu a Rady 2000\/31\/ES z 8. j\u00fana 2000 o ur\u010dit\u00fdch pr\u00e1vnych aspektoch slu\u017eieb informa\u010dnej spolo\u010dnosti, a\u017e do pr\u00edpadn\u00e9ho odvolania tohto s\u00fahlasu. Tieto osobn\u00e9 \u00fadaje mo\u017eno poskytn\u00fa\u0165 aj subjektom, ktor\u00e9 s\u00fa \u010dlenmi autorizovanej distribu\u010dnej siete vozidiel \u0160koda. S\u00fahlas so spracovan\u00edm uveden\u00fdch \u00fadajov a pou\u017eit\u00edm elektronick\u00e9ho kontaktu d\u00e1va s\u00fa\u0165a\u017eiaci dobrovo\u013ene. Tento s\u00fahlas mo\u017eno kedyko\u013evek odvola\u0165 pomocou p\u00edsomn\u00e9ho ozn\u00e1menia usporiadate\u013eovi. Dotknut\u00e1 osoba si je vedom\u00e1 svojich pr\u00e1v vypl\u00fdvaj\u00facich z t\u00fdchto ustanoven\u00ed o ochrane osobn\u00fdch \u00fadajov, t. j. hlavne ak zist\u00ed a je presved\u010den\u00e1, \u017ee spracovanie jej osobn\u00fdch \u00fadajov nie je v s\u00falade s ochranou jej s\u00fakromia, alebo je v rozpore so z\u00e1konom, najm\u00e4 ak s\u00fa osobn\u00e9 \u00fadaje nepresn\u00e9 v s\u00favislosti s \u00fa\u010delom spracovania, m\u00f4\u017ee po\u017eiada\u0165 o objasnenie alebo \u017eiada\u0165 o n\u00e1pravu v\u00fdslednej situ\u00e1cie a zablokovanie osobn\u00fdch \u00fadajov, ich opravu, doplnenie alebo zru\u0161enie.<\/p>\n<h2>8. Z\u00cdSKANIE A POU\u017dITIE Z\u00c1ZNAMU<\/h2>\n<p>Ak sa s\u00fa\u0165a\u017eiaci stane v\u00ed\u0165azom, d\u00e1va usporiadate\u013eovi s\u00fahlas z\u00edska\u0165 a pou\u017ei\u0165 jeho portr\u00e9t, p\u00edsomn\u00e9 vyjadrenia a fotky, obrazov\u00e9 a zvukov\u00e9 z\u00e1znamy t\u00fdkaj\u00face sa jeho osoby alebo jeho vyhl\u00e1senia osobnej povahy, ktor\u00e9 z\u00edskal usporiadate\u013e v s\u00favislosti s organiz\u00e1ciou s\u00fa\u0165a\u017ee a odovzdan\u00edm alebo vyzdvihnut\u00edm ceny (t. j. \u00fa\u010das\u0165ou na podujat\u00ed a po\u010das jeho priebehu) na komer\u010dn\u00e9 \u00fa\u010dely na v\u0161etk\u00fdch komunika\u010dn\u00fdch prostriedkoch, bez oh\u013eadu na ich povahu, v\u0161etk\u00fdmi zvy\u010dajn\u00fdmi sp\u00f4sobmi, s ich n\u00e1slednou \u00fapravou alebo mo\u017en\u00fdm spojen\u00edm s \u010fal\u0161\u00edmi \u010das\u0165ami a\/alebo zahrnut\u00edm do zbierky. S\u00fa\u0165a\u017eiaci d\u00e1va svoj s\u00fahlas usporiadate\u013eovi bezplatne, bez vecn\u00fdch, \u010dasov\u00fdch, mno\u017estevn\u00fdch a \u00fazemn\u00fdch obmedzen\u00ed a m\u00f4\u017ee ho kedyko\u013evek p\u00edsomne odvola\u0165. T\u00e1to s\u00fa\u0165a\u017e zah\u0155\u0148a aj tretie osoby, ktor\u00fdm usporiadate\u013e poskytuje z\u00e1znam v s\u00falade s jeho \u00fa\u010delom.<\/p>\n<h2>9. \u010eAL\u0160IE D\u00d4LE\u017dIT\u00c9 PODMIENKY S\u00da\u0164A\u017dE:<\/h2>\n<p>Definit\u00edvnu \u0161pecifik\u00e1ciu ceny ur\u010duje usporiadate\u013e. Ceny zobrazen\u00e9 na propaga\u010dn\u00fdch materi\u00e1loch sl\u00fa\u017eia len na ilustr\u00e1ciu. \u00da\u010das\u0165 na podujat\u00ed m\u00f4\u017ee by\u0165 fyzicky n\u00e1ro\u010dn\u00e1. Na v\u00fdhru ceny treba splni\u0165 aj \u010fal\u0161ie podmienky (pas, v\u00edza at\u010f.), v\u00ed\u0165az je povinn\u00fd riadne zv\u00e1\u017ei\u0165 svoju sp\u00f4sobilos\u0165 z\u00fa\u010dastni\u0165 sa, najm\u00e4 svoj zdravotn\u00fd stav. Usporiadate\u013e nezodpoved\u00e1 za \u017eiadnu \u0161kodu, ktor\u00e1 by mohla vznikn\u00fa\u0165 v d\u00f4sledku pou\u017eitia ceny zo strany s\u00fa\u0165a\u017eiaceho.<\/p>\n<p>S\u00fa\u0165a\u017eiaci nemaj\u00fa pr\u00e1vo n\u00e1rokova\u0165 si hotovos\u0165 ani in\u00e9 plnenie namiesto ceny. Usporiadate\u013e nem\u00e1 in\u00e9 povinnosti vo\u010di s\u00fa\u0165a\u017eiacim a s\u00fa\u0165a\u017eiaci nemaj\u00fa pr\u00e1vo na \u017eiadne in\u00e9 plnenie usporiadate\u013ea, ne\u017e je v\u00fdslovne uveden\u00e9 v t\u00fdchto pravidl\u00e1ch.<\/p>\n<p>S\u00fa\u0165a\u017eiaci bude zo s\u00fa\u0165a\u017ee vyl\u00fa\u010den\u00fd, ak usporiadate\u013e zist\u00ed, alebo m\u00e1 opr\u00e1vnen\u00e9 podozrenie, \u017ee do\u0161lo k sp\u00e1chaniu podvodu alebo ne\u010destn\u00e9mu konaniu s\u00fa\u0165a\u017eiaceho alebo akejko\u013evek inej osoby, ktor\u00e1 pomohla s\u00fa\u0165a\u017eiacemu z\u00edska\u0165 cenu, alebo konaniu ktor\u00e9 nepredstavuje fair play, alebo nie je zalo\u017een\u00e9 na zru\u010dnostiach s\u00fa\u0165a\u017eiaceho v zmysle s\u00fa\u0165a\u017en\u00fdch pravidiel.<\/p>\n<p>Usporiadate\u013e nezodpoved\u00e1 za doru\u010denie odkazov a cien. Usporiadate\u013e nezodpoved\u00e1 za \u017eiadne chyby vzniknut\u00e9 z technick\u00fdch ani komunika\u010dn\u00fdch pr\u00ed\u010din. O ak\u00fdchko\u013evek s\u0165a\u017enostiach alebo pripomienkach rozhodne s kone\u010dnou platnos\u0165ou usporiadate\u013e. Usporiadate\u013e si vyhradzuje pr\u00e1vo skr\u00e1ti\u0165, odlo\u017ei\u0165, preru\u0161i\u0165 alebo zru\u0161i\u0165 s\u00fa\u0165a\u017e bez n\u00e1hrady alebo jednostranne upravi\u0165 alebo doplni\u0165 jej pravidl\u00e1 po\u010das cel\u00e9ho jej trvania, pri\u010dom zmena bude ohl\u00e1sen\u00e1 na webovej str\u00e1nke, kde s\u00fa uveden\u00e9 aj platn\u00e9 a \u00fapln\u00e9 pravidl\u00e1.<\/p>\n<p>T\u00fato s\u00fa\u0165a\u017e nijak\u00fdm sp\u00f4sobom neriadi, ani nesponzoruje Facebook, ani s n\u00edm nie je spojen\u00e1 a Facebook za \u0148u nenesie \u017eiadnu zodpovednos\u0165. Inform\u00e1cie poskytnut\u00e9 v s\u00favislosti s podujat\u00edm sa neposkytuj\u00fa Facebooku. Ak\u00e9ko\u013evek ot\u00e1zky, pripomienky alebo s\u0165a\u017enosti v s\u00favislosti s prihlasovan\u00edm treba adresova\u0165 usporiadate\u013eovi, nie Facebooku.<\/p>\n<p>Na s\u00fa\u0165a\u017e sa vz\u0165ahuj\u00fa z\u00e1kony \u010ceskej republiky, s v\u00fdnimkou ustanoven\u00ed z\u00e1konov v krajin\u00e1ch s\u00fa\u0165a\u017eiacich, ktor\u00e9 ich vylu\u010duj\u00fa.<\/p>\n","protected":false},"excerpt":{"rendered":"<p>Tieto pravidl\u00e1 upravuj\u00fa podmienky s\u00fa\u0165a\u017ee s n\u00e1zvom \u201eL\u2019Etape du Tour 2017\u201c (\u010falej len \u201es\u00fa\u0165a\u017e\u201d). Toto je jedin\u00fd dokument, ktor\u00fd \u00faplne [&hellip;]<\/p>\n","protected":false},"author":1,"featured_media":0,"parent":520,"menu_order":0,"comment_status":"closed","ping_status":"closed","template":"templates\/template-empty-page-headline.php","meta":{"footnotes":""},"tags":[],"class_list":["post-523","page","type-page","status-publish","hentry"],"yoast_head":"<!-- This site is optimized with the Yoast SEO Premium plugin v25.3 (Yoast SEO v25.9) - https:\/\/yoast.com\/wordpress\/plugins\/seo\/ -->\n<title>Pravidl\u00e1 s\u00fa\u0165a\u017ee - \u0160koda We Love Cycling Slovensko<\/title>\n<meta name=\"robots\" content=\"index, follow, max-snippet:-1, max-image-preview:large, max-video-preview:-1\" \/>\n<link rel=\"canonical\" href=\"https:\/\/www.welovecycling.com\/sk\/letape-du-tour-2017\/pravidla-sutaze\/\" \/>\n<meta property=\"og:locale\" content=\"sk_SK\" \/>\n<meta property=\"og:type\" content=\"article\" \/>\n<meta property=\"og:title\" content=\"Pravidl\u00e1 s\u00fa\u0165a\u017ee\" \/>\n<meta property=\"og:description\" content=\"Tieto pravidl\u00e1 upravuj\u00fa podmienky s\u00fa\u0165a\u017ee s n\u00e1zvom \u201eL\u2019Etape du Tour 2017\u201c (\u010falej len \u201es\u00fa\u0165a\u017e\u201d). Toto je jedin\u00fd dokument, ktor\u00fd \u00faplne [&hellip;]\" \/>\n<meta property=\"og:url\" content=\"https:\/\/www.welovecycling.com\/sk\/letape-du-tour-2017\/pravidla-sutaze\/\" \/>\n<meta property=\"og:site_name\" content=\"\u0160koda We Love Cycling Slovensko\" \/>\n<meta name=\"twitter:card\" content=\"summary_large_image\" \/>\n<meta name=\"twitter:label1\" content=\"Est. reading time\" \/>\n\t<meta name=\"twitter:data1\" content=\"11 minutes\" \/>\n<script type=\"application\/ld+json\" class=\"yoast-schema-graph\">{\"@context\":\"https:\/\/schema.org\",\"@graph\":[{\"@type\":\"WebPage\",\"@id\":\"https:\/\/www.welovecycling.com\/sk\/letape-du-tour-2017\/pravidla-sutaze\/\",\"url\":\"https:\/\/www.welovecycling.com\/sk\/letape-du-tour-2017\/pravidla-sutaze\/\",\"name\":\"Pravidl\u00e1 s\u00fa\u0165a\u017ee - \u0160koda We Love Cycling Slovensko\",\"isPartOf\":{\"@id\":\"https:\/\/www.welovecycling.com\/sk\/#website\"},\"datePublished\":\"2017-05-09T10:50:46+00:00\",\"breadcrumb\":{\"@id\":\"https:\/\/www.welovecycling.com\/sk\/letape-du-tour-2017\/pravidla-sutaze\/#breadcrumb\"},\"inLanguage\":\"sk-SK\",\"potentialAction\":[{\"@type\":\"ReadAction\",\"target\":[\"https:\/\/www.welovecycling.com\/sk\/letape-du-tour-2017\/pravidla-sutaze\/\"]}]},{\"@type\":\"BreadcrumbList\",\"@id\":\"https:\/\/www.welovecycling.com\/sk\/letape-du-tour-2017\/pravidla-sutaze\/#breadcrumb\",\"itemListElement\":[{\"@type\":\"ListItem\",\"position\":1,\"name\":\"Home\",\"item\":\"https:\/\/www.welovecycling.com\/sk\/\"},{\"@type\":\"ListItem\",\"position\":2,\"name\":\"L&#8217;Etape du Tour 2017\",\"item\":\"https:\/\/www.welovecycling.com\/sk\/letape-du-tour-2017\/\"},{\"@type\":\"ListItem\",\"position\":3,\"name\":\"Pravidl\u00e1 s\u00fa\u0165a\u017ee\"}]},{\"@type\":\"WebSite\",\"@id\":\"https:\/\/www.welovecycling.com\/sk\/#website\",\"url\":\"https:\/\/www.welovecycling.com\/sk\/\",\"name\":\"\u0160koda We Love Cycling Slovensko\",\"description\":\"\u0160koda We Love Cycling Slovensko je v\u00e1\u0161 ka\u017edodenn\u00fd zdroj noviniek a in\u0161pir\u00e1cie z sveta cyklistiky\",\"potentialAction\":[{\"@type\":\"SearchAction\",\"target\":{\"@type\":\"EntryPoint\",\"urlTemplate\":\"https:\/\/www.welovecycling.com\/sk\/?s={search_term_string}\"},\"query-input\":{\"@type\":\"PropertyValueSpecification\",\"valueRequired\":true,\"valueName\":\"search_term_string\"}}],\"inLanguage\":\"sk-SK\"}]}<\/script>\n<!-- \/ Yoast SEO Premium plugin. -->","yoast_head_json":{"title":"Pravidl\u00e1 s\u00fa\u0165a\u017ee - \u0160koda We Love Cycling Slovensko","robots":{"index":"index","follow":"follow","max-snippet":"max-snippet:-1","max-image-preview":"max-image-preview:large","max-video-preview":"max-video-preview:-1"},"canonical":"https:\/\/www.welovecycling.com\/sk\/letape-du-tour-2017\/pravidla-sutaze\/","og_locale":"sk_SK","og_type":"article","og_title":"Pravidl\u00e1 s\u00fa\u0165a\u017ee","og_description":"Tieto pravidl\u00e1 upravuj\u00fa podmienky s\u00fa\u0165a\u017ee s n\u00e1zvom \u201eL\u2019Etape du Tour 2017\u201c (\u010falej len \u201es\u00fa\u0165a\u017e\u201d). Toto je jedin\u00fd dokument, ktor\u00fd \u00faplne [&hellip;]","og_url":"https:\/\/www.welovecycling.com\/sk\/letape-du-tour-2017\/pravidla-sutaze\/","og_site_name":"\u0160koda We Love Cycling Slovensko","twitter_card":"summary_large_image","twitter_misc":{"Est. reading time":"11 minutes"},"schema":{"@context":"https:\/\/schema.org","@graph":[{"@type":"WebPage","@id":"https:\/\/www.welovecycling.com\/sk\/letape-du-tour-2017\/pravidla-sutaze\/","url":"https:\/\/www.welovecycling.com\/sk\/letape-du-tour-2017\/pravidla-sutaze\/","name":"Pravidl\u00e1 s\u00fa\u0165a\u017ee - \u0160koda We Love Cycling Slovensko","isPartOf":{"@id":"https:\/\/www.welovecycling.com\/sk\/#website"},"datePublished":"2017-05-09T10:50:46+00:00","breadcrumb":{"@id":"https:\/\/www.welovecycling.com\/sk\/letape-du-tour-2017\/pravidla-sutaze\/#breadcrumb"},"inLanguage":"sk-SK","potentialAction":[{"@type":"ReadAction","target":["https:\/\/www.welovecycling.com\/sk\/letape-du-tour-2017\/pravidla-sutaze\/"]}]},{"@type":"BreadcrumbList","@id":"https:\/\/www.welovecycling.com\/sk\/letape-du-tour-2017\/pravidla-sutaze\/#breadcrumb","itemListElement":[{"@type":"ListItem","position":1,"name":"Home","item":"https:\/\/www.welovecycling.com\/sk\/"},{"@type":"ListItem","position":2,"name":"L&#8217;Etape du Tour 2017","item":"https:\/\/www.welovecycling.com\/sk\/letape-du-tour-2017\/"},{"@type":"ListItem","position":3,"name":"Pravidl\u00e1 s\u00fa\u0165a\u017ee"}]},{"@type":"WebSite","@id":"https:\/\/www.welovecycling.com\/sk\/#website","url":"https:\/\/www.welovecycling.com\/sk\/","name":"\u0160koda We Love Cycling Slovensko","description":"\u0160koda We Love Cycling Slovensko je v\u00e1\u0161 ka\u017edodenn\u00fd zdroj noviniek a in\u0161pir\u00e1cie z sveta cyklistiky","potentialAction":[{"@type":"SearchAction","target":{"@type":"EntryPoint","urlTemplate":"https:\/\/www.welovecycling.com\/sk\/?s={search_term_string}"},"query-input":{"@type":"PropertyValueSpecification","valueRequired":true,"valueName":"search_term_string"}}],"inLanguage":"sk-SK"}]}},"_links":{"self":[{"href":"https:\/\/www.welovecycling.com\/sk\/wp-json\/wp\/v2\/pages\/523","targetHints":{"allow":["GET"]}}],"collection":[{"href":"https:\/\/www.welovecycling.com\/sk\/wp-json\/wp\/v2\/pages"}],"about":[{"href":"https:\/\/www.welovecycling.com\/sk\/wp-json\/wp\/v2\/types\/page"}],"author":[{"embeddable":true,"href":"https:\/\/www.welovecycling.com\/sk\/wp-json\/wp\/v2\/users\/1"}],"replies":[{"embeddable":true,"href":"https:\/\/www.welovecycling.com\/sk\/wp-json\/wp\/v2\/comments?post=523"}],"version-history":[{"count":1,"href":"https:\/\/www.welovecycling.com\/sk\/wp-json\/wp\/v2\/pages\/523\/revisions"}],"predecessor-version":[{"id":524,"href":"https:\/\/www.welovecycling.com\/sk\/wp-json\/wp\/v2\/pages\/523\/revisions\/524"}],"up":[{"embeddable":true,"href":"https:\/\/www.welovecycling.com\/sk\/wp-json\/wp\/v2\/pages\/520"}],"wp:attachment":[{"href":"https:\/\/www.welovecycling.com\/sk\/wp-json\/wp\/v2\/media?parent=523"}],"wp:term":[{"taxonomy":"post_tag","embeddable":true,"href":"https:\/\/www.welovecycling.com\/sk\/wp-json\/wp\/v2\/tags?post=523"}],"curies":[{"name":"wp","href":"https:\/\/api.w.org\/{rel}","templated":true}]}}