{"id":3783,"date":"2018-05-24T18:26:11","date_gmt":"2018-05-24T16:26:11","guid":{"rendered":"https:\/\/www.welovecycling.com\/sk\/?page_id=3783"},"modified":"2018-05-24T18:26:12","modified_gmt":"2018-05-24T16:26:12","slug":"prava","status":"publish","type":"page","link":"https:\/\/www.welovecycling.com\/sk\/docs\/prava\/","title":{"rendered":"Ak\u00e9 s\u00fa va\u0161e pr\u00e1va?"},"content":{"rendered":"<div id=\"pl-3783\"  class=\"panel-layout\" ><div id=\"pg-3783-0\"  class=\"panel-grid panel-no-style\" ><div id=\"pgc-3783-0-0\"  class=\"panel-grid-cell\" ><div id=\"panel-3783-0-0-0\" class=\"so-panel widget widget_sow-editor panel-first-child panel-last-child\" data-index=\"0\" ><div\n\t\t\t\n\t\t\tclass=\"so-widget-sow-editor so-widget-sow-editor-base\"\n\t\t\t\n\t\t>\n<div class=\"siteorigin-widget-tinymce textwidget\">\n\t<h2><img loading=\"lazy\" decoding=\"async\" class=\"wp-image-164807 size-full\" src=\"https:\/\/d2p6e6u75xmxt8.cloudfront.net\/2\/2018\/05\/hammer.jpg\" alt=\"\" width=\"35\" height=\"34\" style=\"display:inline-block\" \/> Ak\u00e9 s\u00fa va\u0161e pr\u00e1va?<\/h2>\n<p>Ako osoba, ktorej osobn\u00e9 \u00fadaje sa sprac\u00favaj\u00fa, m\u00e1te tieto pr\u00e1va:<\/p>\n<\/div>\n<\/div><\/div><\/div><\/div><div id=\"pg-3783-1\"  class=\"panel-grid panel-no-style\" ><div id=\"pgc-3783-1-0\"  class=\"panel-grid-cell\" ><div id=\"panel-3783-1-0-0\" class=\"so-panel widget widget_sow-image panel-first-child\" data-index=\"1\" ><div\n\t\t\t\n\t\t\tclass=\"so-widget-sow-image so-widget-sow-image-default-c67d20f9f743-3783\"\n\t\t\t\n\t\t>\n<div class=\"sow-image-container\">\n\t\t<img loading=\"lazy\" decoding=\"async\" src=\"https:\/\/d2p6e6u75xmxt8.cloudfront.net\/4\/2018\/05\/key.webp\" width=\"37\" height=\"34\" sizes=\"auto, (max-width: 37px) 100vw, 37px\" alt=\"\" \t\tclass=\"so-widget-image\"\/>\n\t<\/div>\n\n<\/div><\/div><div id=\"panel-3783-1-0-1\" class=\"so-panel widget widget_sow-editor panel-last-child\" data-index=\"2\" ><div\n\t\t\t\n\t\t\tclass=\"so-widget-sow-editor so-widget-sow-editor-base\"\n\t\t\t\n\t\t>\n<div class=\"siteorigin-widget-tinymce textwidget\">\n\t<p style=\"text-align: center; padding-top: 15px;\">Pr\u00edstup k sprac\u00favan\u00fdm osobn\u00fdm \u00fadajom.<\/p>\n<\/div>\n<\/div><\/div><\/div><div id=\"pgc-3783-1-1\"  class=\"panel-grid-cell\" ><div id=\"panel-3783-1-1-0\" class=\"so-panel widget widget_sow-image panel-first-child\" data-index=\"3\" ><div\n\t\t\t\n\t\t\tclass=\"so-widget-sow-image so-widget-sow-image-default-c67d20f9f743-3783\"\n\t\t\t\n\t\t>\n<div class=\"sow-image-container\">\n\t\t<img loading=\"lazy\" decoding=\"async\" src=\"https:\/\/d2p6e6u75xmxt8.cloudfront.net\/4\/2018\/05\/bin.webp\" width=\"31\" height=\"34\" sizes=\"auto, (max-width: 31px) 100vw, 31px\" alt=\"\" \t\tclass=\"so-widget-image\"\/>\n\t<\/div>\n\n<\/div><\/div><div id=\"panel-3783-1-1-1\" class=\"so-panel widget widget_sow-editor panel-last-child\" data-index=\"4\" ><div\n\t\t\t\n\t\t\tclass=\"so-widget-sow-editor so-widget-sow-editor-base\"\n\t\t\t\n\t\t>\n<div class=\"siteorigin-widget-tinymce textwidget\">\n\t<p style=\"text-align: center; padding-top: 15px;\">Odvolanie s\u00fahlasu so spracovan\u00edm osobn\u00fdch \u00fadajov.<\/p>\n<\/div>\n<\/div><\/div><\/div><div id=\"pgc-3783-1-2\"  class=\"panel-grid-cell\" ><div id=\"panel-3783-1-2-0\" class=\"so-panel widget widget_sow-image panel-first-child\" data-index=\"5\" ><div\n\t\t\t\n\t\t\tclass=\"so-widget-sow-image so-widget-sow-image-default-c67d20f9f743-3783\"\n\t\t\t\n\t\t>\n<div class=\"sow-image-container\">\n\t\t<img loading=\"lazy\" decoding=\"async\" src=\"https:\/\/d2p6e6u75xmxt8.cloudfront.net\/4\/2018\/05\/pencil.webp\" width=\"28\" height=\"34\" sizes=\"auto, (max-width: 28px) 100vw, 28px\" alt=\"\" \t\tclass=\"so-widget-image\"\/>\n\t<\/div>\n\n<\/div><\/div><div id=\"panel-3783-1-2-1\" class=\"so-panel widget widget_sow-editor panel-last-child\" data-index=\"6\" ><div\n\t\t\t\n\t\t\tclass=\"so-widget-sow-editor so-widget-sow-editor-base\"\n\t\t\t\n\t\t>\n<div class=\"siteorigin-widget-tinymce textwidget\">\n\t<p style=\"text-align: center; padding-top: 15px;\">Oprava nespr\u00e1vnych, nepresn\u00fdch alebo ne\u00fapln\u00fdch osobn\u00fdch \u00fadajov.<\/p>\n<\/div>\n<\/div><\/div><\/div><div id=\"pgc-3783-1-3\"  class=\"panel-grid-cell\" ><div id=\"panel-3783-1-3-0\" class=\"so-panel widget widget_sow-image panel-first-child\" data-index=\"7\" ><div\n\t\t\t\n\t\t\tclass=\"so-widget-sow-image so-widget-sow-image-default-c67d20f9f743-3783\"\n\t\t\t\n\t\t>\n<div class=\"sow-image-container\">\n\t\t<img loading=\"lazy\" decoding=\"async\" src=\"https:\/\/d2p6e6u75xmxt8.cloudfront.net\/4\/2018\/05\/directory.webp\" width=\"50\" height=\"42\" sizes=\"auto, (max-width: 50px) 100vw, 50px\" alt=\"\" \t\tclass=\"so-widget-image\"\/>\n\t<\/div>\n\n<\/div><\/div><div id=\"panel-3783-1-3-1\" class=\"so-panel widget widget_sow-editor panel-last-child\" data-index=\"8\" ><div\n\t\t\t\n\t\t\tclass=\"so-widget-sow-editor so-widget-sow-editor-base\"\n\t\t\t\n\t\t>\n<div class=\"siteorigin-widget-tinymce textwidget\">\n\t<p style=\"text-align: center; padding-top: 5px;\">Vymazanie osobn\u00fdch \u00fadajov v\u00a0pr\u00edpade z\u00e1niku pr\u00e1vneho z\u00e1kladu na ich sprac\u00favanie alebo v pr\u00edpade nez\u00e1konn\u00e9ho sprac\u00favania.<\/p>\n<\/div>\n<\/div><\/div><\/div><\/div><div id=\"pg-3783-2\"  class=\"panel-grid panel-no-style\" ><div id=\"pgc-3783-2-0\"  class=\"panel-grid-cell\" ><div id=\"panel-3783-2-0-0\" class=\"so-panel widget widget_sow-image panel-first-child\" data-index=\"9\" ><div\n\t\t\t\n\t\t\tclass=\"so-widget-sow-image so-widget-sow-image-default-c67d20f9f743-3783\"\n\t\t\t\n\t\t>\n<div class=\"sow-image-container\">\n\t\t<img loading=\"lazy\" decoding=\"async\" src=\"https:\/\/d2p6e6u75xmxt8.cloudfront.net\/4\/2018\/05\/clock.webp\" width=\"34\" height=\"34\" sizes=\"auto, (max-width: 34px) 100vw, 34px\" alt=\"\" \t\tclass=\"so-widget-image\"\/>\n\t<\/div>\n\n<\/div><\/div><div id=\"panel-3783-2-0-1\" class=\"so-panel widget widget_sow-editor panel-last-child\" data-index=\"10\" ><div\n\t\t\t\n\t\t\tclass=\"so-widget-sow-editor so-widget-sow-editor-base\"\n\t\t\t\n\t\t>\n<div class=\"siteorigin-widget-tinymce textwidget\">\n\t<p style=\"text-align: center; padding-top: 15px;\">Obmedzenie sprac\u00favania \u00fadajov.<\/p>\n<\/div>\n<\/div><\/div><\/div><div id=\"pgc-3783-2-1\"  class=\"panel-grid-cell\" ><div id=\"panel-3783-2-1-0\" class=\"so-panel widget widget_sow-image panel-first-child\" data-index=\"11\" ><div\n\t\t\t\n\t\t\tclass=\"so-widget-sow-image so-widget-sow-image-default-c67d20f9f743-3783\"\n\t\t\t\n\t\t>\n<div class=\"sow-image-container\">\n\t\t<img loading=\"lazy\" decoding=\"async\" src=\"https:\/\/d2p6e6u75xmxt8.cloudfront.net\/4\/2018\/05\/paper-clip.webp\" width=\"32\" height=\"34\" sizes=\"auto, (max-width: 32px) 100vw, 32px\" alt=\"\" \t\tclass=\"so-widget-image\"\/>\n\t<\/div>\n\n<\/div><\/div><div id=\"panel-3783-2-1-1\" class=\"so-panel widget widget_sow-editor panel-last-child\" data-index=\"12\" ><div\n\t\t\t\n\t\t\tclass=\"so-widget-sow-editor so-widget-sow-editor-base\"\n\t\t\t\n\t\t>\n<div class=\"siteorigin-widget-tinymce textwidget\">\n\t<p style=\"text-align: center; padding-top: 15px;\">V\u00fd\u0148atok zo svojich osobn\u00fdch \u00fadajov v\u00a0strojovo \u010ditate\u013enom form\u00e1te pre svoju potrebu alebo pre potreby in\u00e9ho kontroln\u00e9ho org\u00e1nu.<\/p>\n<\/div>\n<\/div><\/div><\/div><div id=\"pgc-3783-2-2\"  class=\"panel-grid-cell\" ><div id=\"panel-3783-2-2-0\" class=\"so-panel widget widget_sow-image panel-first-child\" data-index=\"13\" ><div\n\t\t\t\n\t\t\tclass=\"so-widget-sow-image so-widget-sow-image-default-c67d20f9f743-3783\"\n\t\t\t\n\t\t>\n<div class=\"sow-image-container\">\n\t\t<img loading=\"lazy\" decoding=\"async\" src=\"https:\/\/d2p6e6u75xmxt8.cloudfront.net\/4\/2018\/05\/hand.webp\" width=\"34\" height=\"34\" sizes=\"auto, (max-width: 34px) 100vw, 34px\" alt=\"\" \t\tclass=\"so-widget-image\"\/>\n\t<\/div>\n\n<\/div><\/div><div id=\"panel-3783-2-2-1\" class=\"so-panel widget widget_sow-editor panel-last-child\" data-index=\"14\" ><div\n\t\t\t\n\t\t\tclass=\"so-widget-sow-editor so-widget-sow-editor-base\"\n\t\t\t\n\t\t>\n<div class=\"siteorigin-widget-tinymce textwidget\">\n\t<p style=\"text-align: center; padding-top: 15px;\">Namieta\u0165 proti sprac\u00favaniu osobn\u00fdch \u00fadajov, ak ste presved\u010den\u00ed, \u017ee sprac\u00favanie je nez\u00e1konn\u00e9.<\/p>\n<\/div>\n<\/div><\/div><\/div><div id=\"pgc-3783-2-3\"  class=\"panel-grid-cell\" ><div id=\"panel-3783-2-3-0\" class=\"so-panel widget widget_sow-image panel-first-child\" data-index=\"15\" ><div\n\t\t\t\n\t\t\tclass=\"so-widget-sow-image so-widget-sow-image-default-c67d20f9f743-3783\"\n\t\t\t\n\t\t>\n<div class=\"sow-image-container\">\n\t\t<img loading=\"lazy\" decoding=\"async\" src=\"https:\/\/d2p6e6u75xmxt8.cloudfront.net\/4\/2018\/05\/eye.webp\" width=\"43\" height=\"26\" sizes=\"auto, (max-width: 43px) 100vw, 43px\" alt=\"\" \t\tclass=\"so-widget-image\"\/>\n\t<\/div>\n\n<\/div><\/div><div id=\"panel-3783-2-3-1\" class=\"so-panel widget widget_sow-editor panel-last-child\" data-index=\"16\" ><div\n\t\t\t\n\t\t\tclass=\"so-widget-sow-editor so-widget-sow-editor-base\"\n\t\t\t\n\t\t>\n<div class=\"siteorigin-widget-tinymce textwidget\">\n\t<p style=\"text-align: center; padding-top: 21px;\">Neby\u0165 predmetom automatizovan\u00e9ho rozhodovania.<\/p>\n<\/div>\n<\/div><\/div><\/div><\/div><div id=\"pg-3783-3\"  class=\"panel-grid panel-no-style\" ><div id=\"pgc-3783-3-0\"  class=\"panel-grid-cell\" ><div id=\"panel-3783-3-0-0\" class=\"so-panel widget widget_sow-editor panel-first-child panel-last-child\" data-index=\"17\" ><div\n\t\t\t\n\t\t\tclass=\"so-widget-sow-editor so-widget-sow-editor-base\"\n\t\t\t\n\t\t>\n<div class=\"siteorigin-widget-tinymce textwidget\">\n\t<h2><img loading=\"lazy\" decoding=\"async\" class=\"size-full wp-image-164818\" style=\"display: inline-block;\" src=\"https:\/\/d2p6e6u75xmxt8.cloudfront.net\/2\/2018\/05\/silhouette.jpg\" alt=\"\" width=\"32\" height=\"34\" \/> Ako si m\u00f4\u017eete uplatni\u0165 svoje pr\u00e1va?<\/h2>\n<p>Ak m\u00e1te ot\u00e1zky, t\u00fdkaj\u00face sa ochrany osobn\u00fdch \u00fadajov a ich spracovania, vyu\u017eite nasleduj\u00face sp\u00f4soby komunik\u00e1cie:<\/p>\n<\/div>\n<\/div><\/div><\/div><\/div><div id=\"pg-3783-4\"  class=\"panel-grid panel-no-style\" ><div id=\"pgc-3783-4-0\"  class=\"panel-grid-cell\" ><div id=\"panel-3783-4-0-0\" class=\"so-panel widget widget_sow-image panel-first-child\" data-index=\"18\" ><div\n\t\t\t\n\t\t\tclass=\"so-widget-sow-image so-widget-sow-image-default-4e6925654b7a-3783\"\n\t\t\t\n\t\t>\n<div class=\"sow-image-container\">\n\t\t<img loading=\"lazy\" decoding=\"async\" src=\"https:\/\/d2p6e6u75xmxt8.cloudfront.net\/4\/2018\/05\/pc.webp\" width=\"36\" height=\"34\" sizes=\"auto, (max-width: 36px) 100vw, 36px\" alt=\"\" \t\tclass=\"so-widget-image\"\/>\n\t<\/div>\n\n<\/div><\/div><div id=\"panel-3783-4-0-1\" class=\"so-panel widget widget_sow-editor panel-last-child\" data-index=\"19\" ><div\n\t\t\t\n\t\t\tclass=\"so-widget-sow-editor so-widget-sow-editor-base\"\n\t\t\t\n\t\t>\n<div class=\"siteorigin-widget-tinymce textwidget\">\n\t<p style=\"padding-top: 10px;\"><strong>Internet: <\/strong><\/p>\n<p><a href=\"http:\/\/www.skoda-auto.com\/other\/personal-data\" target=\"_blank\">http:\/\/www.skoda-auto.com\/other\/personal-data<\/a><\/p>\n<\/div>\n<\/div><\/div><\/div><div id=\"pgc-3783-4-1\"  class=\"panel-grid-cell\" ><div id=\"panel-3783-4-1-0\" class=\"so-panel widget widget_sow-image panel-first-child\" data-index=\"20\" ><div\n\t\t\t\n\t\t\tclass=\"so-widget-sow-image so-widget-sow-image-default-4e6925654b7a-3783\"\n\t\t\t\n\t\t>\n<div class=\"sow-image-container\">\n\t\t<img loading=\"lazy\" decoding=\"async\" src=\"https:\/\/d2p6e6u75xmxt8.cloudfront.net\/4\/2018\/05\/email-e1527179049409.webp\" width=\"38\" height=\"28\" sizes=\"auto, (max-width: 38px) 100vw, 38px\" title=\"email\" alt=\"\" \t\tclass=\"so-widget-image\"\/>\n\t<\/div>\n\n<\/div><\/div><div id=\"panel-3783-4-1-1\" class=\"so-panel widget widget_sow-editor panel-last-child\" data-index=\"21\" ><div\n\t\t\t\n\t\t\tclass=\"so-widget-sow-editor so-widget-sow-editor-base\"\n\t\t\t\n\t\t>\n<div class=\"siteorigin-widget-tinymce textwidget\">\n\t<p style=\"padding-top: 10px;\"><strong>E-mail: <\/strong><\/p>\n<p><a href=\"mailto:dpo@skoda-auto.cz\">dpo@skoda-auto.cz<\/a><\/p>\n<\/div>\n<\/div><\/div><\/div><div id=\"pgc-3783-4-2\"  class=\"panel-grid-cell\" ><div id=\"panel-3783-4-2-0\" class=\"so-panel widget widget_sow-image panel-first-child\" data-index=\"22\" ><div\n\t\t\t\n\t\t\tclass=\"so-widget-sow-image so-widget-sow-image-default-4e6925654b7a-3783\"\n\t\t\t\n\t\t>\n<div class=\"sow-image-container\">\n\t\t<img loading=\"lazy\" decoding=\"async\" src=\"https:\/\/d2p6e6u75xmxt8.cloudfront.net\/4\/2018\/05\/envelope.webp\" width=\"38\" height=\"26\" sizes=\"auto, (max-width: 38px) 100vw, 38px\" alt=\"\" \t\tclass=\"so-widget-image\"\/>\n\t<\/div>\n\n<\/div><\/div><div id=\"panel-3783-4-2-1\" class=\"so-panel widget widget_sow-editor panel-last-child\" data-index=\"23\" ><div\n\t\t\t\n\t\t\tclass=\"so-widget-sow-editor so-widget-sow-editor-base\"\n\t\t\t\n\t\t>\n<div class=\"siteorigin-widget-tinymce textwidget\">\n\t<p style=\"padding-top: 10px;\"><strong>Po\u0161tou:<\/strong><\/p>\n<p>\u0160koda AUTO a.s.<br \/>\nt\u0159. V\u00e1clava Klementa 869,<br \/>\nMlad\u00e1 Boleslav II,<br \/>\n293 01 Mlad\u00e1 Boleslav<br \/>\nCzech Republic<\/p>\n<\/div>\n<\/div><\/div><\/div><\/div><div id=\"pg-3783-5\"  class=\"panel-grid panel-no-style\" ><div id=\"pgc-3783-5-0\"  class=\"panel-grid-cell\" ><div id=\"panel-3783-5-0-0\" class=\"so-panel widget widget_sow-editor panel-first-child panel-last-child\" data-index=\"24\" ><div\n\t\t\t\n\t\t\tclass=\"so-widget-sow-editor so-widget-sow-editor-base\"\n\t\t\t\n\t\t>\n<div class=\"siteorigin-widget-tinymce textwidget\">\n\t<p>V s\u00favislosti s uplatnen\u00edm va\u0161ich pr\u00e1v m\u00f4\u017ee spolo\u010dnos\u0165 \u0160koda AUTO vy\u017eadova\u0165 od\u00f4vodnen\u00e9 poplatky zodpovedaj\u00face administrat\u00edvnym n\u00e1kladom na spracovanie \u017eiadosti, ak je t\u00e1to \u017eiados\u0165 o\u010dividne neopodstatnen\u00e1 alebo neprimeran\u00e1.<\/p>\n<\/div>\n<\/div><\/div><\/div><\/div><div id=\"pg-3783-6\"  class=\"panel-grid panel-no-style\" ><div id=\"pgc-3783-6-0\"  class=\"panel-grid-cell\" ><div id=\"panel-3783-6-0-0\" class=\"so-panel widget widget_sow-editor panel-first-child panel-last-child\" data-index=\"25\" ><div\n\t\t\t\n\t\t\tclass=\"so-widget-sow-editor so-widget-sow-editor-base\"\n\t\t\t\n\t\t>\n<div class=\"siteorigin-widget-tinymce textwidget\">\n\t<h2><img loading=\"lazy\" decoding=\"async\" class=\"size-full wp-image-164810\" src=\"https:\/\/d2p6e6u75xmxt8.cloudfront.net\/2\/2018\/05\/looking-glass.jpg\" alt=\"\" width=\"37\" height=\"34\" style=\"display:inline-block\" \/>\u00a0\u00daradn\u00edk pre ochranu osobn\u00fdch \u00fadajov (DPO)<\/h2>\n<p>S ot\u00e1zkami o ochrane osobn\u00fdch \u00fadajov sa m\u00f4\u017eete obr\u00e1ti\u0165 priamo na \u00faradn\u00edka pre ochranu osobn\u00fdch \u00fadajov (DPO) v spolo\u010dnosti \u0160koda AUTO.<\/p>\n<\/div>\n<\/div><\/div><\/div><div id=\"pgc-3783-6-1\"  class=\"panel-grid-cell\" ><div id=\"panel-3783-6-1-0\" class=\"so-panel widget widget_sow-editor panel-first-child panel-last-child\" data-index=\"26\" ><div\n\t\t\t\n\t\t\tclass=\"so-widget-sow-editor so-widget-sow-editor-base\"\n\t\t\t\n\t\t>\n<div class=\"siteorigin-widget-tinymce textwidget\">\n\t<p><img loading=\"lazy\" decoding=\"async\" class=\"size-full wp-image-164814\" style=\"display: inline-block;\" src=\"https:\/\/d2p6e6u75xmxt8.cloudfront.net\/2\/2018\/05\/pc-mini.jpg\" alt=\"\" width=\"18\" height=\"17\" \/>\u00a0\u00a0 <a href=\"http:\/\/www.skoda-auto.com\/other\/personal-data\" target=\"_blank\" rel=\"noopener\">http:\/\/www.skoda-auto.com\/other\/personal-data<\/a><\/p>\n<p><img loading=\"lazy\" decoding=\"async\" class=\"size-full wp-image-164799\" style=\"display: inline-block;\" src=\"https:\/\/d2p6e6u75xmxt8.cloudfront.net\/2\/2018\/05\/at-symbol-mini.jpg\" alt=\"\" width=\"20\" height=\"15\" \/>\u00a0\u00a0 <a href=\"mailto:dpo@skoda-auto.cz\">dpo@skoda-auto.cz<\/a><\/p>\n<\/div>\n<\/div><\/div><\/div><\/div><div id=\"pg-3783-7\"  class=\"panel-grid panel-no-style\" ><div id=\"pgc-3783-7-0\"  class=\"panel-grid-cell\" ><div id=\"panel-3783-7-0-0\" class=\"so-panel widget widget_sow-editor panel-first-child panel-last-child\" data-index=\"27\" ><div\n\t\t\t\n\t\t\tclass=\"so-widget-sow-editor so-widget-sow-editor-base\"\n\t\t\t\n\t\t>\n<div class=\"siteorigin-widget-tinymce textwidget\">\n\t<h2><img loading=\"lazy\" decoding=\"async\" class=\"size-full wp-image-164801\" src=\"https:\/\/d2p6e6u75xmxt8.cloudfront.net\/2\/2018\/05\/bubble.jpg\" alt=\"\" width=\"38\" height=\"34\" style=\"display:inline-block\" \/>\u00a0Uplatnenie s\u0165a\u017enosti<\/h2>\n<p>Ak nes\u00fahlas\u00edte so sp\u00f4sobom, ak\u00fdm \u0160koda AUTO sprac\u00fava va\u0161e osobn\u00e9 \u00fadaje alebo ako s nimi naklad\u00e1, m\u00f4\u017eete poda\u0165 s\u0165a\u017enos\u0165 \u00faradn\u00edkovi pre ochranu osobn\u00fdch \u00fadajov v spolo\u010dnosti \u0160koda AUTO alebo ju m\u00f4\u017eete zasla\u0165 pr\u00edslu\u0161n\u00e9mu org\u00e1nu doh\u013eadu. <\/p>\n<\/div>\n<\/div><\/div><\/div><div id=\"pgc-3783-7-1\"  class=\"panel-grid-cell\" ><div id=\"panel-3783-7-1-0\" class=\"so-panel widget widget_sow-editor panel-first-child panel-last-child\" data-index=\"28\" ><div\n\t\t\t\n\t\t\tclass=\"so-widget-sow-editor so-widget-sow-editor-base\"\n\t\t\t\n\t\t>\n<div class=\"siteorigin-widget-tinymce textwidget\">\n\t<p><img loading=\"lazy\" decoding=\"async\" class=\"size-full wp-image-164805\" style=\"display: inline-block;\" src=\"https:\/\/d2p6e6u75xmxt8.cloudfront.net\/2\/2018\/05\/envelope-mini.jpg\" alt=\"\" width=\"16\" height=\"11\" \/>\u00a0\u00a0 <strong>\u00da\u0159ad pro ochranu osobn\u00edch \u00fadaj\u016f<\/strong><br \/>\nPplk. Sochora 27<\/p>\n<p>170 00 Praha 7<\/p>\n<p>Czech Republic<\/p>\n<p><img loading=\"lazy\" decoding=\"async\" class=\"size-full wp-image-164817\" style=\"display: inline-block;\" src=\"https:\/\/d2p6e6u75xmxt8.cloudfront.net\/2\/2018\/05\/phone-mini.jpg\" alt=\"\" width=\"17\" height=\"19\" \/>\u00a0\u00a0 +420 234 665\u00a0111<\/p>\n<p><img loading=\"lazy\" decoding=\"async\" class=\"size-full wp-image-164814\" style=\"display: inline-block;\" src=\"https:\/\/d2p6e6u75xmxt8.cloudfront.net\/2\/2018\/05\/pc-mini.jpg\" alt=\"\" width=\"18\" height=\"17\" \/>\u00a0\u00a0 <a href=\"http:\/\/www.uoou.cz\/en\/\" target=\"_blank\" rel=\"noopener\"><u>http:\/\/www.uoou.cz\/en\/<\/u><\/a><\/p>\n<\/div>\n<\/div><\/div><\/div><\/div><\/div>","protected":false},"excerpt":{"rendered":"<p>Ak\u00e9 s\u00fa va\u0161e pr\u00e1va? Ako osoba, ktorej osobn\u00e9 \u00fadaje sa sprac\u00favaj\u00fa, m\u00e1te tieto pr\u00e1va: Pr\u00edstup k sprac\u00favan\u00fdm osobn\u00fdm \u00fadajom. Odvolanie [&hellip;]<\/p>\n","protected":false},"author":1,"featured_media":0,"parent":3754,"menu_order":0,"comment_status":"closed","ping_status":"closed","template":"templates\/template-empty-page-headline.php","meta":{"footnotes":""},"tags":[],"class_list":["post-3783","page","type-page","status-publish","hentry"],"yoast_head":"<!-- This site is optimized with the Yoast SEO Premium plugin v25.3 (Yoast SEO v25.9) - https:\/\/yoast.com\/wordpress\/plugins\/seo\/ -->\n<title>Ak\u00e9 s\u00fa va\u0161e pr\u00e1va? - \u0160koda We Love Cycling Slovensko<\/title>\n<meta name=\"robots\" content=\"index, follow, max-snippet:-1, max-image-preview:large, max-video-preview:-1\" \/>\n<link rel=\"canonical\" href=\"https:\/\/www.welovecycling.com\/sk\/docs\/prava\/\" \/>\n<meta property=\"og:locale\" content=\"sk_SK\" \/>\n<meta property=\"og:type\" content=\"article\" \/>\n<meta property=\"og:title\" content=\"Ak\u00e9 s\u00fa va\u0161e pr\u00e1va?\" \/>\n<meta property=\"og:description\" content=\"Ak\u00e9 s\u00fa va\u0161e pr\u00e1va? Ako osoba, ktorej osobn\u00e9 \u00fadaje sa sprac\u00favaj\u00fa, m\u00e1te tieto pr\u00e1va: Pr\u00edstup k sprac\u00favan\u00fdm osobn\u00fdm \u00fadajom. Odvolanie [&hellip;]\" \/>\n<meta property=\"og:url\" content=\"https:\/\/www.welovecycling.com\/sk\/docs\/prava\/\" \/>\n<meta property=\"og:site_name\" content=\"\u0160koda We Love Cycling Slovensko\" \/>\n<meta property=\"article:modified_time\" content=\"2018-05-24T16:26:12+00:00\" \/>\n<meta property=\"og:image\" content=\"https:\/\/d2p6e6u75xmxt8.cloudfront.net\/2\/2018\/05\/hammer.jpg\" \/>\n<meta name=\"twitter:card\" content=\"summary_large_image\" \/>\n<meta name=\"twitter:label1\" content=\"Est. reading time\" \/>\n\t<meta name=\"twitter:data1\" content=\"2 minutes\" \/>\n<script type=\"application\/ld+json\" class=\"yoast-schema-graph\">{\"@context\":\"https:\/\/schema.org\",\"@graph\":[{\"@type\":\"WebPage\",\"@id\":\"https:\/\/www.welovecycling.com\/sk\/docs\/prava\/\",\"url\":\"https:\/\/www.welovecycling.com\/sk\/docs\/prava\/\",\"name\":\"Ak\u00e9 s\u00fa va\u0161e pr\u00e1va? - \u0160koda We Love Cycling Slovensko\",\"isPartOf\":{\"@id\":\"https:\/\/www.welovecycling.com\/sk\/#website\"},\"primaryImageOfPage\":{\"@id\":\"https:\/\/www.welovecycling.com\/sk\/docs\/prava\/#primaryimage\"},\"image\":{\"@id\":\"https:\/\/www.welovecycling.com\/sk\/docs\/prava\/#primaryimage\"},\"thumbnailUrl\":\"https:\/\/d2p6e6u75xmxt8.cloudfront.net\/2\/2018\/05\/hammer.jpg\",\"datePublished\":\"2018-05-24T16:26:11+00:00\",\"dateModified\":\"2018-05-24T16:26:12+00:00\",\"breadcrumb\":{\"@id\":\"https:\/\/www.welovecycling.com\/sk\/docs\/prava\/#breadcrumb\"},\"inLanguage\":\"sk-SK\",\"potentialAction\":[{\"@type\":\"ReadAction\",\"target\":[\"https:\/\/www.welovecycling.com\/sk\/docs\/prava\/\"]}]},{\"@type\":\"ImageObject\",\"inLanguage\":\"sk-SK\",\"@id\":\"https:\/\/www.welovecycling.com\/sk\/docs\/prava\/#primaryimage\",\"url\":\"https:\/\/d2p6e6u75xmxt8.cloudfront.net\/2\/2018\/05\/hammer.jpg\",\"contentUrl\":\"https:\/\/d2p6e6u75xmxt8.cloudfront.net\/2\/2018\/05\/hammer.jpg\"},{\"@type\":\"BreadcrumbList\",\"@id\":\"https:\/\/www.welovecycling.com\/sk\/docs\/prava\/#breadcrumb\",\"itemListElement\":[{\"@type\":\"ListItem\",\"position\":1,\"name\":\"Home\",\"item\":\"https:\/\/www.welovecycling.com\/sk\/\"},{\"@type\":\"ListItem\",\"position\":2,\"name\":\"Documents\",\"item\":\"https:\/\/www.welovecycling.com\/sk\/docs\/\"},{\"@type\":\"ListItem\",\"position\":3,\"name\":\"Ak\u00e9 s\u00fa va\u0161e pr\u00e1va?\"}]},{\"@type\":\"WebSite\",\"@id\":\"https:\/\/www.welovecycling.com\/sk\/#website\",\"url\":\"https:\/\/www.welovecycling.com\/sk\/\",\"name\":\"\u0160koda We Love Cycling Slovensko\",\"description\":\"\u0160koda We Love Cycling Slovensko je v\u00e1\u0161 ka\u017edodenn\u00fd zdroj noviniek a in\u0161pir\u00e1cie z sveta cyklistiky\",\"potentialAction\":[{\"@type\":\"SearchAction\",\"target\":{\"@type\":\"EntryPoint\",\"urlTemplate\":\"https:\/\/www.welovecycling.com\/sk\/?s={search_term_string}\"},\"query-input\":{\"@type\":\"PropertyValueSpecification\",\"valueRequired\":true,\"valueName\":\"search_term_string\"}}],\"inLanguage\":\"sk-SK\"}]}<\/script>\n<!-- \/ Yoast SEO Premium plugin. -->","yoast_head_json":{"title":"Ak\u00e9 s\u00fa va\u0161e pr\u00e1va? - \u0160koda We Love Cycling Slovensko","robots":{"index":"index","follow":"follow","max-snippet":"max-snippet:-1","max-image-preview":"max-image-preview:large","max-video-preview":"max-video-preview:-1"},"canonical":"https:\/\/www.welovecycling.com\/sk\/docs\/prava\/","og_locale":"sk_SK","og_type":"article","og_title":"Ak\u00e9 s\u00fa va\u0161e pr\u00e1va?","og_description":"Ak\u00e9 s\u00fa va\u0161e pr\u00e1va? Ako osoba, ktorej osobn\u00e9 \u00fadaje sa sprac\u00favaj\u00fa, m\u00e1te tieto pr\u00e1va: Pr\u00edstup k sprac\u00favan\u00fdm osobn\u00fdm \u00fadajom. Odvolanie [&hellip;]","og_url":"https:\/\/www.welovecycling.com\/sk\/docs\/prava\/","og_site_name":"\u0160koda We Love Cycling Slovensko","article_modified_time":"2018-05-24T16:26:12+00:00","og_image":[{"url":"https:\/\/d2p6e6u75xmxt8.cloudfront.net\/2\/2018\/05\/hammer.jpg","type":"","width":"","height":""}],"twitter_card":"summary_large_image","twitter_misc":{"Est. reading time":"2 minutes"},"schema":{"@context":"https:\/\/schema.org","@graph":[{"@type":"WebPage","@id":"https:\/\/www.welovecycling.com\/sk\/docs\/prava\/","url":"https:\/\/www.welovecycling.com\/sk\/docs\/prava\/","name":"Ak\u00e9 s\u00fa va\u0161e pr\u00e1va? - \u0160koda We Love Cycling Slovensko","isPartOf":{"@id":"https:\/\/www.welovecycling.com\/sk\/#website"},"primaryImageOfPage":{"@id":"https:\/\/www.welovecycling.com\/sk\/docs\/prava\/#primaryimage"},"image":{"@id":"https:\/\/www.welovecycling.com\/sk\/docs\/prava\/#primaryimage"},"thumbnailUrl":"https:\/\/d2p6e6u75xmxt8.cloudfront.net\/2\/2018\/05\/hammer.jpg","datePublished":"2018-05-24T16:26:11+00:00","dateModified":"2018-05-24T16:26:12+00:00","breadcrumb":{"@id":"https:\/\/www.welovecycling.com\/sk\/docs\/prava\/#breadcrumb"},"inLanguage":"sk-SK","potentialAction":[{"@type":"ReadAction","target":["https:\/\/www.welovecycling.com\/sk\/docs\/prava\/"]}]},{"@type":"ImageObject","inLanguage":"sk-SK","@id":"https:\/\/www.welovecycling.com\/sk\/docs\/prava\/#primaryimage","url":"https:\/\/d2p6e6u75xmxt8.cloudfront.net\/2\/2018\/05\/hammer.jpg","contentUrl":"https:\/\/d2p6e6u75xmxt8.cloudfront.net\/2\/2018\/05\/hammer.jpg"},{"@type":"BreadcrumbList","@id":"https:\/\/www.welovecycling.com\/sk\/docs\/prava\/#breadcrumb","itemListElement":[{"@type":"ListItem","position":1,"name":"Home","item":"https:\/\/www.welovecycling.com\/sk\/"},{"@type":"ListItem","position":2,"name":"Documents","item":"https:\/\/www.welovecycling.com\/sk\/docs\/"},{"@type":"ListItem","position":3,"name":"Ak\u00e9 s\u00fa va\u0161e pr\u00e1va?"}]},{"@type":"WebSite","@id":"https:\/\/www.welovecycling.com\/sk\/#website","url":"https:\/\/www.welovecycling.com\/sk\/","name":"\u0160koda We Love Cycling Slovensko","description":"\u0160koda We Love Cycling Slovensko je v\u00e1\u0161 ka\u017edodenn\u00fd zdroj noviniek a in\u0161pir\u00e1cie z sveta cyklistiky","potentialAction":[{"@type":"SearchAction","target":{"@type":"EntryPoint","urlTemplate":"https:\/\/www.welovecycling.com\/sk\/?s={search_term_string}"},"query-input":{"@type":"PropertyValueSpecification","valueRequired":true,"valueName":"search_term_string"}}],"inLanguage":"sk-SK"}]}},"_links":{"self":[{"href":"https:\/\/www.welovecycling.com\/sk\/wp-json\/wp\/v2\/pages\/3783","targetHints":{"allow":["GET"]}}],"collection":[{"href":"https:\/\/www.welovecycling.com\/sk\/wp-json\/wp\/v2\/pages"}],"about":[{"href":"https:\/\/www.welovecycling.com\/sk\/wp-json\/wp\/v2\/types\/page"}],"author":[{"embeddable":true,"href":"https:\/\/www.welovecycling.com\/sk\/wp-json\/wp\/v2\/users\/1"}],"replies":[{"embeddable":true,"href":"https:\/\/www.welovecycling.com\/sk\/wp-json\/wp\/v2\/comments?post=3783"}],"version-history":[{"count":2,"href":"https:\/\/www.welovecycling.com\/sk\/wp-json\/wp\/v2\/pages\/3783\/revisions"}],"predecessor-version":[{"id":3806,"href":"https:\/\/www.welovecycling.com\/sk\/wp-json\/wp\/v2\/pages\/3783\/revisions\/3806"}],"up":[{"embeddable":true,"href":"https:\/\/www.welovecycling.com\/sk\/wp-json\/wp\/v2\/pages\/3754"}],"wp:attachment":[{"href":"https:\/\/www.welovecycling.com\/sk\/wp-json\/wp\/v2\/media?parent=3783"}],"wp:term":[{"taxonomy":"post_tag","embeddable":true,"href":"https:\/\/www.welovecycling.com\/sk\/wp-json\/wp\/v2\/tags?post=3783"}],"curies":[{"name":"wp","href":"https:\/\/api.w.org\/{rel}","templated":true}]}}