{"id":3761,"date":"2018-05-24T08:06:01","date_gmt":"2018-05-24T06:06:01","guid":{"rendered":"https:\/\/www.welovecycling.com\/sk\/?page_id=3761"},"modified":"2018-07-05T11:36:07","modified_gmt":"2018-07-05T09:36:07","slug":"memorandum","status":"publish","type":"page","link":"https:\/\/www.welovecycling.com\/sk\/docs\/memorandum\/","title":{"rendered":"Inform\u00e1cie o sprac\u00favan\u00ed osobn\u00fdch \u00fadajov"},"content":{"rendered":"<div id=\"pl-3761\"  class=\"panel-layout\" ><div id=\"pg-3761-0\"  class=\"panel-grid panel-no-style\" ><div id=\"pgc-3761-0-0\"  class=\"panel-grid-cell\" ><div id=\"panel-3761-0-0-0\" class=\"so-panel widget widget_sow-editor panel-first-child panel-last-child\" data-index=\"0\" ><div\n\t\t\t\n\t\t\tclass=\"so-widget-sow-editor so-widget-sow-editor-base\"\n\t\t\t\n\t\t>\n<div class=\"siteorigin-widget-tinymce textwidget\">\n\t<h2>S\u00fahlas so sprac\u00favan\u00edm osobn\u00fdch \u00fadajov<\/h2>\n<p>T\u00fdmto ude\u013eujem spolo\u010dnosti \u0160koda AUTO a.s., t\u0159. V\u00e1clava Klementa 869, Mlad\u00e1 Boleslav II, 293 01, Mlad\u00e1 Boleslav, I\u010cO: 00177041, zap\u00edsanej v Obchodnom registri vedenom Mestsk\u00fdm s\u00fadom v Prahe pod spisovou zna\u010dkou B 332, ako prev\u00e1dzkovate\u013eovi osobn\u00fdch \u00fadajov<\/p>\n<p><strong>slobodn\u00fd a dobrovo\u013en\u00fd s\u00fahlas so sprac\u00favan\u00edm t\u00fdchto osobn\u00fdch \u00fadajov:<\/strong> meno, priezvisko, e-mailov\u00e1 adresa, d\u00e1tum narodenia, ako aj so sprac\u00favan\u00edm inform\u00e1ci\u00ed, ktor\u00e9 o mne \u0160koda AUTO z\u00edskala a\u00a0ktor\u00e9 pou\u017eije na lep\u0161ie zacielenie svojich marketingov\u00fdch aktiv\u00edt na moje potreby,<\/p>\n<p><strong>na tieto \u00fa\u010dely:<\/strong> oslovovanie s ponukou produktov a slu\u017eieb zna\u010dky \u0160koda vr\u00e1tane inform\u00e1ci\u00ed o produktoch, slu\u017eb\u00e1ch, podujatiach, s\u00fa\u0165a\u017eiach, zasielanie elektronick\u00fdch noviniek a sviato\u010dn\u00fdch pozdravov a prian\u00ed.<\/p>\n<p><strong>S\u00fahlas ude\u013eujem na p\u00e4\u0165 rokov.<\/strong><\/p>\n<p>Som si vedom\u00fd toho, \u017ee m\u00e1m pr\u00e1vo kedyko\u013evek odvola\u0165 svoj s\u00fahlas elektronicky na str\u00e1nke <a href=\"http:\/\/www.skoda-auto.com\/other\/personal-data\" target=\"_blank\" rel=\"noopener\">http:\/\/www.skoda-auto.com\/other\/personal-data<\/a> alebo p\u00edsomne zaslan\u00edm na adresu spolo\u010dnosti \u0160koda AUTO. M\u00e1m pr\u00e1vo odvola\u0165 svoj s\u00fahlas pred uplynut\u00edm obdobia, na ktor\u00e9 bol s\u00fahlas udelen\u00fd. Odvolanie s\u00fahlasu neovplyvn\u00ed z\u00e1konnos\u0165 sprac\u00favania osobn\u00fdch \u00fadajov pred odvolan\u00edm s\u00fahlasu.<br \/>\nViac inform\u00e1ci\u00ed o sprac\u00favan\u00ed osobn\u00fdch \u00fadajov n\u00e1jdete v pr\u00edlohe, ktor\u00e1 je neodlu\u010dite\u013enou s\u00fa\u010das\u0165ou tohto s\u00fahlasu. V\u0161eobecn\u00e9 inform\u00e1cie o ochrane osobn\u00fdch \u00fadajov n\u00e1jdete aj na str\u00e1nke <a href=\"http:\/\/www.skoda-auto.com\/other\/personal-data\" target=\"_blank\" rel=\"noopener\">http:\/\/www.skoda-auto.com\/other\/personal-data<\/a>.<\/p>\n<\/div>\n<\/div><\/div><\/div><\/div><div id=\"pg-3761-1\"  class=\"panel-grid panel-no-style\" ><div id=\"pgc-3761-1-0\"  class=\"panel-grid-cell\" ><div id=\"panel-3761-1-0-0\" class=\"so-panel widget widget_sow-editor panel-first-child\" data-index=\"1\" ><div\n\t\t\t\n\t\t\tclass=\"so-widget-sow-editor so-widget-sow-editor-base\"\n\t\t\t\n\t\t>\n<div class=\"siteorigin-widget-tinymce textwidget\">\n\t<h2><img loading=\"lazy\" decoding=\"async\" class=\"size-full wp-image-164811\" style=\"display: inline-block;\" src=\"https:\/\/d2p6e6u75xmxt8.cloudfront.net\/2\/2018\/05\/notepad.jpg\" alt=\"\" width=\"44\" height=\"38\" \/> Inform\u00e1cie o sprac\u00favan\u00ed osobn\u00fdch \u00fadajov<\/h2>\n<p>Spolo\u010dnos\u0165 \u0160koda AUTO a.s., t\u0159. V\u00e1clava Klementa 869, Mlad\u00e1 Boleslav II, 293 01, Mlad\u00e1 Boleslav, I\u010cO: 00177041, zap\u00edsan\u00e1 v Obchodnom registri vedenom Mestsk\u00fdm s\u00fadom v Prahe pod spisovou zna\u010dkou B 332 (\u010falej ako \u201espolo\u010dnos\u0165 \u0160koda AUTO\u201c), ako prev\u00e1dzkovate\u013e osobn\u00fdch \u00fadajov uv\u00e1dza inform\u00e1cie o\u00a0sprac\u00favan\u00ed osobn\u00fdch \u00fadajov a\u00a0o\u00a0va\u0161ich pr\u00e1vach t\u00fdkaj\u00facich sa tohto sprac\u00favania.<\/p>\n<p>Sprac\u00favanie osobn\u00fdch \u00fadajov zah\u0155\u0148a tieto aktivity:<\/p>\n<p><strong>Marketingov\u00e9 aktivity<\/strong><\/p>\n<p>&nbsp;<\/p>\n<\/div>\n<\/div><\/div><div id=\"panel-3761-1-0-1\" class=\"so-panel widget widget_sow-editor panel-last-child\" data-index=\"2\" ><div\n\t\t\t\n\t\t\tclass=\"so-widget-sow-editor so-widget-sow-editor-base\"\n\t\t\t\n\t\t>\n<div class=\"siteorigin-widget-tinymce textwidget\">\n\t<h3>\u00da\u010del sprac\u00favania:<\/h3>\n<p>Oslovovanie s ponukov produktov a slu\u017eieb zna\u010dky \u0160koda vr\u00e1tane inform\u00e1ci\u00ed o produktoch, slu\u017eb\u00e1ch, udalostiach, s\u00fa\u0165a\u017eiach, zasielanie newsletterov, pozdravov a prian\u00ed.<\/p>\n<h3>Opis \u00fa\u010delu sprac\u00favania:<\/h3>\n<p>Va\u0161e osobn\u00e9 \u00fadaje sa vyu\u017eij\u00fa na informovanie o produktoch a slu\u017eb\u00e1ch spolo\u010dnosti \u0160koda AUTO, o udalostiach, s\u00fa\u0165a\u017eiach, mo\u017enosti predplatenia noviniek, reklam\u00e1ch, distrib\u00facii katal\u00f3gov alebo na zasielanie pozdravov a prian\u00ed. Niektor\u00e9 z va\u0161ich osobn\u00fdch \u00fadajov m\u00f4\u017eeme vyu\u017ei\u0165 aj na zacielenie niektor\u00fdch vy\u0161\u0161ie uveden\u00fdch komunika\u010dn\u00fdch aktiv\u00edt.<\/p>\n<h3>Z\u00e1konnos\u0165 sprac\u00favania:<\/h3>\n<p>Na z\u00e1klade v\u00e1\u0161ho s\u00fahlasu sme opr\u00e1vnen\u00ed sprac\u00fava\u0165 va\u0161e osobn\u00e9 \u00fadaje. Bez v\u00e1\u0161ho s\u00fahlasu nebudeme va\u0161e osobn\u00e9 \u00fadaje sprac\u00fava\u0165.<\/p>\n<h3>Rozsah osobn\u00fdch \u00fadajov, ktor\u00e9 sprac\u00favame:<\/h3>\n<p>Identifika\u010dn\u00e9 \u00fadaje, kontaktn\u00e9 \u00fadaje, opisn\u00e9 \u00fadaje, profil spolo\u010dnosti, technick\u00e9 inform\u00e1cie o produkte, hist\u00f3ria obchodovania, inform\u00e1cie o rodinn\u00fdch pr\u00edslu\u0161n\u00edkoch a in\u00fdch osob\u00e1ch, komunik\u00e1cia, interakcia a profily zalo\u017een\u00e9 na t\u00fdchto \u00fadajoch, sie\u0165ov\u00e9 identifik\u00e1tory.<\/p>\n<h3>Obdobie sprac\u00favania a archiv\u00e1cie:<\/h3>\n<p>5 rokov po udelen\u00ed s\u00fahlasu so sprac\u00favan\u00edm osobn\u00fdch \u00fadajov.<\/p>\n<h3>Spracovatelia a pr\u00edjemcovia, ktor\u00fdm m\u00f4\u017eeme poskytn\u00fa\u0165 osobn\u00e9 \u00fadaje:<\/h3>\n<p>Marketingov\u00e9 agent\u00fary, eventov\u00e9 agent\u00fary, medi\u00e1lne agent\u00fary, \u010dlenovia distribu\u010dnej siete, serverov\u00ed oper\u00e1tori, agent\u00fary pre mana\u017ement host\u00ed, infolinky.<\/p>\n<p>Na po\u017eiadanie m\u00f4\u017eu by\u0165 va\u0161e osobn\u00e9 \u00fadaje poskytnut\u00e9 org\u00e1nom verejnej moci, najm\u00e4 s\u00fadom, Pol\u00edcii \u010ceskej republiky a\u00a0in\u00fdm org\u00e1nom \u010dinn\u00fdm v\u00a0trestnom konan\u00ed v nevyhnutnom rozsahu a v r\u00e1mci z\u00e1kona.<\/p>\n<h3>Zdroj osobn\u00fdch \u00fadajov:<\/h3>\n<p>Osobn\u00e9 \u00fadaje z\u00edskame priamo od v\u00e1s.<\/p>\n<h3>Presun osobn\u00fdch \u00fadajov do tret\u00edch kraj\u00edn alebo nadn\u00e1rodn\u00fdch organiz\u00e1ci\u00ed:<\/h3>\n<p>Pri sprac\u00favan\u00ed m\u00f4\u017eu by\u0165 va\u0161e osobn\u00e9 \u00fadaje presunut\u00e9 do tret\u00edch kraj\u00edn, napr\u00edklad do Spojen\u00fdch \u0161t\u00e1tov americk\u00fdch. V\u00a0takom pr\u00edpade sa tento presun uskuto\u010dn\u00ed bu\u010f na z\u00e1klade adekv\u00e1tneho rozhodnutia Eur\u00f3pskej komisie, napr\u00edklad do organiz\u00e1ci\u00ed z\u00fa\u010dast\u0148uj\u00facich sa na programe Privacy Shield, alebo na z\u00e1klade \u0161tandardn\u00fdch dolo\u017eiek v zmluve, napr\u00edklad v modelovej zmluve vydanej Eur\u00f3pskou komisiou, bez akejko\u013evek zmeny v\u00a0texte, vypracovanej na z\u00e1klade s\u00fa\u010dasnej smernice o ochrane osobn\u00fdch \u00fadajov. Najnov\u0161ie inform\u00e1cie n\u00e1jdete na <a href=\"http:\/\/www.skoda-auto.com\/other\/privacy-policy-sk\" target=\"_blank\" rel=\"noopener\">http:\/\/www.skoda-auto.com\/other\/privacy-policy-sk<\/a>.<\/p>\n<h3>Automatizovan\u00e9 rozhodovanie t\u00fdkaj\u00face sa osobn\u00fdch \u00fadajov:<\/h3>\n<p>Pri sprac\u00favan\u00ed osobn\u00fdch \u00fadajov nevyu\u017e\u00edvame automatizovan\u00e9 rozhodovanie.<\/p>\n<h3>In\u00e9 inform\u00e1cie<\/h3>\n<p>Osobn\u00e9 \u00fadaje sa m\u00f4\u017eu archivova\u0165 vo verejnom z\u00e1ujme a vyu\u017ei\u0165 na vedeck\u00e9, historick\u00e9 alebo \u0161tatistick\u00e9 v\u00fdskumn\u00e9 \u00fa\u010dely. V od\u00f4vodnen\u00fdch pr\u00edpadoch sa m\u00f4\u017eu osobn\u00e9 \u00fadaje sprac\u00fava\u0165 aj na \u00fa\u010dely rie\u0161enia pr\u00e1vnych z\u00e1le\u017eitost\u00ed, pri v\u00fdkone povinnost\u00ed vo\u010di org\u00e1nom verejnej spr\u00e1vy, monitoringu a\u00a0pri vyhodnocovan\u00ed pr\u00e1vnych riz\u00edk.<\/p>\n<\/div>\n<\/div><\/div><\/div><\/div><div id=\"pg-3761-2\"  class=\"panel-grid panel-no-style\" ><div id=\"pgc-3761-2-0\"  class=\"panel-grid-cell\" ><div id=\"panel-3761-2-0-0\" class=\"so-panel widget widget_sow-editor panel-first-child panel-last-child\" data-index=\"3\" ><div\n\t\t\t\n\t\t\tclass=\"so-widget-sow-editor so-widget-sow-editor-base\"\n\t\t\t\n\t\t>\n<div class=\"siteorigin-widget-tinymce textwidget\">\n\t<p><a href=\"\/sk\/docs\/prava\/\">Ak\u00e9 s\u00fa va\u0161e pr\u00e1va?<\/a><\/p>\n<\/div>\n<\/div><\/div><\/div><\/div><\/div>","protected":false},"excerpt":{"rendered":"<p>S\u00fahlas so sprac\u00favan\u00edm osobn\u00fdch \u00fadajov T\u00fdmto ude\u013eujem spolo\u010dnosti \u0160koda AUTO a.s., t\u0159. V\u00e1clava Klementa 869, Mlad\u00e1 Boleslav II, 293 01, [&hellip;]<\/p>\n","protected":false},"author":1,"featured_media":0,"parent":3754,"menu_order":0,"comment_status":"closed","ping_status":"closed","template":"templates\/template-empty-page-headline.php","meta":{"footnotes":""},"tags":[],"class_list":["post-3761","page","type-page","status-publish","hentry"],"yoast_head":"<!-- This site is optimized with the Yoast SEO Premium plugin v25.3 (Yoast SEO v25.9) - https:\/\/yoast.com\/wordpress\/plugins\/seo\/ -->\n<title>Inform\u00e1cie o sprac\u00favan\u00ed osobn\u00fdch \u00fadajov - \u0160koda We Love Cycling Slovensko<\/title>\n<meta name=\"robots\" content=\"index, follow, max-snippet:-1, max-image-preview:large, max-video-preview:-1\" \/>\n<link rel=\"canonical\" href=\"https:\/\/www.welovecycling.com\/sk\/docs\/memorandum\/\" \/>\n<meta property=\"og:locale\" content=\"sk_SK\" \/>\n<meta property=\"og:type\" content=\"article\" \/>\n<meta property=\"og:title\" content=\"Inform\u00e1cie o sprac\u00favan\u00ed osobn\u00fdch \u00fadajov\" \/>\n<meta property=\"og:description\" content=\"S\u00fahlas so sprac\u00favan\u00edm osobn\u00fdch \u00fadajov T\u00fdmto ude\u013eujem spolo\u010dnosti \u0160koda AUTO a.s., t\u0159. V\u00e1clava Klementa 869, Mlad\u00e1 Boleslav II, 293 01, [&hellip;]\" \/>\n<meta property=\"og:url\" content=\"https:\/\/www.welovecycling.com\/sk\/docs\/memorandum\/\" \/>\n<meta property=\"og:site_name\" content=\"\u0160koda We Love Cycling Slovensko\" \/>\n<meta property=\"article:modified_time\" content=\"2018-07-05T09:36:07+00:00\" \/>\n<meta property=\"og:image\" content=\"https:\/\/d2p6e6u75xmxt8.cloudfront.net\/2\/2018\/05\/notepad.jpg\" \/>\n<meta name=\"twitter:card\" content=\"summary_large_image\" \/>\n<meta name=\"twitter:label1\" content=\"Est. reading time\" \/>\n\t<meta name=\"twitter:data1\" content=\"4 minutes\" \/>\n<script type=\"application\/ld+json\" class=\"yoast-schema-graph\">{\"@context\":\"https:\/\/schema.org\",\"@graph\":[{\"@type\":\"WebPage\",\"@id\":\"https:\/\/www.welovecycling.com\/sk\/docs\/memorandum\/\",\"url\":\"https:\/\/www.welovecycling.com\/sk\/docs\/memorandum\/\",\"name\":\"Inform\u00e1cie o sprac\u00favan\u00ed osobn\u00fdch \u00fadajov - \u0160koda We Love Cycling Slovensko\",\"isPartOf\":{\"@id\":\"https:\/\/www.welovecycling.com\/sk\/#website\"},\"primaryImageOfPage\":{\"@id\":\"https:\/\/www.welovecycling.com\/sk\/docs\/memorandum\/#primaryimage\"},\"image\":{\"@id\":\"https:\/\/www.welovecycling.com\/sk\/docs\/memorandum\/#primaryimage\"},\"thumbnailUrl\":\"https:\/\/d2p6e6u75xmxt8.cloudfront.net\/2\/2018\/05\/notepad.jpg\",\"datePublished\":\"2018-05-24T06:06:01+00:00\",\"dateModified\":\"2018-07-05T09:36:07+00:00\",\"breadcrumb\":{\"@id\":\"https:\/\/www.welovecycling.com\/sk\/docs\/memorandum\/#breadcrumb\"},\"inLanguage\":\"sk-SK\",\"potentialAction\":[{\"@type\":\"ReadAction\",\"target\":[\"https:\/\/www.welovecycling.com\/sk\/docs\/memorandum\/\"]}]},{\"@type\":\"ImageObject\",\"inLanguage\":\"sk-SK\",\"@id\":\"https:\/\/www.welovecycling.com\/sk\/docs\/memorandum\/#primaryimage\",\"url\":\"https:\/\/d2p6e6u75xmxt8.cloudfront.net\/2\/2018\/05\/notepad.jpg\",\"contentUrl\":\"https:\/\/d2p6e6u75xmxt8.cloudfront.net\/2\/2018\/05\/notepad.jpg\"},{\"@type\":\"BreadcrumbList\",\"@id\":\"https:\/\/www.welovecycling.com\/sk\/docs\/memorandum\/#breadcrumb\",\"itemListElement\":[{\"@type\":\"ListItem\",\"position\":1,\"name\":\"Home\",\"item\":\"https:\/\/www.welovecycling.com\/sk\/\"},{\"@type\":\"ListItem\",\"position\":2,\"name\":\"Documents\",\"item\":\"https:\/\/www.welovecycling.com\/sk\/docs\/\"},{\"@type\":\"ListItem\",\"position\":3,\"name\":\"Inform\u00e1cie o sprac\u00favan\u00ed osobn\u00fdch \u00fadajov\"}]},{\"@type\":\"WebSite\",\"@id\":\"https:\/\/www.welovecycling.com\/sk\/#website\",\"url\":\"https:\/\/www.welovecycling.com\/sk\/\",\"name\":\"\u0160koda We Love Cycling Slovensko\",\"description\":\"\u0160koda We Love Cycling Slovensko je v\u00e1\u0161 ka\u017edodenn\u00fd zdroj noviniek a in\u0161pir\u00e1cie z sveta cyklistiky\",\"potentialAction\":[{\"@type\":\"SearchAction\",\"target\":{\"@type\":\"EntryPoint\",\"urlTemplate\":\"https:\/\/www.welovecycling.com\/sk\/?s={search_term_string}\"},\"query-input\":{\"@type\":\"PropertyValueSpecification\",\"valueRequired\":true,\"valueName\":\"search_term_string\"}}],\"inLanguage\":\"sk-SK\"}]}<\/script>\n<!-- \/ Yoast SEO Premium plugin. -->","yoast_head_json":{"title":"Inform\u00e1cie o sprac\u00favan\u00ed osobn\u00fdch \u00fadajov - \u0160koda We Love Cycling Slovensko","robots":{"index":"index","follow":"follow","max-snippet":"max-snippet:-1","max-image-preview":"max-image-preview:large","max-video-preview":"max-video-preview:-1"},"canonical":"https:\/\/www.welovecycling.com\/sk\/docs\/memorandum\/","og_locale":"sk_SK","og_type":"article","og_title":"Inform\u00e1cie o sprac\u00favan\u00ed osobn\u00fdch \u00fadajov","og_description":"S\u00fahlas so sprac\u00favan\u00edm osobn\u00fdch \u00fadajov T\u00fdmto ude\u013eujem spolo\u010dnosti \u0160koda AUTO a.s., t\u0159. V\u00e1clava Klementa 869, Mlad\u00e1 Boleslav II, 293 01, [&hellip;]","og_url":"https:\/\/www.welovecycling.com\/sk\/docs\/memorandum\/","og_site_name":"\u0160koda We Love Cycling Slovensko","article_modified_time":"2018-07-05T09:36:07+00:00","og_image":[{"url":"https:\/\/d2p6e6u75xmxt8.cloudfront.net\/2\/2018\/05\/notepad.jpg","type":"","width":"","height":""}],"twitter_card":"summary_large_image","twitter_misc":{"Est. reading time":"4 minutes"},"schema":{"@context":"https:\/\/schema.org","@graph":[{"@type":"WebPage","@id":"https:\/\/www.welovecycling.com\/sk\/docs\/memorandum\/","url":"https:\/\/www.welovecycling.com\/sk\/docs\/memorandum\/","name":"Inform\u00e1cie o sprac\u00favan\u00ed osobn\u00fdch \u00fadajov - \u0160koda We Love Cycling Slovensko","isPartOf":{"@id":"https:\/\/www.welovecycling.com\/sk\/#website"},"primaryImageOfPage":{"@id":"https:\/\/www.welovecycling.com\/sk\/docs\/memorandum\/#primaryimage"},"image":{"@id":"https:\/\/www.welovecycling.com\/sk\/docs\/memorandum\/#primaryimage"},"thumbnailUrl":"https:\/\/d2p6e6u75xmxt8.cloudfront.net\/2\/2018\/05\/notepad.jpg","datePublished":"2018-05-24T06:06:01+00:00","dateModified":"2018-07-05T09:36:07+00:00","breadcrumb":{"@id":"https:\/\/www.welovecycling.com\/sk\/docs\/memorandum\/#breadcrumb"},"inLanguage":"sk-SK","potentialAction":[{"@type":"ReadAction","target":["https:\/\/www.welovecycling.com\/sk\/docs\/memorandum\/"]}]},{"@type":"ImageObject","inLanguage":"sk-SK","@id":"https:\/\/www.welovecycling.com\/sk\/docs\/memorandum\/#primaryimage","url":"https:\/\/d2p6e6u75xmxt8.cloudfront.net\/2\/2018\/05\/notepad.jpg","contentUrl":"https:\/\/d2p6e6u75xmxt8.cloudfront.net\/2\/2018\/05\/notepad.jpg"},{"@type":"BreadcrumbList","@id":"https:\/\/www.welovecycling.com\/sk\/docs\/memorandum\/#breadcrumb","itemListElement":[{"@type":"ListItem","position":1,"name":"Home","item":"https:\/\/www.welovecycling.com\/sk\/"},{"@type":"ListItem","position":2,"name":"Documents","item":"https:\/\/www.welovecycling.com\/sk\/docs\/"},{"@type":"ListItem","position":3,"name":"Inform\u00e1cie o sprac\u00favan\u00ed osobn\u00fdch \u00fadajov"}]},{"@type":"WebSite","@id":"https:\/\/www.welovecycling.com\/sk\/#website","url":"https:\/\/www.welovecycling.com\/sk\/","name":"\u0160koda We Love Cycling Slovensko","description":"\u0160koda We Love Cycling Slovensko je v\u00e1\u0161 ka\u017edodenn\u00fd zdroj noviniek a in\u0161pir\u00e1cie z sveta cyklistiky","potentialAction":[{"@type":"SearchAction","target":{"@type":"EntryPoint","urlTemplate":"https:\/\/www.welovecycling.com\/sk\/?s={search_term_string}"},"query-input":{"@type":"PropertyValueSpecification","valueRequired":true,"valueName":"search_term_string"}}],"inLanguage":"sk-SK"}]}},"_links":{"self":[{"href":"https:\/\/www.welovecycling.com\/sk\/wp-json\/wp\/v2\/pages\/3761","targetHints":{"allow":["GET"]}}],"collection":[{"href":"https:\/\/www.welovecycling.com\/sk\/wp-json\/wp\/v2\/pages"}],"about":[{"href":"https:\/\/www.welovecycling.com\/sk\/wp-json\/wp\/v2\/types\/page"}],"author":[{"embeddable":true,"href":"https:\/\/www.welovecycling.com\/sk\/wp-json\/wp\/v2\/users\/1"}],"replies":[{"embeddable":true,"href":"https:\/\/www.welovecycling.com\/sk\/wp-json\/wp\/v2\/comments?post=3761"}],"version-history":[{"count":2,"href":"https:\/\/www.welovecycling.com\/sk\/wp-json\/wp\/v2\/pages\/3761\/revisions"}],"predecessor-version":[{"id":4061,"href":"https:\/\/www.welovecycling.com\/sk\/wp-json\/wp\/v2\/pages\/3761\/revisions\/4061"}],"up":[{"embeddable":true,"href":"https:\/\/www.welovecycling.com\/sk\/wp-json\/wp\/v2\/pages\/3754"}],"wp:attachment":[{"href":"https:\/\/www.welovecycling.com\/sk\/wp-json\/wp\/v2\/media?parent=3761"}],"wp:term":[{"taxonomy":"post_tag","embeddable":true,"href":"https:\/\/www.welovecycling.com\/sk\/wp-json\/wp\/v2\/tags?post=3761"}],"curies":[{"name":"wp","href":"https:\/\/api.w.org\/{rel}","templated":true}]}}