{"id":3758,"date":"2018-05-24T08:05:08","date_gmt":"2018-05-24T06:05:08","guid":{"rendered":"https:\/\/www.welovecycling.com\/sk\/?page_id=3758"},"modified":"2018-07-05T11:36:13","modified_gmt":"2018-07-05T09:36:13","slug":"contest-memorandum","status":"publish","type":"page","link":"https:\/\/www.welovecycling.com\/sk\/docs\/contest-memorandum\/","title":{"rendered":"Inform\u00e1cie o sprac\u00favan\u00ed osobn\u00fdch \u00fadajov (s\u00fa\u0165a\u017ee)"},"content":{"rendered":"<div id=\"pl-3758\"  class=\"panel-layout\" ><div id=\"pg-3758-0\"  class=\"panel-grid panel-no-style\" ><div id=\"pgc-3758-0-0\"  class=\"panel-grid-cell\" ><div id=\"panel-3758-0-0-0\" class=\"so-panel widget widget_sow-editor panel-first-child\" data-index=\"0\" ><div\n\t\t\t\n\t\t\tclass=\"so-widget-sow-editor so-widget-sow-editor-base\"\n\t\t\t\n\t\t>\n<div class=\"siteorigin-widget-tinymce textwidget\">\n\t<p>T\u00fdmto dokumentom V\u00e1m ako prev\u00e1dzkovate\u013e osobn\u00fdch \u00fadajov \u2013 spolo\u010dnos\u0165 \u0160koda AUTO a.s., t\u0159. V\u00e1clava Klementa 869, Mlad\u00e1 Boleslav II, 293 10, Mlad\u00e1 Boleslav, I\u010cO.: 00177041, zap\u00edsan\u00e1 v obchodnom registri Praha, oddiel B, vlo\u017eka \u010d. 332 (\u010falej len \u201c\u0160koda AUTO\u201c) \u2013 poskytujeme inform\u00e1cie o sprac\u00favan\u00ed osobn\u00fdch \u00fadajov a Va\u0161ich pr\u00e1vach s\u00favisiacich s dan\u00fdm sprac\u00favan\u00edm.<\/p>\n<p>Na sprac\u00favanie doch\u00e1dza v r\u00e1mci tejto \u010dinnosti:<\/p>\n<p><strong>Organiz\u00e1cia s\u00fa\u0165a\u017ee a hlasovanie v s\u00fa\u0165a\u017ei<\/strong><\/p>\n<\/div>\n<\/div><\/div><div id=\"panel-3758-0-0-1\" class=\"so-panel widget widget_sow-editor panel-last-child\" data-index=\"1\" ><div\n\t\t\t\n\t\t\tclass=\"so-widget-sow-editor so-widget-sow-editor-base\"\n\t\t\t\n\t\t>\n<div class=\"siteorigin-widget-tinymce textwidget\">\n\t<h3>\u00da\u010del sprac\u00favania:<\/h3>\n<p>Organizovanie s\u00fa\u0165a\u017e\u00ed a zabezpe\u010denie spravodliv\u00e9ho hlasovania v hlasovacej s\u00fa\u0165a\u017ei<\/p>\n<h3>Popis \u00fa\u010delu spracovania:<\/h3>\n<p>Ak sa rozhodnete z\u00fa\u010dastni\u0165 sa niektorej s\u00fa\u0165a\u017ee, ktor\u00fa organizujeme v r\u00e1mci na\u0161ich aktiv\u00edt, pou\u017eijeme Va\u0161e \u00fadaje, ak ste \u00fa\u010dastn\u00edkom s\u00fa\u0165a\u017ee, resp. Va\u0161e \u00fadaje aj \u00fadaje v\u00e1\u0161ho potomka, ak ste z\u00e1konn\u00fdm z\u00e1stupcom \u00fa\u010dastn\u00edka s\u00fa\u0165a\u017ee, aby sme V\u00e1s mohli zaradi\u0165 medzi \u00fa\u010dastn\u00edkov, vyhodnotenia s\u00fa\u0165a\u017ee a zaslanie alebo odovzdanie v\u00fdhry. Tieto \u010dinnosti m\u00f4\u017eeme vykon\u00e1va\u0165 sami alebo prostredn\u00edctvom tret\u00edch os\u00f4b - agent\u00far. Pomocou t\u00fdchto \u00fadajov z\u00e1rove\u0148 docielime toho, aby boli minimalizovan\u00e9 situ\u00e1cie, ke\u010f jedna osoba hlasuje viackr\u00e1t.<\/p>\n<h3>Opr\u00e1vnenie na sprac\u00favanie:<\/h3>\n<p>Sprac\u00favanie mus\u00edme vykon\u00e1va\u0165, preto\u017ee je to nevyhnutn\u00e9 na to, aby sme mohli splni\u0165 svoje z\u00e1v\u00e4zky z vyhl\u00e1senej s\u00fa\u0165a\u017ee. Poskytnutie Va\u0161ich osobn\u00fdch \u00fadajov je zmluvnou po\u017eiadavkou a ak ich neposkytnete, m\u00f4\u017eete t\u00fdm sp\u00f4sobi\u0165, \u017ee nebudete zaraden\u00ed do s\u00fa\u0165a\u017ee.<\/p>\n<h3>Kateg\u00f3rie osobn\u00fdch \u00fadajov, ktor\u00e9 spracov\u00e1vame:<\/h3>\n<p>Identifika\u010dn\u00e9 \u00fadaje, kontaktn\u00e9 \u00fadaje<\/p>\n<h3>Doba sprac\u00favania a archiv\u00e1cie:<\/h3>\n<p>1 rok od ukon\u010denia s\u00fa\u0165a\u017ee<\/p>\n<h3>Kateg\u00f3ria spracovate\u013eov alebo pr\u00edjemcov, ktor\u00fdm osobn\u00e9 \u00fadaje m\u00f4\u017eeme poskytn\u00fa\u0165:<\/h3>\n<p>Agent\u00fary zabezpe\u010duj\u00face chod s\u00fa\u0165a\u017ee.<\/p>\n<p>Va\u0161e osobn\u00e9 \u00fadaje m\u00f4\u017eu by\u0165 na po\u017eiadanie poskytnut\u00e9 org\u00e1nom verejnej moci, najm\u00e4 s\u00fadom, Pol\u00edcii \u010ceskej republiky a \u010fal\u0161\u00edm org\u00e1nom \u010dinn\u00fdm v trestnom konan\u00ed v nevyhnutnom rozsahu a v medziach z\u00e1kona.<\/p>\n<h3>Zdroj \u00fadajov:<\/h3>\n<p>Priamo od v\u00e1s.<\/p>\n<h3>Prenos osobn\u00fdch \u00fadajov do tret\u00edch kraj\u00edn alebo nadn\u00e1rodn\u00fdm spolo\u010dnostiam:<\/h3>\n<p>Pri sprac\u00favan\u00ed m\u00f4\u017eu by\u0165 va\u0161e osobn\u00e9 \u00fadaje presunut\u00e9 do tret\u00edch kraj\u00edn, napr\u00edklad do Spojen\u00fdch \u0161t\u00e1tov americk\u00fdch. V\u00a0takom pr\u00edpade sa tento presun uskuto\u010dn\u00ed bu\u010f na z\u00e1klade adekv\u00e1tneho rozhodnutia Eur\u00f3pskej komisie, napr\u00edklad do organiz\u00e1ci\u00ed z\u00fa\u010dast\u0148uj\u00facich sa na programe Privacy Shield, alebo na z\u00e1klade \u0161tandardn\u00fdch dolo\u017eiek v zmluve, napr\u00edklad v modelovej zmluve vydanej Eur\u00f3pskou komisiou, bez akejko\u013evek zmeny v\u00a0texte, vypracovanej na z\u00e1klade s\u00fa\u010dasnej smernice o ochrane osobn\u00fdch \u00fadajov. Najnov\u0161ie inform\u00e1cie n\u00e1jdete na <a href=\"http:\/\/www.skoda-auto.com\/other\/privacy-policy-sk\" target=\"_blank\" rel=\"noopener\">http:\/\/www.skoda-auto.com\/other\/privacy-policy-sk<\/a>.<\/p>\n<h3>Automatizovan\u00e9 rozhodovanie na z\u00e1klade osobn\u00fdch \u00fadajov:<\/h3>\n<p>V r\u00e1mci tohto sprac\u00favania k nemu nedoch\u00e1dza.<\/p>\n<h3>Ostatn\u00e9 inform\u00e1cie:<\/h3>\n<p>Osobn\u00e9 \u00fadaje m\u00f4\u017eu by\u0165 predmetom archiv\u00e1cie vo verejnom z\u00e1ujme a pou\u017eit\u00e9 pre \u00fa\u010dely vedeck\u00e9ho, historick\u00e9ho alebo \u0161tatistick\u00e9ho v\u00fdskumu. Osobn\u00e9 \u00fadaje m\u00f4\u017eu by\u0165 takisto v od\u00f4vodnen\u00fdch pr\u00edpadoch predmetom sprac\u00favania na \u00fa\u010dely rie\u0161enia pr\u00e1vnych z\u00e1le\u017eitost\u00ed vr\u00e1tane plnenia povinnost\u00ed vo\u010di org\u00e1nom verejnej spr\u00e1vy, sledovania a priebe\u017en\u00e9 vyhodnocovanie pr\u00e1vnych riz\u00edk.<\/p>\n<\/div>\n<\/div><\/div><\/div><\/div><div id=\"pg-3758-1\"  class=\"panel-grid panel-no-style\" ><div id=\"pgc-3758-1-0\"  class=\"panel-grid-cell\" ><div id=\"panel-3758-1-0-0\" class=\"so-panel widget widget_sow-editor panel-first-child panel-last-child\" data-index=\"2\" ><div\n\t\t\t\n\t\t\tclass=\"so-widget-sow-editor so-widget-sow-editor-base\"\n\t\t\t\n\t\t>\n<div class=\"siteorigin-widget-tinymce textwidget\">\n\t<p><a href=\"https:\/\/www.welovecycling.com\/sk\/docs\/prava\/\">Ak\u00e9 m\u00e1te pr\u00e1va?<\/a><\/p>\n<\/div>\n<\/div><\/div><\/div><\/div><\/div>","protected":false},"excerpt":{"rendered":"<p>T\u00fdmto dokumentom V\u00e1m ako prev\u00e1dzkovate\u013e osobn\u00fdch \u00fadajov \u2013 spolo\u010dnos\u0165 \u0160koda AUTO a.s., t\u0159. V\u00e1clava Klementa 869, Mlad\u00e1 Boleslav II, 293 [&hellip;]<\/p>\n","protected":false},"author":1,"featured_media":0,"parent":3754,"menu_order":0,"comment_status":"closed","ping_status":"closed","template":"templates\/template-empty-page-headline.php","meta":{"footnotes":""},"tags":[],"class_list":["post-3758","page","type-page","status-publish","hentry"],"yoast_head":"<!-- This site is optimized with the Yoast SEO Premium plugin v25.3 (Yoast SEO v25.9) - https:\/\/yoast.com\/wordpress\/plugins\/seo\/ -->\n<title>Inform\u00e1cie o sprac\u00favan\u00ed osobn\u00fdch \u00fadajov (s\u00fa\u0165a\u017ee) - \u0160koda We Love Cycling Slovensko<\/title>\n<meta name=\"robots\" content=\"index, follow, max-snippet:-1, max-image-preview:large, max-video-preview:-1\" \/>\n<link rel=\"canonical\" href=\"https:\/\/www.welovecycling.com\/sk\/docs\/contest-memorandum\/\" \/>\n<meta property=\"og:locale\" content=\"sk_SK\" \/>\n<meta property=\"og:type\" content=\"article\" \/>\n<meta property=\"og:title\" content=\"Inform\u00e1cie o sprac\u00favan\u00ed osobn\u00fdch \u00fadajov (s\u00fa\u0165a\u017ee)\" \/>\n<meta property=\"og:description\" content=\"T\u00fdmto dokumentom V\u00e1m ako prev\u00e1dzkovate\u013e osobn\u00fdch \u00fadajov \u2013 spolo\u010dnos\u0165 \u0160koda AUTO a.s., t\u0159. V\u00e1clava Klementa 869, Mlad\u00e1 Boleslav II, 293 [&hellip;]\" \/>\n<meta property=\"og:url\" content=\"https:\/\/www.welovecycling.com\/sk\/docs\/contest-memorandum\/\" \/>\n<meta property=\"og:site_name\" content=\"\u0160koda We Love Cycling Slovensko\" \/>\n<meta property=\"article:modified_time\" content=\"2018-07-05T09:36:13+00:00\" \/>\n<meta name=\"twitter:card\" content=\"summary_large_image\" \/>\n<meta name=\"twitter:label1\" content=\"Est. reading time\" \/>\n\t<meta name=\"twitter:data1\" content=\"3 minutes\" \/>\n<script type=\"application\/ld+json\" class=\"yoast-schema-graph\">{\"@context\":\"https:\/\/schema.org\",\"@graph\":[{\"@type\":\"WebPage\",\"@id\":\"https:\/\/www.welovecycling.com\/sk\/docs\/contest-memorandum\/\",\"url\":\"https:\/\/www.welovecycling.com\/sk\/docs\/contest-memorandum\/\",\"name\":\"Inform\u00e1cie o sprac\u00favan\u00ed osobn\u00fdch \u00fadajov (s\u00fa\u0165a\u017ee) - \u0160koda We Love Cycling Slovensko\",\"isPartOf\":{\"@id\":\"https:\/\/www.welovecycling.com\/sk\/#website\"},\"datePublished\":\"2018-05-24T06:05:08+00:00\",\"dateModified\":\"2018-07-05T09:36:13+00:00\",\"breadcrumb\":{\"@id\":\"https:\/\/www.welovecycling.com\/sk\/docs\/contest-memorandum\/#breadcrumb\"},\"inLanguage\":\"sk-SK\",\"potentialAction\":[{\"@type\":\"ReadAction\",\"target\":[\"https:\/\/www.welovecycling.com\/sk\/docs\/contest-memorandum\/\"]}]},{\"@type\":\"BreadcrumbList\",\"@id\":\"https:\/\/www.welovecycling.com\/sk\/docs\/contest-memorandum\/#breadcrumb\",\"itemListElement\":[{\"@type\":\"ListItem\",\"position\":1,\"name\":\"Home\",\"item\":\"https:\/\/www.welovecycling.com\/sk\/\"},{\"@type\":\"ListItem\",\"position\":2,\"name\":\"Documents\",\"item\":\"https:\/\/www.welovecycling.com\/sk\/docs\/\"},{\"@type\":\"ListItem\",\"position\":3,\"name\":\"Inform\u00e1cie o sprac\u00favan\u00ed osobn\u00fdch \u00fadajov (s\u00fa\u0165a\u017ee)\"}]},{\"@type\":\"WebSite\",\"@id\":\"https:\/\/www.welovecycling.com\/sk\/#website\",\"url\":\"https:\/\/www.welovecycling.com\/sk\/\",\"name\":\"\u0160koda We Love Cycling Slovensko\",\"description\":\"\u0160koda We Love Cycling Slovensko je v\u00e1\u0161 ka\u017edodenn\u00fd zdroj noviniek a in\u0161pir\u00e1cie z sveta cyklistiky\",\"potentialAction\":[{\"@type\":\"SearchAction\",\"target\":{\"@type\":\"EntryPoint\",\"urlTemplate\":\"https:\/\/www.welovecycling.com\/sk\/?s={search_term_string}\"},\"query-input\":{\"@type\":\"PropertyValueSpecification\",\"valueRequired\":true,\"valueName\":\"search_term_string\"}}],\"inLanguage\":\"sk-SK\"}]}<\/script>\n<!-- \/ Yoast SEO Premium plugin. -->","yoast_head_json":{"title":"Inform\u00e1cie o sprac\u00favan\u00ed osobn\u00fdch \u00fadajov (s\u00fa\u0165a\u017ee) - \u0160koda We Love Cycling Slovensko","robots":{"index":"index","follow":"follow","max-snippet":"max-snippet:-1","max-image-preview":"max-image-preview:large","max-video-preview":"max-video-preview:-1"},"canonical":"https:\/\/www.welovecycling.com\/sk\/docs\/contest-memorandum\/","og_locale":"sk_SK","og_type":"article","og_title":"Inform\u00e1cie o sprac\u00favan\u00ed osobn\u00fdch \u00fadajov (s\u00fa\u0165a\u017ee)","og_description":"T\u00fdmto dokumentom V\u00e1m ako prev\u00e1dzkovate\u013e osobn\u00fdch \u00fadajov \u2013 spolo\u010dnos\u0165 \u0160koda AUTO a.s., t\u0159. V\u00e1clava Klementa 869, Mlad\u00e1 Boleslav II, 293 [&hellip;]","og_url":"https:\/\/www.welovecycling.com\/sk\/docs\/contest-memorandum\/","og_site_name":"\u0160koda We Love Cycling Slovensko","article_modified_time":"2018-07-05T09:36:13+00:00","twitter_card":"summary_large_image","twitter_misc":{"Est. reading time":"3 minutes"},"schema":{"@context":"https:\/\/schema.org","@graph":[{"@type":"WebPage","@id":"https:\/\/www.welovecycling.com\/sk\/docs\/contest-memorandum\/","url":"https:\/\/www.welovecycling.com\/sk\/docs\/contest-memorandum\/","name":"Inform\u00e1cie o sprac\u00favan\u00ed osobn\u00fdch \u00fadajov (s\u00fa\u0165a\u017ee) - \u0160koda We Love Cycling Slovensko","isPartOf":{"@id":"https:\/\/www.welovecycling.com\/sk\/#website"},"datePublished":"2018-05-24T06:05:08+00:00","dateModified":"2018-07-05T09:36:13+00:00","breadcrumb":{"@id":"https:\/\/www.welovecycling.com\/sk\/docs\/contest-memorandum\/#breadcrumb"},"inLanguage":"sk-SK","potentialAction":[{"@type":"ReadAction","target":["https:\/\/www.welovecycling.com\/sk\/docs\/contest-memorandum\/"]}]},{"@type":"BreadcrumbList","@id":"https:\/\/www.welovecycling.com\/sk\/docs\/contest-memorandum\/#breadcrumb","itemListElement":[{"@type":"ListItem","position":1,"name":"Home","item":"https:\/\/www.welovecycling.com\/sk\/"},{"@type":"ListItem","position":2,"name":"Documents","item":"https:\/\/www.welovecycling.com\/sk\/docs\/"},{"@type":"ListItem","position":3,"name":"Inform\u00e1cie o sprac\u00favan\u00ed osobn\u00fdch \u00fadajov (s\u00fa\u0165a\u017ee)"}]},{"@type":"WebSite","@id":"https:\/\/www.welovecycling.com\/sk\/#website","url":"https:\/\/www.welovecycling.com\/sk\/","name":"\u0160koda We Love Cycling Slovensko","description":"\u0160koda We Love Cycling Slovensko je v\u00e1\u0161 ka\u017edodenn\u00fd zdroj noviniek a in\u0161pir\u00e1cie z sveta cyklistiky","potentialAction":[{"@type":"SearchAction","target":{"@type":"EntryPoint","urlTemplate":"https:\/\/www.welovecycling.com\/sk\/?s={search_term_string}"},"query-input":{"@type":"PropertyValueSpecification","valueRequired":true,"valueName":"search_term_string"}}],"inLanguage":"sk-SK"}]}},"_links":{"self":[{"href":"https:\/\/www.welovecycling.com\/sk\/wp-json\/wp\/v2\/pages\/3758","targetHints":{"allow":["GET"]}}],"collection":[{"href":"https:\/\/www.welovecycling.com\/sk\/wp-json\/wp\/v2\/pages"}],"about":[{"href":"https:\/\/www.welovecycling.com\/sk\/wp-json\/wp\/v2\/types\/page"}],"author":[{"embeddable":true,"href":"https:\/\/www.welovecycling.com\/sk\/wp-json\/wp\/v2\/users\/1"}],"replies":[{"embeddable":true,"href":"https:\/\/www.welovecycling.com\/sk\/wp-json\/wp\/v2\/comments?post=3758"}],"version-history":[{"count":2,"href":"https:\/\/www.welovecycling.com\/sk\/wp-json\/wp\/v2\/pages\/3758\/revisions"}],"predecessor-version":[{"id":4063,"href":"https:\/\/www.welovecycling.com\/sk\/wp-json\/wp\/v2\/pages\/3758\/revisions\/4063"}],"up":[{"embeddable":true,"href":"https:\/\/www.welovecycling.com\/sk\/wp-json\/wp\/v2\/pages\/3754"}],"wp:attachment":[{"href":"https:\/\/www.welovecycling.com\/sk\/wp-json\/wp\/v2\/media?parent=3758"}],"wp:term":[{"taxonomy":"post_tag","embeddable":true,"href":"https:\/\/www.welovecycling.com\/sk\/wp-json\/wp\/v2\/tags?post=3758"}],"curies":[{"name":"wp","href":"https:\/\/api.w.org\/{rel}","templated":true}]}}