{"id":372,"date":"2017-04-21T15:21:29","date_gmt":"2017-04-21T13:21:29","guid":{"rendered":"https:\/\/www.welovecycling.com\/sk\/?page_id=372"},"modified":"2017-04-26T15:01:29","modified_gmt":"2017-04-26T13:01:29","slug":"press","status":"publish","type":"page","link":"https:\/\/www.welovecycling.com\/sk\/press\/","title":{"rendered":"Press"},"content":{"rendered":"<style>\n    .dgt-year-margin {\n        margin-top: 3rem;\n    }\n    .dgt-year {\n        padding: 0.1rem 0.1rem;\n        font-size: 3rem;\n        color: #000000;\n        line-height:1;\n    }\n    .dgt-gallery {\n        display: block;\n        border-bottom: 1px solid #e8e9e9;\n        margin-bottom: 0.5rem;\n    }\n    .dgt-event {\n        margin-bottom: 1rem !important;\n        margin-top: 3rem;\n        font-size: 2rem;\n    }\n    .dgt-event:before {\n        margin-bottom: 0.7rem;\n        content: \"\";\n        display: block;\n        width: 100%;\n        height: 0.3rem;\n        background-image: url(\"data:image\/svg+xml;charset=utf8,%3Csvg version='1.1' xmlns='http:\/\/www.w3.org\/2000\/svg' xmlns:xlink='http:\/\/www.w3.org\/1999\/xlink' viewBox='0 0 6 5' xml:space='preserve'%3E%3Cpolygon fill='%23888888' points='5,1 1,5 0,4 4,0 '\/%3E%3C\/svg%3E\");\n        background-repeat: repeat-x;\n        background-position-x: 0.3rem;\n    }\n<\/style>\n<p>&nbsp;<\/p>\n<h2><span class=\"dgt-year\">2016<\/span><\/h2>\n<h3 class=\"dgt-event\">Report\u00e1\u017ee \u0160koda Slovensk\u00fd raj 3.6.2016:<\/h3>\n<p><a href=\"http:\/\/www.mtbiker.sk\/clanky\/8542\/reportaz-skoda-slovensky-raj-2016-opat-letecky-den-ale-hlavne-konecne-zabavny.html\">Report\u00e1\u017e by MTBiker.sk<\/a> &#8211; \u0160koda Slovensk\u00fd raj 2016 \u2013 op\u00e4\u0165 leteck\u00fd de\u0148, ale hlavne kone\u010dne z\u00e1bavn\u00fd <strong>NEW<\/strong><br \/>\n<a href=\"http:\/\/www.bikepoint.sk\/spravy\/reportaze\/report-skoda-slovensky-raj-2016\/\">Report\u00e1\u017e by Bikepoint.sk<\/a>\u00a0&#8211; \u0160koda Slovensk\u00fd raj 2016 &#8211; Report \u010d.1\u00a0<strong>NEW<\/strong><br \/>\n<a href=\"http:\/\/www.bikepoint.sk\/spravy\/reportaze\/report-2-skoda-slovensky-raj-2016\/\">Report\u00e1\u017e by Bikepoint.sk<\/a>\u00a0&#8211; \u0160koda Slovensk\u00fd raj 2016 &#8211; Report \u010d.2\u00a0<strong>NEW<\/strong><\/p>\n<h3 class=\"dgt-event\">Report\u00e1\u017ee\u00a0Horal MTB marat\u00f3n 13.8.2016:<\/h3>\n<p><a href=\"http:\/\/www.mtbiker.sk\/clanky\/8504\/reportaz-skoda-horal-mtb-maraton-2016-opat-jeden-poriadne-dlhy-den-v-sedle-biku.html\">Report\u00e1\u017e by MTBiker.sk<\/a>\u00a0&#8211; \u0160koda Horal MTB marat\u00f3n 2016 \u2013 op\u00e4\u0165 jeden poriadne dlh\u00fd de\u0148 v sedle biku<br \/>\n<a href=\"http:\/\/www.bikepoint.sk\/spravy\/reportaze\/report-skoda-horal-mtb-maraton-2016\/\">Report\u00e1\u017e by Bikepoint.sk<\/a>\u00a0&#8211; \u0160koda\u00a0Horal MTB marat\u00f3n\u00a02016<br \/>\n<a href=\"http:\/\/cyklotopolcianky.sk\/?p=2826\">Report\u00e1\u017e + FOTO by\u00a0CykloTopol\u010dianky.sk<\/a> &#8211; \u0160koda\u00a0Horal MTB marat\u00f3n\u00a02016<br \/>\n<a href=\"http:\/\/bikeclubnestich.sk\/2016\/08\/17\/skoda-horal-mtb-maraton-2016\/\">Report\u00e1\u017e\u00a0+\u00a0FOTO\u00a0by BikeclubNestich.sk<\/a>\u00a0&#8211; \u0160koda\u00a0Horal MTB marat\u00f3n\u00a02016<br \/>\n<a href=\"http:\/\/www.forzaracing.hu\/?p=3879\">Report\u00e1\u017e by FORZA RACING &#8211; HUNGARIA<\/a> &#8211; \u0160koda\u00a0Horal MTB marat\u00f3n\u00a02016<\/p>\n<h3 class=\"dgt-event\">Report\u00e1\u017ee \u0160koda STUPAVA TROPHY\u00a029.-31.7.2016:<\/h3>\n<p><a href=\"http:\/\/www.mtbiker.sk\/clanky\/8464\/reportaz-skoda-stupava-trophy-mtb-a-run-2016-pekelne-horuci-vikend-a-aj-podarene-zazitky.html\">Report\u00e1\u017e by MTBiker.sk<\/a>\u00a0&#8211;\u00a0\u0160koda\u00a0STUPAVA\u00a0TROPHY\u00a02016 \u2013 Pekelne hor\u00faci v\u00edkend a aj podaren\u00e9 z\u00e1\u017eitky<br \/>\n<a href=\"http:\/\/biker.sk\/clanok\/report-tri-dni-v-stupave\">Report\u00e1\u017e by Biker.sk<\/a> &#8211; \u0160koda\u00a0STUPAVA\u00a0TROPHY\u00a02016 &#8211; Tri dni v Stupave<br \/>\n<a href=\"http:\/\/www.bikepoint.sk\/spravy\/reportaze\/report-skoda-stupava-trophy-mtb-run-2016\/\">Report\u00e1\u017e by Bikepoint.sk<\/a>\u00a0&#8211; \u0160koda\u00a0STUPAVA\u00a0TROPHY\u00a02016<br \/>\n<a href=\"http:\/\/cyklotopolcianky.sk\/?p=2759\">Report\u00e1\u017e + FOTO by\u00a0CykloTopol\u010dianky.sk<\/a> &#8211; \u0160koda\u00a0STUPAVA\u00a0TROPHY\u00a02016<br \/>\n<a href=\"http:\/\/bikeclubnestich.sk\/2016\/08\/03\/skoda-stupava-trophy\/\">Report\u00e1\u017e\u00a0+\u00a0FOTO\u00a0by BikeclubNestich.sk<\/a>\u00a0&#8211; \u0160koda\u00a0STUPAVA\u00a0TROPHY\u00a02016<\/p>\n<h3 class=\"dgt-event\">Report\u00e1\u017ee\u00a0AUTHOR \u0160koda\u00a0Bikemarat\u00f3n <br \/>S\u00fa\u013eovsk\u00e9 skaly 25.6.2016: <\/h3>\n<p><a href=\"http:\/\/www.mtbiker.sk\/clanky\/8378\/reportaz-author-skoda-bikemaraton-sulovske-skaly-este-stale-mate-radi-teplo.html\">Report\u00e1\u017e by MTBiker.sk<\/a> &#8211; AUTHOR \u0160koda Bikemarat\u00f3n S\u00fa\u013eovsk\u00e9 skaly 2016\u00a0\u2013\u00a0e\u0161te st\u00e1le m\u00e1te radi teplo?<br \/>\n<a href=\"http:\/\/www.bikepoint.sk\/spravy\/reportaze\/1062-bikerov-a-bikeriek-v-sulove\/\">Report\u00e1\u017e by Bikepoint.sk<\/a> &#8211; 1.062 bikerov a bikeriek v S\u00fa\u013eove<br \/>\n<a href=\"http:\/\/cyklotopolcianky.sk\/?p=2684\">Report\u00e1\u017e\u00a0<\/a><a href=\"http:\/\/cyklotopolcianky.sk\/?p=2684\">+ FOTO by\u00a0CykloTopol\u010dianky.sk<\/a> &#8211; AUTHOR \u0160koda Bikemarat\u00f3n S\u00fa\u013eovsk\u00e9 skaly 2016<br \/>\n<a href=\"http:\/\/bikeclubnestich.sk\/2016\/06\/29\/author-skoda-bikemaraton-sulovske-skaly-2016\/\">Report\u00e1\u017e\u00a0+\u00a0FOTO\u00a0by BikeclubNestich.sk<\/a> &#8211; AUTHOR \u0160koda Bikemarat\u00f3n S\u00fa\u013eovsk\u00e9 skaly 2016<br \/>\n<a href=\"http:\/\/www.forzaracing.hu\/?p=3785\">Report\u00e1\u017e by FORZA RACING &#8211; HUNGARIA<\/a> &#8211; AUTHOR \u0160koda Bikemarat\u00f3n S\u00fa\u013eovsk\u00e9 skaly 2016<\/p>\n<h3 class=\"dgt-event\">Report\u00e1\u017ee\u00a0\u0160koda Marat\u00f3n <br \/> Marikovskou dolinou\u00a014.5.2016:<\/h3>\n<p><a href=\"http:\/\/www.mtbiker.sk\/clanky\/8282\/reportaz-skoda-maraton-marikovskou-dolinou-2016-nova-definicia-absolutneho-blata.html\">Report\u00e1\u017e by MTBiker.sk<\/a>\u00a0&#8211;\u00a0\u0160koda Marat\u00f3n Marikovskou dolinou 2016 \u2013 Nov\u00e1 defin\u00edcia absol\u00fatneho blata<br \/>\n<a href=\"http:\/\/www.bikeclubnestich.sk\/2016\/05\/skoda-maraton-marikovskou-dolinou-2016\/\">Report\u00e1\u017e\u00a0+\u00a0FOTO\u00a0by BikeclubNestich.sk<\/a>\u00a0&#8211; \u0160koda Marat\u00f3n Marikovskou dolinou 2016<br \/>\n<a href=\"http:\/\/cyklotopolcianky.sk\/?p=2410\">Report\u00e1\u017e + FOTO by\u00a0CykloTopol\u010dianky.sk<\/a>\u00a0 &#8211; MTB Spar\u0165an race Marikova)\u00a0ALEBO \u0160koda Marat\u00f3n Marikovskou dolinou 2016<br \/>\n<a href=\"http:\/\/www.forzaracing.hu\/?p=3644\">Report\u00e1\u017e by FORZA RACING &#8211; HUNGARIA<\/a> &#8211; \u0160koda Marat\u00f3n Marikovskou dolinou 2016<\/p>\n<h3 class=\"dgt-event\">Report\u00e1\u017ee\u00a0\u0160koda\u00a0Sv\u00e4tojursk\u00fd MTB marat\u00f3n\u00a030.4.2016:<\/h3>\n<p><a href=\"http:\/\/www.mtbiker.sk\/clanky\/8252\/reportaz-skoda-svatojursky-mtb-maraton-majstrovstva-slovenska-na-poriadne-rychlej-trati.html\">Report\u00e1\u017e by MTBiker.sk<\/a>\u00a0&#8211;\u00a0\u0160koda Sv\u00e4tojursk\u00fd MTB marat\u00f3n \u2013 Majstrovstv\u00e1 Slovenska na poriadne r\u00fdchlej trati<br \/>\n<a href=\"http:\/\/www.bikepoint.sk\/spravy\/reportaze\/report-skoda-svatojursky-mtb-maraton-2016\/\">Report\u00e1\u017e by Bikepoint.sk<\/a> &#8211; \u0160koda Sv\u00e4tojursk\u00fd MTB marat\u00f3n 2016<br \/>\n<a href=\"http:\/\/www.biketeamjuhasky.com\/clanky\/novinky\/majstrovstva-slovenska-v-xcm-30.4.2016.html\">Report\u00e1\u017e by Bike Team Juhasky<\/a> &#8211; Majstrovstv\u00e1 Slovenska v XCM 30.4.2016<br \/>\n<a href=\"http:\/\/biker.sk\/clanok\/report-svatojursky-mtb-maraton\">Report\u00e1\u017e by Biker.sk<\/a> &#8211; \u0160koda Sv\u00e4tojursk\u00fd MTB marat\u00f3n 2016<br \/>\n<a href=\"http:\/\/cyklotopolcianky.sk\/?p=2355\">Report\u00e1\u017e + FOTO by\u00a0CykloTopol\u010dianky.sk<\/a> &#8211; \u0160koda Sv\u00e4tojursk\u00fd MTB marat\u00f3n 2016<br \/>\n<a href=\"http:\/\/www.forzaracing.hu\/?p=3604\">Report\u00e1\u017e by FORZA RACING &#8211; HUNGARIA<\/a> &#8211; \u0160koda Sv\u00e4tojursk\u00fd MTB marat\u00f3n 2016<\/p>\n<p>&nbsp;<br \/>\n&nbsp;<\/p>\n<h2><span class=\"dgt-year\">2015<\/span><\/h2>\n<h3 class=\"dgt-event\">Report\u00e1\u017ee\u00a0\u0160koda\u00a0Slovensk\u00fd raj\u00a05.9.2015:<\/h3>\n<p><a href=\"http:\/\/www.mtbiker.sk\/clanky\/7893\/reportaz-skoda-slovensky-raj-2015-rychly-pretek-a-pletova-maska-ako-bonus.html?sid=2d5d35235004e9a028811467a2b5eae3\">Report\u00e1\u017e by MTBiker.sk<\/a>\u00a0&#8211;\u00a0\u0160koda Slovensk\u00fd raj 2015 \u2013\u00a0alebo aj R\u00fdchle preteky a ple\u0165ov\u00e1 maska ako bonus<br \/>\n<a href=\"http:\/\/www.biketeamjuhasky.com\/clanky\/novinky\/skoda-slovensky-raj---podlesk-5.9.2015.html\">Report\u00e1\u017e by Bike Team Juhasky.com<\/a>\u00a0&#8211; \u0160koda Slovensk\u00fd raj 2015<\/p>\n<h3 class=\"dgt-event\">Report\u00e1\u017ee\u00a0\u0160koda Horal MTB marat\u00f3n\u00a015.8.2015:<\/h3>\n<p><a href=\"http:\/\/www.bikepoint.sk\/spravy\/reportaze\/report-skoda-horal-mtb-maraton-2015\/\">Report\u00e1\u017e by Bikepoint.sk<\/a>\u00a0&#8211;\u00a0\u0160koda Horal MTB marat\u00f3n 2015<br \/>\n<a href=\"http:\/\/www.forzaracing.hu\/?p=3353\">Report\u00e1\u017e by FORZA RACING &#8211; HU<\/a>\u00a0&#8211; \u0160koda Horal MTB marat\u00f3n 2015 &#8211; \u0160koda BIKE OPEN TOUR potvrdila, \u017ee je \u00faspe\u0161n\u00e1 Slovensk\u00e1 MTB s\u00fa\u0165a\u017e<\/p>\n<h3 class=\"dgt-event\">Report\u00e1\u017ee \u0160koda STUPAVA TROPHY\u00a025.-26.7.2015:<\/h3>\n<p><u><\/u><br \/>\n<a href=\"http:\/\/www.ta3.com\/clanok\/1066286\/na-stupavskom-cyklomaratone-startovalo-takmer-900-pretekarov.html\">Report\u00e1\u017e by TA3.com<\/a>\u00a0&#8211; Na \u0160koda STUPAVA TROPHY 2015\u00a0\u0161tartovalo takmer 900 pretek\u00e1rov<br \/>\n<a href=\"http:\/\/www.mtbiker.sk\/clanky\/7825\/skoda-stupava-trophy-2015-alebo-aj-skutocne-rychlych-105-km.html\">Report\u00e1\u017e by MTBiker.sk<\/a>\u00a0&#8211;\u00a0\u0160koda STUPAVA TROPHY 2015 \u2013 alebo aj skuto\u010dne r\u00fdchlych 105 km<br \/>\n<a href=\"http:\/\/sjz.sk\/skoda-stupava-trophy-2015-dobre-namazanydstroj-2\/\">Report\u00e1\u017e by \u0160port je \u017divot.sk<\/a> &#8211;\u00a0\u0160koda STUPAVA TROPHY 2015 &#8211; Dobre namazan\u00fd stroj!<br \/>\n<a href=\"http:\/\/www.bikepoint.sk\/spravy\/reportaze\/report-skoda-stupava-trophy-2015\/\">Report\u00e1\u017e by Bikepoint.sk<\/a>\u00a0&#8211;\u00a0\u0160koda STUPAVA TROPHY 2015<br \/>\n<a href=\"http:\/\/cesta-je-cil.blogspot.sk\/2015\/07\/skoda-stupava-trophy-2015.html\">Report\u00e1\u017e by Na jednokolce kolem kousku sv\u011bta<\/a> &#8211;\u00a0\u0160koda STUPAVA TROPHY 2015 &#8211; Tom\u00e1\u0161 Hor\u00e1k na JEDNOKOLKE:-)<br \/>\n<a href=\"http:\/\/www.biketeamjuhasky.com\/clanky\/novinky\/25.7.-stupavsky-mtb-maraton--9.8.-xco-donovaly.html\">Report\u00e1\u017e by Bike Team Juhasky.com<\/a> &#8211; Tento rok boli aj \u0161printy\u00a0&#8211; ELIMINATOR<br \/>\n<a href=\"http:\/\/www.proefekt.sk\/index.php?action=citat&amp;id=146\">Report\u00e1\u017e by PROefekt.sk<\/a> &#8211; FOTO-report<br \/>\n<a href=\"http:\/\/www.forzaracing.hu\/?p=3232\">Report\u00e1\u017e by FORZA RACING &#8211; HU<\/a>\u00a0&#8211; \u0160koda STUPAVA TROPHY 2015 &#8211;\u00a03 dolgot szerettem volna ma<br \/>\n<a href=\"http:\/\/www.tvba.sk\/archiv\/zupny-pohar-uzavrety\/\">Report\u00e1\u017e by TV-BA<\/a> &#8211; \u017dupn\u00fd poh\u00e1r 2015 uzavret\u00fd<br \/>\n<a href=\"http:\/\/www.behame.sk\/krosove-behy\/v-aprili-usiel-doma-hrobarovi-z-lopaty-cez-vikend-v-stupave-superom\">Report\u00e1\u017e by BEHAME.sk<\/a> &#8211;\u00a0V apr\u00edli u\u0161iel doma hrob\u00e1rovi z lopaty, cez v\u00edkend v Stupave s\u00faperom<\/p>\n<h3 class=\"dgt-event\">Report\u00e1\u017ee AUTHOR\u00a0\u0160koda Bikemarat\u00f3n <br \/>Marikovskou dolinou\u00a020.6.2015:<\/h3>\n<p><a href=\"http:\/\/www.mtbiker.sk\/clanky\/7735\/reportaz-author-skoda-bikemaraton-sulovske-skaly-2015-prekvapivo-narocnych-78-km.html\">Report\u00e1\u017e by MTBiker.sk<\/a> &#8211;\u00a0AUTHOR \u0160koda Bikemarat\u00f3n S\u00fa\u013eovsk\u00e9 skaly 2015 &#8211; Prekvapivo n\u00e1ro\u010dn\u00fdch 78 km)<br \/>\n<a href=\"http:\/\/www.bikepoint.sk\/spravy\/reportaze\/reportaz-author-skoda-bikemaraton-sulovske-skaly\/\">Report\u00e1\u017e by Bikepoint.sk<\/a> &#8211;\u00a0Par\u00e1dna akcia pod S\u00fa\u013eovsk\u00fdmi skalami<br \/>\n<a href=\"http:\/\/www.biketeamjuhasky.com\/clanky\/novinky\/20.6.-author-skoda-bikemaraton-sulovske-skaly.html\">Report\u00e1\u017e by Bike Team Juhasky.com<\/a>\u00a0&#8211; AUTHOR \u0160koda Bikemarat\u00f3n S\u00fa\u013eovsk\u00e9 skaly\u00a02015<br \/>\n<a href=\"http:\/\/www.bikeone.cz\/index.php?oddeleni=team&amp;sekce=reporty&amp;akceid=208\">Report\u00e1\u017e by BIKE ONE<\/a> &#8211;\u00a0AUTHOR \u0160koda Bikemarat\u00f3n S\u00fa\u013eovsk\u00e9 skaly, 20. 6. 2015<br \/>\n<a href=\"http:\/\/xouted.com\/2015\/06\/doswiadczenie-uczestnika\/\">Report\u00e1\u017e by Marek Tyniec PL<\/a> &#8211;\u00a0Do\u015bwiadczenie uczestnika &#8211; Sk\u00fasenosti \u00fa\u010dastn\u00edkov<br \/>\n<a href=\"http:\/\/www.skoda-bike-open-tour.sk\/novinky\/napriek-krize-stastny-prichod-do-ciela-v-sulove\/\">Report\u00e1\u017e by FORZA RACING HU -&gt; SK<\/a>\u00a0&#8211;\u00a0Napriek kr\u00edze \u0161\u0165astn\u00fd pr\u00edchod do cie\u013ea v S\u00fa\u013eove.\u00a0\u201eBral som tak dlh\u00e9 brzdn\u00e9 vzdialenosti, ako keby som riadil Ikarus\u201c<br \/>\n<a href=\"http:\/\/www.forzaracing.hu\/?p=3108\">Report\u00e1\u017e by FORZA RACING &#8211; HU<\/a> &#8211;\u00a0Olyan hossz\u00fa f\u00e9kt\u00e1vokat vettem, mintha Ikarust vezettem volna<br \/>\n<a href=\"http:\/\/www.kphc.sk\/node\/88\">Report\u00e1\u017e by\u00a0KPHC Tur\u010dianske Teplice<\/a> &#8211; Zhodnotenie<\/p>\n<h3 class=\"dgt-event\">Report\u00e1\u017ee \u0160koda marat\u00f3n Marikovskou <br \/>dolinou 16.5.2015:<\/h3>\n<p><a href=\"http:\/\/www.mtbiker.sk\/clanky\/7666\/reportaz-skoda-maraton-marikovskou-dolinou-2015-marikovske-single-a-poctive-blato.html\">Report\u00e1\u017e by MTBiker.sk<\/a>\u00a0&#8211;\u00a0\u0160koda Marat\u00f3n Marikovskou dolinou 2015 &#8211; Mar\u00edkovsk\u00e9 single a poctiv\u00e9 blato<br \/>\n<a href=\"https:\/\/www.facebook.com\/mtbmaraton\/posts\/788140384587848\">Report\u00e1\u017e by FORZA Racing Team Ma\u010farsko<\/a> &#8211;\u00a0\u010eakujeme FC Team \u2013 \u0160koda Marat\u00f3n Marikovskou dolinou<br \/>\n<a href=\"http:\/\/www.tsk.sk\/hlavna-stranka\/trenciansky-samospravny-kraj\/tlacove-spravy\/2015\/siedmy-rocnik-skoda-maratonu-marikovskou-dolinou-s-podporou-tsk.html?page_id=235082\">Report\u00e1\u017e by Tren\u010diansk\u00fd samospr\u00e1vny kraj<\/a> &#8211;\u00a0Siedmy ro\u010dn\u00edk \u0160koda marat\u00f3nu Marikovskou dolinou s podporou TSK<\/p>\n<h3 class=\"dgt-event\">Report\u00e1\u017ee \u0160koda Sv\u00e4tojursk\u00fd MTB marat\u00f3n 18.4. 2015:<\/h3>\n<p><a href=\"http:\/\/www.mtbiker.sk\/clanky\/7618\/reportaz-skoda-svatojursky-mtb-maraton-navleky-na-kolena-ruky-hrube-vlnene-ponozky-ciapka-pod-prilbu-a-mozem-ist.html\">Report\u00e1\u017e by MTBiker.sk<\/a> &#8211; N\u00e1vleky na kolen\u00e1, ruky, hrub\u00e9 vlnen\u00e9 pono\u017eky, \u010diapka pod prilbu a m\u00f4\u017eem \u00eds\u0165&#8230;<br \/>\n<a href=\"http:\/\/www.bikepoint.sk\/spravy\/reportaze\/report-skoda-svatojursky-mtb-maraton-2015\/\">Report\u00e1\u017e by Bikepoint.sk<\/a>\u00a0&#8211; \u0160koda Sv\u00e4tojursk\u00fd MTB marat\u00f3n 2015<br \/>\n<a href=\"http:\/\/cyklotopolcianky.sk\/?p=1309\">Report\u00e1\u017e by Peter Haspra \u0160K TOPOL\u010cIANKY<\/a> &#8211;\u00a0\u0160koda Sv\u00e4tojursk\u00fd MTB marat\u00f3n 2015<br \/>\n<a href=\"http:\/\/www.cyklomaraton.sk\/index.php\/sk\/spravy-2\/99-jur2015\">Report\u00e1\u017e by Tom\u00e1\u0161 Dedinsk\u00fd &#8211;\u00a0HORAL TEAM<\/a> &#8211;\u00a0Otvorenie sez\u00f3ny vo Sv\u00e4tom Jure, nikdy nehovor nikdy&#8230;<\/p>\n<p>&nbsp;<\/p>\n<h2><span class=\"dgt-year\">2014<\/span><\/h2>\n<h3 class=\"dgt-event\">Report\u00e1\u017ee \u0160koda Horal 9.8. 2014:<\/h3>\n<p><a href=\"http:\/\/www.mtbiker.sk\/clanky\/7225\/reportaz-skoda-horal-mtb-maraton-a-horal-tour-2014.html\">Report\u00e1\u017e by MTBiker.sk<\/a><br \/>\n<a href=\"http:\/\/www.bikepoint.sk\/spravy\/reportaze\/report-skoda-horal-mtb-maraton\/\">Report\u00e1\u017e by BIKEPOINT.sk<\/a><\/p>\n<h3 class=\"dgt-event\">Report\u00e1\u017ee \u0160koda STUPAVA TROPHY 26.-27.7. 2014:<\/h3>\n<p><a href=\"http:\/\/videoarchiv.markiza.sk\/video\/sportove-noviny\/18276_sportove-noviny\">TV Mark\u00edza \/\u00a0\u0160portov\u00e9 noviny 26.7. 2014<\/a> &#8211; report\u00e1\u017e zo sobotn\u00e9ho MTB marat\u00f3nu sa nach\u00e1dza v minut\u00e1\u017ei 09:09<br \/>\n<a href=\"http:\/\/www.rtvs.sk\/televizia\/program\/detail\/15\/goly-body-sekundy\/archiv?date=26.07.2014\">RTV \/\u00a0G\u00f3ly Body Sekundy 26.7. 2014<\/a> &#8211; report\u00e1\u017e zo sobotn\u00e9ho MTB marat\u00f3nu sa nach\u00e1dza v minut\u00e1\u017ei 13:38<\/p>\n<p><a href=\"http:\/\/www.skoda-bike-open-tour.sk\/novinky\/reportaz-skoda-stupava-trophy-2014\/\">Report\u00e1\u017e by \u0160koda BIKE OPEN TOUR.sk<\/a>\u00a0&#8211; RADO B\u00cdRO\u0160\u00a0&#8211;\u00a0\u0160koda STUPAVA TROPHY 2014 \/ MTB 76 km<br \/>\n<a href=\"http:\/\/www.mtbiker.sk\/clanky\/7199\/reportaz-skoda-stupava-trophy-2014.html\">Report\u00e1\u017e by MTBiker.sk<\/a>\u00a0&#8211;\u00a0\u0160koda STUPAVA TROPHY 2014 \/ MTB<br \/>\n<a href=\"http:\/\/www.bikepoint.sk\/spravy\/reportaze\/report-skoda-stupava-trophy-2014\/\">Report\u00e1\u017e \u010d.1 by BIKEPOINT.sk<\/a>\u00a0&#8211;\u00a0\u0160koda STUPAVA TROPHY 2014 \/ MTB<br \/>\n<a href=\"http:\/\/www.bikepoint.sk\/spravy\/reportaze\/report-2-skoda-stupava-trophy-2014\/\">Report\u00e1\u017e \u010d.2 by BIKEPOINT.sk<\/a>\u00a0&#8211;\u00a0\u0160koda STUPAVA TROPHY 2014 \/ MTB<br \/>\n<a href=\"http:\/\/mtbs.cz\/clanek\/maraton-ve-stupave-vyhral-karel-hartl\/kategorie\/popis-xcm\">Report\u00e1\u017e by MTBS.cz<\/a>\u00a0&#8211;\u00a0\u0160koda STUPAVA TROPHY 2014 \/ MTB &#8211; Maraton ve Stupav\u011b vyhr\u00e1l Karel Hartl<br \/>\n<a href=\"http:\/\/www.popity.ro\/2014\/07\/stupava-trophy-2014\">Report\u00e1\u017e by Sebastian Popity.ro<\/a> &#8211;\u00a0\u0160koda STUPAVA TROPHY 2014 \/ MTB &#8211; O\u010dami \u00fa\u010dastn\u00edka z Rumunska<br \/>\n<a href=\"http:\/\/mountainbike.blog.hu\/2014\/07\/29\/schwarzenegger_lohereje_egy_szlovak_maratonon\">Report\u00e1\u017e by Cs\u00e9ri Szilvia-Blog.hu<\/a>\u00a0&#8211;\u00a0\u0160koda STUPAVA TROPHY 2014 \/ MTB &#8211; O\u010dami \u00fa\u010dastn\u00ed\u010dky z Ma\u010farska<br \/>\n<a href=\"http:\/\/www.behame.sk\/index.php?src=krosove-behy%2Fstupavu-si-uzili-bezci-i-cyklisti-na-pretekoch-i-po-nich\">Report\u00e1\u017e by BEHAME.sk<\/a> &#8211;\u00a0Stupavu si u\u017eili cyklisti i\u00a0be\u017eci. Na pretekoch i po nich \/ RUN<br \/>\n<a href=\"http:\/\/www.michalpataky.com\/2014\/07\/moja-prva-bedna.html\">Report\u00e1\u017e by Michal Pataky<\/a>\u00a0&#8211;\u00a0Moja prv\u00e1 debna v \u017eivote, na ktor\u00fa som nesmierne hrd\u00fd! \/ RUN<\/p>\n<h3 class=\"dgt-event\">Report\u00e1\u017ee AUTHOR\u00a0\u0160koda\u00a0Bikemarat\u00f3n <br \/>S\u00fa\u013eovsk\u00e9 skaly\u00a021.6. 2014:<\/h3>\n<p><a href=\"http:\/\/www.mtbiker.sk\/clanky\/7113\/reportaz-author-skoda-bikemaraton-sulovske-skaly-s-viac-ako-1000-startujucimi.html\">Report\u00e1\u017e by MTBiker.sk<\/a><br \/>\n<a href=\"http:\/\/www.cyklomania.sk\/news\/1924-kratke-ohliadnutie-za-autor-skoda-bikemaraton-sulovske-skaly-2014\">Report\u00e1\u017e by Cyklomania.sk<\/a><br \/>\n<a href=\"http:\/\/www.bikepoint.sk\/spravy\/reportaze\/report-author-skoda-bikemaraton-sulovske-skaly-2014\/\">Report\u00e1\u017e by Bikepoint.sk<\/a><\/p>\n<h3 class=\"dgt-event\">Report\u00e1\u017ee \u0160koda FC marat\u00f3n Mar\u00edkovskou <br \/>dolinou 17.5. 2014:<\/h3>\n<p><a href=\"http:\/\/www.mtbiker.sk\/clanky\/7031\/reportaz-skoda-fc-maraton-marikovskou-dolinou-2014.html\">Report\u00e1\u017e by MTBiker.sk<\/a><br \/>\n<a href=\"http:\/\/www.bikepoint.sk\/spravy\/reportaze\/skoda-fc-maraton-marikovskou-dolinou\/\">Report\u00e1\u017e by Bikepoint.sk<\/a><br \/>\n<a href=\"http:\/\/autogrip.sk\/prvy-pretek-skoda-bike-open-tour-2014-pozna-vitazov\/\">Report\u00e1\u017e by MATHOSH<\/a><\/p>\n","protected":false},"excerpt":{"rendered":"<p>&nbsp; 2016 Report\u00e1\u017ee \u0160koda Slovensk\u00fd raj 3.6.2016: Report\u00e1\u017e by MTBiker.sk &#8211; \u0160koda Slovensk\u00fd raj 2016 \u2013 op\u00e4\u0165 leteck\u00fd de\u0148, ale [&hellip;]<\/p>\n","protected":false},"author":39,"featured_media":0,"parent":0,"menu_order":0,"comment_status":"closed","ping_status":"closed","template":"templates\/template-empty-page-headline.php","meta":{"footnotes":""},"tags":[],"class_list":["post-372","page","type-page","status-publish","hentry"],"yoast_head":"<!-- This site is optimized with the Yoast SEO Premium plugin v25.3 (Yoast SEO v25.9) - https:\/\/yoast.com\/wordpress\/plugins\/seo\/ -->\n<title>Press - \u0160koda We Love Cycling Slovensko<\/title>\n<meta name=\"robots\" content=\"index, follow, max-snippet:-1, max-image-preview:large, max-video-preview:-1\" \/>\n<link rel=\"canonical\" href=\"https:\/\/www.welovecycling.com\/sk\/press\/\" \/>\n<meta property=\"og:locale\" content=\"sk_SK\" \/>\n<meta property=\"og:type\" content=\"article\" \/>\n<meta property=\"og:title\" content=\"Press\" \/>\n<meta property=\"og:description\" content=\"&nbsp; 2016 Report\u00e1\u017ee \u0160koda Slovensk\u00fd raj 3.6.2016: Report\u00e1\u017e by MTBiker.sk &#8211; \u0160koda Slovensk\u00fd raj 2016 \u2013 op\u00e4\u0165 leteck\u00fd de\u0148, ale [&hellip;]\" \/>\n<meta property=\"og:url\" content=\"https:\/\/www.welovecycling.com\/sk\/press\/\" \/>\n<meta property=\"og:site_name\" content=\"\u0160koda We Love Cycling Slovensko\" \/>\n<meta property=\"article:modified_time\" content=\"2017-04-26T13:01:29+00:00\" \/>\n<meta name=\"twitter:card\" content=\"summary_large_image\" \/>\n<meta name=\"twitter:label1\" content=\"Est. reading time\" \/>\n\t<meta name=\"twitter:data1\" content=\"6 minutes\" \/>\n<script type=\"application\/ld+json\" class=\"yoast-schema-graph\">{\"@context\":\"https:\/\/schema.org\",\"@graph\":[{\"@type\":\"WebPage\",\"@id\":\"https:\/\/www.welovecycling.com\/sk\/press\/\",\"url\":\"https:\/\/www.welovecycling.com\/sk\/press\/\",\"name\":\"Press - \u0160koda We Love Cycling Slovensko\",\"isPartOf\":{\"@id\":\"https:\/\/www.welovecycling.com\/sk\/#website\"},\"datePublished\":\"2017-04-21T13:21:29+00:00\",\"dateModified\":\"2017-04-26T13:01:29+00:00\",\"breadcrumb\":{\"@id\":\"https:\/\/www.welovecycling.com\/sk\/press\/#breadcrumb\"},\"inLanguage\":\"sk-SK\",\"potentialAction\":[{\"@type\":\"ReadAction\",\"target\":[\"https:\/\/www.welovecycling.com\/sk\/press\/\"]}]},{\"@type\":\"BreadcrumbList\",\"@id\":\"https:\/\/www.welovecycling.com\/sk\/press\/#breadcrumb\",\"itemListElement\":[{\"@type\":\"ListItem\",\"position\":1,\"name\":\"Home\",\"item\":\"https:\/\/www.welovecycling.com\/sk\/\"},{\"@type\":\"ListItem\",\"position\":2,\"name\":\"Press\"}]},{\"@type\":\"WebSite\",\"@id\":\"https:\/\/www.welovecycling.com\/sk\/#website\",\"url\":\"https:\/\/www.welovecycling.com\/sk\/\",\"name\":\"\u0160koda We Love Cycling Slovensko\",\"description\":\"\u0160koda We Love Cycling Slovensko je v\u00e1\u0161 ka\u017edodenn\u00fd zdroj noviniek a in\u0161pir\u00e1cie z sveta cyklistiky\",\"potentialAction\":[{\"@type\":\"SearchAction\",\"target\":{\"@type\":\"EntryPoint\",\"urlTemplate\":\"https:\/\/www.welovecycling.com\/sk\/?s={search_term_string}\"},\"query-input\":{\"@type\":\"PropertyValueSpecification\",\"valueRequired\":true,\"valueName\":\"search_term_string\"}}],\"inLanguage\":\"sk-SK\"}]}<\/script>\n<!-- \/ Yoast SEO Premium plugin. -->","yoast_head_json":{"title":"Press - \u0160koda We Love Cycling Slovensko","robots":{"index":"index","follow":"follow","max-snippet":"max-snippet:-1","max-image-preview":"max-image-preview:large","max-video-preview":"max-video-preview:-1"},"canonical":"https:\/\/www.welovecycling.com\/sk\/press\/","og_locale":"sk_SK","og_type":"article","og_title":"Press","og_description":"&nbsp; 2016 Report\u00e1\u017ee \u0160koda Slovensk\u00fd raj 3.6.2016: Report\u00e1\u017e by MTBiker.sk &#8211; \u0160koda Slovensk\u00fd raj 2016 \u2013 op\u00e4\u0165 leteck\u00fd de\u0148, ale [&hellip;]","og_url":"https:\/\/www.welovecycling.com\/sk\/press\/","og_site_name":"\u0160koda We Love Cycling Slovensko","article_modified_time":"2017-04-26T13:01:29+00:00","twitter_card":"summary_large_image","twitter_misc":{"Est. reading time":"6 minutes"},"schema":{"@context":"https:\/\/schema.org","@graph":[{"@type":"WebPage","@id":"https:\/\/www.welovecycling.com\/sk\/press\/","url":"https:\/\/www.welovecycling.com\/sk\/press\/","name":"Press - \u0160koda We Love Cycling Slovensko","isPartOf":{"@id":"https:\/\/www.welovecycling.com\/sk\/#website"},"datePublished":"2017-04-21T13:21:29+00:00","dateModified":"2017-04-26T13:01:29+00:00","breadcrumb":{"@id":"https:\/\/www.welovecycling.com\/sk\/press\/#breadcrumb"},"inLanguage":"sk-SK","potentialAction":[{"@type":"ReadAction","target":["https:\/\/www.welovecycling.com\/sk\/press\/"]}]},{"@type":"BreadcrumbList","@id":"https:\/\/www.welovecycling.com\/sk\/press\/#breadcrumb","itemListElement":[{"@type":"ListItem","position":1,"name":"Home","item":"https:\/\/www.welovecycling.com\/sk\/"},{"@type":"ListItem","position":2,"name":"Press"}]},{"@type":"WebSite","@id":"https:\/\/www.welovecycling.com\/sk\/#website","url":"https:\/\/www.welovecycling.com\/sk\/","name":"\u0160koda We Love Cycling Slovensko","description":"\u0160koda We Love Cycling Slovensko je v\u00e1\u0161 ka\u017edodenn\u00fd zdroj noviniek a in\u0161pir\u00e1cie z sveta cyklistiky","potentialAction":[{"@type":"SearchAction","target":{"@type":"EntryPoint","urlTemplate":"https:\/\/www.welovecycling.com\/sk\/?s={search_term_string}"},"query-input":{"@type":"PropertyValueSpecification","valueRequired":true,"valueName":"search_term_string"}}],"inLanguage":"sk-SK"}]}},"_links":{"self":[{"href":"https:\/\/www.welovecycling.com\/sk\/wp-json\/wp\/v2\/pages\/372","targetHints":{"allow":["GET"]}}],"collection":[{"href":"https:\/\/www.welovecycling.com\/sk\/wp-json\/wp\/v2\/pages"}],"about":[{"href":"https:\/\/www.welovecycling.com\/sk\/wp-json\/wp\/v2\/types\/page"}],"author":[{"embeddable":true,"href":"https:\/\/www.welovecycling.com\/sk\/wp-json\/wp\/v2\/users\/39"}],"replies":[{"embeddable":true,"href":"https:\/\/www.welovecycling.com\/sk\/wp-json\/wp\/v2\/comments?post=372"}],"version-history":[{"count":2,"href":"https:\/\/www.welovecycling.com\/sk\/wp-json\/wp\/v2\/pages\/372\/revisions"}],"predecessor-version":[{"id":430,"href":"https:\/\/www.welovecycling.com\/sk\/wp-json\/wp\/v2\/pages\/372\/revisions\/430"}],"wp:attachment":[{"href":"https:\/\/www.welovecycling.com\/sk\/wp-json\/wp\/v2\/media?parent=372"}],"wp:term":[{"taxonomy":"post_tag","embeddable":true,"href":"https:\/\/www.welovecycling.com\/sk\/wp-json\/wp\/v2\/tags?post=372"}],"curies":[{"name":"wp","href":"https:\/\/api.w.org\/{rel}","templated":true}]}}