{"id":350,"date":"2017-04-21T12:49:36","date_gmt":"2017-04-21T10:49:36","guid":{"rendered":"https:\/\/www.welovecycling.com\/sk\/?page_id=350"},"modified":"2018-05-03T14:09:42","modified_gmt":"2018-05-03T12:09:42","slug":"pravidla","status":"publish","type":"page","link":"https:\/\/www.welovecycling.com\/sk\/pravidla\/","title":{"rendered":"Pravidl\u00e1"},"content":{"rendered":"<style>\n    .dgt-formula {<br \/>\n        margin-top: 1rem;<br \/>\n        margin-bottom: 1rem;<br \/>\n        font-size: 3rem;<br \/>\n        color: #000000;<br \/>\n        line-height:1;<br \/>\n    }<br \/>\n    .dgt-headline {<br \/>\n        margin-bottom: 1rem !important;<br \/>\n        margin-top: 3rem;<br \/>\n        font-size: 2rem;<br \/>\n    }<br \/>\n    .dgt-headline:before {<br \/>\n        margin-bottom: 0.7rem;<br \/>\n        content: \"\";<br \/>\n        display: block;<br \/>\n        width: 100%;<br \/>\n        height: 0.3rem;<br \/>\n        background-image: url(\"data:image\/svg+xml;charset=utf8,%3Csvg version='1.1' xmlns='http:\/\/www.w3.org\/2000\/svg' xmlns:xlink='http:\/\/www.w3.org\/1999\/xlink' viewBox='0 0 6 5' xml:space='preserve'%3E%3Cpolygon fill='%23888888' points='5,1 1,5 0,4 4,0 '\/%3E%3C\/svg%3E\");<br \/>\n        background-repeat: repeat-x;<br \/>\n        background-position-x: 0.3rem;<br \/>\n    }<br \/>\n    .dgt-list li {<br \/>\n        font-size: 18px !important;<br \/>\n        margin-left: 1.3rem;<br \/>\n    }<br \/>\n<\/style>\n<h3 class=\"dgt-headline\">Bodovanie<\/h3>\n<p>Syst\u00e9m bodovania je ve\u013emi jednoduch\u00fd. \u00da\u010dastn\u00edci \u0160koda BIKE OPEN TOUR s\u00e9rie sa boduj\u00fa na zaklade absol\u00fatneho poradia z jednotliv\u00fdch pretekov. A\u017e n\u00e1sledne sa pretekari zoradia podla 11 finalnych kateg\u00f3rii. Za bodovanie s\u00fa zodpovedn\u00ed \u010dasomera\u010di z VOS-TPK.<\/p>\n<h3 style=\"margin-bottom: 10px;\"><span style=\"color: #4ba82e;\">Vzorec pre v\u00fdpo\u010det bodov<\/span><\/h3>\n<div class=\"dgt-formula\">Bn = YYY x (3 \u2013 Tn\/T1) \/ 2<\/div>\n<h3 style=\"margin-bottom: 10px;\"><span style=\"color: #4ba82e;\">\u010co znamenaj\u00fa premenn\u00e9<\/span><\/h3>\n<p><strong>YYY<\/strong>&#8230; koeficient pre trasu marat\u00f3nu<br \/>\n<strong>Bn<\/strong> &#8230; body n-t\u00e9ho,<br \/>\n<strong>Tn<\/strong> &#8230; \u010das n-t\u00e9ho,<br \/>\n<strong>T1<\/strong> &#8230; \u010das v\u00ed\u0165aza.<\/p>\n<p>V celkovom rebr\u00ed\u010dku sa nepozer\u00e1 na to, ktor\u00fa tra\u0165 kto absolvoval. Spravodliv\u00e9 vyhodnotenie zabezpe\u010d\u00ed koeficient obtia\u017enosti trasy marat\u00f3nu.<\/p>\n<h3 style=\"margin-bottom: 10px;\"><span style=\"color: #4ba82e;\">Pr\u00edklady koeficientov obtia\u017enosti tr\u00e1s<\/span><\/h3>\n<p><strong>Extra dlh\u00e1 tra\u0165<\/strong>\u00a0\u00a0\u2013 1600 bodov<br \/>\n<strong>Dlh\u00e1 tra\u0165<\/strong>\u00a0&#8230;&#8230;&#8230;.\u00a0\u2013 1300 bodov<br \/>\n<strong>Stredn\u00e1 tra\u0165<\/strong>\u00a0&#8230;.. \u2013 1000 bodov<br \/>\n<strong>Kr\u00e1tka tra\u0165<\/strong>&#8230;&#8230;&#8230;\u00a0\u2013\u00a0700 bodov<\/p>\n<h3 class=\"dgt-headline\">Zoznam 11 kateg\u00f3rii \u0160koda BIKE OPEN TOUR<\/h3>\n<ul class=\"dgt-list\">\n<li>Kadeti 15-16 r.<\/li>\n<li>Juniori 17-18 r.<\/li>\n<li>Mu\u017ei do 39 r.<\/li>\n<li>Mu\u017ei 40-49 r.<\/li>\n<li>Mu\u017ei 50-59 r.<\/li>\n<li>Mu\u017ei 60 r. a viac<\/li>\n<li>Kadetky 15-16 r.<\/li>\n<li>Juniorky 17-18 r.<\/li>\n<li>\u017deny 19-39 r.<\/li>\n<li>\u017deny 40-49 r.<\/li>\n<li>\u017deny 50 r. a viac.<\/li>\n<\/ul>\n<h3 class=\"dgt-headline\">Ceny pre v\u00ed\u0165azov a tombola<\/h3>\n<p>\u0160koda zabezpe\u010dila pre v\u00ed\u0165azov v\u0161etk\u00fdch marat\u00f3nov v \u0160koda BIKE OPENTOUR s\u00e9rii\u00a0vo v\u0161etk\u00fdch kateg\u00f3ri\u00e1ch \u0161portov\u00e9 ceny zna\u010dky \u0160koda. \u00da\u010dastn\u00edci, ktor\u00ed \u00faspe\u0161ne absolvuj\u00fa jednotliv\u00e9 marat\u00f3ny v \u0160koda BIKE OPEN TOUR s\u00e9rii, sa m\u00f4\u017eu z\u00fa\u010dastni\u0165 jednotliv\u00fdch tombol o celkovo 9 \u0160koda bajkov.<\/p>\n<p><strong>Podmienkou pre zaradenie do fin\u00e1lnej tomboly je \u00faspe\u0161n\u00e9 absolvovanie minim\u00e1lne 4-och pretekov z celej \u0160koda BIKE OPEN TOUR s\u00e9rie.\u00a0Do celkov\u00e9ho bodovania sa ka\u017ed\u00e9mu \u00fa\u010dastn\u00edkovi zapo\u010d\u00edtavaj\u00fa 4 najlep\u0161ie v\u00fdsledky z absolvovan\u00fdch pretekov z celej \u0160koda BIKE OPEN TOUR s\u00e9rie. V\u00fdsledn\u00e9 bodovanie s\u00e9rie ur\u010d\u00ed celkovo 33 v\u00ed\u0165azov v 11 kateg\u00f3riach na prv\u00fdch, druh\u00fdch a tret\u00edch miestach.<\/strong><\/p>\n<p>V\u00fdhercov celkovo 9 \u0160koda bajkov ur\u010dia jednotliv\u00e9 tomboly tak, aby mal \u0161ancu na v\u00fdhru ka\u017ed\u00fd hobby bajker. Syst\u00e9m\u00a0\u017erebovania zastre\u0161uj\u00fa \u010dasomera\u010di z VOS-TPK, ktor\u00ed pre \u00fa\u010del tomb\u00f4l pou\u017eij\u00fa \u017erebovac\u00ed softv\u00e9r.<\/p>\n<p>V\u0161etky preteky v \u0160koda BIKE OPEN TOUR s\u00e9rii spravodlivo a objekt\u00edvne vyhodnocuje \u010dasomiera VOS-TPK. T\u00e1to spolo\u010dnos\u0165 m\u00e1 dlhoro\u010dn\u00e9 sk\u00fasenosti s meran\u00edm a vyhodnocovan\u00edm pretekov v r\u00f4znych \u0161portov\u00fdch odvetviach.<\/p>\n","protected":false},"excerpt":{"rendered":"<p>Bodovanie Syst\u00e9m bodovania je ve\u013emi jednoduch\u00fd. \u00da\u010dastn\u00edci \u0160koda BIKE OPEN TOUR s\u00e9rie sa boduj\u00fa na zaklade absol\u00fatneho poradia z jednotliv\u00fdch [&hellip;]<\/p>\n","protected":false},"author":39,"featured_media":0,"parent":0,"menu_order":0,"comment_status":"closed","ping_status":"closed","template":"","meta":{"footnotes":""},"tags":[],"class_list":["post-350","page","type-page","status-publish","hentry"],"yoast_head":"<!-- This site is optimized with the Yoast SEO Premium plugin v25.3 (Yoast SEO v25.9) - https:\/\/yoast.com\/wordpress\/plugins\/seo\/ -->\n<title>Pravidl\u00e1 - \u0160koda We Love Cycling Slovensko<\/title>\n<meta name=\"robots\" content=\"index, follow, max-snippet:-1, max-image-preview:large, max-video-preview:-1\" \/>\n<link rel=\"canonical\" href=\"https:\/\/www.welovecycling.com\/sk\/pravidla\/\" \/>\n<meta property=\"og:locale\" content=\"sk_SK\" \/>\n<meta property=\"og:type\" content=\"article\" \/>\n<meta property=\"og:title\" content=\"Pravidl\u00e1\" \/>\n<meta property=\"og:description\" content=\"Bodovanie Syst\u00e9m bodovania je ve\u013emi jednoduch\u00fd. \u00da\u010dastn\u00edci \u0160koda BIKE OPEN TOUR s\u00e9rie sa boduj\u00fa na zaklade absol\u00fatneho poradia z jednotliv\u00fdch [&hellip;]\" \/>\n<meta property=\"og:url\" content=\"https:\/\/www.welovecycling.com\/sk\/pravidla\/\" \/>\n<meta property=\"og:site_name\" content=\"\u0160koda We Love Cycling Slovensko\" \/>\n<meta property=\"article:modified_time\" content=\"2018-05-03T12:09:42+00:00\" \/>\n<meta name=\"twitter:card\" content=\"summary_large_image\" \/>\n<meta name=\"twitter:label1\" content=\"Est. reading time\" \/>\n\t<meta name=\"twitter:data1\" content=\"2 minutes\" \/>\n<script type=\"application\/ld+json\" class=\"yoast-schema-graph\">{\"@context\":\"https:\/\/schema.org\",\"@graph\":[{\"@type\":\"WebPage\",\"@id\":\"https:\/\/www.welovecycling.com\/sk\/pravidla\/\",\"url\":\"https:\/\/www.welovecycling.com\/sk\/pravidla\/\",\"name\":\"Pravidl\u00e1 - \u0160koda We Love Cycling Slovensko\",\"isPartOf\":{\"@id\":\"https:\/\/www.welovecycling.com\/sk\/#website\"},\"datePublished\":\"2017-04-21T10:49:36+00:00\",\"dateModified\":\"2018-05-03T12:09:42+00:00\",\"breadcrumb\":{\"@id\":\"https:\/\/www.welovecycling.com\/sk\/pravidla\/#breadcrumb\"},\"inLanguage\":\"sk-SK\",\"potentialAction\":[{\"@type\":\"ReadAction\",\"target\":[\"https:\/\/www.welovecycling.com\/sk\/pravidla\/\"]}]},{\"@type\":\"BreadcrumbList\",\"@id\":\"https:\/\/www.welovecycling.com\/sk\/pravidla\/#breadcrumb\",\"itemListElement\":[{\"@type\":\"ListItem\",\"position\":1,\"name\":\"Home\",\"item\":\"https:\/\/www.welovecycling.com\/sk\/\"},{\"@type\":\"ListItem\",\"position\":2,\"name\":\"Pravidl\u00e1\"}]},{\"@type\":\"WebSite\",\"@id\":\"https:\/\/www.welovecycling.com\/sk\/#website\",\"url\":\"https:\/\/www.welovecycling.com\/sk\/\",\"name\":\"\u0160koda We Love Cycling Slovensko\",\"description\":\"\u0160koda We Love Cycling Slovensko je v\u00e1\u0161 ka\u017edodenn\u00fd zdroj noviniek a in\u0161pir\u00e1cie z sveta cyklistiky\",\"potentialAction\":[{\"@type\":\"SearchAction\",\"target\":{\"@type\":\"EntryPoint\",\"urlTemplate\":\"https:\/\/www.welovecycling.com\/sk\/?s={search_term_string}\"},\"query-input\":{\"@type\":\"PropertyValueSpecification\",\"valueRequired\":true,\"valueName\":\"search_term_string\"}}],\"inLanguage\":\"sk-SK\"}]}<\/script>\n<!-- \/ Yoast SEO Premium plugin. -->","yoast_head_json":{"title":"Pravidl\u00e1 - \u0160koda We Love Cycling Slovensko","robots":{"index":"index","follow":"follow","max-snippet":"max-snippet:-1","max-image-preview":"max-image-preview:large","max-video-preview":"max-video-preview:-1"},"canonical":"https:\/\/www.welovecycling.com\/sk\/pravidla\/","og_locale":"sk_SK","og_type":"article","og_title":"Pravidl\u00e1","og_description":"Bodovanie Syst\u00e9m bodovania je ve\u013emi jednoduch\u00fd. \u00da\u010dastn\u00edci \u0160koda BIKE OPEN TOUR s\u00e9rie sa boduj\u00fa na zaklade absol\u00fatneho poradia z jednotliv\u00fdch [&hellip;]","og_url":"https:\/\/www.welovecycling.com\/sk\/pravidla\/","og_site_name":"\u0160koda We Love Cycling Slovensko","article_modified_time":"2018-05-03T12:09:42+00:00","twitter_card":"summary_large_image","twitter_misc":{"Est. reading time":"2 minutes"},"schema":{"@context":"https:\/\/schema.org","@graph":[{"@type":"WebPage","@id":"https:\/\/www.welovecycling.com\/sk\/pravidla\/","url":"https:\/\/www.welovecycling.com\/sk\/pravidla\/","name":"Pravidl\u00e1 - \u0160koda We Love Cycling Slovensko","isPartOf":{"@id":"https:\/\/www.welovecycling.com\/sk\/#website"},"datePublished":"2017-04-21T10:49:36+00:00","dateModified":"2018-05-03T12:09:42+00:00","breadcrumb":{"@id":"https:\/\/www.welovecycling.com\/sk\/pravidla\/#breadcrumb"},"inLanguage":"sk-SK","potentialAction":[{"@type":"ReadAction","target":["https:\/\/www.welovecycling.com\/sk\/pravidla\/"]}]},{"@type":"BreadcrumbList","@id":"https:\/\/www.welovecycling.com\/sk\/pravidla\/#breadcrumb","itemListElement":[{"@type":"ListItem","position":1,"name":"Home","item":"https:\/\/www.welovecycling.com\/sk\/"},{"@type":"ListItem","position":2,"name":"Pravidl\u00e1"}]},{"@type":"WebSite","@id":"https:\/\/www.welovecycling.com\/sk\/#website","url":"https:\/\/www.welovecycling.com\/sk\/","name":"\u0160koda We Love Cycling Slovensko","description":"\u0160koda We Love Cycling Slovensko je v\u00e1\u0161 ka\u017edodenn\u00fd zdroj noviniek a in\u0161pir\u00e1cie z sveta cyklistiky","potentialAction":[{"@type":"SearchAction","target":{"@type":"EntryPoint","urlTemplate":"https:\/\/www.welovecycling.com\/sk\/?s={search_term_string}"},"query-input":{"@type":"PropertyValueSpecification","valueRequired":true,"valueName":"search_term_string"}}],"inLanguage":"sk-SK"}]}},"_links":{"self":[{"href":"https:\/\/www.welovecycling.com\/sk\/wp-json\/wp\/v2\/pages\/350","targetHints":{"allow":["GET"]}}],"collection":[{"href":"https:\/\/www.welovecycling.com\/sk\/wp-json\/wp\/v2\/pages"}],"about":[{"href":"https:\/\/www.welovecycling.com\/sk\/wp-json\/wp\/v2\/types\/page"}],"author":[{"embeddable":true,"href":"https:\/\/www.welovecycling.com\/sk\/wp-json\/wp\/v2\/users\/39"}],"replies":[{"embeddable":true,"href":"https:\/\/www.welovecycling.com\/sk\/wp-json\/wp\/v2\/comments?post=350"}],"version-history":[{"count":2,"href":"https:\/\/www.welovecycling.com\/sk\/wp-json\/wp\/v2\/pages\/350\/revisions"}],"predecessor-version":[{"id":3530,"href":"https:\/\/www.welovecycling.com\/sk\/wp-json\/wp\/v2\/pages\/350\/revisions\/3530"}],"wp:attachment":[{"href":"https:\/\/www.welovecycling.com\/sk\/wp-json\/wp\/v2\/media?parent=350"}],"wp:term":[{"taxonomy":"post_tag","embeddable":true,"href":"https:\/\/www.welovecycling.com\/sk\/wp-json\/wp\/v2\/tags?post=350"}],"curies":[{"name":"wp","href":"https:\/\/api.w.org\/{rel}","templated":true}]}}