{"id":340,"date":"2017-04-21T12:40:11","date_gmt":"2017-04-21T10:40:11","guid":{"rendered":"https:\/\/www.welovecycling.com\/sk\/?page_id=340"},"modified":"2017-08-24T17:18:32","modified_gmt":"2017-08-24T15:18:32","slug":"ceny","status":"publish","type":"page","link":"https:\/\/www.welovecycling.com\/sk\/ceny\/","title":{"rendered":"Ceny"},"content":{"rendered":"<style>\n    .dgt-year-margin {<br \/>        margin-top: 3rem;<br \/>    }<br \/>    .dgt-year {<br \/>        padding: 0.1rem 0.1rem;<br \/>        font-size: 3rem;<br \/>        color: #000000;<br \/>        line-height:1;<br \/>    }<br \/>    .dgt-gallery {<br \/>        display: block;<br \/>        border-bottom: 1px solid #e8e9e9;<br \/>        margin-bottom: 0.5rem;<br \/>    }<br \/>    .dgt-event {<br \/>        margin-bottom: 1rem !important;<br \/>        margin-top: 3rem;<br \/>        font-size: 2rem;<br \/>    }<br \/>    .dgt-event:before {<br \/>        margin-bottom: 0.7rem;<br \/>        content: \"\";<br \/>        display: block;<br \/>        width: 100%;<br \/>        height: 0.3rem;<br \/>        background-image: url(\"data:image\/svg+xml;charset=utf8,%3Csvg version='1.1' xmlns='http:\/\/www.w3.org\/2000\/svg' xmlns:xlink='http:\/\/www.w3.org\/1999\/xlink' viewBox='0 0 6 5' xml:space='preserve'%3E%3Cpolygon fill='%23888888' points='5,1 1,5 0,4 4,0 '\/%3E%3C\/svg%3E\");<br \/>        background-repeat: repeat-x;<br \/>        background-position-x: 0.3rem;<br \/>    }<br \/><\/style>\n<p><img loading=\"lazy\" decoding=\"async\" class=\"alignnone wp-image-2085 size-full\" src=\"https:\/\/d2p6e6u75xmxt8.cloudfront.net\/4\/2017\/04\/ceny_01-1.jpg\" alt=\"\" width=\"1200\" height=\"673\" \/> <img loading=\"lazy\" decoding=\"async\" class=\"alignnone size-full wp-image-2079\" src=\"https:\/\/d2p6e6u75xmxt8.cloudfront.net\/4\/2017\/04\/ceny_02.jpg\" alt=\"\" width=\"1200\" height=\"2335\" \/> <img loading=\"lazy\" decoding=\"async\" class=\"alignnone size-full wp-image-2080\" src=\"https:\/\/d2p6e6u75xmxt8.cloudfront.net\/4\/2017\/04\/ceny_03.jpg\" alt=\"\" width=\"1200\" height=\"1508\" \/> <img loading=\"lazy\" decoding=\"async\" class=\"alignnone size-full wp-image-2081\" src=\"https:\/\/d2p6e6u75xmxt8.cloudfront.net\/4\/2017\/04\/ceny_04.jpg\" alt=\"\" width=\"1200\" height=\"757\" \/><\/p>\n<h2 class=\"dgt-event\">Ceny pre v\u00ed\u0165azov a tombola<\/h2>\n<p>\u0160koda zabezpe\u010dila pre v\u00ed\u0165azov v\u0161etk\u00fdch marat\u00f3nov v \u0160koda BIKE OPEN TOUR s\u00e9rii\u00a0vo v\u0161etk\u00fdch kateg\u00f3ri\u00e1ch \u0161portov\u00e9 ceny zna\u010dky \u0160koda. \u00da\u010dastn\u00edci, ktor\u00ed \u00faspe\u0161ne absolvuj\u00fa jednotliv\u00e9 marat\u00f3ny v \u0160koda BIKE OPEN TOUR s\u00e9rii, sa m\u00f4\u017eu z\u00fa\u010dastni\u0165 jednotliv\u00fdch tomb\u00f4l o celkovo 9 \u0160koda bajkov.<\/p>\n<p><strong>Podmienkou pre zaradenie do fin\u00e1lnej tomboly o 6 \u0160koda bajkov\u00a0je \u00faspe\u0161n\u00e9 absolvovanie minim\u00e1lne 4-och pretekov z celej \u0160koda BIKE OPEN TOUR s\u00e9rie.\u00a0Do celkov\u00e9ho bodovania sa ka\u017ed\u00e9mu \u00fa\u010dastn\u00edkovi zapo\u010d\u00edtavaj\u00fa 4 najlep\u0161ie v\u00fdsledky z absolvovan\u00fdch pretekov z celej \u0160koda BIKE OPEN TOUR s\u00e9rie. V\u00fdsledn\u00e9 bodovanie s\u00e9rie ur\u010d\u00ed celkovo 33 v\u00ed\u0165azov v 11 kateg\u00f3riach na prv\u00fdch, druh\u00fdch a tret\u00edch miestach.<\/strong><\/p>\n<p>V\u00fdhercov celkovo 15 \u0160koda bajkov ur\u010dia jednotliv\u00e9 tomboly tak, aby mal \u0161ancu na v\u00fdhru ka\u017ed\u00fd hobby bajker. \u017drebovanie zastre\u0161uj\u00fa \u010dasomera\u010di z VOS-TPK, ktor\u00ed pre \u00fa\u010del tomb\u00f4l pou\u017eij\u00fa \u017erebovac\u00ed softv\u00e9r.<\/p>\n<p>V\u0161etky preteky v \u0160koda BIKE OPEN TOUR s\u00e9rii spravodlivo a objekt\u00edvne vyhodnocuje \u010dasomiera VOS-TPK. T\u00e1to spolo\u010dnos\u0165 m\u00e1 dlhoro\u010dn\u00e9 sk\u00fasenosti s meran\u00edm a vyhodnocovan\u00edm pretekov v r\u00f4znych \u0161portov\u00fdch odvetviach.<\/p>\n","protected":false},"excerpt":{"rendered":"<p>Ceny pre v\u00ed\u0165azov a tombola \u0160koda zabezpe\u010dila pre v\u00ed\u0165azov v\u0161etk\u00fdch marat\u00f3nov v \u0160koda BIKE OPEN TOUR s\u00e9rii\u00a0vo v\u0161etk\u00fdch kateg\u00f3ri\u00e1ch \u0161portov\u00e9 [&hellip;]<\/p>\n","protected":false},"author":39,"featured_media":0,"parent":0,"menu_order":0,"comment_status":"closed","ping_status":"closed","template":"templates\/template-empty-page-headline.php","meta":{"footnotes":""},"tags":[],"class_list":["post-340","page","type-page","status-publish","hentry"],"yoast_head":"<!-- This site is optimized with the Yoast SEO Premium plugin v25.3 (Yoast SEO v25.9) - https:\/\/yoast.com\/wordpress\/plugins\/seo\/ -->\n<title>Ceny - \u0160koda We Love Cycling Slovensko<\/title>\n<meta name=\"robots\" content=\"index, follow, max-snippet:-1, max-image-preview:large, max-video-preview:-1\" \/>\n<link rel=\"canonical\" href=\"https:\/\/www.welovecycling.com\/sk\/ceny\/\" \/>\n<meta property=\"og:locale\" content=\"sk_SK\" \/>\n<meta property=\"og:type\" content=\"article\" \/>\n<meta property=\"og:title\" content=\"Ceny\" \/>\n<meta property=\"og:description\" content=\"Ceny pre v\u00ed\u0165azov a tombola \u0160koda zabezpe\u010dila pre v\u00ed\u0165azov v\u0161etk\u00fdch marat\u00f3nov v \u0160koda BIKE OPEN TOUR s\u00e9rii\u00a0vo v\u0161etk\u00fdch kateg\u00f3ri\u00e1ch \u0161portov\u00e9 [&hellip;]\" \/>\n<meta property=\"og:url\" content=\"https:\/\/www.welovecycling.com\/sk\/ceny\/\" \/>\n<meta property=\"og:site_name\" content=\"\u0160koda We Love Cycling Slovensko\" \/>\n<meta property=\"article:modified_time\" content=\"2017-08-24T15:18:32+00:00\" \/>\n<meta property=\"og:image\" content=\"https:\/\/d2p6e6u75xmxt8.cloudfront.net\/4\/2017\/04\/ceny_01-1.jpg\" \/>\n<meta name=\"twitter:card\" content=\"summary_large_image\" \/>\n<meta name=\"twitter:label1\" content=\"Est. reading time\" \/>\n\t<meta name=\"twitter:data1\" content=\"1 minute\" \/>\n<script type=\"application\/ld+json\" class=\"yoast-schema-graph\">{\"@context\":\"https:\/\/schema.org\",\"@graph\":[{\"@type\":\"WebPage\",\"@id\":\"https:\/\/www.welovecycling.com\/sk\/ceny\/\",\"url\":\"https:\/\/www.welovecycling.com\/sk\/ceny\/\",\"name\":\"Ceny - \u0160koda We Love Cycling Slovensko\",\"isPartOf\":{\"@id\":\"https:\/\/www.welovecycling.com\/sk\/#website\"},\"primaryImageOfPage\":{\"@id\":\"https:\/\/www.welovecycling.com\/sk\/ceny\/#primaryimage\"},\"image\":{\"@id\":\"https:\/\/www.welovecycling.com\/sk\/ceny\/#primaryimage\"},\"thumbnailUrl\":\"https:\/\/d2p6e6u75xmxt8.cloudfront.net\/4\/2017\/04\/ceny_01-1.jpg\",\"datePublished\":\"2017-04-21T10:40:11+00:00\",\"dateModified\":\"2017-08-24T15:18:32+00:00\",\"breadcrumb\":{\"@id\":\"https:\/\/www.welovecycling.com\/sk\/ceny\/#breadcrumb\"},\"inLanguage\":\"sk-SK\",\"potentialAction\":[{\"@type\":\"ReadAction\",\"target\":[\"https:\/\/www.welovecycling.com\/sk\/ceny\/\"]}]},{\"@type\":\"ImageObject\",\"inLanguage\":\"sk-SK\",\"@id\":\"https:\/\/www.welovecycling.com\/sk\/ceny\/#primaryimage\",\"url\":\"https:\/\/d2p6e6u75xmxt8.cloudfront.net\/4\/2017\/04\/ceny_01-1.jpg\",\"contentUrl\":\"https:\/\/d2p6e6u75xmxt8.cloudfront.net\/4\/2017\/04\/ceny_01-1.jpg\"},{\"@type\":\"BreadcrumbList\",\"@id\":\"https:\/\/www.welovecycling.com\/sk\/ceny\/#breadcrumb\",\"itemListElement\":[{\"@type\":\"ListItem\",\"position\":1,\"name\":\"Home\",\"item\":\"https:\/\/www.welovecycling.com\/sk\/\"},{\"@type\":\"ListItem\",\"position\":2,\"name\":\"Ceny\"}]},{\"@type\":\"WebSite\",\"@id\":\"https:\/\/www.welovecycling.com\/sk\/#website\",\"url\":\"https:\/\/www.welovecycling.com\/sk\/\",\"name\":\"\u0160koda We Love Cycling Slovensko\",\"description\":\"\u0160koda We Love Cycling Slovensko je v\u00e1\u0161 ka\u017edodenn\u00fd zdroj noviniek a in\u0161pir\u00e1cie z sveta cyklistiky\",\"potentialAction\":[{\"@type\":\"SearchAction\",\"target\":{\"@type\":\"EntryPoint\",\"urlTemplate\":\"https:\/\/www.welovecycling.com\/sk\/?s={search_term_string}\"},\"query-input\":{\"@type\":\"PropertyValueSpecification\",\"valueRequired\":true,\"valueName\":\"search_term_string\"}}],\"inLanguage\":\"sk-SK\"}]}<\/script>\n<!-- \/ Yoast SEO Premium plugin. -->","yoast_head_json":{"title":"Ceny - \u0160koda We Love Cycling Slovensko","robots":{"index":"index","follow":"follow","max-snippet":"max-snippet:-1","max-image-preview":"max-image-preview:large","max-video-preview":"max-video-preview:-1"},"canonical":"https:\/\/www.welovecycling.com\/sk\/ceny\/","og_locale":"sk_SK","og_type":"article","og_title":"Ceny","og_description":"Ceny pre v\u00ed\u0165azov a tombola \u0160koda zabezpe\u010dila pre v\u00ed\u0165azov v\u0161etk\u00fdch marat\u00f3nov v \u0160koda BIKE OPEN TOUR s\u00e9rii\u00a0vo v\u0161etk\u00fdch kateg\u00f3ri\u00e1ch \u0161portov\u00e9 [&hellip;]","og_url":"https:\/\/www.welovecycling.com\/sk\/ceny\/","og_site_name":"\u0160koda We Love Cycling Slovensko","article_modified_time":"2017-08-24T15:18:32+00:00","og_image":[{"url":"https:\/\/d2p6e6u75xmxt8.cloudfront.net\/4\/2017\/04\/ceny_01-1.jpg","type":"","width":"","height":""}],"twitter_card":"summary_large_image","twitter_misc":{"Est. reading time":"1 minute"},"schema":{"@context":"https:\/\/schema.org","@graph":[{"@type":"WebPage","@id":"https:\/\/www.welovecycling.com\/sk\/ceny\/","url":"https:\/\/www.welovecycling.com\/sk\/ceny\/","name":"Ceny - \u0160koda We Love Cycling Slovensko","isPartOf":{"@id":"https:\/\/www.welovecycling.com\/sk\/#website"},"primaryImageOfPage":{"@id":"https:\/\/www.welovecycling.com\/sk\/ceny\/#primaryimage"},"image":{"@id":"https:\/\/www.welovecycling.com\/sk\/ceny\/#primaryimage"},"thumbnailUrl":"https:\/\/d2p6e6u75xmxt8.cloudfront.net\/4\/2017\/04\/ceny_01-1.jpg","datePublished":"2017-04-21T10:40:11+00:00","dateModified":"2017-08-24T15:18:32+00:00","breadcrumb":{"@id":"https:\/\/www.welovecycling.com\/sk\/ceny\/#breadcrumb"},"inLanguage":"sk-SK","potentialAction":[{"@type":"ReadAction","target":["https:\/\/www.welovecycling.com\/sk\/ceny\/"]}]},{"@type":"ImageObject","inLanguage":"sk-SK","@id":"https:\/\/www.welovecycling.com\/sk\/ceny\/#primaryimage","url":"https:\/\/d2p6e6u75xmxt8.cloudfront.net\/4\/2017\/04\/ceny_01-1.jpg","contentUrl":"https:\/\/d2p6e6u75xmxt8.cloudfront.net\/4\/2017\/04\/ceny_01-1.jpg"},{"@type":"BreadcrumbList","@id":"https:\/\/www.welovecycling.com\/sk\/ceny\/#breadcrumb","itemListElement":[{"@type":"ListItem","position":1,"name":"Home","item":"https:\/\/www.welovecycling.com\/sk\/"},{"@type":"ListItem","position":2,"name":"Ceny"}]},{"@type":"WebSite","@id":"https:\/\/www.welovecycling.com\/sk\/#website","url":"https:\/\/www.welovecycling.com\/sk\/","name":"\u0160koda We Love Cycling Slovensko","description":"\u0160koda We Love Cycling Slovensko je v\u00e1\u0161 ka\u017edodenn\u00fd zdroj noviniek a in\u0161pir\u00e1cie z sveta cyklistiky","potentialAction":[{"@type":"SearchAction","target":{"@type":"EntryPoint","urlTemplate":"https:\/\/www.welovecycling.com\/sk\/?s={search_term_string}"},"query-input":{"@type":"PropertyValueSpecification","valueRequired":true,"valueName":"search_term_string"}}],"inLanguage":"sk-SK"}]}},"_links":{"self":[{"href":"https:\/\/www.welovecycling.com\/sk\/wp-json\/wp\/v2\/pages\/340","targetHints":{"allow":["GET"]}}],"collection":[{"href":"https:\/\/www.welovecycling.com\/sk\/wp-json\/wp\/v2\/pages"}],"about":[{"href":"https:\/\/www.welovecycling.com\/sk\/wp-json\/wp\/v2\/types\/page"}],"author":[{"embeddable":true,"href":"https:\/\/www.welovecycling.com\/sk\/wp-json\/wp\/v2\/users\/39"}],"replies":[{"embeddable":true,"href":"https:\/\/www.welovecycling.com\/sk\/wp-json\/wp\/v2\/comments?post=340"}],"version-history":[{"count":2,"href":"https:\/\/www.welovecycling.com\/sk\/wp-json\/wp\/v2\/pages\/340\/revisions"}],"predecessor-version":[{"id":2077,"href":"https:\/\/www.welovecycling.com\/sk\/wp-json\/wp\/v2\/pages\/340\/revisions\/2077"}],"wp:attachment":[{"href":"https:\/\/www.welovecycling.com\/sk\/wp-json\/wp\/v2\/media?parent=340"}],"wp:term":[{"taxonomy":"post_tag","embeddable":true,"href":"https:\/\/www.welovecycling.com\/sk\/wp-json\/wp\/v2\/tags?post=340"}],"curies":[{"name":"wp","href":"https:\/\/api.w.org\/{rel}","templated":true}]}}