{"id":326,"date":"2017-04-21T11:09:56","date_gmt":"2017-04-21T09:09:56","guid":{"rendered":"https:\/\/www.welovecycling.com\/sk\/?page_id=326"},"modified":"2017-05-16T16:39:07","modified_gmt":"2017-05-16T14:39:07","slug":"o-serii","status":"publish","type":"page","link":"https:\/\/www.welovecycling.com\/sk\/o-serii\/","title":{"rendered":"O\u00a0s\u00e9rii"},"content":{"rendered":"<style>\n    .dgt-year-margin {<br \/>\n        margin-top: 3rem;<br \/>\n    }<br \/>\n    .dgt-year {<br \/>\n        padding: 0.1rem 0.1rem;<br \/>\n        font-size: 3rem;<br \/>\n        color: #000000;<br \/>\n        line-height:1;<br \/>\n    }<br \/>\n    .dgt-gallery {<br \/>\n        display: block;<br \/>\n        border-bottom: 1px solid #e8e9e9;<br \/>\n        margin-bottom: 0.5rem;<br \/>\n    }<br \/>\n    .dgt-event {<br \/>\n        margin-bottom: 1rem !important;<br \/>\n        margin-top: 3rem;<br \/>\n        font-size: 2rem;<br \/>\n    }<br \/>\n    .dgt-event:before {<br \/>\n        margin-bottom: 0.7rem;<br \/>\n        content: \"\";<br \/>\n        display: block;<br \/>\n        width: 100%;<br \/>\n        height: 0.3rem;<br \/>\n        background-image: url(\"data:image\/svg+xml;charset=utf8,%3Csvg version='1.1' xmlns='http:\/\/www.w3.org\/2000\/svg' xmlns:xlink='http:\/\/www.w3.org\/1999\/xlink' viewBox='0 0 6 5' xml:space='preserve'%3E%3Cpolygon fill='%23888888' points='5,1 1,5 0,4 4,0 '\/%3E%3C\/svg%3E\");<br \/>\n        background-repeat: repeat-x;<br \/>\n        background-position-x: 0.3rem;<br \/>\n    }<br \/>\n<\/style>\n<h3 class=\"dgt-event\"><a href=\"https:\/\/d2p6e6u75xmxt8.cloudfront.net\/4\/2017\/04\/sbot-wlc-banner.jpg\"><img loading=\"lazy\" decoding=\"async\" class=\"alignnone size-large wp-image-507\" src=\"https:\/\/d2p6e6u75xmxt8.cloudfront.net\/4\/2017\/04\/sbot-wlc-banner-1024x447.jpg\" alt=\"\" width=\"1024\" height=\"447\" \/><\/a><\/h3>\n<h3 class=\"dgt-event\">\u0160koda a cyklistika<\/h3>\n<p>Spojenie zna\u010dky \u0160koda s cyklistikou siaha hlboko do minulosti. Pr\u00e1ve v\u00fdrobou bicyklov sa sa toti\u017e v roku\u00a01895 za\u010dala p\u00edsa\u0165 \u00faspe\u0161n\u00e1 hist\u00f3ria mladoboleslavskej\u00a0automobilky. Pred \u0161trn\u00e1stimi rokmi sa \u0160koda stala\u00a0partnerom najpopul\u00e1rnej\u0161\u00edch cyklistick\u00fdch pretekov na\u00a0svete \u2013 Tour de France a Vuelta. Od roku 2014 je \u0160koda stabiln\u00fdm partnerom slovenskej cyklistiky. Akt\u00edvne podporuje\u00a0 najv\u00e4\u010d\u0161ie podujatie v cestnej cyklistike OKOLO SLOVENSKA a zastre\u0161uje\u00a0tie\u017e s\u00e9riu prest\u00ed\u017enych\u00a0horsk\u00fdch marat\u00f3nov pod n\u00e1zvom \u0160koda BIKE OPEN TOUR.<\/p>\n<p>&nbsp;<\/p>\n<h3 class=\"dgt-event\">\u0160koda BIKE OPEN TOUR 2017<\/h3>\n<p>Tour pozost\u00e1va zo \u0161iestich pretekov z \u00fazemia Slovenska v r\u00f4znych vekov\u00fdch a v\u00fdkonnostn\u00fdch\u00a0kateg\u00f3ri\u00e1ch. Z\u00fa\u010dastni\u0165 sa m\u00f4\u017eu v\u0161etci fan\u00fa\u0161ikovia\u00a0horskej cyklistiky, tak registrovan\u00ed cyklisti, ako aj cyklistick\u00ed nad\u0161enci\u00a0alebo deti. S\u00e9ria je v plnom pr\u00fade.<\/p>\n<p><i>Vezmite bicykel, rodinu aj kamar\u00e1tov a vyrazte na najbli\u017e\u0161ie preteky\u00a0\u0160koda BIKE OPEN TOUR. \u010ci budete s\u00fa\u0165a\u017ei\u0165 alebo povzbudzova\u0165,\u00a0 za\u017eijete jedine\u010dn\u00fa atmosf\u00e9ru pln\u00fa \u0161portu a z\u00e1bavy.<\/i><\/p>\n<p>&nbsp;<\/p>\n<h3 class=\"dgt-event\">Podujatia \u0160koda BIKE OPEN TOUR 2017<\/h3>\n<table>\n<tbody>\n<tr>\n<td style=\"padding: 10px; line-height: 2; text-align: right;\">29. 4. 2017<br \/>\n3. 6. 2017<br \/>\n24. 6. 2017<br \/>\n29. 7. 2017<br \/>\n12. 8. 2017<br \/>\n2. 9. 2017<\/td>\n<td style=\"padding: 10px; line-height: 2;\"><a href=\"https:\/\/www.welovecycling.com\/sk\/events\/2017-04-30-skoda_svatojursky_mtb_maraton\/\">\u0160koda Sv\u00e4tojursk\u00fd MTB marat\u00f3n<\/a><br \/>\n<a href=\"https:\/\/www.welovecycling.com\/sk\/events\/skoda-dohnany-puchov-trophy\/\">\u0160koda Doh\u0148any &#8211;\u00a0P\u00fachov Trophy<\/a><br \/>\n<a href=\"https:\/\/www.welovecycling.com\/sk\/events\/2017-06-25-author_skoda_bikemaraton_sulovske_skaly\/\">AUTHOR \u0160koda Bikemarat\u00f3n S\u00fa\u013eovsk\u00e9 skaly<\/a><br \/>\n<a href=\"https:\/\/www.welovecycling.com\/sk\/events\/2017-07-30-skoda_stupava_trophy\/\">\u0160koda STUPAVA TROPHY<\/a><br \/>\n<a href=\"https:\/\/www.welovecycling.com\/sk\/events\/2017-08-13-skoda_horal_mtb_maraton\/\">\u0160koda Horal MTB marat\u00f3n<\/a><br \/>\n<a href=\"https:\/\/www.welovecycling.com\/sk\/events\/2017-09-03-skoda_slovensky_raj\/\">\u0160koda Slovensk\u00fd raj<\/a><\/td>\n<\/tr>\n<\/tbody>\n<\/table>\n","protected":false},"excerpt":{"rendered":"<p>\u0160koda a cyklistika Spojenie zna\u010dky \u0160koda s cyklistikou siaha hlboko do minulosti. Pr\u00e1ve v\u00fdrobou bicyklov sa sa toti\u017e v roku\u00a01895 [&hellip;]<\/p>\n","protected":false},"author":39,"featured_media":0,"parent":0,"menu_order":0,"comment_status":"closed","ping_status":"closed","template":"","meta":{"footnotes":""},"tags":[],"class_list":["post-326","page","type-page","status-publish","hentry"],"yoast_head":"<!-- This site is optimized with the Yoast SEO Premium plugin v25.3 (Yoast SEO v25.9) - https:\/\/yoast.com\/wordpress\/plugins\/seo\/ -->\n<title>O\u00a0s\u00e9rii - \u0160koda We Love Cycling Slovensko<\/title>\n<meta name=\"robots\" content=\"index, follow, max-snippet:-1, max-image-preview:large, max-video-preview:-1\" \/>\n<link rel=\"canonical\" href=\"https:\/\/www.welovecycling.com\/sk\/o-serii\/\" \/>\n<meta property=\"og:locale\" content=\"sk_SK\" \/>\n<meta property=\"og:type\" content=\"article\" \/>\n<meta property=\"og:title\" content=\"O\u00a0s\u00e9rii\" \/>\n<meta property=\"og:description\" content=\"\u0160koda a cyklistika Spojenie zna\u010dky \u0160koda s cyklistikou siaha hlboko do minulosti. Pr\u00e1ve v\u00fdrobou bicyklov sa sa toti\u017e v roku\u00a01895 [&hellip;]\" \/>\n<meta property=\"og:url\" content=\"https:\/\/www.welovecycling.com\/sk\/o-serii\/\" \/>\n<meta property=\"og:site_name\" content=\"\u0160koda We Love Cycling Slovensko\" \/>\n<meta property=\"article:modified_time\" content=\"2017-05-16T14:39:07+00:00\" \/>\n<meta property=\"og:image\" content=\"https:\/\/d2p6e6u75xmxt8.cloudfront.net\/4\/2017\/04\/sbot-wlc-banner-1024x447.jpg\" \/>\n<meta name=\"twitter:card\" content=\"summary_large_image\" \/>\n<meta name=\"twitter:label1\" content=\"Est. reading time\" \/>\n\t<meta name=\"twitter:data1\" content=\"1 minute\" \/>\n<script type=\"application\/ld+json\" class=\"yoast-schema-graph\">{\"@context\":\"https:\/\/schema.org\",\"@graph\":[{\"@type\":\"WebPage\",\"@id\":\"https:\/\/www.welovecycling.com\/sk\/o-serii\/\",\"url\":\"https:\/\/www.welovecycling.com\/sk\/o-serii\/\",\"name\":\"O\u00a0s\u00e9rii - \u0160koda We Love Cycling Slovensko\",\"isPartOf\":{\"@id\":\"https:\/\/www.welovecycling.com\/sk\/#website\"},\"primaryImageOfPage\":{\"@id\":\"https:\/\/www.welovecycling.com\/sk\/o-serii\/#primaryimage\"},\"image\":{\"@id\":\"https:\/\/www.welovecycling.com\/sk\/o-serii\/#primaryimage\"},\"thumbnailUrl\":\"https:\/\/d2p6e6u75xmxt8.cloudfront.net\/4\/2017\/04\/sbot-wlc-banner-1024x447.jpg\",\"datePublished\":\"2017-04-21T09:09:56+00:00\",\"dateModified\":\"2017-05-16T14:39:07+00:00\",\"breadcrumb\":{\"@id\":\"https:\/\/www.welovecycling.com\/sk\/o-serii\/#breadcrumb\"},\"inLanguage\":\"sk-SK\",\"potentialAction\":[{\"@type\":\"ReadAction\",\"target\":[\"https:\/\/www.welovecycling.com\/sk\/o-serii\/\"]}]},{\"@type\":\"ImageObject\",\"inLanguage\":\"sk-SK\",\"@id\":\"https:\/\/www.welovecycling.com\/sk\/o-serii\/#primaryimage\",\"url\":\"https:\/\/d2p6e6u75xmxt8.cloudfront.net\/4\/2017\/04\/sbot-wlc-banner-1024x447.jpg\",\"contentUrl\":\"https:\/\/d2p6e6u75xmxt8.cloudfront.net\/4\/2017\/04\/sbot-wlc-banner-1024x447.jpg\"},{\"@type\":\"BreadcrumbList\",\"@id\":\"https:\/\/www.welovecycling.com\/sk\/o-serii\/#breadcrumb\",\"itemListElement\":[{\"@type\":\"ListItem\",\"position\":1,\"name\":\"Home\",\"item\":\"https:\/\/www.welovecycling.com\/sk\/\"},{\"@type\":\"ListItem\",\"position\":2,\"name\":\"O\u00a0s\u00e9rii\"}]},{\"@type\":\"WebSite\",\"@id\":\"https:\/\/www.welovecycling.com\/sk\/#website\",\"url\":\"https:\/\/www.welovecycling.com\/sk\/\",\"name\":\"\u0160koda We Love Cycling Slovensko\",\"description\":\"\u0160koda We Love Cycling Slovensko je v\u00e1\u0161 ka\u017edodenn\u00fd zdroj noviniek a in\u0161pir\u00e1cie z sveta cyklistiky\",\"potentialAction\":[{\"@type\":\"SearchAction\",\"target\":{\"@type\":\"EntryPoint\",\"urlTemplate\":\"https:\/\/www.welovecycling.com\/sk\/?s={search_term_string}\"},\"query-input\":{\"@type\":\"PropertyValueSpecification\",\"valueRequired\":true,\"valueName\":\"search_term_string\"}}],\"inLanguage\":\"sk-SK\"}]}<\/script>\n<!-- \/ Yoast SEO Premium plugin. -->","yoast_head_json":{"title":"O\u00a0s\u00e9rii - \u0160koda We Love Cycling Slovensko","robots":{"index":"index","follow":"follow","max-snippet":"max-snippet:-1","max-image-preview":"max-image-preview:large","max-video-preview":"max-video-preview:-1"},"canonical":"https:\/\/www.welovecycling.com\/sk\/o-serii\/","og_locale":"sk_SK","og_type":"article","og_title":"O\u00a0s\u00e9rii","og_description":"\u0160koda a cyklistika Spojenie zna\u010dky \u0160koda s cyklistikou siaha hlboko do minulosti. Pr\u00e1ve v\u00fdrobou bicyklov sa sa toti\u017e v roku\u00a01895 [&hellip;]","og_url":"https:\/\/www.welovecycling.com\/sk\/o-serii\/","og_site_name":"\u0160koda We Love Cycling Slovensko","article_modified_time":"2017-05-16T14:39:07+00:00","og_image":[{"url":"https:\/\/d2p6e6u75xmxt8.cloudfront.net\/4\/2017\/04\/sbot-wlc-banner-1024x447.jpg","type":"","width":"","height":""}],"twitter_card":"summary_large_image","twitter_misc":{"Est. reading time":"1 minute"},"schema":{"@context":"https:\/\/schema.org","@graph":[{"@type":"WebPage","@id":"https:\/\/www.welovecycling.com\/sk\/o-serii\/","url":"https:\/\/www.welovecycling.com\/sk\/o-serii\/","name":"O\u00a0s\u00e9rii - \u0160koda We Love Cycling Slovensko","isPartOf":{"@id":"https:\/\/www.welovecycling.com\/sk\/#website"},"primaryImageOfPage":{"@id":"https:\/\/www.welovecycling.com\/sk\/o-serii\/#primaryimage"},"image":{"@id":"https:\/\/www.welovecycling.com\/sk\/o-serii\/#primaryimage"},"thumbnailUrl":"https:\/\/d2p6e6u75xmxt8.cloudfront.net\/4\/2017\/04\/sbot-wlc-banner-1024x447.jpg","datePublished":"2017-04-21T09:09:56+00:00","dateModified":"2017-05-16T14:39:07+00:00","breadcrumb":{"@id":"https:\/\/www.welovecycling.com\/sk\/o-serii\/#breadcrumb"},"inLanguage":"sk-SK","potentialAction":[{"@type":"ReadAction","target":["https:\/\/www.welovecycling.com\/sk\/o-serii\/"]}]},{"@type":"ImageObject","inLanguage":"sk-SK","@id":"https:\/\/www.welovecycling.com\/sk\/o-serii\/#primaryimage","url":"https:\/\/d2p6e6u75xmxt8.cloudfront.net\/4\/2017\/04\/sbot-wlc-banner-1024x447.jpg","contentUrl":"https:\/\/d2p6e6u75xmxt8.cloudfront.net\/4\/2017\/04\/sbot-wlc-banner-1024x447.jpg"},{"@type":"BreadcrumbList","@id":"https:\/\/www.welovecycling.com\/sk\/o-serii\/#breadcrumb","itemListElement":[{"@type":"ListItem","position":1,"name":"Home","item":"https:\/\/www.welovecycling.com\/sk\/"},{"@type":"ListItem","position":2,"name":"O\u00a0s\u00e9rii"}]},{"@type":"WebSite","@id":"https:\/\/www.welovecycling.com\/sk\/#website","url":"https:\/\/www.welovecycling.com\/sk\/","name":"\u0160koda We Love Cycling Slovensko","description":"\u0160koda We Love Cycling Slovensko je v\u00e1\u0161 ka\u017edodenn\u00fd zdroj noviniek a in\u0161pir\u00e1cie z sveta cyklistiky","potentialAction":[{"@type":"SearchAction","target":{"@type":"EntryPoint","urlTemplate":"https:\/\/www.welovecycling.com\/sk\/?s={search_term_string}"},"query-input":{"@type":"PropertyValueSpecification","valueRequired":true,"valueName":"search_term_string"}}],"inLanguage":"sk-SK"}]}},"_links":{"self":[{"href":"https:\/\/www.welovecycling.com\/sk\/wp-json\/wp\/v2\/pages\/326","targetHints":{"allow":["GET"]}}],"collection":[{"href":"https:\/\/www.welovecycling.com\/sk\/wp-json\/wp\/v2\/pages"}],"about":[{"href":"https:\/\/www.welovecycling.com\/sk\/wp-json\/wp\/v2\/types\/page"}],"author":[{"embeddable":true,"href":"https:\/\/www.welovecycling.com\/sk\/wp-json\/wp\/v2\/users\/39"}],"replies":[{"embeddable":true,"href":"https:\/\/www.welovecycling.com\/sk\/wp-json\/wp\/v2\/comments?post=326"}],"version-history":[{"count":2,"href":"https:\/\/www.welovecycling.com\/sk\/wp-json\/wp\/v2\/pages\/326\/revisions"}],"predecessor-version":[{"id":553,"href":"https:\/\/www.welovecycling.com\/sk\/wp-json\/wp\/v2\/pages\/326\/revisions\/553"}],"wp:attachment":[{"href":"https:\/\/www.welovecycling.com\/sk\/wp-json\/wp\/v2\/media?parent=326"}],"wp:term":[{"taxonomy":"post_tag","embeddable":true,"href":"https:\/\/www.welovecycling.com\/sk\/wp-json\/wp\/v2\/tags?post=326"}],"curies":[{"name":"wp","href":"https:\/\/api.w.org\/{rel}","templated":true}]}}