{"id":20793,"date":"2025-08-11T11:51:05","date_gmt":"2025-08-11T09:51:05","guid":{"rendered":"https:\/\/www.welovecycling.com\/sk\/?page_id=20793"},"modified":"2025-08-18T10:33:10","modified_gmt":"2025-08-18T08:33:10","slug":"2025-uci-world-championships-terms-and-conditions","status":"publish","type":"page","link":"https:\/\/www.welovecycling.com\/sk\/2025-uci-world-championships-terms-and-conditions\/","title":{"rendered":"Podmienky"},"content":{"rendered":"<p><strong>Tieto pravidl\u00e1 upravuj\u00fa podmienky s\u00fa\u0165a\u017ee \u201e2025 FYA Contest\u201c (\u010falej len \u201eS\u00fa\u0165a\u017e\u201c) a s\u00fa jedin\u00fdm dokumentom, ktor\u00fd \u00faplne a z\u00e1v\u00e4zne upravuje pravidl\u00e1 tejto s\u00fa\u0165a\u017ee.<\/strong><\/p>\n<p><strong>Usporiadate\u013e a organiz\u00e1tor s\u00fa\u0165a\u017ee<\/strong><\/p>\n<p>Usporiadate\u013eom S\u00fa\u0165a\u017ee je spolo\u010dnos\u0165 \u0160koda Auto a.s., akciov\u00e1 spolo\u010dnos\u0165 so s\u00eddlom t\u0159. V\u00e1clava Klementa 869, 293 01 Mlad\u00e1 Boleslav, \u010cesk\u00e1 republika, I\u010cO: 00177041, zap\u00edsan\u00e1 v obchodnom registri vedenom Mestsk\u00fdm s\u00fadom v Prahe, oddiel B, vlo\u017eka 332 (\u010falej len \u201eUsporiadate\u013e\u201c).<\/p>\n<p>Organiz\u00e1torom S\u00fa\u0165a\u017ee, ktor\u00fd zabezpe\u010duje praktick\u00e9 kroky v jej realiz\u00e1cii, je spolo\u010dnos\u0165 MUSTARD s.r.o., so s\u00eddlom Praha 1 \u2013 Nov\u00e9 M\u011bsto, Masarykovo n\u00e1b\u0159. 246, 110 00, \u010cesk\u00e1 republika, I\u010cO: 28531418, zap\u00edsan\u00e1 v obchodnom registri vedenom Mestsk\u00fdm s\u00fadom v Prahe, oddiel C, vlo\u017eka 148383<br \/>\n(\u010falej len \u201eOrganiz\u00e1tor\u201c).<\/p>\n<p>S\u00fa\u0165a\u017e bude prebieha\u0165 na webovej str\u00e1nke <a href=\"http:\/\/www.welovecycling.com\">www.welovecycling.com<\/a> (\u010falej len \u201eweb S\u00fa\u0165a\u017ee\u201c), kde bude prebieha\u0165 aj hlavn\u00e1 komunik\u00e1cia s \u00fa\u010dastn\u00edkmi.<\/p>\n<p><strong>\u00da\u010dastn\u00edci S\u00fa\u0165a\u017ee<\/strong><\/p>\n<p>S\u00fa\u0165a\u017ee sa m\u00f4\u017ee z\u00fa\u010dastni\u0165 ka\u017ed\u00e1 fyzick\u00e1 osoba, ktor\u00e1 dosiahla vek aspo\u0148 18 rokov a m\u00e1 trval\u00fd pobyt v jednej z kraj\u00edn, kde S\u00fa\u0165a\u017e prebieha. S\u00fa\u0165a\u017e prebieha v t\u00fdchto krajin\u00e1ch: ANDORRA, AUSTR\u00c1LIA, RAK\u00daSKO, BELGICKO, BOSNA, BULHARSKO, CHORV\u00c1TSKO, \u010cESK\u00c1 REPUBLIKA, D\u00c1NSKO, EST\u00d3NSKO, F\u00cdNSKO, FRANC\u00daZSKO, NEMECKO, VE\u013dK\u00c1 BRIT\u00c1NIA, GR\u00c9CKO, MA\u010eARSKO, ISLAND, \u00cdRSKO, TALIANSKO, LOTY\u0160SKO, LICHTEN\u0160TAJNSKO, LITVA, LUXEMBURSKO, \u010cIERNA HORA, HOLANDSKO, N\u00d3RSKO, PO\u013dSKO, PORTUGALSKO, RUMUNSKO, SRBSKO, SLOVENSKO, SLOVINSKO, \u0160PANIELSKO, \u0160V\u00c9DSKO, \u0160VAJ\u010cIARSKO, UKRAJINA.<\/p>\n<p>Na zapojenie sa do S\u00fa\u0165a\u017ee je potrebn\u00e1 registr\u00e1cia na webe S\u00fa\u0165a\u017ee po\u010das ktorejko\u013evek f\u00e1zy S\u00fa\u0165a\u017ee a bezv\u00fdhradn\u00e9 potvrdenie s\u00fahlasu s t\u00fdmito pravidlami. S\u00fa\u010das\u0165ou registr\u00e1cie (s\u00fa\u0165a\u017en\u00e9ho formul\u00e1ra) je aj uvedenie osobn\u00fdch \u00fadajov \u2013 e-mailovej adresy, ktor\u00e1 bude pou\u017eit\u00e1 v\u00fdlu\u010dne na \u00fa\u010dely tejto S\u00fa\u0165a\u017ee.<\/p>\n<p>Ka\u017ed\u00fd \u00fa\u010dastn\u00edk sa m\u00f4\u017ee zaregistrova\u0165 iba raz a v\u00fdlu\u010dne pod svojou vlastnou e-mailovou adresou; Usporiadate\u013e si vyhradzuje pr\u00e1vo tento \u00fadaj technicky aj organiza\u010dne overi\u0165.<\/p>\n<p>Zo S\u00fa\u0165a\u017ee s\u00fa vyl\u00fa\u010den\u00e9 v\u0161etky osoby, ktor\u00e9 sa podie\u013eali na jej pr\u00edprave, najm\u00e4 osoby zamestnan\u00e9 u Usporiadate\u013ea alebo Organiz\u00e1tora, ako aj osoby v obdobnom vz\u0165ahu. Z\u00fa\u010dastni\u0165 sa nem\u00f4\u017eu ani osoby v podobnom vz\u0165ahu k autorizovan\u00e9mu partnerovi \u0160koda alebo k agent\u00faram poveren\u00fdm realiz\u00e1ciou S\u00fa\u0165a\u017ee, ako aj ich rodinn\u00ed pr\u00edslu\u0161n\u00edci a bl\u00edzke osoby.<\/p>\n<p><strong>Mechanizmus S\u00fa\u0165a\u017ee, v\u00fdber v\u00fdhercov<\/strong><\/p>\n<p>Na \u00fa\u010das\u0165 v S\u00fa\u0165a\u017ei musia \u00fa\u010dastn\u00edci nahra\u0165 svoju fotografiu a odosla\u0165 svoju e-mailov\u00fa adresu prostredn\u00edctvom ofici\u00e1lnej str\u00e1nky We Love Cycling.<\/p>\n<p>V\u00fdhercovia bud\u00fa ur\u010den\u00ed na z\u00e1klade po\u010dtu \u201ep\u00e1\u010di sa mi to\u201c (lajkov), ktor\u00e9 ich fotografia z\u00edska.<\/p>\n<p><strong>V\u00fdhry pre 1. kolo (23. august \u2013 30. august 2025):<\/strong><br \/>\n\u2022 1. \u2013 3. miesto: \u0160koda Hospitality Experience<br \/>\n\u2022 4. \u2013 5. miesto: Cyklistick\u00fd set Kala\u0161<br \/>\n\u2022 6. \u2013 9. miesto: Sada pl\u00e1\u0161\u0165ov Maxxis Minion DHR II<\/p>\n<p><strong>V\u00fdhry pre 2. kolo (31. august \u2013 14. september 2025):<\/strong><br \/>\n\u2022 1. \u2013 3. miesto: Zariadenie Garmin<br \/>\n\u2022 4. \u2013 5. miesto: Cyklistick\u00fd set Kala\u0161<br \/>\n\u2022 6. \u2013 8. miesto: Sada pl\u00e1\u0161\u0165ov Maxxis Ikon<\/p>\n<p><strong>V\u00fdhry pre 3. kolo (15. september \u2013 28. september 2025):<\/strong><br \/>\n\u2022 1. \u2013 3. miesto: Zariadenie Garmin<br \/>\n\u2022 4. \u2013 5. miesto: Cyklistick\u00fd set Kala\u0161<br \/>\n\u2022 6. \u2013 8. miesto: Sada pl\u00e1\u0161\u0165ov Maxxis Ikon<\/p>\n<p><strong>V\u00fdhry pre 4. kolo (29. september \u2013 12. okt\u00f3ber 2025):<\/strong><br \/>\n\u2022 1. miesto: \u0160koda Gravel Bike<br \/>\n\u2022 2. \u2013 4. miesto: \u0160koda Hospitality Experience<br \/>\n\u2022 5. \u2013 6. miesto: Cyklistick\u00fd set Kala\u0161<\/p>\n<p>Usporiadate\u013e S\u00fa\u0165a\u017ee bude v\u00fdhercov informova\u0165 prostredn\u00edctvom e-mailovej adresy zadanej pri registr\u00e1cii do piatich dn\u00ed od ukon\u010denia pr\u00edslu\u0161n\u00e9ho s\u00fa\u0165a\u017en\u00e9ho kola a v\u00fdhercov po\u017eiada o \u00fadaje potrebn\u00e9 na odovzdanie alebo zaslanie v\u00fdhry, pr\u00edpadne na \u010fal\u0161iu komunik\u00e1ciu. Ak v\u00fdherca nereaguje \u2013 ani po op\u00e4tovnom zaslan\u00ed e-mailu \u2013 alebo neposkytne kontaktn\u00e9 \u00fadaje do 24 hod\u00edn od odoslania ozn\u00e1menia, v\u00fdhra prepad\u00e1 bez n\u00e1roku na n\u00e1hradu.<\/p>\n<p>Kv\u00f4li mo\u017en\u00fdm zdr\u017eaniam v dostupnosti komponentov m\u00f4\u017ee by\u0165 doru\u010denie bicyklov (v\u00fdhier) oneskoren\u00e9 a\u017e o 8 mesiacov. T\u00e1to doba je sp\u00f4soben\u00e1 faktormi mimo priamej kontroly usporiadate\u013ea, napr\u00edklad dod\u00e1vkami dielov potrebn\u00fdch na mont\u00e1\u017e.<\/p>\n<p><strong>Inform\u00e1cie o sprac\u00favan\u00ed osobn\u00fdch \u00fadajov<\/strong><\/p>\n<p>Usporiadate\u013e ako prev\u00e1dzkovate\u013e osobn\u00fdch \u00fadajov pod\u013ea V\u0161eobecn\u00e9ho nariadenia o ochrane \u00fadajov (GDPR \u2013 nariadenie (E\u00da) 2016\/679) t\u00fdmto poskytuje inform\u00e1cie o sprac\u00favan\u00ed osobn\u00fdch \u00fadajov a va\u0161ich s\u00favisiacich pr\u00e1vach:<\/p>\n<p><strong>\u00da\u010del sprac\u00favania:<\/strong><br \/>\n\u2013 Organiz\u00e1cia s\u00fa\u0165a\u017e\u00ed a zabezpe\u010denie f\u00e9rov\u00e9ho hlasovania v s\u00fa\u0165a\u017eiach zalo\u017een\u00fdch na hlasovan\u00ed.<\/p>\n<p><strong>Pr\u00e1vny z\u00e1klad sprac\u00favania:<\/strong><br \/>\nVa\u0161e \u00fadaje sprac\u00favame na z\u00e1klade uzatvorenia zmluvy (tieto pravidl\u00e1 s\u00fa\u0165a\u017ee).<\/p>\n<p><strong>Kateg\u00f3rie sprac\u00favan\u00fdch \u00fadajov:<\/strong><br \/>\nIdentifika\u010dn\u00e9 \u00fadaje, kontaktn\u00e9 \u00fadaje, inform\u00e1cie o komunik\u00e1cii a interakcii.<\/p>\n<p><strong>Doba sprac\u00favania:<\/strong><br \/>\n\u00dadaje budeme sprac\u00fava\u0165 po dobu jedn\u00e9ho roka po ukon\u010den\u00ed s\u00fa\u0165a\u017ee.<\/p>\n<p><strong>Kateg\u00f3rie pr\u00edjemcov:<\/strong><br \/>\nSpracovate\u013eom \u00fadajov je spolo\u010dnos\u0165 MUSTARD s.r.o., so s\u00eddlom Praha 1 \u2013 Nov\u00e9 M\u011bsto, Masarykovo n\u00e1b\u0159. 246, 110 00, \u010cesk\u00e1 republika, I\u010cO: 28531418. Na po\u017eiadanie m\u00f4\u017eu by\u0165 \u00fadaje poskytnut\u00e9 org\u00e1nom verejnej moci \u2013 najm\u00e4 s\u00fadom, pol\u00edcii a \u010fal\u0161\u00edm org\u00e1nom \u010dinn\u00fdm v trestnom konan\u00ed \u2013 v rozsahu stanovenom z\u00e1konom.<\/p>\n<p><strong>Zdroj \u00fadajov:<\/strong><br \/>\nOsobn\u00e9 \u00fadaje z\u00edskavame priamo od v\u00e1s.<\/p>\n<p><strong>Prenos do tret\u00edch kraj\u00edn:<\/strong><br \/>\nV r\u00e1mci tohto sprac\u00favania nedoch\u00e1dza k prenosu \u00fadajov do tret\u00edch kraj\u00edn alebo nadn\u00e1rodn\u00fdm spolo\u010dnostiam.<\/p>\n<p><strong>Automatizovan\u00e9 rozhodovanie:<\/strong><br \/>\nAutomatizovan\u00e9 rozhodovanie na z\u00e1klade \u00fadajov sa nevykon\u00e1va.<\/p>\n<p><strong>\u010eal\u0161ie sprac\u00favanie:<\/strong><br \/>\n\u00dadaje m\u00f4\u017eu by\u0165 archivovan\u00e9 vo verejnom z\u00e1ujme alebo pou\u017eit\u00e9 na vedeck\u00e9, historick\u00e9 \u010di \u0161tatistick\u00e9 \u00fa\u010dely. V od\u00f4vodnen\u00fdch pr\u00edpadoch m\u00f4\u017eu by\u0165 sprac\u00favan\u00e9 na \u00fa\u010dely pr\u00e1vneho rie\u0161enia vec\u00ed, plnenia povinnost\u00ed vo\u010di org\u00e1nom verejnej spr\u00e1vy alebo hodnotenia pr\u00e1vnych riz\u00edk.<\/p>\n<p><strong>Va\u0161e pr\u00e1va:<\/strong><br \/>\n\u2013 Pr\u00e1vo na pr\u00edstup k \u00fadajom<br \/>\n\u2013 Pr\u00e1vo na opravu alebo doplnenie \u00fadajov<br \/>\n\u2013 Pr\u00e1vo na v\u00fdmaz, ak pominul \u00fa\u010del alebo spracovanie je neopr\u00e1vnen\u00e9<br \/>\n\u2013 Pr\u00e1vo na obmedzenie sprac\u00favania<br \/>\n\u2013 Pr\u00e1vo na prenos \u00fadajov v strojovo \u010ditate\u013enom form\u00e1te<br \/>\n\u2013 Pr\u00e1vo neby\u0165 predmetom automatizovan\u00e9ho rozhodovania<\/p>\n<p><strong>Ako uplatni\u0165 svoje pr\u00e1va:<\/strong><br \/>\n\u2013 Elektronicky: <a href=\"https:\/\/www.skoda-auto.com\/data-privacy\">https:\/\/www.skoda-auto.com\/data-privacy<\/a><br \/>\n\u2013 Po\u0161tou: \u0160koda Auto a.s., Data Protection Office, t\u0159. V\u00e1clava Klementa 869, Mlad\u00e1 Boleslav II, CZ 293 01 Mlad\u00e1 Boleslav, \u010cesk\u00e1 republika (v angli\u010dtine alebo \u010de\u0161tine)<\/p>\n<p>Za spracovanie opakovane neod\u00f4vodnen\u00fdch alebo neprimeran\u00fdch \u017eiadost\u00ed si \u0160koda Auto m\u00f4\u017ee \u00fa\u010dtova\u0165 primeran\u00fd administrat\u00edvny poplatok.<\/p>\n<p><strong>Kontakt na zodpovedn\u00fa osobu (DPO):<\/strong><br \/>\n\u2013 dpo@skoda-auto.cz<\/p>\n<p>Ak nes\u00fahlas\u00edte so sp\u00f4sobom sprac\u00favania \u00fadajov, m\u00f4\u017eete sa obr\u00e1ti\u0165 na DPO alebo poda\u0165 s\u0165a\u017enos\u0165 na \u00darad na ochranu osobn\u00fdch \u00fadajov Slovenskej republiky.<\/p>\n<p><strong>Ostatn\u00e9 podstatn\u00e9 podmienky<\/strong><\/p>\n<p>Usporiadate\u013e si vyhradzuje v\u00fdlu\u010dn\u00e9 pr\u00e1vo ur\u010di\u0165 presn\u00fa \u0161pecifik\u00e1ciu v\u00fdhier. Zobrazenie cien v propaga\u010dn\u00fdch materi\u00e1loch je len ilustra\u010dn\u00e9. Usporiadate\u013e nezodpoved\u00e1 za \u0161kody sp\u00f4soben\u00e9 pou\u017eit\u00edm v\u00fdhry.<\/p>\n<p>V\u00fdhercovia nemaj\u00fa n\u00e1rok na pe\u0148a\u017en\u00fa alebo in\u00fa n\u00e1hradu v\u00fdhry. Usporiadate\u013e nie je povinn\u00fd poskytn\u00fa\u0165 \u00fa\u010dastn\u00edkom \u017eiadne plnenie okrem toho, ktor\u00e9 je v\u00fdslovne uveden\u00e9 v t\u00fdchto pravidl\u00e1ch.<\/p>\n<p>Usporiadate\u013e nezodpoved\u00e1 za priame alebo nepriame \u0161kody s\u00favisiace s \u00fa\u010das\u0165ou v S\u00fa\u0165a\u017ei. V\u00fdherca prij\u00edma v\u00fdhru na vlastn\u00fa zodpovednos\u0165. V\u00fdsledky S\u00fa\u0165a\u017ee s\u00fa kone\u010dn\u00e9 a nemo\u017eno sa proti nim odvola\u0165.<\/p>\n<p>\u00da\u010dastn\u00edk m\u00f4\u017ee by\u0165 zo S\u00fa\u0165a\u017ee vyl\u00fa\u010den\u00fd v pr\u00edpade podvodu alebo podozrenia z nef\u00e9rov\u00e9ho spr\u00e1vania \u010di poru\u0161enia pravidiel.<\/p>\n<p>Usporiadate\u013e nezodpoved\u00e1 za nedoru\u010denie spr\u00e1v alebo cien. V pr\u00edpade technick\u00fdch probl\u00e9mov rozhoduje s kone\u010dnou platnos\u0165ou Usporiadate\u013e. Usporiadate\u013e si vyhradzuje pr\u00e1vo bez n\u00e1hrady skr\u00e1ti\u0165, odlo\u017ei\u0165, preru\u0161i\u0165 alebo zru\u0161i\u0165 S\u00fa\u0165a\u017e \u010di upravi\u0165 jej pravidl\u00e1 zverejnen\u00edm na vy\u0161\u0161ie uvedenom webe.<\/p>\n<p>Na t\u00fato S\u00fa\u0165a\u017e sa vz\u0165ahuje pr\u00e1vny poriadok \u010ceskej republiky.<\/p>\n<p>&nbsp;<\/p>\n","protected":false},"excerpt":{"rendered":"<p>Tieto pravidl\u00e1 upravuj\u00fa podmienky s\u00fa\u0165a\u017ee \u201e2025 FYA Contest\u201c (\u010falej len \u201eS\u00fa\u0165a\u017e\u201c) a s\u00fa jedin\u00fdm dokumentom, ktor\u00fd \u00faplne a z\u00e1v\u00e4zne upravuje [&hellip;]<\/p>\n","protected":false},"author":199,"featured_media":0,"parent":0,"menu_order":0,"comment_status":"closed","ping_status":"closed","template":"","meta":{"footnotes":""},"tags":[1654],"class_list":["post-20793","page","type-page","status-publish","hentry","tag-find-your-adventure-2025"],"yoast_head":"<!-- This site is optimized with the Yoast SEO Premium plugin v25.3 (Yoast SEO v25.9) - https:\/\/yoast.com\/wordpress\/plugins\/seo\/ -->\n<title>Podmienky - \u0160koda We Love Cycling Slovensko<\/title>\n<meta name=\"robots\" content=\"index, follow, max-snippet:-1, max-image-preview:large, max-video-preview:-1\" \/>\n<link rel=\"canonical\" href=\"https:\/\/www.welovecycling.com\/sk\/2025-uci-world-championships-terms-and-conditions\/\" \/>\n<meta property=\"og:locale\" content=\"sk_SK\" \/>\n<meta property=\"og:type\" content=\"article\" \/>\n<meta property=\"og:title\" content=\"Podmienky\" \/>\n<meta property=\"og:description\" content=\"Tieto pravidl\u00e1 upravuj\u00fa podmienky s\u00fa\u0165a\u017ee \u201e2025 FYA Contest\u201c (\u010falej len \u201eS\u00fa\u0165a\u017e\u201c) a s\u00fa jedin\u00fdm dokumentom, ktor\u00fd \u00faplne a z\u00e1v\u00e4zne upravuje [&hellip;]\" \/>\n<meta property=\"og:url\" content=\"https:\/\/www.welovecycling.com\/sk\/2025-uci-world-championships-terms-and-conditions\/\" \/>\n<meta property=\"og:site_name\" content=\"\u0160koda We Love Cycling Slovensko\" \/>\n<meta property=\"article:modified_time\" content=\"2025-08-18T08:33:10+00:00\" \/>\n<meta name=\"twitter:card\" content=\"summary_large_image\" \/>\n<meta name=\"twitter:label1\" content=\"Est. reading time\" \/>\n\t<meta name=\"twitter:data1\" content=\"7 minutes\" \/>\n<script type=\"application\/ld+json\" class=\"yoast-schema-graph\">{\"@context\":\"https:\/\/schema.org\",\"@graph\":[{\"@type\":\"WebPage\",\"@id\":\"https:\/\/www.welovecycling.com\/sk\/2025-uci-world-championships-terms-and-conditions\/\",\"url\":\"https:\/\/www.welovecycling.com\/sk\/2025-uci-world-championships-terms-and-conditions\/\",\"name\":\"Podmienky - \u0160koda We Love Cycling Slovensko\",\"isPartOf\":{\"@id\":\"https:\/\/www.welovecycling.com\/sk\/#website\"},\"datePublished\":\"2025-08-11T09:51:05+00:00\",\"dateModified\":\"2025-08-18T08:33:10+00:00\",\"breadcrumb\":{\"@id\":\"https:\/\/www.welovecycling.com\/sk\/2025-uci-world-championships-terms-and-conditions\/#breadcrumb\"},\"inLanguage\":\"sk-SK\",\"potentialAction\":[{\"@type\":\"ReadAction\",\"target\":[\"https:\/\/www.welovecycling.com\/sk\/2025-uci-world-championships-terms-and-conditions\/\"]}]},{\"@type\":\"BreadcrumbList\",\"@id\":\"https:\/\/www.welovecycling.com\/sk\/2025-uci-world-championships-terms-and-conditions\/#breadcrumb\",\"itemListElement\":[{\"@type\":\"ListItem\",\"position\":1,\"name\":\"Home\",\"item\":\"https:\/\/www.welovecycling.com\/sk\/\"},{\"@type\":\"ListItem\",\"position\":2,\"name\":\"Podmienky\"}]},{\"@type\":\"WebSite\",\"@id\":\"https:\/\/www.welovecycling.com\/sk\/#website\",\"url\":\"https:\/\/www.welovecycling.com\/sk\/\",\"name\":\"\u0160koda We Love Cycling Slovensko\",\"description\":\"\u0160koda We Love Cycling Slovensko je v\u00e1\u0161 ka\u017edodenn\u00fd zdroj noviniek a in\u0161pir\u00e1cie z sveta cyklistiky\",\"potentialAction\":[{\"@type\":\"SearchAction\",\"target\":{\"@type\":\"EntryPoint\",\"urlTemplate\":\"https:\/\/www.welovecycling.com\/sk\/?s={search_term_string}\"},\"query-input\":{\"@type\":\"PropertyValueSpecification\",\"valueRequired\":true,\"valueName\":\"search_term_string\"}}],\"inLanguage\":\"sk-SK\"}]}<\/script>\n<!-- \/ Yoast SEO Premium plugin. -->","yoast_head_json":{"title":"Podmienky - \u0160koda We Love Cycling Slovensko","robots":{"index":"index","follow":"follow","max-snippet":"max-snippet:-1","max-image-preview":"max-image-preview:large","max-video-preview":"max-video-preview:-1"},"canonical":"https:\/\/www.welovecycling.com\/sk\/2025-uci-world-championships-terms-and-conditions\/","og_locale":"sk_SK","og_type":"article","og_title":"Podmienky","og_description":"Tieto pravidl\u00e1 upravuj\u00fa podmienky s\u00fa\u0165a\u017ee \u201e2025 FYA Contest\u201c (\u010falej len \u201eS\u00fa\u0165a\u017e\u201c) a s\u00fa jedin\u00fdm dokumentom, ktor\u00fd \u00faplne a z\u00e1v\u00e4zne upravuje [&hellip;]","og_url":"https:\/\/www.welovecycling.com\/sk\/2025-uci-world-championships-terms-and-conditions\/","og_site_name":"\u0160koda We Love Cycling Slovensko","article_modified_time":"2025-08-18T08:33:10+00:00","twitter_card":"summary_large_image","twitter_misc":{"Est. reading time":"7 minutes"},"schema":{"@context":"https:\/\/schema.org","@graph":[{"@type":"WebPage","@id":"https:\/\/www.welovecycling.com\/sk\/2025-uci-world-championships-terms-and-conditions\/","url":"https:\/\/www.welovecycling.com\/sk\/2025-uci-world-championships-terms-and-conditions\/","name":"Podmienky - \u0160koda We Love Cycling Slovensko","isPartOf":{"@id":"https:\/\/www.welovecycling.com\/sk\/#website"},"datePublished":"2025-08-11T09:51:05+00:00","dateModified":"2025-08-18T08:33:10+00:00","breadcrumb":{"@id":"https:\/\/www.welovecycling.com\/sk\/2025-uci-world-championships-terms-and-conditions\/#breadcrumb"},"inLanguage":"sk-SK","potentialAction":[{"@type":"ReadAction","target":["https:\/\/www.welovecycling.com\/sk\/2025-uci-world-championships-terms-and-conditions\/"]}]},{"@type":"BreadcrumbList","@id":"https:\/\/www.welovecycling.com\/sk\/2025-uci-world-championships-terms-and-conditions\/#breadcrumb","itemListElement":[{"@type":"ListItem","position":1,"name":"Home","item":"https:\/\/www.welovecycling.com\/sk\/"},{"@type":"ListItem","position":2,"name":"Podmienky"}]},{"@type":"WebSite","@id":"https:\/\/www.welovecycling.com\/sk\/#website","url":"https:\/\/www.welovecycling.com\/sk\/","name":"\u0160koda We Love Cycling Slovensko","description":"\u0160koda We Love Cycling Slovensko je v\u00e1\u0161 ka\u017edodenn\u00fd zdroj noviniek a in\u0161pir\u00e1cie z sveta cyklistiky","potentialAction":[{"@type":"SearchAction","target":{"@type":"EntryPoint","urlTemplate":"https:\/\/www.welovecycling.com\/sk\/?s={search_term_string}"},"query-input":{"@type":"PropertyValueSpecification","valueRequired":true,"valueName":"search_term_string"}}],"inLanguage":"sk-SK"}]}},"_links":{"self":[{"href":"https:\/\/www.welovecycling.com\/sk\/wp-json\/wp\/v2\/pages\/20793","targetHints":{"allow":["GET"]}}],"collection":[{"href":"https:\/\/www.welovecycling.com\/sk\/wp-json\/wp\/v2\/pages"}],"about":[{"href":"https:\/\/www.welovecycling.com\/sk\/wp-json\/wp\/v2\/types\/page"}],"author":[{"embeddable":true,"href":"https:\/\/www.welovecycling.com\/sk\/wp-json\/wp\/v2\/users\/199"}],"replies":[{"embeddable":true,"href":"https:\/\/www.welovecycling.com\/sk\/wp-json\/wp\/v2\/comments?post=20793"}],"version-history":[{"count":1,"href":"https:\/\/www.welovecycling.com\/sk\/wp-json\/wp\/v2\/pages\/20793\/revisions"}],"predecessor-version":[{"id":20807,"href":"https:\/\/www.welovecycling.com\/sk\/wp-json\/wp\/v2\/pages\/20793\/revisions\/20807"}],"wp:attachment":[{"href":"https:\/\/www.welovecycling.com\/sk\/wp-json\/wp\/v2\/media?parent=20793"}],"wp:term":[{"taxonomy":"post_tag","embeddable":true,"href":"https:\/\/www.welovecycling.com\/sk\/wp-json\/wp\/v2\/tags?post=20793"}],"curies":[{"name":"wp","href":"https:\/\/api.w.org\/{rel}","templated":true}]}}