{"id":17706,"date":"2023-06-15T14:14:45","date_gmt":"2023-06-15T12:14:45","guid":{"rendered":"https:\/\/www.welovecycling.com\/sk\/?page_id=17706"},"modified":"2023-06-15T14:15:15","modified_gmt":"2023-06-15T12:15:15","slug":"zazite-majstrovstva-sr-v-cestnej-cyklistike-nazivo","status":"publish","type":"page","link":"https:\/\/www.welovecycling.com\/sk\/zazite-majstrovstva-sr-v-cestnej-cyklistike-nazivo\/","title":{"rendered":"Za\u017eite majstrovstv\u00e1 SR v cestnej cyklistike na\u017eivo"},"content":{"rendered":"<p><strong>Pravidl\u00e1 s\u00fa\u0165a\u017ee na stiahnutie:<\/strong><\/p>\n<p><a href=\"https:\/\/d2p6e6u75xmxt8.cloudfront.net\/4\/2023\/06\/pravidla_WLC_MS_tlmace.pdf\">pravidla_WLC_MS_tlmace.pdf<\/a><\/p>\n","protected":false},"excerpt":{"rendered":"<p>Pravidl\u00e1 s\u00fa\u0165a\u017ee na stiahnutie: pravidla_WLC_MS_tlmace.pdf<\/p>\n","protected":false},"author":40,"featured_media":0,"parent":0,"menu_order":0,"comment_status":"closed","ping_status":"closed","template":"","meta":{"footnotes":""},"tags":[],"class_list":["post-17706","page","type-page","status-publish","hentry"],"yoast_head":"<!-- This site is optimized with the Yoast SEO Premium plugin v25.3 (Yoast SEO v25.9) - https:\/\/yoast.com\/wordpress\/plugins\/seo\/ -->\n<title>Za\u017eite majstrovstv\u00e1 SR v cestnej cyklistike na\u017eivo - \u0160koda We Love Cycling Slovensko<\/title>\n<meta name=\"robots\" content=\"index, follow, max-snippet:-1, max-image-preview:large, max-video-preview:-1\" \/>\n<link rel=\"canonical\" href=\"https:\/\/www.welovecycling.com\/sk\/zazite-majstrovstva-sr-v-cestnej-cyklistike-nazivo\/\" \/>\n<meta property=\"og:locale\" content=\"sk_SK\" \/>\n<meta property=\"og:type\" content=\"article\" \/>\n<meta property=\"og:title\" content=\"Za\u017eite majstrovstv\u00e1 SR v cestnej cyklistike na\u017eivo\" \/>\n<meta property=\"og:description\" content=\"Pravidl\u00e1 s\u00fa\u0165a\u017ee na stiahnutie: pravidla_WLC_MS_tlmace.pdf\" \/>\n<meta property=\"og:url\" content=\"https:\/\/www.welovecycling.com\/sk\/zazite-majstrovstva-sr-v-cestnej-cyklistike-nazivo\/\" \/>\n<meta property=\"og:site_name\" content=\"\u0160koda We Love Cycling Slovensko\" \/>\n<meta property=\"article:modified_time\" content=\"2023-06-15T12:15:15+00:00\" \/>\n<meta name=\"twitter:card\" content=\"summary_large_image\" \/>\n<script type=\"application\/ld+json\" class=\"yoast-schema-graph\">{\"@context\":\"https:\/\/schema.org\",\"@graph\":[{\"@type\":\"WebPage\",\"@id\":\"https:\/\/www.welovecycling.com\/sk\/zazite-majstrovstva-sr-v-cestnej-cyklistike-nazivo\/\",\"url\":\"https:\/\/www.welovecycling.com\/sk\/zazite-majstrovstva-sr-v-cestnej-cyklistike-nazivo\/\",\"name\":\"Za\u017eite majstrovstv\u00e1 SR v cestnej cyklistike na\u017eivo - \u0160koda We Love Cycling Slovensko\",\"isPartOf\":{\"@id\":\"https:\/\/www.welovecycling.com\/sk\/#website\"},\"datePublished\":\"2023-06-15T12:14:45+00:00\",\"dateModified\":\"2023-06-15T12:15:15+00:00\",\"breadcrumb\":{\"@id\":\"https:\/\/www.welovecycling.com\/sk\/zazite-majstrovstva-sr-v-cestnej-cyklistike-nazivo\/#breadcrumb\"},\"inLanguage\":\"sk-SK\",\"potentialAction\":[{\"@type\":\"ReadAction\",\"target\":[\"https:\/\/www.welovecycling.com\/sk\/zazite-majstrovstva-sr-v-cestnej-cyklistike-nazivo\/\"]}]},{\"@type\":\"BreadcrumbList\",\"@id\":\"https:\/\/www.welovecycling.com\/sk\/zazite-majstrovstva-sr-v-cestnej-cyklistike-nazivo\/#breadcrumb\",\"itemListElement\":[{\"@type\":\"ListItem\",\"position\":1,\"name\":\"Home\",\"item\":\"https:\/\/www.welovecycling.com\/sk\/\"},{\"@type\":\"ListItem\",\"position\":2,\"name\":\"Za\u017eite majstrovstv\u00e1 SR v cestnej cyklistike na\u017eivo\"}]},{\"@type\":\"WebSite\",\"@id\":\"https:\/\/www.welovecycling.com\/sk\/#website\",\"url\":\"https:\/\/www.welovecycling.com\/sk\/\",\"name\":\"\u0160koda We Love Cycling Slovensko\",\"description\":\"\u0160koda We Love Cycling Slovensko je v\u00e1\u0161 ka\u017edodenn\u00fd zdroj noviniek a in\u0161pir\u00e1cie z sveta cyklistiky\",\"potentialAction\":[{\"@type\":\"SearchAction\",\"target\":{\"@type\":\"EntryPoint\",\"urlTemplate\":\"https:\/\/www.welovecycling.com\/sk\/?s={search_term_string}\"},\"query-input\":{\"@type\":\"PropertyValueSpecification\",\"valueRequired\":true,\"valueName\":\"search_term_string\"}}],\"inLanguage\":\"sk-SK\"}]}<\/script>\n<!-- \/ Yoast SEO Premium plugin. -->","yoast_head_json":{"title":"Za\u017eite majstrovstv\u00e1 SR v cestnej cyklistike na\u017eivo - \u0160koda We Love Cycling Slovensko","robots":{"index":"index","follow":"follow","max-snippet":"max-snippet:-1","max-image-preview":"max-image-preview:large","max-video-preview":"max-video-preview:-1"},"canonical":"https:\/\/www.welovecycling.com\/sk\/zazite-majstrovstva-sr-v-cestnej-cyklistike-nazivo\/","og_locale":"sk_SK","og_type":"article","og_title":"Za\u017eite majstrovstv\u00e1 SR v cestnej cyklistike na\u017eivo","og_description":"Pravidl\u00e1 s\u00fa\u0165a\u017ee na stiahnutie: pravidla_WLC_MS_tlmace.pdf","og_url":"https:\/\/www.welovecycling.com\/sk\/zazite-majstrovstva-sr-v-cestnej-cyklistike-nazivo\/","og_site_name":"\u0160koda We Love Cycling Slovensko","article_modified_time":"2023-06-15T12:15:15+00:00","twitter_card":"summary_large_image","schema":{"@context":"https:\/\/schema.org","@graph":[{"@type":"WebPage","@id":"https:\/\/www.welovecycling.com\/sk\/zazite-majstrovstva-sr-v-cestnej-cyklistike-nazivo\/","url":"https:\/\/www.welovecycling.com\/sk\/zazite-majstrovstva-sr-v-cestnej-cyklistike-nazivo\/","name":"Za\u017eite majstrovstv\u00e1 SR v cestnej cyklistike na\u017eivo - \u0160koda We Love Cycling Slovensko","isPartOf":{"@id":"https:\/\/www.welovecycling.com\/sk\/#website"},"datePublished":"2023-06-15T12:14:45+00:00","dateModified":"2023-06-15T12:15:15+00:00","breadcrumb":{"@id":"https:\/\/www.welovecycling.com\/sk\/zazite-majstrovstva-sr-v-cestnej-cyklistike-nazivo\/#breadcrumb"},"inLanguage":"sk-SK","potentialAction":[{"@type":"ReadAction","target":["https:\/\/www.welovecycling.com\/sk\/zazite-majstrovstva-sr-v-cestnej-cyklistike-nazivo\/"]}]},{"@type":"BreadcrumbList","@id":"https:\/\/www.welovecycling.com\/sk\/zazite-majstrovstva-sr-v-cestnej-cyklistike-nazivo\/#breadcrumb","itemListElement":[{"@type":"ListItem","position":1,"name":"Home","item":"https:\/\/www.welovecycling.com\/sk\/"},{"@type":"ListItem","position":2,"name":"Za\u017eite majstrovstv\u00e1 SR v cestnej cyklistike na\u017eivo"}]},{"@type":"WebSite","@id":"https:\/\/www.welovecycling.com\/sk\/#website","url":"https:\/\/www.welovecycling.com\/sk\/","name":"\u0160koda We Love Cycling Slovensko","description":"\u0160koda We Love Cycling Slovensko je v\u00e1\u0161 ka\u017edodenn\u00fd zdroj noviniek a in\u0161pir\u00e1cie z sveta cyklistiky","potentialAction":[{"@type":"SearchAction","target":{"@type":"EntryPoint","urlTemplate":"https:\/\/www.welovecycling.com\/sk\/?s={search_term_string}"},"query-input":{"@type":"PropertyValueSpecification","valueRequired":true,"valueName":"search_term_string"}}],"inLanguage":"sk-SK"}]}},"_links":{"self":[{"href":"https:\/\/www.welovecycling.com\/sk\/wp-json\/wp\/v2\/pages\/17706","targetHints":{"allow":["GET"]}}],"collection":[{"href":"https:\/\/www.welovecycling.com\/sk\/wp-json\/wp\/v2\/pages"}],"about":[{"href":"https:\/\/www.welovecycling.com\/sk\/wp-json\/wp\/v2\/types\/page"}],"author":[{"embeddable":true,"href":"https:\/\/www.welovecycling.com\/sk\/wp-json\/wp\/v2\/users\/40"}],"replies":[{"embeddable":true,"href":"https:\/\/www.welovecycling.com\/sk\/wp-json\/wp\/v2\/comments?post=17706"}],"version-history":[{"count":2,"href":"https:\/\/www.welovecycling.com\/sk\/wp-json\/wp\/v2\/pages\/17706\/revisions"}],"predecessor-version":[{"id":17708,"href":"https:\/\/www.welovecycling.com\/sk\/wp-json\/wp\/v2\/pages\/17706\/revisions\/17708"}],"wp:attachment":[{"href":"https:\/\/www.welovecycling.com\/sk\/wp-json\/wp\/v2\/media?parent=17706"}],"wp:term":[{"taxonomy":"post_tag","embeddable":true,"href":"https:\/\/www.welovecycling.com\/sk\/wp-json\/wp\/v2\/tags?post=17706"}],"curies":[{"name":"wp","href":"https:\/\/api.w.org\/{rel}","templated":true}]}}