{"id":12838,"date":"2021-09-03T12:33:51","date_gmt":"2021-09-03T10:33:51","guid":{"rendered":"https:\/\/www.welovecycling.com\/sk\/?page_id=12838"},"modified":"2021-09-03T12:33:51","modified_gmt":"2021-09-03T10:33:51","slug":"podmienky-sutaze-o-najhorsiu-cyklotrasu","status":"publish","type":"page","link":"https:\/\/www.welovecycling.com\/sk\/podmienky-sutaze-o-najhorsiu-cyklotrasu\/","title":{"rendered":"Podmienky s\u00fa\u0165a\u017ee o najhor\u0161iu cyklotrasu"},"content":{"rendered":"<p>Tieto pravidl\u00e1 upravuj\u00fa podmienky s\u00fa\u0165a\u017ee &#8222;Najhor\u0161ia cyklotrasa&#8220; (\u010falej len &#8222;s\u00fa\u0165a\u017e&#8220;) a s\u00fa jedin\u00fdm dokumentom, ktor\u00fd \u00faplne a z\u00e1v\u00e4zne upravuje pravidl\u00e1 tejto s\u00fa\u0165a\u017ee.<\/p>\n<ol>\n<li><strong> Hostite\u013e a organiz\u00e1tor s\u00fa\u0165a\u017ee<\/strong><\/li>\n<\/ol>\n<p>Hostite\u013eom s\u00fa\u0165a\u017ee je \u0160koda AUTO a.s., akciov\u00e1 spolo\u010dnos\u0165 so s\u00eddlom na adrese t\u0159. V\u00e1clava Klementa 869, 293 01 Mlad\u00e1 Boleslav, \u010cesk\u00e1 republika, I\u010cO 00177041, zap\u00edsan\u00e1 v obchodnom registri vedenom Mestsk\u00fdm s\u00fadom v Prahe, oddiel B, vlo\u017eka \u010d\u00edslo 332 (\u010falej len &#8222;Hostite\u013e&#8220;).<\/p>\n<p>Organiz\u00e1torom s\u00fa\u0165a\u017ee, ktor\u00fd zabezpe\u010duje praktick\u00e9 kroky pri jej organiz\u00e1cii, je spolo\u010dnos\u0165 MUSTARD s.r.o., so s\u00eddlom Praha 1 &#8211; Nov\u00e9 M\u011bsto, Masarykovo n\u00e1b\u0159. 246, 110 00, \u010cesk\u00e1 republika, I\u010cO 28531418, zap\u00edsan\u00e1 v obchodnom registri vedenom Mestsk\u00fdm s\u00fadom v Prahe v oddiele C, vlo\u017eka \u010d\u00edslo 148383 (\u010falej len &#8222;Organiz\u00e1tor&#8220;).<\/p>\n<ol start=\"2\">\n<li><strong> Podmienky a miesto s\u00fa\u0165a\u017ee, obdobia s\u00fa\u0165a\u017ee<\/strong><\/li>\n<\/ol>\n<p>S\u00fa\u0165a\u017e sa bude kona\u0165 od 00:00 (SE\u010c) 20.08. 2021 do 23:59 (CET) 31.10. 2021. S\u00fa\u0165a\u017e sa bude kona\u0165 na webov\u00fdch str\u00e1nkach www.welovecycling.com (\u010falej len \u201ewebov\u00e1 str\u00e1nka\u201c), kde prebieha predov\u0161etk\u00fdm komunik\u00e1cia s \u00fa\u010dastn\u00edkmi. Jednotliv\u00e9 obdobia S\u00fa\u0165a\u017ee s\u00fa nasledovn\u00e9:<\/p>\n<p>Od \/ Do \/ Po\u010det hlavn\u00fdch cien \/ Po\u010det ved\u013eaj\u0161\u00edch cien<\/p>\n<p>obdobie obsahu &#8211; 00:00 AM (CET) 20.08. 2021 do 23:59 (CET) 31.10. 2021; 8\/8<\/p>\n<ol>\n<li><strong>\u00da\u010dastn\u00edci s\u00fa\u0165a\u017ee<\/strong><\/li>\n<\/ol>\n<p>S\u00fa\u0165a\u017ee sa m\u00f4\u017ee z\u00fa\u010dastni\u0165 ka\u017ed\u00e1 osoba, ktor\u00e1 dosiahla vek aspo\u0148 18 rokov, ovl\u00e1da angli\u010dtinu na stredne pokro\u010dilej \u00farovni a m\u00e1 bydlisko v jednej z kraj\u00edn, kde sa s\u00fa\u0165a\u017e kon\u00e1. S\u00fa\u0165a\u017e sa kon\u00e1 v t\u00fdchto krajin\u00e1ch: ANDORRA, RAK\u00daSKO, BELGICKO, BOSNA, BULHARSKO, CHORV\u00c1TSKO, \u010cESK\u00c1 REPUBLIKA, D\u00c1NSKO, EST\u00d3NSKO, F\u00cdNSKO, FRANC\u00daZSKO, NEMECKO, VE\u013dK\u00c1 BRIT\u00c1NIA, GR\u00c9CKO, MA\u010eARSKO, ISLAND, \u00cdRSKO, TALIANSKO, LOTY\u0160SKO, LICHTEN\u0160TAJNSKO, LITVA, LUXEMBURSKO, \u010cIERNA HORA, HOLANDSKO, N\u00d3RSKO, PO\u013dSKO, PORTUGALSKO, RUMUNSKO, SRBSKO, SLOVENSKO, SLOVINSKO, \u0160PANIELSKO, \u0160V\u00c9DSKO, \u0160VAJ\u010cIARSKO.<\/p>\n<p>Pre \u00fa\u010das\u0165 v s\u00fa\u0165a\u017ei je potrebn\u00e9 uvies\u0165 e-mailov\u00fa adresu pri odosielan\u00ed fotografie cyklotrasy na webovej str\u00e1nke s\u00fa\u0165a\u017ee kedyko\u013evek po\u010das obdobia s\u00fa\u0165a\u017ee a potvrdi\u0165 bezv\u00fdhradn\u00fd s\u00fahlas s t\u00fdmito pravidlami. S\u00fa\u010das\u0165ou registr\u00e1cie (prihlasovacieho formul\u00e1ra) je poskytnutie osobn\u00fdch \u00fadajov &#8211; e-mailovej adresy, ktor\u00e1 bude pou\u017eit\u00e1 len na \u00fa\u010dely tejto S\u00fa\u0165a\u017ee.<\/p>\n<p>Ka\u017ed\u00fd \u00fa\u010dastn\u00edk sa m\u00f4\u017ee zaregistrova\u0165 len raz a len pod svoj\u00edm vlastn\u00fdm e-mailom, pri\u010dom hostite\u013e s\u00fa\u0165a\u017ee si vyhradzuje pr\u00e1vo kontrolova\u0165 toto pravidlo technick\u00fdmi aj organiza\u010dn\u00fdmi prostriedkami.<\/p>\n<p>S\u00fa\u0165a\u017ee sa nem\u00f4\u017eu z\u00fa\u010dastni\u0165 v\u0161etky osoby, ktor\u00e9 sa podie\u013eali na pr\u00edprave tejto S\u00fa\u0165a\u017ee, najm\u00e4 osoby v pracovnom alebo obdobnom pomere k Usporiadate\u013eovi alebo Organiz\u00e1torovi, ako aj v\u0161etky osoby v obdobnom pomere k z\u00fa\u010dastnen\u00e9mu autorizovan\u00e9mu partnerovi \u0160koda alebo k agent\u00faram poveren\u00fdm zabezpe\u010den\u00edm tejto S\u00fa\u0165a\u017ee, ich rodinn\u00ed pr\u00edslu\u0161n\u00edci a osoby im bl\u00edzke.<\/p>\n<ol start=\"4\">\n<li><strong> Mechanizmus s\u00fa\u0165a\u017ee, vyhodnotenie v\u00ed\u0165azov<\/strong><\/li>\n<\/ol>\n<p>\u00dalohou \u00fa\u010dastn\u00edka s\u00fa\u0165a\u017ee je \u00faspe\u0161ne odosla\u0165 fotografiu s mot\u00edvom cyklotrasy na webovej str\u00e1nke s\u00fa\u0165a\u017ee. V\u0161etci \u00fa\u010dastn\u00edci, ktor\u00ed v s\u00fa\u0165a\u017enom obdob\u00ed \u00faspe\u0161ne odoslali fotografiu s mot\u00edvom cyklotrasy na webov\u00fa str\u00e1nku s\u00fa\u0165a\u017ee, maj\u00fa \u0161ancu z\u00edska\u0165 cenu.<\/p>\n<p>V obdob\u00ed s\u00fa\u0165a\u017ee vyhr\u00e1 hlavn\u00e9 ceny ten \u00fa\u010dastn\u00edk, ktor\u00fd uviedol svoju e-mailov\u00fa adresu na poz\u00edcii 1\/9, 2\/9, 3\/9, 4\/9, 5\/9, 6\/9, 7\/9 a 8\/9 v zozname v\u0161etk\u00fdch \u00fa\u010dastn\u00edkov. Ak po\u010det \u00fa\u010dastn\u00edkov nie je delite\u013en\u00fd 9, v\u00fdsledn\u00e9 \u010d\u00edslo sa zaokr\u00fahli nadol na najbli\u017e\u0161ie cel\u00e9 \u010d\u00edslo delite\u013en\u00e9 9.<\/p>\n<p>Sekund\u00e1rne ceny z\u00edskaj\u00fa t\u00ed \u00fa\u010dastn\u00edci, ktor\u00ed poskytli svoju e-mailov\u00fa adresu umiestnen\u00fa na 1\/11, 2\/11, 3\/11, 4\/11, 5\/11, 6\/11, 7\/11 a 8\/11 v zozname v\u0161etk\u00fdch \u00fa\u010dastn\u00edkov. Ak po\u010det \u00fa\u010dastn\u00edkov nie je delite\u013en\u00fd 11, v\u00fdsledn\u00e9 \u010d\u00edslo sa zaokr\u00fahli nadol na najbli\u017e\u0161ie cel\u00e9 \u010d\u00edslo delite\u013en\u00e9 11.<\/p>\n<p>V\u0161etky vy\u0161\u0161ie uveden\u00e9 zoznamy \u00fa\u010dastn\u00edkov bud\u00fa v\u017edy zoraden\u00e9 chronologicky pod\u013ea \u010dasu zaslania s\u00fa\u0165a\u017en\u00fdch ot\u00e1zok.<\/p>\n<p>Hostite\u013e s\u00fa\u0165a\u017ee bude informova\u0165 v\u00fdhercov prostredn\u00edctvom e-mailu uveden\u00e9ho pri registr\u00e1cii do piatich dn\u00ed po skon\u010den\u00ed pr\u00edslu\u0161n\u00e9ho obdobia s\u00fa\u0165a\u017ee a v\u00fdhercovia bud\u00fa po\u017eiadan\u00ed o poskytnutie \u00fadajov potrebn\u00fdch na odovzdanie alebo zaslanie v\u00fdhry alebo na \u010fal\u0161iu komunik\u00e1ciu. Ak v\u00fdherca nereaguje ani na opakovane zaslan\u00fd e-mail od Usporiadate\u013ea s\u00fa\u0165a\u017ee alebo neposkytne kontaktn\u00e9 \u00fadaje do 24 hod\u00edn od zaslania e-mailu, jeho v\u00fdhra zanik\u00e1 bez akejko\u013evek n\u00e1hrady.<\/p>\n<ol start=\"5\">\n<li><strong> Opis cien<\/strong><\/li>\n<\/ol>\n<p>Hlavn\u00e1 cena:<\/p>\n<ul>\n<li>8x Poc Omne Air<\/li>\n<\/ul>\n<p>Druh\u00e9 ceny:<\/p>\n<ul>\n<li>8x Tri\u010dko We Love Cycling<\/li>\n<\/ul>\n<ol start=\"6\">\n<li><strong> Z\u00edskavanie a pou\u017e\u00edvanie nahr\u00e1vok<\/strong><\/li>\n<\/ol>\n<p>Ak sa \u00fa\u010dastn\u00edk stane v\u00fdhercom, ude\u013euje hostite\u013eovi s\u00fahlas na z\u00edskanie a pou\u017eitie portr\u00e9tov, p\u00edsomn\u00fdch vyhl\u00e1sen\u00ed, fotografi\u00ed a zvukov\u00fdch a obrazov\u00fdch z\u00e1znamov t\u00fdkaj\u00facich sa \u00fa\u010dastn\u00edka a\/alebo prejavov osobnej povahy z\u00edskan\u00fdch hostite\u013eom v s\u00favislosti s organizovan\u00edm s\u00fa\u0165a\u017ee a doru\u010den\u00edm alebo vylosovan\u00edm v\u00fdhry na komer\u010dn\u00e9 \u00fa\u010dely vo v\u0161etk\u00fdch komunika\u010dn\u00fdch m\u00e9di\u00e1ch bez oh\u013eadu na ich charakter a \u0161pecifik\u00e1cie, s pou\u017eit\u00edm v\u0161etk\u00fdch typick\u00fdch prostriedkov, s ich n\u00e1slednou \u00fapravou a s mo\u017en\u00fdm spojen\u00edm s in\u00fdmi dielami a zaraden\u00edm do s\u00faborn\u00e9ho diela. \u00da\u010dastn\u00edk s\u00fa\u0165a\u017ee ude\u013euje hostite\u013eovi tento s\u00fahlas bezplatne bez vecn\u00e9ho, \u010dasov\u00e9ho, mno\u017estevn\u00e9ho alebo \u00fazemn\u00e9ho obmedzenia a m\u00f4\u017ee ho kedyko\u013evek odvola\u0165. Tento s\u00fahlas sa vz\u0165ahuje aj na tretie strany, ktor\u00fdm m\u00f4\u017ee Hostite\u013e poskytn\u00fa\u0165 tak\u00e9to nahr\u00e1vky pod\u013ea vlastn\u00e9ho uv\u00e1\u017eenia.<\/p>\n<ol start=\"7\">\n<li><strong> \u010eal\u0161ie d\u00f4le\u017eit\u00e9 podmienky<\/strong><\/li>\n<\/ol>\n<p>Presn\u00e9 \u0161pecifik\u00e1cie v\u00fdhier ur\u010duje v\u00fdlu\u010dne hostite\u013e. Zobrazenie v\u00fdhier v propaga\u010dn\u00fdch materi\u00e1loch je ilustra\u010dn\u00e9. Na z\u00edskanie hlavnej v\u00fdhry je potrebn\u00e9 splni\u0165 \u010fal\u0161ie podmienky (pas, v\u00edza at\u010f.) a povinnosti v\u00fdhercu a zv\u00e1\u017ei\u0165 riadnu sp\u00f4sobilos\u0165, najm\u00e4 zdravotn\u00fa, na \u00fa\u010das\u0165. Usporiadate\u013e nezodpoved\u00e1 za pr\u00edpadn\u00e9 \u0161kody sp\u00f4soben\u00e9 \u00fa\u010dastn\u00edkovi v d\u00f4sledku vyu\u017eitia v\u00fdhry.<\/p>\n<p>\u00da\u010dastn\u00edci nie s\u00fa opr\u00e1vnen\u00ed po\u017eadova\u0165 ako n\u00e1hradu za v\u00fdhru peniaze alebo in\u00e9 druhy plnenia. Hostite\u013e t\u00fdmto nie je inak zaviazan\u00fd poskytn\u00fa\u0165 \u00fa\u010dastn\u00edkom s\u00fa\u0165a\u017ee plnenie a \u00fa\u010dastn\u00edci nemaj\u00fa n\u00e1rok na in\u00e9 plnenie zo strany Hostite\u013ea, ne\u017e je v\u00fdslovne uveden\u00e9 v tomto dokumente.<\/p>\n<p>Hostite\u013e nezodpoved\u00e1 za kvalitu cien dodan\u00fdch tret\u00edmi stranami. Zodpovednos\u0165 za pr\u00edpadn\u00e9 vady je potrebn\u00e9 uplatni\u0165 priamo u t\u00fdchto dod\u00e1vate\u013eov. Hostite\u013e si vyhradzuje pr\u00e1vo na zmenu cien pod\u013ea vlastn\u00e9ho uv\u00e1\u017eenia.<\/p>\n<p>\u00da\u010dastn\u00edk m\u00f4\u017ee by\u0165 zo s\u00fa\u0165a\u017ee vyl\u00fa\u010den\u00fd, ak hostite\u013e zist\u00ed alebo m\u00e1 d\u00f4vodn\u00e9 podozrenie, \u017ee sa \u00fa\u010dastn\u00edk alebo in\u00e9 osoby, ktor\u00e9 mu pom\u00e1haj\u00fa, dopustili podvodu s cie\u013eom z\u00edska\u0165 v\u00fdhry alebo sa dopustili nekal\u00e9ho konania alebo konania, ktor\u00e9 nie je zalo\u017een\u00e9 na vedom\u00ed \u00fa\u010dastn\u00edka v s\u00falade s pravidlami.<\/p>\n<p>Hostite\u013e nenesie zodpovednos\u0165 za pr\u00edpadn\u00e9 nedoru\u010denie spr\u00e1v alebo v\u00fdhier. Hostite\u013e nezodpoved\u00e1 za \u017eiadnu chybu, ktor\u00e1 vznikla v d\u00f4sledku technick\u00fdch alebo komunika\u010dn\u00fdch probl\u00e9mov. Hostite\u013e rozhoduje s kone\u010dnou platnos\u0165ou o ak\u00fdchko\u013evek s\u0165a\u017enostiach alebo predlo\u017een\u00fdch n\u00e1mietkach. Hostite\u013e si vyhradzuje pr\u00e1vo bez povinnosti poskytn\u00fa\u0165 n\u00e1hradu skr\u00e1ti\u0165, odlo\u017ei\u0165, pozastavi\u0165 alebo zru\u0161i\u0165 podujatie a v\u00fdhry, pr\u00edpadne jednostranne zmeni\u0165 alebo doplni\u0165 tieto pravidl\u00e1 po\u010das trvania podujatia, a to ozn\u00e1men\u00edm tak\u00fdchto zmien na vy\u0161\u0161ie uvedenej webovej str\u00e1nke, kde je mo\u017en\u00e9 n\u00e1js\u0165 aj platn\u00e9 a \u00fapln\u00e9 znenie pravidiel.<\/p>\n<p>T\u00e1to s\u00fa\u0165a\u017e nie je \u017eiadnym sp\u00f4sobom prev\u00e1dzkovan\u00e1, sponzorovan\u00e1 ani spojen\u00e1 so spolo\u010dnos\u0165ou Facebook a spolo\u010dnos\u0165 Facebook za \u0148u nezodpoved\u00e1. Inform\u00e1cie poskytnut\u00e9 po\u010das podujatia nebud\u00fa poskytnut\u00e9 spolo\u010dnosti Facebook. V\u0161etky ot\u00e1zky, pripomienky alebo s\u0165a\u017enosti t\u00fdkaj\u00face sa aplik\u00e1cie musia by\u0165 adresovan\u00e9 hostite\u013eovi, nie spolo\u010dnosti Facebook.<\/p>\n<p>T\u00e1to s\u00fa\u0165a\u017e sa riadi z\u00e1konmi \u010ceskej republiky, s v\u00fdnimkou pr\u00edpadov, ke\u010f to vylu\u010duj\u00fa platn\u00e9 pr\u00e1vne predpisy kraj\u00edn \u00fa\u010dastn\u00edkov.<\/p>\n<p>&nbsp;<\/p>\n","protected":false},"excerpt":{"rendered":"<p>Tieto pravidl\u00e1 upravuj\u00fa podmienky s\u00fa\u0165a\u017ee &#8222;Najhor\u0161ia cyklotrasa&#8220; (\u010falej len &#8222;s\u00fa\u0165a\u017e&#8220;) a s\u00fa jedin\u00fdm dokumentom, ktor\u00fd \u00faplne a z\u00e1v\u00e4zne upravuje pravidl\u00e1 [&hellip;]<\/p>\n","protected":false},"author":99,"featured_media":0,"parent":0,"menu_order":0,"comment_status":"closed","ping_status":"closed","template":"","meta":{"footnotes":""},"tags":[],"class_list":["post-12838","page","type-page","status-publish","hentry"],"yoast_head":"<!-- This site is optimized with the Yoast SEO Premium plugin v25.3 (Yoast SEO v25.9) - https:\/\/yoast.com\/wordpress\/plugins\/seo\/ -->\n<title>Podmienky s\u00fa\u0165a\u017ee o najhor\u0161iu cyklotrasu - \u0160koda We Love Cycling Slovensko<\/title>\n<meta name=\"robots\" content=\"index, follow, max-snippet:-1, max-image-preview:large, max-video-preview:-1\" \/>\n<link rel=\"canonical\" href=\"https:\/\/www.welovecycling.com\/sk\/podmienky-sutaze-o-najhorsiu-cyklotrasu\/\" \/>\n<meta property=\"og:locale\" content=\"sk_SK\" \/>\n<meta property=\"og:type\" content=\"article\" \/>\n<meta property=\"og:title\" content=\"Podmienky s\u00fa\u0165a\u017ee o najhor\u0161iu cyklotrasu\" \/>\n<meta property=\"og:description\" content=\"Tieto pravidl\u00e1 upravuj\u00fa podmienky s\u00fa\u0165a\u017ee &#8222;Najhor\u0161ia cyklotrasa&#8220; (\u010falej len &#8222;s\u00fa\u0165a\u017e&#8220;) a s\u00fa jedin\u00fdm dokumentom, ktor\u00fd \u00faplne a z\u00e1v\u00e4zne upravuje pravidl\u00e1 [&hellip;]\" \/>\n<meta property=\"og:url\" content=\"https:\/\/www.welovecycling.com\/sk\/podmienky-sutaze-o-najhorsiu-cyklotrasu\/\" \/>\n<meta property=\"og:site_name\" content=\"\u0160koda We Love Cycling Slovensko\" \/>\n<meta name=\"twitter:card\" content=\"summary_large_image\" \/>\n<meta name=\"twitter:label1\" content=\"Est. reading time\" \/>\n\t<meta name=\"twitter:data1\" content=\"7 minutes\" \/>\n<script type=\"application\/ld+json\" class=\"yoast-schema-graph\">{\"@context\":\"https:\/\/schema.org\",\"@graph\":[{\"@type\":\"WebPage\",\"@id\":\"https:\/\/www.welovecycling.com\/sk\/podmienky-sutaze-o-najhorsiu-cyklotrasu\/\",\"url\":\"https:\/\/www.welovecycling.com\/sk\/podmienky-sutaze-o-najhorsiu-cyklotrasu\/\",\"name\":\"Podmienky s\u00fa\u0165a\u017ee o najhor\u0161iu cyklotrasu - \u0160koda We Love Cycling Slovensko\",\"isPartOf\":{\"@id\":\"https:\/\/www.welovecycling.com\/sk\/#website\"},\"datePublished\":\"2021-09-03T10:33:51+00:00\",\"breadcrumb\":{\"@id\":\"https:\/\/www.welovecycling.com\/sk\/podmienky-sutaze-o-najhorsiu-cyklotrasu\/#breadcrumb\"},\"inLanguage\":\"sk-SK\",\"potentialAction\":[{\"@type\":\"ReadAction\",\"target\":[\"https:\/\/www.welovecycling.com\/sk\/podmienky-sutaze-o-najhorsiu-cyklotrasu\/\"]}]},{\"@type\":\"BreadcrumbList\",\"@id\":\"https:\/\/www.welovecycling.com\/sk\/podmienky-sutaze-o-najhorsiu-cyklotrasu\/#breadcrumb\",\"itemListElement\":[{\"@type\":\"ListItem\",\"position\":1,\"name\":\"Home\",\"item\":\"https:\/\/www.welovecycling.com\/sk\/\"},{\"@type\":\"ListItem\",\"position\":2,\"name\":\"Podmienky s\u00fa\u0165a\u017ee o najhor\u0161iu cyklotrasu\"}]},{\"@type\":\"WebSite\",\"@id\":\"https:\/\/www.welovecycling.com\/sk\/#website\",\"url\":\"https:\/\/www.welovecycling.com\/sk\/\",\"name\":\"\u0160koda We Love Cycling Slovensko\",\"description\":\"\u0160koda We Love Cycling Slovensko je v\u00e1\u0161 ka\u017edodenn\u00fd zdroj noviniek a in\u0161pir\u00e1cie z sveta cyklistiky\",\"potentialAction\":[{\"@type\":\"SearchAction\",\"target\":{\"@type\":\"EntryPoint\",\"urlTemplate\":\"https:\/\/www.welovecycling.com\/sk\/?s={search_term_string}\"},\"query-input\":{\"@type\":\"PropertyValueSpecification\",\"valueRequired\":true,\"valueName\":\"search_term_string\"}}],\"inLanguage\":\"sk-SK\"}]}<\/script>\n<!-- \/ Yoast SEO Premium plugin. -->","yoast_head_json":{"title":"Podmienky s\u00fa\u0165a\u017ee o najhor\u0161iu cyklotrasu - \u0160koda We Love Cycling Slovensko","robots":{"index":"index","follow":"follow","max-snippet":"max-snippet:-1","max-image-preview":"max-image-preview:large","max-video-preview":"max-video-preview:-1"},"canonical":"https:\/\/www.welovecycling.com\/sk\/podmienky-sutaze-o-najhorsiu-cyklotrasu\/","og_locale":"sk_SK","og_type":"article","og_title":"Podmienky s\u00fa\u0165a\u017ee o najhor\u0161iu cyklotrasu","og_description":"Tieto pravidl\u00e1 upravuj\u00fa podmienky s\u00fa\u0165a\u017ee &#8222;Najhor\u0161ia cyklotrasa&#8220; (\u010falej len &#8222;s\u00fa\u0165a\u017e&#8220;) a s\u00fa jedin\u00fdm dokumentom, ktor\u00fd \u00faplne a z\u00e1v\u00e4zne upravuje pravidl\u00e1 [&hellip;]","og_url":"https:\/\/www.welovecycling.com\/sk\/podmienky-sutaze-o-najhorsiu-cyklotrasu\/","og_site_name":"\u0160koda We Love Cycling Slovensko","twitter_card":"summary_large_image","twitter_misc":{"Est. reading time":"7 minutes"},"schema":{"@context":"https:\/\/schema.org","@graph":[{"@type":"WebPage","@id":"https:\/\/www.welovecycling.com\/sk\/podmienky-sutaze-o-najhorsiu-cyklotrasu\/","url":"https:\/\/www.welovecycling.com\/sk\/podmienky-sutaze-o-najhorsiu-cyklotrasu\/","name":"Podmienky s\u00fa\u0165a\u017ee o najhor\u0161iu cyklotrasu - \u0160koda We Love Cycling Slovensko","isPartOf":{"@id":"https:\/\/www.welovecycling.com\/sk\/#website"},"datePublished":"2021-09-03T10:33:51+00:00","breadcrumb":{"@id":"https:\/\/www.welovecycling.com\/sk\/podmienky-sutaze-o-najhorsiu-cyklotrasu\/#breadcrumb"},"inLanguage":"sk-SK","potentialAction":[{"@type":"ReadAction","target":["https:\/\/www.welovecycling.com\/sk\/podmienky-sutaze-o-najhorsiu-cyklotrasu\/"]}]},{"@type":"BreadcrumbList","@id":"https:\/\/www.welovecycling.com\/sk\/podmienky-sutaze-o-najhorsiu-cyklotrasu\/#breadcrumb","itemListElement":[{"@type":"ListItem","position":1,"name":"Home","item":"https:\/\/www.welovecycling.com\/sk\/"},{"@type":"ListItem","position":2,"name":"Podmienky s\u00fa\u0165a\u017ee o najhor\u0161iu cyklotrasu"}]},{"@type":"WebSite","@id":"https:\/\/www.welovecycling.com\/sk\/#website","url":"https:\/\/www.welovecycling.com\/sk\/","name":"\u0160koda We Love Cycling Slovensko","description":"\u0160koda We Love Cycling Slovensko je v\u00e1\u0161 ka\u017edodenn\u00fd zdroj noviniek a in\u0161pir\u00e1cie z sveta cyklistiky","potentialAction":[{"@type":"SearchAction","target":{"@type":"EntryPoint","urlTemplate":"https:\/\/www.welovecycling.com\/sk\/?s={search_term_string}"},"query-input":{"@type":"PropertyValueSpecification","valueRequired":true,"valueName":"search_term_string"}}],"inLanguage":"sk-SK"}]}},"_links":{"self":[{"href":"https:\/\/www.welovecycling.com\/sk\/wp-json\/wp\/v2\/pages\/12838","targetHints":{"allow":["GET"]}}],"collection":[{"href":"https:\/\/www.welovecycling.com\/sk\/wp-json\/wp\/v2\/pages"}],"about":[{"href":"https:\/\/www.welovecycling.com\/sk\/wp-json\/wp\/v2\/types\/page"}],"author":[{"embeddable":true,"href":"https:\/\/www.welovecycling.com\/sk\/wp-json\/wp\/v2\/users\/99"}],"replies":[{"embeddable":true,"href":"https:\/\/www.welovecycling.com\/sk\/wp-json\/wp\/v2\/comments?post=12838"}],"version-history":[{"count":1,"href":"https:\/\/www.welovecycling.com\/sk\/wp-json\/wp\/v2\/pages\/12838\/revisions"}],"predecessor-version":[{"id":12839,"href":"https:\/\/www.welovecycling.com\/sk\/wp-json\/wp\/v2\/pages\/12838\/revisions\/12839"}],"wp:attachment":[{"href":"https:\/\/www.welovecycling.com\/sk\/wp-json\/wp\/v2\/media?parent=12838"}],"wp:term":[{"taxonomy":"post_tag","embeddable":true,"href":"https:\/\/www.welovecycling.com\/sk\/wp-json\/wp\/v2\/tags?post=12838"}],"curies":[{"name":"wp","href":"https:\/\/api.w.org\/{rel}","templated":true}]}}