{"id":12757,"date":"2021-08-27T12:33:35","date_gmt":"2021-08-27T10:33:35","guid":{"rendered":"https:\/\/www.welovecycling.com\/sk\/?page_id=12757"},"modified":"2021-09-03T12:34:49","modified_gmt":"2021-09-03T10:34:49","slug":"najhorsej-cyklotrasy-na-svete","status":"publish","type":"page","link":"https:\/\/www.welovecycling.com\/sk\/najhorsej-cyklotrasy-na-svete\/","title":{"rendered":"Najhor\u0161ia cyklotrasa na svete"},"content":{"rendered":"<p>Vitajte v gal\u00e9rii Najhor\u0161ia cyklotrasa na svete. Tu n\u00e1jdete najhor\u0161ie pr\u00edklady skuto\u010dnej cyklistickej infra\u0161trukt\u00fary, ktor\u00e9 n\u00e1m poslali va\u0161i spolujazdci. Najlep\u0161\u00ed pr\u00edspevok v ka\u017edej kateg\u00f3rii <a href=\"https:\/\/www.welovecycling.com\/sk\/podmienky-sutaze-o-najhorsiu-cyklotrasu\/\"><strong>vyhr\u00e1 prilbu POC Omne Air a \u010fal\u0161ie ceny<\/strong>.<\/a> Po\u0161lite teda svoju vlastn\u00fa fotografiu a majte \u0161ancu vyhra\u0165!<\/p>\n","protected":false},"excerpt":{"rendered":"<p>Vitajte v gal\u00e9rii Najhor\u0161ia cyklotrasa na svete. Tu n\u00e1jdete najhor\u0161ie pr\u00edklady skuto\u010dnej cyklistickej infra\u0161trukt\u00fary, ktor\u00e9 n\u00e1m poslali va\u0161i spolujazdci. Najlep\u0161\u00ed [&hellip;]<\/p>\n","protected":false},"author":99,"featured_media":12759,"parent":0,"menu_order":0,"comment_status":"closed","ping_status":"closed","template":"\/var\/www\/html\/web\/app\/plugins\/ys-worst-cycling-lane\/templates\/template-worst-cycling-lane.php","meta":{"footnotes":""},"tags":[],"class_list":["post-12757","page","type-page","status-publish","has-post-thumbnail","hentry"],"yoast_head":"<!-- This site is optimized with the Yoast SEO Premium plugin v25.3 (Yoast SEO v25.9) - https:\/\/yoast.com\/wordpress\/plugins\/seo\/ -->\n<title>Najhor\u0161ia cyklotrasa na svete - \u0160koda We Love Cycling Slovensko<\/title>\n<meta name=\"robots\" content=\"index, follow, max-snippet:-1, max-image-preview:large, max-video-preview:-1\" \/>\n<link rel=\"canonical\" href=\"https:\/\/www.welovecycling.com\/sk\/najhorsej-cyklotrasy-na-svete\/\" \/>\n<meta property=\"og:locale\" content=\"sk_SK\" \/>\n<meta property=\"og:type\" content=\"article\" \/>\n<meta property=\"og:title\" content=\"Najhor\u0161ia cyklotrasa na svete\" \/>\n<meta property=\"og:description\" content=\"Vitajte v gal\u00e9rii Najhor\u0161ia cyklotrasa na svete. Tu n\u00e1jdete najhor\u0161ie pr\u00edklady skuto\u010dnej cyklistickej infra\u0161trukt\u00fary, ktor\u00e9 n\u00e1m poslali va\u0161i spolujazdci. Najlep\u0161\u00ed [&hellip;]\" \/>\n<meta property=\"og:url\" content=\"https:\/\/www.welovecycling.com\/sk\/najhorsej-cyklotrasy-na-svete\/\" \/>\n<meta property=\"og:site_name\" content=\"\u0160koda We Love Cycling Slovensko\" \/>\n<meta property=\"article:modified_time\" content=\"2021-09-03T10:34:49+00:00\" \/>\n<meta property=\"og:image\" content=\"https:\/\/d2p6e6u75xmxt8.cloudfront.net\/4\/2021\/08\/WLC_WorstLane_KV_Desktop-1.webp\" \/>\n\t<meta property=\"og:image:width\" content=\"1920\" \/>\n\t<meta property=\"og:image:height\" content=\"744\" \/>\n\t<meta property=\"og:image:type\" content=\"image\/webp\" \/>\n<meta name=\"twitter:card\" content=\"summary_large_image\" \/>\n<script type=\"application\/ld+json\" class=\"yoast-schema-graph\">{\"@context\":\"https:\/\/schema.org\",\"@graph\":[{\"@type\":\"WebPage\",\"@id\":\"https:\/\/www.welovecycling.com\/sk\/najhorsej-cyklotrasy-na-svete\/\",\"url\":\"https:\/\/www.welovecycling.com\/sk\/najhorsej-cyklotrasy-na-svete\/\",\"name\":\"Najhor\u0161ia cyklotrasa na svete - \u0160koda We Love Cycling Slovensko\",\"isPartOf\":{\"@id\":\"https:\/\/www.welovecycling.com\/sk\/#website\"},\"primaryImageOfPage\":{\"@id\":\"https:\/\/www.welovecycling.com\/sk\/najhorsej-cyklotrasy-na-svete\/#primaryimage\"},\"image\":{\"@id\":\"https:\/\/www.welovecycling.com\/sk\/najhorsej-cyklotrasy-na-svete\/#primaryimage\"},\"thumbnailUrl\":\"https:\/\/d2p6e6u75xmxt8.cloudfront.net\/4\/2021\/08\/WLC_WorstLane_KV_Desktop-1.webp\",\"datePublished\":\"2021-08-27T10:33:35+00:00\",\"dateModified\":\"2021-09-03T10:34:49+00:00\",\"breadcrumb\":{\"@id\":\"https:\/\/www.welovecycling.com\/sk\/najhorsej-cyklotrasy-na-svete\/#breadcrumb\"},\"inLanguage\":\"sk-SK\",\"potentialAction\":[{\"@type\":\"ReadAction\",\"target\":[\"https:\/\/www.welovecycling.com\/sk\/najhorsej-cyklotrasy-na-svete\/\"]}]},{\"@type\":\"ImageObject\",\"inLanguage\":\"sk-SK\",\"@id\":\"https:\/\/www.welovecycling.com\/sk\/najhorsej-cyklotrasy-na-svete\/#primaryimage\",\"url\":\"https:\/\/d2p6e6u75xmxt8.cloudfront.net\/4\/2021\/08\/WLC_WorstLane_KV_Desktop-1.webp\",\"contentUrl\":\"https:\/\/d2p6e6u75xmxt8.cloudfront.net\/4\/2021\/08\/WLC_WorstLane_KV_Desktop-1.webp\",\"width\":1920,\"height\":744,\"caption\":\"Worst Cycle Lane\"},{\"@type\":\"BreadcrumbList\",\"@id\":\"https:\/\/www.welovecycling.com\/sk\/najhorsej-cyklotrasy-na-svete\/#breadcrumb\",\"itemListElement\":[{\"@type\":\"ListItem\",\"position\":1,\"name\":\"Home\",\"item\":\"https:\/\/www.welovecycling.com\/sk\/\"},{\"@type\":\"ListItem\",\"position\":2,\"name\":\"Najhor\u0161ia cyklotrasa na svete\"}]},{\"@type\":\"WebSite\",\"@id\":\"https:\/\/www.welovecycling.com\/sk\/#website\",\"url\":\"https:\/\/www.welovecycling.com\/sk\/\",\"name\":\"\u0160koda We Love Cycling Slovensko\",\"description\":\"\u0160koda We Love Cycling Slovensko je v\u00e1\u0161 ka\u017edodenn\u00fd zdroj noviniek a in\u0161pir\u00e1cie z sveta cyklistiky\",\"potentialAction\":[{\"@type\":\"SearchAction\",\"target\":{\"@type\":\"EntryPoint\",\"urlTemplate\":\"https:\/\/www.welovecycling.com\/sk\/?s={search_term_string}\"},\"query-input\":{\"@type\":\"PropertyValueSpecification\",\"valueRequired\":true,\"valueName\":\"search_term_string\"}}],\"inLanguage\":\"sk-SK\"}]}<\/script>\n<!-- \/ Yoast SEO Premium plugin. -->","yoast_head_json":{"title":"Najhor\u0161ia cyklotrasa na svete - \u0160koda We Love Cycling Slovensko","robots":{"index":"index","follow":"follow","max-snippet":"max-snippet:-1","max-image-preview":"max-image-preview:large","max-video-preview":"max-video-preview:-1"},"canonical":"https:\/\/www.welovecycling.com\/sk\/najhorsej-cyklotrasy-na-svete\/","og_locale":"sk_SK","og_type":"article","og_title":"Najhor\u0161ia cyklotrasa na svete","og_description":"Vitajte v gal\u00e9rii Najhor\u0161ia cyklotrasa na svete. Tu n\u00e1jdete najhor\u0161ie pr\u00edklady skuto\u010dnej cyklistickej infra\u0161trukt\u00fary, ktor\u00e9 n\u00e1m poslali va\u0161i spolujazdci. Najlep\u0161\u00ed [&hellip;]","og_url":"https:\/\/www.welovecycling.com\/sk\/najhorsej-cyklotrasy-na-svete\/","og_site_name":"\u0160koda We Love Cycling Slovensko","article_modified_time":"2021-09-03T10:34:49+00:00","og_image":[{"width":1920,"height":744,"url":"https:\/\/d2p6e6u75xmxt8.cloudfront.net\/4\/2021\/08\/WLC_WorstLane_KV_Desktop-1.webp","type":"image\/webp"}],"twitter_card":"summary_large_image","schema":{"@context":"https:\/\/schema.org","@graph":[{"@type":"WebPage","@id":"https:\/\/www.welovecycling.com\/sk\/najhorsej-cyklotrasy-na-svete\/","url":"https:\/\/www.welovecycling.com\/sk\/najhorsej-cyklotrasy-na-svete\/","name":"Najhor\u0161ia cyklotrasa na svete - \u0160koda We Love Cycling Slovensko","isPartOf":{"@id":"https:\/\/www.welovecycling.com\/sk\/#website"},"primaryImageOfPage":{"@id":"https:\/\/www.welovecycling.com\/sk\/najhorsej-cyklotrasy-na-svete\/#primaryimage"},"image":{"@id":"https:\/\/www.welovecycling.com\/sk\/najhorsej-cyklotrasy-na-svete\/#primaryimage"},"thumbnailUrl":"https:\/\/d2p6e6u75xmxt8.cloudfront.net\/4\/2021\/08\/WLC_WorstLane_KV_Desktop-1.webp","datePublished":"2021-08-27T10:33:35+00:00","dateModified":"2021-09-03T10:34:49+00:00","breadcrumb":{"@id":"https:\/\/www.welovecycling.com\/sk\/najhorsej-cyklotrasy-na-svete\/#breadcrumb"},"inLanguage":"sk-SK","potentialAction":[{"@type":"ReadAction","target":["https:\/\/www.welovecycling.com\/sk\/najhorsej-cyklotrasy-na-svete\/"]}]},{"@type":"ImageObject","inLanguage":"sk-SK","@id":"https:\/\/www.welovecycling.com\/sk\/najhorsej-cyklotrasy-na-svete\/#primaryimage","url":"https:\/\/d2p6e6u75xmxt8.cloudfront.net\/4\/2021\/08\/WLC_WorstLane_KV_Desktop-1.webp","contentUrl":"https:\/\/d2p6e6u75xmxt8.cloudfront.net\/4\/2021\/08\/WLC_WorstLane_KV_Desktop-1.webp","width":1920,"height":744,"caption":"Worst Cycle Lane"},{"@type":"BreadcrumbList","@id":"https:\/\/www.welovecycling.com\/sk\/najhorsej-cyklotrasy-na-svete\/#breadcrumb","itemListElement":[{"@type":"ListItem","position":1,"name":"Home","item":"https:\/\/www.welovecycling.com\/sk\/"},{"@type":"ListItem","position":2,"name":"Najhor\u0161ia cyklotrasa na svete"}]},{"@type":"WebSite","@id":"https:\/\/www.welovecycling.com\/sk\/#website","url":"https:\/\/www.welovecycling.com\/sk\/","name":"\u0160koda We Love Cycling Slovensko","description":"\u0160koda We Love Cycling Slovensko je v\u00e1\u0161 ka\u017edodenn\u00fd zdroj noviniek a in\u0161pir\u00e1cie z sveta cyklistiky","potentialAction":[{"@type":"SearchAction","target":{"@type":"EntryPoint","urlTemplate":"https:\/\/www.welovecycling.com\/sk\/?s={search_term_string}"},"query-input":{"@type":"PropertyValueSpecification","valueRequired":true,"valueName":"search_term_string"}}],"inLanguage":"sk-SK"}]}},"_links":{"self":[{"href":"https:\/\/www.welovecycling.com\/sk\/wp-json\/wp\/v2\/pages\/12757","targetHints":{"allow":["GET"]}}],"collection":[{"href":"https:\/\/www.welovecycling.com\/sk\/wp-json\/wp\/v2\/pages"}],"about":[{"href":"https:\/\/www.welovecycling.com\/sk\/wp-json\/wp\/v2\/types\/page"}],"author":[{"embeddable":true,"href":"https:\/\/www.welovecycling.com\/sk\/wp-json\/wp\/v2\/users\/99"}],"replies":[{"embeddable":true,"href":"https:\/\/www.welovecycling.com\/sk\/wp-json\/wp\/v2\/comments?post=12757"}],"version-history":[{"count":2,"href":"https:\/\/www.welovecycling.com\/sk\/wp-json\/wp\/v2\/pages\/12757\/revisions"}],"predecessor-version":[{"id":12840,"href":"https:\/\/www.welovecycling.com\/sk\/wp-json\/wp\/v2\/pages\/12757\/revisions\/12840"}],"wp:featuredmedia":[{"embeddable":true,"href":"https:\/\/www.welovecycling.com\/sk\/wp-json\/wp\/v2\/media\/12759"}],"wp:attachment":[{"href":"https:\/\/www.welovecycling.com\/sk\/wp-json\/wp\/v2\/media?parent=12757"}],"wp:term":[{"taxonomy":"post_tag","embeddable":true,"href":"https:\/\/www.welovecycling.com\/sk\/wp-json\/wp\/v2\/tags?post=12757"}],"curies":[{"name":"wp","href":"https:\/\/api.w.org\/{rel}","templated":true}]}}