{"id":10130,"date":"2020-06-15T15:46:47","date_gmt":"2020-06-15T13:46:47","guid":{"rendered":"https:\/\/www.welovecycling.com\/sk\/?page_id=10130"},"modified":"2020-06-15T15:46:47","modified_gmt":"2020-06-15T13:46:47","slug":"https-www-welovecycling-com-sk-sbot2019","status":"publish","type":"page","link":"https:\/\/www.welovecycling.com\/sk\/https-www-welovecycling-com-sk-sbot2019\/","title":{"rendered":"https:\/\/www.welovecycling.com\/sk\/sbot2019\/"},"content":{"rendered":"","protected":false},"excerpt":{"rendered":"","protected":false},"author":38,"featured_media":0,"parent":0,"menu_order":0,"comment_status":"closed","ping_status":"closed","template":"","meta":{"footnotes":""},"tags":[],"class_list":["post-10130","page","type-page","status-publish","hentry"],"yoast_head":"<!-- This site is optimized with the Yoast SEO Premium plugin v25.3 (Yoast SEO v25.9) - https:\/\/yoast.com\/wordpress\/plugins\/seo\/ -->\n<title>https:\/\/www.welovecycling.com\/sk\/sbot2019\/ - \u0160koda We Love Cycling Slovensko<\/title>\n<meta name=\"robots\" content=\"index, follow, max-snippet:-1, max-image-preview:large, max-video-preview:-1\" \/>\n<link rel=\"canonical\" href=\"https:\/\/www.welovecycling.com\/sk\/https-www-welovecycling-com-sk-sbot2019\/\" \/>\n<meta property=\"og:locale\" content=\"sk_SK\" \/>\n<meta property=\"og:type\" content=\"article\" \/>\n<meta property=\"og:title\" content=\"https:\/\/www.welovecycling.com\/sk\/sbot2019\/\" \/>\n<meta property=\"og:url\" content=\"https:\/\/www.welovecycling.com\/sk\/https-www-welovecycling-com-sk-sbot2019\/\" \/>\n<meta property=\"og:site_name\" content=\"\u0160koda We Love Cycling Slovensko\" \/>\n<meta name=\"twitter:card\" content=\"summary_large_image\" \/>\n<script type=\"application\/ld+json\" class=\"yoast-schema-graph\">{\"@context\":\"https:\/\/schema.org\",\"@graph\":[{\"@type\":\"WebPage\",\"@id\":\"https:\/\/www.welovecycling.com\/sk\/https-www-welovecycling-com-sk-sbot2019\/\",\"url\":\"https:\/\/www.welovecycling.com\/sk\/https-www-welovecycling-com-sk-sbot2019\/\",\"name\":\"https:\/\/www.welovecycling.com\/sk\/sbot2019\/ - \u0160koda We Love Cycling Slovensko\",\"isPartOf\":{\"@id\":\"https:\/\/www.welovecycling.com\/sk\/#website\"},\"datePublished\":\"2020-06-15T13:46:47+00:00\",\"breadcrumb\":{\"@id\":\"https:\/\/www.welovecycling.com\/sk\/https-www-welovecycling-com-sk-sbot2019\/#breadcrumb\"},\"inLanguage\":\"sk-SK\",\"potentialAction\":[{\"@type\":\"ReadAction\",\"target\":[\"https:\/\/www.welovecycling.com\/sk\/https-www-welovecycling-com-sk-sbot2019\/\"]}]},{\"@type\":\"BreadcrumbList\",\"@id\":\"https:\/\/www.welovecycling.com\/sk\/https-www-welovecycling-com-sk-sbot2019\/#breadcrumb\",\"itemListElement\":[{\"@type\":\"ListItem\",\"position\":1,\"name\":\"Home\",\"item\":\"https:\/\/www.welovecycling.com\/sk\/\"},{\"@type\":\"ListItem\",\"position\":2,\"name\":\"https:\/\/www.welovecycling.com\/sk\/sbot2019\/\"}]},{\"@type\":\"WebSite\",\"@id\":\"https:\/\/www.welovecycling.com\/sk\/#website\",\"url\":\"https:\/\/www.welovecycling.com\/sk\/\",\"name\":\"\u0160koda We Love Cycling Slovensko\",\"description\":\"\u0160koda We Love Cycling Slovensko je v\u00e1\u0161 ka\u017edodenn\u00fd zdroj noviniek a in\u0161pir\u00e1cie z sveta cyklistiky\",\"potentialAction\":[{\"@type\":\"SearchAction\",\"target\":{\"@type\":\"EntryPoint\",\"urlTemplate\":\"https:\/\/www.welovecycling.com\/sk\/?s={search_term_string}\"},\"query-input\":{\"@type\":\"PropertyValueSpecification\",\"valueRequired\":true,\"valueName\":\"search_term_string\"}}],\"inLanguage\":\"sk-SK\"}]}<\/script>\n<!-- \/ Yoast SEO Premium plugin. -->","yoast_head_json":{"title":"https:\/\/www.welovecycling.com\/sk\/sbot2019\/ - \u0160koda We Love Cycling Slovensko","robots":{"index":"index","follow":"follow","max-snippet":"max-snippet:-1","max-image-preview":"max-image-preview:large","max-video-preview":"max-video-preview:-1"},"canonical":"https:\/\/www.welovecycling.com\/sk\/https-www-welovecycling-com-sk-sbot2019\/","og_locale":"sk_SK","og_type":"article","og_title":"https:\/\/www.welovecycling.com\/sk\/sbot2019\/","og_url":"https:\/\/www.welovecycling.com\/sk\/https-www-welovecycling-com-sk-sbot2019\/","og_site_name":"\u0160koda We Love Cycling Slovensko","twitter_card":"summary_large_image","schema":{"@context":"https:\/\/schema.org","@graph":[{"@type":"WebPage","@id":"https:\/\/www.welovecycling.com\/sk\/https-www-welovecycling-com-sk-sbot2019\/","url":"https:\/\/www.welovecycling.com\/sk\/https-www-welovecycling-com-sk-sbot2019\/","name":"https:\/\/www.welovecycling.com\/sk\/sbot2019\/ - \u0160koda We Love Cycling Slovensko","isPartOf":{"@id":"https:\/\/www.welovecycling.com\/sk\/#website"},"datePublished":"2020-06-15T13:46:47+00:00","breadcrumb":{"@id":"https:\/\/www.welovecycling.com\/sk\/https-www-welovecycling-com-sk-sbot2019\/#breadcrumb"},"inLanguage":"sk-SK","potentialAction":[{"@type":"ReadAction","target":["https:\/\/www.welovecycling.com\/sk\/https-www-welovecycling-com-sk-sbot2019\/"]}]},{"@type":"BreadcrumbList","@id":"https:\/\/www.welovecycling.com\/sk\/https-www-welovecycling-com-sk-sbot2019\/#breadcrumb","itemListElement":[{"@type":"ListItem","position":1,"name":"Home","item":"https:\/\/www.welovecycling.com\/sk\/"},{"@type":"ListItem","position":2,"name":"https:\/\/www.welovecycling.com\/sk\/sbot2019\/"}]},{"@type":"WebSite","@id":"https:\/\/www.welovecycling.com\/sk\/#website","url":"https:\/\/www.welovecycling.com\/sk\/","name":"\u0160koda We Love Cycling Slovensko","description":"\u0160koda We Love Cycling Slovensko je v\u00e1\u0161 ka\u017edodenn\u00fd zdroj noviniek a in\u0161pir\u00e1cie z sveta cyklistiky","potentialAction":[{"@type":"SearchAction","target":{"@type":"EntryPoint","urlTemplate":"https:\/\/www.welovecycling.com\/sk\/?s={search_term_string}"},"query-input":{"@type":"PropertyValueSpecification","valueRequired":true,"valueName":"search_term_string"}}],"inLanguage":"sk-SK"}]}},"_links":{"self":[{"href":"https:\/\/www.welovecycling.com\/sk\/wp-json\/wp\/v2\/pages\/10130","targetHints":{"allow":["GET"]}}],"collection":[{"href":"https:\/\/www.welovecycling.com\/sk\/wp-json\/wp\/v2\/pages"}],"about":[{"href":"https:\/\/www.welovecycling.com\/sk\/wp-json\/wp\/v2\/types\/page"}],"author":[{"embeddable":true,"href":"https:\/\/www.welovecycling.com\/sk\/wp-json\/wp\/v2\/users\/38"}],"replies":[{"embeddable":true,"href":"https:\/\/www.welovecycling.com\/sk\/wp-json\/wp\/v2\/comments?post=10130"}],"version-history":[{"count":1,"href":"https:\/\/www.welovecycling.com\/sk\/wp-json\/wp\/v2\/pages\/10130\/revisions"}],"predecessor-version":[{"id":10132,"href":"https:\/\/www.welovecycling.com\/sk\/wp-json\/wp\/v2\/pages\/10130\/revisions\/10132"}],"wp:attachment":[{"href":"https:\/\/www.welovecycling.com\/sk\/wp-json\/wp\/v2\/media?parent=10130"}],"wp:term":[{"taxonomy":"post_tag","embeddable":true,"href":"https:\/\/www.welovecycling.com\/sk\/wp-json\/wp\/v2\/tags?post=10130"}],"curies":[{"name":"wp","href":"https:\/\/api.w.org\/{rel}","templated":true}]}}