{"id":5065,"date":"2025-08-12T14:45:34","date_gmt":"2025-08-12T13:45:34","guid":{"rendered":"https:\/\/www.welovecycling.com\/se\/?page_id=5065"},"modified":"2025-08-15T15:22:47","modified_gmt":"2025-08-15T14:22:47","slug":"terms","status":"publish","type":"page","link":"https:\/\/www.welovecycling.com\/se\/la-vuelta-2025\/terms\/","title":{"rendered":"Regler"},"content":{"rendered":"<p><strong>Regler f\u00f6r \u201cLa Vuelta 2025\u201d-t\u00e4vlingen<\/strong><br \/>\nDessa regler reglerar villkoren f\u00f6r \u201cLa Vuelta 2025\u201d-t\u00e4vlingen (h\u00e4danefter kallad \u201cT\u00e4vlingen\u201d) och utg\u00f6r det enda dokument som fullst\u00e4ndigt och bindande reglerar t\u00e4vlingens villkor.<\/p>\n<p><strong>T\u00e4vlingens v\u00e4rd och arrang\u00f6r<\/strong><br \/>\nT\u00e4vlingens v\u00e4rd \u00e4r \u0160koda Auto a.s., ett aktiebolag med s\u00e4te p\u00e5 t\u0159. V\u00e1clava Klementa 869, 293 01 Mlad\u00e1 Boleslav, Tjeckien, organisationsnummer 00177041, registrerat i handelsregistret som administreras av stadsdomstolen i Prag, avdelning B, filnummer 332 (h\u00e4danefter kallad \u201cV\u00e4rden\u201d).<br \/>\nT\u00e4vlingens arrang\u00f6r, som hanterar de praktiska stegen i organiseringen, \u00e4r MUSTARD s.r.o., med s\u00e4te i Prag 1 \u2013 Nya staden, Masarykovo n\u00e1b\u0159. 246, 110 00, Tjeckien, ID-nummer 28531418, registrerat i handelsregistret som administreras av stadsdomstolen i Prag, avdelning C, fil 148383.<br \/>\n(h\u00e4danefter kallad \u201cArrang\u00f6ren\u201d)<\/p>\n<p><strong>T\u00e4vlingens period och plats, t\u00e4vlingsomg\u00e5ngar<\/strong><br \/>\n\u25cf t\u00e4vlingsomg\u00e5ng \u2013 00:01 (CET) 23.08.2025 till 23:59 (CET) 14.09.2025<\/p>\n<p>T\u00e4vlingen \u00e4ger rum p\u00e5 webbplatsen <a href=\"http:\/\/www.welovecycling.com\">www.welovecycling.com<\/a> (h\u00e4danefter kallad \u201cT\u00e4vlingens webbplats\u201d), d\u00e4r kommunikationen med deltagare huvudsakligen sker.<\/p>\n<p><strong>Deltagare i t\u00e4vlingen<\/strong><br \/>\nT\u00e4vlingen \u00e4r \u00f6ppen f\u00f6r alla individer som har fyllt 18 \u00e5r och som \u00e4r bosatta i ett av de l\u00e4nder d\u00e4r t\u00e4vlingen genomf\u00f6rs. T\u00e4vlingen genomf\u00f6rs i f\u00f6ljande l\u00e4nder: ANDORRA, AUSTRALIEN, \u00d6STERRIKE, BELGIEN, BOSNIEN, BULGARIEN, KROATIEN, TJECKIEN, DANMARK, ESTLAND, FINLAND, FRANKRIKE, TYSKLAND, STORBRITANNIEN, GREKLAND, UNGERN, ISLAND, IRLAND, ITALIEN, LETTLAND, LIECHTENSTEIN, LITAUEN, LUXEMBURG, MONTENEGRO, NEDERL\u00c4NDERNA, NORGE, POLEN, PORTUGAL, RUM\u00c4NIEN, SERBIEN, SLOVAKIEN, SLOVENIEN, SPANIEN, SVERIGE, SCHWEIZ, UKRAINA.<\/p>\n<p>F\u00f6r att delta i t\u00e4vlingen m\u00e5ste deltagaren registrera sig p\u00e5 T\u00e4vlingens webbplats n\u00e4r som helst under n\u00e5gon av t\u00e4vlingsomg\u00e5ngarna och bekr\u00e4fta ovillkorligt godk\u00e4nnande av dessa regler. En del av registreringen (formul\u00e4ret) \u00e4r att l\u00e4mna personuppgifter \u2013 en e-postadress som endast kommer att anv\u00e4ndas f\u00f6r t\u00e4vlingens syfte.<\/p>\n<p>Varje deltagare f\u00e5r endast registrera sig en g\u00e5ng med sin egen e-postadress. V\u00e4rden f\u00f6rbeh\u00e5ller sig r\u00e4tten att kontrollera denna regel med tekniska och organisatoriska medel.<\/p>\n<p>Alla personer som deltagit i f\u00f6rberedelserna av t\u00e4vlingen \u2013 i synnerhet personer anst\u00e4llda av eller p\u00e5 liknande s\u00e4tt knutna till V\u00e4rden eller Arrang\u00f6ren \u2013 \u00e4r uteslutna fr\u00e5n deltagande, likas\u00e5 personer knutna till deltagande auktoriserade \u0160koda-partner eller till byr\u00e5er ansvariga f\u00f6r t\u00e4vlingen, deras familjemedlemmar och n\u00e4rst\u00e5ende personer.<\/p>\n<p><strong>T\u00e4vlingsmekanism, utv\u00e4rdering av vinnare<\/strong><br \/>\nDeltagarens uppgift \u00e4r att besvara tre t\u00e4vlingsfr\u00e5gor. Alla deltagare som svarar r\u00e4tt p\u00e5 alla tre fr\u00e5gor och registrerar sig p\u00e5 We Love Cycling-webbplatsen har chans att vinna ett pris.<\/p>\n<p>Priser delas ut till de deltagare som hamnar p\u00e5 positionerna 1\/17, 2\/17, 3\/17, 4\/17, 5\/17, 6\/17, 7\/17, 8\/17, 9\/17, 10\/17, 11\/17, 12\/17 och 13\/17 i listan \u00f6ver alla deltagare. Om antalet deltagare inte \u00e4r delbart med 17 avrundas resultatet ned\u00e5t till n\u00e4rmaste heltal delbart med 17.<\/p>\n<p>Listan \u00f6ver deltagare sorteras kronologiskt enligt tidpunkten f\u00f6r inl\u00e4mningen. Personerna p\u00e5 ovanst\u00e5ende positioner vinner priserna.<\/p>\n<p>V\u00e4rden informerar vinnarna via den e-postadress som angavs vid registreringen inom fem dagar efter slutet av respektive t\u00e4vlingsperiod, och vinnarna uppmanas att l\u00e4mna n\u00f6dv\u00e4ndig information f\u00f6r att ta emot priset eller f\u00f6r vidare kommunikation. Om vinnaren inte svarar, inte ens efter upprepad kontakt, eller inte tillhandah\u00e5ller kontaktuppgifter inom 24 timmar, f\u00f6rfaller vinsten utan ers\u00e4ttning.<\/p>\n<p><strong>Beskrivning av priser<\/strong><br \/>\n\u25cf 1\u00d7 exklusiv gravelcykel fr\u00e5n \u0160koda<br \/>\n\u25cf 2\u00d7 bikepacking-\u00e4ventyrspaket<br \/>\n\u25cf 10\u00d7 \u0160koda Green Jersey<\/p>\n<p>P\u00e5 grund av m\u00f6jliga f\u00f6rseningar i tillg\u00e5ngen p\u00e5 delar kan leveransen av cyklarna som pris ta upp till 8 m\u00e5nader. F\u00f6rseningen orsakas av faktorer utanf\u00f6r v\u00e5r direkta kontroll, s\u00e5som tillg\u00e5ng p\u00e5 komponenter f\u00f6r montering.<\/p>\n<p><strong>Information om behandling av personuppgifter<\/strong><br \/>\nV\u00e4rden, i egenskap av personuppgiftsansvarig enligt den allm\u00e4nna dataskyddsf\u00f6rordningen (EU-f\u00f6rordning 2016\/679), tillhandah\u00e5ller h\u00e4rmed information om behandlingen av personuppgifter och om dina r\u00e4ttigheter.<\/p>\n<p>Behandlingen sker inom ramen f\u00f6r f\u00f6ljande aktivitet:<br \/>\n\u2013 Organisation av t\u00e4vlingar och s\u00e4kerst\u00e4llande av r\u00e4ttvis r\u00f6stning<\/p>\n<p>R\u00e4ttslig grund f\u00f6r behandling:<br \/>\n\u2013 Avtalsf\u00f6rh\u00e5llande (dessa t\u00e4vlingsregler)<\/p>\n<p>Kategorier av uppgifter:<br \/>\n\u2013 Identifieringsuppgifter, kontaktinformation, interaktionsinformation<\/p>\n<p>Lagringstid:<br \/>\n\u2013 1 \u00e5r efter t\u00e4vlingens slut<\/p>\n<p>Mottagare:<br \/>\n\u2013 Personuppgiftsbitr\u00e4de: MUSTARD s.r.o.<br \/>\n\u2013 Offentliga myndigheter vid behov<\/p>\n<p>K\u00e4lla till personuppgifter:<br \/>\n\u2013 Du l\u00e4mnar dem direkt vid registrering<\/p>\n<p>\u00d6verf\u00f6ring till tredje land:<br \/>\n\u2013 Sker inte<\/p>\n<p>Automatiserat beslutsfattande:<br \/>\n\u2013 F\u00f6rekommer inte<\/p>\n<p>Andra \u00e4ndam\u00e5l:<br \/>\n\u2013 Arkivering i allm\u00e4nt intresse, forskning, statistik, r\u00e4ttsliga syften och riskbed\u00f6mning<\/p>\n<p>Dina r\u00e4ttigheter:<br \/>\n\u2013 Tillg\u00e5ng, r\u00e4ttelse, radering, begr\u00e4nsning, dataportabilitet, inv\u00e4ndning, r\u00e4tt att inte bli f\u00f6rem\u00e5l f\u00f6r automatiserat beslutsfattande<\/p>\n<p>Hur du ut\u00f6var dina r\u00e4ttigheter:<br \/>\n\u2013 Online: <a href=\"https:\/\/www.skoda-auto.com\/data-privacy\">https:\/\/www.skoda-auto.com\/data-privacy<\/a><br \/>\n\u2013 Post: \u0160koda Auto a.s., Data Protection Office, t\u0159. V\u00e1clava Klementa 869, 293 01 Mlad\u00e1 Boleslav, Tjeckien<\/p>\n<p>Dataskyddsombud:<br \/>\n\u2013 dpo@skoda-auto.cz<\/p>\n<p>Om du inte \u00e4r n\u00f6jd med hur dina uppgifter behandlas kan du kontakta V\u00e4rdens dataskyddsombud eller l\u00e4mna klagom\u00e5l till tillsynsmyndigheten: Office for Personal Data Protection, Pplk. Sochora 27, 170 00 Praha 7, +420 234 665 111, <a href=\"https:\/\/www.uoou.cz\/en\">https:\/\/www.uoou.cz\/en<\/a><\/p>\n<p><strong>\u00d6vriga viktiga villkor<\/strong><br \/>\nV\u00e4rden best\u00e4mmer specifikationerna f\u00f6r priserna. Visning av priser i kampanjmaterial \u00e4r illustrativ. V\u00e4rden ansvarar inte f\u00f6r skador till f\u00f6ljd av anv\u00e4ndning av priset.<\/p>\n<p>Deltagarna har inte r\u00e4tt att kr\u00e4va pengar eller annat som ers\u00e4ttning. Priserna kan inte bytas.<\/p>\n<p>V\u00e4rden ansvarar inte f\u00f6r direkt eller indirekt skada i samband med deltagande i t\u00e4vlingen. Deltagaren accepterar att V\u00e4rden inte tar n\u00e5got ansvar f\u00f6r risker f\u00f6rknippade med priserna.<\/p>\n<p>Deltagare kan uteslutas vid misstanke om fusk eller o\u00e4rligt beteende.<\/p>\n<p>V\u00e4rden ansvarar inte f\u00f6r tekniska fel eller uteblivna meddelanden. Alla beslut \u00e4r slutgiltiga. V\u00e4rden f\u00f6rbeh\u00e5ller sig r\u00e4tten att utan kompensation f\u00f6rkorta, skjuta upp, avbryta eller \u00e4ndra t\u00e4vlingen och dess regler genom att publicera information p\u00e5 ovan n\u00e4mnda webbplats, d\u00e4r g\u00e4llande regler ocks\u00e5 finns.<\/p>\n<p>Denna t\u00e4vling regleras av tjeckisk lag.<\/p>\n<p>&nbsp;<\/p>\n","protected":false},"excerpt":{"rendered":"<p>Regler f\u00f6r \u201cLa Vuelta 2025\u201d-t\u00e4vlingen Dessa regler reglerar villkoren f\u00f6r \u201cLa Vuelta 2025\u201d-t\u00e4vlingen (h\u00e4danefter kallad \u201cT\u00e4vlingen\u201d) och utg\u00f6r det enda [&hellip;]<\/p>\n","protected":false},"author":199,"featured_media":0,"parent":5057,"menu_order":0,"comment_status":"closed","ping_status":"closed","template":"templates\/template-empty-page-headline.php","meta":{"footnotes":""},"tags":[104],"class_list":["post-5065","page","type-page","status-publish","hentry","tag-2025-la-vuelta"],"yoast_head":"<!-- This site is optimized with the Yoast SEO Premium plugin v25.3 (Yoast SEO v25.9) - https:\/\/yoast.com\/wordpress\/plugins\/seo\/ -->\n<title>Regler - \u0160koda - We Love Cycling - Sweden<\/title>\n<meta name=\"robots\" content=\"index, follow, max-snippet:-1, max-image-preview:large, max-video-preview:-1\" \/>\n<link rel=\"canonical\" href=\"https:\/\/www.welovecycling.com\/se\/la-vuelta-2025\/terms\/\" \/>\n<meta property=\"og:locale\" content=\"sv_SE\" \/>\n<meta property=\"og:type\" content=\"article\" \/>\n<meta property=\"og:title\" content=\"Regler\" \/>\n<meta property=\"og:description\" content=\"Regler f\u00f6r \u201cLa Vuelta 2025\u201d-t\u00e4vlingen Dessa regler reglerar villkoren f\u00f6r \u201cLa Vuelta 2025\u201d-t\u00e4vlingen (h\u00e4danefter kallad \u201cT\u00e4vlingen\u201d) och utg\u00f6r det enda [&hellip;]\" \/>\n<meta property=\"og:url\" content=\"https:\/\/www.welovecycling.com\/se\/la-vuelta-2025\/terms\/\" \/>\n<meta property=\"og:site_name\" content=\"\u0160koda - We Love Cycling - Sweden\" \/>\n<meta property=\"article:modified_time\" content=\"2025-08-15T14:22:47+00:00\" \/>\n<meta name=\"twitter:card\" content=\"summary_large_image\" \/>\n<meta name=\"twitter:label1\" content=\"Est. reading time\" \/>\n\t<meta name=\"twitter:data1\" content=\"5 minutes\" \/>\n<script type=\"application\/ld+json\" class=\"yoast-schema-graph\">{\"@context\":\"https:\/\/schema.org\",\"@graph\":[{\"@type\":\"WebPage\",\"@id\":\"https:\/\/www.welovecycling.com\/se\/la-vuelta-2025\/terms\/\",\"url\":\"https:\/\/www.welovecycling.com\/se\/la-vuelta-2025\/terms\/\",\"name\":\"Regler - \u0160koda - We Love Cycling - Sweden\",\"isPartOf\":{\"@id\":\"https:\/\/www.welovecycling.com\/se\/#website\"},\"datePublished\":\"2025-08-12T13:45:34+00:00\",\"dateModified\":\"2025-08-15T14:22:47+00:00\",\"breadcrumb\":{\"@id\":\"https:\/\/www.welovecycling.com\/se\/la-vuelta-2025\/terms\/#breadcrumb\"},\"inLanguage\":\"sv-SE\",\"potentialAction\":[{\"@type\":\"ReadAction\",\"target\":[\"https:\/\/www.welovecycling.com\/se\/la-vuelta-2025\/terms\/\"]}]},{\"@type\":\"BreadcrumbList\",\"@id\":\"https:\/\/www.welovecycling.com\/se\/la-vuelta-2025\/terms\/#breadcrumb\",\"itemListElement\":[{\"@type\":\"ListItem\",\"position\":1,\"name\":\"Home\",\"item\":\"https:\/\/www.welovecycling.com\/se\/\"},{\"@type\":\"ListItem\",\"position\":2,\"name\":\"La Vuelta 2025\",\"item\":\"https:\/\/www.welovecycling.com\/se\/la-vuelta-2025\/\"},{\"@type\":\"ListItem\",\"position\":3,\"name\":\"Regler\"}]},{\"@type\":\"WebSite\",\"@id\":\"https:\/\/www.welovecycling.com\/se\/#website\",\"url\":\"https:\/\/www.welovecycling.com\/se\/\",\"name\":\"\u0160koda - We Love Cycling - Sweden\",\"description\":\"\u0160koda We Love Cycling - Sweden\",\"potentialAction\":[{\"@type\":\"SearchAction\",\"target\":{\"@type\":\"EntryPoint\",\"urlTemplate\":\"https:\/\/www.welovecycling.com\/se\/?s={search_term_string}\"},\"query-input\":{\"@type\":\"PropertyValueSpecification\",\"valueRequired\":true,\"valueName\":\"search_term_string\"}}],\"inLanguage\":\"sv-SE\"}]}<\/script>\n<!-- \/ Yoast SEO Premium plugin. -->","yoast_head_json":{"title":"Regler - \u0160koda - We Love Cycling - Sweden","robots":{"index":"index","follow":"follow","max-snippet":"max-snippet:-1","max-image-preview":"max-image-preview:large","max-video-preview":"max-video-preview:-1"},"canonical":"https:\/\/www.welovecycling.com\/se\/la-vuelta-2025\/terms\/","og_locale":"sv_SE","og_type":"article","og_title":"Regler","og_description":"Regler f\u00f6r \u201cLa Vuelta 2025\u201d-t\u00e4vlingen Dessa regler reglerar villkoren f\u00f6r \u201cLa Vuelta 2025\u201d-t\u00e4vlingen (h\u00e4danefter kallad \u201cT\u00e4vlingen\u201d) och utg\u00f6r det enda [&hellip;]","og_url":"https:\/\/www.welovecycling.com\/se\/la-vuelta-2025\/terms\/","og_site_name":"\u0160koda - We Love Cycling - Sweden","article_modified_time":"2025-08-15T14:22:47+00:00","twitter_card":"summary_large_image","twitter_misc":{"Est. reading time":"5 minutes"},"schema":{"@context":"https:\/\/schema.org","@graph":[{"@type":"WebPage","@id":"https:\/\/www.welovecycling.com\/se\/la-vuelta-2025\/terms\/","url":"https:\/\/www.welovecycling.com\/se\/la-vuelta-2025\/terms\/","name":"Regler - \u0160koda - We Love Cycling - Sweden","isPartOf":{"@id":"https:\/\/www.welovecycling.com\/se\/#website"},"datePublished":"2025-08-12T13:45:34+00:00","dateModified":"2025-08-15T14:22:47+00:00","breadcrumb":{"@id":"https:\/\/www.welovecycling.com\/se\/la-vuelta-2025\/terms\/#breadcrumb"},"inLanguage":"sv-SE","potentialAction":[{"@type":"ReadAction","target":["https:\/\/www.welovecycling.com\/se\/la-vuelta-2025\/terms\/"]}]},{"@type":"BreadcrumbList","@id":"https:\/\/www.welovecycling.com\/se\/la-vuelta-2025\/terms\/#breadcrumb","itemListElement":[{"@type":"ListItem","position":1,"name":"Home","item":"https:\/\/www.welovecycling.com\/se\/"},{"@type":"ListItem","position":2,"name":"La Vuelta 2025","item":"https:\/\/www.welovecycling.com\/se\/la-vuelta-2025\/"},{"@type":"ListItem","position":3,"name":"Regler"}]},{"@type":"WebSite","@id":"https:\/\/www.welovecycling.com\/se\/#website","url":"https:\/\/www.welovecycling.com\/se\/","name":"\u0160koda - We Love Cycling - Sweden","description":"\u0160koda We Love Cycling - Sweden","potentialAction":[{"@type":"SearchAction","target":{"@type":"EntryPoint","urlTemplate":"https:\/\/www.welovecycling.com\/se\/?s={search_term_string}"},"query-input":{"@type":"PropertyValueSpecification","valueRequired":true,"valueName":"search_term_string"}}],"inLanguage":"sv-SE"}]}},"_links":{"self":[{"href":"https:\/\/www.welovecycling.com\/se\/wp-json\/wp\/v2\/pages\/5065","targetHints":{"allow":["GET"]}}],"collection":[{"href":"https:\/\/www.welovecycling.com\/se\/wp-json\/wp\/v2\/pages"}],"about":[{"href":"https:\/\/www.welovecycling.com\/se\/wp-json\/wp\/v2\/types\/page"}],"author":[{"embeddable":true,"href":"https:\/\/www.welovecycling.com\/se\/wp-json\/wp\/v2\/users\/199"}],"replies":[{"embeddable":true,"href":"https:\/\/www.welovecycling.com\/se\/wp-json\/wp\/v2\/comments?post=5065"}],"version-history":[{"count":2,"href":"https:\/\/www.welovecycling.com\/se\/wp-json\/wp\/v2\/pages\/5065\/revisions"}],"predecessor-version":[{"id":5067,"href":"https:\/\/www.welovecycling.com\/se\/wp-json\/wp\/v2\/pages\/5065\/revisions\/5067"}],"up":[{"embeddable":true,"href":"https:\/\/www.welovecycling.com\/se\/wp-json\/wp\/v2\/pages\/5057"}],"wp:attachment":[{"href":"https:\/\/www.welovecycling.com\/se\/wp-json\/wp\/v2\/media?parent=5065"}],"wp:term":[{"taxonomy":"post_tag","embeddable":true,"href":"https:\/\/www.welovecycling.com\/se\/wp-json\/wp\/v2\/tags?post=5065"}],"curies":[{"name":"wp","href":"https:\/\/api.w.org\/{rel}","templated":true}]}}