{"id":5007,"date":"2025-06-19T10:12:50","date_gmt":"2025-06-19T09:12:50","guid":{"rendered":"https:\/\/www.welovecycling.com\/se\/?page_id=5007"},"modified":"2025-06-19T10:12:50","modified_gmt":"2025-06-19T09:12:50","slug":"terms-and-conditions-persona-share","status":"publish","type":"page","link":"https:\/\/www.welovecycling.com\/se\/tour-de-france-2025\/terms-and-conditions-persona-share\/","title":{"rendered":"Terms and Conditions &#8211; Persona Share"},"content":{"rendered":"<p><b>Dessa regler styr villkoren f\u00f6r t\u00e4vlingen \u201d2025 TDF Contest\u201d (h\u00e4danefter kallad \u201dT\u00e4vlingen\u201d) och \u00e4r det enda dokument som fullst\u00e4ndigt och bindande reglerar t\u00e4vlingens genomf\u00f6rande.<\/b><\/p>\n<p>&nbsp;<\/p>\n<h4><span style=\"font-weight: 400;\">T\u00e4vlingens v\u00e4rd och arrang\u00f6r<\/span><\/h4>\n<p><span style=\"font-weight: 400;\">V\u00e4rden f\u00f6r T\u00e4vlingen \u00e4r <\/span><b>\u0160koda Auto a.s.<\/b><span style=\"font-weight: 400;\">, ett aktiebolag med sitt registrerade s\u00e4te p\u00e5 t\u0159. V\u00e1clava Klementa 869, 293 01 Mlad\u00e1 Boleslav, Tjeckien, organisationsnummer: 00177041, registrerat i handelsregistret som administreras av stadsdomstolen i Prag, avdelning B, akt nr 332 (h\u00e4danefter kallat \u201dV\u00e4rden\u201d).<\/span><\/p>\n<p><span style=\"font-weight: 400;\">Arrang\u00f6ren av T\u00e4vlingen, som hanterar den praktiska genomf\u00f6randet, \u00e4r <\/span><b>MUSTARD s.r.o.<\/b><span style=\"font-weight: 400;\">, med registrerat kontor p\u00e5 Masarykovo n\u00e1b\u0159. 246, 110 00, Prag 1 \u2013 Nov\u00e9 M\u011bsto, Tjeckien, organisationsnummer: 28531418, registrerat i handelsregistret som administreras av stadsdomstolen i Prag, avdelning C, post 148383 (h\u00e4danefter kallad \u201dArrang\u00f6ren\u201d).<\/span><\/p>\n<p>&nbsp;<\/p>\n<h4><span style=\"font-weight: 400;\">T\u00e4vlingens plats och tidsperiod<\/span><\/h4>\n<p><b>T\u00e4vlingens period<\/b><span style=\"font-weight: 400;\">: fr\u00e5n 00:01 (CET) den 28 juni 2025 till 23:59 (CET) den 20 juli 2025.<\/span><\/p>\n<p><span style=\"font-weight: 400;\">T\u00e4vlingen h\u00e5lls p\u00e5 webbplatsen <\/span><a href=\"http:\/\/www.welovecycling.com\"><b>www.welovecycling.com<\/b><\/a><span style=\"font-weight: 400;\"> (h\u00e4danefter kallad \u201dT\u00e4vlingens webbplats\u201d), d\u00e4r all kommunikation med deltagare sker.<\/span><\/p>\n<p>&nbsp;<\/p>\n<h4><span style=\"font-weight: 400;\">T\u00e4vlande<\/span><\/h4>\n<p><span style=\"font-weight: 400;\">T\u00e4vlingen \u00e4r \u00f6ppen f\u00f6r alla personer som har fyllt 18 \u00e5r och \u00e4r bosatta i n\u00e5got av f\u00f6ljande l\u00e4nder: ANDORRA, AUSTRALIEN, \u00d6STERRIKE, BELGIEN, BOSNIEN, BULGARIEN, KROATIEN, TJECKIEN, DANMARK, ESTLAND, FINLAND, FRANKRIKE, TYSKLAND, STORBRITANNIEN, GREKLAND, UNGERN, ISLAND, IRLAND, ITALIEN, LETTLAND, LICHTENSTEIN, LITAUEN, LUXEMBURG, MONTENEGRO, NEDERL\u00c4NDERNA, NORGE, POLEN, PORTUGAL, RUM\u00c4NIEN, SERBIEN, SLOVAKIEN, SLOVENIEN, SPANIEN, SVERIGE, SCHWEIZ, UKRAINA.<\/span><\/p>\n<p><span style=\"font-weight: 400;\">F\u00f6r att delta m\u00e5ste man registrera sig p\u00e5 T\u00e4vlingens webbplats under n\u00e5gon av t\u00e4vlingsomg\u00e5ngarna och godk\u00e4nna dessa regler utan f\u00f6rbeh\u00e5ll. En del av registreringen (anm\u00e4lan) inneb\u00e4r att man anger sin e-postadress, som endast kommer att anv\u00e4ndas f\u00f6r T\u00e4vlingen.<\/span><\/p>\n<p><span style=\"font-weight: 400;\">Varje deltagare f\u00e5r endast registrera sig en g\u00e5ng och endast med sin egen e-postadress. V\u00e4rden f\u00f6rbeh\u00e5ller sig r\u00e4tten att kontrollera detta b\u00e5de tekniskt och organisatoriskt.<\/span><\/p>\n<p><span style=\"font-weight: 400;\">Personer som har varit inblandade i T\u00e4vlingens f\u00f6rberedelser \u2013 anst\u00e4llda eller personer i liknande relation till V\u00e4rden eller Arrang\u00f6ren, samt deras familjemedlemmar eller n\u00e4rst\u00e5ende \u2013 f\u00e5r inte delta.<\/span><\/p>\n<p>&nbsp;<\/p>\n<h4><span style=\"font-weight: 400;\">T\u00e4vlingens genomf\u00f6rande och val av vinnare<\/span><\/h4>\n<p><span style=\"font-weight: 400;\">F\u00f6r att delta ska deltagaren dela en AI-genererad bild som skapats p\u00e5 <\/span><b>welovecycling.com<\/b><span style=\"font-weight: 400;\"> p\u00e5 Instagram eller Facebook under t\u00e4vlingsperioden, och inkludera hashtaggen <\/span><b>#FindYourTour<\/b><span style=\"font-weight: 400;\"> i bildtexten.<\/span><\/p>\n<p><span style=\"font-weight: 400;\">Vinnare utses bland de deltagare som uppfyller kriterierna och som placerar sig p\u00e5 position 1\/11, 2\/11, 3\/11, 4\/11, 5\/11, 6\/11 eller 7\/11 p\u00e5 deltagarlistan. Om antalet deltagare inte \u00e4r delbart med 11, avrundas antalet ned\u00e5t till n\u00e4rmaste heltal delbart med 11.<\/span><\/p>\n<p><span style=\"font-weight: 400;\">V\u00e4rden kontaktar vinnarna via direktmeddelande p\u00e5 Instagram eller Facebook inom fem dagar efter att respektive t\u00e4vlingsomg\u00e5ng avslutats. Om en vinnare inte svarar inom 12 timmar efter att ett e-postmeddelande skickats \u2013 trots upprepade f\u00f6rs\u00f6k \u2013 f\u00f6rfaller vinsten utan ers\u00e4ttning.<\/span><\/p>\n<p>&nbsp;<\/p>\n<h4><span style=\"font-weight: 400;\">Priser<\/span><\/h4>\n<p><span style=\"font-weight: 400;\">7\u00d7 <\/span><b>\u201dInsider Tour de France Programme\u201d<\/b><span style=\"font-weight: 400;\"> f\u00f6r tv\u00e5 personer i Paris, inklusive alla kostnader f\u00f6r resa och boende.<\/span><\/p>\n<p>&nbsp;<\/p>\n<h4><span style=\"font-weight: 400;\">Information om behandling av personuppgifter<\/span><\/h4>\n<p><span style=\"font-weight: 400;\">V\u00e4rden \u00e4r personuppgiftsansvarig enligt <\/span><b>Dataskyddsf\u00f6rordningen (GDPR \u2013 EU 2016\/679)<\/b><span style=\"font-weight: 400;\"> och tillhandah\u00e5ller f\u00f6ljande information:<\/span><\/p>\n<ul>\n<li style=\"font-weight: 400;\" aria-level=\"1\"><b>Syfte<\/b><span style=\"font-weight: 400;\">: att genomf\u00f6ra T\u00e4vlingen och s\u00e4kerst\u00e4lla r\u00e4ttvis r\u00f6stning<\/span><\/li>\n<li style=\"font-weight: 400;\" aria-level=\"1\"><b>R\u00e4ttslig grund<\/b><span style=\"font-weight: 400;\">: fullg\u00f6rande av avtal (dessa regler)<\/span><\/li>\n<li style=\"font-weight: 400;\" aria-level=\"1\"><b>Uppgifter som behandlas<\/b><span style=\"font-weight: 400;\">: identifieringsuppgifter, kontaktuppgifter, kommunikationsdata<\/span><\/li>\n<li style=\"font-weight: 400;\" aria-level=\"1\"><b>Lagringstid<\/b><span style=\"font-weight: 400;\">: ett \u00e5r efter t\u00e4vlingens slut<\/span><\/li>\n<li style=\"font-weight: 400;\" aria-level=\"1\"><b>Mottagare<\/b><span style=\"font-weight: 400;\">: MUSTARD s.r.o. samt myndigheter vid behov<\/span><\/li>\n<li style=\"font-weight: 400;\" aria-level=\"1\"><b>\u00d6verf\u00f6ring till tredje land<\/b><span style=\"font-weight: 400;\">: sker ej<\/span><\/li>\n<li style=\"font-weight: 400;\" aria-level=\"1\"><b>Automatiserade beslut<\/b><span style=\"font-weight: 400;\">: anv\u00e4nds ej<\/span><\/li>\n<\/ul>\n<p><b>Dina r\u00e4ttigheter inkluderar<\/b><span style=\"font-weight: 400;\">:<\/span><span style=\"font-weight: 400;\"><br \/>\n<\/span><span style=\"font-weight: 400;\">\u2013 Tillg\u00e5ng till personuppgifter<\/span><span style=\"font-weight: 400;\"><br \/>\n<\/span><span style=\"font-weight: 400;\">\u2013 R\u00e4ttelse<\/span><span style=\"font-weight: 400;\"><br \/>\n<\/span><span style=\"font-weight: 400;\">\u2013 Radering<\/span><span style=\"font-weight: 400;\"><br \/>\n<\/span><span style=\"font-weight: 400;\">\u2013 Begr\u00e4nsning av behandling<\/span><span style=\"font-weight: 400;\"><br \/>\n<\/span><span style=\"font-weight: 400;\">\u2013 Dataportabilitet<\/span><span style=\"font-weight: 400;\"><br \/>\n<\/span><span style=\"font-weight: 400;\">\u2013 R\u00e4tt att inv\u00e4nda mot automatiserade beslut<\/span><\/p>\n<p><b>Kontakt<\/b><span style=\"font-weight: 400;\">:<\/span><\/p>\n<ul>\n<li style=\"font-weight: 400;\" aria-level=\"1\"><span style=\"font-weight: 400;\">dpo@skoda-auto.cz<\/span><\/li>\n<li style=\"font-weight: 400;\" aria-level=\"1\"><a href=\"https:\/\/www.skoda-auto.com\/data-privacy\"><span style=\"font-weight: 400;\">https:\/\/www.skoda-auto.com\/data-privacy<\/span><\/a><\/li>\n<\/ul>\n<p><span style=\"font-weight: 400;\">Om du anser att dina r\u00e4ttigheter har kr\u00e4nkts kan du klaga till den tjeckiska dataskyddsmyndigheten:<\/span><span style=\"font-weight: 400;\"><br \/>\n<\/span><span style=\"font-weight: 400;\">Pplk. Sochora 27, 170 00 Prag 7, +420 234 665 111, <\/span><a href=\"https:\/\/www.uoou.cz\"><span style=\"font-weight: 400;\">https:\/\/www.uoou.cz<\/span><\/a><\/p>\n<p>&nbsp;<\/p>\n<h4><span style=\"font-weight: 400;\">\u00d6vriga viktiga villkor<\/span><\/h4>\n<p><span style=\"font-weight: 400;\">V\u00e4rden fastst\u00e4ller ensidigt de exakta specifikationerna f\u00f6r priserna. Prisbilder i marknadsf\u00f6ring \u00e4r endast illustrativa. V\u00e4rden ansvarar inte f\u00f6r eventuella skador som uppst\u00e5r vid anv\u00e4ndning av priset.<\/span><\/p>\n<p><span style=\"font-weight: 400;\">Priserna kan inte bytas ut mot kontanter eller annan ers\u00e4ttning. Inga andra skyldigheter f\u00f6religger fr\u00e5n V\u00e4rdens sida ut\u00f6ver det som uttryckligen anges.<\/span><\/p>\n<p><span style=\"font-weight: 400;\">V\u00e4rden ansvarar inte f\u00f6r tekniska problem eller f\u00f6rlorad kommunikation. Resultaten \u00e4r slutgiltiga och kan inte \u00f6verklagas.<\/span><\/p>\n<p><span style=\"font-weight: 400;\">Deltagare kan uteslutas vid misstanke om fusk eller otillb\u00f6rligt uppf\u00f6rande.<\/span><\/p>\n<p><span style=\"font-weight: 400;\">V\u00e4rden har r\u00e4tt att utan kompensation avbryta, skjuta upp, f\u00f6rkorta eller \u00e4ndra T\u00e4vlingen. S\u00e5dana \u00e4ndringar kommer att publiceras p\u00e5 T\u00e4vlingens webbplats.<\/span><\/p>\n<p><span style=\"font-weight: 400;\">Denna t\u00e4vling \u00e4r <\/span><b>inte arrangerad, sponsrad eller p\u00e5 annat s\u00e4tt kopplad till Meta<\/b><span style=\"font-weight: 400;\">. Alla fr\u00e5gor ska riktas till V\u00e4rden eller Arrang\u00f6ren, inte till Meta.<\/span><\/p>\n<p><span style=\"font-weight: 400;\">T\u00e4vlingen regleras av <\/span><b>Tjeckisk lagstiftning<\/b><span style=\"font-weight: 400;\">.<\/span><\/p>\n<p>&nbsp;<\/p>\n","protected":false},"excerpt":{"rendered":"<p>Dessa regler styr villkoren f\u00f6r t\u00e4vlingen \u201d2025 TDF Contest\u201d (h\u00e4danefter kallad \u201dT\u00e4vlingen\u201d) och \u00e4r det enda dokument som fullst\u00e4ndigt och [&hellip;]<\/p>\n","protected":false},"author":27,"featured_media":0,"parent":4999,"menu_order":0,"comment_status":"closed","ping_status":"closed","template":"templates\/template-empty-page.php","meta":{"footnotes":""},"tags":[],"class_list":["post-5007","page","type-page","status-publish","hentry"],"yoast_head":"<!-- This site is optimized with the Yoast SEO Premium plugin v25.3 (Yoast SEO v25.9) - https:\/\/yoast.com\/wordpress\/plugins\/seo\/ -->\n<title>Terms and Conditions - Persona Share - \u0160koda - We Love Cycling - Sweden<\/title>\n<meta name=\"robots\" content=\"index, follow, max-snippet:-1, max-image-preview:large, max-video-preview:-1\" \/>\n<link rel=\"canonical\" href=\"https:\/\/www.welovecycling.com\/se\/tour-de-france-2025\/terms-and-conditions-persona-share\/\" \/>\n<meta property=\"og:locale\" content=\"sv_SE\" \/>\n<meta property=\"og:type\" content=\"article\" \/>\n<meta property=\"og:title\" content=\"Terms and Conditions - Persona Share\" \/>\n<meta property=\"og:description\" content=\"Dessa regler styr villkoren f\u00f6r t\u00e4vlingen \u201d2025 TDF Contest\u201d (h\u00e4danefter kallad \u201dT\u00e4vlingen\u201d) och \u00e4r det enda dokument som fullst\u00e4ndigt och [&hellip;]\" \/>\n<meta property=\"og:url\" content=\"https:\/\/www.welovecycling.com\/se\/tour-de-france-2025\/terms-and-conditions-persona-share\/\" \/>\n<meta property=\"og:site_name\" content=\"\u0160koda - We Love Cycling - Sweden\" \/>\n<meta name=\"twitter:card\" content=\"summary_large_image\" \/>\n<meta name=\"twitter:label1\" content=\"Est. reading time\" \/>\n\t<meta name=\"twitter:data1\" content=\"4 minutes\" \/>\n<script type=\"application\/ld+json\" class=\"yoast-schema-graph\">{\"@context\":\"https:\/\/schema.org\",\"@graph\":[{\"@type\":\"WebPage\",\"@id\":\"https:\/\/www.welovecycling.com\/se\/tour-de-france-2025\/terms-and-conditions-persona-share\/\",\"url\":\"https:\/\/www.welovecycling.com\/se\/tour-de-france-2025\/terms-and-conditions-persona-share\/\",\"name\":\"Terms and Conditions - Persona Share - \u0160koda - We Love Cycling - Sweden\",\"isPartOf\":{\"@id\":\"https:\/\/www.welovecycling.com\/se\/#website\"},\"datePublished\":\"2025-06-19T09:12:50+00:00\",\"breadcrumb\":{\"@id\":\"https:\/\/www.welovecycling.com\/se\/tour-de-france-2025\/terms-and-conditions-persona-share\/#breadcrumb\"},\"inLanguage\":\"sv-SE\",\"potentialAction\":[{\"@type\":\"ReadAction\",\"target\":[\"https:\/\/www.welovecycling.com\/se\/tour-de-france-2025\/terms-and-conditions-persona-share\/\"]}]},{\"@type\":\"BreadcrumbList\",\"@id\":\"https:\/\/www.welovecycling.com\/se\/tour-de-france-2025\/terms-and-conditions-persona-share\/#breadcrumb\",\"itemListElement\":[{\"@type\":\"ListItem\",\"position\":1,\"name\":\"Home\",\"item\":\"https:\/\/www.welovecycling.com\/se\/\"},{\"@type\":\"ListItem\",\"position\":2,\"name\":\"Tour de France 2025\",\"item\":\"https:\/\/www.welovecycling.com\/se\/tour-de-france-2025\/\"},{\"@type\":\"ListItem\",\"position\":3,\"name\":\"Terms and Conditions &#8211; Persona Share\"}]},{\"@type\":\"WebSite\",\"@id\":\"https:\/\/www.welovecycling.com\/se\/#website\",\"url\":\"https:\/\/www.welovecycling.com\/se\/\",\"name\":\"\u0160koda - We Love Cycling - Sweden\",\"description\":\"\u0160koda We Love Cycling - Sweden\",\"potentialAction\":[{\"@type\":\"SearchAction\",\"target\":{\"@type\":\"EntryPoint\",\"urlTemplate\":\"https:\/\/www.welovecycling.com\/se\/?s={search_term_string}\"},\"query-input\":{\"@type\":\"PropertyValueSpecification\",\"valueRequired\":true,\"valueName\":\"search_term_string\"}}],\"inLanguage\":\"sv-SE\"}]}<\/script>\n<!-- \/ Yoast SEO Premium plugin. -->","yoast_head_json":{"title":"Terms and Conditions - Persona Share - \u0160koda - We Love Cycling - Sweden","robots":{"index":"index","follow":"follow","max-snippet":"max-snippet:-1","max-image-preview":"max-image-preview:large","max-video-preview":"max-video-preview:-1"},"canonical":"https:\/\/www.welovecycling.com\/se\/tour-de-france-2025\/terms-and-conditions-persona-share\/","og_locale":"sv_SE","og_type":"article","og_title":"Terms and Conditions - Persona Share","og_description":"Dessa regler styr villkoren f\u00f6r t\u00e4vlingen \u201d2025 TDF Contest\u201d (h\u00e4danefter kallad \u201dT\u00e4vlingen\u201d) och \u00e4r det enda dokument som fullst\u00e4ndigt och [&hellip;]","og_url":"https:\/\/www.welovecycling.com\/se\/tour-de-france-2025\/terms-and-conditions-persona-share\/","og_site_name":"\u0160koda - We Love Cycling - Sweden","twitter_card":"summary_large_image","twitter_misc":{"Est. reading time":"4 minutes"},"schema":{"@context":"https:\/\/schema.org","@graph":[{"@type":"WebPage","@id":"https:\/\/www.welovecycling.com\/se\/tour-de-france-2025\/terms-and-conditions-persona-share\/","url":"https:\/\/www.welovecycling.com\/se\/tour-de-france-2025\/terms-and-conditions-persona-share\/","name":"Terms and Conditions - Persona Share - \u0160koda - We Love Cycling - Sweden","isPartOf":{"@id":"https:\/\/www.welovecycling.com\/se\/#website"},"datePublished":"2025-06-19T09:12:50+00:00","breadcrumb":{"@id":"https:\/\/www.welovecycling.com\/se\/tour-de-france-2025\/terms-and-conditions-persona-share\/#breadcrumb"},"inLanguage":"sv-SE","potentialAction":[{"@type":"ReadAction","target":["https:\/\/www.welovecycling.com\/se\/tour-de-france-2025\/terms-and-conditions-persona-share\/"]}]},{"@type":"BreadcrumbList","@id":"https:\/\/www.welovecycling.com\/se\/tour-de-france-2025\/terms-and-conditions-persona-share\/#breadcrumb","itemListElement":[{"@type":"ListItem","position":1,"name":"Home","item":"https:\/\/www.welovecycling.com\/se\/"},{"@type":"ListItem","position":2,"name":"Tour de France 2025","item":"https:\/\/www.welovecycling.com\/se\/tour-de-france-2025\/"},{"@type":"ListItem","position":3,"name":"Terms and Conditions &#8211; Persona Share"}]},{"@type":"WebSite","@id":"https:\/\/www.welovecycling.com\/se\/#website","url":"https:\/\/www.welovecycling.com\/se\/","name":"\u0160koda - We Love Cycling - Sweden","description":"\u0160koda We Love Cycling - Sweden","potentialAction":[{"@type":"SearchAction","target":{"@type":"EntryPoint","urlTemplate":"https:\/\/www.welovecycling.com\/se\/?s={search_term_string}"},"query-input":{"@type":"PropertyValueSpecification","valueRequired":true,"valueName":"search_term_string"}}],"inLanguage":"sv-SE"}]}},"_links":{"self":[{"href":"https:\/\/www.welovecycling.com\/se\/wp-json\/wp\/v2\/pages\/5007","targetHints":{"allow":["GET"]}}],"collection":[{"href":"https:\/\/www.welovecycling.com\/se\/wp-json\/wp\/v2\/pages"}],"about":[{"href":"https:\/\/www.welovecycling.com\/se\/wp-json\/wp\/v2\/types\/page"}],"author":[{"embeddable":true,"href":"https:\/\/www.welovecycling.com\/se\/wp-json\/wp\/v2\/users\/27"}],"replies":[{"embeddable":true,"href":"https:\/\/www.welovecycling.com\/se\/wp-json\/wp\/v2\/comments?post=5007"}],"version-history":[{"count":1,"href":"https:\/\/www.welovecycling.com\/se\/wp-json\/wp\/v2\/pages\/5007\/revisions"}],"predecessor-version":[{"id":5009,"href":"https:\/\/www.welovecycling.com\/se\/wp-json\/wp\/v2\/pages\/5007\/revisions\/5009"}],"up":[{"embeddable":true,"href":"https:\/\/www.welovecycling.com\/se\/wp-json\/wp\/v2\/pages\/4999"}],"wp:attachment":[{"href":"https:\/\/www.welovecycling.com\/se\/wp-json\/wp\/v2\/media?parent=5007"}],"wp:term":[{"taxonomy":"post_tag","embeddable":true,"href":"https:\/\/www.welovecycling.com\/se\/wp-json\/wp\/v2\/tags?post=5007"}],"curies":[{"name":"wp","href":"https:\/\/api.w.org\/{rel}","templated":true}]}}