{"id":4408,"date":"2022-05-16T10:42:36","date_gmt":"2022-05-16T09:42:36","guid":{"rendered":"https:\/\/www.welovecycling.com\/se\/?page_id=4408"},"modified":"2022-05-16T10:42:36","modified_gmt":"2022-05-16T09:42:36","slug":"alice-andersson","status":"publish","type":"page","link":"https:\/\/www.welovecycling.com\/se\/skoda-cycling-team\/skoda-cycling-team-2022\/alice-andersson\/","title":{"rendered":"Alice Andersson"},"content":{"rendered":"<div id=\"pl-4408\"  class=\"panel-layout\" ><div id=\"pg-4408-0\"  class=\"panel-grid panel-no-style\" ><div id=\"pgc-4408-0-0\"  class=\"panel-grid-cell panel-grid-cell-empty\" ><\/div><\/div><div id=\"pg-4408-1\"  class=\"panel-grid panel-no-style\" ><div id=\"pgc-4408-1-0\"  class=\"panel-grid-cell\" ><div id=\"panel-4408-1-0-0\" class=\"so-panel widget widget_sow-editor panel-first-child panel-last-child\" data-index=\"0\" ><div\n\t\t\t\n\t\t\tclass=\"so-widget-sow-editor so-widget-sow-editor-base\"\n\t\t\t\n\t\t>\n<div class=\"siteorigin-widget-tinymce textwidget\">\n\t<p><a href=\"https:\/\/d2p6e6u75xmxt8.cloudfront.net\/9\/2022\/05\/220507-SCT-Traningslager-Alice13035.jpg\"><img loading=\"lazy\" decoding=\"async\" class=\"alignnone wp-image-4383 size-full\" src=\"https:\/\/d2p6e6u75xmxt8.cloudfront.net\/9\/2022\/05\/220507-SCT-Traningslager-Alice13035.jpg\" alt=\"\" width=\"8736\" height=\"11648\" \/><\/a><\/p>\n<\/div>\n<\/div><\/div><\/div><div id=\"pgc-4408-1-1\"  class=\"panel-grid-cell\" ><div id=\"panel-4408-1-1-0\" class=\"so-panel widget widget_sow-editor panel-first-child panel-last-child\" data-index=\"1\" ><div\n\t\t\t\n\t\t\tclass=\"so-widget-sow-editor so-widget-sow-editor-base\"\n\t\t\t\n\t\t>\n<div class=\"siteorigin-widget-tinymce textwidget\">\n\t<p><b>Namn: <\/b>Alice Andersson<b><br \/>\n<\/b><b>Instagram: <\/b><span style=\"font-weight: 400;\"><a href=\"https:\/\/www.instagram.com\/aliceandersson95\/\">@aliceandersson95<\/a><br \/>\n<\/span><b>\u00c5lder:<\/b><span style=\"font-weight: 400;\"> 27 \u00e5r<br \/>\n<\/span><b>L\u00e4ngd:<\/b><span style=\"font-weight: 400;\"> 161 cm<br \/>\n<\/span><b>Bor: <\/b><span style=\"font-weight: 400;\">Halmstad<br \/>\n<\/span><b>Familj: <\/b><span style=\"font-weight: 400;\">Sambon Anton<br \/>\n<\/span><b>Yrke: <\/b><span style=\"font-weight: 400;\">F\u00f6rbundsutvecklare p\u00e5 ett mindre idrottsf\u00f6rbund<\/span><\/p>\n<p><b>Vilket \u00e4r ditt f\u00f6rsta intryck av din rekryt Josefine? <\/b><span style=\"font-weight: 400;\">Allts\u00e5 hon <\/span><i><span style=\"font-weight: 400;\">kan <\/span><\/i><span style=\"font-weight: 400;\">det h\u00e4r! Hon verkar ha en galen uth\u00e5llighet, s\u00e5klart fysisk men ocks\u00e5 mentalt. Riktigt privilegium att ha en s\u00e5n stj\u00e4rna i klungan.<\/span><\/p>\n<p><b>Vad kommer din rekryt dra nytta av hos dig?<\/b><span style=\"font-weight: 400;\">\u00a0<\/span><span style=\"font-weight: 400;\">F\u00f6rutom att jag \u00e4r ett stabilt hjul s\u00e5 hoppas jag att jag har en del erfarenhet att dela med mig av.<\/span><\/p>\n<p><b>Hur k\u00e4nns det med ett helt damlag i \u00e5r? <\/b><span style=\"font-weight: 400;\">\u00c4ntligen!! Det var det som fick mig att vilja vara med. Anstr\u00e4ngning i 8 timmar? Det \u00e4r ju h\u00e4r vi kvinnor levererar!<\/span><\/p>\n<p><b>Roligaste passen?<\/b><span style=\"font-weight: 400;\">\u00a0<\/span><span style=\"font-weight: 400;\">\u00c4ventyrsrundor fr\u00e5n A till B<\/span><\/p>\n<p><b>V\u00e4rsta passen?<\/b><span style=\"font-weight: 400;\">\u00a0<\/span><span style=\"font-weight: 400;\">FTP-test \ud83e\udd2e<\/span><\/p>\n<p><b>Styrkor som cyklist?<\/b><span style=\"font-weight: 400;\">\u00a0<\/span><span style=\"font-weight: 400;\">Stabil och trygg p\u00e5 cykeln. Levererar b\u00e4st n\u00e4r det g\u00e5r uppf\u00f6r.<\/span><\/p>\n<p><b>Svagheter som cyklist?<\/b><span style=\"font-weight: 400;\">\u00a0<\/span><span style=\"font-weight: 400;\">Ot\u00e5lig<\/span><\/p>\n<p><b>Vad kommer du bidra med under s\u00e4songen?<\/b><span style=\"font-weight: 400;\">\u00a0<\/span><span style=\"font-weight: 400;\">Med flera \u00e5rs erfarenhet fr\u00e5n t\u00e4vlingsklungan, och sedan flera l\u00e5nga \u00e4ventyrsrundor, har jag v\u00e4l plocka upp b\u00e5de ett och annat som kan komma till pass. Som hur man kl\u00e4r sig varmt <\/span><i><span style=\"font-weight: 400;\">och <\/span><\/i><span style=\"font-weight: 400;\">aero. Hur man k\u00f6r snabbt <\/span><i><span style=\"font-weight: 400;\">och <\/span><\/i><span style=\"font-weight: 400;\">sparar sin och lagets energi. Och n\u00e4r man \u00e4nd\u00e5 br\u00e4nt ut energin: hur man laddar om och hittar ny genom skratt och godis.<\/span><\/p>\n<p><b>St\u00f6rsta r\u00e4dslan inf\u00f6r V\u00e4tternrundan?<\/b><span style=\"font-weight: 400;\">\u00a0<\/span><span style=\"font-weight: 400;\">Vill inte jinxa genom att s\u00e4ga det<\/span><\/p>\n<p><b>Bulle eller wienerbr\u00f6d? <\/b><span style=\"font-weight: 400;\">kanelbulle<br \/>\n<\/span><b>Touren eller Vueltan? <\/b><span style=\"font-weight: 400;\">f\u00e5r man v\u00e4lja Giro Rosa?<br \/>\n<\/span><b>Morgon eller kv\u00e4llspass? <\/b><span style=\"font-weight: 400;\">Heldag<br \/>\n<\/span><b>Uppf\u00f6r eller nedf\u00f6r? <\/b><span style=\"font-weight: 400;\">B\u00e5da<br \/>\n<\/span><b>K\u00e4nsla eller data? <\/b><span style=\"font-weight: 400;\">K\u00e4nsla!<br \/>\n<\/span><b>Kort och h\u00e5rt eller l\u00e5ngt och lagom?<\/b><span style=\"font-weight: 400;\"> L\u00e5ngt, men definitivt inte lagom<\/span><\/p>\n<\/div>\n<\/div><\/div><\/div><\/div><div id=\"pg-4408-2\"  class=\"panel-grid panel-no-style\" ><div id=\"pgc-4408-2-0\"  class=\"panel-grid-cell panel-grid-cell-empty\" ><\/div><\/div><\/div>","protected":false},"excerpt":{"rendered":"<p>Namn: Alice Andersson Instagram: @aliceandersson95 \u00c5lder: 27 \u00e5r L\u00e4ngd: 161 cm Bor: Halmstad Familj: Sambon Anton Yrke: F\u00f6rbundsutvecklare p\u00e5 ett [&hellip;]<\/p>\n","protected":false},"author":159,"featured_media":0,"parent":3121,"menu_order":0,"comment_status":"closed","ping_status":"closed","template":"","meta":{"footnotes":""},"tags":[],"class_list":["post-4408","page","type-page","status-publish","hentry"],"yoast_head":"<!-- This site is optimized with the Yoast SEO Premium plugin v25.3 (Yoast SEO v25.9) - https:\/\/yoast.com\/wordpress\/plugins\/seo\/ -->\n<title>Alice Andersson - \u0160koda - We Love Cycling - Sweden<\/title>\n<meta name=\"robots\" content=\"index, follow, max-snippet:-1, max-image-preview:large, max-video-preview:-1\" \/>\n<link rel=\"canonical\" href=\"https:\/\/www.welovecycling.com\/se\/skoda-cycling-team\/skoda-cycling-team-2022\/alice-andersson\/\" \/>\n<meta property=\"og:locale\" content=\"sv_SE\" \/>\n<meta property=\"og:type\" content=\"article\" \/>\n<meta property=\"og:title\" content=\"Alice Andersson\" \/>\n<meta property=\"og:description\" content=\"Namn: Alice Andersson Instagram: @aliceandersson95 \u00c5lder: 27 \u00e5r L\u00e4ngd: 161 cm Bor: Halmstad Familj: Sambon Anton Yrke: F\u00f6rbundsutvecklare p\u00e5 ett [&hellip;]\" \/>\n<meta property=\"og:url\" content=\"https:\/\/www.welovecycling.com\/se\/skoda-cycling-team\/skoda-cycling-team-2022\/alice-andersson\/\" \/>\n<meta property=\"og:site_name\" content=\"\u0160koda - We Love Cycling - Sweden\" \/>\n<meta property=\"og:image\" content=\"https:\/\/d2p6e6u75xmxt8.cloudfront.net\/9\/2022\/05\/220507-SCT-Traningslager-Alice13035.jpg\" \/>\n<meta name=\"twitter:card\" content=\"summary_large_image\" \/>\n<meta name=\"twitter:label1\" content=\"Est. reading time\" \/>\n\t<meta name=\"twitter:data1\" content=\"2 minutes\" \/>\n<script type=\"application\/ld+json\" class=\"yoast-schema-graph\">{\"@context\":\"https:\/\/schema.org\",\"@graph\":[{\"@type\":\"WebPage\",\"@id\":\"https:\/\/www.welovecycling.com\/se\/skoda-cycling-team\/skoda-cycling-team-2022\/alice-andersson\/\",\"url\":\"https:\/\/www.welovecycling.com\/se\/skoda-cycling-team\/skoda-cycling-team-2022\/alice-andersson\/\",\"name\":\"Alice Andersson - \u0160koda - We Love Cycling - Sweden\",\"isPartOf\":{\"@id\":\"https:\/\/www.welovecycling.com\/se\/#website\"},\"primaryImageOfPage\":{\"@id\":\"https:\/\/www.welovecycling.com\/se\/skoda-cycling-team\/skoda-cycling-team-2022\/alice-andersson\/#primaryimage\"},\"image\":{\"@id\":\"https:\/\/www.welovecycling.com\/se\/skoda-cycling-team\/skoda-cycling-team-2022\/alice-andersson\/#primaryimage\"},\"thumbnailUrl\":\"https:\/\/d2p6e6u75xmxt8.cloudfront.net\/9\/2022\/05\/220507-SCT-Traningslager-Alice13035.jpg\",\"datePublished\":\"2022-05-16T09:42:36+00:00\",\"breadcrumb\":{\"@id\":\"https:\/\/www.welovecycling.com\/se\/skoda-cycling-team\/skoda-cycling-team-2022\/alice-andersson\/#breadcrumb\"},\"inLanguage\":\"sv-SE\",\"potentialAction\":[{\"@type\":\"ReadAction\",\"target\":[\"https:\/\/www.welovecycling.com\/se\/skoda-cycling-team\/skoda-cycling-team-2022\/alice-andersson\/\"]}]},{\"@type\":\"ImageObject\",\"inLanguage\":\"sv-SE\",\"@id\":\"https:\/\/www.welovecycling.com\/se\/skoda-cycling-team\/skoda-cycling-team-2022\/alice-andersson\/#primaryimage\",\"url\":\"https:\/\/d2p6e6u75xmxt8.cloudfront.net\/9\/2022\/05\/220507-SCT-Traningslager-Alice13035.jpg\",\"contentUrl\":\"https:\/\/d2p6e6u75xmxt8.cloudfront.net\/9\/2022\/05\/220507-SCT-Traningslager-Alice13035.jpg\"},{\"@type\":\"BreadcrumbList\",\"@id\":\"https:\/\/www.welovecycling.com\/se\/skoda-cycling-team\/skoda-cycling-team-2022\/alice-andersson\/#breadcrumb\",\"itemListElement\":[{\"@type\":\"ListItem\",\"position\":1,\"name\":\"Home\",\"item\":\"https:\/\/www.welovecycling.com\/se\/\"},{\"@type\":\"ListItem\",\"position\":2,\"name\":\"\u0160koda Cycling Team\",\"item\":\"https:\/\/www.welovecycling.com\/se\/skoda-cycling-team\/\"},{\"@type\":\"ListItem\",\"position\":3,\"name\":\"\u0160koda Cycling Team 2022\",\"item\":\"https:\/\/www.welovecycling.com\/se\/skoda-cycling-team\/skoda-cycling-team-2022\/\"},{\"@type\":\"ListItem\",\"position\":4,\"name\":\"Alice Andersson\"}]},{\"@type\":\"WebSite\",\"@id\":\"https:\/\/www.welovecycling.com\/se\/#website\",\"url\":\"https:\/\/www.welovecycling.com\/se\/\",\"name\":\"\u0160koda - We Love Cycling - Sweden\",\"description\":\"\u0160koda We Love Cycling - Sweden\",\"potentialAction\":[{\"@type\":\"SearchAction\",\"target\":{\"@type\":\"EntryPoint\",\"urlTemplate\":\"https:\/\/www.welovecycling.com\/se\/?s={search_term_string}\"},\"query-input\":{\"@type\":\"PropertyValueSpecification\",\"valueRequired\":true,\"valueName\":\"search_term_string\"}}],\"inLanguage\":\"sv-SE\"}]}<\/script>\n<!-- \/ Yoast SEO Premium plugin. -->","yoast_head_json":{"title":"Alice Andersson - \u0160koda - We Love Cycling - Sweden","robots":{"index":"index","follow":"follow","max-snippet":"max-snippet:-1","max-image-preview":"max-image-preview:large","max-video-preview":"max-video-preview:-1"},"canonical":"https:\/\/www.welovecycling.com\/se\/skoda-cycling-team\/skoda-cycling-team-2022\/alice-andersson\/","og_locale":"sv_SE","og_type":"article","og_title":"Alice Andersson","og_description":"Namn: Alice Andersson Instagram: @aliceandersson95 \u00c5lder: 27 \u00e5r L\u00e4ngd: 161 cm Bor: Halmstad Familj: Sambon Anton Yrke: F\u00f6rbundsutvecklare p\u00e5 ett [&hellip;]","og_url":"https:\/\/www.welovecycling.com\/se\/skoda-cycling-team\/skoda-cycling-team-2022\/alice-andersson\/","og_site_name":"\u0160koda - We Love Cycling - Sweden","og_image":[{"url":"https:\/\/d2p6e6u75xmxt8.cloudfront.net\/9\/2022\/05\/220507-SCT-Traningslager-Alice13035.jpg","type":"","width":"","height":""}],"twitter_card":"summary_large_image","twitter_misc":{"Est. reading time":"2 minutes"},"schema":{"@context":"https:\/\/schema.org","@graph":[{"@type":"WebPage","@id":"https:\/\/www.welovecycling.com\/se\/skoda-cycling-team\/skoda-cycling-team-2022\/alice-andersson\/","url":"https:\/\/www.welovecycling.com\/se\/skoda-cycling-team\/skoda-cycling-team-2022\/alice-andersson\/","name":"Alice Andersson - \u0160koda - We Love Cycling - Sweden","isPartOf":{"@id":"https:\/\/www.welovecycling.com\/se\/#website"},"primaryImageOfPage":{"@id":"https:\/\/www.welovecycling.com\/se\/skoda-cycling-team\/skoda-cycling-team-2022\/alice-andersson\/#primaryimage"},"image":{"@id":"https:\/\/www.welovecycling.com\/se\/skoda-cycling-team\/skoda-cycling-team-2022\/alice-andersson\/#primaryimage"},"thumbnailUrl":"https:\/\/d2p6e6u75xmxt8.cloudfront.net\/9\/2022\/05\/220507-SCT-Traningslager-Alice13035.jpg","datePublished":"2022-05-16T09:42:36+00:00","breadcrumb":{"@id":"https:\/\/www.welovecycling.com\/se\/skoda-cycling-team\/skoda-cycling-team-2022\/alice-andersson\/#breadcrumb"},"inLanguage":"sv-SE","potentialAction":[{"@type":"ReadAction","target":["https:\/\/www.welovecycling.com\/se\/skoda-cycling-team\/skoda-cycling-team-2022\/alice-andersson\/"]}]},{"@type":"ImageObject","inLanguage":"sv-SE","@id":"https:\/\/www.welovecycling.com\/se\/skoda-cycling-team\/skoda-cycling-team-2022\/alice-andersson\/#primaryimage","url":"https:\/\/d2p6e6u75xmxt8.cloudfront.net\/9\/2022\/05\/220507-SCT-Traningslager-Alice13035.jpg","contentUrl":"https:\/\/d2p6e6u75xmxt8.cloudfront.net\/9\/2022\/05\/220507-SCT-Traningslager-Alice13035.jpg"},{"@type":"BreadcrumbList","@id":"https:\/\/www.welovecycling.com\/se\/skoda-cycling-team\/skoda-cycling-team-2022\/alice-andersson\/#breadcrumb","itemListElement":[{"@type":"ListItem","position":1,"name":"Home","item":"https:\/\/www.welovecycling.com\/se\/"},{"@type":"ListItem","position":2,"name":"\u0160koda Cycling Team","item":"https:\/\/www.welovecycling.com\/se\/skoda-cycling-team\/"},{"@type":"ListItem","position":3,"name":"\u0160koda Cycling Team 2022","item":"https:\/\/www.welovecycling.com\/se\/skoda-cycling-team\/skoda-cycling-team-2022\/"},{"@type":"ListItem","position":4,"name":"Alice Andersson"}]},{"@type":"WebSite","@id":"https:\/\/www.welovecycling.com\/se\/#website","url":"https:\/\/www.welovecycling.com\/se\/","name":"\u0160koda - We Love Cycling - Sweden","description":"\u0160koda We Love Cycling - Sweden","potentialAction":[{"@type":"SearchAction","target":{"@type":"EntryPoint","urlTemplate":"https:\/\/www.welovecycling.com\/se\/?s={search_term_string}"},"query-input":{"@type":"PropertyValueSpecification","valueRequired":true,"valueName":"search_term_string"}}],"inLanguage":"sv-SE"}]}},"_links":{"self":[{"href":"https:\/\/www.welovecycling.com\/se\/wp-json\/wp\/v2\/pages\/4408","targetHints":{"allow":["GET"]}}],"collection":[{"href":"https:\/\/www.welovecycling.com\/se\/wp-json\/wp\/v2\/pages"}],"about":[{"href":"https:\/\/www.welovecycling.com\/se\/wp-json\/wp\/v2\/types\/page"}],"author":[{"embeddable":true,"href":"https:\/\/www.welovecycling.com\/se\/wp-json\/wp\/v2\/users\/159"}],"replies":[{"embeddable":true,"href":"https:\/\/www.welovecycling.com\/se\/wp-json\/wp\/v2\/comments?post=4408"}],"version-history":[{"count":1,"href":"https:\/\/www.welovecycling.com\/se\/wp-json\/wp\/v2\/pages\/4408\/revisions"}],"predecessor-version":[{"id":4410,"href":"https:\/\/www.welovecycling.com\/se\/wp-json\/wp\/v2\/pages\/4408\/revisions\/4410"}],"up":[{"embeddable":true,"href":"https:\/\/www.welovecycling.com\/se\/wp-json\/wp\/v2\/pages\/3121"}],"wp:attachment":[{"href":"https:\/\/www.welovecycling.com\/se\/wp-json\/wp\/v2\/media?parent=4408"}],"wp:term":[{"taxonomy":"post_tag","embeddable":true,"href":"https:\/\/www.welovecycling.com\/se\/wp-json\/wp\/v2\/tags?post=4408"}],"curies":[{"name":"wp","href":"https:\/\/api.w.org\/{rel}","templated":true}]}}