{"id":4400,"date":"2022-05-16T10:28:28","date_gmt":"2022-05-16T09:28:28","guid":{"rendered":"https:\/\/www.welovecycling.com\/se\/?page_id=4400"},"modified":"2022-05-16T10:28:28","modified_gmt":"2022-05-16T09:28:28","slug":"marina-emauelsson","status":"publish","type":"page","link":"https:\/\/www.welovecycling.com\/se\/skoda-cycling-team\/skoda-cycling-team-2022\/marina-emauelsson\/","title":{"rendered":"Marina Emauelsson"},"content":{"rendered":"<div id=\"pl-4400\"  class=\"panel-layout\" ><div id=\"pg-4400-0\"  class=\"panel-grid panel-no-style\" ><div id=\"pgc-4400-0-0\"  class=\"panel-grid-cell panel-grid-cell-empty\" ><\/div><\/div><div id=\"pg-4400-1\"  class=\"panel-grid panel-no-style\" ><div id=\"pgc-4400-1-0\"  class=\"panel-grid-cell\" ><div id=\"panel-4400-1-0-0\" class=\"so-panel widget widget_sow-editor panel-first-child panel-last-child\" data-index=\"0\" ><div\n\t\t\t\n\t\t\tclass=\"so-widget-sow-editor so-widget-sow-editor-base\"\n\t\t\t\n\t\t>\n<div class=\"siteorigin-widget-tinymce textwidget\">\n\t<p><a href=\"https:\/\/d2p6e6u75xmxt8.cloudfront.net\/9\/2022\/05\/220507-SCT-Traningslager-Marina_13055.jpg\"><img loading=\"lazy\" decoding=\"async\" class=\"alignnone wp-image-4391 size-full\" src=\"https:\/\/d2p6e6u75xmxt8.cloudfront.net\/9\/2022\/05\/220507-SCT-Traningslager-Marina_13055.jpg\" alt=\"\" width=\"8736\" height=\"11648\" \/><\/a><\/p>\n<\/div>\n<\/div><\/div><\/div><div id=\"pgc-4400-1-1\"  class=\"panel-grid-cell\" ><div id=\"panel-4400-1-1-0\" class=\"so-panel widget widget_sow-editor panel-first-child panel-last-child\" data-index=\"1\" ><div\n\t\t\t\n\t\t\tclass=\"so-widget-sow-editor so-widget-sow-editor-base\"\n\t\t\t\n\t\t>\n<div class=\"siteorigin-widget-tinymce textwidget\">\n\t<p><b>Namn: <\/b>Marina Emanuelsson\u00a0\u00a0<b><br \/>\n<\/b><b>Instagram:<\/b><span style=\"font-weight: 400;\"><a href=\"https:\/\/www.instagram.com\/marina_eman_\/\"> @marina_eman_<\/a><br \/>\n<\/span><b>\u00c5lder:<\/b><span style=\"font-weight: 400;\"> 51<br \/>\n<\/span><b>L\u00e4ngd: <\/b><span style=\"font-weight: 400;\">163<br \/>\n<\/span><b>Bor: <\/b><span style=\"font-weight: 400;\">Hillerstorp, Sm\u00e5land<br \/>\n<\/span><b>Familj: <\/b><span style=\"font-weight: 400;\">Sambo och tv\u00e5 d\u00f6ttrar<br \/>\n<\/span><b>Yrke: <\/b><span style=\"font-weight: 400;\">Category Buyer p\u00e5 ITAB Shop Concept AB<br \/>\n<\/span><b>Vad jag borde jobba med: <\/b><span style=\"font-weight: 400;\">Mat<br \/>\n<\/span><b>B\u00f6rjade cykla \u00e5r: <\/b><span style=\"font-weight: 400;\">1987<br \/>\n<\/span><b>\u00d6vriga intressen:<\/b><span style=\"font-weight: 400;\"> Lagar mat, dricka vin , tr\u00e4ning i olika former Tabata HIIT umg\u00e5s med familj &amp; v\u00e4nner<br \/>\n<\/span><b>Inspireras av:<\/b><span style=\"font-weight: 400;\"> andra som tr\u00e4nar<\/span><\/p>\n<p><b>Varf\u00f6r s\u00f6kte du till SKODA Cycling Team?<\/b><span style=\"font-weight: 400;\"> N\u00e4r jag l\u00e4ste om att det skulle vara ett rent damlag , k\u00e4nde jag direkt att jag ville vara med och var besviken p\u00e5 att jag inte hade s\u00f6kt. Men s\u00e5 tacksam \u00f6ver guldbiljetten<\/span><\/p>\n<p><b>Vad betyder cyklingen f\u00f6r dig? <\/b><span style=\"font-weight: 400;\">Cykling f\u00f6r mig betyder gl\u00e4dje &amp; gemenskap och att hj\u00e4lper mig \u00e4ven mentalt.<\/span><\/p>\n<p><b>Hur k\u00e4nns det med ett helt damlag i \u00e5r? <\/b><span style=\"font-weight: 400;\">Helt fantastiskt kul, eftersom jag n\u00e4stan alltid bara cyklar med herrar annars<\/span><\/p>\n<p><b>Vilket \u00e4r ditt f\u00f6rsta intryck av din fadder Jessica Edqvist? <\/b><span style=\"font-weight: 400;\">V\u00e4lkomnande i gruppen<\/span><\/p>\n<p><b>Vilken roll brukar du fylla i ett lag? <\/b><span style=\"font-weight: 400;\">Slitvarg<\/span><\/p>\n<p><b>Vilket \u00e4r ditt starkaste minne p\u00e5 cykeln? <\/b><span style=\"font-weight: 400;\">N\u00e4r jag k\u00f6rde med mustach p\u00e5 tid 6:48 stark k\u00e4nsla att med denna grupp sl\u00e5 rekord och en s\u00e5dan gemenskap<\/span><\/p>\n<p><b>Vilka \u00e4r dina styrkor som cyklist?<\/b><span style=\"font-weight: 400;\"> Uth\u00e5llig &amp; envis<\/span><\/p>\n<p><b>...och svagheter?<\/b><span style=\"font-weight: 400;\"> Lat ibland<\/span><span style=\"font-weight: 400;\">\u00a0<\/span><\/p>\n<p><b>Tr\u00e4ningspass du l\u00e4ngtar till?<\/b><span style=\"font-weight: 400;\"> Fikapass &amp; backrundor<\/span><\/p>\n<p><b>...och pass du g\u00e4rna skjuter p\u00e5? <\/b><span style=\"font-weight: 400;\">intervaller<\/span><\/p>\n<p><b>St\u00f6rsta r\u00e4dsla inf\u00f6r loppet? <\/b><span style=\"font-weight: 400;\">Har inga, kanske att jag inte kan bidrar s\u00e5 mycket som jag vill<\/span><\/p>\n<p><b>Hur beter du dig n\u00e4r du g\u00e5r in i v\u00e4ggen? <\/b><span style=\"font-weight: 400;\">Blir l\u00e5g och tyst<\/span><\/p>\n<p><b>Hur firar du efter m\u00e5lg\u00e5ng? <\/b><span style=\"font-weight: 400;\">Med att sova \ud83d\ude0a<\/span><\/p>\n<p><b>Zwift eller vintercykling ute? <\/b><span style=\"font-weight: 400;\">Vintercykel ute<br \/>\n<\/span><b>Morgon eller kv\u00e4llspass? <\/b><span style=\"font-weight: 400;\">Kv\u00e4llspass<br \/>\n<\/span><b>Vo2 eller tr\u00f6skelintervaller?\u00a0 <\/b><span style=\"font-weight: 400;\">Vo2<br \/>\n<\/span><b>Tr\u00e4na p\u00e5 k\u00e4nsla eller data?<\/b><span style=\"font-weight: 400;\"> P\u00e5 k\u00e4nsla<br \/>\n<\/span><b>Fika under eller efter passet?<\/b><span style=\"font-weight: 400;\"> Efterpasset<br \/>\n<\/span><b>Banan eller energibar i ryggfickan? <\/b><span style=\"font-weight: 400;\">Banan<br \/>\n<\/span><b>Touren eller Vueltan?<\/b><span style=\"font-weight: 400;\"> \u00a0 Touren<br \/>\n<\/span><b>Spurtare eller hj\u00e4lpryttare? <\/b><span style=\"font-weight: 400;\">B\u00e5de och<\/span><\/p>\n<\/div>\n<\/div><\/div><\/div><\/div><div id=\"pg-4400-2\"  class=\"panel-grid panel-no-style\" ><div id=\"pgc-4400-2-0\"  class=\"panel-grid-cell panel-grid-cell-empty\" ><\/div><\/div><\/div>","protected":false},"excerpt":{"rendered":"<p>Namn: Marina Emanuelsson\u00a0\u00a0 Instagram: @marina_eman_ \u00c5lder: 51 L\u00e4ngd: 163 Bor: Hillerstorp, Sm\u00e5land Familj: Sambo och tv\u00e5 d\u00f6ttrar Yrke: Category Buyer [&hellip;]<\/p>\n","protected":false},"author":159,"featured_media":0,"parent":3121,"menu_order":0,"comment_status":"closed","ping_status":"closed","template":"","meta":{"footnotes":""},"tags":[],"class_list":["post-4400","page","type-page","status-publish","hentry"],"yoast_head":"<!-- This site is optimized with the Yoast SEO Premium plugin v25.3 (Yoast SEO v25.9) - https:\/\/yoast.com\/wordpress\/plugins\/seo\/ -->\n<title>Marina Emauelsson - \u0160koda - We Love Cycling - Sweden<\/title>\n<meta name=\"robots\" content=\"index, follow, max-snippet:-1, max-image-preview:large, max-video-preview:-1\" \/>\n<link rel=\"canonical\" href=\"https:\/\/www.welovecycling.com\/se\/skoda-cycling-team\/skoda-cycling-team-2022\/marina-emauelsson\/\" \/>\n<meta property=\"og:locale\" content=\"sv_SE\" \/>\n<meta property=\"og:type\" content=\"article\" \/>\n<meta property=\"og:title\" content=\"Marina Emauelsson\" \/>\n<meta property=\"og:description\" content=\"Namn: Marina Emanuelsson\u00a0\u00a0 Instagram: @marina_eman_ \u00c5lder: 51 L\u00e4ngd: 163 Bor: Hillerstorp, Sm\u00e5land Familj: Sambo och tv\u00e5 d\u00f6ttrar Yrke: Category Buyer [&hellip;]\" \/>\n<meta property=\"og:url\" content=\"https:\/\/www.welovecycling.com\/se\/skoda-cycling-team\/skoda-cycling-team-2022\/marina-emauelsson\/\" \/>\n<meta property=\"og:site_name\" content=\"\u0160koda - We Love Cycling - Sweden\" \/>\n<meta property=\"og:image\" content=\"https:\/\/d2p6e6u75xmxt8.cloudfront.net\/9\/2022\/05\/220507-SCT-Traningslager-Marina_13055.jpg\" \/>\n<meta name=\"twitter:card\" content=\"summary_large_image\" \/>\n<meta name=\"twitter:label1\" content=\"Est. reading time\" \/>\n\t<meta name=\"twitter:data1\" content=\"2 minutes\" \/>\n<script type=\"application\/ld+json\" class=\"yoast-schema-graph\">{\"@context\":\"https:\/\/schema.org\",\"@graph\":[{\"@type\":\"WebPage\",\"@id\":\"https:\/\/www.welovecycling.com\/se\/skoda-cycling-team\/skoda-cycling-team-2022\/marina-emauelsson\/\",\"url\":\"https:\/\/www.welovecycling.com\/se\/skoda-cycling-team\/skoda-cycling-team-2022\/marina-emauelsson\/\",\"name\":\"Marina Emauelsson - \u0160koda - We Love Cycling - Sweden\",\"isPartOf\":{\"@id\":\"https:\/\/www.welovecycling.com\/se\/#website\"},\"primaryImageOfPage\":{\"@id\":\"https:\/\/www.welovecycling.com\/se\/skoda-cycling-team\/skoda-cycling-team-2022\/marina-emauelsson\/#primaryimage\"},\"image\":{\"@id\":\"https:\/\/www.welovecycling.com\/se\/skoda-cycling-team\/skoda-cycling-team-2022\/marina-emauelsson\/#primaryimage\"},\"thumbnailUrl\":\"https:\/\/d2p6e6u75xmxt8.cloudfront.net\/9\/2022\/05\/220507-SCT-Traningslager-Marina_13055.jpg\",\"datePublished\":\"2022-05-16T09:28:28+00:00\",\"breadcrumb\":{\"@id\":\"https:\/\/www.welovecycling.com\/se\/skoda-cycling-team\/skoda-cycling-team-2022\/marina-emauelsson\/#breadcrumb\"},\"inLanguage\":\"sv-SE\",\"potentialAction\":[{\"@type\":\"ReadAction\",\"target\":[\"https:\/\/www.welovecycling.com\/se\/skoda-cycling-team\/skoda-cycling-team-2022\/marina-emauelsson\/\"]}]},{\"@type\":\"ImageObject\",\"inLanguage\":\"sv-SE\",\"@id\":\"https:\/\/www.welovecycling.com\/se\/skoda-cycling-team\/skoda-cycling-team-2022\/marina-emauelsson\/#primaryimage\",\"url\":\"https:\/\/d2p6e6u75xmxt8.cloudfront.net\/9\/2022\/05\/220507-SCT-Traningslager-Marina_13055.jpg\",\"contentUrl\":\"https:\/\/d2p6e6u75xmxt8.cloudfront.net\/9\/2022\/05\/220507-SCT-Traningslager-Marina_13055.jpg\"},{\"@type\":\"BreadcrumbList\",\"@id\":\"https:\/\/www.welovecycling.com\/se\/skoda-cycling-team\/skoda-cycling-team-2022\/marina-emauelsson\/#breadcrumb\",\"itemListElement\":[{\"@type\":\"ListItem\",\"position\":1,\"name\":\"Home\",\"item\":\"https:\/\/www.welovecycling.com\/se\/\"},{\"@type\":\"ListItem\",\"position\":2,\"name\":\"\u0160koda Cycling Team\",\"item\":\"https:\/\/www.welovecycling.com\/se\/skoda-cycling-team\/\"},{\"@type\":\"ListItem\",\"position\":3,\"name\":\"\u0160koda Cycling Team 2022\",\"item\":\"https:\/\/www.welovecycling.com\/se\/skoda-cycling-team\/skoda-cycling-team-2022\/\"},{\"@type\":\"ListItem\",\"position\":4,\"name\":\"Marina Emauelsson\"}]},{\"@type\":\"WebSite\",\"@id\":\"https:\/\/www.welovecycling.com\/se\/#website\",\"url\":\"https:\/\/www.welovecycling.com\/se\/\",\"name\":\"\u0160koda - We Love Cycling - Sweden\",\"description\":\"\u0160koda We Love Cycling - Sweden\",\"potentialAction\":[{\"@type\":\"SearchAction\",\"target\":{\"@type\":\"EntryPoint\",\"urlTemplate\":\"https:\/\/www.welovecycling.com\/se\/?s={search_term_string}\"},\"query-input\":{\"@type\":\"PropertyValueSpecification\",\"valueRequired\":true,\"valueName\":\"search_term_string\"}}],\"inLanguage\":\"sv-SE\"}]}<\/script>\n<!-- \/ Yoast SEO Premium plugin. -->","yoast_head_json":{"title":"Marina Emauelsson - \u0160koda - We Love Cycling - Sweden","robots":{"index":"index","follow":"follow","max-snippet":"max-snippet:-1","max-image-preview":"max-image-preview:large","max-video-preview":"max-video-preview:-1"},"canonical":"https:\/\/www.welovecycling.com\/se\/skoda-cycling-team\/skoda-cycling-team-2022\/marina-emauelsson\/","og_locale":"sv_SE","og_type":"article","og_title":"Marina Emauelsson","og_description":"Namn: Marina Emanuelsson\u00a0\u00a0 Instagram: @marina_eman_ \u00c5lder: 51 L\u00e4ngd: 163 Bor: Hillerstorp, Sm\u00e5land Familj: Sambo och tv\u00e5 d\u00f6ttrar Yrke: Category Buyer [&hellip;]","og_url":"https:\/\/www.welovecycling.com\/se\/skoda-cycling-team\/skoda-cycling-team-2022\/marina-emauelsson\/","og_site_name":"\u0160koda - We Love Cycling - Sweden","og_image":[{"url":"https:\/\/d2p6e6u75xmxt8.cloudfront.net\/9\/2022\/05\/220507-SCT-Traningslager-Marina_13055.jpg","type":"","width":"","height":""}],"twitter_card":"summary_large_image","twitter_misc":{"Est. reading time":"2 minutes"},"schema":{"@context":"https:\/\/schema.org","@graph":[{"@type":"WebPage","@id":"https:\/\/www.welovecycling.com\/se\/skoda-cycling-team\/skoda-cycling-team-2022\/marina-emauelsson\/","url":"https:\/\/www.welovecycling.com\/se\/skoda-cycling-team\/skoda-cycling-team-2022\/marina-emauelsson\/","name":"Marina Emauelsson - \u0160koda - We Love Cycling - Sweden","isPartOf":{"@id":"https:\/\/www.welovecycling.com\/se\/#website"},"primaryImageOfPage":{"@id":"https:\/\/www.welovecycling.com\/se\/skoda-cycling-team\/skoda-cycling-team-2022\/marina-emauelsson\/#primaryimage"},"image":{"@id":"https:\/\/www.welovecycling.com\/se\/skoda-cycling-team\/skoda-cycling-team-2022\/marina-emauelsson\/#primaryimage"},"thumbnailUrl":"https:\/\/d2p6e6u75xmxt8.cloudfront.net\/9\/2022\/05\/220507-SCT-Traningslager-Marina_13055.jpg","datePublished":"2022-05-16T09:28:28+00:00","breadcrumb":{"@id":"https:\/\/www.welovecycling.com\/se\/skoda-cycling-team\/skoda-cycling-team-2022\/marina-emauelsson\/#breadcrumb"},"inLanguage":"sv-SE","potentialAction":[{"@type":"ReadAction","target":["https:\/\/www.welovecycling.com\/se\/skoda-cycling-team\/skoda-cycling-team-2022\/marina-emauelsson\/"]}]},{"@type":"ImageObject","inLanguage":"sv-SE","@id":"https:\/\/www.welovecycling.com\/se\/skoda-cycling-team\/skoda-cycling-team-2022\/marina-emauelsson\/#primaryimage","url":"https:\/\/d2p6e6u75xmxt8.cloudfront.net\/9\/2022\/05\/220507-SCT-Traningslager-Marina_13055.jpg","contentUrl":"https:\/\/d2p6e6u75xmxt8.cloudfront.net\/9\/2022\/05\/220507-SCT-Traningslager-Marina_13055.jpg"},{"@type":"BreadcrumbList","@id":"https:\/\/www.welovecycling.com\/se\/skoda-cycling-team\/skoda-cycling-team-2022\/marina-emauelsson\/#breadcrumb","itemListElement":[{"@type":"ListItem","position":1,"name":"Home","item":"https:\/\/www.welovecycling.com\/se\/"},{"@type":"ListItem","position":2,"name":"\u0160koda Cycling Team","item":"https:\/\/www.welovecycling.com\/se\/skoda-cycling-team\/"},{"@type":"ListItem","position":3,"name":"\u0160koda Cycling Team 2022","item":"https:\/\/www.welovecycling.com\/se\/skoda-cycling-team\/skoda-cycling-team-2022\/"},{"@type":"ListItem","position":4,"name":"Marina Emauelsson"}]},{"@type":"WebSite","@id":"https:\/\/www.welovecycling.com\/se\/#website","url":"https:\/\/www.welovecycling.com\/se\/","name":"\u0160koda - We Love Cycling - Sweden","description":"\u0160koda We Love Cycling - Sweden","potentialAction":[{"@type":"SearchAction","target":{"@type":"EntryPoint","urlTemplate":"https:\/\/www.welovecycling.com\/se\/?s={search_term_string}"},"query-input":{"@type":"PropertyValueSpecification","valueRequired":true,"valueName":"search_term_string"}}],"inLanguage":"sv-SE"}]}},"_links":{"self":[{"href":"https:\/\/www.welovecycling.com\/se\/wp-json\/wp\/v2\/pages\/4400","targetHints":{"allow":["GET"]}}],"collection":[{"href":"https:\/\/www.welovecycling.com\/se\/wp-json\/wp\/v2\/pages"}],"about":[{"href":"https:\/\/www.welovecycling.com\/se\/wp-json\/wp\/v2\/types\/page"}],"author":[{"embeddable":true,"href":"https:\/\/www.welovecycling.com\/se\/wp-json\/wp\/v2\/users\/159"}],"replies":[{"embeddable":true,"href":"https:\/\/www.welovecycling.com\/se\/wp-json\/wp\/v2\/comments?post=4400"}],"version-history":[{"count":2,"href":"https:\/\/www.welovecycling.com\/se\/wp-json\/wp\/v2\/pages\/4400\/revisions"}],"predecessor-version":[{"id":4402,"href":"https:\/\/www.welovecycling.com\/se\/wp-json\/wp\/v2\/pages\/4400\/revisions\/4402"}],"up":[{"embeddable":true,"href":"https:\/\/www.welovecycling.com\/se\/wp-json\/wp\/v2\/pages\/3121"}],"wp:attachment":[{"href":"https:\/\/www.welovecycling.com\/se\/wp-json\/wp\/v2\/media?parent=4400"}],"wp:term":[{"taxonomy":"post_tag","embeddable":true,"href":"https:\/\/www.welovecycling.com\/se\/wp-json\/wp\/v2\/tags?post=4400"}],"curies":[{"name":"wp","href":"https:\/\/api.w.org\/{rel}","templated":true}]}}