{"id":4397,"date":"2022-05-16T10:23:27","date_gmt":"2022-05-16T09:23:27","guid":{"rendered":"https:\/\/www.welovecycling.com\/se\/?page_id=4397"},"modified":"2022-05-16T10:23:27","modified_gmt":"2022-05-16T09:23:27","slug":"guayen-minchot","status":"publish","type":"page","link":"https:\/\/www.welovecycling.com\/se\/skoda-cycling-team\/skoda-cycling-team-2022\/guayen-minchot\/","title":{"rendered":"Guay\u00e9n Minchot"},"content":{"rendered":"<div id=\"pl-4397\"  class=\"panel-layout\" ><div id=\"pg-4397-0\"  class=\"panel-grid panel-no-style\" ><div id=\"pgc-4397-0-0\"  class=\"panel-grid-cell panel-grid-cell-empty\" ><\/div><\/div><div id=\"pg-4397-1\"  class=\"panel-grid panel-no-style\" ><div id=\"pgc-4397-1-0\"  class=\"panel-grid-cell\" ><div id=\"panel-4397-1-0-0\" class=\"so-panel widget widget_sow-editor panel-first-child panel-last-child\" data-index=\"0\" ><div\n\t\t\t\n\t\t\tclass=\"so-widget-sow-editor so-widget-sow-editor-base\"\n\t\t\t\n\t\t>\n<div class=\"siteorigin-widget-tinymce textwidget\">\n\t<p><a href=\"https:\/\/d2p6e6u75xmxt8.cloudfront.net\/9\/2022\/05\/220507-SCT-Traningslager-Guayen_13083.jpg\"><img loading=\"lazy\" decoding=\"async\" class=\"alignnone wp-image-4380 size-full\" src=\"https:\/\/d2p6e6u75xmxt8.cloudfront.net\/9\/2022\/05\/220507-SCT-Traningslager-Guayen_13083.jpg\" alt=\"\" width=\"8736\" height=\"11648\" \/><\/a><\/p>\n<p>&nbsp;<\/p>\n<\/div>\n<\/div><\/div><\/div><div id=\"pgc-4397-1-1\"  class=\"panel-grid-cell\" ><div id=\"panel-4397-1-1-0\" class=\"so-panel widget widget_sow-editor panel-first-child panel-last-child\" data-index=\"1\" ><div\n\t\t\t\n\t\t\tclass=\"so-widget-sow-editor so-widget-sow-editor-base\"\n\t\t\t\n\t\t>\n<div class=\"siteorigin-widget-tinymce textwidget\">\n\t<p><b>Namn: <\/b><span style=\"font-weight: 400;\">Guay\u00e9n Minchot<br \/>\n<\/span><b>Instagram:<\/b><span style=\"font-weight: 400;\"><a href=\"https:\/\/www.instagram.com\/guayenmb\/\"> @guayenmb<\/a><br \/>\n<\/span><b>\u00c5lder: <\/b><span style=\"font-weight: 400;\">28<br \/>\n<\/span><b>L\u00e4ngd: <\/b><span style=\"font-weight: 400;\">165<br \/>\n<\/span><b>Bor: <\/b><span style=\"font-weight: 400;\">Stockholm<br \/>\n<\/span><b>Familj: <\/b><span style=\"font-weight: 400;\">sister and parents who live in Spain<br \/>\n<\/span><b>Yrke: <\/b><span style=\"font-weight: 400;\">Structural engineer<br \/>\n<\/span><b>Vad jag borde jobba med: <\/b><span style=\"font-weight: 400;\">I like what I do<br \/>\n<\/span><b>B\u00f6rjade cykla \u00e5r: <\/b><span style=\"font-weight: 400;\">2000-<br \/>\n<\/span><b>\u00d6vriga intressen: <\/b><span style=\"font-weight: 400;\">Cross-country skiing, outdoor sports, engineering.<br \/>\n<\/span><b>Inspireras av: <\/b><span style=\"font-weight: 400;\">people with a passion<\/span><\/p>\n<p><b>Varf\u00f6r s\u00f6kte du till SKODA Cycling Team?\u00a0<\/b><span style=\"font-weight: 400;\">I thought it would be very cool to see how fast a women's team can ride VR, and I really wanted to be a part of it.<\/span><\/p>\n<p><b>Vad betyder cyklingen f\u00f6r dig? <\/b><span style=\"font-weight: 400;\">For me cycling is health, fitness, friends, freedom, adventure, competition, speed, a way of transport\u2026 a complete lifestyle.<\/span><\/p>\n<p><b>Hur k\u00e4nns det med ett helt damlag i \u00e5r? <\/b><span style=\"font-weight: 400;\">I think it is great! Cycling is a male dominated sport, and this team gives more women the opportunity of training and riding in a professional environment, surrounded by many strong and inspiring teammates.<\/span><\/p>\n<p><b>Vilket \u00e4r ditt f\u00f6rsta intryck av din fadder Hanna Johansson? <\/b>H<span style=\"font-weight: 400;\">anna is a super strong, decided, and fearless cyclist with many years of experience in international road racing. I have so much to learn from her!<\/span><span style=\"font-weight: 400;\">\u00a0<\/span><\/p>\n<p><b>Vilken roll brukar du fylla i ett lag?\u00a0<\/b><span style=\"font-weight: 400;\">I\u2019m very chilled and like to follow the group flow. I always see the positive side of things (a climb is never too steep and the weather never too bad \ud83d\ude09 and I try to express that to others to keep the mood up when things get tough.<\/span><span style=\"font-weight: 400;\">\u00a0<\/span><\/p>\n<p><b>Vilket \u00e4r ditt starkaste minne p\u00e5 cykeln?\u00a0<\/b><span style=\"font-weight: 400;\">Last summer\u2019s bikepacking trip from Kiruna to Stockholm \u2013 16 days of endless gravel roads. Nothing beats the feeling of long days in the saddle, empty trails and a group of good friends.<\/span><\/p>\n<p><b>Vilka \u00e4r dina styrkor som cyklist?\u00a0<\/b><span style=\"font-weight: 400;\">I'm very used to long rides, so I think I can keep up after many hours. I\u2019m very versatile and can quickly adapt to different roles in a race situation.<\/span><\/p>\n<p><b>...och svagheter?\u00a0<\/b><span style=\"font-weight: 400;\">I don\u2019t like resting, which sometimes ends up in lots of quantity but perhaps not enough quality training.<\/span><span style=\"font-weight: 400;\">\u00a0<\/span><\/p>\n<p><b>Tr\u00e4ningspass du l\u00e4ngtar till?\u00a0<\/b><span style=\"font-weight: 400;\">Full day ride in the mountains, with long climbs and good company.<\/span><span style=\"font-weight: 400;\">\u00a0<\/span><\/p>\n<p><b>...och pass du g\u00e4rna skjuter p\u00e5?\u00a0<\/b><span style=\"font-weight: 400;\">A cold, rainy ride, on a boring route.<\/span><\/p>\n<p><b>Hur f\u00f6rbereder du dig mentalt inf\u00f6r V\u00e4tternrundan?\u00a0<\/b><span style=\"font-weight: 400;\">I look into things that are up to me to control and make sure I get all of it done before the race \u2013 having my bike fast and ready, thinking of a nutrition plan for the race, knowing the course in detail etc<\/span><span style=\"font-weight: 400;\">\u00a0<\/span><\/p>\n<p><b>St\u00f6rsta r\u00e4dsla inf\u00f6r loppet?\u00a0<\/b><span style=\"font-weight: 400;\">Mechanicals, punctures.<\/span><\/p>\n<p><b>Hur beter du dig n\u00e4r du g\u00e5r in i v\u00e4ggen?\u00a0<\/b><span style=\"font-weight: 400;\">I get quiet and my optimism disappears.<\/span><\/p>\n<p><b>Hur firar du efter m\u00e5lg\u00e5ng?\u00a0<\/b><span style=\"font-weight: 400;\">A nice meal with teammates!<\/span><\/p>\n<p><b>Zwift eller vintercykling ute?. <\/b><span style=\"font-weight: 400;\">Vintercykling, eller l\u00e4ngdskidor. 100% utetr\u00e4ning<br \/>\n<\/span><b>Morgon eller kv\u00e4llspass? <\/b><span style=\"font-weight: 400;\">Morgon<br \/>\n<\/span><b>Vo2 eller tr\u00f6skelintervaller?\u00a0 <\/b><span style=\"font-weight: 400;\">Tr\u00f6skel<br \/>\n<\/span><b>Tr\u00e4na p\u00e5 k\u00e4nsla eller data?<\/b><span style=\"font-weight: 400;\"> Tr\u00e4na p\u00e5 k\u00e4nsla, kolla p\u00e5 data efter<br \/>\n<\/span><b>Fika under eller efter passet?<\/b><span style=\"font-weight: 400;\"> B\u00e5de \ud83d\ude09<br \/>\n<\/span><b>Banan eller energibar i ryggfickan? <\/b><span style=\"font-weight: 400;\">Banan<br \/>\n<\/span><b>Touren eller Vueltan?<\/b><span style=\"font-weight: 400;\"> \u00a0 La Vuelta a Espa\u00f1a!<br \/>\n<\/span><b>Spurtare eller hj\u00e4lpryttare?<\/b><span style=\"font-weight: 400;\"> Hj\u00e4lpryttare<\/span><\/p>\n<\/div>\n<\/div><\/div><\/div><\/div><div id=\"pg-4397-2\"  class=\"panel-grid panel-no-style\" ><div id=\"pgc-4397-2-0\"  class=\"panel-grid-cell panel-grid-cell-empty\" ><\/div><\/div><\/div>","protected":false},"excerpt":{"rendered":"<p>&nbsp; Namn: Guay\u00e9n Minchot Instagram: @guayenmb \u00c5lder: 28 L\u00e4ngd: 165 Bor: Stockholm Familj: sister and parents who live in Spain [&hellip;]<\/p>\n","protected":false},"author":159,"featured_media":0,"parent":3121,"menu_order":0,"comment_status":"closed","ping_status":"closed","template":"","meta":{"footnotes":""},"tags":[],"class_list":["post-4397","page","type-page","status-publish","hentry"],"yoast_head":"<!-- This site is optimized with the Yoast SEO Premium plugin v25.3 (Yoast SEO v25.9) - https:\/\/yoast.com\/wordpress\/plugins\/seo\/ -->\n<title>Guay\u00e9n Minchot - \u0160koda - We Love Cycling - Sweden<\/title>\n<meta name=\"robots\" content=\"index, follow, max-snippet:-1, max-image-preview:large, max-video-preview:-1\" \/>\n<link rel=\"canonical\" href=\"https:\/\/www.welovecycling.com\/se\/skoda-cycling-team\/skoda-cycling-team-2022\/guayen-minchot\/\" \/>\n<meta property=\"og:locale\" content=\"sv_SE\" \/>\n<meta property=\"og:type\" content=\"article\" \/>\n<meta property=\"og:title\" content=\"Guay\u00e9n Minchot\" \/>\n<meta property=\"og:description\" content=\"&nbsp; Namn: Guay\u00e9n Minchot Instagram: @guayenmb \u00c5lder: 28 L\u00e4ngd: 165 Bor: Stockholm Familj: sister and parents who live in Spain [&hellip;]\" \/>\n<meta property=\"og:url\" content=\"https:\/\/www.welovecycling.com\/se\/skoda-cycling-team\/skoda-cycling-team-2022\/guayen-minchot\/\" \/>\n<meta property=\"og:site_name\" content=\"\u0160koda - We Love Cycling - Sweden\" \/>\n<meta property=\"og:image\" content=\"https:\/\/d2p6e6u75xmxt8.cloudfront.net\/9\/2022\/05\/220507-SCT-Traningslager-Guayen_13083.jpg\" \/>\n<meta name=\"twitter:card\" content=\"summary_large_image\" \/>\n<meta name=\"twitter:label1\" content=\"Est. reading time\" \/>\n\t<meta name=\"twitter:data1\" content=\"3 minutes\" \/>\n<script type=\"application\/ld+json\" class=\"yoast-schema-graph\">{\"@context\":\"https:\/\/schema.org\",\"@graph\":[{\"@type\":\"WebPage\",\"@id\":\"https:\/\/www.welovecycling.com\/se\/skoda-cycling-team\/skoda-cycling-team-2022\/guayen-minchot\/\",\"url\":\"https:\/\/www.welovecycling.com\/se\/skoda-cycling-team\/skoda-cycling-team-2022\/guayen-minchot\/\",\"name\":\"Guay\u00e9n Minchot - \u0160koda - We Love Cycling - Sweden\",\"isPartOf\":{\"@id\":\"https:\/\/www.welovecycling.com\/se\/#website\"},\"primaryImageOfPage\":{\"@id\":\"https:\/\/www.welovecycling.com\/se\/skoda-cycling-team\/skoda-cycling-team-2022\/guayen-minchot\/#primaryimage\"},\"image\":{\"@id\":\"https:\/\/www.welovecycling.com\/se\/skoda-cycling-team\/skoda-cycling-team-2022\/guayen-minchot\/#primaryimage\"},\"thumbnailUrl\":\"https:\/\/d2p6e6u75xmxt8.cloudfront.net\/9\/2022\/05\/220507-SCT-Traningslager-Guayen_13083.jpg\",\"datePublished\":\"2022-05-16T09:23:27+00:00\",\"breadcrumb\":{\"@id\":\"https:\/\/www.welovecycling.com\/se\/skoda-cycling-team\/skoda-cycling-team-2022\/guayen-minchot\/#breadcrumb\"},\"inLanguage\":\"sv-SE\",\"potentialAction\":[{\"@type\":\"ReadAction\",\"target\":[\"https:\/\/www.welovecycling.com\/se\/skoda-cycling-team\/skoda-cycling-team-2022\/guayen-minchot\/\"]}]},{\"@type\":\"ImageObject\",\"inLanguage\":\"sv-SE\",\"@id\":\"https:\/\/www.welovecycling.com\/se\/skoda-cycling-team\/skoda-cycling-team-2022\/guayen-minchot\/#primaryimage\",\"url\":\"https:\/\/d2p6e6u75xmxt8.cloudfront.net\/9\/2022\/05\/220507-SCT-Traningslager-Guayen_13083.jpg\",\"contentUrl\":\"https:\/\/d2p6e6u75xmxt8.cloudfront.net\/9\/2022\/05\/220507-SCT-Traningslager-Guayen_13083.jpg\"},{\"@type\":\"BreadcrumbList\",\"@id\":\"https:\/\/www.welovecycling.com\/se\/skoda-cycling-team\/skoda-cycling-team-2022\/guayen-minchot\/#breadcrumb\",\"itemListElement\":[{\"@type\":\"ListItem\",\"position\":1,\"name\":\"Home\",\"item\":\"https:\/\/www.welovecycling.com\/se\/\"},{\"@type\":\"ListItem\",\"position\":2,\"name\":\"\u0160koda Cycling Team\",\"item\":\"https:\/\/www.welovecycling.com\/se\/skoda-cycling-team\/\"},{\"@type\":\"ListItem\",\"position\":3,\"name\":\"\u0160koda Cycling Team 2022\",\"item\":\"https:\/\/www.welovecycling.com\/se\/skoda-cycling-team\/skoda-cycling-team-2022\/\"},{\"@type\":\"ListItem\",\"position\":4,\"name\":\"Guay\u00e9n Minchot\"}]},{\"@type\":\"WebSite\",\"@id\":\"https:\/\/www.welovecycling.com\/se\/#website\",\"url\":\"https:\/\/www.welovecycling.com\/se\/\",\"name\":\"\u0160koda - We Love Cycling - Sweden\",\"description\":\"\u0160koda We Love Cycling - Sweden\",\"potentialAction\":[{\"@type\":\"SearchAction\",\"target\":{\"@type\":\"EntryPoint\",\"urlTemplate\":\"https:\/\/www.welovecycling.com\/se\/?s={search_term_string}\"},\"query-input\":{\"@type\":\"PropertyValueSpecification\",\"valueRequired\":true,\"valueName\":\"search_term_string\"}}],\"inLanguage\":\"sv-SE\"}]}<\/script>\n<!-- \/ Yoast SEO Premium plugin. -->","yoast_head_json":{"title":"Guay\u00e9n Minchot - \u0160koda - We Love Cycling - Sweden","robots":{"index":"index","follow":"follow","max-snippet":"max-snippet:-1","max-image-preview":"max-image-preview:large","max-video-preview":"max-video-preview:-1"},"canonical":"https:\/\/www.welovecycling.com\/se\/skoda-cycling-team\/skoda-cycling-team-2022\/guayen-minchot\/","og_locale":"sv_SE","og_type":"article","og_title":"Guay\u00e9n Minchot","og_description":"&nbsp; Namn: Guay\u00e9n Minchot Instagram: @guayenmb \u00c5lder: 28 L\u00e4ngd: 165 Bor: Stockholm Familj: sister and parents who live in Spain [&hellip;]","og_url":"https:\/\/www.welovecycling.com\/se\/skoda-cycling-team\/skoda-cycling-team-2022\/guayen-minchot\/","og_site_name":"\u0160koda - We Love Cycling - Sweden","og_image":[{"url":"https:\/\/d2p6e6u75xmxt8.cloudfront.net\/9\/2022\/05\/220507-SCT-Traningslager-Guayen_13083.jpg","type":"","width":"","height":""}],"twitter_card":"summary_large_image","twitter_misc":{"Est. reading time":"3 minutes"},"schema":{"@context":"https:\/\/schema.org","@graph":[{"@type":"WebPage","@id":"https:\/\/www.welovecycling.com\/se\/skoda-cycling-team\/skoda-cycling-team-2022\/guayen-minchot\/","url":"https:\/\/www.welovecycling.com\/se\/skoda-cycling-team\/skoda-cycling-team-2022\/guayen-minchot\/","name":"Guay\u00e9n Minchot - \u0160koda - We Love Cycling - Sweden","isPartOf":{"@id":"https:\/\/www.welovecycling.com\/se\/#website"},"primaryImageOfPage":{"@id":"https:\/\/www.welovecycling.com\/se\/skoda-cycling-team\/skoda-cycling-team-2022\/guayen-minchot\/#primaryimage"},"image":{"@id":"https:\/\/www.welovecycling.com\/se\/skoda-cycling-team\/skoda-cycling-team-2022\/guayen-minchot\/#primaryimage"},"thumbnailUrl":"https:\/\/d2p6e6u75xmxt8.cloudfront.net\/9\/2022\/05\/220507-SCT-Traningslager-Guayen_13083.jpg","datePublished":"2022-05-16T09:23:27+00:00","breadcrumb":{"@id":"https:\/\/www.welovecycling.com\/se\/skoda-cycling-team\/skoda-cycling-team-2022\/guayen-minchot\/#breadcrumb"},"inLanguage":"sv-SE","potentialAction":[{"@type":"ReadAction","target":["https:\/\/www.welovecycling.com\/se\/skoda-cycling-team\/skoda-cycling-team-2022\/guayen-minchot\/"]}]},{"@type":"ImageObject","inLanguage":"sv-SE","@id":"https:\/\/www.welovecycling.com\/se\/skoda-cycling-team\/skoda-cycling-team-2022\/guayen-minchot\/#primaryimage","url":"https:\/\/d2p6e6u75xmxt8.cloudfront.net\/9\/2022\/05\/220507-SCT-Traningslager-Guayen_13083.jpg","contentUrl":"https:\/\/d2p6e6u75xmxt8.cloudfront.net\/9\/2022\/05\/220507-SCT-Traningslager-Guayen_13083.jpg"},{"@type":"BreadcrumbList","@id":"https:\/\/www.welovecycling.com\/se\/skoda-cycling-team\/skoda-cycling-team-2022\/guayen-minchot\/#breadcrumb","itemListElement":[{"@type":"ListItem","position":1,"name":"Home","item":"https:\/\/www.welovecycling.com\/se\/"},{"@type":"ListItem","position":2,"name":"\u0160koda Cycling Team","item":"https:\/\/www.welovecycling.com\/se\/skoda-cycling-team\/"},{"@type":"ListItem","position":3,"name":"\u0160koda Cycling Team 2022","item":"https:\/\/www.welovecycling.com\/se\/skoda-cycling-team\/skoda-cycling-team-2022\/"},{"@type":"ListItem","position":4,"name":"Guay\u00e9n Minchot"}]},{"@type":"WebSite","@id":"https:\/\/www.welovecycling.com\/se\/#website","url":"https:\/\/www.welovecycling.com\/se\/","name":"\u0160koda - We Love Cycling - Sweden","description":"\u0160koda We Love Cycling - Sweden","potentialAction":[{"@type":"SearchAction","target":{"@type":"EntryPoint","urlTemplate":"https:\/\/www.welovecycling.com\/se\/?s={search_term_string}"},"query-input":{"@type":"PropertyValueSpecification","valueRequired":true,"valueName":"search_term_string"}}],"inLanguage":"sv-SE"}]}},"_links":{"self":[{"href":"https:\/\/www.welovecycling.com\/se\/wp-json\/wp\/v2\/pages\/4397","targetHints":{"allow":["GET"]}}],"collection":[{"href":"https:\/\/www.welovecycling.com\/se\/wp-json\/wp\/v2\/pages"}],"about":[{"href":"https:\/\/www.welovecycling.com\/se\/wp-json\/wp\/v2\/types\/page"}],"author":[{"embeddable":true,"href":"https:\/\/www.welovecycling.com\/se\/wp-json\/wp\/v2\/users\/159"}],"replies":[{"embeddable":true,"href":"https:\/\/www.welovecycling.com\/se\/wp-json\/wp\/v2\/comments?post=4397"}],"version-history":[{"count":2,"href":"https:\/\/www.welovecycling.com\/se\/wp-json\/wp\/v2\/pages\/4397\/revisions"}],"predecessor-version":[{"id":4399,"href":"https:\/\/www.welovecycling.com\/se\/wp-json\/wp\/v2\/pages\/4397\/revisions\/4399"}],"up":[{"embeddable":true,"href":"https:\/\/www.welovecycling.com\/se\/wp-json\/wp\/v2\/pages\/3121"}],"wp:attachment":[{"href":"https:\/\/www.welovecycling.com\/se\/wp-json\/wp\/v2\/media?parent=4397"}],"wp:term":[{"taxonomy":"post_tag","embeddable":true,"href":"https:\/\/www.welovecycling.com\/se\/wp-json\/wp\/v2\/tags?post=4397"}],"curies":[{"name":"wp","href":"https:\/\/api.w.org\/{rel}","templated":true}]}}