{"id":4340,"date":"2022-03-24T14:19:09","date_gmt":"2022-03-24T13:19:09","guid":{"rendered":"https:\/\/www.welovecycling.com\/se\/?page_id=4340"},"modified":"2022-03-28T15:04:09","modified_gmt":"2022-03-28T14:04:09","slug":"kajsa-larsson","status":"publish","type":"page","link":"https:\/\/www.welovecycling.com\/se\/skoda-cycling-team\/skoda-cycling-team-2022\/kajsa-larsson\/","title":{"rendered":"Kajsa Larsson"},"content":{"rendered":"<div id=\"pl-4340\"  class=\"panel-layout\" ><div id=\"pg-4340-0\"  class=\"panel-grid panel-no-style\" ><div id=\"pgc-4340-0-0\"  class=\"panel-grid-cell panel-grid-cell-empty\" ><\/div><\/div><div id=\"pg-4340-1\"  class=\"panel-grid panel-no-style\" ><div id=\"pgc-4340-1-0\"  class=\"panel-grid-cell\" ><div id=\"panel-4340-1-0-0\" class=\"so-panel widget widget_sow-editor panel-first-child panel-last-child\" data-index=\"0\" ><div\n\t\t\t\n\t\t\tclass=\"so-widget-sow-editor so-widget-sow-editor-base\"\n\t\t\t\n\t\t>\n<div class=\"siteorigin-widget-tinymce textwidget\">\n\t<p><a href=\"https:\/\/d2p6e6u75xmxt8.cloudfront.net\/9\/2022\/03\/220226-SCT_Kajsa_9509-3.jpg\"><img loading=\"lazy\" decoding=\"async\" class=\"alignnone wp-image-4341 size-extra-large\" src=\"https:\/\/d2p6e6u75xmxt8.cloudfront.net\/9\/2022\/03\/220226-SCT_Kajsa_9509-3-1440x1920.jpg\" alt=\"\" width=\"1440\" height=\"1920\" srcset=\"https:\/\/d2p6e6u75xmxt8.cloudfront.net\/9\/2022\/03\/220226-SCT_Kajsa_9509-3-1440x1920.jpg 1440w, https:\/\/d2p6e6u75xmxt8.cloudfront.net\/9\/2022\/03\/220226-SCT_Kajsa_9509-3-225x300.jpg 225w, https:\/\/d2p6e6u75xmxt8.cloudfront.net\/9\/2022\/03\/220226-SCT_Kajsa_9509-3-768x1024.jpg 768w, https:\/\/d2p6e6u75xmxt8.cloudfront.net\/9\/2022\/03\/220226-SCT_Kajsa_9509-3-1152x1536.jpg 1152w, https:\/\/d2p6e6u75xmxt8.cloudfront.net\/9\/2022\/03\/220226-SCT_Kajsa_9509-3.jpg 1500w, https:\/\/d2p6e6u75xmxt8.cloudfront.net\/9\/2022\/03\/220226-SCT_Kajsa_9509-3-1440x1920.jpg 1440w\" sizes=\"auto, (max-width: 1440px) 100vw, 1440px\" \/><\/a><\/p>\n<\/div>\n<\/div><\/div><\/div><div id=\"pgc-4340-1-1\"  class=\"panel-grid-cell\" ><div id=\"panel-4340-1-1-0\" class=\"so-panel widget widget_sow-editor panel-first-child panel-last-child\" data-index=\"1\" ><div\n\t\t\t\n\t\t\tclass=\"so-widget-sow-editor so-widget-sow-editor-base\"\n\t\t\t\n\t\t>\n<div class=\"siteorigin-widget-tinymce textwidget\">\n\t<p><b>Namn: <\/b>Kajsa Larsson<b><br \/>\n<\/b><b>Instagram:<\/b><span style=\"font-weight: 400;\"> <a href=\"https:\/\/www.instagram.com\/kajsal\/\">kajsal<\/a><br \/>\n<\/span><b>\u00c5lder: <\/b>28<b><br \/>\n<\/b><b>L\u00e4ngd: <\/b>165<b><br \/>\n<\/b><b>Bor: <\/b>\u00c5re<b><br \/>\n<\/b><b>Familj: <\/b>Pojkv\u00e4n William<b><br \/>\n<\/b><b>Yrke: <\/b>Friskid\u00e5kare<b><br \/>\n<\/b><b>Vad jag borde jobba med: <\/b>Aktier<b><br \/>\n<\/b><b>B\u00f6rjade cykla \u00e5r: <\/b>2020<b><br \/>\n<\/b><b>\u00d6vriga intressen: <\/b><span style=\"font-weight: 400;\">skidor, vindsurfing, kite, surf, l\u00f6pning, foto<br \/>\n<\/span><b>Inspireras av:<\/b><span style=\"font-weight: 400;\"> m\u00e4nniskor med driv<\/span><\/p>\n<p><b>Varf\u00f6r s\u00f6kte du till SKODA Cycling Team?\u00a0<\/b><span style=\"font-weight: 400;\">Jag ville se om jag kunde utvecklas till en cyklist, se om jag kan bli grym p\u00e5 en sport utanf\u00f6r actionsportsv\u00e4rlden d\u00e4r jag huserat sen barn. Utvecklas helt enkelt och l\u00e4ra mig mer om mig sj\u00e4lv. Sen t\u00e4nker jag att det kommer bygga en fin grund f\u00f6r l\u00e5nga dagar p\u00e5 berget.<\/span><\/p>\n<p><b>Vad betyder cyklingen f\u00f6r dig?\u00a0<\/b><span style=\"font-weight: 400;\">Cykel f\u00f6r mig betyder fart, frihet &amp; utmaning.<\/span><\/p>\n<p><b>Hur k\u00e4nns det med ett helt damlag i \u00e5r? <\/b><span style=\"font-weight: 400;\">Det k\u00e4nns sp\u00e4nnande. Jag k\u00e4nde mig v\u00e4ldigt hemma runt alla tjejer s\u00e5 jag har en k\u00e4nsla av att gruppdynamiken verkligen ligger till v\u00e5r f\u00f6rdel. Det \u00e4r v\u00e4ldigt inspirerande att ha s\u00e5 m\u00e5nga starka tjejer att utvecklas tillsammans med.<\/span><\/p>\n<p><b>Vilket \u00e4r ditt f\u00f6rsta intryck av din fadder Johanna<\/b><b>? <\/b><span style=\"font-weight: 400;\">Glad!! St\u00f6ttande och sjukt kul att umg\u00e5s med, tror vi kommer f\u00e5 m\u00e5nga mil i benen ihop.\u00a0<\/span><\/p>\n<p><b>Vilken roll brukar du fylla i ett lag?\u00a0<\/b><span style=\"font-weight: 400;\">Jag \u00e4r nog lite av en kameleont, fyller upp det det beh\u00f6vs. S\u00e5 lite av varje skulle man kunna s\u00e4ga. Jag \u00e4r bra p\u00e5 att se hur folk reagerar p\u00e5 olika beslut och d\u00e4refter agera.\u00a0\u00a0<\/span><\/p>\n<p><b>Vilket \u00e4r ditt starkaste minne p\u00e5 cykeln?\u00a0<\/b><span style=\"font-weight: 400;\">Fullkomligt \u00e4lskade att cykla i bergen p\u00e5 Mallorca med hela min familj.<\/span><\/p>\n<p><b>Vilka \u00e4r dina styrkor som cyklist?<br \/>\n<\/b><b>...och svagheter?\u00a0<\/b><span style=\"font-weight: 400;\">Det \u00e5terst\u00e5r att see, s\u00e5nt som jag hoppas att l\u00e4ra mig under resans g\u00e5ng. V\u00e4ldigt \u00f6dmjuk inf\u00f6r nya l\u00e4rdomar och jag hoppas kunna f\u00f6rst\u00e5 min cykling b\u00e4ttre innan vi rullar runt V\u00e4ttern.\u00a0<\/span><\/p>\n<p><b>Tr\u00e4ningspass du l\u00e4ngtar till?\u00a0<\/b><span style=\"font-weight: 400;\">Uppvuxen p\u00e5 \u00d6stg\u00f6tasl\u00e4tten s\u00e5 l\u00e4ngtar jag till att cykla l\u00e4ngs Mobergs strand och se ut \u00f6ver V\u00e4ttern och \u00e5krarna en varm v\u00e5rdag n\u00e4r Bokskogen \u00e4r ljust gr\u00f6n och de gamla ekarna st\u00e5r pampigt l\u00e4ngsmed v\u00e4gen. Jag l\u00e4ngtar efter ett stopp p\u00e5 V\u00e4derstad Kaf\u00e9 och rapsf\u00e4lten som luktar magiskt. L\u00e5ngpass p\u00e5 sl\u00e4tten helt enkelt.\u00a0<\/span><\/p>\n<p><b>...och pass du g\u00e4rna skjuter p\u00e5?\u00a0<\/b><span style=\"font-weight: 400;\">Ensamma intervaller i motvind l\u00e4ngs riksv\u00e4g 50 i \u00c5re. Kan vara jordens tr\u00e5kigaste v\u00e4g och kylan \u00e4r inte s\u00e5 peppande.\u00a0<\/span><\/p>\n<p><b>Hur f\u00f6rbereder du dig mentalt inf\u00f6r V\u00e4tternrundan?\u00a0<\/b><span style=\"font-weight: 400;\">Jag t\u00e4nker nog inte s\u00e5 mycket p\u00e5 det. Jag gillar att komma in i mina egna tankar och l\u00e5ta kroppen jobba. Jag t\u00e4nker att jag ska f\u00f6rs\u00f6ka k\u00e4nna tacksamhet till min kropp och see mig omkring f\u00f6r att utesluta det jobbiga?\u00a0<\/span><\/p>\n<p><b>St\u00f6rsta r\u00e4dsla inf\u00f6r loppet?\u00a0<\/b><span style=\"font-weight: 400;\">Att kroppen ska l\u00e4gga av och jag m\u00e5ste bryta, kan inte t\u00e4nka mig n\u00e5got tr\u00e5kigare. Eller punktering.<\/span><\/p>\n<p><b>Hur beter du dig n\u00e4r du g\u00e5r in i v\u00e4ggen?\u00a0<\/b><span style=\"font-weight: 400;\">Jag blir sur!<\/span><\/p>\n<p><b>Hur firar du efter m\u00e5lg\u00e5ng?\u00a0<\/b><span style=\"font-weight: 400;\">\u00c5ker hem och sl\u00e4nger mig i sj\u00f6n f\u00f6r ett bad, \u00e4ter mat med g\u00e4nget och njuter av att inte r\u00f6ra mig en millimeter.\u00a0<\/span><\/p>\n<p><b>Zwift eller vintercykling ute? <\/b><span style=\"font-weight: 400;\">Skulle s\u00e4ga vintercykling ute men det har jag aldrig gjort, s\u00e5 s\u00e4ger skid\u00e5kning p\u00e5 den.<\/span><b><br \/>\n<\/b><b>Morgon eller kv\u00e4llspass? <\/b>Morgon!<b><br \/>\n<\/b><b>Vo2 eller tr\u00f6skelintervaller?\u00a0<\/b>Vo2\u00a0<b><br \/>\n<\/b><b>Tr\u00e4na p\u00e5 k\u00e4nsla eller data?<\/b><span style=\"font-weight: 400;\">\u00a0<\/span><span style=\"font-weight: 400;\">K\u00e4nsla<br \/>\n<\/span><b>Fika under eller efter passet?<\/b><span style=\"font-weight: 400;\">\u00a0<\/span><span style=\"font-weight: 400;\">Efter<br \/>\n<\/span><b>Banan eller energibar i ryggfickan?\u00a0<\/b>Avskyr allt som har med banan att g\u00f6ra, s\u00e5 svaret \u00e4r enkelt, energibar!<b><br \/>\n<\/b><b>Spurtare eller hj\u00e4lpryttare?\u00a0<\/b><span style=\"font-weight: 400;\">Det var jag inte riktigt, blir intressant att l\u00e4ra sig mer om mig sj\u00e4lv under kommande tid.\u00a0<\/span><\/p>\n<p>&nbsp;<\/p>\n<\/div>\n<\/div><\/div><\/div><\/div><div id=\"pg-4340-2\"  class=\"panel-grid panel-no-style\" ><div id=\"pgc-4340-2-0\"  class=\"panel-grid-cell panel-grid-cell-empty\" ><\/div><\/div><\/div>","protected":false},"excerpt":{"rendered":"<p>Namn: Kajsa Larsson Instagram: kajsal \u00c5lder: 28 L\u00e4ngd: 165 Bor: \u00c5re Familj: Pojkv\u00e4n William Yrke: Friskid\u00e5kare Vad jag borde jobba [&hellip;]<\/p>\n","protected":false},"author":159,"featured_media":0,"parent":3121,"menu_order":0,"comment_status":"closed","ping_status":"closed","template":"","meta":{"footnotes":""},"tags":[12],"class_list":["post-4340","page","type-page","status-publish","hentry","tag-skoda-cycling-team"],"yoast_head":"<!-- This site is optimized with the Yoast SEO Premium plugin v25.3 (Yoast SEO v25.9) - https:\/\/yoast.com\/wordpress\/plugins\/seo\/ -->\n<title>Kajsa Larsson - \u0160koda - We Love Cycling - Sweden<\/title>\n<meta name=\"robots\" content=\"index, follow, max-snippet:-1, max-image-preview:large, max-video-preview:-1\" \/>\n<link rel=\"canonical\" href=\"https:\/\/www.welovecycling.com\/se\/skoda-cycling-team\/skoda-cycling-team-2022\/kajsa-larsson\/\" \/>\n<meta property=\"og:locale\" content=\"sv_SE\" \/>\n<meta property=\"og:type\" content=\"article\" \/>\n<meta property=\"og:title\" content=\"Kajsa Larsson\" \/>\n<meta property=\"og:description\" content=\"Namn: Kajsa Larsson Instagram: kajsal \u00c5lder: 28 L\u00e4ngd: 165 Bor: \u00c5re Familj: Pojkv\u00e4n William Yrke: Friskid\u00e5kare Vad jag borde jobba [&hellip;]\" \/>\n<meta property=\"og:url\" content=\"https:\/\/www.welovecycling.com\/se\/skoda-cycling-team\/skoda-cycling-team-2022\/kajsa-larsson\/\" \/>\n<meta property=\"og:site_name\" content=\"\u0160koda - We Love Cycling - Sweden\" \/>\n<meta property=\"article:modified_time\" content=\"2022-03-28T14:04:09+00:00\" \/>\n<meta property=\"og:image\" content=\"https:\/\/d2p6e6u75xmxt8.cloudfront.net\/9\/2022\/03\/220226-SCT_Kajsa_9509-3-1440x1920.jpg\" \/>\n<meta name=\"twitter:card\" content=\"summary_large_image\" \/>\n<meta name=\"twitter:label1\" content=\"Est. reading time\" \/>\n\t<meta name=\"twitter:data1\" content=\"3 minutes\" \/>\n<script type=\"application\/ld+json\" class=\"yoast-schema-graph\">{\"@context\":\"https:\/\/schema.org\",\"@graph\":[{\"@type\":\"WebPage\",\"@id\":\"https:\/\/www.welovecycling.com\/se\/skoda-cycling-team\/skoda-cycling-team-2022\/kajsa-larsson\/\",\"url\":\"https:\/\/www.welovecycling.com\/se\/skoda-cycling-team\/skoda-cycling-team-2022\/kajsa-larsson\/\",\"name\":\"Kajsa Larsson - \u0160koda - We Love Cycling - Sweden\",\"isPartOf\":{\"@id\":\"https:\/\/www.welovecycling.com\/se\/#website\"},\"primaryImageOfPage\":{\"@id\":\"https:\/\/www.welovecycling.com\/se\/skoda-cycling-team\/skoda-cycling-team-2022\/kajsa-larsson\/#primaryimage\"},\"image\":{\"@id\":\"https:\/\/www.welovecycling.com\/se\/skoda-cycling-team\/skoda-cycling-team-2022\/kajsa-larsson\/#primaryimage\"},\"thumbnailUrl\":\"https:\/\/d2p6e6u75xmxt8.cloudfront.net\/9\/2022\/03\/220226-SCT_Kajsa_9509-3-1440x1920.jpg\",\"datePublished\":\"2022-03-24T13:19:09+00:00\",\"dateModified\":\"2022-03-28T14:04:09+00:00\",\"breadcrumb\":{\"@id\":\"https:\/\/www.welovecycling.com\/se\/skoda-cycling-team\/skoda-cycling-team-2022\/kajsa-larsson\/#breadcrumb\"},\"inLanguage\":\"sv-SE\",\"potentialAction\":[{\"@type\":\"ReadAction\",\"target\":[\"https:\/\/www.welovecycling.com\/se\/skoda-cycling-team\/skoda-cycling-team-2022\/kajsa-larsson\/\"]}]},{\"@type\":\"ImageObject\",\"inLanguage\":\"sv-SE\",\"@id\":\"https:\/\/www.welovecycling.com\/se\/skoda-cycling-team\/skoda-cycling-team-2022\/kajsa-larsson\/#primaryimage\",\"url\":\"https:\/\/d2p6e6u75xmxt8.cloudfront.net\/9\/2022\/03\/220226-SCT_Kajsa_9509-3-1440x1920.jpg\",\"contentUrl\":\"https:\/\/d2p6e6u75xmxt8.cloudfront.net\/9\/2022\/03\/220226-SCT_Kajsa_9509-3-1440x1920.jpg\"},{\"@type\":\"BreadcrumbList\",\"@id\":\"https:\/\/www.welovecycling.com\/se\/skoda-cycling-team\/skoda-cycling-team-2022\/kajsa-larsson\/#breadcrumb\",\"itemListElement\":[{\"@type\":\"ListItem\",\"position\":1,\"name\":\"Home\",\"item\":\"https:\/\/www.welovecycling.com\/se\/\"},{\"@type\":\"ListItem\",\"position\":2,\"name\":\"\u0160koda Cycling Team\",\"item\":\"https:\/\/www.welovecycling.com\/se\/skoda-cycling-team\/\"},{\"@type\":\"ListItem\",\"position\":3,\"name\":\"\u0160koda Cycling Team 2022\",\"item\":\"https:\/\/www.welovecycling.com\/se\/skoda-cycling-team\/skoda-cycling-team-2022\/\"},{\"@type\":\"ListItem\",\"position\":4,\"name\":\"Kajsa Larsson\"}]},{\"@type\":\"WebSite\",\"@id\":\"https:\/\/www.welovecycling.com\/se\/#website\",\"url\":\"https:\/\/www.welovecycling.com\/se\/\",\"name\":\"\u0160koda - We Love Cycling - Sweden\",\"description\":\"\u0160koda We Love Cycling - Sweden\",\"potentialAction\":[{\"@type\":\"SearchAction\",\"target\":{\"@type\":\"EntryPoint\",\"urlTemplate\":\"https:\/\/www.welovecycling.com\/se\/?s={search_term_string}\"},\"query-input\":{\"@type\":\"PropertyValueSpecification\",\"valueRequired\":true,\"valueName\":\"search_term_string\"}}],\"inLanguage\":\"sv-SE\"}]}<\/script>\n<!-- \/ Yoast SEO Premium plugin. -->","yoast_head_json":{"title":"Kajsa Larsson - \u0160koda - We Love Cycling - Sweden","robots":{"index":"index","follow":"follow","max-snippet":"max-snippet:-1","max-image-preview":"max-image-preview:large","max-video-preview":"max-video-preview:-1"},"canonical":"https:\/\/www.welovecycling.com\/se\/skoda-cycling-team\/skoda-cycling-team-2022\/kajsa-larsson\/","og_locale":"sv_SE","og_type":"article","og_title":"Kajsa Larsson","og_description":"Namn: Kajsa Larsson Instagram: kajsal \u00c5lder: 28 L\u00e4ngd: 165 Bor: \u00c5re Familj: Pojkv\u00e4n William Yrke: Friskid\u00e5kare Vad jag borde jobba [&hellip;]","og_url":"https:\/\/www.welovecycling.com\/se\/skoda-cycling-team\/skoda-cycling-team-2022\/kajsa-larsson\/","og_site_name":"\u0160koda - We Love Cycling - Sweden","article_modified_time":"2022-03-28T14:04:09+00:00","og_image":[{"url":"https:\/\/d2p6e6u75xmxt8.cloudfront.net\/9\/2022\/03\/220226-SCT_Kajsa_9509-3-1440x1920.jpg","type":"","width":"","height":""}],"twitter_card":"summary_large_image","twitter_misc":{"Est. reading time":"3 minutes"},"schema":{"@context":"https:\/\/schema.org","@graph":[{"@type":"WebPage","@id":"https:\/\/www.welovecycling.com\/se\/skoda-cycling-team\/skoda-cycling-team-2022\/kajsa-larsson\/","url":"https:\/\/www.welovecycling.com\/se\/skoda-cycling-team\/skoda-cycling-team-2022\/kajsa-larsson\/","name":"Kajsa Larsson - \u0160koda - We Love Cycling - Sweden","isPartOf":{"@id":"https:\/\/www.welovecycling.com\/se\/#website"},"primaryImageOfPage":{"@id":"https:\/\/www.welovecycling.com\/se\/skoda-cycling-team\/skoda-cycling-team-2022\/kajsa-larsson\/#primaryimage"},"image":{"@id":"https:\/\/www.welovecycling.com\/se\/skoda-cycling-team\/skoda-cycling-team-2022\/kajsa-larsson\/#primaryimage"},"thumbnailUrl":"https:\/\/d2p6e6u75xmxt8.cloudfront.net\/9\/2022\/03\/220226-SCT_Kajsa_9509-3-1440x1920.jpg","datePublished":"2022-03-24T13:19:09+00:00","dateModified":"2022-03-28T14:04:09+00:00","breadcrumb":{"@id":"https:\/\/www.welovecycling.com\/se\/skoda-cycling-team\/skoda-cycling-team-2022\/kajsa-larsson\/#breadcrumb"},"inLanguage":"sv-SE","potentialAction":[{"@type":"ReadAction","target":["https:\/\/www.welovecycling.com\/se\/skoda-cycling-team\/skoda-cycling-team-2022\/kajsa-larsson\/"]}]},{"@type":"ImageObject","inLanguage":"sv-SE","@id":"https:\/\/www.welovecycling.com\/se\/skoda-cycling-team\/skoda-cycling-team-2022\/kajsa-larsson\/#primaryimage","url":"https:\/\/d2p6e6u75xmxt8.cloudfront.net\/9\/2022\/03\/220226-SCT_Kajsa_9509-3-1440x1920.jpg","contentUrl":"https:\/\/d2p6e6u75xmxt8.cloudfront.net\/9\/2022\/03\/220226-SCT_Kajsa_9509-3-1440x1920.jpg"},{"@type":"BreadcrumbList","@id":"https:\/\/www.welovecycling.com\/se\/skoda-cycling-team\/skoda-cycling-team-2022\/kajsa-larsson\/#breadcrumb","itemListElement":[{"@type":"ListItem","position":1,"name":"Home","item":"https:\/\/www.welovecycling.com\/se\/"},{"@type":"ListItem","position":2,"name":"\u0160koda Cycling Team","item":"https:\/\/www.welovecycling.com\/se\/skoda-cycling-team\/"},{"@type":"ListItem","position":3,"name":"\u0160koda Cycling Team 2022","item":"https:\/\/www.welovecycling.com\/se\/skoda-cycling-team\/skoda-cycling-team-2022\/"},{"@type":"ListItem","position":4,"name":"Kajsa Larsson"}]},{"@type":"WebSite","@id":"https:\/\/www.welovecycling.com\/se\/#website","url":"https:\/\/www.welovecycling.com\/se\/","name":"\u0160koda - We Love Cycling - Sweden","description":"\u0160koda We Love Cycling - Sweden","potentialAction":[{"@type":"SearchAction","target":{"@type":"EntryPoint","urlTemplate":"https:\/\/www.welovecycling.com\/se\/?s={search_term_string}"},"query-input":{"@type":"PropertyValueSpecification","valueRequired":true,"valueName":"search_term_string"}}],"inLanguage":"sv-SE"}]}},"_links":{"self":[{"href":"https:\/\/www.welovecycling.com\/se\/wp-json\/wp\/v2\/pages\/4340","targetHints":{"allow":["GET"]}}],"collection":[{"href":"https:\/\/www.welovecycling.com\/se\/wp-json\/wp\/v2\/pages"}],"about":[{"href":"https:\/\/www.welovecycling.com\/se\/wp-json\/wp\/v2\/types\/page"}],"author":[{"embeddable":true,"href":"https:\/\/www.welovecycling.com\/se\/wp-json\/wp\/v2\/users\/159"}],"replies":[{"embeddable":true,"href":"https:\/\/www.welovecycling.com\/se\/wp-json\/wp\/v2\/comments?post=4340"}],"version-history":[{"count":2,"href":"https:\/\/www.welovecycling.com\/se\/wp-json\/wp\/v2\/pages\/4340\/revisions"}],"predecessor-version":[{"id":4359,"href":"https:\/\/www.welovecycling.com\/se\/wp-json\/wp\/v2\/pages\/4340\/revisions\/4359"}],"up":[{"embeddable":true,"href":"https:\/\/www.welovecycling.com\/se\/wp-json\/wp\/v2\/pages\/3121"}],"wp:attachment":[{"href":"https:\/\/www.welovecycling.com\/se\/wp-json\/wp\/v2\/media?parent=4340"}],"wp:term":[{"taxonomy":"post_tag","embeddable":true,"href":"https:\/\/www.welovecycling.com\/se\/wp-json\/wp\/v2\/tags?post=4340"}],"curies":[{"name":"wp","href":"https:\/\/api.w.org\/{rel}","templated":true}]}}