{"id":3938,"date":"2021-06-24T16:08:32","date_gmt":"2021-06-24T15:08:32","guid":{"rendered":"https:\/\/www.welovecycling.com\/se\/?page_id=3938"},"modified":"2021-06-28T09:34:06","modified_gmt":"2021-06-28T08:34:06","slug":"terms-and-conditions","status":"publish","type":"page","link":"https:\/\/www.welovecycling.com\/se\/terms-and-conditions\/","title":{"rendered":"TDF 2021 &#8211; Terms and conditions"},"content":{"rendered":"<p>Dessa regler reglerar villkoren f\u00f6r &#8221;t\u00e4vlingen d\u00e4r du kan vinna fina priser 2021&#8221;. (h\u00e4refter kallad &#8221;t\u00e4vlingen&#8221;) och \u00e4r det enda dokument som helt och h\u00e5llet reglerar reglerna f\u00f6r denna t\u00e4vling.<\/p>\n<h2>1. V\u00e4rd och arrang\u00f6r f\u00f6r t\u00e4vlingen<\/h2>\n<p>V\u00e4rd f\u00f6r t\u00e4vlingen \u00e4r \u0160koda AUTO a.s., ett aktiebolag med s\u00e4te i t\u0159. V\u00e1clava Klementa 869, 293 01 Mlad\u00e1 Boleslav, Tjeckien, med organisationsnummer 00177041, registrerat i handelsregistret som f\u00f6rvaltas av Metropolitan Court i Prag, sektion B, aktnummer 332 (h\u00e4refter kallad &#8221;v\u00e4rd&#8221;).<\/p>\n<p>T\u00e4vlingen organiseras av MUSTARD s.r.o., med s\u00e4te i Praha 1 &#8211; Nov\u00e9 M\u011bsto, Masarykovo n\u00e1b\u0159, som tillhandah\u00e5ller praktiska \u00e5tg\u00e4rder f\u00f6r att organisera t\u00e4vlingen. 246, 110 00, Tjeckien, ID-nummer 28531418, registrerad i handelsregistret som f\u00f6rvaltas av kommunala domstolen i Prag i sektion C, post 148383.<\/p>\n<h2>2. Villkor och plats f\u00f6r t\u00e4vlingen, t\u00e4vlingsperioder<\/h2>\n<p>T\u00e4vlingen kommer att h\u00e5llas fr\u00e5n 00:00 (GMT) 26. 6. 2021 till 23.59 (GTM) 16 7. 2021, uppdelat i tre separata perioder. T\u00e4vlingen kommer att h\u00e5llas p\u00e5 webbplatsen www.welovecycling.com (h\u00e4refter kallad &#8221; t\u00e4vlingens webbplats&#8221;) d\u00e4r kommunikationen med deltagarna huvudsakligen sker. De separata t\u00e4vlingsperioderna \u00e4r f\u00f6ljande:<\/p>\n<p>Fr\u00e5n \/ Till \/ Antal huvudpriser \/ Antal andrapriser \/<\/p>\n<p>F\u00f6rsta inneh\u00e5llsperioden &#8211; 00:00 (GMT) 26. 6. 2021 \/23.59 2.7. 2021 \/ 1 \/ 7<\/p>\n<p>Andra inneh\u00e5llsperioden &#8211; 00:00 (GMT) 3.7. 2021 \/23.59 9.7. 2021 \/ 3 \/ 8<\/p>\n<p>Tredje inneh\u00e5llsperioden &#8211; 00:00 (GMT) 10.7. 2021 \/23.59 16.7. 2021 \/ 3 \/ 8<\/p>\n<h2>3. Deltagare i t\u00e4vlingen<\/h2>\n<p>Alla personer som har fyllt 18 \u00e5r kan delta i t\u00e4vlingen, talar engelska p\u00e5 en medelniv\u00e5 och som \u00e4r bosatta i ett av de l\u00e4nder d\u00e4r t\u00e4vlingen \u00e4ger rum. T\u00e4vlingen \u00e4ger rum i f\u00f6ljande l\u00e4nder: ANDORRA, \u00d6STERRIKE, BELGIEN, BOSNIEN, BULGARIEN, KROATIEN, TJECKIEN, DANMARK, ESTLAND, FINLAND, FRANKRIKE, TYSKLAND, STORBRITANNIEN, GREKLAND, UNGERN, ISLAND, IRLAND, ITALIEN, LETTLAND, LIECHTEN , NORGE, POLEN, PORTUGAL, RUM\u00c4NIEN, SERBIEN, SLOVAKIEN, SLOVENIEN, SPANIEN, SVERIGE, SCHWEIZ, TURKIET.<\/p>\n<p>F\u00f6r att delta i t\u00e4vlingen m\u00e5ste du registrera dig p\u00e5 t\u00e4vlingens webbplats n\u00e4r som helst under t\u00e4vlingsperioden och bekr\u00e4fta att du villkorsl\u00f6st godk\u00e4nner dessa regler. En del av registreringen (anm\u00e4lningsformul\u00e4ret) \u00e4r att l\u00e4mna personuppgifter &#8211; e-postadress &#8211; som endast ska anv\u00e4ndas i samband med denna t\u00e4vling.<br \/>\nVarje deltagare kan registrera sig endast en g\u00e5ng och endast under sin egen e-postadress. T\u00e4vlingsarrang\u00f6ren f\u00f6rbeh\u00e5ller sig r\u00e4tten att kontrollera denna regel med tekniska och organisatoriska medel.<\/p>\n<p>Alla personer som har deltagit i f\u00f6rberedelserna av denna t\u00e4vling, fr\u00e4mst personer som \u00e4r anst\u00e4llda av eller st\u00e5r i ett liknande f\u00f6rh\u00e5llande till v\u00e4rdf\u00f6retaget eller arrang\u00f6ren, f\u00e5r inte delta i t\u00e4vlingen, liksom personer som st\u00e5r i ett liknande f\u00f6rh\u00e5llande till den deltagande auktoriserade \u0160koda-partnern eller till byr\u00e5er som har f\u00e5tt i uppdrag att genomf\u00f6ra denna t\u00e4vling, deras familjemedlemmar och personer i deras n\u00e4rhet.<\/p>\n<h2>4. T\u00e4vlingsmekanism, utv\u00e4rdering av vinnare<\/h2>\n<p>Deltagarna ska under varje period besvara fem t\u00e4vlingsfr\u00e5gor s\u00e5 korrekt som m\u00f6jligt. Alla deltagare som har svarat r\u00e4tt p\u00e5 alla fem fr\u00e5gorna i den aktuella omg\u00e5ngen\/perioden har chans att vinna ett pris. Antalet priser f\u00f6r varje period anges i tabellen ovan.<\/p>\n<p>Under den f\u00f6rsta t\u00e4vlingsperioden, huvudpris vinner de deltagare som har l\u00e4mnat alla korrekta svar som ligger p\u00e5 plats 1\/2 p\u00e5 listan \u00f6ver alla deltagare . Om antalet deltagare \u00e4r inte delbart med 2, avrundas det resulterande antalet ned\u00e5t till n\u00e4rmaste heltal som \u00e4r delbart med 2. Andrapris vinns av de deltagare som har l\u00e4mnat alla korrekta svar p\u00e5 plats 1\/9, 2\/9, 3\/9, 4\/9, 5\/9, 6\/9 och 7\/9 p\u00e5 listan \u00f6ver alla deltagare. Om antalet deltagare inte \u00e4r delbart med 9 kommer det resulterande antalet att avrundas ned\u00e5t till n\u00e4rmaste heltal som \u00e4r delbart med 9.<\/p>\n<p>Under den andra t\u00e4vlingsperioden, huvudpris vinner de deltagare som har l\u00e4mnat alla korrekta svar som ligger p\u00e5 plats 1\/4, 2\/4 och 3\/4 p\u00e5 listan \u00f6ver alla deltagare. Om antalet deltagare inte \u00e4r delbart med 4, avrundas det resulterande antalet ned\u00e5t till det n\u00e4rmaste hela tal som \u00e4r delbart med 4. Andrapris vinns av de deltagare som har l\u00e4mnat alla korrekta svar p\u00e5 platserna 1\/9, 2\/9, 3\/9, 4\/9, 5\/9, 6\/9, 7\/9 och 8\/9 p\u00e5 listan \u00f6ver alla deltagare. Om antalet deltagare inte \u00e4r delbart med 9 kommer det resulterande antalet att avrundas ned\u00e5t till n\u00e4rmaste hela tal som \u00e4r delbart med 9.<\/p>\n<p>Under den tredje t\u00e4vlingsperioden, huvudpris vinner de deltagare som har l\u00e4mnat alla korrekta svar som ligger p\u00e5 plats 1\/4, 2\/4 och 3\/4 p\u00e5 listan \u00f6ver alla deltagare. Om antalet deltagare inte \u00e4r delbart med 4, avrundas det resulterande antalet ned\u00e5t till det n\u00e4rmaste hela tal som \u00e4r delbart med 4. Andrapris vinns av de deltagare som har l\u00e4mnat alla korrekta svar p\u00e5 platserna 1\/9, 2\/9, 3\/9, 4\/9, 5\/9, 6\/9, 7\/9 och 8\/9 p\u00e5 listan \u00f6ver alla deltagare. Om antalet deltagare inte \u00e4r delbart med 9 kommer det resulterande antalet att avrundas ned\u00e5t till n\u00e4rmaste hela tal som \u00e4r delbart med 9.<\/p>\n<p>Alla listor \u00f6ver deltagarna ovan kommer alltid att vara sorterade kronologiskt enligt den tidpunkt d\u00e5 t\u00e4vlingsfr\u00e5gorna l\u00e4mnades in.<\/p>\n<p>T\u00e4vlingsarrang\u00f6ren kommer att informera vinnarna via det e-postmeddelande som de uppgav vid registreringen inom fem dagar efter det att t\u00e4vlingsperioden har avslutats och vinnarna kommer att uppmanas att l\u00e4mna de uppgifter som kr\u00e4vs f\u00f6r att \u00f6verl\u00e5ta eller skicka priset eller f\u00f6r ytterligare kommunikation. Om vinnaren inte reagerar, \u00e4ven p\u00e5 ett e-postmeddelande som skickats upprepade g\u00e5nger av t\u00e4vlingsarrang\u00f6ren, eller om han eller hon inte tillhandah\u00e5ller kontaktuppgifter inom 24 timmar efter det att e-postmeddelandet skickades, kommer hans eller hennes pris att upph\u00f6ra att g\u00e4lla utan n\u00e5gon ers\u00e4ttning.<\/p>\n<h2>5. Beskrivning av priserna<\/h2>\n<p>Huvudpris:<\/p>\n<ul>\n<li>1x VIP-programmpaket f\u00f6r g\u00e4stfrihet (Skede 18)<\/li>\n<li>3x Garmin EDGE<\/li>\n<li>3x Signerad gr\u00f6n sportstr\u00f6ja<\/li>\n<\/ul>\n<p>Andrapris:<\/p>\n<ul>\n<li>15x Gr\u00f6n sportstr\u00f6ja<\/li>\n<li>2x Garmin Edge<\/li>\n<li>3x Garmin Varia radar<\/li>\n<li>3x POC-hj\u00e4lm<\/li>\n<li>OMG\u00c5NG 1:\n<ul>\n<li>1x VIP-programmpaket f\u00f6r g\u00e4stfrihet (Skede 18)<\/li>\n<li>2x Garmin EDGE<\/li>\n<li>5x Gr\u00f6n sportstr\u00f6ja<\/li>\n<\/ul>\n<\/li>\n<li>OMG\u00c5NG 2:\n<ul>\n<li>3x Garmin EDGE<\/li>\n<li>3x Garmin Varia radar<\/li>\n<li>5x Gr\u00f6n sportstr\u00f6ja<\/li>\n<\/ul>\n<\/li>\n<li>OMG\u00c5NG 3:\n<ul>\n<li>3x signerad gr\u00f6n sportstr\u00f6ja<\/li>\n<li>3x POC-hj\u00e4lm<\/li>\n<li>5x Gr\u00f6n sportstr\u00f6ja<\/li>\n<\/ul>\n<\/li>\n<\/ul>\n<h2>6. F\u00f6rv\u00e4rv och anv\u00e4ndning av inspelningar<\/h2>\n<p>Om en deltagare blir vinnare ger han\/hon v\u00e4rdf\u00f6retaget tillst\u00e5nd att f\u00e5 och anv\u00e4nda deltagarens portr\u00e4tt, skriftliga uttalanden, foton och ljud- och bildupptagningar med anknytning till deltagaren och\/eller uttryck av personlig karakt\u00e4r som v\u00e4rdf\u00f6retaget erh\u00e5llit i samband med att t\u00e4vlingen anordnas och att vinsterna levereras eller dras ut i kommersiellt syfte i alla kommunikationsmedier, oavsett karakt\u00e4r och specifikationer, med alla typiska medel, med efterf\u00f6ljande \u00e4ndringar och med m\u00f6jlighet att kombinera dem med andra verk och att inkludera dem i ett kollektivt verk. Deltagaren ger v\u00e4rdf\u00f6retaget detta samtycke gratis utan materiella, tidsm\u00e4ssiga, kvantitativa eller territoriella begr\u00e4nsningar och kan n\u00e4r som helst \u00e5terkalla det. Detta samtycke ska \u00e4ven g\u00e4lla f\u00f6r tredje part som v\u00e4rdf\u00f6retaget kan tillhandah\u00e5lla s\u00e5dana inspelningar efter v\u00e4rdf\u00f6retagets eget gottfinnande.<\/p>\n<h2>7. Andra viktiga villkor<\/h2>\n<p>V\u00e4rden ska uteslutande best\u00e4mma de exakta specifikationerna f\u00f6r vinsterna. Visningen av vinster i reklammaterial \u00e4r illustrativ. F\u00f6r att vinna huvudpriset \u00e4r det n\u00f6dv\u00e4ndigt att uppfylla andra villkor (pass, visum osv.) och skyldigheter f\u00f6r vinnaren och att \u00f6verv\u00e4ga l\u00e4mplig kapacitet, fr\u00e4mst medicinsk, f\u00f6r deltagande. V\u00e4rdf\u00f6retaget \u00e4r inte ansvarigt f\u00f6r eventuella skador som deltagaren orsakas till f\u00f6ljd av anv\u00e4ndningen av priset.<\/p>\n<p>Deltagarna har inte r\u00e4tt att kr\u00e4va pengar eller andra typer av ers\u00e4ttning som ers\u00e4ttning f\u00f6r priset. V\u00e4rdf\u00f6retaget \u00e4r inte p\u00e5 annat s\u00e4tt bundet att tillhandah\u00e5lla tj\u00e4nster till deltagarna i t\u00e4vlingen, och deltagarna ska inte ha r\u00e4tt till n\u00e5gra andra tj\u00e4nster fr\u00e5n v\u00e4rdf\u00f6retaget \u00e4n de som uttryckligen anges h\u00e4r. V\u00e4rdf\u00f6retaget \u00e4r inte ansvarigt f\u00f6r kvaliteten p\u00e5 priser som levereras av tredje part. Det \u00e4r n\u00f6dv\u00e4ndigt att ut\u00f6va ansvar f\u00f6r eventuella fel direkt hos dessa leverant\u00f6rer. V\u00e4rdf\u00f6retaget f\u00f6rbeh\u00e5ller sig r\u00e4tten att \u00e4ndra priserna efter eget gottfinnande.<\/p>\n<p>En deltagare kan uteslutas fr\u00e5n t\u00e4vlingen om v\u00e4rden uppt\u00e4cker eller har rimlig misstanke om att deltagaren eller andra personer som hj\u00e4lper deltagaren har deltagit i bedr\u00e4geri f\u00f6r att f\u00e5 priser eller har deltagit i or\u00e4ttvist beteende eller beteende som inte grundar sig p\u00e5 deltagarens k\u00e4nnedom i enlighet med reglerna.<\/p>\n<p>V\u00e4rdf\u00f6retaget \u00e4r inte ansvarigt f\u00f6r att meddelanden eller vinster inte kan levereras. V\u00e4rdf\u00f6retaget ska inte vara ansvarigt f\u00f6r misstag som uppst\u00e5r till f\u00f6ljd av tekniska problem eller kommunikationsproblem. V\u00e4rdf\u00f6retaget ska fatta slutgiltigt beslut om eventuella klagom\u00e5l eller inv\u00e4ndningar. V\u00e4rden f\u00f6rbeh\u00e5ller sig r\u00e4tten att utan att beh\u00f6va betala ers\u00e4ttning f\u00f6rkorta, skjuta upp, avbryta eller st\u00e4lla in evenemanget och vinsterna eller att ensidigt \u00e4ndra eller l\u00e4gga till n\u00e5got i dessa regler under evenemangets g\u00e5ng genom att meddela s\u00e5dana \u00e4ndringar p\u00e5 den webbplats som anges ovan, d\u00e4r den giltiga och fullst\u00e4ndiga ordalydelsen av reglerna ocks\u00e5 finns.<\/p>\n<p>Den h\u00e4r t\u00e4vlingen drivs inte p\u00e5 n\u00e5got s\u00e4tt, sponsras inte av eller har n\u00e5got samband med Facebook och Facebook ansvarar inte f\u00f6r den. Den information som l\u00e4mnas under evenemanget kommer inte att l\u00e4mnas till Facebook. Alla fr\u00e5gor, kommentarer eller klagom\u00e5l om ans\u00f6kan m\u00e5ste riktas till v\u00e4rden, inte till Facebook.<\/p>\n<p>T\u00e4vlingen regleras av lagstiftningen i Tjeckien, utom i den m\u00e5n som den till\u00e4mpliga lagstiftningen i deltagarnas l\u00e4nder inte till\u00e5ter det.<\/p>\n","protected":false},"excerpt":{"rendered":"<p>Dessa regler reglerar villkoren f\u00f6r &#8221;t\u00e4vlingen d\u00e4r du kan vinna fina priser 2021&#8221;. (h\u00e4refter kallad &#8221;t\u00e4vlingen&#8221;) och \u00e4r det enda [&hellip;]<\/p>\n","protected":false},"author":11,"featured_media":0,"parent":0,"menu_order":0,"comment_status":"closed","ping_status":"closed","template":"","meta":{"footnotes":""},"tags":[],"class_list":["post-3938","page","type-page","status-publish","hentry"],"yoast_head":"<!-- This site is optimized with the Yoast SEO Premium plugin v25.3 (Yoast SEO v25.9) - https:\/\/yoast.com\/wordpress\/plugins\/seo\/ -->\n<title>TDF 2021 - Terms and conditions - \u0160koda - We Love Cycling - Sweden<\/title>\n<meta name=\"robots\" content=\"index, follow, max-snippet:-1, max-image-preview:large, max-video-preview:-1\" \/>\n<link rel=\"canonical\" href=\"https:\/\/www.welovecycling.com\/se\/tour-de-france-2021__trashed\/terms-and-conditions\/\" \/>\n<meta property=\"og:locale\" content=\"sv_SE\" \/>\n<meta property=\"og:type\" content=\"article\" \/>\n<meta property=\"og:title\" content=\"TDF 2021 - Terms and conditions\" \/>\n<meta property=\"og:description\" content=\"Dessa regler reglerar villkoren f\u00f6r &#8221;t\u00e4vlingen d\u00e4r du kan vinna fina priser 2021&#8221;. (h\u00e4refter kallad &#8221;t\u00e4vlingen&#8221;) och \u00e4r det enda [&hellip;]\" \/>\n<meta property=\"og:url\" content=\"https:\/\/www.welovecycling.com\/se\/tour-de-france-2021__trashed\/terms-and-conditions\/\" \/>\n<meta property=\"og:site_name\" content=\"\u0160koda - We Love Cycling - Sweden\" \/>\n<meta property=\"article:modified_time\" content=\"2021-06-28T08:34:06+00:00\" \/>\n<meta name=\"twitter:card\" content=\"summary_large_image\" \/>\n<meta name=\"twitter:label1\" content=\"Est. reading time\" \/>\n\t<meta name=\"twitter:data1\" content=\"8 minutes\" \/>\n<script type=\"application\/ld+json\" class=\"yoast-schema-graph\">{\"@context\":\"https:\/\/schema.org\",\"@graph\":[{\"@type\":\"WebPage\",\"@id\":\"https:\/\/www.welovecycling.com\/se\/tour-de-france-2021__trashed\/terms-and-conditions\/\",\"url\":\"https:\/\/www.welovecycling.com\/se\/tour-de-france-2021__trashed\/terms-and-conditions\/\",\"name\":\"TDF 2021 - Terms and conditions - \u0160koda - We Love Cycling - Sweden\",\"isPartOf\":{\"@id\":\"https:\/\/www.welovecycling.com\/se\/#website\"},\"datePublished\":\"2021-06-24T15:08:32+00:00\",\"dateModified\":\"2021-06-28T08:34:06+00:00\",\"breadcrumb\":{\"@id\":\"https:\/\/www.welovecycling.com\/se\/tour-de-france-2021__trashed\/terms-and-conditions\/#breadcrumb\"},\"inLanguage\":\"sv-SE\",\"potentialAction\":[{\"@type\":\"ReadAction\",\"target\":[\"https:\/\/www.welovecycling.com\/se\/tour-de-france-2021__trashed\/terms-and-conditions\/\"]}]},{\"@type\":\"BreadcrumbList\",\"@id\":\"https:\/\/www.welovecycling.com\/se\/tour-de-france-2021__trashed\/terms-and-conditions\/#breadcrumb\",\"itemListElement\":[{\"@type\":\"ListItem\",\"position\":1,\"name\":\"Home\",\"item\":\"https:\/\/www.welovecycling.com\/se\/\"},{\"@type\":\"ListItem\",\"position\":2,\"name\":\"TDF 2021 &#8211; Terms and conditions\"}]},{\"@type\":\"WebSite\",\"@id\":\"https:\/\/www.welovecycling.com\/se\/#website\",\"url\":\"https:\/\/www.welovecycling.com\/se\/\",\"name\":\"\u0160koda - We Love Cycling - Sweden\",\"description\":\"\u0160koda We Love Cycling - Sweden\",\"potentialAction\":[{\"@type\":\"SearchAction\",\"target\":{\"@type\":\"EntryPoint\",\"urlTemplate\":\"https:\/\/www.welovecycling.com\/se\/?s={search_term_string}\"},\"query-input\":{\"@type\":\"PropertyValueSpecification\",\"valueRequired\":true,\"valueName\":\"search_term_string\"}}],\"inLanguage\":\"sv-SE\"}]}<\/script>\n<!-- \/ Yoast SEO Premium plugin. -->","yoast_head_json":{"title":"TDF 2021 - Terms and conditions - \u0160koda - We Love Cycling - Sweden","robots":{"index":"index","follow":"follow","max-snippet":"max-snippet:-1","max-image-preview":"max-image-preview:large","max-video-preview":"max-video-preview:-1"},"canonical":"https:\/\/www.welovecycling.com\/se\/tour-de-france-2021__trashed\/terms-and-conditions\/","og_locale":"sv_SE","og_type":"article","og_title":"TDF 2021 - Terms and conditions","og_description":"Dessa regler reglerar villkoren f\u00f6r &#8221;t\u00e4vlingen d\u00e4r du kan vinna fina priser 2021&#8221;. (h\u00e4refter kallad &#8221;t\u00e4vlingen&#8221;) och \u00e4r det enda [&hellip;]","og_url":"https:\/\/www.welovecycling.com\/se\/tour-de-france-2021__trashed\/terms-and-conditions\/","og_site_name":"\u0160koda - We Love Cycling - Sweden","article_modified_time":"2021-06-28T08:34:06+00:00","twitter_card":"summary_large_image","twitter_misc":{"Est. reading time":"8 minutes"},"schema":{"@context":"https:\/\/schema.org","@graph":[{"@type":"WebPage","@id":"https:\/\/www.welovecycling.com\/se\/tour-de-france-2021__trashed\/terms-and-conditions\/","url":"https:\/\/www.welovecycling.com\/se\/tour-de-france-2021__trashed\/terms-and-conditions\/","name":"TDF 2021 - Terms and conditions - \u0160koda - We Love Cycling - Sweden","isPartOf":{"@id":"https:\/\/www.welovecycling.com\/se\/#website"},"datePublished":"2021-06-24T15:08:32+00:00","dateModified":"2021-06-28T08:34:06+00:00","breadcrumb":{"@id":"https:\/\/www.welovecycling.com\/se\/tour-de-france-2021__trashed\/terms-and-conditions\/#breadcrumb"},"inLanguage":"sv-SE","potentialAction":[{"@type":"ReadAction","target":["https:\/\/www.welovecycling.com\/se\/tour-de-france-2021__trashed\/terms-and-conditions\/"]}]},{"@type":"BreadcrumbList","@id":"https:\/\/www.welovecycling.com\/se\/tour-de-france-2021__trashed\/terms-and-conditions\/#breadcrumb","itemListElement":[{"@type":"ListItem","position":1,"name":"Home","item":"https:\/\/www.welovecycling.com\/se\/"},{"@type":"ListItem","position":2,"name":"TDF 2021 &#8211; Terms and conditions"}]},{"@type":"WebSite","@id":"https:\/\/www.welovecycling.com\/se\/#website","url":"https:\/\/www.welovecycling.com\/se\/","name":"\u0160koda - We Love Cycling - Sweden","description":"\u0160koda We Love Cycling - Sweden","potentialAction":[{"@type":"SearchAction","target":{"@type":"EntryPoint","urlTemplate":"https:\/\/www.welovecycling.com\/se\/?s={search_term_string}"},"query-input":{"@type":"PropertyValueSpecification","valueRequired":true,"valueName":"search_term_string"}}],"inLanguage":"sv-SE"}]}},"_links":{"self":[{"href":"https:\/\/www.welovecycling.com\/se\/wp-json\/wp\/v2\/pages\/3938","targetHints":{"allow":["GET"]}}],"collection":[{"href":"https:\/\/www.welovecycling.com\/se\/wp-json\/wp\/v2\/pages"}],"about":[{"href":"https:\/\/www.welovecycling.com\/se\/wp-json\/wp\/v2\/types\/page"}],"author":[{"embeddable":true,"href":"https:\/\/www.welovecycling.com\/se\/wp-json\/wp\/v2\/users\/11"}],"replies":[{"embeddable":true,"href":"https:\/\/www.welovecycling.com\/se\/wp-json\/wp\/v2\/comments?post=3938"}],"version-history":[{"count":2,"href":"https:\/\/www.welovecycling.com\/se\/wp-json\/wp\/v2\/pages\/3938\/revisions"}],"predecessor-version":[{"id":3950,"href":"https:\/\/www.welovecycling.com\/se\/wp-json\/wp\/v2\/pages\/3938\/revisions\/3950"}],"wp:attachment":[{"href":"https:\/\/www.welovecycling.com\/se\/wp-json\/wp\/v2\/media?parent=3938"}],"wp:term":[{"taxonomy":"post_tag","embeddable":true,"href":"https:\/\/www.welovecycling.com\/se\/wp-json\/wp\/v2\/tags?post=3938"}],"curies":[{"name":"wp","href":"https:\/\/api.w.org\/{rel}","templated":true}]}}