{"id":3367,"date":"2021-03-18T10:59:06","date_gmt":"2021-03-18T09:59:06","guid":{"rendered":"https:\/\/www.welovecycling.com\/se\/?page_id=3367"},"modified":"2022-03-24T13:27:24","modified_gmt":"2022-03-24T12:27:24","slug":"hanna-johansson-2","status":"publish","type":"page","link":"https:\/\/www.welovecycling.com\/se\/skoda-cycling-team\/skoda-cycling-team-2022\/hanna-johansson-2\/","title":{"rendered":"Hanna Johansson"},"content":{"rendered":"<div id=\"pl-3367\"  class=\"panel-layout\" ><div id=\"pg-3367-0\"  class=\"panel-grid panel-no-style\" ><div id=\"pgc-3367-0-0\"  class=\"panel-grid-cell panel-grid-cell-empty\" ><\/div><\/div><div id=\"pg-3367-1\"  class=\"panel-grid panel-no-style\" ><div id=\"pgc-3367-1-0\"  class=\"panel-grid-cell\" ><div id=\"panel-3367-1-0-0\" class=\"so-panel widget widget_sow-editor panel-first-child panel-last-child\" data-index=\"0\" ><div\n\t\t\t\n\t\t\tclass=\"so-widget-sow-editor so-widget-sow-editor-base\"\n\t\t\t\n\t\t>\n<div class=\"siteorigin-widget-tinymce textwidget\">\n\t<p><a href=\"https:\/\/d2p6e6u75xmxt8.cloudfront.net\/9\/2022\/03\/220226-SCT_Hanna_9452.jpg\"><img loading=\"lazy\" decoding=\"async\" class=\"alignnone wp-image-4259 size-extra-large\" src=\"https:\/\/d2p6e6u75xmxt8.cloudfront.net\/9\/2022\/03\/220226-SCT_Hanna_9452-1440x1920.jpg\" alt=\"\" width=\"1440\" height=\"1920\" srcset=\"https:\/\/d2p6e6u75xmxt8.cloudfront.net\/9\/2022\/03\/220226-SCT_Hanna_9452-1440x1920.jpg 1440w, https:\/\/d2p6e6u75xmxt8.cloudfront.net\/9\/2022\/03\/220226-SCT_Hanna_9452-225x300.jpg 225w, https:\/\/d2p6e6u75xmxt8.cloudfront.net\/9\/2022\/03\/220226-SCT_Hanna_9452-768x1024.jpg 768w, https:\/\/d2p6e6u75xmxt8.cloudfront.net\/9\/2022\/03\/220226-SCT_Hanna_9452-1152x1536.jpg 1152w, https:\/\/d2p6e6u75xmxt8.cloudfront.net\/9\/2022\/03\/220226-SCT_Hanna_9452.jpg 1500w, https:\/\/d2p6e6u75xmxt8.cloudfront.net\/9\/2022\/03\/220226-SCT_Hanna_9452-1440x1920.jpg 1440w\" sizes=\"auto, (max-width: 1440px) 100vw, 1440px\" \/><\/a><\/p>\n<p>&nbsp;<\/p>\n<\/div>\n<\/div><\/div><\/div><div id=\"pgc-3367-1-1\"  class=\"panel-grid-cell\" ><div id=\"panel-3367-1-1-0\" class=\"so-panel widget widget_sow-editor panel-first-child panel-last-child\" data-index=\"1\" ><div\n\t\t\t\n\t\t\tclass=\"so-widget-sow-editor so-widget-sow-editor-base\"\n\t\t\t\n\t\t>\n<div class=\"siteorigin-widget-tinymce textwidget\">\n\t<p><b>Namn: <\/b><span style=\"font-weight: 400;\">Hanna Johansson<br \/>\n<\/span><b>Instagram: <\/b><span style=\"font-weight: 400;\"><a href=\"https:\/\/www.instagram.com\/hnajoh\/\">hnajoh\u00a0<\/a><br \/>\n<\/span><b>\u00c5lder:<\/b><span style=\"font-weight: 400;\"> 37<br \/>\n<\/span><b>L\u00e4ngd:<\/b><span style=\"font-weight: 400;\"> 170<br \/>\n<\/span><b>Bor:<\/b><span style=\"font-weight: 400;\"> Stockholm<br \/>\n<\/span><b>Familj:<\/b><span style=\"font-weight: 400;\"> Ja<br \/>\n<\/span><b>Yrke:<\/b><span style=\"font-weight: 400;\"> jobbar p\u00e5 bank och cyklar<\/span><\/p>\n<p><b>Hur k\u00e4nns det med ett helt damlag i \u00e5r? <\/b><span style=\"font-weight: 400;\">Kul! Bra energi.\u00a0<\/span><\/p>\n<p><b>Roligaste passen?<\/b><span style=\"font-weight: 400;\">\u00a0<\/span><span style=\"font-weight: 400;\">H\u00e5rt och snabbt i grupp\u00a0<\/span><\/p>\n<p><b>V\u00e4rsta passen?<\/b><span style=\"font-weight: 400;\">\u00a0<\/span><span style=\"font-weight: 400;\">Distans i d\u00e5ligt v\u00e4der<\/span><\/p>\n<p><b>Styrkor som cyklist?<\/b><span style=\"font-weight: 400;\">\u00a0<\/span><span style=\"font-weight: 400;\">Stark<\/span><\/p>\n<p><b>Svagheter som cyklist?<\/b><span style=\"font-weight: 400;\">\u00a0<\/span><span style=\"font-weight: 400;\">T\u00e5lamod, bristen p\u00e5.\u00a0<\/span><\/p>\n<p><b>Vad kommer du bidra med under s\u00e4songen?<\/b><span style=\"font-weight: 400;\">\u00a0<\/span><span style=\"font-weight: 400;\">Support till kapten, erfarenhet samt motor och en bra rygg att ligga bakom\u00a0<\/span><\/p>\n<p><b>St\u00f6rsta r\u00e4dslan inf\u00f6r V\u00e4tternrundan?<\/b><span style=\"font-weight: 400;\">\u00a0<\/span><span style=\"font-weight: 400;\">Inte r\u00e4dd f\u00f6r n\u00e5got men slipper g\u00e4rna d\u00e5ligt v\u00e4der och mekaniskt strul\u00a0\u00a0<\/span><\/p>\n<p><b>Bulle eller wienerbr\u00f6d? <\/b><span style=\"font-weight: 400;\">Bulle!<br \/>\n<\/span><b>Touren eller Vueltan? <\/b><span style=\"font-weight: 400;\">V\u00e5rklassikerna<br \/>\n<\/span><b>Morgon eller kv\u00e4llspass?<\/b><span style=\"font-weight: 400;\"> Tr\u00e4nar helst under dagen<br \/>\n<\/span><b>Uppf\u00f6r eller nedf\u00f6r?<\/b><span style=\"font-weight: 400;\"> Nedf\u00f6r!<br \/>\n<\/span><b>K\u00e4nsla eller data? <\/b><span style=\"font-weight: 400;\">Data, alltid data.<br \/>\n<\/span><b>Kort och h\u00e5rt eller l\u00e5ngt och lagom?<\/b><span style=\"font-weight: 400;\">\u00a0<\/span><span style=\"font-weight: 400;\">L\u00e5ngt och h\u00e5rt, V\u00e4tternrundan \u00e4r ju \u00e4nd\u00e5 30+ mil \ud83d\ude42<\/span><\/p>\n<\/div>\n<\/div><\/div><\/div><\/div><div id=\"pg-3367-2\"  class=\"panel-grid panel-no-style\" ><div id=\"pgc-3367-2-0\"  class=\"panel-grid-cell panel-grid-cell-empty\" ><\/div><\/div><\/div>","protected":false},"excerpt":{"rendered":"<p>&nbsp; Namn: Hanna Johansson Instagram: hnajoh\u00a0 \u00c5lder: 37 L\u00e4ngd: 170 Bor: Stockholm Familj: Ja Yrke: jobbar p\u00e5 bank och cyklar [&hellip;]<\/p>\n","protected":false},"author":135,"featured_media":0,"parent":3121,"menu_order":0,"comment_status":"closed","ping_status":"closed","template":"","meta":{"footnotes":""},"tags":[],"class_list":["post-3367","page","type-page","status-publish","hentry"],"yoast_head":"<!-- This site is optimized with the Yoast SEO Premium plugin v25.3 (Yoast SEO v25.9) - https:\/\/yoast.com\/wordpress\/plugins\/seo\/ -->\n<title>Hanna Johansson - \u0160koda - We Love Cycling - Sweden<\/title>\n<meta name=\"robots\" content=\"index, follow, max-snippet:-1, max-image-preview:large, max-video-preview:-1\" \/>\n<link rel=\"canonical\" href=\"https:\/\/www.welovecycling.com\/se\/skoda-cycling-team\/skoda-cycling-team-2022\/hanna-johansson-2\/\" \/>\n<meta property=\"og:locale\" content=\"sv_SE\" \/>\n<meta property=\"og:type\" content=\"article\" \/>\n<meta property=\"og:title\" content=\"Hanna Johansson\" \/>\n<meta property=\"og:description\" content=\"&nbsp; Namn: Hanna Johansson Instagram: hnajoh\u00a0 \u00c5lder: 37 L\u00e4ngd: 170 Bor: Stockholm Familj: Ja Yrke: jobbar p\u00e5 bank och cyklar [&hellip;]\" \/>\n<meta property=\"og:url\" content=\"https:\/\/www.welovecycling.com\/se\/skoda-cycling-team\/skoda-cycling-team-2022\/hanna-johansson-2\/\" \/>\n<meta property=\"og:site_name\" content=\"\u0160koda - We Love Cycling - Sweden\" \/>\n<meta property=\"article:modified_time\" content=\"2022-03-24T12:27:24+00:00\" \/>\n<meta property=\"og:image\" content=\"https:\/\/d2p6e6u75xmxt8.cloudfront.net\/9\/2022\/03\/220226-SCT_Hanna_9452-1440x1920.jpg\" \/>\n<meta name=\"twitter:card\" content=\"summary_large_image\" \/>\n<meta name=\"twitter:label1\" content=\"Est. reading time\" \/>\n\t<meta name=\"twitter:data1\" content=\"1 minute\" \/>\n<script type=\"application\/ld+json\" class=\"yoast-schema-graph\">{\"@context\":\"https:\/\/schema.org\",\"@graph\":[{\"@type\":\"WebPage\",\"@id\":\"https:\/\/www.welovecycling.com\/se\/skoda-cycling-team\/skoda-cycling-team-2022\/hanna-johansson-2\/\",\"url\":\"https:\/\/www.welovecycling.com\/se\/skoda-cycling-team\/skoda-cycling-team-2022\/hanna-johansson-2\/\",\"name\":\"Hanna Johansson - \u0160koda - We Love Cycling - Sweden\",\"isPartOf\":{\"@id\":\"https:\/\/www.welovecycling.com\/se\/#website\"},\"primaryImageOfPage\":{\"@id\":\"https:\/\/www.welovecycling.com\/se\/skoda-cycling-team\/skoda-cycling-team-2022\/hanna-johansson-2\/#primaryimage\"},\"image\":{\"@id\":\"https:\/\/www.welovecycling.com\/se\/skoda-cycling-team\/skoda-cycling-team-2022\/hanna-johansson-2\/#primaryimage\"},\"thumbnailUrl\":\"https:\/\/d2p6e6u75xmxt8.cloudfront.net\/9\/2022\/03\/220226-SCT_Hanna_9452-1440x1920.jpg\",\"datePublished\":\"2021-03-18T09:59:06+00:00\",\"dateModified\":\"2022-03-24T12:27:24+00:00\",\"breadcrumb\":{\"@id\":\"https:\/\/www.welovecycling.com\/se\/skoda-cycling-team\/skoda-cycling-team-2022\/hanna-johansson-2\/#breadcrumb\"},\"inLanguage\":\"sv-SE\",\"potentialAction\":[{\"@type\":\"ReadAction\",\"target\":[\"https:\/\/www.welovecycling.com\/se\/skoda-cycling-team\/skoda-cycling-team-2022\/hanna-johansson-2\/\"]}]},{\"@type\":\"ImageObject\",\"inLanguage\":\"sv-SE\",\"@id\":\"https:\/\/www.welovecycling.com\/se\/skoda-cycling-team\/skoda-cycling-team-2022\/hanna-johansson-2\/#primaryimage\",\"url\":\"https:\/\/d2p6e6u75xmxt8.cloudfront.net\/9\/2022\/03\/220226-SCT_Hanna_9452-1440x1920.jpg\",\"contentUrl\":\"https:\/\/d2p6e6u75xmxt8.cloudfront.net\/9\/2022\/03\/220226-SCT_Hanna_9452-1440x1920.jpg\"},{\"@type\":\"BreadcrumbList\",\"@id\":\"https:\/\/www.welovecycling.com\/se\/skoda-cycling-team\/skoda-cycling-team-2022\/hanna-johansson-2\/#breadcrumb\",\"itemListElement\":[{\"@type\":\"ListItem\",\"position\":1,\"name\":\"Home\",\"item\":\"https:\/\/www.welovecycling.com\/se\/\"},{\"@type\":\"ListItem\",\"position\":2,\"name\":\"\u0160koda Cycling Team\",\"item\":\"https:\/\/www.welovecycling.com\/se\/skoda-cycling-team\/\"},{\"@type\":\"ListItem\",\"position\":3,\"name\":\"\u0160koda Cycling Team 2022\",\"item\":\"https:\/\/www.welovecycling.com\/se\/skoda-cycling-team\/skoda-cycling-team-2022\/\"},{\"@type\":\"ListItem\",\"position\":4,\"name\":\"Hanna Johansson\"}]},{\"@type\":\"WebSite\",\"@id\":\"https:\/\/www.welovecycling.com\/se\/#website\",\"url\":\"https:\/\/www.welovecycling.com\/se\/\",\"name\":\"\u0160koda - We Love Cycling - Sweden\",\"description\":\"\u0160koda We Love Cycling - Sweden\",\"potentialAction\":[{\"@type\":\"SearchAction\",\"target\":{\"@type\":\"EntryPoint\",\"urlTemplate\":\"https:\/\/www.welovecycling.com\/se\/?s={search_term_string}\"},\"query-input\":{\"@type\":\"PropertyValueSpecification\",\"valueRequired\":true,\"valueName\":\"search_term_string\"}}],\"inLanguage\":\"sv-SE\"}]}<\/script>\n<!-- \/ Yoast SEO Premium plugin. -->","yoast_head_json":{"title":"Hanna Johansson - \u0160koda - We Love Cycling - Sweden","robots":{"index":"index","follow":"follow","max-snippet":"max-snippet:-1","max-image-preview":"max-image-preview:large","max-video-preview":"max-video-preview:-1"},"canonical":"https:\/\/www.welovecycling.com\/se\/skoda-cycling-team\/skoda-cycling-team-2022\/hanna-johansson-2\/","og_locale":"sv_SE","og_type":"article","og_title":"Hanna Johansson","og_description":"&nbsp; Namn: Hanna Johansson Instagram: hnajoh\u00a0 \u00c5lder: 37 L\u00e4ngd: 170 Bor: Stockholm Familj: Ja Yrke: jobbar p\u00e5 bank och cyklar [&hellip;]","og_url":"https:\/\/www.welovecycling.com\/se\/skoda-cycling-team\/skoda-cycling-team-2022\/hanna-johansson-2\/","og_site_name":"\u0160koda - We Love Cycling - Sweden","article_modified_time":"2022-03-24T12:27:24+00:00","og_image":[{"url":"https:\/\/d2p6e6u75xmxt8.cloudfront.net\/9\/2022\/03\/220226-SCT_Hanna_9452-1440x1920.jpg","type":"","width":"","height":""}],"twitter_card":"summary_large_image","twitter_misc":{"Est. reading time":"1 minute"},"schema":{"@context":"https:\/\/schema.org","@graph":[{"@type":"WebPage","@id":"https:\/\/www.welovecycling.com\/se\/skoda-cycling-team\/skoda-cycling-team-2022\/hanna-johansson-2\/","url":"https:\/\/www.welovecycling.com\/se\/skoda-cycling-team\/skoda-cycling-team-2022\/hanna-johansson-2\/","name":"Hanna Johansson - \u0160koda - We Love Cycling - Sweden","isPartOf":{"@id":"https:\/\/www.welovecycling.com\/se\/#website"},"primaryImageOfPage":{"@id":"https:\/\/www.welovecycling.com\/se\/skoda-cycling-team\/skoda-cycling-team-2022\/hanna-johansson-2\/#primaryimage"},"image":{"@id":"https:\/\/www.welovecycling.com\/se\/skoda-cycling-team\/skoda-cycling-team-2022\/hanna-johansson-2\/#primaryimage"},"thumbnailUrl":"https:\/\/d2p6e6u75xmxt8.cloudfront.net\/9\/2022\/03\/220226-SCT_Hanna_9452-1440x1920.jpg","datePublished":"2021-03-18T09:59:06+00:00","dateModified":"2022-03-24T12:27:24+00:00","breadcrumb":{"@id":"https:\/\/www.welovecycling.com\/se\/skoda-cycling-team\/skoda-cycling-team-2022\/hanna-johansson-2\/#breadcrumb"},"inLanguage":"sv-SE","potentialAction":[{"@type":"ReadAction","target":["https:\/\/www.welovecycling.com\/se\/skoda-cycling-team\/skoda-cycling-team-2022\/hanna-johansson-2\/"]}]},{"@type":"ImageObject","inLanguage":"sv-SE","@id":"https:\/\/www.welovecycling.com\/se\/skoda-cycling-team\/skoda-cycling-team-2022\/hanna-johansson-2\/#primaryimage","url":"https:\/\/d2p6e6u75xmxt8.cloudfront.net\/9\/2022\/03\/220226-SCT_Hanna_9452-1440x1920.jpg","contentUrl":"https:\/\/d2p6e6u75xmxt8.cloudfront.net\/9\/2022\/03\/220226-SCT_Hanna_9452-1440x1920.jpg"},{"@type":"BreadcrumbList","@id":"https:\/\/www.welovecycling.com\/se\/skoda-cycling-team\/skoda-cycling-team-2022\/hanna-johansson-2\/#breadcrumb","itemListElement":[{"@type":"ListItem","position":1,"name":"Home","item":"https:\/\/www.welovecycling.com\/se\/"},{"@type":"ListItem","position":2,"name":"\u0160koda Cycling Team","item":"https:\/\/www.welovecycling.com\/se\/skoda-cycling-team\/"},{"@type":"ListItem","position":3,"name":"\u0160koda Cycling Team 2022","item":"https:\/\/www.welovecycling.com\/se\/skoda-cycling-team\/skoda-cycling-team-2022\/"},{"@type":"ListItem","position":4,"name":"Hanna Johansson"}]},{"@type":"WebSite","@id":"https:\/\/www.welovecycling.com\/se\/#website","url":"https:\/\/www.welovecycling.com\/se\/","name":"\u0160koda - We Love Cycling - Sweden","description":"\u0160koda We Love Cycling - Sweden","potentialAction":[{"@type":"SearchAction","target":{"@type":"EntryPoint","urlTemplate":"https:\/\/www.welovecycling.com\/se\/?s={search_term_string}"},"query-input":{"@type":"PropertyValueSpecification","valueRequired":true,"valueName":"search_term_string"}}],"inLanguage":"sv-SE"}]}},"_links":{"self":[{"href":"https:\/\/www.welovecycling.com\/se\/wp-json\/wp\/v2\/pages\/3367","targetHints":{"allow":["GET"]}}],"collection":[{"href":"https:\/\/www.welovecycling.com\/se\/wp-json\/wp\/v2\/pages"}],"about":[{"href":"https:\/\/www.welovecycling.com\/se\/wp-json\/wp\/v2\/types\/page"}],"author":[{"embeddable":true,"href":"https:\/\/www.welovecycling.com\/se\/wp-json\/wp\/v2\/users\/135"}],"replies":[{"embeddable":true,"href":"https:\/\/www.welovecycling.com\/se\/wp-json\/wp\/v2\/comments?post=3367"}],"version-history":[{"count":2,"href":"https:\/\/www.welovecycling.com\/se\/wp-json\/wp\/v2\/pages\/3367\/revisions"}],"predecessor-version":[{"id":4315,"href":"https:\/\/www.welovecycling.com\/se\/wp-json\/wp\/v2\/pages\/3367\/revisions\/4315"}],"up":[{"embeddable":true,"href":"https:\/\/www.welovecycling.com\/se\/wp-json\/wp\/v2\/pages\/3121"}],"wp:attachment":[{"href":"https:\/\/www.welovecycling.com\/se\/wp-json\/wp\/v2\/media?parent=3367"}],"wp:term":[{"taxonomy":"post_tag","embeddable":true,"href":"https:\/\/www.welovecycling.com\/se\/wp-json\/wp\/v2\/tags?post=3367"}],"curies":[{"name":"wp","href":"https:\/\/api.w.org\/{rel}","templated":true}]}}