{"id":3278,"date":"2021-03-01T10:24:35","date_gmt":"2021-03-01T09:24:35","guid":{"rendered":"https:\/\/www.welovecycling.com\/se\/?page_id=3278"},"modified":"2022-03-24T13:24:05","modified_gmt":"2022-03-24T12:24:05","slug":"sofie-rosencrantz","status":"publish","type":"page","link":"https:\/\/www.welovecycling.com\/se\/skoda-cycling-team\/skoda-cycling-team-2022\/sofie-rosencrantz\/","title":{"rendered":"Sofie Rosencrantz"},"content":{"rendered":"<div id=\"pl-3278\"  class=\"panel-layout\" ><div id=\"pg-3278-0\"  class=\"panel-grid panel-no-style\" ><div id=\"pgc-3278-0-0\"  class=\"panel-grid-cell panel-grid-cell-empty\" ><\/div><\/div><div id=\"pg-3278-1\"  class=\"panel-grid panel-no-style\" ><div id=\"pgc-3278-1-0\"  class=\"panel-grid-cell\" ><div id=\"panel-3278-1-0-0\" class=\"so-panel widget widget_sow-editor panel-first-child panel-last-child\" data-index=\"0\" ><div\n\t\t\t\n\t\t\tclass=\"so-widget-sow-editor so-widget-sow-editor-base\"\n\t\t\t\n\t\t>\n<div class=\"siteorigin-widget-tinymce textwidget\">\n\t<p><a href=\"https:\/\/d2p6e6u75xmxt8.cloudfront.net\/9\/2022\/03\/220226-SCT_Sofie_9680.jpg\"><img loading=\"lazy\" decoding=\"async\" class=\"alignnone wp-image-4249 size-extra-large\" src=\"https:\/\/d2p6e6u75xmxt8.cloudfront.net\/9\/2022\/03\/220226-SCT_Sofie_9680-1440x1920.jpg\" alt=\"\" width=\"1440\" height=\"1920\" srcset=\"https:\/\/d2p6e6u75xmxt8.cloudfront.net\/9\/2022\/03\/220226-SCT_Sofie_9680-1440x1920.jpg 1440w, https:\/\/d2p6e6u75xmxt8.cloudfront.net\/9\/2022\/03\/220226-SCT_Sofie_9680-225x300.jpg 225w, https:\/\/d2p6e6u75xmxt8.cloudfront.net\/9\/2022\/03\/220226-SCT_Sofie_9680-768x1024.jpg 768w, https:\/\/d2p6e6u75xmxt8.cloudfront.net\/9\/2022\/03\/220226-SCT_Sofie_9680-1152x1536.jpg 1152w, https:\/\/d2p6e6u75xmxt8.cloudfront.net\/9\/2022\/03\/220226-SCT_Sofie_9680.jpg 1500w, https:\/\/d2p6e6u75xmxt8.cloudfront.net\/9\/2022\/03\/220226-SCT_Sofie_9680-1440x1920.jpg 1440w\" sizes=\"auto, (max-width: 1440px) 100vw, 1440px\" \/><\/a><\/p>\n<\/div>\n<\/div><\/div><\/div><div id=\"pgc-3278-1-1\"  class=\"panel-grid-cell\" ><div id=\"panel-3278-1-1-0\" class=\"so-panel widget widget_sow-editor panel-first-child panel-last-child\" data-index=\"1\" ><div\n\t\t\t\n\t\t\tclass=\"so-widget-sow-editor so-widget-sow-editor-base\"\n\t\t\t\n\t\t>\n<div class=\"siteorigin-widget-tinymce textwidget\">\n\t<p><b>Namn: <\/b><span style=\"font-weight: 400;\">Sofie Rosencrantz<br \/>\n<\/span><b>Instagram:<\/b><span style=\"font-weight: 400;\"><a href=\"https:\/\/www.instagram.com\/cykelsofie\/\"> cykelsofie<\/a><br \/>\n<\/span><b>\u00c5lder:<\/b><span style=\"font-weight: 400;\"> 42 \u00e5r<br \/>\n<\/span><b>L\u00e4ngd: <\/b><span style=\"font-weight: 400;\">165 cm<br \/>\n<\/span><b>Bor: <\/b><span style=\"font-weight: 400;\">Bj\u00e4rred, Sk\u00e5ne<br \/>\n<\/span><b>Familj: <\/b><span style=\"font-weight: 400;\">Man, 3 barn, Ebba, Hugo &amp; Ida, och en liten svart dv\u00e4rgschnauzer<br \/>\n<\/span><b>Yrke: <\/b><span style=\"font-weight: 400;\">Regional Operativ Chef, Feelgood F\u00f6retagsh\u00e4lsov\u00e5rd<br \/>\n<\/span><b>Vad jag borde jobba med: <\/b><span style=\"font-weight: 400;\">Kanske det jag g\u00f6r, som chef coacha andra till att v\u00e4xa o prestera.<br \/>\n<\/span><b>B\u00f6rjade cykla \u00e5r:<\/b><span style=\"font-weight: 400;\"> 1985. F\u00f6rsta cykelt\u00e4vling i \u00c5hus i h\u00e5rd sk\u00e5nsk bl\u00e5st, regn och ylletr\u00f6ja.<br \/>\n<\/span><b>\u00d6vriga intressen: <\/b><span style=\"font-weight: 400;\">Familj, Jobb, tr\u00e4ning &amp; v\u00e4nner, livet \u00e4r i full action. Alltid i action och kommer nog alltid ha det s\u00e5.<br \/>\n<\/span><b>Inspireras av: <\/b><span style=\"font-weight: 400;\">M\u00e4nniskor med stora varma hj\u00e4rtan och som v\u00e5gar g\u00e5 sin egen v\u00e4g.\u00a0<\/span><\/p>\n<p><b>Varf\u00f6r s\u00f6kte du till SKODA Cycling Team?\u00a0<\/b><span style=\"font-weight: 400;\">F\u00f6r att det s\u00e5g s\u00e5 snyggt, snabbt och professionellt ut. T\u00e4vlat och tr\u00e4nat cykling i 20 \u00e5r, stor del av mitt liv. Cyklat i landslaget, professionellt Italien och Danmark, under m\u00e5nga \u00e5r. Tog paus ett par \u00e5r f\u00f6r att skaffa \"riktigt\" jobb och familj. F\u00f6r 2 \u00e5r sedan spanat in Skoda cycling team p\u00e5 h\u00e5ll, d\u00e5 d\u00f6k tanken upp om jag skulle p\u00e5 nytt f\u00e5 uppleva cyklingen ur ett professionellt perspektiv s\u00e5 \u00e4r det just h\u00e4r och nu med Skoda.<\/span><\/p>\n<p><b>Vad betyder cyklingen f\u00f6r dig? <\/b><span style=\"font-weight: 400;\">Cykling \u00e4r stor del av min identitet. Det som jag har varit b\u00e4st p\u00e5 \u00e4r just cykling. Jag har t\u00e4vlat\/tr\u00e4nat cykling mer \u00e4n halva mitt liv. Cykling betyder frihet f\u00f6r mig, att ingenting \u00e4r om\u00f6jligt. Tr\u00e4na och speciellt cykling g\u00f6r mig lugn, harmonisk och stolt \u00f6ver vad min kropp klarar. K\u00e4nslan efter ett h\u00e5rt cykelpass eller cykelt\u00e4vling \u00e4r fantastisk.<\/span><\/p>\n<p><b>Hur k\u00e4nns det med ett helt damlag i \u00e5r? <\/b><span style=\"font-weight: 400;\">Van vid att tr\u00e4na med killar\/m\u00e4n. Men detta k\u00e4nns s\u00e5 h\u00e4rligt att f\u00e5 vara en del av att inspirera andra tjejer\/kvinnor till idrotten. Att vi g\u00e5r f\u00f6r rekord \u00e4r s\u00e5 nervkittlande, samma m\u00e5l som mixlag det bara \u00e4lskar jag. Fantastiskt att f\u00e5 r\u00f6ra sig i ett team med s\u00e5 starka damer.<\/span><\/p>\n<p><b>Vilket \u00e4r ditt f\u00f6rsta intryck av din fadder <\/b><b>Isabell S\u00f6derberg<\/b><b>? <\/b><span style=\"font-weight: 400;\">En positiv kvinna med stor erfarenhet b\u00e5de som cyklist och ledare inom cykelsverige. Det \u00e4r grymt att f\u00e5 l\u00e4ra k\u00e4nna henne och de andra i teamet. Jag och Isabelle en del gemensamma kontakter kom vi fram till n\u00e4r vi tr\u00e4ffades f\u00f6rsta g\u00e5ngen.<\/span><\/p>\n<p><b>Vilken roll brukar du fylla i ett lag? <\/b><span style=\"font-weight: 400;\">Jag brukar f\u00e5 m\u00e4nniskor med mig, ledande roll i de flesta sammanhang. Men kan ocks\u00e5 f\u00f6lja och g\u00f6r mig som b\u00e4st vid m\u00e5lfokusering. K\u00e4nslan n\u00e4r man lyckas n\u00e5 ett gemensamt m\u00e5l efter stor insats, den k\u00e4nslan \u00e4r grymt sk\u00f6n. Jag har n\u00e4ra till skratt och sprider oftast gl\u00e4dje till de omkring mig.<\/span><span style=\"font-weight: 400;\">\u00a0<\/span><\/p>\n<p><b>Vilket \u00e4r ditt starkaste minne p\u00e5 cykeln? <\/b><span style=\"font-weight: 400;\">Mina \u00e5r som professionell cyklist och landslagscyklist, att f\u00e5\u00a0 tr\u00e4na\/t\u00e4vla runt om i Europa i m\u00e5nga \u00e5r. Min fr\u00e4msta merit \u00e4r JVM brons i San Sebastian, linjelopp.\u00a0<\/span><\/p>\n<p><b>Var dr\u00f6mmer du om att cykla n\u00e4r pandemin \u00e4r \u00f6ver? <\/b><span style=\"font-weight: 400;\">Tillbaka till Mallorca och Europa, d\u00e4r m\u00e5nga av mina cykelminnen finns. Har en bokad resa till Mallorca april i \u00e5r, bara tid f\u00f6r cykling, kaffe och avslappning.<\/span><b>\u00a0<\/b><\/p>\n<p><b>Vilka \u00e4r dina styrkor som cyklist? <\/b>Teknik, sitta i klunga, cykla energisn\u00e5lt, sl\u00e4pper v\u00e4ldigt s\u00e4llan hjul. Klassisk linjeloppscyklist som har l\u00e4tt uppf\u00f6r och \u00e4ven spurt.<\/p>\n<p><b>...och svagheter? <\/b><span style=\"font-weight: 400;\">Tempolopp och att cykla ensam.<\/span><\/p>\n<p><span style=\"font-weight: 400;\">\u00a0<\/span><b>Tr\u00e4ningspass du l\u00e4ngtar till? <\/b><span style=\"font-weight: 400;\">Solsken och medvind.<\/span><\/p>\n<p><b>...och pass du g\u00e4rna skjuter p\u00e5? <\/b><span style=\"font-weight: 400;\">Vinterpass d\u00e4r f\u00f6tterna fryser.<\/span><\/p>\n<p><span style=\"font-weight: 400;\">\u00a0<\/span><b>Hur f\u00f6rbereder du dig mentalt inf\u00f6r V\u00e4tternrundan? <\/b><span style=\"font-weight: 400;\">Att ta dag f\u00f6r dag enligt tr\u00e4ningsplan, allt f\u00f6r att komma s\u00e5 f\u00f6rberedd som m\u00f6jligt f\u00f6r laget. Ser g\u00e4rna bilden framf\u00f6r mig, hur vi i Skoda cycling team snyggt och samlade susar \u00f6ver m\u00e5llinjen.\u00a0<\/span><\/p>\n<p><span style=\"font-weight: 400;\">\u00a0<\/span><b>St\u00f6rsta r\u00e4dsla inf\u00f6r loppet? <\/b><span style=\"font-weight: 400;\">Punktering f\u00f6r n\u00e5gon i laget.\u00a0<\/span><\/p>\n<p><span style=\"font-weight: 400;\">\u00a0<\/span><b>Hur beter du dig n\u00e4r du g\u00e5r in i v\u00e4ggen? <\/b><span style=\"font-weight: 400;\">Dimmigt synf\u00e4lt och tunnelseende.\u00a0<\/span><\/p>\n<p><span style=\"font-weight: 400;\">\u00a0<\/span><b>Hur firar du efter m\u00e5lg\u00e5ng?<\/b><span style=\"font-weight: 400;\"> Bubbel, gillar bubbel n\u00e4r tillf\u00e4lle ges och gillar att fira sm\u00e5tt som stort.<\/span><\/p>\n<p><span style=\"font-weight: 400;\">\u00a0<\/span><b>Zwift eller vintercykling ute? <\/b><span style=\"font-weight: 400;\">Kombo...men sol och medvind \u00e4r extremt gott!<br \/>\n<\/span><b>Morgon eller kv\u00e4llspass? <\/b><span style=\"font-weight: 400;\">Kv\u00e4llspass<br \/>\n<\/span><b>Vo2 eller tr\u00f6skelintervaller? <\/b><span style=\"font-weight: 400;\">Vo2<br \/>\n<\/span><b>Tr\u00e4na p\u00e5 k\u00e4nsla eller data?<\/b><span style=\"font-weight: 400;\"> K\u00e4nsla, men nu uppdateras jag succesivt inom data:-)<br \/>\n<\/span><b>Fika under eller efter passet?<\/b><span style=\"font-weight: 400;\"> B\u00e5da, \u00e4lskar kaffe<br \/>\n<\/span><b>Banan eller energibar i ryggfickan? <\/b><span style=\"font-weight: 400;\">Banan och Maurten gel<br \/>\n<\/span><b>Touren eller Vueltan? <\/b><span style=\"font-weight: 400;\">Touren<br \/>\n<\/span><b>Spurtare eller hj\u00e4lpryttare? <\/b><span style=\"font-weight: 400;\">Spurtare men har agerat hj\u00e4lpryttare en hel del ocks\u00e5 genom tiderna.<\/span><\/p>\n<\/div>\n<\/div><\/div><\/div><\/div><div id=\"pg-3278-2\"  class=\"panel-grid panel-no-style\" ><div id=\"pgc-3278-2-0\"  class=\"panel-grid-cell panel-grid-cell-empty\" ><\/div><\/div><\/div>","protected":false},"excerpt":{"rendered":"<p>Namn: Sofie Rosencrantz Instagram: cykelsofie \u00c5lder: 42 \u00e5r L\u00e4ngd: 165 cm Bor: Bj\u00e4rred, Sk\u00e5ne Familj: Man, 3 barn, Ebba, Hugo [&hellip;]<\/p>\n","protected":false},"author":135,"featured_media":0,"parent":3121,"menu_order":0,"comment_status":"closed","ping_status":"closed","template":"","meta":{"footnotes":""},"tags":[],"class_list":["post-3278","page","type-page","status-publish","hentry"],"yoast_head":"<!-- This site is optimized with the Yoast SEO Premium plugin v25.3 (Yoast SEO v25.9) - https:\/\/yoast.com\/wordpress\/plugins\/seo\/ -->\n<title>Sofie Rosencrantz - \u0160koda - We Love Cycling - Sweden<\/title>\n<meta name=\"robots\" content=\"index, follow, max-snippet:-1, max-image-preview:large, max-video-preview:-1\" \/>\n<link rel=\"canonical\" href=\"https:\/\/www.welovecycling.com\/se\/skoda-cycling-team\/skoda-cycling-team-2022\/sofie-rosencrantz\/\" \/>\n<meta property=\"og:locale\" content=\"sv_SE\" \/>\n<meta property=\"og:type\" content=\"article\" \/>\n<meta property=\"og:title\" content=\"Sofie Rosencrantz\" \/>\n<meta property=\"og:description\" content=\"Namn: Sofie Rosencrantz Instagram: cykelsofie \u00c5lder: 42 \u00e5r L\u00e4ngd: 165 cm Bor: Bj\u00e4rred, Sk\u00e5ne Familj: Man, 3 barn, Ebba, Hugo [&hellip;]\" \/>\n<meta property=\"og:url\" content=\"https:\/\/www.welovecycling.com\/se\/skoda-cycling-team\/skoda-cycling-team-2022\/sofie-rosencrantz\/\" \/>\n<meta property=\"og:site_name\" content=\"\u0160koda - We Love Cycling - Sweden\" \/>\n<meta property=\"article:modified_time\" content=\"2022-03-24T12:24:05+00:00\" \/>\n<meta property=\"og:image\" content=\"https:\/\/d2p6e6u75xmxt8.cloudfront.net\/9\/2022\/03\/220226-SCT_Sofie_9680-1440x1920.jpg\" \/>\n<meta name=\"twitter:card\" content=\"summary_large_image\" \/>\n<meta name=\"twitter:label1\" content=\"Est. reading time\" \/>\n\t<meta name=\"twitter:data1\" content=\"4 minutes\" \/>\n<script type=\"application\/ld+json\" class=\"yoast-schema-graph\">{\"@context\":\"https:\/\/schema.org\",\"@graph\":[{\"@type\":\"WebPage\",\"@id\":\"https:\/\/www.welovecycling.com\/se\/skoda-cycling-team\/skoda-cycling-team-2022\/sofie-rosencrantz\/\",\"url\":\"https:\/\/www.welovecycling.com\/se\/skoda-cycling-team\/skoda-cycling-team-2022\/sofie-rosencrantz\/\",\"name\":\"Sofie Rosencrantz - \u0160koda - We Love Cycling - Sweden\",\"isPartOf\":{\"@id\":\"https:\/\/www.welovecycling.com\/se\/#website\"},\"primaryImageOfPage\":{\"@id\":\"https:\/\/www.welovecycling.com\/se\/skoda-cycling-team\/skoda-cycling-team-2022\/sofie-rosencrantz\/#primaryimage\"},\"image\":{\"@id\":\"https:\/\/www.welovecycling.com\/se\/skoda-cycling-team\/skoda-cycling-team-2022\/sofie-rosencrantz\/#primaryimage\"},\"thumbnailUrl\":\"https:\/\/d2p6e6u75xmxt8.cloudfront.net\/9\/2022\/03\/220226-SCT_Sofie_9680-1440x1920.jpg\",\"datePublished\":\"2021-03-01T09:24:35+00:00\",\"dateModified\":\"2022-03-24T12:24:05+00:00\",\"breadcrumb\":{\"@id\":\"https:\/\/www.welovecycling.com\/se\/skoda-cycling-team\/skoda-cycling-team-2022\/sofie-rosencrantz\/#breadcrumb\"},\"inLanguage\":\"sv-SE\",\"potentialAction\":[{\"@type\":\"ReadAction\",\"target\":[\"https:\/\/www.welovecycling.com\/se\/skoda-cycling-team\/skoda-cycling-team-2022\/sofie-rosencrantz\/\"]}]},{\"@type\":\"ImageObject\",\"inLanguage\":\"sv-SE\",\"@id\":\"https:\/\/www.welovecycling.com\/se\/skoda-cycling-team\/skoda-cycling-team-2022\/sofie-rosencrantz\/#primaryimage\",\"url\":\"https:\/\/d2p6e6u75xmxt8.cloudfront.net\/9\/2022\/03\/220226-SCT_Sofie_9680-1440x1920.jpg\",\"contentUrl\":\"https:\/\/d2p6e6u75xmxt8.cloudfront.net\/9\/2022\/03\/220226-SCT_Sofie_9680-1440x1920.jpg\"},{\"@type\":\"BreadcrumbList\",\"@id\":\"https:\/\/www.welovecycling.com\/se\/skoda-cycling-team\/skoda-cycling-team-2022\/sofie-rosencrantz\/#breadcrumb\",\"itemListElement\":[{\"@type\":\"ListItem\",\"position\":1,\"name\":\"Home\",\"item\":\"https:\/\/www.welovecycling.com\/se\/\"},{\"@type\":\"ListItem\",\"position\":2,\"name\":\"\u0160koda Cycling Team\",\"item\":\"https:\/\/www.welovecycling.com\/se\/skoda-cycling-team\/\"},{\"@type\":\"ListItem\",\"position\":3,\"name\":\"\u0160koda Cycling Team 2022\",\"item\":\"https:\/\/www.welovecycling.com\/se\/skoda-cycling-team\/skoda-cycling-team-2022\/\"},{\"@type\":\"ListItem\",\"position\":4,\"name\":\"Sofie Rosencrantz\"}]},{\"@type\":\"WebSite\",\"@id\":\"https:\/\/www.welovecycling.com\/se\/#website\",\"url\":\"https:\/\/www.welovecycling.com\/se\/\",\"name\":\"\u0160koda - We Love Cycling - Sweden\",\"description\":\"\u0160koda We Love Cycling - Sweden\",\"potentialAction\":[{\"@type\":\"SearchAction\",\"target\":{\"@type\":\"EntryPoint\",\"urlTemplate\":\"https:\/\/www.welovecycling.com\/se\/?s={search_term_string}\"},\"query-input\":{\"@type\":\"PropertyValueSpecification\",\"valueRequired\":true,\"valueName\":\"search_term_string\"}}],\"inLanguage\":\"sv-SE\"}]}<\/script>\n<!-- \/ Yoast SEO Premium plugin. -->","yoast_head_json":{"title":"Sofie Rosencrantz - \u0160koda - We Love Cycling - Sweden","robots":{"index":"index","follow":"follow","max-snippet":"max-snippet:-1","max-image-preview":"max-image-preview:large","max-video-preview":"max-video-preview:-1"},"canonical":"https:\/\/www.welovecycling.com\/se\/skoda-cycling-team\/skoda-cycling-team-2022\/sofie-rosencrantz\/","og_locale":"sv_SE","og_type":"article","og_title":"Sofie Rosencrantz","og_description":"Namn: Sofie Rosencrantz Instagram: cykelsofie \u00c5lder: 42 \u00e5r L\u00e4ngd: 165 cm Bor: Bj\u00e4rred, Sk\u00e5ne Familj: Man, 3 barn, Ebba, Hugo [&hellip;]","og_url":"https:\/\/www.welovecycling.com\/se\/skoda-cycling-team\/skoda-cycling-team-2022\/sofie-rosencrantz\/","og_site_name":"\u0160koda - We Love Cycling - Sweden","article_modified_time":"2022-03-24T12:24:05+00:00","og_image":[{"url":"https:\/\/d2p6e6u75xmxt8.cloudfront.net\/9\/2022\/03\/220226-SCT_Sofie_9680-1440x1920.jpg","type":"","width":"","height":""}],"twitter_card":"summary_large_image","twitter_misc":{"Est. reading time":"4 minutes"},"schema":{"@context":"https:\/\/schema.org","@graph":[{"@type":"WebPage","@id":"https:\/\/www.welovecycling.com\/se\/skoda-cycling-team\/skoda-cycling-team-2022\/sofie-rosencrantz\/","url":"https:\/\/www.welovecycling.com\/se\/skoda-cycling-team\/skoda-cycling-team-2022\/sofie-rosencrantz\/","name":"Sofie Rosencrantz - \u0160koda - We Love Cycling - Sweden","isPartOf":{"@id":"https:\/\/www.welovecycling.com\/se\/#website"},"primaryImageOfPage":{"@id":"https:\/\/www.welovecycling.com\/se\/skoda-cycling-team\/skoda-cycling-team-2022\/sofie-rosencrantz\/#primaryimage"},"image":{"@id":"https:\/\/www.welovecycling.com\/se\/skoda-cycling-team\/skoda-cycling-team-2022\/sofie-rosencrantz\/#primaryimage"},"thumbnailUrl":"https:\/\/d2p6e6u75xmxt8.cloudfront.net\/9\/2022\/03\/220226-SCT_Sofie_9680-1440x1920.jpg","datePublished":"2021-03-01T09:24:35+00:00","dateModified":"2022-03-24T12:24:05+00:00","breadcrumb":{"@id":"https:\/\/www.welovecycling.com\/se\/skoda-cycling-team\/skoda-cycling-team-2022\/sofie-rosencrantz\/#breadcrumb"},"inLanguage":"sv-SE","potentialAction":[{"@type":"ReadAction","target":["https:\/\/www.welovecycling.com\/se\/skoda-cycling-team\/skoda-cycling-team-2022\/sofie-rosencrantz\/"]}]},{"@type":"ImageObject","inLanguage":"sv-SE","@id":"https:\/\/www.welovecycling.com\/se\/skoda-cycling-team\/skoda-cycling-team-2022\/sofie-rosencrantz\/#primaryimage","url":"https:\/\/d2p6e6u75xmxt8.cloudfront.net\/9\/2022\/03\/220226-SCT_Sofie_9680-1440x1920.jpg","contentUrl":"https:\/\/d2p6e6u75xmxt8.cloudfront.net\/9\/2022\/03\/220226-SCT_Sofie_9680-1440x1920.jpg"},{"@type":"BreadcrumbList","@id":"https:\/\/www.welovecycling.com\/se\/skoda-cycling-team\/skoda-cycling-team-2022\/sofie-rosencrantz\/#breadcrumb","itemListElement":[{"@type":"ListItem","position":1,"name":"Home","item":"https:\/\/www.welovecycling.com\/se\/"},{"@type":"ListItem","position":2,"name":"\u0160koda Cycling Team","item":"https:\/\/www.welovecycling.com\/se\/skoda-cycling-team\/"},{"@type":"ListItem","position":3,"name":"\u0160koda Cycling Team 2022","item":"https:\/\/www.welovecycling.com\/se\/skoda-cycling-team\/skoda-cycling-team-2022\/"},{"@type":"ListItem","position":4,"name":"Sofie Rosencrantz"}]},{"@type":"WebSite","@id":"https:\/\/www.welovecycling.com\/se\/#website","url":"https:\/\/www.welovecycling.com\/se\/","name":"\u0160koda - We Love Cycling - Sweden","description":"\u0160koda We Love Cycling - Sweden","potentialAction":[{"@type":"SearchAction","target":{"@type":"EntryPoint","urlTemplate":"https:\/\/www.welovecycling.com\/se\/?s={search_term_string}"},"query-input":{"@type":"PropertyValueSpecification","valueRequired":true,"valueName":"search_term_string"}}],"inLanguage":"sv-SE"}]}},"_links":{"self":[{"href":"https:\/\/www.welovecycling.com\/se\/wp-json\/wp\/v2\/pages\/3278","targetHints":{"allow":["GET"]}}],"collection":[{"href":"https:\/\/www.welovecycling.com\/se\/wp-json\/wp\/v2\/pages"}],"about":[{"href":"https:\/\/www.welovecycling.com\/se\/wp-json\/wp\/v2\/types\/page"}],"author":[{"embeddable":true,"href":"https:\/\/www.welovecycling.com\/se\/wp-json\/wp\/v2\/users\/135"}],"replies":[{"embeddable":true,"href":"https:\/\/www.welovecycling.com\/se\/wp-json\/wp\/v2\/comments?post=3278"}],"version-history":[{"count":2,"href":"https:\/\/www.welovecycling.com\/se\/wp-json\/wp\/v2\/pages\/3278\/revisions"}],"predecessor-version":[{"id":4309,"href":"https:\/\/www.welovecycling.com\/se\/wp-json\/wp\/v2\/pages\/3278\/revisions\/4309"}],"up":[{"embeddable":true,"href":"https:\/\/www.welovecycling.com\/se\/wp-json\/wp\/v2\/pages\/3121"}],"wp:attachment":[{"href":"https:\/\/www.welovecycling.com\/se\/wp-json\/wp\/v2\/media?parent=3278"}],"wp:term":[{"taxonomy":"post_tag","embeddable":true,"href":"https:\/\/www.welovecycling.com\/se\/wp-json\/wp\/v2\/tags?post=3278"}],"curies":[{"name":"wp","href":"https:\/\/api.w.org\/{rel}","templated":true}]}}