{"id":3217,"date":"2021-02-04T22:45:18","date_gmt":"2021-02-04T21:45:18","guid":{"rendered":"https:\/\/www.welovecycling.com\/se\/?page_id=3217"},"modified":"2022-03-24T13:22:28","modified_gmt":"2022-03-24T12:22:28","slug":"lovisa-nyman","status":"publish","type":"page","link":"https:\/\/www.welovecycling.com\/se\/skoda-cycling-team\/skoda-cycling-team-2022\/lovisa-nyman\/","title":{"rendered":"Lovisa Nyman"},"content":{"rendered":"<div id=\"pl-3217\"  class=\"panel-layout\" ><div id=\"pg-3217-0\"  class=\"panel-grid panel-no-style\" ><div id=\"pgc-3217-0-0\"  class=\"panel-grid-cell panel-grid-cell-empty\" ><\/div><\/div><div id=\"pg-3217-1\"  class=\"panel-grid panel-no-style\" ><div id=\"pgc-3217-1-0\"  class=\"panel-grid-cell\" ><div id=\"panel-3217-1-0-0\" class=\"so-panel widget widget_sow-editor panel-first-child panel-last-child\" data-index=\"0\" ><div\n\t\t\t\n\t\t\tclass=\"so-widget-sow-editor so-widget-sow-editor-base\"\n\t\t\t\n\t\t>\n<div class=\"siteorigin-widget-tinymce textwidget\">\n\t<p><a href=\"https:\/\/d2p6e6u75xmxt8.cloudfront.net\/9\/2022\/03\/220226-SCT_Lovisa_9753.jpg\"><img loading=\"lazy\" decoding=\"async\" class=\"alignnone wp-image-4228 size-extra-large\" src=\"https:\/\/d2p6e6u75xmxt8.cloudfront.net\/9\/2022\/03\/220226-SCT_Lovisa_9753-1440x1920.jpg\" alt=\"\" width=\"1440\" height=\"1920\" srcset=\"https:\/\/d2p6e6u75xmxt8.cloudfront.net\/9\/2022\/03\/220226-SCT_Lovisa_9753-1440x1920.jpg 1440w, https:\/\/d2p6e6u75xmxt8.cloudfront.net\/9\/2022\/03\/220226-SCT_Lovisa_9753-225x300.jpg 225w, https:\/\/d2p6e6u75xmxt8.cloudfront.net\/9\/2022\/03\/220226-SCT_Lovisa_9753-768x1024.jpg 768w, https:\/\/d2p6e6u75xmxt8.cloudfront.net\/9\/2022\/03\/220226-SCT_Lovisa_9753-1152x1536.jpg 1152w, https:\/\/d2p6e6u75xmxt8.cloudfront.net\/9\/2022\/03\/220226-SCT_Lovisa_9753.jpg 1500w, https:\/\/d2p6e6u75xmxt8.cloudfront.net\/9\/2022\/03\/220226-SCT_Lovisa_9753-1440x1920.jpg 1440w\" sizes=\"auto, (max-width: 1440px) 100vw, 1440px\" \/><\/a><\/p>\n<\/div>\n<\/div><\/div><\/div><div id=\"pgc-3217-1-1\"  class=\"panel-grid-cell\" ><div id=\"panel-3217-1-1-0\" class=\"so-panel widget widget_sow-editor panel-first-child panel-last-child\" data-index=\"1\" ><div\n\t\t\t\n\t\t\tclass=\"so-widget-sow-editor so-widget-sow-editor-base\"\n\t\t\t\n\t\t>\n<div class=\"siteorigin-widget-tinymce textwidget\">\n\t<p><b>Namn:<\/b><span style=\"font-weight: 400;\"> Lovisa Nyman<br \/>\n<\/span><b>Instagram:<\/b><a href=\"https:\/\/www.instagram.com\/lovisaanyman\/\"><span style=\"font-weight: 400;\"> lovisaanyman<\/span><\/a><br \/>\n<b>\u00c5lder: <\/b><span style=\"font-weight: 400;\">23<br \/>\n<\/span><b>L\u00e4ngd: <\/b><span style=\"font-weight: 400;\">172<br \/>\n<\/span><b>Bor: <\/b><span style=\"font-weight: 400;\">Kalmar<br \/>\n<\/span><b>Familj: <\/b><span style=\"font-weight: 400;\">Single (and ready to mingle)<br \/>\n<\/span><b>Yrke: <\/b><span style=\"font-weight: 400;\">Brandman<br \/>\n<\/span><b>Vad jag borde jobba som: <\/b><span style=\"font-weight: 400;\">Tr\u00e4dg\u00e5rdsm\u00e4stare<br \/>\n<\/span><b>B\u00f6rjade cykla \u00e5r: <\/b><span style=\"font-weight: 400;\">2020<br \/>\n<\/span><b>\u00d6vriga intressen: <\/b><span style=\"font-weight: 400;\">Umg\u00e5s med familj och v\u00e4nner och allt man kan f\u00f6rt\u00e4ra<br \/>\n<\/span><b>Inspireras av: <\/b><span style=\"font-weight: 400;\">Alla som k\u00e4mpar f\u00f6r n\u00e5got<\/span><\/p>\n<p><b>Varf\u00f6r s\u00f6kte du till SKODA Cycling Team? <\/b><span style=\"font-weight: 400;\">Jag har f\u00f6ljt Skoda sen jag b\u00f6rjade cykla och det har alltid k\u00e4nts inbjudande och som ett g\u00f6tt g\u00e4ng. Nu k\u00e4nns det sj\u00e4lvklart och att f\u00e5 vara en del av \u00e5rets lag \u00e4r prestigefyllt.\u00a0<\/span><\/p>\n<p><b>Vad betyder cyklingen f\u00f6r dig?\u00a0<\/b><span style=\"font-weight: 400;\">P\u00e5 v\u00e4ldigt kort tid har det g\u00e5tt att bli en oerh\u00f6rt stor del i livet. Och det beror nog till stora delar ocks\u00e5 p\u00e5 alla fantastiska m\u00e4nniskor man tr\u00e4ffat p\u00e5 v\u00e4gen. \u00c4lskar blandningen d\u00e4r varken \u00e5lder eller k\u00f6n spelar roll.\u00a0<\/span><\/p>\n<p><b>Hur k\u00e4nns det med ett helt damlag i \u00e5r? <\/b><span style=\"font-weight: 400;\">Helt r\u00e4tt i tiden och jag tror att vi alla, med v\u00e5ra olika bakgrunder och erfarenheter kommer komplettera varandra v\u00e4ldigt bra och bilda ett starkt team.\u00a0<\/span><\/p>\n<p><b>Vilket \u00e4r ditt f\u00f6rsta intryck av din fadder Carin Winell<\/b><b>? <\/b><span style=\"font-weight: 400;\">Min fadder \u00e4r ju svensk m\u00e4starinna s\u00e5 f\u00f6rutom att hon \u00e4r grym cyklist och jag ska f\u00f6rs\u00f6ka kr\u00e4ma ut n\u00e5gra goa knep av Carin s\u00e5 \u00e4r hon v\u00e4ldigt \u00f6dmjuk och reko. Helt klart en brud att se upp till.\u00a0<\/span><\/p>\n<p><b>Vilken roll brukar du fylla i ett lag?\u00a0<\/b><span style=\"font-weight: 400;\">Jag f\u00f6rs\u00f6ker alltid h\u00e5lla ett leende p\u00e5 l\u00e4pparna och det kan f\u00f6rekomma lite s\u00e5ngtrudelutter h\u00e4r och var under rundorna. Hoppas \u00e4ven kunna bidra med ett par hyfsade cykelben, trimmade av sj\u00e4lvaste Macke.\u00a0<\/span><\/p>\n<p><b>Vilket \u00e4r ditt starkaste minne p\u00e5 cykeln?\u00a0<\/b><span style=\"font-weight: 400;\">Ett minne n\u00e4ra hj\u00e4rtat \u00e4r ett som inte har alls med prestation och g\u00f6ra, och det var n\u00e4r jag sj\u00e4lv med full packning cyklade runt Gotland och fick se de allra b\u00e4sta av \u00f6n som man inte n\u00e5r om man \u00e5ker med bil. Vilka vyer och vilka v\u00e4gar!!<\/span><\/p>\n<p><b>Var dr\u00f6mmer du om att cykla n\u00e4r pandemin \u00e4r \u00f6ver?\u00a0<\/b><span style=\"font-weight: 400;\">Oj sv\u00e5r fr\u00e5ga. Dr\u00f6mmer bara om att f\u00e5 cykla fritt och att alla m\u00e5r bra.\u00a0<\/span><\/p>\n<p><b>Vilka \u00e4r dina styrkor som cyklist?<br \/>\n<\/b><b>...och svagheter?\u00a0<\/b><span style=\"font-weight: 400;\">En styrka \u00e4r att jag blir b\u00e4ttre ju l\u00e4ngre jag cyklar. Jag har m\u00e5nga svagheter men om jag ska v\u00e4lja en \u00e4r jag otroligt oteknisk.\u00a0<\/span><\/p>\n<p><b>Tr\u00e4ningspass du l\u00e4ngtar till? <\/b><span style=\"font-weight: 400;\">Stressad tr\u00f6skel, typ 3\/1 intervaller. MUUUMS<br \/>\n<\/span><b>...och pass du g\u00e4rna skjuter p\u00e5?\u00a0<\/b><span style=\"font-weight: 400;\">L\u00e5\u00e5\u00e5\u00e5ng vinterdistans i skitv\u00e4der. (gillar egentligen l\u00e5nga dagar i sadeln men jag har blivit vek med \u00e5ren)\u00a0<\/span><\/p>\n<p><b>Hur f\u00f6rbereder du dig mentalt inf\u00f6r V\u00e4tternrundan?\u00a0<\/b><span style=\"font-weight: 400;\">Litar p\u00e5 min egna f\u00f6rm\u00e5ga och umg\u00e5s\/peppar ig\u00e5ng med g\u00e4nget.\u00a0<\/span><\/p>\n<p><b>St\u00f6rsta r\u00e4dsla inf\u00f6r loppet?\u00a0<\/b><span style=\"font-weight: 400;\">Att man har en riktig pissdag eller att f\u00e5 punka\/cykelhaveri.<\/span><\/p>\n<p><b>Hur beter du dig n\u00e4r du g\u00e5r in i v\u00e4ggen?\u00a0<\/b><span style=\"font-weight: 400;\">Sl\u00e5r \u00f6ver switchen till \u00f6verlevnadsl\u00e4ge.\u00a0<\/span><\/p>\n<p><b>Hur firar du efter m\u00e5lg\u00e5ng?\u00a0<\/b><span style=\"font-weight: 400;\">Skumpa och s\u00e5ng?? <\/span><span style=\"font-weight: 400;\">2021 kom n\u00e5gra t\u00e5rar s\u00e5 kanske en repris 2022?\u00a0<\/span><\/p>\n<p><span style=\"font-weight: 400;\">\u00a0<\/span><b>Zwift eller vintercykling ute? <\/b><span style=\"font-weight: 400;\">Vintercykling (mots\u00e4gande f\u00f6r tidigare svar men passen blir gjorda trots vekhet)<br \/>\n<\/span><b>Morgon eller kv\u00e4llspass? <\/b><span style=\"font-weight: 400;\">Finns det n\u00e5got som heter f\u00f6rmiddagspass?<br \/>\n<\/span><b>Vo2 eller tr\u00f6skelintervaller? <\/b><span style=\"font-weight: 400;\">Tr\u00f6skelintervallz<br \/>\n<\/span><b>Tr\u00e4na p\u00e5 k\u00e4nsla eller data?<\/b><span style=\"font-weight: 400;\"> DAAATTAA<br \/>\n<\/span><b>Fika under eller efter passet?<\/b><span style=\"font-weight: 400;\"> Never<br \/>\n<\/span><b>Banan eller energibar i ryggfickan? <\/b><span style=\"font-weight: 400;\">Banan. Inget \u00e4kta pass utan en banan<br \/>\n<\/span><b>Touren eller Vueltan? <\/b><span style=\"font-weight: 400;\">Touren<br \/>\n<\/span><b>Spurtare eller hj\u00e4lpryttare? <\/b><span style=\"font-weight: 400;\">Hj\u00e4lpryttare<br \/>\n<\/span><b>Extra: <\/b><span style=\"font-weight: 400;\">Jag \u00e4r otroligt lat egentligen.\u00a0<\/span><\/p>\n<\/div>\n<\/div><\/div><\/div><\/div><div id=\"pg-3217-2\"  class=\"panel-grid panel-no-style\" ><div id=\"pgc-3217-2-0\"  class=\"panel-grid-cell panel-grid-cell-empty\" ><\/div><\/div><\/div>","protected":false},"excerpt":{"rendered":"<p>Namn: Lovisa Nyman Instagram: lovisaanyman \u00c5lder: 23 L\u00e4ngd: 172 Bor: Kalmar Familj: Single (and ready to mingle) Yrke: Brandman Vad [&hellip;]<\/p>\n","protected":false},"author":135,"featured_media":0,"parent":3121,"menu_order":0,"comment_status":"closed","ping_status":"closed","template":"","meta":{"footnotes":""},"tags":[],"class_list":["post-3217","page","type-page","status-publish","hentry"],"yoast_head":"<!-- This site is optimized with the Yoast SEO Premium plugin v25.3 (Yoast SEO v25.9) - https:\/\/yoast.com\/wordpress\/plugins\/seo\/ -->\n<title>Lovisa Nyman - \u0160koda - We Love Cycling - Sweden<\/title>\n<meta name=\"robots\" content=\"index, follow, max-snippet:-1, max-image-preview:large, max-video-preview:-1\" \/>\n<link rel=\"canonical\" href=\"https:\/\/www.welovecycling.com\/se\/skoda-cycling-team\/skoda-cycling-team-2022\/lovisa-nyman\/\" \/>\n<meta property=\"og:locale\" content=\"sv_SE\" \/>\n<meta property=\"og:type\" content=\"article\" \/>\n<meta property=\"og:title\" content=\"Lovisa Nyman\" \/>\n<meta property=\"og:description\" content=\"Namn: Lovisa Nyman Instagram: lovisaanyman \u00c5lder: 23 L\u00e4ngd: 172 Bor: Kalmar Familj: Single (and ready to mingle) Yrke: Brandman Vad [&hellip;]\" \/>\n<meta property=\"og:url\" content=\"https:\/\/www.welovecycling.com\/se\/skoda-cycling-team\/skoda-cycling-team-2022\/lovisa-nyman\/\" \/>\n<meta property=\"og:site_name\" content=\"\u0160koda - We Love Cycling - Sweden\" \/>\n<meta property=\"article:modified_time\" content=\"2022-03-24T12:22:28+00:00\" \/>\n<meta property=\"og:image\" content=\"https:\/\/d2p6e6u75xmxt8.cloudfront.net\/9\/2022\/03\/220226-SCT_Lovisa_9753-1440x1920.jpg\" \/>\n<meta name=\"twitter:card\" content=\"summary_large_image\" \/>\n<meta name=\"twitter:label1\" content=\"Est. reading time\" \/>\n\t<meta name=\"twitter:data1\" content=\"3 minutes\" \/>\n<script type=\"application\/ld+json\" class=\"yoast-schema-graph\">{\"@context\":\"https:\/\/schema.org\",\"@graph\":[{\"@type\":\"WebPage\",\"@id\":\"https:\/\/www.welovecycling.com\/se\/skoda-cycling-team\/skoda-cycling-team-2022\/lovisa-nyman\/\",\"url\":\"https:\/\/www.welovecycling.com\/se\/skoda-cycling-team\/skoda-cycling-team-2022\/lovisa-nyman\/\",\"name\":\"Lovisa Nyman - \u0160koda - We Love Cycling - Sweden\",\"isPartOf\":{\"@id\":\"https:\/\/www.welovecycling.com\/se\/#website\"},\"primaryImageOfPage\":{\"@id\":\"https:\/\/www.welovecycling.com\/se\/skoda-cycling-team\/skoda-cycling-team-2022\/lovisa-nyman\/#primaryimage\"},\"image\":{\"@id\":\"https:\/\/www.welovecycling.com\/se\/skoda-cycling-team\/skoda-cycling-team-2022\/lovisa-nyman\/#primaryimage\"},\"thumbnailUrl\":\"https:\/\/d2p6e6u75xmxt8.cloudfront.net\/9\/2022\/03\/220226-SCT_Lovisa_9753-1440x1920.jpg\",\"datePublished\":\"2021-02-04T21:45:18+00:00\",\"dateModified\":\"2022-03-24T12:22:28+00:00\",\"breadcrumb\":{\"@id\":\"https:\/\/www.welovecycling.com\/se\/skoda-cycling-team\/skoda-cycling-team-2022\/lovisa-nyman\/#breadcrumb\"},\"inLanguage\":\"sv-SE\",\"potentialAction\":[{\"@type\":\"ReadAction\",\"target\":[\"https:\/\/www.welovecycling.com\/se\/skoda-cycling-team\/skoda-cycling-team-2022\/lovisa-nyman\/\"]}]},{\"@type\":\"ImageObject\",\"inLanguage\":\"sv-SE\",\"@id\":\"https:\/\/www.welovecycling.com\/se\/skoda-cycling-team\/skoda-cycling-team-2022\/lovisa-nyman\/#primaryimage\",\"url\":\"https:\/\/d2p6e6u75xmxt8.cloudfront.net\/9\/2022\/03\/220226-SCT_Lovisa_9753-1440x1920.jpg\",\"contentUrl\":\"https:\/\/d2p6e6u75xmxt8.cloudfront.net\/9\/2022\/03\/220226-SCT_Lovisa_9753-1440x1920.jpg\"},{\"@type\":\"BreadcrumbList\",\"@id\":\"https:\/\/www.welovecycling.com\/se\/skoda-cycling-team\/skoda-cycling-team-2022\/lovisa-nyman\/#breadcrumb\",\"itemListElement\":[{\"@type\":\"ListItem\",\"position\":1,\"name\":\"Home\",\"item\":\"https:\/\/www.welovecycling.com\/se\/\"},{\"@type\":\"ListItem\",\"position\":2,\"name\":\"\u0160koda Cycling Team\",\"item\":\"https:\/\/www.welovecycling.com\/se\/skoda-cycling-team\/\"},{\"@type\":\"ListItem\",\"position\":3,\"name\":\"\u0160koda Cycling Team 2022\",\"item\":\"https:\/\/www.welovecycling.com\/se\/skoda-cycling-team\/skoda-cycling-team-2022\/\"},{\"@type\":\"ListItem\",\"position\":4,\"name\":\"Lovisa Nyman\"}]},{\"@type\":\"WebSite\",\"@id\":\"https:\/\/www.welovecycling.com\/se\/#website\",\"url\":\"https:\/\/www.welovecycling.com\/se\/\",\"name\":\"\u0160koda - We Love Cycling - Sweden\",\"description\":\"\u0160koda We Love Cycling - Sweden\",\"potentialAction\":[{\"@type\":\"SearchAction\",\"target\":{\"@type\":\"EntryPoint\",\"urlTemplate\":\"https:\/\/www.welovecycling.com\/se\/?s={search_term_string}\"},\"query-input\":{\"@type\":\"PropertyValueSpecification\",\"valueRequired\":true,\"valueName\":\"search_term_string\"}}],\"inLanguage\":\"sv-SE\"}]}<\/script>\n<!-- \/ Yoast SEO Premium plugin. -->","yoast_head_json":{"title":"Lovisa Nyman - \u0160koda - We Love Cycling - Sweden","robots":{"index":"index","follow":"follow","max-snippet":"max-snippet:-1","max-image-preview":"max-image-preview:large","max-video-preview":"max-video-preview:-1"},"canonical":"https:\/\/www.welovecycling.com\/se\/skoda-cycling-team\/skoda-cycling-team-2022\/lovisa-nyman\/","og_locale":"sv_SE","og_type":"article","og_title":"Lovisa Nyman","og_description":"Namn: Lovisa Nyman Instagram: lovisaanyman \u00c5lder: 23 L\u00e4ngd: 172 Bor: Kalmar Familj: Single (and ready to mingle) Yrke: Brandman Vad [&hellip;]","og_url":"https:\/\/www.welovecycling.com\/se\/skoda-cycling-team\/skoda-cycling-team-2022\/lovisa-nyman\/","og_site_name":"\u0160koda - We Love Cycling - Sweden","article_modified_time":"2022-03-24T12:22:28+00:00","og_image":[{"url":"https:\/\/d2p6e6u75xmxt8.cloudfront.net\/9\/2022\/03\/220226-SCT_Lovisa_9753-1440x1920.jpg","type":"","width":"","height":""}],"twitter_card":"summary_large_image","twitter_misc":{"Est. reading time":"3 minutes"},"schema":{"@context":"https:\/\/schema.org","@graph":[{"@type":"WebPage","@id":"https:\/\/www.welovecycling.com\/se\/skoda-cycling-team\/skoda-cycling-team-2022\/lovisa-nyman\/","url":"https:\/\/www.welovecycling.com\/se\/skoda-cycling-team\/skoda-cycling-team-2022\/lovisa-nyman\/","name":"Lovisa Nyman - \u0160koda - We Love Cycling - Sweden","isPartOf":{"@id":"https:\/\/www.welovecycling.com\/se\/#website"},"primaryImageOfPage":{"@id":"https:\/\/www.welovecycling.com\/se\/skoda-cycling-team\/skoda-cycling-team-2022\/lovisa-nyman\/#primaryimage"},"image":{"@id":"https:\/\/www.welovecycling.com\/se\/skoda-cycling-team\/skoda-cycling-team-2022\/lovisa-nyman\/#primaryimage"},"thumbnailUrl":"https:\/\/d2p6e6u75xmxt8.cloudfront.net\/9\/2022\/03\/220226-SCT_Lovisa_9753-1440x1920.jpg","datePublished":"2021-02-04T21:45:18+00:00","dateModified":"2022-03-24T12:22:28+00:00","breadcrumb":{"@id":"https:\/\/www.welovecycling.com\/se\/skoda-cycling-team\/skoda-cycling-team-2022\/lovisa-nyman\/#breadcrumb"},"inLanguage":"sv-SE","potentialAction":[{"@type":"ReadAction","target":["https:\/\/www.welovecycling.com\/se\/skoda-cycling-team\/skoda-cycling-team-2022\/lovisa-nyman\/"]}]},{"@type":"ImageObject","inLanguage":"sv-SE","@id":"https:\/\/www.welovecycling.com\/se\/skoda-cycling-team\/skoda-cycling-team-2022\/lovisa-nyman\/#primaryimage","url":"https:\/\/d2p6e6u75xmxt8.cloudfront.net\/9\/2022\/03\/220226-SCT_Lovisa_9753-1440x1920.jpg","contentUrl":"https:\/\/d2p6e6u75xmxt8.cloudfront.net\/9\/2022\/03\/220226-SCT_Lovisa_9753-1440x1920.jpg"},{"@type":"BreadcrumbList","@id":"https:\/\/www.welovecycling.com\/se\/skoda-cycling-team\/skoda-cycling-team-2022\/lovisa-nyman\/#breadcrumb","itemListElement":[{"@type":"ListItem","position":1,"name":"Home","item":"https:\/\/www.welovecycling.com\/se\/"},{"@type":"ListItem","position":2,"name":"\u0160koda Cycling Team","item":"https:\/\/www.welovecycling.com\/se\/skoda-cycling-team\/"},{"@type":"ListItem","position":3,"name":"\u0160koda Cycling Team 2022","item":"https:\/\/www.welovecycling.com\/se\/skoda-cycling-team\/skoda-cycling-team-2022\/"},{"@type":"ListItem","position":4,"name":"Lovisa Nyman"}]},{"@type":"WebSite","@id":"https:\/\/www.welovecycling.com\/se\/#website","url":"https:\/\/www.welovecycling.com\/se\/","name":"\u0160koda - We Love Cycling - Sweden","description":"\u0160koda We Love Cycling - Sweden","potentialAction":[{"@type":"SearchAction","target":{"@type":"EntryPoint","urlTemplate":"https:\/\/www.welovecycling.com\/se\/?s={search_term_string}"},"query-input":{"@type":"PropertyValueSpecification","valueRequired":true,"valueName":"search_term_string"}}],"inLanguage":"sv-SE"}]}},"_links":{"self":[{"href":"https:\/\/www.welovecycling.com\/se\/wp-json\/wp\/v2\/pages\/3217","targetHints":{"allow":["GET"]}}],"collection":[{"href":"https:\/\/www.welovecycling.com\/se\/wp-json\/wp\/v2\/pages"}],"about":[{"href":"https:\/\/www.welovecycling.com\/se\/wp-json\/wp\/v2\/types\/page"}],"author":[{"embeddable":true,"href":"https:\/\/www.welovecycling.com\/se\/wp-json\/wp\/v2\/users\/135"}],"replies":[{"embeddable":true,"href":"https:\/\/www.welovecycling.com\/se\/wp-json\/wp\/v2\/comments?post=3217"}],"version-history":[{"count":2,"href":"https:\/\/www.welovecycling.com\/se\/wp-json\/wp\/v2\/pages\/3217\/revisions"}],"predecessor-version":[{"id":4304,"href":"https:\/\/www.welovecycling.com\/se\/wp-json\/wp\/v2\/pages\/3217\/revisions\/4304"}],"up":[{"embeddable":true,"href":"https:\/\/www.welovecycling.com\/se\/wp-json\/wp\/v2\/pages\/3121"}],"wp:attachment":[{"href":"https:\/\/www.welovecycling.com\/se\/wp-json\/wp\/v2\/media?parent=3217"}],"wp:term":[{"taxonomy":"post_tag","embeddable":true,"href":"https:\/\/www.welovecycling.com\/se\/wp-json\/wp\/v2\/tags?post=3217"}],"curies":[{"name":"wp","href":"https:\/\/api.w.org\/{rel}","templated":true}]}}