{"id":3213,"date":"2021-02-04T22:24:36","date_gmt":"2021-02-04T21:24:36","guid":{"rendered":"https:\/\/www.welovecycling.com\/se\/?page_id=3213"},"modified":"2022-03-24T13:20:54","modified_gmt":"2022-03-24T12:20:54","slug":"gabrielle-flood","status":"publish","type":"page","link":"https:\/\/www.welovecycling.com\/se\/skoda-cycling-team\/skoda-cycling-team-2022\/gabrielle-flood\/","title":{"rendered":"Gabrielle Flood"},"content":{"rendered":"<div id=\"pl-3213\"  class=\"panel-layout\" ><div id=\"pg-3213-0\"  class=\"panel-grid panel-no-style\" ><div id=\"pgc-3213-0-0\"  class=\"panel-grid-cell panel-grid-cell-empty\" ><\/div><\/div><div id=\"pg-3213-1\"  class=\"panel-grid panel-no-style\" ><div id=\"pgc-3213-1-0\"  class=\"panel-grid-cell\" ><div id=\"panel-3213-1-0-0\" class=\"so-panel widget widget_sow-editor panel-first-child panel-last-child\" data-index=\"0\" ><div\n\t\t\t\n\t\t\tclass=\"so-widget-sow-editor so-widget-sow-editor-base\"\n\t\t\t\n\t\t>\n<div class=\"siteorigin-widget-tinymce textwidget\">\n\t<p><a href=\"https:\/\/d2p6e6u75xmxt8.cloudfront.net\/9\/2022\/03\/220226-SCT_Gabrielle_9602.jpg\"><img loading=\"lazy\" decoding=\"async\" class=\"alignnone wp-image-4212 size-extra-large\" src=\"https:\/\/d2p6e6u75xmxt8.cloudfront.net\/9\/2022\/03\/220226-SCT_Gabrielle_9602-1440x1920.jpg\" alt=\"\" width=\"1440\" height=\"1920\" srcset=\"https:\/\/d2p6e6u75xmxt8.cloudfront.net\/9\/2022\/03\/220226-SCT_Gabrielle_9602-1440x1920.jpg 1440w, https:\/\/d2p6e6u75xmxt8.cloudfront.net\/9\/2022\/03\/220226-SCT_Gabrielle_9602-225x300.jpg 225w, https:\/\/d2p6e6u75xmxt8.cloudfront.net\/9\/2022\/03\/220226-SCT_Gabrielle_9602-768x1024.jpg 768w, https:\/\/d2p6e6u75xmxt8.cloudfront.net\/9\/2022\/03\/220226-SCT_Gabrielle_9602-1152x1536.jpg 1152w, https:\/\/d2p6e6u75xmxt8.cloudfront.net\/9\/2022\/03\/220226-SCT_Gabrielle_9602.jpg 1500w, https:\/\/d2p6e6u75xmxt8.cloudfront.net\/9\/2022\/03\/220226-SCT_Gabrielle_9602-1440x1920.jpg 1440w\" sizes=\"auto, (max-width: 1440px) 100vw, 1440px\" \/><\/a><\/p>\n<\/div>\n<\/div><\/div><\/div><div id=\"pgc-3213-1-1\"  class=\"panel-grid-cell\" ><div id=\"panel-3213-1-1-0\" class=\"so-panel widget widget_sow-editor panel-first-child panel-last-child\" data-index=\"1\" ><div\n\t\t\t\n\t\t\tclass=\"so-widget-sow-editor so-widget-sow-editor-base\"\n\t\t\t\n\t\t>\n<div class=\"siteorigin-widget-tinymce textwidget\">\n\t<p><b>Namn:\u00a0 <\/b><span style=\"font-weight: 400;\">Gabrielle Flood<\/span><span style=\"font-weight: 400;\"><br \/>\n<\/span><b>Instagram:<\/b><span style=\"font-weight: 400;\">\u00a0 <\/span><a href=\"https:\/\/www.instagram.com\/gabrielleflood\/\"><span style=\"font-weight: 400;\">gabrielleflood<\/span><b><br \/>\n<\/b><\/a><b>\u00c5lder:\u00a0 <\/b><span style=\"font-weight: 400;\">30 \u00e5r<\/span><span style=\"font-weight: 400;\"><br \/>\n<\/span><b>L\u00e4ngd: <\/b><span style=\"font-weight: 400;\">168 cm<\/span><span style=\"font-weight: 400;\"><br \/>\n<\/span><b>Bor: <\/b><span style=\"font-weight: 400;\">I Lund<\/span><span style=\"font-weight: 400;\"><br \/>\n<\/span><b>Familj: <\/b><span style=\"font-weight: 400;\">F\u00f6r\u00e4ldrar, syster och sambon Johan<\/span><span style=\"font-weight: 400;\"><br \/>\n<\/span><b>Yrke: <\/b><span style=\"font-weight: 400;\">Forskare i matematik och bildanalys<\/span><span style=\"font-weight: 400;\"><br \/>\n<\/span><b>Vad jag borde jobba med: <\/b><span style=\"font-weight: 400;\">Om man fr\u00e5gar mina v\u00e4nner s\u00e5 skulle de nog svara att jag borde jobba p\u00e5 konditori<\/span><span style=\"font-weight: 400;\"><br \/>\n<\/span><b>B\u00f6rjade cykla \u00e5r: <\/b><span style=\"font-weight: 400;\">2013<\/span><span style=\"font-weight: 400;\"><br \/>\n<\/span><b>\u00d6vriga intressen: <\/b><span style=\"font-weight: 400;\">\u00c4ven andra typer av tr\u00e4ning, samt bakning \u2013 fr\u00e4mst t\u00e5rtor och praliner.<\/span><span style=\"font-weight: 400;\"><br \/>\n<\/span><b>Inspireras av: <\/b><span style=\"font-weight: 400;\">Fina m\u00e4nniskor med ett gott hj\u00e4rta<\/span><\/p>\n<p><b>Varf\u00f6r s\u00f6kte du till SKODA Cycling Team? <\/b><span style=\"font-weight: 400;\">F\u00f6r att jag l\u00e4nge har tyckt att Skoda Cycling Team verkar vara ett riktigt h\u00e4rligt g\u00e4ng med fin gemenskap och mycket erfarenhetsutbyten. F\u00f6r att det \u00e4r kul att cykla snabbt med starka cyklister. F\u00f6r att det \u00e4r roligt att jobba tillsammans med andra mot n\u00e5got gemensamt; f\u00f6r att delad gl\u00e4dje \u00e4r dubbel gl\u00e4dje. Och f\u00f6r att jag tyckte att det verkade v\u00e4ldigt h\u00e4ftigt.<\/span><\/p>\n<p><b>Vad betyder cyklingen f\u00f6r dig? <\/b><span style=\"font-weight: 400;\">Cykling f\u00f6r mig \u00e4r gemenskap och gl\u00e4dje. Cyklingen hj\u00e4lper mig att sl\u00e4ppa allt annat f\u00f6r en stund, och ger mig tid till mental \u00e5terh\u00e4mtning.<\/span><\/p>\n<p><b>Hur k\u00e4nns det med ett helt damlag i \u00e5r? <\/b><span style=\"font-weight: 400;\">Det k\u00e4nns superkul och v\u00e4ldigt sp\u00e4nnande! Sedan n\u00e5gra \u00e5r tillbaka har jag t\u00e4nkt att det skulle vara kul att cykla snabbt runt V\u00e4ttern med ett rent damlag, s\u00e5 det var en v\u00e4ldigt trevlig <\/span><span style=\"font-weight: 400;\">\u00f6verraskning.<\/span><\/p>\n<p><b>Vilket \u00e4r ditt f\u00f6rsta intryck av din fadder Sara Hedberg? <\/b><span style=\"font-weight: 400;\">Mitt f\u00f6rsta intryck av Sara \u00e4r att hon \u00e4r lugn och samlad och har gott om rutin.<\/span><\/p>\n<p><b>Vilken roll brukar du fylla i ett lag?<\/b><span style=\"font-weight: 400;\"> Slitvargen som f\u00f6rs\u00f6ker se till att vi h\u00e5ller oss till planen och att alla h\u00e4nger med s\u00e5 gott det g\u00e5r.<\/span><\/p>\n<p><b>Vilket \u00e4r ditt starkaste minne p\u00e5 cykeln? <\/b><span style=\"font-weight: 400;\">Min f\u00f6rsta cykelsemester, under vilken jag som relativt nyst\u00f6pt cyklist ensam cyklade 140 km per dag. Jag minns s\u00e4rskilt dagen jag cyklade vilse i de sm\u00e5l\u00e4ndska skogarna utan n\u00e5gra som helst br\u00e4nslereserver.<\/span><\/p>\n<p><b>Var dr\u00f6mmer du om att cykla n\u00e4r pandemin \u00e4r \u00f6ver? <\/b><span style=\"font-weight: 400;\">N\u00e5gra fina berg p\u00e5 sydligare breddgrader hade jag inte tackat nej till.<\/span><\/p>\n<p><b>Vilka \u00e4r dina styrkor som cyklist? <\/b><span style=\"font-weight: 400;\">Att gr\u00e4va djupt och h\u00e4nga i lite l\u00e4ngre \u00e4n vad jag egentligen borde klara av.<\/span><\/p>\n<p><b>...och svagheter?<\/b><span style=\"font-weight: 400;\"> Jag \u00e4r inte vidare explosiv och f\u00e5r verkligen bita ihop f\u00f6r att h\u00e4nga med n\u00e4r \u201cdet sm\u00e4ller\u201d.<\/span><\/p>\n<p><b>Tr\u00e4ningspass du l\u00e4ngtar till? <\/b><span style=\"font-weight: 400;\">S\u00f6ndagsrundor<\/span><span style=\"font-weight: 400;\"> i sol med fikastopp med fina <\/span><span style=\"font-weight: 400;\">medcyklister<\/span><span style=\"font-weight: 400;\">.<\/span><\/p>\n<p><b>...och pass du g\u00e4rna skjuter p\u00e5? <\/b><span style=\"font-weight: 400;\">Vo2max-pass<\/span><\/p>\n<p><b>Hur f\u00f6rbereder du dig mentalt inf\u00f6r V\u00e4tternrundan? <\/b><span style=\"font-weight: 400;\">Jag f\u00f6rbereder mig b\u00e4st mentalt genom att f\u00f6rbereda mig fysiskt. Genom att ha genomf\u00f6rt den planerade tr\u00e4ningen vet jag att jag har gjort vad jag kan f\u00f6r att klara av loppet s\u00e5 bra som m\u00f6jligt.<\/span><\/p>\n<p><b>St\u00f6rsta r\u00e4dsla inf\u00f6r loppet? <\/b><span style=\"font-weight: 400;\">Veckorna innan V\u00e4tternrundan brukar jag dr\u00f6mma mardr\u00f6mmar om att jag missar starten, s\u00e5 kanske det?<\/span><\/p>\n<p><b>Hur beter du dig n\u00e4r du g\u00e5r in i v\u00e4ggen? <\/b><span style=\"font-weight: 400;\">Jag blir nedst\u00e4md och ledsen. Det \u00e4r inte otroligt att jag b\u00f6rjar gr\u00e5ta, troligtvis p\u00e5 cykeln medan jag fortfarande tar i (eller f\u00f6rs\u00f6ker \u00e5tminstone).<\/span><\/p>\n<p><b>Hur firar du efter m\u00e5lg\u00e5ng? <\/b><span style=\"font-weight: 400;\">I goda v\u00e4nners lag!<\/span><\/p>\n<p><b>Zwift eller vintercykling ute? <\/b><span style=\"font-weight: 400;\">Trainerroad, jag \u00e4r lite f\u00f6r fyrkantig f\u00f6r Zwift<\/span><span style=\"font-weight: 400;\"><br \/>\n<\/span><b>Morgon eller kv\u00e4llspass? <\/b><span style=\"font-weight: 400;\">Kv\u00e4llspass<\/span><span style=\"font-weight: 400;\"><br \/>\n<\/span><b>Vo2 eller tr\u00f6skelintervaller? <\/b><span style=\"font-weight: 400;\">Tr\u00f6skelintervaller<\/span><span style=\"font-weight: 400;\"><br \/>\n<\/span><b>Tr\u00e4na p\u00e5 k\u00e4nsla eller data?<\/b><span style=\"font-weight: 400;\"> Data!<\/span><span style=\"font-weight: 400;\"><br \/>\n<\/span><b>Fika under eller efter passet?<\/b><span style=\"font-weight: 400;\"> B\u00e5da, tack<\/span><span style=\"font-weight: 400;\"><br \/>\n<\/span><b>Banan eller energibar i ryggfickan? <\/b><span style=\"font-weight: 400;\">Energibar<\/span><span style=\"font-weight: 400;\"><br \/>\n<\/span><b>Touren eller Vueltan? <\/b><span style=\"font-weight: 400;\">Touren<\/span><span style=\"font-weight: 400;\"><br \/>\n<\/span><b>Spurtare eller hj\u00e4lpryttare? <\/b><span style=\"font-weight: 400;\">Hj\u00e4lpryttare<\/span><\/p>\n<\/div>\n<\/div><\/div><\/div><\/div><div id=\"pg-3213-2\"  class=\"panel-grid panel-no-style\" ><div id=\"pgc-3213-2-0\"  class=\"panel-grid-cell panel-grid-cell-empty\" ><\/div><\/div><\/div>","protected":false},"excerpt":{"rendered":"<p>Namn:\u00a0 Gabrielle Flood Instagram:\u00a0 gabrielleflood \u00c5lder:\u00a0 30 \u00e5r L\u00e4ngd: 168 cm Bor: I Lund Familj: F\u00f6r\u00e4ldrar, syster och sambon Johan [&hellip;]<\/p>\n","protected":false},"author":135,"featured_media":0,"parent":3121,"menu_order":0,"comment_status":"closed","ping_status":"closed","template":"","meta":{"footnotes":""},"tags":[],"class_list":["post-3213","page","type-page","status-publish","hentry"],"yoast_head":"<!-- This site is optimized with the Yoast SEO Premium plugin v25.3 (Yoast SEO v25.9) - https:\/\/yoast.com\/wordpress\/plugins\/seo\/ -->\n<title>Gabrielle Flood - \u0160koda - We Love Cycling - Sweden<\/title>\n<meta name=\"robots\" content=\"index, follow, max-snippet:-1, max-image-preview:large, max-video-preview:-1\" \/>\n<link rel=\"canonical\" href=\"https:\/\/www.welovecycling.com\/se\/skoda-cycling-team\/skoda-cycling-team-2022\/gabrielle-flood\/\" \/>\n<meta property=\"og:locale\" content=\"sv_SE\" \/>\n<meta property=\"og:type\" content=\"article\" \/>\n<meta property=\"og:title\" content=\"Gabrielle Flood\" \/>\n<meta property=\"og:description\" content=\"Namn:\u00a0 Gabrielle Flood Instagram:\u00a0 gabrielleflood \u00c5lder:\u00a0 30 \u00e5r L\u00e4ngd: 168 cm Bor: I Lund Familj: F\u00f6r\u00e4ldrar, syster och sambon Johan [&hellip;]\" \/>\n<meta property=\"og:url\" content=\"https:\/\/www.welovecycling.com\/se\/skoda-cycling-team\/skoda-cycling-team-2022\/gabrielle-flood\/\" \/>\n<meta property=\"og:site_name\" content=\"\u0160koda - We Love Cycling - Sweden\" \/>\n<meta property=\"article:modified_time\" content=\"2022-03-24T12:20:54+00:00\" \/>\n<meta property=\"og:image\" content=\"https:\/\/d2p6e6u75xmxt8.cloudfront.net\/9\/2022\/03\/220226-SCT_Gabrielle_9602-1440x1920.jpg\" \/>\n<meta name=\"twitter:card\" content=\"summary_large_image\" \/>\n<meta name=\"twitter:label1\" content=\"Est. reading time\" \/>\n\t<meta name=\"twitter:data1\" content=\"3 minutes\" \/>\n<script type=\"application\/ld+json\" class=\"yoast-schema-graph\">{\"@context\":\"https:\/\/schema.org\",\"@graph\":[{\"@type\":\"WebPage\",\"@id\":\"https:\/\/www.welovecycling.com\/se\/skoda-cycling-team\/skoda-cycling-team-2022\/gabrielle-flood\/\",\"url\":\"https:\/\/www.welovecycling.com\/se\/skoda-cycling-team\/skoda-cycling-team-2022\/gabrielle-flood\/\",\"name\":\"Gabrielle Flood - \u0160koda - We Love Cycling - Sweden\",\"isPartOf\":{\"@id\":\"https:\/\/www.welovecycling.com\/se\/#website\"},\"primaryImageOfPage\":{\"@id\":\"https:\/\/www.welovecycling.com\/se\/skoda-cycling-team\/skoda-cycling-team-2022\/gabrielle-flood\/#primaryimage\"},\"image\":{\"@id\":\"https:\/\/www.welovecycling.com\/se\/skoda-cycling-team\/skoda-cycling-team-2022\/gabrielle-flood\/#primaryimage\"},\"thumbnailUrl\":\"https:\/\/d2p6e6u75xmxt8.cloudfront.net\/9\/2022\/03\/220226-SCT_Gabrielle_9602-1440x1920.jpg\",\"datePublished\":\"2021-02-04T21:24:36+00:00\",\"dateModified\":\"2022-03-24T12:20:54+00:00\",\"breadcrumb\":{\"@id\":\"https:\/\/www.welovecycling.com\/se\/skoda-cycling-team\/skoda-cycling-team-2022\/gabrielle-flood\/#breadcrumb\"},\"inLanguage\":\"sv-SE\",\"potentialAction\":[{\"@type\":\"ReadAction\",\"target\":[\"https:\/\/www.welovecycling.com\/se\/skoda-cycling-team\/skoda-cycling-team-2022\/gabrielle-flood\/\"]}]},{\"@type\":\"ImageObject\",\"inLanguage\":\"sv-SE\",\"@id\":\"https:\/\/www.welovecycling.com\/se\/skoda-cycling-team\/skoda-cycling-team-2022\/gabrielle-flood\/#primaryimage\",\"url\":\"https:\/\/d2p6e6u75xmxt8.cloudfront.net\/9\/2022\/03\/220226-SCT_Gabrielle_9602-1440x1920.jpg\",\"contentUrl\":\"https:\/\/d2p6e6u75xmxt8.cloudfront.net\/9\/2022\/03\/220226-SCT_Gabrielle_9602-1440x1920.jpg\"},{\"@type\":\"BreadcrumbList\",\"@id\":\"https:\/\/www.welovecycling.com\/se\/skoda-cycling-team\/skoda-cycling-team-2022\/gabrielle-flood\/#breadcrumb\",\"itemListElement\":[{\"@type\":\"ListItem\",\"position\":1,\"name\":\"Home\",\"item\":\"https:\/\/www.welovecycling.com\/se\/\"},{\"@type\":\"ListItem\",\"position\":2,\"name\":\"\u0160koda Cycling Team\",\"item\":\"https:\/\/www.welovecycling.com\/se\/skoda-cycling-team\/\"},{\"@type\":\"ListItem\",\"position\":3,\"name\":\"\u0160koda Cycling Team 2022\",\"item\":\"https:\/\/www.welovecycling.com\/se\/skoda-cycling-team\/skoda-cycling-team-2022\/\"},{\"@type\":\"ListItem\",\"position\":4,\"name\":\"Gabrielle Flood\"}]},{\"@type\":\"WebSite\",\"@id\":\"https:\/\/www.welovecycling.com\/se\/#website\",\"url\":\"https:\/\/www.welovecycling.com\/se\/\",\"name\":\"\u0160koda - We Love Cycling - Sweden\",\"description\":\"\u0160koda We Love Cycling - Sweden\",\"potentialAction\":[{\"@type\":\"SearchAction\",\"target\":{\"@type\":\"EntryPoint\",\"urlTemplate\":\"https:\/\/www.welovecycling.com\/se\/?s={search_term_string}\"},\"query-input\":{\"@type\":\"PropertyValueSpecification\",\"valueRequired\":true,\"valueName\":\"search_term_string\"}}],\"inLanguage\":\"sv-SE\"}]}<\/script>\n<!-- \/ Yoast SEO Premium plugin. -->","yoast_head_json":{"title":"Gabrielle Flood - \u0160koda - We Love Cycling - Sweden","robots":{"index":"index","follow":"follow","max-snippet":"max-snippet:-1","max-image-preview":"max-image-preview:large","max-video-preview":"max-video-preview:-1"},"canonical":"https:\/\/www.welovecycling.com\/se\/skoda-cycling-team\/skoda-cycling-team-2022\/gabrielle-flood\/","og_locale":"sv_SE","og_type":"article","og_title":"Gabrielle Flood","og_description":"Namn:\u00a0 Gabrielle Flood Instagram:\u00a0 gabrielleflood \u00c5lder:\u00a0 30 \u00e5r L\u00e4ngd: 168 cm Bor: I Lund Familj: F\u00f6r\u00e4ldrar, syster och sambon Johan [&hellip;]","og_url":"https:\/\/www.welovecycling.com\/se\/skoda-cycling-team\/skoda-cycling-team-2022\/gabrielle-flood\/","og_site_name":"\u0160koda - We Love Cycling - Sweden","article_modified_time":"2022-03-24T12:20:54+00:00","og_image":[{"url":"https:\/\/d2p6e6u75xmxt8.cloudfront.net\/9\/2022\/03\/220226-SCT_Gabrielle_9602-1440x1920.jpg","type":"","width":"","height":""}],"twitter_card":"summary_large_image","twitter_misc":{"Est. reading time":"3 minutes"},"schema":{"@context":"https:\/\/schema.org","@graph":[{"@type":"WebPage","@id":"https:\/\/www.welovecycling.com\/se\/skoda-cycling-team\/skoda-cycling-team-2022\/gabrielle-flood\/","url":"https:\/\/www.welovecycling.com\/se\/skoda-cycling-team\/skoda-cycling-team-2022\/gabrielle-flood\/","name":"Gabrielle Flood - \u0160koda - We Love Cycling - Sweden","isPartOf":{"@id":"https:\/\/www.welovecycling.com\/se\/#website"},"primaryImageOfPage":{"@id":"https:\/\/www.welovecycling.com\/se\/skoda-cycling-team\/skoda-cycling-team-2022\/gabrielle-flood\/#primaryimage"},"image":{"@id":"https:\/\/www.welovecycling.com\/se\/skoda-cycling-team\/skoda-cycling-team-2022\/gabrielle-flood\/#primaryimage"},"thumbnailUrl":"https:\/\/d2p6e6u75xmxt8.cloudfront.net\/9\/2022\/03\/220226-SCT_Gabrielle_9602-1440x1920.jpg","datePublished":"2021-02-04T21:24:36+00:00","dateModified":"2022-03-24T12:20:54+00:00","breadcrumb":{"@id":"https:\/\/www.welovecycling.com\/se\/skoda-cycling-team\/skoda-cycling-team-2022\/gabrielle-flood\/#breadcrumb"},"inLanguage":"sv-SE","potentialAction":[{"@type":"ReadAction","target":["https:\/\/www.welovecycling.com\/se\/skoda-cycling-team\/skoda-cycling-team-2022\/gabrielle-flood\/"]}]},{"@type":"ImageObject","inLanguage":"sv-SE","@id":"https:\/\/www.welovecycling.com\/se\/skoda-cycling-team\/skoda-cycling-team-2022\/gabrielle-flood\/#primaryimage","url":"https:\/\/d2p6e6u75xmxt8.cloudfront.net\/9\/2022\/03\/220226-SCT_Gabrielle_9602-1440x1920.jpg","contentUrl":"https:\/\/d2p6e6u75xmxt8.cloudfront.net\/9\/2022\/03\/220226-SCT_Gabrielle_9602-1440x1920.jpg"},{"@type":"BreadcrumbList","@id":"https:\/\/www.welovecycling.com\/se\/skoda-cycling-team\/skoda-cycling-team-2022\/gabrielle-flood\/#breadcrumb","itemListElement":[{"@type":"ListItem","position":1,"name":"Home","item":"https:\/\/www.welovecycling.com\/se\/"},{"@type":"ListItem","position":2,"name":"\u0160koda Cycling Team","item":"https:\/\/www.welovecycling.com\/se\/skoda-cycling-team\/"},{"@type":"ListItem","position":3,"name":"\u0160koda Cycling Team 2022","item":"https:\/\/www.welovecycling.com\/se\/skoda-cycling-team\/skoda-cycling-team-2022\/"},{"@type":"ListItem","position":4,"name":"Gabrielle Flood"}]},{"@type":"WebSite","@id":"https:\/\/www.welovecycling.com\/se\/#website","url":"https:\/\/www.welovecycling.com\/se\/","name":"\u0160koda - We Love Cycling - Sweden","description":"\u0160koda We Love Cycling - Sweden","potentialAction":[{"@type":"SearchAction","target":{"@type":"EntryPoint","urlTemplate":"https:\/\/www.welovecycling.com\/se\/?s={search_term_string}"},"query-input":{"@type":"PropertyValueSpecification","valueRequired":true,"valueName":"search_term_string"}}],"inLanguage":"sv-SE"}]}},"_links":{"self":[{"href":"https:\/\/www.welovecycling.com\/se\/wp-json\/wp\/v2\/pages\/3213","targetHints":{"allow":["GET"]}}],"collection":[{"href":"https:\/\/www.welovecycling.com\/se\/wp-json\/wp\/v2\/pages"}],"about":[{"href":"https:\/\/www.welovecycling.com\/se\/wp-json\/wp\/v2\/types\/page"}],"author":[{"embeddable":true,"href":"https:\/\/www.welovecycling.com\/se\/wp-json\/wp\/v2\/users\/135"}],"replies":[{"embeddable":true,"href":"https:\/\/www.welovecycling.com\/se\/wp-json\/wp\/v2\/comments?post=3213"}],"version-history":[{"count":2,"href":"https:\/\/www.welovecycling.com\/se\/wp-json\/wp\/v2\/pages\/3213\/revisions"}],"predecessor-version":[{"id":4300,"href":"https:\/\/www.welovecycling.com\/se\/wp-json\/wp\/v2\/pages\/3213\/revisions\/4300"}],"up":[{"embeddable":true,"href":"https:\/\/www.welovecycling.com\/se\/wp-json\/wp\/v2\/pages\/3121"}],"wp:attachment":[{"href":"https:\/\/www.welovecycling.com\/se\/wp-json\/wp\/v2\/media?parent=3213"}],"wp:term":[{"taxonomy":"post_tag","embeddable":true,"href":"https:\/\/www.welovecycling.com\/se\/wp-json\/wp\/v2\/tags?post=3213"}],"curies":[{"name":"wp","href":"https:\/\/api.w.org\/{rel}","templated":true}]}}