{"id":3209,"date":"2021-02-04T22:02:30","date_gmt":"2021-02-04T21:02:30","guid":{"rendered":"https:\/\/www.welovecycling.com\/se\/?page_id=3209"},"modified":"2021-03-25T12:31:14","modified_gmt":"2021-03-25T11:31:14","slug":"andreas-brettmark","status":"publish","type":"page","link":"https:\/\/www.welovecycling.com\/se\/skoda-cycling-team\/skoda-cycling-team-2022\/andreas-brettmark\/","title":{"rendered":"Andreas Brettmark"},"content":{"rendered":"<div id=\"pl-3209\"  class=\"panel-layout\" ><div id=\"pg-3209-0\"  class=\"panel-grid panel-no-style\" ><div id=\"pgc-3209-0-0\"  class=\"panel-grid-cell panel-grid-cell-empty\" ><\/div><\/div><div id=\"pg-3209-1\"  class=\"panel-grid panel-no-style\" ><div id=\"pgc-3209-1-0\"  class=\"panel-grid-cell\" ><div id=\"panel-3209-1-0-0\" class=\"so-panel widget widget_sow-editor panel-first-child panel-last-child\" data-index=\"0\" ><div\n\t\t\t\n\t\t\tclass=\"so-widget-sow-editor so-widget-sow-editor-base\"\n\t\t\t\n\t\t>\n<div class=\"siteorigin-widget-tinymce textwidget\">\n\t<p><a href=\"https:\/\/d2p6e6u75xmxt8.cloudfront.net\/9\/2021\/03\/Andreas-Brettmark_530x800.jpeg\"><img loading=\"lazy\" decoding=\"async\" class=\"alignnone wp-image-3477 size-full\" src=\"https:\/\/d2p6e6u75xmxt8.cloudfront.net\/9\/2021\/03\/Andreas-Brettmark_530x800.jpeg\" alt=\"\" width=\"530\" height=\"800\" srcset=\"https:\/\/d2p6e6u75xmxt8.cloudfront.net\/9\/2021\/03\/Andreas-Brettmark_530x800.jpeg 530w, https:\/\/d2p6e6u75xmxt8.cloudfront.net\/9\/2021\/03\/Andreas-Brettmark_530x800-199x300.jpeg 199w\" sizes=\"auto, (max-width: 530px) 100vw, 530px\" \/><\/a><\/p>\n<\/div>\n<\/div><\/div><\/div><div id=\"pgc-3209-1-1\"  class=\"panel-grid-cell\" ><div id=\"panel-3209-1-1-0\" class=\"so-panel widget widget_sow-editor panel-first-child panel-last-child\" data-index=\"1\" ><div\n\t\t\t\n\t\t\tclass=\"so-widget-sow-editor so-widget-sow-editor-base\"\n\t\t\t\n\t\t>\n<div class=\"siteorigin-widget-tinymce textwidget\">\n\t<p><strong>Namn: <\/strong>Andreas Brettmark<br \/>\n<strong>Instagram:\u00a0<\/strong><a href=\"https:\/\/www.instagram.com\/brettmark\/\" target=\"_blank\" rel=\"noopener\">brettmark<\/a><br \/>\n<strong>\u00c5lder: <\/strong>31 \u00e5r<br \/>\n<strong>L\u00e4ngd:\u00a0<\/strong>Minst 177 cm<br \/>\n<strong>Bor:\u00a0<\/strong>G\u00f6teborg<br \/>\n<strong>Familj:\u00a0<\/strong>Frun Frida och dottern Rio<br \/>\n<strong>Yrke:\u00a0<\/strong>Kock<br \/>\n<strong>Vad jag borde jobba med:\u00a0<\/strong>Kock, jag \u00e4lskar att laga mat!<br \/>\n<strong>B\u00f6rjade cykla \u00e5r:\u00a0<\/strong>2013<br \/>\n<strong>\u00d6vriga intressen: <\/strong>Triathlon och ishockey<br \/>\n<strong>Inspireras av: <\/strong>Drivna m\u00e4nniskor i min omgivning, min familj och starka cyklister s\u00e5som min ambassad\u00f6r Zoltan.<\/p>\n<p><strong>Varf\u00f6r s\u00f6kte du till SKODA Cycling Team?\u00a0<\/strong>Jag vill bomba runt p\u00f6len p\u00e5 b\u00e4sta m\u00f6jliga s\u00e4tt!<\/p>\n<p><strong>Vad betyder cyklingen f\u00f6r dig? <\/strong>Den har vuxit in i mitt liv som en fantastisk tr\u00e4ningsform, socialt n\u00e4tverk och ett g\u00e4ng upplevelser, s\u00e5 ja det betyder r\u00e4tt mycket att d\u00e5 cykla!<\/p>\n<p><strong>Vilket \u00e4r ditt f\u00f6rsta intryck av din fadder\/ambassad\u00f6r<a href=\"https:\/\/www.welovecycling.com\/se\/skoda-cycling-team\/skoda-cycling-team-2021\/zoltan-darvas\/\"> Zoltan<\/a>? <\/strong>Att Zoltan har extremt v\u00e4loljade ben!<\/p>\n<p><strong>Vilken roll brukar du fylla i ett lag? <\/strong>Ofta en ledarroll. \u00c4r engagerad i teamet och kan vara den som drar en riktigt d\u00e5lig vits n\u00e4r vi har det som jobbigast.<\/p>\n<p><strong>Vilket \u00e4r ditt starkaste minne p\u00e5 cykeln?\u00a0<\/strong>En cykelresa i Spanien med tv\u00e5 goda v\u00e4nner, massor av sol, distans och h\u00f6jdmetrar!<\/p>\n<p><strong>Var dr\u00f6mmer du om att cykla n\u00e4r pandemin \u00e4r \u00f6ver?<\/strong>\u00a0Italien<\/p>\n<p><strong>Vilka \u00e4r dina styrkor som cyklist?\u00a0<\/strong>Att jag kan gneta p\u00e5 j\u00e4ttel\u00e4nge<br \/>\n<strong>...och svagheter?\u00a0<\/strong>Uppf\u00f6rsbackar\u2026<\/p>\n<p><strong>Tr\u00e4ningspass du l\u00e4ngtar till? <\/strong>L\u00e5nga h\u00e5rda distanspass till v\u00e5ren.<br \/>\n<strong>...och pass du g\u00e4rna skjuter p\u00e5? <\/strong>Sp\u00f6regn underifr\u00e5n, som det g\u00e4rna \u00e4r i G\u00f6teborg.<\/p>\n<p><strong>Hur f\u00f6rbereder du dig mentalt inf\u00f6r V\u00e4tternrundan? <\/strong>F\u00f6rs\u00f6ker t\u00e4nka p\u00e5 att ha kul, att det \u00e4r inte s\u00e5 l\u00e5ngt och att det \u00e4r det h\u00e4r jag har f\u00f6rberett mig f\u00f6r!<\/p>\n<p><strong>St\u00f6rsta r\u00e4dsla inf\u00f6r loppet?\u00a0<\/strong>Att jag eller n\u00e5gon i min n\u00e4rhet kraschar.<\/p>\n<p><strong>Hur beter du dig n\u00e4r du g\u00e5r in i v\u00e4ggen? <\/strong>Kan bli ganska tystl\u00e5ten och f\u00f6rs\u00f6ker h\u00e4nga med, \u00e4ta mycket energi f\u00f6r att komma tillbaka.<\/p>\n<p><strong>Hur firar du efter m\u00e5lg\u00e5ng? <\/strong>Champagne och godis.<\/p>\n<p><strong>Zwift eller vintercykling ute? <\/strong>50-50<br \/>\n<strong>Morgon eller kv\u00e4llspass? <\/strong>Morgon<strong><span style=\"text-decoration: line-through;\"><br \/>\n<\/span>Vo2 eller tr\u00f6skelintervaller? <\/strong>Tr\u00f6skel<strong><br \/>\nTr\u00e4na p\u00e5 k\u00e4nsla eller data? <\/strong>K\u00e4nsla<strong><br \/>\n<\/strong><strong>Fika under eller efter passet? <\/strong>Under<strong><br \/>\n<\/strong><strong>Banan eller energibar i ryggfickan? <\/strong>Maurten<strong><span style=\"text-decoration: line-through;\"><br \/>\n<\/span>Touren eller Vueltan? <\/strong>Touren <strong><br \/>\nSpurtare eller hj\u00e4lpryttare?\u00a0<\/strong>Hj\u00e4lpryttare<\/p>\n<\/div>\n<\/div><\/div><\/div><\/div><div id=\"pg-3209-2\"  class=\"panel-grid panel-no-style\" ><div id=\"pgc-3209-2-0\"  class=\"panel-grid-cell panel-grid-cell-empty\" ><\/div><\/div><\/div>","protected":false},"excerpt":{"rendered":"<p>Namn: Andreas Brettmark Instagram:\u00a0brettmark \u00c5lder: 31 \u00e5r L\u00e4ngd:\u00a0Minst 177 cm Bor:\u00a0G\u00f6teborg Familj:\u00a0Frun Frida och dottern Rio Yrke:\u00a0Kock Vad jag borde [&hellip;]<\/p>\n","protected":false},"author":135,"featured_media":0,"parent":3121,"menu_order":0,"comment_status":"closed","ping_status":"closed","template":"","meta":{"footnotes":""},"tags":[],"class_list":["post-3209","page","type-page","status-publish","hentry"],"yoast_head":"<!-- This site is optimized with the Yoast SEO Premium plugin v25.3 (Yoast SEO v25.9) - https:\/\/yoast.com\/wordpress\/plugins\/seo\/ -->\n<title>Andreas Brettmark - \u0160koda - We Love Cycling - Sweden<\/title>\n<meta name=\"robots\" content=\"index, follow, max-snippet:-1, max-image-preview:large, max-video-preview:-1\" \/>\n<link rel=\"canonical\" href=\"https:\/\/www.welovecycling.com\/se\/skoda-cycling-team\/skoda-cycling-team-2022\/andreas-brettmark\/\" \/>\n<meta property=\"og:locale\" content=\"sv_SE\" \/>\n<meta property=\"og:type\" content=\"article\" \/>\n<meta property=\"og:title\" content=\"Andreas Brettmark\" \/>\n<meta property=\"og:description\" content=\"Namn: Andreas Brettmark Instagram:\u00a0brettmark \u00c5lder: 31 \u00e5r L\u00e4ngd:\u00a0Minst 177 cm Bor:\u00a0G\u00f6teborg Familj:\u00a0Frun Frida och dottern Rio Yrke:\u00a0Kock Vad jag borde [&hellip;]\" \/>\n<meta property=\"og:url\" content=\"https:\/\/www.welovecycling.com\/se\/skoda-cycling-team\/skoda-cycling-team-2022\/andreas-brettmark\/\" \/>\n<meta property=\"og:site_name\" content=\"\u0160koda - We Love Cycling - Sweden\" \/>\n<meta property=\"article:modified_time\" content=\"2021-03-25T11:31:14+00:00\" \/>\n<meta property=\"og:image\" content=\"https:\/\/d2p6e6u75xmxt8.cloudfront.net\/9\/2021\/03\/Andreas-Brettmark_530x800.jpeg\" \/>\n<meta name=\"twitter:card\" content=\"summary_large_image\" \/>\n<meta name=\"twitter:label1\" content=\"Est. reading time\" \/>\n\t<meta name=\"twitter:data1\" content=\"2 minutes\" \/>\n<script type=\"application\/ld+json\" class=\"yoast-schema-graph\">{\"@context\":\"https:\/\/schema.org\",\"@graph\":[{\"@type\":\"WebPage\",\"@id\":\"https:\/\/www.welovecycling.com\/se\/skoda-cycling-team\/skoda-cycling-team-2022\/andreas-brettmark\/\",\"url\":\"https:\/\/www.welovecycling.com\/se\/skoda-cycling-team\/skoda-cycling-team-2022\/andreas-brettmark\/\",\"name\":\"Andreas Brettmark - \u0160koda - We Love Cycling - Sweden\",\"isPartOf\":{\"@id\":\"https:\/\/www.welovecycling.com\/se\/#website\"},\"primaryImageOfPage\":{\"@id\":\"https:\/\/www.welovecycling.com\/se\/skoda-cycling-team\/skoda-cycling-team-2022\/andreas-brettmark\/#primaryimage\"},\"image\":{\"@id\":\"https:\/\/www.welovecycling.com\/se\/skoda-cycling-team\/skoda-cycling-team-2022\/andreas-brettmark\/#primaryimage\"},\"thumbnailUrl\":\"https:\/\/d2p6e6u75xmxt8.cloudfront.net\/9\/2021\/03\/Andreas-Brettmark_530x800.jpeg\",\"datePublished\":\"2021-02-04T21:02:30+00:00\",\"dateModified\":\"2021-03-25T11:31:14+00:00\",\"breadcrumb\":{\"@id\":\"https:\/\/www.welovecycling.com\/se\/skoda-cycling-team\/skoda-cycling-team-2022\/andreas-brettmark\/#breadcrumb\"},\"inLanguage\":\"sv-SE\",\"potentialAction\":[{\"@type\":\"ReadAction\",\"target\":[\"https:\/\/www.welovecycling.com\/se\/skoda-cycling-team\/skoda-cycling-team-2022\/andreas-brettmark\/\"]}]},{\"@type\":\"ImageObject\",\"inLanguage\":\"sv-SE\",\"@id\":\"https:\/\/www.welovecycling.com\/se\/skoda-cycling-team\/skoda-cycling-team-2022\/andreas-brettmark\/#primaryimage\",\"url\":\"https:\/\/d2p6e6u75xmxt8.cloudfront.net\/9\/2021\/03\/Andreas-Brettmark_530x800.jpeg\",\"contentUrl\":\"https:\/\/d2p6e6u75xmxt8.cloudfront.net\/9\/2021\/03\/Andreas-Brettmark_530x800.jpeg\"},{\"@type\":\"BreadcrumbList\",\"@id\":\"https:\/\/www.welovecycling.com\/se\/skoda-cycling-team\/skoda-cycling-team-2022\/andreas-brettmark\/#breadcrumb\",\"itemListElement\":[{\"@type\":\"ListItem\",\"position\":1,\"name\":\"Home\",\"item\":\"https:\/\/www.welovecycling.com\/se\/\"},{\"@type\":\"ListItem\",\"position\":2,\"name\":\"\u0160koda Cycling Team\",\"item\":\"https:\/\/www.welovecycling.com\/se\/skoda-cycling-team\/\"},{\"@type\":\"ListItem\",\"position\":3,\"name\":\"\u0160koda Cycling Team 2022\",\"item\":\"https:\/\/www.welovecycling.com\/se\/skoda-cycling-team\/skoda-cycling-team-2022\/\"},{\"@type\":\"ListItem\",\"position\":4,\"name\":\"Andreas Brettmark\"}]},{\"@type\":\"WebSite\",\"@id\":\"https:\/\/www.welovecycling.com\/se\/#website\",\"url\":\"https:\/\/www.welovecycling.com\/se\/\",\"name\":\"\u0160koda - We Love Cycling - Sweden\",\"description\":\"\u0160koda We Love Cycling - Sweden\",\"potentialAction\":[{\"@type\":\"SearchAction\",\"target\":{\"@type\":\"EntryPoint\",\"urlTemplate\":\"https:\/\/www.welovecycling.com\/se\/?s={search_term_string}\"},\"query-input\":{\"@type\":\"PropertyValueSpecification\",\"valueRequired\":true,\"valueName\":\"search_term_string\"}}],\"inLanguage\":\"sv-SE\"}]}<\/script>\n<!-- \/ Yoast SEO Premium plugin. -->","yoast_head_json":{"title":"Andreas Brettmark - \u0160koda - We Love Cycling - Sweden","robots":{"index":"index","follow":"follow","max-snippet":"max-snippet:-1","max-image-preview":"max-image-preview:large","max-video-preview":"max-video-preview:-1"},"canonical":"https:\/\/www.welovecycling.com\/se\/skoda-cycling-team\/skoda-cycling-team-2022\/andreas-brettmark\/","og_locale":"sv_SE","og_type":"article","og_title":"Andreas Brettmark","og_description":"Namn: Andreas Brettmark Instagram:\u00a0brettmark \u00c5lder: 31 \u00e5r L\u00e4ngd:\u00a0Minst 177 cm Bor:\u00a0G\u00f6teborg Familj:\u00a0Frun Frida och dottern Rio Yrke:\u00a0Kock Vad jag borde [&hellip;]","og_url":"https:\/\/www.welovecycling.com\/se\/skoda-cycling-team\/skoda-cycling-team-2022\/andreas-brettmark\/","og_site_name":"\u0160koda - We Love Cycling - Sweden","article_modified_time":"2021-03-25T11:31:14+00:00","og_image":[{"url":"https:\/\/d2p6e6u75xmxt8.cloudfront.net\/9\/2021\/03\/Andreas-Brettmark_530x800.jpeg","type":"","width":"","height":""}],"twitter_card":"summary_large_image","twitter_misc":{"Est. reading time":"2 minutes"},"schema":{"@context":"https:\/\/schema.org","@graph":[{"@type":"WebPage","@id":"https:\/\/www.welovecycling.com\/se\/skoda-cycling-team\/skoda-cycling-team-2022\/andreas-brettmark\/","url":"https:\/\/www.welovecycling.com\/se\/skoda-cycling-team\/skoda-cycling-team-2022\/andreas-brettmark\/","name":"Andreas Brettmark - \u0160koda - We Love Cycling - Sweden","isPartOf":{"@id":"https:\/\/www.welovecycling.com\/se\/#website"},"primaryImageOfPage":{"@id":"https:\/\/www.welovecycling.com\/se\/skoda-cycling-team\/skoda-cycling-team-2022\/andreas-brettmark\/#primaryimage"},"image":{"@id":"https:\/\/www.welovecycling.com\/se\/skoda-cycling-team\/skoda-cycling-team-2022\/andreas-brettmark\/#primaryimage"},"thumbnailUrl":"https:\/\/d2p6e6u75xmxt8.cloudfront.net\/9\/2021\/03\/Andreas-Brettmark_530x800.jpeg","datePublished":"2021-02-04T21:02:30+00:00","dateModified":"2021-03-25T11:31:14+00:00","breadcrumb":{"@id":"https:\/\/www.welovecycling.com\/se\/skoda-cycling-team\/skoda-cycling-team-2022\/andreas-brettmark\/#breadcrumb"},"inLanguage":"sv-SE","potentialAction":[{"@type":"ReadAction","target":["https:\/\/www.welovecycling.com\/se\/skoda-cycling-team\/skoda-cycling-team-2022\/andreas-brettmark\/"]}]},{"@type":"ImageObject","inLanguage":"sv-SE","@id":"https:\/\/www.welovecycling.com\/se\/skoda-cycling-team\/skoda-cycling-team-2022\/andreas-brettmark\/#primaryimage","url":"https:\/\/d2p6e6u75xmxt8.cloudfront.net\/9\/2021\/03\/Andreas-Brettmark_530x800.jpeg","contentUrl":"https:\/\/d2p6e6u75xmxt8.cloudfront.net\/9\/2021\/03\/Andreas-Brettmark_530x800.jpeg"},{"@type":"BreadcrumbList","@id":"https:\/\/www.welovecycling.com\/se\/skoda-cycling-team\/skoda-cycling-team-2022\/andreas-brettmark\/#breadcrumb","itemListElement":[{"@type":"ListItem","position":1,"name":"Home","item":"https:\/\/www.welovecycling.com\/se\/"},{"@type":"ListItem","position":2,"name":"\u0160koda Cycling Team","item":"https:\/\/www.welovecycling.com\/se\/skoda-cycling-team\/"},{"@type":"ListItem","position":3,"name":"\u0160koda Cycling Team 2022","item":"https:\/\/www.welovecycling.com\/se\/skoda-cycling-team\/skoda-cycling-team-2022\/"},{"@type":"ListItem","position":4,"name":"Andreas Brettmark"}]},{"@type":"WebSite","@id":"https:\/\/www.welovecycling.com\/se\/#website","url":"https:\/\/www.welovecycling.com\/se\/","name":"\u0160koda - We Love Cycling - Sweden","description":"\u0160koda We Love Cycling - Sweden","potentialAction":[{"@type":"SearchAction","target":{"@type":"EntryPoint","urlTemplate":"https:\/\/www.welovecycling.com\/se\/?s={search_term_string}"},"query-input":{"@type":"PropertyValueSpecification","valueRequired":true,"valueName":"search_term_string"}}],"inLanguage":"sv-SE"}]}},"_links":{"self":[{"href":"https:\/\/www.welovecycling.com\/se\/wp-json\/wp\/v2\/pages\/3209","targetHints":{"allow":["GET"]}}],"collection":[{"href":"https:\/\/www.welovecycling.com\/se\/wp-json\/wp\/v2\/pages"}],"about":[{"href":"https:\/\/www.welovecycling.com\/se\/wp-json\/wp\/v2\/types\/page"}],"author":[{"embeddable":true,"href":"https:\/\/www.welovecycling.com\/se\/wp-json\/wp\/v2\/users\/135"}],"replies":[{"embeddable":true,"href":"https:\/\/www.welovecycling.com\/se\/wp-json\/wp\/v2\/comments?post=3209"}],"version-history":[{"count":2,"href":"https:\/\/www.welovecycling.com\/se\/wp-json\/wp\/v2\/pages\/3209\/revisions"}],"predecessor-version":[{"id":3795,"href":"https:\/\/www.welovecycling.com\/se\/wp-json\/wp\/v2\/pages\/3209\/revisions\/3795"}],"up":[{"embeddable":true,"href":"https:\/\/www.welovecycling.com\/se\/wp-json\/wp\/v2\/pages\/3121"}],"wp:attachment":[{"href":"https:\/\/www.welovecycling.com\/se\/wp-json\/wp\/v2\/media?parent=3209"}],"wp:term":[{"taxonomy":"post_tag","embeddable":true,"href":"https:\/\/www.welovecycling.com\/se\/wp-json\/wp\/v2\/tags?post=3209"}],"curies":[{"name":"wp","href":"https:\/\/api.w.org\/{rel}","templated":true}]}}