{"id":252,"date":"2018-11-12T12:01:11","date_gmt":"2018-11-12T11:01:11","guid":{"rendered":"https:\/\/www.welovecycling.com\/se\/?page_id=252"},"modified":"2018-11-12T21:02:03","modified_gmt":"2018-11-12T20:02:03","slug":"ansok","status":"publish","type":"page","link":"https:\/\/www.welovecycling.com\/se\/skoda-cycling-team\/ansok\/","title":{"rendered":"Ans\u00f6k till \u0160koda Cycling Team 2019"},"content":{"rendered":"<div id=\"pl-252\"  class=\"panel-layout\" ><div id=\"pg-252-0\"  class=\"panel-grid panel-no-style\" ><div id=\"pgc-252-0-0\"  class=\"panel-grid-cell panel-grid-cell-empty\" ><\/div><div id=\"pgc-252-0-1\"  class=\"panel-grid-cell panel-grid-cell-mobile-last\" ><div id=\"panel-252-0-1-0\" class=\"so-panel widget widget_sow-editor panel-first-child\" data-index=\"0\" ><div\n\t\t\t\n\t\t\tclass=\"so-widget-sow-editor so-widget-sow-editor-base\"\n\t\t\t\n\t\t>\n<div class=\"siteorigin-widget-tinymce textwidget\">\n\t<div class=\"embed-controller-wrapper\">\n<div class=\"embed-wrapper\"><iframe title=\"Ans\u00f6k till SKODA Cycling Team 2019\" width=\"500\" height=\"281\" data-src=\"https:\/\/www.youtube.com\/embed\/CerS4bn9Zjc?feature=oembed\" frameborder=\"0\" allow=\"accelerometer; autoplay; clipboard-write; encrypted-media; gyroscope; picture-in-picture; web-share\" referrerpolicy=\"strict-origin-when-cross-origin\" allowfullscreen><\/iframe><\/div>\n<\/div>\n<h2>\u00c4r du den vi s\u00f6ker?<\/h2>\n<p>Nu letar vi efter nya 15 cyklister, tjejer\u00a0och killar, till \u0160koda Cycling Team 2019. I teamet v\u00e4ntar redan 15\u00a0handplockade ambassad\u00f6rer tillsammans med proffstr\u00e4nare, fysiologiska\u00a0tester, utrustning i toppklass och en f\u00f6ljebil bakom klungan.\u00a0Allt\u00a0f\u00f6r att du ska cykla som ett proffs n\u00e4sta s\u00e4song och klara\u00a0V\u00e4tternrundan p\u00e5\u00a0under 8 timmar. Och ha din roligaste cykels\u00e4song\u00a0n\u00e5gonsin, f\u00f6rst\u00e5s.<\/p>\n<p><strong>Ans\u00f6kan kommer upp i ett popup-f\u00f6nster - ladda bara om sidan s\u00e5 kommer det upp igen.<\/strong><\/p>\n<p>V\u00e4lkommen med din ans\u00f6kan! Fyll bara i dina\u00a0uppgifter f\u00f6r att registrera dig, inom kort f\u00e5r du ett\u00a0mejl\u00a0med ytterligare instruktioner.\u00a0F\u00e5r du inget mejl s\u00e5 kontaktar du\u00a0<a href=\"mailto:rekrytering@skodacyclingteam.se\" target=\"_blank\" rel=\"noopener\">rekrytering@skodacyclingteam.se<\/a><\/p>\n<p><a href=\"https:\/\/www.welovecycling.com\/se\/skoda-cycling-team\/\" target=\"_blank\" rel=\"noopener\">Mer information om \u0160koda Cycling Team hittar du h\u00e4r!<\/a><\/p>\n<\/div>\n<\/div><\/div><div id=\"panel-252-0-1-1\" class=\"so-panel widget widget_sow-social-media-buttons panel-last-child\" data-index=\"1\" ><div\n\t\t\t\n\t\t\tclass=\"so-widget-sow-social-media-buttons so-widget-sow-social-media-buttons-atom-536b8d285423-252\"\n\t\t\t\n\t\t>\n<h3 class=\"widget-title\">Dela och sporra dina v\u00e4nner! <\/h3>\n<div class=\"social-media-button-container\">\n\t\n\t\t<a class=\"ow-button-hover sow-social-media-button-facebook-0 sow-social-media-button\" title=\"\u0160koda - We Love Cycling - Sweden on Facebook\" aria-label=\"\u0160koda - We Love Cycling - Sweden on Facebook\" target=\"_blank\" rel=\"noopener noreferrer\" href=\"https:\/\/www.facebook.com\/dialog\/share?href=https:\/\/www.welovecycling.com\/se\/ansok\/&#038;app_id=1061100797283762\" >\n\t\t\t<span>\n\t\t\t\t\t\t\t\t<span class=\"sow-icon-fontawesome sow-fab\" data-sow-icon=\"&#xf39e;\"\n\t\t \n\t\taria-hidden=\"true\"><\/span>\t\t\t\t\t\t\t<\/span>\n\t\t<\/a>\n\t\n\t\t<a class=\"ow-button-hover sow-social-media-button-x-twitter-0 sow-social-media-button\" title=\"\u0160koda - We Love Cycling - Sweden on X Twitter\" aria-label=\"\u0160koda - We Love Cycling - Sweden on X Twitter\" target=\"_blank\" rel=\"noopener noreferrer\" href=\"https:\/\/twitter.com\/intent\/tweet?url=https:\/\/www.welovecycling.com\/se\/skoda-cycling-team\/ansok\/&#038;text\" >\n\t\t\t<span>\n\t\t\t\t\t\t\t\t<span class=\"sow-icon-fontawesome sow-fab\" data-sow-icon=\"&#xe61b;\"\n\t\t \n\t\taria-hidden=\"true\"><\/span>\t\t\t\t\t\t\t<\/span>\n\t\t<\/a>\n\t\n\t\t<a class=\"ow-button-hover sow-social-media-button-envelope-0 sow-social-media-button\" title=\"\u0160koda - We Love Cycling - Sweden on Envelope\" aria-label=\"\u0160koda - We Love Cycling - Sweden on Envelope\" target=\"_blank\" rel=\"noopener noreferrer\" href=\"mailto:?subject=Ans\u00f6k%20till%20SKODA%20Cycling%20Team!&#038;body=Hej!%20Spana%20in%20det%20h\u00e4r,%20det%20skulle%20passa%20dig!\" >\n\t\t\t<span>\n\t\t\t\t\t\t\t\t<span class=\"sow-icon-fontawesome sow-fas\" data-sow-icon=\"&#xf0e0;\"\n\t\t \n\t\taria-hidden=\"true\"><\/span>\t\t\t\t\t\t\t<\/span>\n\t\t<\/a>\n\t<\/div>\n<\/div><\/div><\/div><div id=\"pgc-252-0-2\"  class=\"panel-grid-cell panel-grid-cell-empty\" ><\/div><\/div><\/div>","protected":false},"excerpt":{"rendered":"<p>\u00c4r du den vi s\u00f6ker? Nu letar vi efter nya 15 cyklister, tjejer\u00a0och killar, till \u0160koda Cycling Team 2019. I [&hellip;]<\/p>\n","protected":false},"author":53,"featured_media":1678,"parent":123,"menu_order":0,"comment_status":"closed","ping_status":"closed","template":"templates\/template-empty-page-headline.php","meta":{"footnotes":""},"tags":[],"class_list":["post-252","page","type-page","status-publish","has-post-thumbnail","hentry"],"yoast_head":"<!-- This site is optimized with the Yoast SEO Premium plugin v25.3 (Yoast SEO v25.9) - https:\/\/yoast.com\/wordpress\/plugins\/seo\/ -->\n<title>Ans\u00f6k till \u0160koda Cycling Team 2019 - \u0160koda - We Love Cycling - Sweden<\/title>\n<meta name=\"robots\" content=\"index, follow, max-snippet:-1, max-image-preview:large, max-video-preview:-1\" \/>\n<link rel=\"canonical\" href=\"https:\/\/www.welovecycling.com\/se\/skoda-cycling-team\/ansok\/\" \/>\n<meta property=\"og:locale\" content=\"sv_SE\" \/>\n<meta property=\"og:type\" content=\"article\" \/>\n<meta property=\"og:title\" content=\"Ans\u00f6k till \u0160koda Cycling Team 2019\" \/>\n<meta property=\"og:description\" content=\"\u00c4r du den vi s\u00f6ker? Nu letar vi efter nya 15 cyklister, tjejer\u00a0och killar, till \u0160koda Cycling Team 2019. I [&hellip;]\" \/>\n<meta property=\"og:url\" content=\"https:\/\/www.welovecycling.com\/se\/skoda-cycling-team\/ansok\/\" \/>\n<meta property=\"og:site_name\" content=\"\u0160koda - We Love Cycling - Sweden\" \/>\n<meta property=\"article:modified_time\" content=\"2018-11-12T20:02:03+00:00\" \/>\n<meta property=\"og:image\" content=\"https:\/\/d2p6e6u75xmxt8.cloudfront.net\/9\/2018\/11\/SKODA_Camp_Bike_180511__0459-1024x683.jpg\" \/>\n\t<meta property=\"og:image:width\" content=\"1024\" \/>\n\t<meta property=\"og:image:height\" content=\"683\" \/>\n\t<meta property=\"og:image:type\" content=\"image\/jpeg\" \/>\n<meta name=\"twitter:card\" content=\"summary_large_image\" \/>\n<meta name=\"twitter:label1\" content=\"Est. reading time\" \/>\n\t<meta name=\"twitter:data1\" content=\"1 minute\" \/>\n<script type=\"application\/ld+json\" class=\"yoast-schema-graph\">{\"@context\":\"https:\/\/schema.org\",\"@graph\":[{\"@type\":\"WebPage\",\"@id\":\"https:\/\/www.welovecycling.com\/se\/skoda-cycling-team\/ansok\/\",\"url\":\"https:\/\/www.welovecycling.com\/se\/skoda-cycling-team\/ansok\/\",\"name\":\"Ans\u00f6k till \u0160koda Cycling Team 2019 - \u0160koda - We Love Cycling - Sweden\",\"isPartOf\":{\"@id\":\"https:\/\/www.welovecycling.com\/se\/#website\"},\"primaryImageOfPage\":{\"@id\":\"https:\/\/www.welovecycling.com\/se\/skoda-cycling-team\/ansok\/#primaryimage\"},\"image\":{\"@id\":\"https:\/\/www.welovecycling.com\/se\/skoda-cycling-team\/ansok\/#primaryimage\"},\"thumbnailUrl\":\"https:\/\/d2p6e6u75xmxt8.cloudfront.net\/9\/2018\/11\/SKODA_Camp_Bike_180511__0459.jpg\",\"datePublished\":\"2018-11-12T11:01:11+00:00\",\"dateModified\":\"2018-11-12T20:02:03+00:00\",\"breadcrumb\":{\"@id\":\"https:\/\/www.welovecycling.com\/se\/skoda-cycling-team\/ansok\/#breadcrumb\"},\"inLanguage\":\"sv-SE\",\"potentialAction\":[{\"@type\":\"ReadAction\",\"target\":[\"https:\/\/www.welovecycling.com\/se\/skoda-cycling-team\/ansok\/\"]}]},{\"@type\":\"ImageObject\",\"inLanguage\":\"sv-SE\",\"@id\":\"https:\/\/www.welovecycling.com\/se\/skoda-cycling-team\/ansok\/#primaryimage\",\"url\":\"https:\/\/d2p6e6u75xmxt8.cloudfront.net\/9\/2018\/11\/SKODA_Camp_Bike_180511__0459.jpg\",\"contentUrl\":\"https:\/\/d2p6e6u75xmxt8.cloudfront.net\/9\/2018\/11\/SKODA_Camp_Bike_180511__0459.jpg\",\"width\":7658,\"height\":5105},{\"@type\":\"BreadcrumbList\",\"@id\":\"https:\/\/www.welovecycling.com\/se\/skoda-cycling-team\/ansok\/#breadcrumb\",\"itemListElement\":[{\"@type\":\"ListItem\",\"position\":1,\"name\":\"Home\",\"item\":\"https:\/\/www.welovecycling.com\/se\/\"},{\"@type\":\"ListItem\",\"position\":2,\"name\":\"\u0160koda Cycling Team\",\"item\":\"https:\/\/www.welovecycling.com\/se\/skoda-cycling-team\/\"},{\"@type\":\"ListItem\",\"position\":3,\"name\":\"Ans\u00f6k till \u0160koda Cycling Team 2019\"}]},{\"@type\":\"WebSite\",\"@id\":\"https:\/\/www.welovecycling.com\/se\/#website\",\"url\":\"https:\/\/www.welovecycling.com\/se\/\",\"name\":\"\u0160koda - We Love Cycling - Sweden\",\"description\":\"\u0160koda We Love Cycling - Sweden\",\"potentialAction\":[{\"@type\":\"SearchAction\",\"target\":{\"@type\":\"EntryPoint\",\"urlTemplate\":\"https:\/\/www.welovecycling.com\/se\/?s={search_term_string}\"},\"query-input\":{\"@type\":\"PropertyValueSpecification\",\"valueRequired\":true,\"valueName\":\"search_term_string\"}}],\"inLanguage\":\"sv-SE\"}]}<\/script>\n<!-- \/ Yoast SEO Premium plugin. -->","yoast_head_json":{"title":"Ans\u00f6k till \u0160koda Cycling Team 2019 - \u0160koda - We Love Cycling - Sweden","robots":{"index":"index","follow":"follow","max-snippet":"max-snippet:-1","max-image-preview":"max-image-preview:large","max-video-preview":"max-video-preview:-1"},"canonical":"https:\/\/www.welovecycling.com\/se\/skoda-cycling-team\/ansok\/","og_locale":"sv_SE","og_type":"article","og_title":"Ans\u00f6k till \u0160koda Cycling Team 2019","og_description":"\u00c4r du den vi s\u00f6ker? Nu letar vi efter nya 15 cyklister, tjejer\u00a0och killar, till \u0160koda Cycling Team 2019. I [&hellip;]","og_url":"https:\/\/www.welovecycling.com\/se\/skoda-cycling-team\/ansok\/","og_site_name":"\u0160koda - We Love Cycling - Sweden","article_modified_time":"2018-11-12T20:02:03+00:00","og_image":[{"width":1024,"height":683,"url":"https:\/\/d2p6e6u75xmxt8.cloudfront.net\/9\/2018\/11\/SKODA_Camp_Bike_180511__0459-1024x683.jpg","type":"image\/jpeg"}],"twitter_card":"summary_large_image","twitter_misc":{"Est. reading time":"1 minute"},"schema":{"@context":"https:\/\/schema.org","@graph":[{"@type":"WebPage","@id":"https:\/\/www.welovecycling.com\/se\/skoda-cycling-team\/ansok\/","url":"https:\/\/www.welovecycling.com\/se\/skoda-cycling-team\/ansok\/","name":"Ans\u00f6k till \u0160koda Cycling Team 2019 - \u0160koda - We Love Cycling - Sweden","isPartOf":{"@id":"https:\/\/www.welovecycling.com\/se\/#website"},"primaryImageOfPage":{"@id":"https:\/\/www.welovecycling.com\/se\/skoda-cycling-team\/ansok\/#primaryimage"},"image":{"@id":"https:\/\/www.welovecycling.com\/se\/skoda-cycling-team\/ansok\/#primaryimage"},"thumbnailUrl":"https:\/\/d2p6e6u75xmxt8.cloudfront.net\/9\/2018\/11\/SKODA_Camp_Bike_180511__0459.jpg","datePublished":"2018-11-12T11:01:11+00:00","dateModified":"2018-11-12T20:02:03+00:00","breadcrumb":{"@id":"https:\/\/www.welovecycling.com\/se\/skoda-cycling-team\/ansok\/#breadcrumb"},"inLanguage":"sv-SE","potentialAction":[{"@type":"ReadAction","target":["https:\/\/www.welovecycling.com\/se\/skoda-cycling-team\/ansok\/"]}]},{"@type":"ImageObject","inLanguage":"sv-SE","@id":"https:\/\/www.welovecycling.com\/se\/skoda-cycling-team\/ansok\/#primaryimage","url":"https:\/\/d2p6e6u75xmxt8.cloudfront.net\/9\/2018\/11\/SKODA_Camp_Bike_180511__0459.jpg","contentUrl":"https:\/\/d2p6e6u75xmxt8.cloudfront.net\/9\/2018\/11\/SKODA_Camp_Bike_180511__0459.jpg","width":7658,"height":5105},{"@type":"BreadcrumbList","@id":"https:\/\/www.welovecycling.com\/se\/skoda-cycling-team\/ansok\/#breadcrumb","itemListElement":[{"@type":"ListItem","position":1,"name":"Home","item":"https:\/\/www.welovecycling.com\/se\/"},{"@type":"ListItem","position":2,"name":"\u0160koda Cycling Team","item":"https:\/\/www.welovecycling.com\/se\/skoda-cycling-team\/"},{"@type":"ListItem","position":3,"name":"Ans\u00f6k till \u0160koda Cycling Team 2019"}]},{"@type":"WebSite","@id":"https:\/\/www.welovecycling.com\/se\/#website","url":"https:\/\/www.welovecycling.com\/se\/","name":"\u0160koda - We Love Cycling - Sweden","description":"\u0160koda We Love Cycling - Sweden","potentialAction":[{"@type":"SearchAction","target":{"@type":"EntryPoint","urlTemplate":"https:\/\/www.welovecycling.com\/se\/?s={search_term_string}"},"query-input":{"@type":"PropertyValueSpecification","valueRequired":true,"valueName":"search_term_string"}}],"inLanguage":"sv-SE"}]}},"_links":{"self":[{"href":"https:\/\/www.welovecycling.com\/se\/wp-json\/wp\/v2\/pages\/252","targetHints":{"allow":["GET"]}}],"collection":[{"href":"https:\/\/www.welovecycling.com\/se\/wp-json\/wp\/v2\/pages"}],"about":[{"href":"https:\/\/www.welovecycling.com\/se\/wp-json\/wp\/v2\/types\/page"}],"author":[{"embeddable":true,"href":"https:\/\/www.welovecycling.com\/se\/wp-json\/wp\/v2\/users\/53"}],"replies":[{"embeddable":true,"href":"https:\/\/www.welovecycling.com\/se\/wp-json\/wp\/v2\/comments?post=252"}],"version-history":[{"count":2,"href":"https:\/\/www.welovecycling.com\/se\/wp-json\/wp\/v2\/pages\/252\/revisions"}],"predecessor-version":[{"id":1705,"href":"https:\/\/www.welovecycling.com\/se\/wp-json\/wp\/v2\/pages\/252\/revisions\/1705"}],"up":[{"embeddable":true,"href":"https:\/\/www.welovecycling.com\/se\/wp-json\/wp\/v2\/pages\/123"}],"wp:featuredmedia":[{"embeddable":true,"href":"https:\/\/www.welovecycling.com\/se\/wp-json\/wp\/v2\/media\/1678"}],"wp:attachment":[{"href":"https:\/\/www.welovecycling.com\/se\/wp-json\/wp\/v2\/media?parent=252"}],"wp:term":[{"taxonomy":"post_tag","embeddable":true,"href":"https:\/\/www.welovecycling.com\/se\/wp-json\/wp\/v2\/tags?post=252"}],"curies":[{"name":"wp","href":"https:\/\/api.w.org\/{rel}","templated":true}]}}