{"id":23,"date":"2017-11-16T09:35:07","date_gmt":"2017-11-16T09:35:07","guid":{"rendered":"https:\/\/www.welovecycling.com\/se\/?page_id=23"},"modified":"2017-11-24T15:31:27","modified_gmt":"2017-11-24T15:31:27","slug":"villkor-for-nyhetsbrev","status":"publish","type":"page","link":"https:\/\/www.welovecycling.com\/se\/villkor-for-nyhetsbrev\/","title":{"rendered":"Villkor f\u00f6r nyhetsbrev"},"content":{"rendered":"<p>V\u00e4lkommen att bes\u00f6ka WELOVECYCLINGs hemsida p\u00e5 http:\/\/www.welovecycling.com som drivs av MUSTARD s.r.o., ID: 285 31 418, med huvudkontor i Prag 1 &#8211; Nov\u00e9 M\u011bsto, Masarykovo n\u00e1b\u0159. 246, Postnummer 110 00, Tjeckien, leverant\u00f6r till \u0160koda AUTO a.s., ID: 00177041, med huvudkontor i Mlad\u00e1 Boleslav, T\u0159. V\u00e1clav Klementa 869, Postnummer 293 60, Tjeckien (WELOVECYCLING)<\/p>\n<p>Genom att prenumerera p\u00e5 WELOVECYCLING nyhetsbrev och inbjudningar till event medger du att du l\u00e4st och f\u00f6rst\u00e5tt anv\u00e4ndarvillkoren (inklusive \u0160koda AUTO, a.s. sekretesspolicy), att du godk\u00e4nner dessa anv\u00e4ndarvillkor och godk\u00e4nner att du mottar nyhetsbrevet.<\/p>\n<p>WELOVECYCLING kan komma att \u00e4ndra dessa anv\u00e4ndarvillkor. Din prenumeration och kvitto p\u00e5 nyhetsbrevet inneb\u00e4r att du godk\u00e4nner att villkoren kan \u00e4ndras. Du kan n\u00e4r som helst ta del av anv\u00e4ndarvillkoren.<\/p>\n<h2>Hantera din prenumeration<\/h2>\n<p>Om du vill avsluta prenumerationen p\u00e5 WELOVECYCLING nyhetsbrev, v\u00e4nligen utf\u00f6r f\u00f6ljande steg:<\/p>\n<ul>\n<li>Klicka p\u00e5 Avregistrera p\u00e5 n\u00e5gon av nyhetsbrevets prenumerationssidor (WELOVECYCLING Nyhetsbrev) eller i den elektroniska kommunikationen (dvs. nyhetsbrev eller inbjudningar till event).<\/li>\n<li>Fyll i formul\u00e4ret f\u00f6r avprenumerering och bekr\u00e4fta din e-postadress.<\/li>\n<li>Klicka p\u00e5 Avregistrera<\/li>\n<\/ul>\n<h2>Sekretess<\/h2>\n<p>Personlig information om dig kan komma att samlas in f\u00f6r det prim\u00e4ra syftet att h\u00e5lla dig informerad om nytt inneh\u00e5ll, produktinformation, nyhetsbrev och inbjudan till event kopplat till WELOVECYCLING. Om du inte fyller i all beg\u00e4rd information kan det h\u00e4nda att vi inte kan maila nyhetsbrevet till dig.<\/p>\n<p>Din e-postadress vidarebefordras till en marknadsf\u00f6ringsleverant\u00f6r baserad i Europeiska unionen som ansvarar f\u00f6r all v\u00e5r nyhetsbrevskommunikation. Denna leverant\u00f6r har avtalat att f\u00f6lja European Privacy Act och vidta alla rimliga \u00e5tg\u00e4rder f\u00f6r att s\u00e4kerst\u00e4lla att din personliga information hanteras och skyddas p\u00e5 l\u00e4mpligt s\u00e4tt.<\/p>\n<p>WELOVECYCLINGs sekretesspolicy inneh\u00e5ller information om hur du kan l\u00e4mna in klagom\u00e5l om brott mot de europeiska sekretessprinciperna och hur vi ska hantera klagom\u00e5l, hur du kan beg\u00e4ra tillg\u00e5ng till personlig information om dig och \u00e4ndra den informationen.<\/p>\n<p>Du kan kontakta WELOVECYCLING p\u00e5 info@welovecycling.com.<\/p>\n<h2>Upphovsr\u00e4tt<\/h2>\n<p>Inneh\u00e5llet i WELOVECYCLINGs nyhetsbrev och all annan information, design, foto, text, ljud och audiovisuellt material, dokument och annat material som ing\u00e5r i nyhetsbrevet \u00e4r f\u00f6rem\u00e5l f\u00f6r upphovsr\u00e4ttslagar i Europeiska unionen och \u00e4gs eller kontrolleras av WELOVECYCLING eller WELOVECYCLINGs licensgivare.<\/p>\n<p>I samband med nyhetsbrevet (inklusive delar av dem) godk\u00e4nner du att du endast f\u00e5r anv\u00e4nda nyhetsbrevet f\u00f6r personligt \u00e4ndam\u00e5l och inte f\u00f6r kommersiellt bruk.<\/p>\n<p>Du f\u00e5r inte p\u00e5 annat s\u00e4tt anv\u00e4nda, kopiera, \u00e4ndra eller \u00f6verf\u00f6ra inneh\u00e5llet utan v\u00e5rt skriftliga samtycke. Obeh\u00f6rig anv\u00e4ndning \u00e4r f\u00f6rbjuden och skyddas enligt lag.<\/p>\n<h2>Ansvarsfriskrivning<\/h2>\n<p>Nyhetsbrev och dess inneh\u00e5ll tillhandah\u00e5lls endast f\u00f6r informations\u00e4ndam\u00e5l och \u00e4r inte omfattande eller r\u00e5dgivande.<\/p>\n<p>\u00c4ven om WELOVECYCLING str\u00e4var f\u00f6r att s\u00e4kerst\u00e4lla att all information i nyhetsbrevet \u00e4r korrekt och aktuell kan vi inte garantera att all information \u00e4r fullst\u00e4ndig.<br \/>\nWELOVECYCLING l\u00e4mnar inga uttalanden om inneh\u00e5llet och l\u00e4mpligheten av den information som l\u00e4mnas i nyhetsbreven (inklusive men inte begr\u00e4nsat till information i n\u00e5gra l\u00e4nkar till webbplatser).<\/p>\n<p>WELOVECYCLING garanterar inte eller ger n\u00e5gra upplysningar om exaktheten, tillf\u00f6rlitligheten, valutan eller n\u00e5gon annan aspekt av informationen i nyhetsbrevet i den utstr\u00e4ckning som lagen till\u00e5ter.<\/p>\n<p>Nyhetsbrevet kan inneh\u00e5lla l\u00e4nkar eller referenser till tredje parts webbplatser. WELOVECYCLING \u00e4r inte ansvarig f\u00f6r inneh\u00e5llet p\u00e5 dessa webbplatser och ditt intr\u00e4de till och anv\u00e4ndning av dessa webbplatser \u00e4r p\u00e5 egen risk. Eventuella l\u00e4nkar \u00e4r endast avsedda f\u00f6r enkelhetens skull, och anger inte n\u00e5got godk\u00e4nnande eller rekommendation fr\u00e5n oss.<\/p>\n<p>WELOVECYCLING garanterar inte att material som \u00e4r tillg\u00e4ngligt p\u00e5 eller via nyhetsbrevet kommer att vara fria fr\u00e5n fel, virus eller annan skadlig information. I den utstr\u00e4ckning lagen till\u00e5ter tar vi inget ansvar f\u00f6r f\u00f6rlust, skada eller skada som f\u00f6ljer av din tillg\u00e5ng till eller of\u00f6rm\u00e5ga att f\u00e5 tillg\u00e5ng till, om du mottar n\u00e5gra koder eller om du \u00e4r beroende av n\u00e5gon information fr\u00e5n eller via nyhetsbrevet.<\/p>\n<p>Nyhetsbrevet kan inneh\u00e5lla varum\u00e4rken som \u00e4r skyddade enligt lag. Du f\u00e5r inte anv\u00e4nda WELOVECYCLINGs varum\u00e4rken internationellt utan v\u00e5rt skriftliga samtycke, f\u00f6rutom att legitimt identifiera WELOVECYCLINGs produkter eller tj\u00e4nster.<\/p>\n<p>Du godk\u00e4nner att du \u00e4r ansvarig f\u00f6r att ge r\u00e4tt och korrekt information n\u00e4r du prenumererar p\u00e5 WELOVECYCLING nyhetsbrev och att eventuella fel som gjorts vid inskrivning eller tillhandah\u00e5llande av dina uppgifter kan leda till misslyckad leverans av nyhetsbrevet.<\/p>\n<p>WELOVECYCLING har r\u00e4tt att upph\u00e4va eller avbryta prenumerationen n\u00e4r som helst efter eget tycke.<\/p>\n<h2>Anv\u00e4ndarvillkor<\/h2>\n<p>Anv\u00e4ndarvillkoren styrs av Republiken Tjeckiens lagar och du \u00f6verl\u00e4mnar villkorsl\u00f6st ditt godk\u00e4nnande om att respektera Republiken Tjeckiens domstolar och lagar. \u00c4ven om tjeckiska nyhetsbrev kan distribueras eller p\u00e5 annat s\u00e4tt n\u00e5s utanf\u00f6r Tjeckien betyder det inte att inneh\u00e5llet \u00f6verensst\u00e4mmer med lagar i andra l\u00e4nder.<\/p>\n<p>Om du tar del av nyhetsbrevet utanf\u00f6r Tjeckien \u00e4r du sj\u00e4lv ansvarig f\u00f6r att f\u00f6lja dina lokala lagar och att du godk\u00e4nt nyhetsbrevets inneh\u00e5ll.<\/p>\n<h2>Lagring av uppgifter<\/h2>\n<p>Alla personuppgifter inklusive e-postadresser lagras och s\u00e4kerhetskopieras i v\u00e5r infrastruktur som hanteras i Amazon AWS europeiska datacenter.<br \/>\nVi skyddar data p\u00e5 v\u00e5ra servrar med en kombination av administrativa, fysiska och logiska s\u00e4kerhets\u00e5tg\u00e4rder. V\u00e5ra servrar skyddas av brandv\u00e4ggar, intr\u00e5ngsdetektering och virusskydd. Tillg\u00e5ng till servrar och infrastruktur beviljas endast till administrat\u00f6rer.<\/p>\n<p>Vi anv\u00e4nder standardkryptering f\u00f6r att skydda din data. Det h\u00e4r brukar kallas Transport Layer Security (TLS) eller SSL-teknik (Secure Socket Layer).<\/p>\n<p>Internetdata\u00f6verf\u00f6ringar kan dock inte garanteras vara 100% s\u00e4kra, och som ett resultat kan vi inte garantera s\u00e4kerhet vid \u00f6verf\u00f6ringen. Du godk\u00e4nner d\u00e4rf\u00f6r att du g\u00f6r det p\u00e5 egen risk.<\/p>\n<h2>Tillg\u00e5ng till uppgifter<\/h2>\n<p>Du har r\u00e4tt att:<\/p>\n<ol>\n<li>F\u00e5 veta om \u0160koda AUTO a.s. (h\u00e4danefter kallad &#8221;\u0160koda AUTO&#8221;) innehar personuppgifter som r\u00f6r dig och r\u00e4tten till tillg\u00e5ng av s\u00e5dana uppgifter.<\/li>\n<li>Kr\u00e4va att \u0160koda AUTO korrigerar eventuella uppgifter som \u00e4r felaktiga och<\/li>\n<li>f\u00e5 reda p\u00e5 \u0160koda AUTOs policy och praxis g\u00e4llande personuppgifter.<\/li>\n<\/ol>\n<p>Beg\u00e4ran om \u00e5tkomst och korrigering av information och vilken typ av information som g\u00e4ller b\u00f6r skriftligen skickas till: WELOVECYCLINGs kontor via e-post till info@welovecycling.com.<br \/>\nDu kan ocks\u00e5 beg\u00e4ra att \u0160koda AUTO eller annan namngiven partner raderar information fr\u00e5n n\u00e5gon aktiv post- eller distributionslista. F\u00f6r att g\u00f6ra detta v\u00e4nligen kontakta oss p\u00e5 \u0160koda AUTOs adress eller e-postadress, och markera ditt meddelande med \u201cConfidential\u201d.<br \/>\n\u0160koda AUTO kan vidta rimliga \u00e5tg\u00e4rder f\u00f6r att verifiera din identitet innan du ger tillg\u00e5ng till eller till\u00e5ter \u00e4ndringar av din information. I enlighet med villkoren i f\u00f6rordningen har \u0160koda AUTO r\u00e4tt att ta ut en rimlig avgift f\u00f6r behandling av eventuell beg\u00e4ran till data\u00e5tkomst.<br \/>\nDe partners som har r\u00e4tt att f\u00e5 tillg\u00e5ng till uppgifterna \u00e4r:<\/p>\n<h2>\u00c4gare av nyhetsbrevet<\/h2>\n<p>\u0160koda AUTO a.s.<br \/>\n\u200bT\u0159. V\u00e1clava Klementa 869<br \/>\n293 60 Mlad\u00e1 Boleslav<br \/>\nCzech Republic<\/p>\n","protected":false},"excerpt":{"rendered":"<p>V\u00e4lkommen att bes\u00f6ka WELOVECYCLINGs hemsida p\u00e5 http:\/\/www.welovecycling.com som drivs av MUSTARD s.r.o., ID: 285 31 418, med huvudkontor i Prag [&hellip;]<\/p>\n","protected":false},"author":1,"featured_media":0,"parent":0,"menu_order":0,"comment_status":"closed","ping_status":"closed","template":"","meta":{"footnotes":""},"tags":[],"class_list":["post-23","page","type-page","status-publish","hentry"],"yoast_head":"<!-- This site is optimized with the Yoast SEO Premium plugin v25.3 (Yoast SEO v25.9) - https:\/\/yoast.com\/wordpress\/plugins\/seo\/ -->\n<title>Villkor f\u00f6r nyhetsbrev - \u0160koda - We Love Cycling - Sweden<\/title>\n<meta name=\"robots\" content=\"index, follow, max-snippet:-1, max-image-preview:large, max-video-preview:-1\" \/>\n<link rel=\"canonical\" href=\"https:\/\/www.welovecycling.com\/se\/villkor-for-nyhetsbrev\/\" \/>\n<meta property=\"og:locale\" content=\"sv_SE\" \/>\n<meta property=\"og:type\" content=\"article\" \/>\n<meta property=\"og:title\" content=\"Villkor f\u00f6r nyhetsbrev\" \/>\n<meta property=\"og:description\" content=\"V\u00e4lkommen att bes\u00f6ka WELOVECYCLINGs hemsida p\u00e5 http:\/\/www.welovecycling.com som drivs av MUSTARD s.r.o., ID: 285 31 418, med huvudkontor i Prag [&hellip;]\" \/>\n<meta property=\"og:url\" content=\"https:\/\/www.welovecycling.com\/se\/villkor-for-nyhetsbrev\/\" \/>\n<meta property=\"og:site_name\" content=\"\u0160koda - We Love Cycling - Sweden\" \/>\n<meta property=\"article:modified_time\" content=\"2017-11-24T15:31:27+00:00\" \/>\n<meta name=\"twitter:card\" content=\"summary_large_image\" \/>\n<meta name=\"twitter:label1\" content=\"Est. reading time\" \/>\n\t<meta name=\"twitter:data1\" content=\"6 minutes\" \/>\n<script type=\"application\/ld+json\" class=\"yoast-schema-graph\">{\"@context\":\"https:\/\/schema.org\",\"@graph\":[{\"@type\":\"WebPage\",\"@id\":\"https:\/\/www.welovecycling.com\/se\/villkor-for-nyhetsbrev\/\",\"url\":\"https:\/\/www.welovecycling.com\/se\/villkor-for-nyhetsbrev\/\",\"name\":\"Villkor f\u00f6r nyhetsbrev - \u0160koda - We Love Cycling - Sweden\",\"isPartOf\":{\"@id\":\"https:\/\/www.welovecycling.com\/se\/#website\"},\"datePublished\":\"2017-11-16T09:35:07+00:00\",\"dateModified\":\"2017-11-24T15:31:27+00:00\",\"breadcrumb\":{\"@id\":\"https:\/\/www.welovecycling.com\/se\/villkor-for-nyhetsbrev\/#breadcrumb\"},\"inLanguage\":\"sv-SE\",\"potentialAction\":[{\"@type\":\"ReadAction\",\"target\":[\"https:\/\/www.welovecycling.com\/se\/villkor-for-nyhetsbrev\/\"]}]},{\"@type\":\"BreadcrumbList\",\"@id\":\"https:\/\/www.welovecycling.com\/se\/villkor-for-nyhetsbrev\/#breadcrumb\",\"itemListElement\":[{\"@type\":\"ListItem\",\"position\":1,\"name\":\"Home\",\"item\":\"https:\/\/www.welovecycling.com\/se\/\"},{\"@type\":\"ListItem\",\"position\":2,\"name\":\"Villkor f\u00f6r nyhetsbrev\"}]},{\"@type\":\"WebSite\",\"@id\":\"https:\/\/www.welovecycling.com\/se\/#website\",\"url\":\"https:\/\/www.welovecycling.com\/se\/\",\"name\":\"\u0160koda - We Love Cycling - Sweden\",\"description\":\"\u0160koda We Love Cycling - Sweden\",\"potentialAction\":[{\"@type\":\"SearchAction\",\"target\":{\"@type\":\"EntryPoint\",\"urlTemplate\":\"https:\/\/www.welovecycling.com\/se\/?s={search_term_string}\"},\"query-input\":{\"@type\":\"PropertyValueSpecification\",\"valueRequired\":true,\"valueName\":\"search_term_string\"}}],\"inLanguage\":\"sv-SE\"}]}<\/script>\n<!-- \/ Yoast SEO Premium plugin. -->","yoast_head_json":{"title":"Villkor f\u00f6r nyhetsbrev - \u0160koda - We Love Cycling - Sweden","robots":{"index":"index","follow":"follow","max-snippet":"max-snippet:-1","max-image-preview":"max-image-preview:large","max-video-preview":"max-video-preview:-1"},"canonical":"https:\/\/www.welovecycling.com\/se\/villkor-for-nyhetsbrev\/","og_locale":"sv_SE","og_type":"article","og_title":"Villkor f\u00f6r nyhetsbrev","og_description":"V\u00e4lkommen att bes\u00f6ka WELOVECYCLINGs hemsida p\u00e5 http:\/\/www.welovecycling.com som drivs av MUSTARD s.r.o., ID: 285 31 418, med huvudkontor i Prag [&hellip;]","og_url":"https:\/\/www.welovecycling.com\/se\/villkor-for-nyhetsbrev\/","og_site_name":"\u0160koda - We Love Cycling - Sweden","article_modified_time":"2017-11-24T15:31:27+00:00","twitter_card":"summary_large_image","twitter_misc":{"Est. reading time":"6 minutes"},"schema":{"@context":"https:\/\/schema.org","@graph":[{"@type":"WebPage","@id":"https:\/\/www.welovecycling.com\/se\/villkor-for-nyhetsbrev\/","url":"https:\/\/www.welovecycling.com\/se\/villkor-for-nyhetsbrev\/","name":"Villkor f\u00f6r nyhetsbrev - \u0160koda - We Love Cycling - Sweden","isPartOf":{"@id":"https:\/\/www.welovecycling.com\/se\/#website"},"datePublished":"2017-11-16T09:35:07+00:00","dateModified":"2017-11-24T15:31:27+00:00","breadcrumb":{"@id":"https:\/\/www.welovecycling.com\/se\/villkor-for-nyhetsbrev\/#breadcrumb"},"inLanguage":"sv-SE","potentialAction":[{"@type":"ReadAction","target":["https:\/\/www.welovecycling.com\/se\/villkor-for-nyhetsbrev\/"]}]},{"@type":"BreadcrumbList","@id":"https:\/\/www.welovecycling.com\/se\/villkor-for-nyhetsbrev\/#breadcrumb","itemListElement":[{"@type":"ListItem","position":1,"name":"Home","item":"https:\/\/www.welovecycling.com\/se\/"},{"@type":"ListItem","position":2,"name":"Villkor f\u00f6r nyhetsbrev"}]},{"@type":"WebSite","@id":"https:\/\/www.welovecycling.com\/se\/#website","url":"https:\/\/www.welovecycling.com\/se\/","name":"\u0160koda - We Love Cycling - Sweden","description":"\u0160koda We Love Cycling - Sweden","potentialAction":[{"@type":"SearchAction","target":{"@type":"EntryPoint","urlTemplate":"https:\/\/www.welovecycling.com\/se\/?s={search_term_string}"},"query-input":{"@type":"PropertyValueSpecification","valueRequired":true,"valueName":"search_term_string"}}],"inLanguage":"sv-SE"}]}},"_links":{"self":[{"href":"https:\/\/www.welovecycling.com\/se\/wp-json\/wp\/v2\/pages\/23","targetHints":{"allow":["GET"]}}],"collection":[{"href":"https:\/\/www.welovecycling.com\/se\/wp-json\/wp\/v2\/pages"}],"about":[{"href":"https:\/\/www.welovecycling.com\/se\/wp-json\/wp\/v2\/types\/page"}],"author":[{"embeddable":true,"href":"https:\/\/www.welovecycling.com\/se\/wp-json\/wp\/v2\/users\/1"}],"replies":[{"embeddable":true,"href":"https:\/\/www.welovecycling.com\/se\/wp-json\/wp\/v2\/comments?post=23"}],"version-history":[{"count":2,"href":"https:\/\/www.welovecycling.com\/se\/wp-json\/wp\/v2\/pages\/23\/revisions"}],"predecessor-version":[{"id":320,"href":"https:\/\/www.welovecycling.com\/se\/wp-json\/wp\/v2\/pages\/23\/revisions\/320"}],"wp:attachment":[{"href":"https:\/\/www.welovecycling.com\/se\/wp-json\/wp\/v2\/media?parent=23"}],"wp:term":[{"taxonomy":"post_tag","embeddable":true,"href":"https:\/\/www.welovecycling.com\/se\/wp-json\/wp\/v2\/tags?post=23"}],"curies":[{"name":"wp","href":"https:\/\/api.w.org\/{rel}","templated":true}]}}