{"id":2279,"date":"2019-08-29T09:56:03","date_gmt":"2019-08-29T08:56:03","guid":{"rendered":"https:\/\/www.welovecycling.com\/se\/?page_id=2279"},"modified":"2019-09-10T10:01:04","modified_gmt":"2019-09-10T09:01:04","slug":"nyhetsbrev","status":"publish","type":"page","link":"https:\/\/www.welovecycling.com\/se\/nyhetsbrev\/","title":{"rendered":"Nyhetsbrev"},"content":{"rendered":"<section class=\"newsletter-subscribe\">\n    <header>\n\n        <h3>Prenumerera p\u00e5 v\u00e5rt We\u00a0Love\u00a0Cycling-nyhetsbrev!<\/h3>    <\/header>\n        <form>\n        <input type='hidden' name='lang' value='sv_SE' \/>\n                <div class=\"ajax-response alert\"><\/div>\n        <fieldset class=\"inputs\">\n            <div class=\"input\">\n                    <input name=\"email\" class=\"email\" type=\"email\" value=\"\" placeholder=\"Fyll i din e-postadress\" \/>\n                    <button class=\"btn-wlc submit\" type=\"submit\">H\u00e4ng med!<\/button>\n            <\/div>\n                        <input class=\"title-name\" type=\"text\" name=\"titel-nme-field\" value=\"Your title and name\" required=\"required\" \/>\n                            <p class=\"terms\">\n                    Genom att skicka in formul\u00e4ret ger jag h\u00e4rmed mitt <a href='https:\/\/www.skoda-auto.se\/\u00d6vrig\/promemoria-marknadsf\u00f6ring' target='_blank'>samtycke till att mina personuppgifter<\/a> behandlas i syfte att skicka information om \u0160koda Auto:s produkter, tj\u00e4nster och marknadsunders\u00f6kningar samt information om evenemang, t\u00e4vlingar, nyheter och skicka mig festliga h\u00e4lsningar, \u00e4ven p\u00e5 grundval av hur jag anv\u00e4nder produkter och tj\u00e4nster. F\u00f6r att berika kunddata kan \u0160koda Auto ocks\u00e5 dela mina personuppgifter med tredje part, t.ex. Volkswagen Financial Services AG, din f\u00f6redragna \u00e5terf\u00f6rs\u00e4ljare och \u00e4ven den import\u00f6r som ansvarar f\u00f6r din marknad. Listan \u00f6ver tredje parter finns <a href='https:\/\/www.skoda-auto.se\/\u00d6vrig\/promemoria-marknadsf\u00f6ring' target='_blank'>h\u00e4r<\/a>. Du kan n\u00e4r som helst \u00e5terkalla ditt samtycke.&nbsp;<a href=\"https:\/\/www.welovecycling.com\/se\/registration-management\/\">Avanm\u00e4l dig<\/a>                <\/p>\n                    <\/fieldset>\n    <\/form>\n<\/section>\n\n<p><!-- Begin Mailchimp Signup Form --><\/p>\n","protected":false},"excerpt":{"rendered":"","protected":false},"author":52,"featured_media":0,"parent":0,"menu_order":0,"comment_status":"closed","ping_status":"closed","template":"","meta":{"footnotes":""},"tags":[],"class_list":["post-2279","page","type-page","status-publish","hentry"],"yoast_head":"<!-- This site is optimized with the Yoast SEO Premium plugin v25.3 (Yoast SEO v25.9) - https:\/\/yoast.com\/wordpress\/plugins\/seo\/ -->\n<title>Nyhetsbrev - \u0160koda - We Love Cycling - Sweden<\/title>\n<meta name=\"robots\" content=\"index, follow, max-snippet:-1, max-image-preview:large, max-video-preview:-1\" \/>\n<link rel=\"canonical\" href=\"https:\/\/www.welovecycling.com\/se\/nyhetsbrev\/\" \/>\n<meta property=\"og:locale\" content=\"sv_SE\" \/>\n<meta property=\"og:type\" content=\"article\" \/>\n<meta property=\"og:title\" content=\"Nyhetsbrev\" \/>\n<meta property=\"og:url\" content=\"https:\/\/www.welovecycling.com\/se\/nyhetsbrev\/\" \/>\n<meta property=\"og:site_name\" content=\"\u0160koda - We Love Cycling - Sweden\" \/>\n<meta property=\"article:modified_time\" content=\"2019-09-10T09:01:04+00:00\" \/>\n<meta name=\"twitter:card\" content=\"summary_large_image\" \/>\n<script type=\"application\/ld+json\" class=\"yoast-schema-graph\">{\"@context\":\"https:\/\/schema.org\",\"@graph\":[{\"@type\":\"WebPage\",\"@id\":\"https:\/\/www.welovecycling.com\/se\/nyhetsbrev\/\",\"url\":\"https:\/\/www.welovecycling.com\/se\/nyhetsbrev\/\",\"name\":\"Nyhetsbrev - \u0160koda - We Love Cycling - Sweden\",\"isPartOf\":{\"@id\":\"https:\/\/www.welovecycling.com\/se\/#website\"},\"datePublished\":\"2019-08-29T08:56:03+00:00\",\"dateModified\":\"2019-09-10T09:01:04+00:00\",\"breadcrumb\":{\"@id\":\"https:\/\/www.welovecycling.com\/se\/nyhetsbrev\/#breadcrumb\"},\"inLanguage\":\"sv-SE\",\"potentialAction\":[{\"@type\":\"ReadAction\",\"target\":[\"https:\/\/www.welovecycling.com\/se\/nyhetsbrev\/\"]}]},{\"@type\":\"BreadcrumbList\",\"@id\":\"https:\/\/www.welovecycling.com\/se\/nyhetsbrev\/#breadcrumb\",\"itemListElement\":[{\"@type\":\"ListItem\",\"position\":1,\"name\":\"Home\",\"item\":\"https:\/\/www.welovecycling.com\/se\/\"},{\"@type\":\"ListItem\",\"position\":2,\"name\":\"Nyhetsbrev\"}]},{\"@type\":\"WebSite\",\"@id\":\"https:\/\/www.welovecycling.com\/se\/#website\",\"url\":\"https:\/\/www.welovecycling.com\/se\/\",\"name\":\"\u0160koda - We Love Cycling - Sweden\",\"description\":\"\u0160koda We Love Cycling - Sweden\",\"potentialAction\":[{\"@type\":\"SearchAction\",\"target\":{\"@type\":\"EntryPoint\",\"urlTemplate\":\"https:\/\/www.welovecycling.com\/se\/?s={search_term_string}\"},\"query-input\":{\"@type\":\"PropertyValueSpecification\",\"valueRequired\":true,\"valueName\":\"search_term_string\"}}],\"inLanguage\":\"sv-SE\"}]}<\/script>\n<!-- \/ Yoast SEO Premium plugin. -->","yoast_head_json":{"title":"Nyhetsbrev - \u0160koda - We Love Cycling - Sweden","robots":{"index":"index","follow":"follow","max-snippet":"max-snippet:-1","max-image-preview":"max-image-preview:large","max-video-preview":"max-video-preview:-1"},"canonical":"https:\/\/www.welovecycling.com\/se\/nyhetsbrev\/","og_locale":"sv_SE","og_type":"article","og_title":"Nyhetsbrev","og_url":"https:\/\/www.welovecycling.com\/se\/nyhetsbrev\/","og_site_name":"\u0160koda - We Love Cycling - Sweden","article_modified_time":"2019-09-10T09:01:04+00:00","twitter_card":"summary_large_image","schema":{"@context":"https:\/\/schema.org","@graph":[{"@type":"WebPage","@id":"https:\/\/www.welovecycling.com\/se\/nyhetsbrev\/","url":"https:\/\/www.welovecycling.com\/se\/nyhetsbrev\/","name":"Nyhetsbrev - \u0160koda - We Love Cycling - Sweden","isPartOf":{"@id":"https:\/\/www.welovecycling.com\/se\/#website"},"datePublished":"2019-08-29T08:56:03+00:00","dateModified":"2019-09-10T09:01:04+00:00","breadcrumb":{"@id":"https:\/\/www.welovecycling.com\/se\/nyhetsbrev\/#breadcrumb"},"inLanguage":"sv-SE","potentialAction":[{"@type":"ReadAction","target":["https:\/\/www.welovecycling.com\/se\/nyhetsbrev\/"]}]},{"@type":"BreadcrumbList","@id":"https:\/\/www.welovecycling.com\/se\/nyhetsbrev\/#breadcrumb","itemListElement":[{"@type":"ListItem","position":1,"name":"Home","item":"https:\/\/www.welovecycling.com\/se\/"},{"@type":"ListItem","position":2,"name":"Nyhetsbrev"}]},{"@type":"WebSite","@id":"https:\/\/www.welovecycling.com\/se\/#website","url":"https:\/\/www.welovecycling.com\/se\/","name":"\u0160koda - We Love Cycling - Sweden","description":"\u0160koda We Love Cycling - Sweden","potentialAction":[{"@type":"SearchAction","target":{"@type":"EntryPoint","urlTemplate":"https:\/\/www.welovecycling.com\/se\/?s={search_term_string}"},"query-input":{"@type":"PropertyValueSpecification","valueRequired":true,"valueName":"search_term_string"}}],"inLanguage":"sv-SE"}]}},"_links":{"self":[{"href":"https:\/\/www.welovecycling.com\/se\/wp-json\/wp\/v2\/pages\/2279","targetHints":{"allow":["GET"]}}],"collection":[{"href":"https:\/\/www.welovecycling.com\/se\/wp-json\/wp\/v2\/pages"}],"about":[{"href":"https:\/\/www.welovecycling.com\/se\/wp-json\/wp\/v2\/types\/page"}],"author":[{"embeddable":true,"href":"https:\/\/www.welovecycling.com\/se\/wp-json\/wp\/v2\/users\/52"}],"replies":[{"embeddable":true,"href":"https:\/\/www.welovecycling.com\/se\/wp-json\/wp\/v2\/comments?post=2279"}],"version-history":[{"count":2,"href":"https:\/\/www.welovecycling.com\/se\/wp-json\/wp\/v2\/pages\/2279\/revisions"}],"predecessor-version":[{"id":2288,"href":"https:\/\/www.welovecycling.com\/se\/wp-json\/wp\/v2\/pages\/2279\/revisions\/2288"}],"wp:attachment":[{"href":"https:\/\/www.welovecycling.com\/se\/wp-json\/wp\/v2\/media?parent=2279"}],"wp:term":[{"taxonomy":"post_tag","embeddable":true,"href":"https:\/\/www.welovecycling.com\/se\/wp-json\/wp\/v2\/tags?post=2279"}],"curies":[{"name":"wp","href":"https:\/\/api.w.org\/{rel}","templated":true}]}}