{"id":2277,"date":"2019-08-29T09:43:25","date_gmt":"2019-08-29T08:43:25","guid":{"rendered":"https:\/\/www.welovecycling.com\/se\/?page_id=2277"},"modified":"2019-08-29T09:43:25","modified_gmt":"2019-08-29T08:43:25","slug":"prenumerera-pa-vart-nyhetsbrev","status":"publish","type":"page","link":"https:\/\/www.welovecycling.com\/se\/prenumerera-pa-vart-nyhetsbrev\/","title":{"rendered":"Prenumerera p\u00e5 v\u00e5rt nyhetsbrev"},"content":{"rendered":"<p>Bli f\u00f6rst med de senaste nyheterna fr\u00e5n SKODA Cycling Team och We Love Cyclings v\u00e4rld.<\/p>\n<p><!-- Begin Mailchimp Signup Form -->\n<link href=\"\/\/cdn-images.mailchimp.com\/embedcode\/classic-10_7.css\" rel=\"stylesheet\" type=\"text\/css\">\n<style type=\"text\/css\">\n\t#mc_embed_signup{background:#fff; clear:left; font:14px Helvetica,Arial,sans-serif; }\n\t\/* Add your own Mailchimp form style overrides in your site stylesheet or in this style block.\n\t   We recommend moving this block and the preceding CSS link to the HEAD of your HTML file. *\/\n<\/style>\n<style type=\"text\/css\">\n\t#mc-embedded-subscribe-form input[type=checkbox]{display: inline; width: auto;margin-right: 10px;}\n\t#mergeRow-gdpr {margin-top: 20px;}\n\t#mergeRow-gdpr fieldset label {font-weight: normal;}\n\t#mc-embedded-subscribe-form .mc_fieldset{border:none;min-height: 0px;padding-bottom:0px;}\n<\/style>\n<div id=\"mc_embed_signup\">\n<form action=\"https:\/\/welovecycling.us10.list-manage.com\/subscribe\/post?u=869c75ceec118318941b831cf&amp;id=4422542bbf\" method=\"post\" id=\"mc-embedded-subscribe-form\" name=\"mc-embedded-subscribe-form\" class=\"validate\" target=\"_blank\" novalidate>\n<div id=\"mc_embed_signup_scroll\">\n<h2>Nyhetsbrev<\/h2>\n<div class=\"indicates-required\"><span class=\"asterisk\">*<\/span> indicates required<\/div>\n<div class=\"mc-field-group\">\n\t<label for=\"mce-EMAIL\">E-postadress  <span class=\"asterisk\">*<\/span><br \/>\n<\/label><br \/>\n\t<input type=\"email\" value=\"\" name=\"EMAIL\" class=\"required email\" id=\"mce-EMAIL\">\n<\/div>\n<div class=\"mc-field-group\">\n\t<label for=\"mce-FNAME\">F\u00f6rnamn <\/label><br \/>\n\t<input type=\"text\" value=\"\" name=\"FNAME\" class=\"\" id=\"mce-FNAME\">\n<\/div>\n<div class=\"mc-field-group\">\n\t<label for=\"mce-LNAME\">Efternamn <\/label><br \/>\n\t<input type=\"text\" value=\"\" name=\"LNAME\" class=\"\" id=\"mce-LNAME\">\n<\/div>\n<div id=\"mergeRow-gdpr\" class=\"mergeRow gdpr-mergeRow content__gdprBlock mc-field-group\">\n<div class=\"content__gdpr\">\n        <label>Marknadsf\u00f6ringstillst\u00e5nd<\/label><\/p>\n<p>V\u00e4lj vad du till\u00e5ter att vi kontaktar dig om. <\/p>\n<fieldset class=\"mc_fieldset gdprRequired mc-field-group\" name=\"interestgroup_field\">\n\t\t<label class=\"checkbox subfield\" for=\"gdpr_10601\"><input type=\"checkbox\" id=\"gdpr_10601\" name=\"gdpr[10601]\" value=\"Y\" class=\"av-checkbox gdpr\"><span>Nyhetsbrev<\/span> <\/label><label class=\"checkbox subfield\" for=\"gdpr_10609\"><input type=\"checkbox\" id=\"gdpr_10609\" name=\"gdpr[10609]\" value=\"Y\" class=\"av-checkbox gdpr\"><span>Information fr\u00e5n v\u00e5ra partners<\/span> <\/label><br \/>\n        <\/fieldset>\n<p>Du kan n\u00e4rsomhelst s\u00e4ga upp din prenumeration hos oss genom att klicka p\u00e5 &#8221;avprenumerera&#8221; l\u00e4ngst ner i v\u00e5ra utskick. F\u00f6r information om v\u00e5r integritetspolicy, bes\u00f6k https:\/\/www.welovecycling.com\/se\/docs\/memorandum\/<\/p>\n<\/p><\/div>\n<div class=\"content__gdprLegal\">\n<p>We use Mailchimp as our marketing platform. By clicking below to subscribe, you acknowledge that your information will be transferred to Mailchimp for processing. <a href=\"https:\/\/mailchimp.com\/legal\/\" target=\"_blank\">Learn more about Mailchimp&#8217;s privacy practices here.<\/a><\/p>\n<\/p><\/div>\n<\/div>\n<div id=\"mce-responses\" class=\"clear\">\n<div class=\"response\" id=\"mce-error-response\" style=\"display:none\"><\/div>\n<div class=\"response\" id=\"mce-success-response\" style=\"display:none\"><\/div>\n<\/p><\/div>\n<p>    <!-- real people should not fill this in and expect good things - do not remove this or risk form bot signups--><\/p>\n<div style=\"position: absolute; left: -5000px;\" aria-hidden=\"true\"><input type=\"text\" name=\"b_869c75ceec118318941b831cf_4422542bbf\" tabindex=\"-1\" value=\"\"><\/div>\n<div class=\"clear\"><input type=\"submit\" value=\"Subscribe\" name=\"subscribe\" id=\"mc-embedded-subscribe\" class=\"button\"><\/div>\n<\/p><\/div>\n<\/form>\n<\/div>\n<p><script type='text\/javascript' src='\/\/s3.amazonaws.com\/downloads.mailchimp.com\/js\/mc-validate.js'><\/script><script type='text\/javascript'>(function($) {window.fnames = new Array(); window.ftypes = new Array();fnames[0]='EMAIL';ftypes[0]='email';fnames[1]='FNAME';ftypes[1]='text';fnames[2]='LNAME';ftypes[2]='text'; }(jQuery));var $mcj = jQuery.noConflict(true);<\/script><br \/>\n<!--End mc_embed_signup--><\/p>\n","protected":false},"excerpt":{"rendered":"<p>Bli f\u00f6rst med de senaste nyheterna fr\u00e5n SKODA Cycling Team och We Love Cyclings v\u00e4rld. Nyhetsbrev * indicates required E-postadress [&hellip;]<\/p>\n","protected":false},"author":52,"featured_media":0,"parent":0,"menu_order":0,"comment_status":"closed","ping_status":"closed","template":"","meta":{"footnotes":""},"tags":[],"class_list":["post-2277","page","type-page","status-publish","hentry"],"yoast_head":"<!-- This site is optimized with the Yoast SEO Premium plugin v25.3 (Yoast SEO v25.9) - https:\/\/yoast.com\/wordpress\/plugins\/seo\/ -->\n<title>Prenumerera p\u00e5 v\u00e5rt nyhetsbrev - \u0160koda - We Love Cycling - Sweden<\/title>\n<meta name=\"robots\" content=\"index, follow, max-snippet:-1, max-image-preview:large, max-video-preview:-1\" \/>\n<link rel=\"canonical\" href=\"https:\/\/www.welovecycling.com\/se\/prenumerera-pa-vart-nyhetsbrev\/\" \/>\n<meta property=\"og:locale\" content=\"sv_SE\" \/>\n<meta property=\"og:type\" content=\"article\" \/>\n<meta property=\"og:title\" content=\"Prenumerera p\u00e5 v\u00e5rt nyhetsbrev\" \/>\n<meta property=\"og:description\" content=\"Bli f\u00f6rst med de senaste nyheterna fr\u00e5n SKODA Cycling Team och We Love Cyclings v\u00e4rld. Nyhetsbrev * indicates required E-postadress [&hellip;]\" \/>\n<meta property=\"og:url\" content=\"https:\/\/www.welovecycling.com\/se\/prenumerera-pa-vart-nyhetsbrev\/\" \/>\n<meta property=\"og:site_name\" content=\"\u0160koda - We Love Cycling - Sweden\" \/>\n<meta name=\"twitter:card\" content=\"summary_large_image\" \/>\n<meta name=\"twitter:label1\" content=\"Est. reading time\" \/>\n\t<meta name=\"twitter:data1\" content=\"1 minute\" \/>\n<script type=\"application\/ld+json\" class=\"yoast-schema-graph\">{\"@context\":\"https:\/\/schema.org\",\"@graph\":[{\"@type\":\"WebPage\",\"@id\":\"https:\/\/www.welovecycling.com\/se\/prenumerera-pa-vart-nyhetsbrev\/\",\"url\":\"https:\/\/www.welovecycling.com\/se\/prenumerera-pa-vart-nyhetsbrev\/\",\"name\":\"Prenumerera p\u00e5 v\u00e5rt nyhetsbrev - \u0160koda - We Love Cycling - Sweden\",\"isPartOf\":{\"@id\":\"https:\/\/www.welovecycling.com\/se\/#website\"},\"datePublished\":\"2019-08-29T08:43:25+00:00\",\"breadcrumb\":{\"@id\":\"https:\/\/www.welovecycling.com\/se\/prenumerera-pa-vart-nyhetsbrev\/#breadcrumb\"},\"inLanguage\":\"sv-SE\",\"potentialAction\":[{\"@type\":\"ReadAction\",\"target\":[\"https:\/\/www.welovecycling.com\/se\/prenumerera-pa-vart-nyhetsbrev\/\"]}]},{\"@type\":\"BreadcrumbList\",\"@id\":\"https:\/\/www.welovecycling.com\/se\/prenumerera-pa-vart-nyhetsbrev\/#breadcrumb\",\"itemListElement\":[{\"@type\":\"ListItem\",\"position\":1,\"name\":\"Home\",\"item\":\"https:\/\/www.welovecycling.com\/se\/\"},{\"@type\":\"ListItem\",\"position\":2,\"name\":\"Prenumerera p\u00e5 v\u00e5rt nyhetsbrev\"}]},{\"@type\":\"WebSite\",\"@id\":\"https:\/\/www.welovecycling.com\/se\/#website\",\"url\":\"https:\/\/www.welovecycling.com\/se\/\",\"name\":\"\u0160koda - We Love Cycling - Sweden\",\"description\":\"\u0160koda We Love Cycling - Sweden\",\"potentialAction\":[{\"@type\":\"SearchAction\",\"target\":{\"@type\":\"EntryPoint\",\"urlTemplate\":\"https:\/\/www.welovecycling.com\/se\/?s={search_term_string}\"},\"query-input\":{\"@type\":\"PropertyValueSpecification\",\"valueRequired\":true,\"valueName\":\"search_term_string\"}}],\"inLanguage\":\"sv-SE\"}]}<\/script>\n<!-- \/ Yoast SEO Premium plugin. -->","yoast_head_json":{"title":"Prenumerera p\u00e5 v\u00e5rt nyhetsbrev - \u0160koda - We Love Cycling - Sweden","robots":{"index":"index","follow":"follow","max-snippet":"max-snippet:-1","max-image-preview":"max-image-preview:large","max-video-preview":"max-video-preview:-1"},"canonical":"https:\/\/www.welovecycling.com\/se\/prenumerera-pa-vart-nyhetsbrev\/","og_locale":"sv_SE","og_type":"article","og_title":"Prenumerera p\u00e5 v\u00e5rt nyhetsbrev","og_description":"Bli f\u00f6rst med de senaste nyheterna fr\u00e5n SKODA Cycling Team och We Love Cyclings v\u00e4rld. Nyhetsbrev * indicates required E-postadress [&hellip;]","og_url":"https:\/\/www.welovecycling.com\/se\/prenumerera-pa-vart-nyhetsbrev\/","og_site_name":"\u0160koda - We Love Cycling - Sweden","twitter_card":"summary_large_image","twitter_misc":{"Est. reading time":"1 minute"},"schema":{"@context":"https:\/\/schema.org","@graph":[{"@type":"WebPage","@id":"https:\/\/www.welovecycling.com\/se\/prenumerera-pa-vart-nyhetsbrev\/","url":"https:\/\/www.welovecycling.com\/se\/prenumerera-pa-vart-nyhetsbrev\/","name":"Prenumerera p\u00e5 v\u00e5rt nyhetsbrev - \u0160koda - We Love Cycling - Sweden","isPartOf":{"@id":"https:\/\/www.welovecycling.com\/se\/#website"},"datePublished":"2019-08-29T08:43:25+00:00","breadcrumb":{"@id":"https:\/\/www.welovecycling.com\/se\/prenumerera-pa-vart-nyhetsbrev\/#breadcrumb"},"inLanguage":"sv-SE","potentialAction":[{"@type":"ReadAction","target":["https:\/\/www.welovecycling.com\/se\/prenumerera-pa-vart-nyhetsbrev\/"]}]},{"@type":"BreadcrumbList","@id":"https:\/\/www.welovecycling.com\/se\/prenumerera-pa-vart-nyhetsbrev\/#breadcrumb","itemListElement":[{"@type":"ListItem","position":1,"name":"Home","item":"https:\/\/www.welovecycling.com\/se\/"},{"@type":"ListItem","position":2,"name":"Prenumerera p\u00e5 v\u00e5rt nyhetsbrev"}]},{"@type":"WebSite","@id":"https:\/\/www.welovecycling.com\/se\/#website","url":"https:\/\/www.welovecycling.com\/se\/","name":"\u0160koda - We Love Cycling - Sweden","description":"\u0160koda We Love Cycling - Sweden","potentialAction":[{"@type":"SearchAction","target":{"@type":"EntryPoint","urlTemplate":"https:\/\/www.welovecycling.com\/se\/?s={search_term_string}"},"query-input":{"@type":"PropertyValueSpecification","valueRequired":true,"valueName":"search_term_string"}}],"inLanguage":"sv-SE"}]}},"_links":{"self":[{"href":"https:\/\/www.welovecycling.com\/se\/wp-json\/wp\/v2\/pages\/2277","targetHints":{"allow":["GET"]}}],"collection":[{"href":"https:\/\/www.welovecycling.com\/se\/wp-json\/wp\/v2\/pages"}],"about":[{"href":"https:\/\/www.welovecycling.com\/se\/wp-json\/wp\/v2\/types\/page"}],"author":[{"embeddable":true,"href":"https:\/\/www.welovecycling.com\/se\/wp-json\/wp\/v2\/users\/52"}],"replies":[{"embeddable":true,"href":"https:\/\/www.welovecycling.com\/se\/wp-json\/wp\/v2\/comments?post=2277"}],"version-history":[{"count":1,"href":"https:\/\/www.welovecycling.com\/se\/wp-json\/wp\/v2\/pages\/2277\/revisions"}],"predecessor-version":[{"id":2278,"href":"https:\/\/www.welovecycling.com\/se\/wp-json\/wp\/v2\/pages\/2277\/revisions\/2278"}],"wp:attachment":[{"href":"https:\/\/www.welovecycling.com\/se\/wp-json\/wp\/v2\/media?parent=2277"}],"wp:term":[{"taxonomy":"post_tag","embeddable":true,"href":"https:\/\/www.welovecycling.com\/se\/wp-json\/wp\/v2\/tags?post=2277"}],"curies":[{"name":"wp","href":"https:\/\/api.w.org\/{rel}","templated":true}]}}