{"id":2024,"date":"2019-04-04T09:25:22","date_gmt":"2019-04-04T08:25:22","guid":{"rendered":"https:\/\/www.welovecycling.com\/se\/?page_id=2024"},"modified":"2019-04-04T09:32:49","modified_gmt":"2019-04-04T08:32:49","slug":"christian-lofstrand","status":"publish","type":"page","link":"https:\/\/www.welovecycling.com\/se\/skoda-cycling-team\/skoda-cycling-team-2019\/christian-lofstrand\/","title":{"rendered":"Christian L\u00f6fstrand"},"content":{"rendered":"<div id=\"pl-2024\"  class=\"panel-layout\" ><div id=\"pg-2024-0\"  class=\"panel-grid panel-no-style\" ><div id=\"pgc-2024-0-0\"  class=\"panel-grid-cell panel-grid-cell-empty\" ><\/div><\/div><div id=\"pg-2024-1\"  class=\"panel-grid panel-no-style\" ><div id=\"pgc-2024-1-0\"  class=\"panel-grid-cell panel-grid-cell-empty\" ><\/div><div id=\"pgc-2024-1-1\"  class=\"panel-grid-cell\" ><div id=\"panel-2024-1-1-0\" class=\"so-panel widget widget_sow-editor panel-first-child panel-last-child\" data-index=\"0\" ><div\n\t\t\t\n\t\t\tclass=\"so-widget-sow-editor so-widget-sow-editor-base\"\n\t\t\t\n\t\t>\n<div class=\"siteorigin-widget-tinymce textwidget\">\n\t<p><a href=\"https:\/\/d2p6e6u75xmxt8.cloudfront.net\/9\/2019\/03\/8.jpg\"><img loading=\"lazy\" decoding=\"async\" class=\"alignnone size-full wp-image-1853\" src=\"https:\/\/d2p6e6u75xmxt8.cloudfront.net\/9\/2019\/03\/8.jpg\" alt=\"\" width=\"530\" height=\"800\" srcset=\"https:\/\/d2p6e6u75xmxt8.cloudfront.net\/9\/2019\/03\/8.jpg 530w, https:\/\/d2p6e6u75xmxt8.cloudfront.net\/9\/2019\/03\/8-199x300.jpg 199w\" sizes=\"auto, (max-width: 530px) 100vw, 530px\" \/><\/a><\/p>\n<\/div>\n<\/div><\/div><\/div><div id=\"pgc-2024-1-2\"  class=\"panel-grid-cell panel-grid-cell-mobile-last\" ><div id=\"panel-2024-1-2-0\" class=\"so-panel widget widget_sow-editor panel-first-child panel-last-child\" data-index=\"1\" ><div\n\t\t\t\n\t\t\tclass=\"so-widget-sow-editor so-widget-sow-editor-base\"\n\t\t\t\n\t\t>\n<div class=\"siteorigin-widget-tinymce textwidget\">\n\t<h1>Christian L\u00f6fstrand<\/h1>\n<p><b>Namn:<\/b>\u00a0Christian L\u00f6fstrand<\/p>\n<p><b>\u00c5lder:<\/b>\u00a034<\/p>\n<p><b>Bor:<\/b>\u00a0G\u00f6teborg<\/p>\n<p><b>Familj:<\/b>\u00a0Sambo med Diana<\/p>\n<p><b>L\u00e4ngd:<\/b>\u00a0185<\/p>\n<p><b>Yrke:<\/b> Ekonom p\u00e5 Maurten<\/p>\n<p><b>Varf\u00f6r vill du vara ambassad\u00f6r i SKODA Cycling Team?<\/b> \u00c4r rekrytl\u00f6s i \u00e5r<\/p>\n<p><b>Vilket \u00e4r ditt f\u00f6rsta intryck av din rekryt?<\/b> \u00c4r rekrytl\u00f6s i \u00e5r<\/p>\n<p><b>Vad kommer du fr\u00e4mst l\u00e4ra din rekryt?<\/b>\u00a0\u00c4r rekrytl\u00f6s i \u00e5r<\/p>\n<p><b>Roligaste passen?<\/b> Klubbpass en varm majkv\u00e4ll<\/p>\n<p><b>V\u00e4rsta passen?\u00a0<\/b>Allt i kallt v\u00e5rregn<\/p>\n<p><b>Styrkor som cyklist?<\/b> Dragvillig, schysst sl\u00e4tdrag. bra p\u00e5 att k\u00f6ra i utsatt pace<\/p>\n<p><b>Svagheter som cyklist?<\/b> L\u00e5nga kl\u00e4ttringar<\/p>\n<p><b>Vad tar du med dig fr\u00e5n tidigare s\u00e4songer?<\/b> Lagk\u00e4nslan, samarbetet med \u00f6vriga de gamla ambassad\u00f6rerna. Vikten av att vara lyh\u00f6rd hur alla klungan m\u00e5r<\/p>\n<p><b>St\u00f6rsta r\u00e4dslan inf\u00f6r V\u00e4tternrundan?<\/b> Ryckig k\u00f6rning och regn. Det f\u00f6rstn\u00e4mnda g\u00e5r ju att p\u00e5verka =)<\/p>\n<p><b>Bulle eller wienerbr\u00f6d?\u00a0<\/b>Wienerbr\u00f6d<br \/>\n<b>Touren eller Vueltan?\u00a0<\/b>Touren<br \/>\n<b>Morgon eller kv\u00e4llspass?\u00a0<\/b>Kv\u00e4llspass<br \/>\n<b>Uppf\u00f6r eller nedf\u00f6r?<\/b>\u00a0Uppf\u00f6r<br \/>\n<b>Tub, tubl\u00f6st eller slang?\u00a0<\/b>Slang<br \/>\n<b>K\u00e4nsla eller data?<\/b> Data<br \/>\n<b>Kort och h\u00e5rt eller l\u00e5ngt och lagom?<\/b> L\u00e5ngt och h\u00e5rt =)<\/p>\n<\/div>\n<\/div><\/div><\/div><div id=\"pgc-2024-1-3\"  class=\"panel-grid-cell panel-grid-cell-empty\" ><\/div><\/div><div id=\"pg-2024-2\"  class=\"panel-grid panel-no-style\" ><div id=\"pgc-2024-2-0\"  class=\"panel-grid-cell panel-grid-cell-empty\" ><\/div><\/div><\/div>","protected":false},"excerpt":{"rendered":"<p>Christian L\u00f6fstrand Namn:\u00a0Christian L\u00f6fstrand \u00c5lder:\u00a034 Bor:\u00a0G\u00f6teborg Familj:\u00a0Sambo med Diana L\u00e4ngd:\u00a0185 Yrke: Ekonom p\u00e5 Maurten Varf\u00f6r vill du vara ambassad\u00f6r i [&hellip;]<\/p>\n","protected":false},"author":52,"featured_media":0,"parent":1815,"menu_order":0,"comment_status":"closed","ping_status":"closed","template":"templates\/template-full-width.php","meta":{"footnotes":""},"tags":[],"class_list":["post-2024","page","type-page","status-publish","hentry"],"yoast_head":"<!-- This site is optimized with the Yoast SEO Premium plugin v25.3 (Yoast SEO v25.9) - https:\/\/yoast.com\/wordpress\/plugins\/seo\/ -->\n<title>Christian L\u00f6fstrand - \u0160koda - We Love Cycling - Sweden<\/title>\n<meta name=\"robots\" content=\"index, follow, max-snippet:-1, max-image-preview:large, max-video-preview:-1\" \/>\n<link rel=\"canonical\" href=\"https:\/\/www.welovecycling.com\/se\/skoda-cycling-team\/skoda-cycling-team-2019\/christian-lofstrand\/\" \/>\n<meta property=\"og:locale\" content=\"sv_SE\" \/>\n<meta property=\"og:type\" content=\"article\" \/>\n<meta property=\"og:title\" content=\"Christian L\u00f6fstrand\" \/>\n<meta property=\"og:description\" content=\"Christian L\u00f6fstrand Namn:\u00a0Christian L\u00f6fstrand \u00c5lder:\u00a034 Bor:\u00a0G\u00f6teborg Familj:\u00a0Sambo med Diana L\u00e4ngd:\u00a0185 Yrke: Ekonom p\u00e5 Maurten Varf\u00f6r vill du vara ambassad\u00f6r i [&hellip;]\" \/>\n<meta property=\"og:url\" content=\"https:\/\/www.welovecycling.com\/se\/skoda-cycling-team\/skoda-cycling-team-2019\/christian-lofstrand\/\" \/>\n<meta property=\"og:site_name\" content=\"\u0160koda - We Love Cycling - Sweden\" \/>\n<meta property=\"article:modified_time\" content=\"2019-04-04T08:32:49+00:00\" \/>\n<meta property=\"og:image\" content=\"https:\/\/d2p6e6u75xmxt8.cloudfront.net\/9\/2019\/03\/8.jpg\" \/>\n<meta name=\"twitter:card\" content=\"summary_large_image\" \/>\n<meta name=\"twitter:label1\" content=\"Est. reading time\" \/>\n\t<meta name=\"twitter:data1\" content=\"1 minute\" \/>\n<script type=\"application\/ld+json\" class=\"yoast-schema-graph\">{\"@context\":\"https:\/\/schema.org\",\"@graph\":[{\"@type\":\"WebPage\",\"@id\":\"https:\/\/www.welovecycling.com\/se\/skoda-cycling-team\/skoda-cycling-team-2019\/christian-lofstrand\/\",\"url\":\"https:\/\/www.welovecycling.com\/se\/skoda-cycling-team\/skoda-cycling-team-2019\/christian-lofstrand\/\",\"name\":\"Christian L\u00f6fstrand - \u0160koda - We Love Cycling - Sweden\",\"isPartOf\":{\"@id\":\"https:\/\/www.welovecycling.com\/se\/#website\"},\"primaryImageOfPage\":{\"@id\":\"https:\/\/www.welovecycling.com\/se\/skoda-cycling-team\/skoda-cycling-team-2019\/christian-lofstrand\/#primaryimage\"},\"image\":{\"@id\":\"https:\/\/www.welovecycling.com\/se\/skoda-cycling-team\/skoda-cycling-team-2019\/christian-lofstrand\/#primaryimage\"},\"thumbnailUrl\":\"https:\/\/d2p6e6u75xmxt8.cloudfront.net\/9\/2019\/03\/8.jpg\",\"datePublished\":\"2019-04-04T08:25:22+00:00\",\"dateModified\":\"2019-04-04T08:32:49+00:00\",\"breadcrumb\":{\"@id\":\"https:\/\/www.welovecycling.com\/se\/skoda-cycling-team\/skoda-cycling-team-2019\/christian-lofstrand\/#breadcrumb\"},\"inLanguage\":\"sv-SE\",\"potentialAction\":[{\"@type\":\"ReadAction\",\"target\":[\"https:\/\/www.welovecycling.com\/se\/skoda-cycling-team\/skoda-cycling-team-2019\/christian-lofstrand\/\"]}]},{\"@type\":\"ImageObject\",\"inLanguage\":\"sv-SE\",\"@id\":\"https:\/\/www.welovecycling.com\/se\/skoda-cycling-team\/skoda-cycling-team-2019\/christian-lofstrand\/#primaryimage\",\"url\":\"https:\/\/d2p6e6u75xmxt8.cloudfront.net\/9\/2019\/03\/8.jpg\",\"contentUrl\":\"https:\/\/d2p6e6u75xmxt8.cloudfront.net\/9\/2019\/03\/8.jpg\"},{\"@type\":\"BreadcrumbList\",\"@id\":\"https:\/\/www.welovecycling.com\/se\/skoda-cycling-team\/skoda-cycling-team-2019\/christian-lofstrand\/#breadcrumb\",\"itemListElement\":[{\"@type\":\"ListItem\",\"position\":1,\"name\":\"Home\",\"item\":\"https:\/\/www.welovecycling.com\/se\/\"},{\"@type\":\"ListItem\",\"position\":2,\"name\":\"\u0160koda Cycling Team\",\"item\":\"https:\/\/www.welovecycling.com\/se\/skoda-cycling-team\/\"},{\"@type\":\"ListItem\",\"position\":3,\"name\":\"SKODA Cycling Team 2019\",\"item\":\"https:\/\/www.welovecycling.com\/se\/skoda-cycling-team\/skoda-cycling-team-2019\/\"},{\"@type\":\"ListItem\",\"position\":4,\"name\":\"Christian L\u00f6fstrand\"}]},{\"@type\":\"WebSite\",\"@id\":\"https:\/\/www.welovecycling.com\/se\/#website\",\"url\":\"https:\/\/www.welovecycling.com\/se\/\",\"name\":\"\u0160koda - We Love Cycling - Sweden\",\"description\":\"\u0160koda We Love Cycling - Sweden\",\"potentialAction\":[{\"@type\":\"SearchAction\",\"target\":{\"@type\":\"EntryPoint\",\"urlTemplate\":\"https:\/\/www.welovecycling.com\/se\/?s={search_term_string}\"},\"query-input\":{\"@type\":\"PropertyValueSpecification\",\"valueRequired\":true,\"valueName\":\"search_term_string\"}}],\"inLanguage\":\"sv-SE\"}]}<\/script>\n<!-- \/ Yoast SEO Premium plugin. -->","yoast_head_json":{"title":"Christian L\u00f6fstrand - \u0160koda - We Love Cycling - Sweden","robots":{"index":"index","follow":"follow","max-snippet":"max-snippet:-1","max-image-preview":"max-image-preview:large","max-video-preview":"max-video-preview:-1"},"canonical":"https:\/\/www.welovecycling.com\/se\/skoda-cycling-team\/skoda-cycling-team-2019\/christian-lofstrand\/","og_locale":"sv_SE","og_type":"article","og_title":"Christian L\u00f6fstrand","og_description":"Christian L\u00f6fstrand Namn:\u00a0Christian L\u00f6fstrand \u00c5lder:\u00a034 Bor:\u00a0G\u00f6teborg Familj:\u00a0Sambo med Diana L\u00e4ngd:\u00a0185 Yrke: Ekonom p\u00e5 Maurten Varf\u00f6r vill du vara ambassad\u00f6r i [&hellip;]","og_url":"https:\/\/www.welovecycling.com\/se\/skoda-cycling-team\/skoda-cycling-team-2019\/christian-lofstrand\/","og_site_name":"\u0160koda - We Love Cycling - Sweden","article_modified_time":"2019-04-04T08:32:49+00:00","og_image":[{"url":"https:\/\/d2p6e6u75xmxt8.cloudfront.net\/9\/2019\/03\/8.jpg","type":"","width":"","height":""}],"twitter_card":"summary_large_image","twitter_misc":{"Est. reading time":"1 minute"},"schema":{"@context":"https:\/\/schema.org","@graph":[{"@type":"WebPage","@id":"https:\/\/www.welovecycling.com\/se\/skoda-cycling-team\/skoda-cycling-team-2019\/christian-lofstrand\/","url":"https:\/\/www.welovecycling.com\/se\/skoda-cycling-team\/skoda-cycling-team-2019\/christian-lofstrand\/","name":"Christian L\u00f6fstrand - \u0160koda - We Love Cycling - Sweden","isPartOf":{"@id":"https:\/\/www.welovecycling.com\/se\/#website"},"primaryImageOfPage":{"@id":"https:\/\/www.welovecycling.com\/se\/skoda-cycling-team\/skoda-cycling-team-2019\/christian-lofstrand\/#primaryimage"},"image":{"@id":"https:\/\/www.welovecycling.com\/se\/skoda-cycling-team\/skoda-cycling-team-2019\/christian-lofstrand\/#primaryimage"},"thumbnailUrl":"https:\/\/d2p6e6u75xmxt8.cloudfront.net\/9\/2019\/03\/8.jpg","datePublished":"2019-04-04T08:25:22+00:00","dateModified":"2019-04-04T08:32:49+00:00","breadcrumb":{"@id":"https:\/\/www.welovecycling.com\/se\/skoda-cycling-team\/skoda-cycling-team-2019\/christian-lofstrand\/#breadcrumb"},"inLanguage":"sv-SE","potentialAction":[{"@type":"ReadAction","target":["https:\/\/www.welovecycling.com\/se\/skoda-cycling-team\/skoda-cycling-team-2019\/christian-lofstrand\/"]}]},{"@type":"ImageObject","inLanguage":"sv-SE","@id":"https:\/\/www.welovecycling.com\/se\/skoda-cycling-team\/skoda-cycling-team-2019\/christian-lofstrand\/#primaryimage","url":"https:\/\/d2p6e6u75xmxt8.cloudfront.net\/9\/2019\/03\/8.jpg","contentUrl":"https:\/\/d2p6e6u75xmxt8.cloudfront.net\/9\/2019\/03\/8.jpg"},{"@type":"BreadcrumbList","@id":"https:\/\/www.welovecycling.com\/se\/skoda-cycling-team\/skoda-cycling-team-2019\/christian-lofstrand\/#breadcrumb","itemListElement":[{"@type":"ListItem","position":1,"name":"Home","item":"https:\/\/www.welovecycling.com\/se\/"},{"@type":"ListItem","position":2,"name":"\u0160koda Cycling Team","item":"https:\/\/www.welovecycling.com\/se\/skoda-cycling-team\/"},{"@type":"ListItem","position":3,"name":"SKODA Cycling Team 2019","item":"https:\/\/www.welovecycling.com\/se\/skoda-cycling-team\/skoda-cycling-team-2019\/"},{"@type":"ListItem","position":4,"name":"Christian L\u00f6fstrand"}]},{"@type":"WebSite","@id":"https:\/\/www.welovecycling.com\/se\/#website","url":"https:\/\/www.welovecycling.com\/se\/","name":"\u0160koda - We Love Cycling - Sweden","description":"\u0160koda We Love Cycling - Sweden","potentialAction":[{"@type":"SearchAction","target":{"@type":"EntryPoint","urlTemplate":"https:\/\/www.welovecycling.com\/se\/?s={search_term_string}"},"query-input":{"@type":"PropertyValueSpecification","valueRequired":true,"valueName":"search_term_string"}}],"inLanguage":"sv-SE"}]}},"_links":{"self":[{"href":"https:\/\/www.welovecycling.com\/se\/wp-json\/wp\/v2\/pages\/2024","targetHints":{"allow":["GET"]}}],"collection":[{"href":"https:\/\/www.welovecycling.com\/se\/wp-json\/wp\/v2\/pages"}],"about":[{"href":"https:\/\/www.welovecycling.com\/se\/wp-json\/wp\/v2\/types\/page"}],"author":[{"embeddable":true,"href":"https:\/\/www.welovecycling.com\/se\/wp-json\/wp\/v2\/users\/52"}],"replies":[{"embeddable":true,"href":"https:\/\/www.welovecycling.com\/se\/wp-json\/wp\/v2\/comments?post=2024"}],"version-history":[{"count":2,"href":"https:\/\/www.welovecycling.com\/se\/wp-json\/wp\/v2\/pages\/2024\/revisions"}],"predecessor-version":[{"id":2027,"href":"https:\/\/www.welovecycling.com\/se\/wp-json\/wp\/v2\/pages\/2024\/revisions\/2027"}],"up":[{"embeddable":true,"href":"https:\/\/www.welovecycling.com\/se\/wp-json\/wp\/v2\/pages\/1815"}],"wp:attachment":[{"href":"https:\/\/www.welovecycling.com\/se\/wp-json\/wp\/v2\/media?parent=2024"}],"wp:term":[{"taxonomy":"post_tag","embeddable":true,"href":"https:\/\/www.welovecycling.com\/se\/wp-json\/wp\/v2\/tags?post=2024"}],"curies":[{"name":"wp","href":"https:\/\/api.w.org\/{rel}","templated":true}]}}